{"id":299016,"date":"2025-05-02T07:20:52","date_gmt":"2025-05-02T05:20:52","guid":{"rendered":"https:\/\/shopatoa.com\/ro\/dukas-manichiura-de-calatorie-din-piele-artificiala-solingen-neagra-pl808\/"},"modified":"2025-12-11T04:53:37","modified_gmt":"2025-12-11T03:53:37","slug":"dukas-manichiura-de-calatorie-din-piele-artificiala-solingen-neagra-pl808","status":"publish","type":"product","link":"https:\/\/shopatoa.com\/ro\/dukas-manichiura-de-calatorie-din-piele-artificiala-solingen-neagra-pl808\/","title":{"rendered":"DuKaS Manichiur\u0103 de c\u0103l\u0103torie din piele artificial\u0103 Solingen neagr\u0103 PL808"},"content":{"rendered":"<p>Setul de manichiur\u0103 luxos din piele sintetic\u0103 neagr\u0103 \u0219i nichel str\u0103lucitor se potrive\u0219te \u00een orice bagaj datorit\u0103 dimensiunilor sale, astfel \u00eenc\u00e2t s\u0103 v\u0103 poate \u00eenso\u021bi \u00een toate c\u0103l\u0103toriile! Garan\u021bia unei calit\u0103\u021bi excep\u021bionale este locul de produc\u021bie a instrumentelor de manichiur\u0103, care provine din ora\u0219ul german Solingen. Este renumit pentru produc\u021bia de produse din o\u021bel de top pentru manichiura si pedichiura \u0219i marca sa poate fi folosita numai de cei mai buni produc\u0103tori.<\/p>\n","protected":false},"excerpt":{"rendered":"<p>Setul de manichiur\u0103 luxos din piele sintetic\u0103 neagr\u0103 \u0219i nichel str\u0103lucitor se potrive\u0219te \u00een orice bagaj datorit\u0103 dimensiunilor sale, astfel \u00eenc\u00e2t s\u0103 v\u0103 poate \u00eenso\u021bi \u00een toate c\u0103l\u0103toriile! Garan\u021bia unei calit\u0103\u021bi excep\u021bionale este locul de produc\u021bie a instrumentelor de manichiur\u0103, care provine din ora\u0219ul german Solingen. Este renumit pentru produc\u021bia de produse din o\u021bel de&#8230;<\/p>\n","protected":false},"featured_media":299018,"comment_status":"closed","ping_status":"open","template":"","meta":{"_acf_changed":false,"_kadence_starter_templates_imported_post":false,"_kad_post_transparent":"","_kad_post_title":"","_kad_post_layout":"","_kad_post_sidebar_id":"","_kad_post_content_style":"","_kad_post_vertical_padding":"","_kad_post_feature":"","_kad_post_feature_position":"","_kad_post_header":false,"_kad_post_footer":false,"_kad_post_classname":""},"product_brand":[252],"product_cat":[246,697,698,611],"product_tag":[],"class_list":{"0":"post-299016","1":"product","2":"type-product","3":"status-publish","4":"has-post-thumbnail","6":"product_brand-dukas","7":"product_cat-cosmetice","8":"product_cat-manichiura-si-pedichiura","9":"product_cat-manichiuri","10":"product_cat-produse-cosmetice-pentru-corp","12":"first","13":"instock","14":"product-type-external","15":"entry","16":"content-bg","17":"loop-entry"},"acf":[],"yoast_head":"<!-- This site is optimized with the Yoast SEO plugin v27.4 - https:\/\/yoast.com\/product\/yoast-seo-wordpress\/ -->\n<title>DuKaS Manichiur\u0103 de c\u0103l\u0103torie din piele artificial\u0103 Solingen neagr\u0103 PL808 - SHOPATOA.COM<\/title>\n<meta name=\"robots\" content=\"index, follow, max-snippet:-1, max-image-preview:large, max-video-preview:-1\" \/>\n<link rel=\"canonical\" href=\"https:\/\/shopatoa.com\/ro\/dukas-manichiura-de-calatorie-din-piele-artificiala-solingen-neagra-pl808\/\" \/>\n<meta property=\"og:locale\" content=\"ro_RO\" \/>\n<meta property=\"og:type\" content=\"article\" \/>\n<meta property=\"og:title\" content=\"DuKaS Manichiur\u0103 de c\u0103l\u0103torie din piele artificial\u0103 Solingen neagr\u0103 PL808 - SHOPATOA.COM\" \/>\n<meta property=\"og:description\" content=\"Setul de manichiur\u0103 luxos din piele sintetic\u0103 neagr\u0103 \u0219i nichel str\u0103lucitor se potrive\u0219te \u00een orice bagaj datorit\u0103 dimensiunilor sale, astfel \u00eenc\u00e2t s\u0103 v\u0103 poate \u00eenso\u021bi \u00een toate c\u0103l\u0103toriile! Garan\u021bia unei calit\u0103\u021bi excep\u021bionale este locul de produc\u021bie a instrumentelor de manichiur\u0103, care provine din ora\u0219ul german Solingen. Este renumit pentru produc\u021bia de produse din o\u021bel de...\" \/>\n<meta property=\"og:url\" content=\"https:\/\/shopatoa.com\/ro\/dukas-manichiura-de-calatorie-din-piele-artificiala-solingen-neagra-pl808\/\" \/>\n<meta property=\"og:site_name\" content=\"SHOPATOA\" \/>\n<meta property=\"article:modified_time\" content=\"2025-12-11T03:53:37+00:00\" \/>\n<meta property=\"og:image\" content=\"https:\/\/storage.googleapis.com\/cz-shopatoa-img\/ro\/c37c5c5d-unnamed-file.webp\" \/>\n\t<meta property=\"og:image:width\" content=\"800\" \/>\n\t<meta property=\"og:image:height\" content=\"800\" \/>\n\t<meta property=\"og:image:type\" content=\"image\/webp\" \/>\n<meta name=\"twitter:card\" content=\"summary_large_image\" \/>\n<script type=\"application\/ld+json\" class=\"yoast-schema-graph\">{\"@context\":\"https:\\\/\\\/schema.org\",\"@graph\":[{\"@type\":\"WebPage\",\"@id\":\"https:\\\/\\\/shopatoa.com\\\/ro\\\/dukas-manichiura-de-calatorie-din-piele-artificiala-solingen-neagra-pl808\\\/\",\"url\":\"https:\\\/\\\/shopatoa.com\\\/ro\\\/dukas-manichiura-de-calatorie-din-piele-artificiala-solingen-neagra-pl808\\\/\",\"name\":\"DuKaS Manichiur\u0103 de c\u0103l\u0103torie din piele artificial\u0103 Solingen neagr\u0103 PL808 - SHOPATOA.COM\",\"isPartOf\":{\"@id\":\"https:\\\/\\\/shopatoa.com\\\/ro\\\/#website\"},\"primaryImageOfPage\":{\"@id\":\"https:\\\/\\\/shopatoa.com\\\/ro\\\/dukas-manichiura-de-calatorie-din-piele-artificiala-solingen-neagra-pl808\\\/#primaryimage\"},\"image\":{\"@id\":\"https:\\\/\\\/shopatoa.com\\\/ro\\\/dukas-manichiura-de-calatorie-din-piele-artificiala-solingen-neagra-pl808\\\/#primaryimage\"},\"thumbnailUrl\":\"https:\\\/\\\/storage.googleapis.com\\\/cz-shopatoa-img\\\/ro\\\/c37c5c5d-unnamed-file.webp\",\"datePublished\":\"2025-05-02T05:20:52+00:00\",\"dateModified\":\"2025-12-11T03:53:37+00:00\",\"breadcrumb\":{\"@id\":\"https:\\\/\\\/shopatoa.com\\\/ro\\\/dukas-manichiura-de-calatorie-din-piele-artificiala-solingen-neagra-pl808\\\/#breadcrumb\"},\"inLanguage\":\"ro-RO\",\"potentialAction\":[{\"@type\":\"ReadAction\",\"target\":[\"https:\\\/\\\/shopatoa.com\\\/ro\\\/dukas-manichiura-de-calatorie-din-piele-artificiala-solingen-neagra-pl808\\\/\"]}]},{\"@type\":\"ImageObject\",\"inLanguage\":\"ro-RO\",\"@id\":\"https:\\\/\\\/shopatoa.com\\\/ro\\\/dukas-manichiura-de-calatorie-din-piele-artificiala-solingen-neagra-pl808\\\/#primaryimage\",\"url\":\"https:\\\/\\\/storage.googleapis.com\\\/cz-shopatoa-img\\\/ro\\\/c37c5c5d-unnamed-file.webp\",\"contentUrl\":\"https:\\\/\\\/storage.googleapis.com\\\/cz-shopatoa-img\\\/ro\\\/c37c5c5d-unnamed-file.webp\",\"width\":800,\"height\":800},{\"@type\":\"BreadcrumbList\",\"@id\":\"https:\\\/\\\/shopatoa.com\\\/ro\\\/dukas-manichiura-de-calatorie-din-piele-artificiala-solingen-neagra-pl808\\\/#breadcrumb\",\"itemListElement\":[{\"@type\":\"ListItem\",\"position\":1,\"name\":\"Dom\u016f\",\"item\":\"https:\\\/\\\/shopatoa.com\\\/ro\\\/\"},{\"@type\":\"ListItem\",\"position\":2,\"name\":\"Shop\",\"item\":\"https:\\\/\\\/shopatoa.com\\\/ro\\\/shop\\\/\"},{\"@type\":\"ListItem\",\"position\":3,\"name\":\"Cosmetice\",\"item\":\"https:\\\/\\\/shopatoa.com\\\/ro\\\/cosmetice\\\/\"},{\"@type\":\"ListItem\",\"position\":4,\"name\":\"Produse cosmetice pentru corp\",\"item\":\"https:\\\/\\\/shopatoa.com\\\/ro\\\/produse-cosmetice-pentru-corp\\\/\"},{\"@type\":\"ListItem\",\"position\":5,\"name\":\"Manichiura si pedichiura\",\"item\":\"https:\\\/\\\/shopatoa.com\\\/ro\\\/manichiura-si-pedichiura\\\/\"},{\"@type\":\"ListItem\",\"position\":6,\"name\":\"Manichiuri\",\"item\":\"https:\\\/\\\/shopatoa.com\\\/ro\\\/manichiuri\\\/\"},{\"@type\":\"ListItem\",\"position\":7,\"name\":\"DuKaS Manichiur\u0103 de c\u0103l\u0103torie din piele artificial\u0103 Solingen neagr\u0103 PL808\"}]},{\"@type\":\"WebSite\",\"@id\":\"https:\\\/\\\/shopatoa.com\\\/ro\\\/#website\",\"url\":\"https:\\\/\\\/shopatoa.com\\\/ro\\\/\",\"name\":\"SHOPATOA\",\"description\":\"\",\"publisher\":{\"@id\":\"https:\\\/\\\/shopatoa.com\\\/ro\\\/#organization\"},\"potentialAction\":[{\"@type\":\"SearchAction\",\"target\":{\"@type\":\"EntryPoint\",\"urlTemplate\":\"https:\\\/\\\/shopatoa.com\\\/ro\\\/?s={search_term_string}\"},\"query-input\":{\"@type\":\"PropertyValueSpecification\",\"valueRequired\":true,\"valueName\":\"search_term_string\"}}],\"inLanguage\":\"ro-RO\"},{\"@type\":\"Organization\",\"@id\":\"https:\\\/\\\/shopatoa.com\\\/ro\\\/#organization\",\"name\":\"SHOPATOA\",\"url\":\"https:\\\/\\\/shopatoa.com\\\/ro\\\/\",\"logo\":{\"@type\":\"ImageObject\",\"inLanguage\":\"ro-RO\",\"@id\":\"https:\\\/\\\/shopatoa.com\\\/ro\\\/#\\\/schema\\\/logo\\\/image\\\/\",\"url\":\"https:\\\/\\\/storage.googleapis.com\\\/cz-shopatoa-img\\\/ro\\\/b4dac915-shopatoa_logo.png\",\"contentUrl\":\"https:\\\/\\\/storage.googleapis.com\\\/cz-shopatoa-img\\\/ro\\\/b4dac915-shopatoa_logo.png\",\"width\":416,\"height\":63,\"caption\":\"SHOPATOA\"},\"image\":{\"@id\":\"https:\\\/\\\/shopatoa.com\\\/ro\\\/#\\\/schema\\\/logo\\\/image\\\/\"}}]}<\/script>\n<!-- \/ Yoast SEO plugin. -->","yoast_head_json":{"title":"DuKaS Manichiur\u0103 de c\u0103l\u0103torie din piele artificial\u0103 Solingen neagr\u0103 PL808 - SHOPATOA.COM","robots":{"index":"index","follow":"follow","max-snippet":"max-snippet:-1","max-image-preview":"max-image-preview:large","max-video-preview":"max-video-preview:-1"},"canonical":"https:\/\/shopatoa.com\/ro\/dukas-manichiura-de-calatorie-din-piele-artificiala-solingen-neagra-pl808\/","og_locale":"ro_RO","og_type":"article","og_title":"DuKaS Manichiur\u0103 de c\u0103l\u0103torie din piele artificial\u0103 Solingen neagr\u0103 PL808 - SHOPATOA.COM","og_description":"Setul de manichiur\u0103 luxos din piele sintetic\u0103 neagr\u0103 \u0219i nichel str\u0103lucitor se potrive\u0219te \u00een orice bagaj datorit\u0103 dimensiunilor sale, astfel \u00eenc\u00e2t s\u0103 v\u0103 poate \u00eenso\u021bi \u00een toate c\u0103l\u0103toriile! Garan\u021bia unei calit\u0103\u021bi excep\u021bionale este locul de produc\u021bie a instrumentelor de manichiur\u0103, care provine din ora\u0219ul german Solingen. Este renumit pentru produc\u021bia de produse din o\u021bel de...","og_url":"https:\/\/shopatoa.com\/ro\/dukas-manichiura-de-calatorie-din-piele-artificiala-solingen-neagra-pl808\/","og_site_name":"SHOPATOA","article_modified_time":"2025-12-11T03:53:37+00:00","og_image":[{"width":800,"height":800,"url":"https:\/\/storage.googleapis.com\/cz-shopatoa-img\/ro\/c37c5c5d-unnamed-file.webp","type":"image\/webp"}],"twitter_card":"summary_large_image","schema":{"@context":"https:\/\/schema.org","@graph":[{"@type":"WebPage","@id":"https:\/\/shopatoa.com\/ro\/dukas-manichiura-de-calatorie-din-piele-artificiala-solingen-neagra-pl808\/","url":"https:\/\/shopatoa.com\/ro\/dukas-manichiura-de-calatorie-din-piele-artificiala-solingen-neagra-pl808\/","name":"DuKaS Manichiur\u0103 de c\u0103l\u0103torie din piele artificial\u0103 Solingen neagr\u0103 PL808 - SHOPATOA.COM","isPartOf":{"@id":"https:\/\/shopatoa.com\/ro\/#website"},"primaryImageOfPage":{"@id":"https:\/\/shopatoa.com\/ro\/dukas-manichiura-de-calatorie-din-piele-artificiala-solingen-neagra-pl808\/#primaryimage"},"image":{"@id":"https:\/\/shopatoa.com\/ro\/dukas-manichiura-de-calatorie-din-piele-artificiala-solingen-neagra-pl808\/#primaryimage"},"thumbnailUrl":"https:\/\/storage.googleapis.com\/cz-shopatoa-img\/ro\/c37c5c5d-unnamed-file.webp","datePublished":"2025-05-02T05:20:52+00:00","dateModified":"2025-12-11T03:53:37+00:00","breadcrumb":{"@id":"https:\/\/shopatoa.com\/ro\/dukas-manichiura-de-calatorie-din-piele-artificiala-solingen-neagra-pl808\/#breadcrumb"},"inLanguage":"ro-RO","potentialAction":[{"@type":"ReadAction","target":["https:\/\/shopatoa.com\/ro\/dukas-manichiura-de-calatorie-din-piele-artificiala-solingen-neagra-pl808\/"]}]},{"@type":"ImageObject","inLanguage":"ro-RO","@id":"https:\/\/shopatoa.com\/ro\/dukas-manichiura-de-calatorie-din-piele-artificiala-solingen-neagra-pl808\/#primaryimage","url":"https:\/\/storage.googleapis.com\/cz-shopatoa-img\/ro\/c37c5c5d-unnamed-file.webp","contentUrl":"https:\/\/storage.googleapis.com\/cz-shopatoa-img\/ro\/c37c5c5d-unnamed-file.webp","width":800,"height":800},{"@type":"BreadcrumbList","@id":"https:\/\/shopatoa.com\/ro\/dukas-manichiura-de-calatorie-din-piele-artificiala-solingen-neagra-pl808\/#breadcrumb","itemListElement":[{"@type":"ListItem","position":1,"name":"Dom\u016f","item":"https:\/\/shopatoa.com\/ro\/"},{"@type":"ListItem","position":2,"name":"Shop","item":"https:\/\/shopatoa.com\/ro\/shop\/"},{"@type":"ListItem","position":3,"name":"Cosmetice","item":"https:\/\/shopatoa.com\/ro\/cosmetice\/"},{"@type":"ListItem","position":4,"name":"Produse cosmetice pentru corp","item":"https:\/\/shopatoa.com\/ro\/produse-cosmetice-pentru-corp\/"},{"@type":"ListItem","position":5,"name":"Manichiura si pedichiura","item":"https:\/\/shopatoa.com\/ro\/manichiura-si-pedichiura\/"},{"@type":"ListItem","position":6,"name":"Manichiuri","item":"https:\/\/shopatoa.com\/ro\/manichiuri\/"},{"@type":"ListItem","position":7,"name":"DuKaS Manichiur\u0103 de c\u0103l\u0103torie din piele artificial\u0103 Solingen neagr\u0103 PL808"}]},{"@type":"WebSite","@id":"https:\/\/shopatoa.com\/ro\/#website","url":"https:\/\/shopatoa.com\/ro\/","name":"SHOPATOA","description":"","publisher":{"@id":"https:\/\/shopatoa.com\/ro\/#organization"},"potentialAction":[{"@type":"SearchAction","target":{"@type":"EntryPoint","urlTemplate":"https:\/\/shopatoa.com\/ro\/?s={search_term_string}"},"query-input":{"@type":"PropertyValueSpecification","valueRequired":true,"valueName":"search_term_string"}}],"inLanguage":"ro-RO"},{"@type":"Organization","@id":"https:\/\/shopatoa.com\/ro\/#organization","name":"SHOPATOA","url":"https:\/\/shopatoa.com\/ro\/","logo":{"@type":"ImageObject","inLanguage":"ro-RO","@id":"https:\/\/shopatoa.com\/ro\/#\/schema\/logo\/image\/","url":"https:\/\/storage.googleapis.com\/cz-shopatoa-img\/ro\/b4dac915-shopatoa_logo.png","contentUrl":"https:\/\/storage.googleapis.com\/cz-shopatoa-img\/ro\/b4dac915-shopatoa_logo.png","width":416,"height":63,"caption":"SHOPATOA"},"image":{"@id":"https:\/\/shopatoa.com\/ro\/#\/schema\/logo\/image\/"}}]}},"_links":{"self":[{"href":"https:\/\/shopatoa.com\/ro\/wp-json\/wp\/v2\/product\/299016","targetHints":{"allow":["GET"]}}],"collection":[{"href":"https:\/\/shopatoa.com\/ro\/wp-json\/wp\/v2\/product"}],"about":[{"href":"https:\/\/shopatoa.com\/ro\/wp-json\/wp\/v2\/types\/product"}],"replies":[{"embeddable":true,"href":"https:\/\/shopatoa.com\/ro\/wp-json\/wp\/v2\/comments?post=299016"}],"wp:featuredmedia":[{"embeddable":true,"href":"https:\/\/shopatoa.com\/ro\/wp-json\/wp\/v2\/media\/299018"}],"wp:attachment":[{"href":"https:\/\/shopatoa.com\/ro\/wp-json\/wp\/v2\/media?parent=299016"}],"wp:term":[{"taxonomy":"product_brand","embeddable":true,"href":"https:\/\/shopatoa.com\/ro\/wp-json\/wp\/v2\/product_brand?post=299016"},{"taxonomy":"product_cat","embeddable":true,"href":"https:\/\/shopatoa.com\/ro\/wp-json\/wp\/v2\/product_cat?post=299016"},{"taxonomy":"product_tag","embeddable":true,"href":"https:\/\/shopatoa.com\/ro\/wp-json\/wp\/v2\/product_tag?post=299016"}],"curies":[{"name":"wp","href":"https:\/\/api.w.org\/{rel}","templated":true}]}}