{"id":299039,"date":"2025-05-02T07:25:11","date_gmt":"2025-05-02T05:25:11","guid":{"rendered":"https:\/\/shopatoa.com\/ro\/babyliss-pro-placa-de-par-babyliss-pro-titanium-ionic-neagra\/"},"modified":"2025-09-28T21:40:14","modified_gmt":"2025-09-28T19:40:14","slug":"babyliss-pro-placa-de-par-babyliss-pro-titanium-ionic-neagra","status":"publish","type":"product","link":"https:\/\/shopatoa.com\/ro\/babyliss-pro-placa-de-par-babyliss-pro-titanium-ionic-neagra\/","title":{"rendered":"BaByliss PRO Plac\u0103 de p\u0103r BaByliss Pro Titanium-Ionic neagr\u0103"},"content":{"rendered":"<p>Aceast\u0103 plac\u0103 este datorit\u0103 suprafe\u021bei sale de titan potrivit\u0103 pentru \u00eendreptare perfect\u0103,\u0219i c\u0103lcare cheratinei tehnice. Pl\u0103cile de titan men\u021bin temperatura stabila, sunt rezistente la substan\u021be chimice, datorit\u0103 suprafe\u021bei netede ofer\u0103 p\u0103rului un finisaj lucios. Tehnologia ionizant\u0103 las\u0103 p\u0103rul f\u0103r\u0103 electricitate static\u0103 \u0219i catifelat,moale. Temperatura reglabil\u0103 de la 150 \u00b0 C la 230 \u00b0 poate fi utilizat\u0103 pentru toate tipurile de p\u0103r, de la fin pan\u0103 la p\u0103rul indisciplinat. O parte a pl\u0103cii este capacul rezistent la c\u0103ldura.<\/p>\n","protected":false},"excerpt":{"rendered":"<p>Aceast\u0103 plac\u0103 este datorit\u0103 suprafe\u021bei sale de titan potrivit\u0103 pentru \u00eendreptare perfect\u0103,\u0219i c\u0103lcare cheratinei tehnice. Pl\u0103cile de titan men\u021bin temperatura stabila, sunt rezistente la substan\u021be chimice, datorit\u0103 suprafe\u021bei netede ofer\u0103 p\u0103rului un finisaj lucios. Tehnologia ionizant\u0103 las\u0103 p\u0103rul f\u0103r\u0103 electricitate static\u0103 \u0219i catifelat,moale. Temperatura reglabil\u0103 de la 150 \u00b0 C la 230 \u00b0 poate fi&#8230;<\/p>\n","protected":false},"featured_media":299041,"comment_status":"closed","ping_status":"open","template":"","meta":{"_acf_changed":false,"_kadence_starter_templates_imported_post":false,"_kad_post_transparent":"","_kad_post_title":"","_kad_post_layout":"","_kad_post_sidebar_id":"","_kad_post_content_style":"","_kad_post_vertical_padding":"","_kad_post_feature":"","_kad_post_feature_position":"","_kad_post_header":false,"_kad_post_footer":false,"_kad_post_classname":""},"product_brand":[412],"product_cat":[246,727,623,624],"product_tag":[],"class_list":{"0":"post-299039","1":"product","2":"type-product","3":"status-publish","4":"has-post-thumbnail","6":"product_brand-babyliss-pro","7":"product_cat-cosmetice","8":"product_cat-placa-pentru-par","9":"product_cat-produse-cosmetice-pentru-par","10":"product_cat-produse-aparate-si-accesorii-pentru-par","12":"first","13":"instock","14":"sale","15":"product-type-external","16":"entry","17":"content-bg","18":"loop-entry"},"acf":[],"yoast_head":"<!-- This site is optimized with the Yoast SEO plugin v27.4 - https:\/\/yoast.com\/product\/yoast-seo-wordpress\/ -->\n<title>BaByliss PRO Plac\u0103 de p\u0103r BaByliss Pro Titanium-Ionic neagr\u0103 - SHOPATOA.COM<\/title>\n<meta name=\"robots\" content=\"index, follow, max-snippet:-1, max-image-preview:large, max-video-preview:-1\" \/>\n<link rel=\"canonical\" href=\"https:\/\/shopatoa.com\/ro\/babyliss-pro-placa-de-par-babyliss-pro-titanium-ionic-neagra\/\" \/>\n<meta property=\"og:locale\" content=\"ro_RO\" \/>\n<meta property=\"og:type\" content=\"article\" \/>\n<meta property=\"og:title\" content=\"BaByliss PRO Plac\u0103 de p\u0103r BaByliss Pro Titanium-Ionic neagr\u0103 - SHOPATOA.COM\" \/>\n<meta property=\"og:description\" content=\"Aceast\u0103 plac\u0103 este datorit\u0103 suprafe\u021bei sale de titan potrivit\u0103 pentru \u00eendreptare perfect\u0103,\u0219i c\u0103lcare cheratinei tehnice. Pl\u0103cile de titan men\u021bin temperatura stabila, sunt rezistente la substan\u021be chimice, datorit\u0103 suprafe\u021bei netede ofer\u0103 p\u0103rului un finisaj lucios. Tehnologia ionizant\u0103 las\u0103 p\u0103rul f\u0103r\u0103 electricitate static\u0103 \u0219i catifelat,moale. Temperatura reglabil\u0103 de la 150 \u00b0 C la 230 \u00b0 poate fi...\" \/>\n<meta property=\"og:url\" content=\"https:\/\/shopatoa.com\/ro\/babyliss-pro-placa-de-par-babyliss-pro-titanium-ionic-neagra\/\" \/>\n<meta property=\"og:site_name\" content=\"SHOPATOA\" \/>\n<meta property=\"article:modified_time\" content=\"2025-09-28T19:40:14+00:00\" \/>\n<meta property=\"og:image\" content=\"https:\/\/storage.googleapis.com\/cz-shopatoa-img\/ro\/4e84340f-unnamed-file.webp\" \/>\n\t<meta property=\"og:image:width\" content=\"800\" \/>\n\t<meta property=\"og:image:height\" content=\"800\" \/>\n\t<meta property=\"og:image:type\" content=\"image\/webp\" \/>\n<meta name=\"twitter:card\" content=\"summary_large_image\" \/>\n<script type=\"application\/ld+json\" class=\"yoast-schema-graph\">{\"@context\":\"https:\\\/\\\/schema.org\",\"@graph\":[{\"@type\":\"WebPage\",\"@id\":\"https:\\\/\\\/shopatoa.com\\\/ro\\\/babyliss-pro-placa-de-par-babyliss-pro-titanium-ionic-neagra\\\/\",\"url\":\"https:\\\/\\\/shopatoa.com\\\/ro\\\/babyliss-pro-placa-de-par-babyliss-pro-titanium-ionic-neagra\\\/\",\"name\":\"BaByliss PRO Plac\u0103 de p\u0103r BaByliss Pro Titanium-Ionic neagr\u0103 - SHOPATOA.COM\",\"isPartOf\":{\"@id\":\"https:\\\/\\\/shopatoa.com\\\/ro\\\/#website\"},\"primaryImageOfPage\":{\"@id\":\"https:\\\/\\\/shopatoa.com\\\/ro\\\/babyliss-pro-placa-de-par-babyliss-pro-titanium-ionic-neagra\\\/#primaryimage\"},\"image\":{\"@id\":\"https:\\\/\\\/shopatoa.com\\\/ro\\\/babyliss-pro-placa-de-par-babyliss-pro-titanium-ionic-neagra\\\/#primaryimage\"},\"thumbnailUrl\":\"https:\\\/\\\/storage.googleapis.com\\\/cz-shopatoa-img\\\/ro\\\/4e84340f-unnamed-file.webp\",\"datePublished\":\"2025-05-02T05:25:11+00:00\",\"dateModified\":\"2025-09-28T19:40:14+00:00\",\"breadcrumb\":{\"@id\":\"https:\\\/\\\/shopatoa.com\\\/ro\\\/babyliss-pro-placa-de-par-babyliss-pro-titanium-ionic-neagra\\\/#breadcrumb\"},\"inLanguage\":\"ro-RO\",\"potentialAction\":[{\"@type\":\"ReadAction\",\"target\":[\"https:\\\/\\\/shopatoa.com\\\/ro\\\/babyliss-pro-placa-de-par-babyliss-pro-titanium-ionic-neagra\\\/\"]}]},{\"@type\":\"ImageObject\",\"inLanguage\":\"ro-RO\",\"@id\":\"https:\\\/\\\/shopatoa.com\\\/ro\\\/babyliss-pro-placa-de-par-babyliss-pro-titanium-ionic-neagra\\\/#primaryimage\",\"url\":\"https:\\\/\\\/storage.googleapis.com\\\/cz-shopatoa-img\\\/ro\\\/4e84340f-unnamed-file.webp\",\"contentUrl\":\"https:\\\/\\\/storage.googleapis.com\\\/cz-shopatoa-img\\\/ro\\\/4e84340f-unnamed-file.webp\",\"width\":800,\"height\":800},{\"@type\":\"BreadcrumbList\",\"@id\":\"https:\\\/\\\/shopatoa.com\\\/ro\\\/babyliss-pro-placa-de-par-babyliss-pro-titanium-ionic-neagra\\\/#breadcrumb\",\"itemListElement\":[{\"@type\":\"ListItem\",\"position\":1,\"name\":\"Dom\u016f\",\"item\":\"https:\\\/\\\/shopatoa.com\\\/ro\\\/\"},{\"@type\":\"ListItem\",\"position\":2,\"name\":\"Shop\",\"item\":\"https:\\\/\\\/shopatoa.com\\\/ro\\\/shop\\\/\"},{\"@type\":\"ListItem\",\"position\":3,\"name\":\"Cosmetice\",\"item\":\"https:\\\/\\\/shopatoa.com\\\/ro\\\/cosmetice\\\/\"},{\"@type\":\"ListItem\",\"position\":4,\"name\":\"Produse cosmetice pentru p\u0103r\",\"item\":\"https:\\\/\\\/shopatoa.com\\\/ro\\\/produse-cosmetice-pentru-par\\\/\"},{\"@type\":\"ListItem\",\"position\":5,\"name\":\"Produse, aparate \u0219i accesorii pentru p\u0103r\",\"item\":\"https:\\\/\\\/shopatoa.com\\\/ro\\\/produse-aparate-si-accesorii-pentru-par\\\/\"},{\"@type\":\"ListItem\",\"position\":6,\"name\":\"Plac\u0103 pentru p\u0103r\",\"item\":\"https:\\\/\\\/shopatoa.com\\\/ro\\\/placa-pentru-par\\\/\"},{\"@type\":\"ListItem\",\"position\":7,\"name\":\"BaByliss PRO Plac\u0103 de p\u0103r BaByliss Pro Titanium-Ionic neagr\u0103\"}]},{\"@type\":\"WebSite\",\"@id\":\"https:\\\/\\\/shopatoa.com\\\/ro\\\/#website\",\"url\":\"https:\\\/\\\/shopatoa.com\\\/ro\\\/\",\"name\":\"SHOPATOA\",\"description\":\"\",\"publisher\":{\"@id\":\"https:\\\/\\\/shopatoa.com\\\/ro\\\/#organization\"},\"potentialAction\":[{\"@type\":\"SearchAction\",\"target\":{\"@type\":\"EntryPoint\",\"urlTemplate\":\"https:\\\/\\\/shopatoa.com\\\/ro\\\/?s={search_term_string}\"},\"query-input\":{\"@type\":\"PropertyValueSpecification\",\"valueRequired\":true,\"valueName\":\"search_term_string\"}}],\"inLanguage\":\"ro-RO\"},{\"@type\":\"Organization\",\"@id\":\"https:\\\/\\\/shopatoa.com\\\/ro\\\/#organization\",\"name\":\"SHOPATOA\",\"url\":\"https:\\\/\\\/shopatoa.com\\\/ro\\\/\",\"logo\":{\"@type\":\"ImageObject\",\"inLanguage\":\"ro-RO\",\"@id\":\"https:\\\/\\\/shopatoa.com\\\/ro\\\/#\\\/schema\\\/logo\\\/image\\\/\",\"url\":\"https:\\\/\\\/storage.googleapis.com\\\/cz-shopatoa-img\\\/ro\\\/b4dac915-shopatoa_logo.png\",\"contentUrl\":\"https:\\\/\\\/storage.googleapis.com\\\/cz-shopatoa-img\\\/ro\\\/b4dac915-shopatoa_logo.png\",\"width\":416,\"height\":63,\"caption\":\"SHOPATOA\"},\"image\":{\"@id\":\"https:\\\/\\\/shopatoa.com\\\/ro\\\/#\\\/schema\\\/logo\\\/image\\\/\"}}]}<\/script>\n<!-- \/ Yoast SEO plugin. -->","yoast_head_json":{"title":"BaByliss PRO Plac\u0103 de p\u0103r BaByliss Pro Titanium-Ionic neagr\u0103 - SHOPATOA.COM","robots":{"index":"index","follow":"follow","max-snippet":"max-snippet:-1","max-image-preview":"max-image-preview:large","max-video-preview":"max-video-preview:-1"},"canonical":"https:\/\/shopatoa.com\/ro\/babyliss-pro-placa-de-par-babyliss-pro-titanium-ionic-neagra\/","og_locale":"ro_RO","og_type":"article","og_title":"BaByliss PRO Plac\u0103 de p\u0103r BaByliss Pro Titanium-Ionic neagr\u0103 - SHOPATOA.COM","og_description":"Aceast\u0103 plac\u0103 este datorit\u0103 suprafe\u021bei sale de titan potrivit\u0103 pentru \u00eendreptare perfect\u0103,\u0219i c\u0103lcare cheratinei tehnice. Pl\u0103cile de titan men\u021bin temperatura stabila, sunt rezistente la substan\u021be chimice, datorit\u0103 suprafe\u021bei netede ofer\u0103 p\u0103rului un finisaj lucios. Tehnologia ionizant\u0103 las\u0103 p\u0103rul f\u0103r\u0103 electricitate static\u0103 \u0219i catifelat,moale. Temperatura reglabil\u0103 de la 150 \u00b0 C la 230 \u00b0 poate fi...","og_url":"https:\/\/shopatoa.com\/ro\/babyliss-pro-placa-de-par-babyliss-pro-titanium-ionic-neagra\/","og_site_name":"SHOPATOA","article_modified_time":"2025-09-28T19:40:14+00:00","og_image":[{"width":800,"height":800,"url":"https:\/\/storage.googleapis.com\/cz-shopatoa-img\/ro\/4e84340f-unnamed-file.webp","type":"image\/webp"}],"twitter_card":"summary_large_image","schema":{"@context":"https:\/\/schema.org","@graph":[{"@type":"WebPage","@id":"https:\/\/shopatoa.com\/ro\/babyliss-pro-placa-de-par-babyliss-pro-titanium-ionic-neagra\/","url":"https:\/\/shopatoa.com\/ro\/babyliss-pro-placa-de-par-babyliss-pro-titanium-ionic-neagra\/","name":"BaByliss PRO Plac\u0103 de p\u0103r BaByliss Pro Titanium-Ionic neagr\u0103 - SHOPATOA.COM","isPartOf":{"@id":"https:\/\/shopatoa.com\/ro\/#website"},"primaryImageOfPage":{"@id":"https:\/\/shopatoa.com\/ro\/babyliss-pro-placa-de-par-babyliss-pro-titanium-ionic-neagra\/#primaryimage"},"image":{"@id":"https:\/\/shopatoa.com\/ro\/babyliss-pro-placa-de-par-babyliss-pro-titanium-ionic-neagra\/#primaryimage"},"thumbnailUrl":"https:\/\/storage.googleapis.com\/cz-shopatoa-img\/ro\/4e84340f-unnamed-file.webp","datePublished":"2025-05-02T05:25:11+00:00","dateModified":"2025-09-28T19:40:14+00:00","breadcrumb":{"@id":"https:\/\/shopatoa.com\/ro\/babyliss-pro-placa-de-par-babyliss-pro-titanium-ionic-neagra\/#breadcrumb"},"inLanguage":"ro-RO","potentialAction":[{"@type":"ReadAction","target":["https:\/\/shopatoa.com\/ro\/babyliss-pro-placa-de-par-babyliss-pro-titanium-ionic-neagra\/"]}]},{"@type":"ImageObject","inLanguage":"ro-RO","@id":"https:\/\/shopatoa.com\/ro\/babyliss-pro-placa-de-par-babyliss-pro-titanium-ionic-neagra\/#primaryimage","url":"https:\/\/storage.googleapis.com\/cz-shopatoa-img\/ro\/4e84340f-unnamed-file.webp","contentUrl":"https:\/\/storage.googleapis.com\/cz-shopatoa-img\/ro\/4e84340f-unnamed-file.webp","width":800,"height":800},{"@type":"BreadcrumbList","@id":"https:\/\/shopatoa.com\/ro\/babyliss-pro-placa-de-par-babyliss-pro-titanium-ionic-neagra\/#breadcrumb","itemListElement":[{"@type":"ListItem","position":1,"name":"Dom\u016f","item":"https:\/\/shopatoa.com\/ro\/"},{"@type":"ListItem","position":2,"name":"Shop","item":"https:\/\/shopatoa.com\/ro\/shop\/"},{"@type":"ListItem","position":3,"name":"Cosmetice","item":"https:\/\/shopatoa.com\/ro\/cosmetice\/"},{"@type":"ListItem","position":4,"name":"Produse cosmetice pentru p\u0103r","item":"https:\/\/shopatoa.com\/ro\/produse-cosmetice-pentru-par\/"},{"@type":"ListItem","position":5,"name":"Produse, aparate \u0219i accesorii pentru p\u0103r","item":"https:\/\/shopatoa.com\/ro\/produse-aparate-si-accesorii-pentru-par\/"},{"@type":"ListItem","position":6,"name":"Plac\u0103 pentru p\u0103r","item":"https:\/\/shopatoa.com\/ro\/placa-pentru-par\/"},{"@type":"ListItem","position":7,"name":"BaByliss PRO Plac\u0103 de p\u0103r BaByliss Pro Titanium-Ionic neagr\u0103"}]},{"@type":"WebSite","@id":"https:\/\/shopatoa.com\/ro\/#website","url":"https:\/\/shopatoa.com\/ro\/","name":"SHOPATOA","description":"","publisher":{"@id":"https:\/\/shopatoa.com\/ro\/#organization"},"potentialAction":[{"@type":"SearchAction","target":{"@type":"EntryPoint","urlTemplate":"https:\/\/shopatoa.com\/ro\/?s={search_term_string}"},"query-input":{"@type":"PropertyValueSpecification","valueRequired":true,"valueName":"search_term_string"}}],"inLanguage":"ro-RO"},{"@type":"Organization","@id":"https:\/\/shopatoa.com\/ro\/#organization","name":"SHOPATOA","url":"https:\/\/shopatoa.com\/ro\/","logo":{"@type":"ImageObject","inLanguage":"ro-RO","@id":"https:\/\/shopatoa.com\/ro\/#\/schema\/logo\/image\/","url":"https:\/\/storage.googleapis.com\/cz-shopatoa-img\/ro\/b4dac915-shopatoa_logo.png","contentUrl":"https:\/\/storage.googleapis.com\/cz-shopatoa-img\/ro\/b4dac915-shopatoa_logo.png","width":416,"height":63,"caption":"SHOPATOA"},"image":{"@id":"https:\/\/shopatoa.com\/ro\/#\/schema\/logo\/image\/"}}]}},"_links":{"self":[{"href":"https:\/\/shopatoa.com\/ro\/wp-json\/wp\/v2\/product\/299039","targetHints":{"allow":["GET"]}}],"collection":[{"href":"https:\/\/shopatoa.com\/ro\/wp-json\/wp\/v2\/product"}],"about":[{"href":"https:\/\/shopatoa.com\/ro\/wp-json\/wp\/v2\/types\/product"}],"replies":[{"embeddable":true,"href":"https:\/\/shopatoa.com\/ro\/wp-json\/wp\/v2\/comments?post=299039"}],"wp:featuredmedia":[{"embeddable":true,"href":"https:\/\/shopatoa.com\/ro\/wp-json\/wp\/v2\/media\/299041"}],"wp:attachment":[{"href":"https:\/\/shopatoa.com\/ro\/wp-json\/wp\/v2\/media?parent=299039"}],"wp:term":[{"taxonomy":"product_brand","embeddable":true,"href":"https:\/\/shopatoa.com\/ro\/wp-json\/wp\/v2\/product_brand?post=299039"},{"taxonomy":"product_cat","embeddable":true,"href":"https:\/\/shopatoa.com\/ro\/wp-json\/wp\/v2\/product_cat?post=299039"},{"taxonomy":"product_tag","embeddable":true,"href":"https:\/\/shopatoa.com\/ro\/wp-json\/wp\/v2\/product_tag?post=299039"}],"curies":[{"name":"wp","href":"https:\/\/api.w.org\/{rel}","templated":true}]}}