{"id":300184,"date":"2025-05-02T10:30:55","date_gmt":"2025-05-02T08:30:55","guid":{"rendered":"https:\/\/shopatoa.com\/ro\/surgana-set-pentru-pedichiura-cu-10-piese-profesionale\/"},"modified":"2025-12-11T04:13:43","modified_gmt":"2025-12-11T03:13:43","slug":"surgana-set-pentru-pedichiura-cu-10-piese-profesionale","status":"publish","type":"product","link":"https:\/\/shopatoa.com\/ro\/surgana-set-pentru-pedichiura-cu-10-piese-profesionale\/","title":{"rendered":"Surgana Set pentru pedichiur\u0103 cu 10 piese profesionale"},"content":{"rendered":"<p>Set de 10 seturi pentru pedichi\u0219ti cu cle\u0219ti (3 buc\u0103\u021bi), excavator (2 buc\u0103\u021bi), foarfece, suport pentru lame de bisturiu, ras cu tot felul de cle\u0219ti Credo, lame 21 (10 buc\u0103\u021bi) \u0219i lame de ras (10 buc\u0103\u021bi). Setul este \u00eentr-un ambalaj de \u00eenalt\u0103 calitate din piele. Precizie de prelucrare a tuturor instrumentelor va asigura satisfactia dumneavoastra deplina.<\/p>\n","protected":false},"excerpt":{"rendered":"<p>Set de 10 seturi pentru pedichi\u0219ti cu cle\u0219ti (3 buc\u0103\u021bi), excavator (2 buc\u0103\u021bi), foarfece, suport pentru lame de bisturiu, ras cu tot felul de cle\u0219ti Credo, lame 21 (10 buc\u0103\u021bi) \u0219i lame de ras (10 buc\u0103\u021bi). Setul este \u00eentr-un ambalaj de \u00eenalt\u0103 calitate din piele. Precizie de prelucrare a tuturor instrumentelor va asigura satisfactia dumneavoastra&#8230;<\/p>\n","protected":false},"featured_media":300186,"comment_status":"closed","ping_status":"open","template":"","meta":{"_acf_changed":false,"_kadence_starter_templates_imported_post":false,"_kad_post_transparent":"","_kad_post_title":"","_kad_post_layout":"","_kad_post_sidebar_id":"","_kad_post_content_style":"","_kad_post_vertical_padding":"","_kad_post_feature":"","_kad_post_feature_position":"","_kad_post_header":false,"_kad_post_footer":false,"_kad_post_classname":""},"product_brand":[1095],"product_cat":[246,697,698,611],"product_tag":[],"class_list":{"0":"post-300184","1":"product","2":"type-product","3":"status-publish","4":"has-post-thumbnail","6":"product_brand-surgana","7":"product_cat-cosmetice","8":"product_cat-manichiura-si-pedichiura","9":"product_cat-manichiuri","10":"product_cat-produse-cosmetice-pentru-corp","12":"first","13":"instock","14":"product-type-external","15":"entry","16":"content-bg","17":"loop-entry"},"acf":[],"yoast_head":"<!-- This site is optimized with the Yoast SEO plugin v27.4 - https:\/\/yoast.com\/product\/yoast-seo-wordpress\/ -->\n<title>Surgana Set pentru pedichiur\u0103 cu 10 piese profesionale - SHOPATOA.COM<\/title>\n<meta name=\"robots\" content=\"index, follow, max-snippet:-1, max-image-preview:large, max-video-preview:-1\" \/>\n<link rel=\"canonical\" href=\"https:\/\/shopatoa.com\/ro\/surgana-set-pentru-pedichiura-cu-10-piese-profesionale\/\" \/>\n<meta property=\"og:locale\" content=\"ro_RO\" \/>\n<meta property=\"og:type\" content=\"article\" \/>\n<meta property=\"og:title\" content=\"Surgana Set pentru pedichiur\u0103 cu 10 piese profesionale - SHOPATOA.COM\" \/>\n<meta property=\"og:description\" content=\"Set de 10 seturi pentru pedichi\u0219ti cu cle\u0219ti (3 buc\u0103\u021bi), excavator (2 buc\u0103\u021bi), foarfece, suport pentru lame de bisturiu, ras cu tot felul de cle\u0219ti Credo, lame 21 (10 buc\u0103\u021bi) \u0219i lame de ras (10 buc\u0103\u021bi). Setul este \u00eentr-un ambalaj de \u00eenalt\u0103 calitate din piele. Precizie de prelucrare a tuturor instrumentelor va asigura satisfactia dumneavoastra...\" \/>\n<meta property=\"og:url\" content=\"https:\/\/shopatoa.com\/ro\/surgana-set-pentru-pedichiura-cu-10-piese-profesionale\/\" \/>\n<meta property=\"og:site_name\" content=\"SHOPATOA\" \/>\n<meta property=\"article:modified_time\" content=\"2025-12-11T03:13:43+00:00\" \/>\n<meta property=\"og:image\" content=\"https:\/\/storage.googleapis.com\/cz-shopatoa-img\/ro\/e55f8b56-unnamed-file.webp\" \/>\n\t<meta property=\"og:image:width\" content=\"800\" \/>\n\t<meta property=\"og:image:height\" content=\"800\" \/>\n\t<meta property=\"og:image:type\" content=\"image\/webp\" \/>\n<meta name=\"twitter:card\" content=\"summary_large_image\" \/>\n<script type=\"application\/ld+json\" class=\"yoast-schema-graph\">{\"@context\":\"https:\\\/\\\/schema.org\",\"@graph\":[{\"@type\":\"WebPage\",\"@id\":\"https:\\\/\\\/shopatoa.com\\\/ro\\\/surgana-set-pentru-pedichiura-cu-10-piese-profesionale\\\/\",\"url\":\"https:\\\/\\\/shopatoa.com\\\/ro\\\/surgana-set-pentru-pedichiura-cu-10-piese-profesionale\\\/\",\"name\":\"Surgana Set pentru pedichiur\u0103 cu 10 piese profesionale - SHOPATOA.COM\",\"isPartOf\":{\"@id\":\"https:\\\/\\\/shopatoa.com\\\/ro\\\/#website\"},\"primaryImageOfPage\":{\"@id\":\"https:\\\/\\\/shopatoa.com\\\/ro\\\/surgana-set-pentru-pedichiura-cu-10-piese-profesionale\\\/#primaryimage\"},\"image\":{\"@id\":\"https:\\\/\\\/shopatoa.com\\\/ro\\\/surgana-set-pentru-pedichiura-cu-10-piese-profesionale\\\/#primaryimage\"},\"thumbnailUrl\":\"https:\\\/\\\/storage.googleapis.com\\\/cz-shopatoa-img\\\/ro\\\/e55f8b56-unnamed-file.webp\",\"datePublished\":\"2025-05-02T08:30:55+00:00\",\"dateModified\":\"2025-12-11T03:13:43+00:00\",\"breadcrumb\":{\"@id\":\"https:\\\/\\\/shopatoa.com\\\/ro\\\/surgana-set-pentru-pedichiura-cu-10-piese-profesionale\\\/#breadcrumb\"},\"inLanguage\":\"ro-RO\",\"potentialAction\":[{\"@type\":\"ReadAction\",\"target\":[\"https:\\\/\\\/shopatoa.com\\\/ro\\\/surgana-set-pentru-pedichiura-cu-10-piese-profesionale\\\/\"]}]},{\"@type\":\"ImageObject\",\"inLanguage\":\"ro-RO\",\"@id\":\"https:\\\/\\\/shopatoa.com\\\/ro\\\/surgana-set-pentru-pedichiura-cu-10-piese-profesionale\\\/#primaryimage\",\"url\":\"https:\\\/\\\/storage.googleapis.com\\\/cz-shopatoa-img\\\/ro\\\/e55f8b56-unnamed-file.webp\",\"contentUrl\":\"https:\\\/\\\/storage.googleapis.com\\\/cz-shopatoa-img\\\/ro\\\/e55f8b56-unnamed-file.webp\",\"width\":800,\"height\":800},{\"@type\":\"BreadcrumbList\",\"@id\":\"https:\\\/\\\/shopatoa.com\\\/ro\\\/surgana-set-pentru-pedichiura-cu-10-piese-profesionale\\\/#breadcrumb\",\"itemListElement\":[{\"@type\":\"ListItem\",\"position\":1,\"name\":\"Dom\u016f\",\"item\":\"https:\\\/\\\/shopatoa.com\\\/ro\\\/\"},{\"@type\":\"ListItem\",\"position\":2,\"name\":\"Shop\",\"item\":\"https:\\\/\\\/shopatoa.com\\\/ro\\\/shop\\\/\"},{\"@type\":\"ListItem\",\"position\":3,\"name\":\"Cosmetice\",\"item\":\"https:\\\/\\\/shopatoa.com\\\/ro\\\/cosmetice\\\/\"},{\"@type\":\"ListItem\",\"position\":4,\"name\":\"Produse cosmetice pentru corp\",\"item\":\"https:\\\/\\\/shopatoa.com\\\/ro\\\/produse-cosmetice-pentru-corp\\\/\"},{\"@type\":\"ListItem\",\"position\":5,\"name\":\"Manichiura si pedichiura\",\"item\":\"https:\\\/\\\/shopatoa.com\\\/ro\\\/manichiura-si-pedichiura\\\/\"},{\"@type\":\"ListItem\",\"position\":6,\"name\":\"Manichiuri\",\"item\":\"https:\\\/\\\/shopatoa.com\\\/ro\\\/manichiuri\\\/\"},{\"@type\":\"ListItem\",\"position\":7,\"name\":\"Surgana Set pentru pedichiur\u0103 cu 10 piese profesionale\"}]},{\"@type\":\"WebSite\",\"@id\":\"https:\\\/\\\/shopatoa.com\\\/ro\\\/#website\",\"url\":\"https:\\\/\\\/shopatoa.com\\\/ro\\\/\",\"name\":\"SHOPATOA\",\"description\":\"\",\"publisher\":{\"@id\":\"https:\\\/\\\/shopatoa.com\\\/ro\\\/#organization\"},\"potentialAction\":[{\"@type\":\"SearchAction\",\"target\":{\"@type\":\"EntryPoint\",\"urlTemplate\":\"https:\\\/\\\/shopatoa.com\\\/ro\\\/?s={search_term_string}\"},\"query-input\":{\"@type\":\"PropertyValueSpecification\",\"valueRequired\":true,\"valueName\":\"search_term_string\"}}],\"inLanguage\":\"ro-RO\"},{\"@type\":\"Organization\",\"@id\":\"https:\\\/\\\/shopatoa.com\\\/ro\\\/#organization\",\"name\":\"SHOPATOA\",\"url\":\"https:\\\/\\\/shopatoa.com\\\/ro\\\/\",\"logo\":{\"@type\":\"ImageObject\",\"inLanguage\":\"ro-RO\",\"@id\":\"https:\\\/\\\/shopatoa.com\\\/ro\\\/#\\\/schema\\\/logo\\\/image\\\/\",\"url\":\"https:\\\/\\\/storage.googleapis.com\\\/cz-shopatoa-img\\\/ro\\\/b4dac915-shopatoa_logo.png\",\"contentUrl\":\"https:\\\/\\\/storage.googleapis.com\\\/cz-shopatoa-img\\\/ro\\\/b4dac915-shopatoa_logo.png\",\"width\":416,\"height\":63,\"caption\":\"SHOPATOA\"},\"image\":{\"@id\":\"https:\\\/\\\/shopatoa.com\\\/ro\\\/#\\\/schema\\\/logo\\\/image\\\/\"}}]}<\/script>\n<!-- \/ Yoast SEO plugin. -->","yoast_head_json":{"title":"Surgana Set pentru pedichiur\u0103 cu 10 piese profesionale - SHOPATOA.COM","robots":{"index":"index","follow":"follow","max-snippet":"max-snippet:-1","max-image-preview":"max-image-preview:large","max-video-preview":"max-video-preview:-1"},"canonical":"https:\/\/shopatoa.com\/ro\/surgana-set-pentru-pedichiura-cu-10-piese-profesionale\/","og_locale":"ro_RO","og_type":"article","og_title":"Surgana Set pentru pedichiur\u0103 cu 10 piese profesionale - SHOPATOA.COM","og_description":"Set de 10 seturi pentru pedichi\u0219ti cu cle\u0219ti (3 buc\u0103\u021bi), excavator (2 buc\u0103\u021bi), foarfece, suport pentru lame de bisturiu, ras cu tot felul de cle\u0219ti Credo, lame 21 (10 buc\u0103\u021bi) \u0219i lame de ras (10 buc\u0103\u021bi). Setul este \u00eentr-un ambalaj de \u00eenalt\u0103 calitate din piele. Precizie de prelucrare a tuturor instrumentelor va asigura satisfactia dumneavoastra...","og_url":"https:\/\/shopatoa.com\/ro\/surgana-set-pentru-pedichiura-cu-10-piese-profesionale\/","og_site_name":"SHOPATOA","article_modified_time":"2025-12-11T03:13:43+00:00","og_image":[{"width":800,"height":800,"url":"https:\/\/storage.googleapis.com\/cz-shopatoa-img\/ro\/e55f8b56-unnamed-file.webp","type":"image\/webp"}],"twitter_card":"summary_large_image","schema":{"@context":"https:\/\/schema.org","@graph":[{"@type":"WebPage","@id":"https:\/\/shopatoa.com\/ro\/surgana-set-pentru-pedichiura-cu-10-piese-profesionale\/","url":"https:\/\/shopatoa.com\/ro\/surgana-set-pentru-pedichiura-cu-10-piese-profesionale\/","name":"Surgana Set pentru pedichiur\u0103 cu 10 piese profesionale - SHOPATOA.COM","isPartOf":{"@id":"https:\/\/shopatoa.com\/ro\/#website"},"primaryImageOfPage":{"@id":"https:\/\/shopatoa.com\/ro\/surgana-set-pentru-pedichiura-cu-10-piese-profesionale\/#primaryimage"},"image":{"@id":"https:\/\/shopatoa.com\/ro\/surgana-set-pentru-pedichiura-cu-10-piese-profesionale\/#primaryimage"},"thumbnailUrl":"https:\/\/storage.googleapis.com\/cz-shopatoa-img\/ro\/e55f8b56-unnamed-file.webp","datePublished":"2025-05-02T08:30:55+00:00","dateModified":"2025-12-11T03:13:43+00:00","breadcrumb":{"@id":"https:\/\/shopatoa.com\/ro\/surgana-set-pentru-pedichiura-cu-10-piese-profesionale\/#breadcrumb"},"inLanguage":"ro-RO","potentialAction":[{"@type":"ReadAction","target":["https:\/\/shopatoa.com\/ro\/surgana-set-pentru-pedichiura-cu-10-piese-profesionale\/"]}]},{"@type":"ImageObject","inLanguage":"ro-RO","@id":"https:\/\/shopatoa.com\/ro\/surgana-set-pentru-pedichiura-cu-10-piese-profesionale\/#primaryimage","url":"https:\/\/storage.googleapis.com\/cz-shopatoa-img\/ro\/e55f8b56-unnamed-file.webp","contentUrl":"https:\/\/storage.googleapis.com\/cz-shopatoa-img\/ro\/e55f8b56-unnamed-file.webp","width":800,"height":800},{"@type":"BreadcrumbList","@id":"https:\/\/shopatoa.com\/ro\/surgana-set-pentru-pedichiura-cu-10-piese-profesionale\/#breadcrumb","itemListElement":[{"@type":"ListItem","position":1,"name":"Dom\u016f","item":"https:\/\/shopatoa.com\/ro\/"},{"@type":"ListItem","position":2,"name":"Shop","item":"https:\/\/shopatoa.com\/ro\/shop\/"},{"@type":"ListItem","position":3,"name":"Cosmetice","item":"https:\/\/shopatoa.com\/ro\/cosmetice\/"},{"@type":"ListItem","position":4,"name":"Produse cosmetice pentru corp","item":"https:\/\/shopatoa.com\/ro\/produse-cosmetice-pentru-corp\/"},{"@type":"ListItem","position":5,"name":"Manichiura si pedichiura","item":"https:\/\/shopatoa.com\/ro\/manichiura-si-pedichiura\/"},{"@type":"ListItem","position":6,"name":"Manichiuri","item":"https:\/\/shopatoa.com\/ro\/manichiuri\/"},{"@type":"ListItem","position":7,"name":"Surgana Set pentru pedichiur\u0103 cu 10 piese profesionale"}]},{"@type":"WebSite","@id":"https:\/\/shopatoa.com\/ro\/#website","url":"https:\/\/shopatoa.com\/ro\/","name":"SHOPATOA","description":"","publisher":{"@id":"https:\/\/shopatoa.com\/ro\/#organization"},"potentialAction":[{"@type":"SearchAction","target":{"@type":"EntryPoint","urlTemplate":"https:\/\/shopatoa.com\/ro\/?s={search_term_string}"},"query-input":{"@type":"PropertyValueSpecification","valueRequired":true,"valueName":"search_term_string"}}],"inLanguage":"ro-RO"},{"@type":"Organization","@id":"https:\/\/shopatoa.com\/ro\/#organization","name":"SHOPATOA","url":"https:\/\/shopatoa.com\/ro\/","logo":{"@type":"ImageObject","inLanguage":"ro-RO","@id":"https:\/\/shopatoa.com\/ro\/#\/schema\/logo\/image\/","url":"https:\/\/storage.googleapis.com\/cz-shopatoa-img\/ro\/b4dac915-shopatoa_logo.png","contentUrl":"https:\/\/storage.googleapis.com\/cz-shopatoa-img\/ro\/b4dac915-shopatoa_logo.png","width":416,"height":63,"caption":"SHOPATOA"},"image":{"@id":"https:\/\/shopatoa.com\/ro\/#\/schema\/logo\/image\/"}}]}},"_links":{"self":[{"href":"https:\/\/shopatoa.com\/ro\/wp-json\/wp\/v2\/product\/300184","targetHints":{"allow":["GET"]}}],"collection":[{"href":"https:\/\/shopatoa.com\/ro\/wp-json\/wp\/v2\/product"}],"about":[{"href":"https:\/\/shopatoa.com\/ro\/wp-json\/wp\/v2\/types\/product"}],"replies":[{"embeddable":true,"href":"https:\/\/shopatoa.com\/ro\/wp-json\/wp\/v2\/comments?post=300184"}],"wp:featuredmedia":[{"embeddable":true,"href":"https:\/\/shopatoa.com\/ro\/wp-json\/wp\/v2\/media\/300186"}],"wp:attachment":[{"href":"https:\/\/shopatoa.com\/ro\/wp-json\/wp\/v2\/media?parent=300184"}],"wp:term":[{"taxonomy":"product_brand","embeddable":true,"href":"https:\/\/shopatoa.com\/ro\/wp-json\/wp\/v2\/product_brand?post=300184"},{"taxonomy":"product_cat","embeddable":true,"href":"https:\/\/shopatoa.com\/ro\/wp-json\/wp\/v2\/product_cat?post=300184"},{"taxonomy":"product_tag","embeddable":true,"href":"https:\/\/shopatoa.com\/ro\/wp-json\/wp\/v2\/product_tag?post=300184"}],"curies":[{"name":"wp","href":"https:\/\/api.w.org\/{rel}","templated":true}]}}