{"id":300199,"date":"2025-05-02T10:35:08","date_gmt":"2025-05-02T08:35:08","guid":{"rendered":"https:\/\/shopatoa.com\/ro\/simplehuman-oglinda-cosmetica-reincarcabila-sensor-trio-cu-control-tactil-si-iluminare-led-cu-factor-de-marire-1x-5x-10x-otel-inoxidabil-periat\/"},"modified":"2025-12-11T04:13:29","modified_gmt":"2025-12-11T03:13:29","slug":"simplehuman-oglinda-cosmetica-reincarcabila-sensor-trio-cu-control-tactil-si-iluminare-led-cu-factor-de-marire-1x-5x-10x-otel-inoxidabil-periat","status":"publish","type":"product","link":"https:\/\/shopatoa.com\/ro\/simplehuman-oglinda-cosmetica-reincarcabila-sensor-trio-cu-control-tactil-si-iluminare-led-cu-factor-de-marire-1x-5x-10x-otel-inoxidabil-periat\/","title":{"rendered":"Simplehuman Oglind\u0103 cosmetic\u0103 re\u00eenc\u0103rcabil\u0103 Sensor TRIO cu control tactil \u0219i iluminare LED, cu factor de m\u0103rire 1x\/5x\/10x O\u021bel inoxidabil periat"},"content":{"rendered":"<p>Oglinda Sensor TRIO de la Simplehuman este alc\u0103tuit\u0103 din trei oglinzi diferite care v\u0103 apropie fa\u021ba de 1x, 5x sau 10x. Are o luminozitate nou\u0103 de 800 lux, reglare luminozitate \u0219i modul lum\u00e2nare. Este re\u00eenc\u0103rcabil\u0103, lumina este declan\u0219at\u0103 de un senzor de mi\u0219care \u0219i Simplehuman ofer\u0103 o garan\u021bie de 5 ani. Descoperi\u021bi o oglind\u0103 nou\u0103 de la Simplehuman care combin\u0103 iluminarea LED \u00eembun\u0103t\u0103\u021bit\u0103 Tru-Lux, un design unic \u0219i trei oglinzi cu zoom diferit &#8211; 1x, 5x \u0219i 10x. Pur \u0219i simplu tot ce ave\u021bi nevoie pentru a ob\u021bine un machiaj profesional. Oglinda se \u00eencarc\u0103 (poate dura p\u00e2n\u0103 la 5 s\u0103pt\u0103m\u00e2ni \u00een utilizarea zilnic\u0103 pentru o singur\u0103 \u00eenc\u0103rcare complet\u0103), astfel \u00eenc\u00e2t s\u0103 o pute\u021bi muta cu u\u0219urin\u021b\u0103 de la un loc la altul. Noua caracteristic\u0103 a acestui model este un c\u00e2\u0219tig de luminozitate de 550 p\u00e2n\u0103 la 800 de lux , combinat cu 95 CRI (indexul de afi\u0219are color), care garanteaz\u0103 imita\u021bia perfect\u0103 a luminii solare &#8211; mai bun\u0103 dec\u00e2t oric\u00e2nd. \u00cen figura urm\u0103toare, vede\u021bi modul \u00een care lumina slab\u0103 de calitate poate schimba culorile reale. Cu senzorul Simplehumna TRIO, pute\u021bi fi \u00eentotdeauna sigur\u0103 c\u0103 ceea ce vede\u021bi va fi v\u0103zut \u0219i de al\u021bii. Oglinda are dou\u0103 laturi &#8211; mutare u\u0219oar\u0103 dintr-o parte \u00een alta. Rota\u021bia este \u00eentotdeauna rapid\u0103 \u0219i f\u0103r\u0103 \u00eendoire. Re\u021bine\u021bi c\u0103 bara de control tactil este amplasat\u0103 lateral pentru a regla luminozitatea . Ave\u021bi posibilitatea de a personaliza iluminarea cu LED-uri Tru-Lux dup\u0103 cum este necesar. Regla\u021bi cu u\u0219urin\u021b\u0103 luminozitatea cu ajutorul degetului de la 100 la 800 lux . Exist\u0103, de asemenea, un senzor de mi\u0219care care poate activa lumina c\u00e2nd v\u0103 apropia\u021bi fa\u021ba de oglind\u0103. Roti\u021bi m\u00e2nerul metalic pentru a schimba iluminarea clasic\u0103 alb\u0103 Tru-Lux cu LED-ul la lumina cald\u0103 care str\u0103luce\u0219te ca fl\u0103c\u0103ra lum\u00e2n\u0103rii. Pute\u021bi vedea cu u\u0219urin\u021b\u0103 modul \u00een care arat\u0103 machiajul dvs. Arunca\u021bi o privire asupra \u00eentregii dvs. fe\u021be pe o oglind\u0103 mare, cu un zoom de m\u0103rire de x5, care are o iluminare mai str\u0103lucitoare \u0219i mai bun\u0103. Ideal pentru aplicarea f\u0103r\u0103 probleme a machiajului . Pentru o lucrare precis\u0103 la ochi, gur\u0103 sau pensat, o oglind\u0103 mica, cu zoom de m\u0103rire x10. Nu ve\u021bi pierde niciun detaliu. Apoi, verifica\u021bi aspectul final \u00een oglinda mare, f\u0103r\u0103 a m\u0103ri imaginea . Oglinda este de asemenea excelent\u0103 pentru coafat. Becurile tradi\u021bionale devin slabe sau se ard \u00een timp . LED-urile din oglinda noastr\u0103 au fost evaluate ca noi chiar \u0219i dup\u0103 40.000 de ore de func\u021bionare &#8211; ceea ce corespunde unei ore pe zi, \u00een fiecare zi pentru mai mult de 100 de ani. Curbura exacta pentru optica de reflexie incomparabila &#8211; chiar si la margini . Sticla ultra-transparent\u0103 este a\u0219ezat\u0103 pe un strat de aluminiu de \u00eenalt\u0103 calitate. Aceasta ofer\u0103 oglinzii o reflec\u021bie precis\u0103 \u0219i clar\u0103. Folosim numai cele mai bune materiale \u0219i o construc\u021bie rigid\u0103. Prin urmare, produsele noastre vor dura mai mul\u021bi ani de utilizare zilnic\u0103.<\/p>\n","protected":false},"excerpt":{"rendered":"<p>Oglinda Sensor TRIO de la Simplehuman este alc\u0103tuit\u0103 din trei oglinzi diferite care v\u0103 apropie fa\u021ba de 1x, 5x sau 10x. Are o luminozitate nou\u0103 de 800 lux, reglare luminozitate \u0219i modul lum\u00e2nare. Este re\u00eenc\u0103rcabil\u0103, lumina este declan\u0219at\u0103 de un senzor de mi\u0219care \u0219i Simplehuman ofer\u0103 o garan\u021bie de 5 ani. Descoperi\u021bi o oglind\u0103 nou\u0103&#8230;<\/p>\n","protected":false},"featured_media":300201,"comment_status":"closed","ping_status":"open","template":"","meta":{"_acf_changed":false,"_kadence_starter_templates_imported_post":false,"_kad_post_transparent":"","_kad_post_title":"","_kad_post_layout":"","_kad_post_sidebar_id":"","_kad_post_content_style":"","_kad_post_vertical_padding":"","_kad_post_feature":"","_kad_post_feature_position":"","_kad_post_header":false,"_kad_post_footer":false,"_kad_post_classname":""},"product_brand":[1002],"product_cat":[737,736,773],"product_tag":[],"class_list":{"0":"post-300199","1":"product","2":"type-product","3":"status-publish","4":"has-post-thumbnail","6":"product_brand-simplehuman","7":"product_cat-accesorii-de-moda","8":"product_cat-moda","9":"product_cat-oglinzi","11":"first","12":"instock","13":"sale","14":"product-type-external","15":"entry","16":"content-bg","17":"loop-entry"},"acf":[],"yoast_head":"<!-- This site is optimized with the Yoast SEO plugin v27.4 - https:\/\/yoast.com\/product\/yoast-seo-wordpress\/ -->\n<title>Simplehuman Oglind\u0103 cosmetic\u0103 re\u00eenc\u0103rcabil\u0103 Sensor TRIO cu control tactil \u0219i iluminare LED, cu factor de m\u0103rire 1x\/5x\/10x O\u021bel inoxidabil periat - SHOPATOA.COM<\/title>\n<meta name=\"robots\" content=\"index, follow, max-snippet:-1, max-image-preview:large, max-video-preview:-1\" \/>\n<link rel=\"canonical\" href=\"https:\/\/shopatoa.com\/ro\/simplehuman-oglinda-cosmetica-reincarcabila-sensor-trio-cu-control-tactil-si-iluminare-led-cu-factor-de-marire-1x-5x-10x-otel-inoxidabil-periat\/\" \/>\n<meta property=\"og:locale\" content=\"ro_RO\" \/>\n<meta property=\"og:type\" content=\"article\" \/>\n<meta property=\"og:title\" content=\"Simplehuman Oglind\u0103 cosmetic\u0103 re\u00eenc\u0103rcabil\u0103 Sensor TRIO cu control tactil \u0219i iluminare LED, cu factor de m\u0103rire 1x\/5x\/10x O\u021bel inoxidabil periat - SHOPATOA.COM\" \/>\n<meta property=\"og:description\" content=\"Oglinda Sensor TRIO de la Simplehuman este alc\u0103tuit\u0103 din trei oglinzi diferite care v\u0103 apropie fa\u021ba de 1x, 5x sau 10x. Are o luminozitate nou\u0103 de 800 lux, reglare luminozitate \u0219i modul lum\u00e2nare. Este re\u00eenc\u0103rcabil\u0103, lumina este declan\u0219at\u0103 de un senzor de mi\u0219care \u0219i Simplehuman ofer\u0103 o garan\u021bie de 5 ani. Descoperi\u021bi o oglind\u0103 nou\u0103...\" \/>\n<meta property=\"og:url\" content=\"https:\/\/shopatoa.com\/ro\/simplehuman-oglinda-cosmetica-reincarcabila-sensor-trio-cu-control-tactil-si-iluminare-led-cu-factor-de-marire-1x-5x-10x-otel-inoxidabil-periat\/\" \/>\n<meta property=\"og:site_name\" content=\"SHOPATOA\" \/>\n<meta property=\"article:modified_time\" content=\"2025-12-11T03:13:29+00:00\" \/>\n<meta property=\"og:image\" content=\"https:\/\/storage.googleapis.com\/cz-shopatoa-img\/ro\/4917d403-unnamed-file.webp\" \/>\n\t<meta property=\"og:image:width\" content=\"800\" \/>\n\t<meta property=\"og:image:height\" content=\"800\" \/>\n\t<meta property=\"og:image:type\" content=\"image\/webp\" \/>\n<meta name=\"twitter:card\" content=\"summary_large_image\" \/>\n<meta name=\"twitter:label1\" content=\"Timp estimat pentru citire\" \/>\n\t<meta name=\"twitter:data1\" content=\"3 minute\" \/>\n<script type=\"application\/ld+json\" class=\"yoast-schema-graph\">{\"@context\":\"https:\\\/\\\/schema.org\",\"@graph\":[{\"@type\":\"WebPage\",\"@id\":\"https:\\\/\\\/shopatoa.com\\\/ro\\\/simplehuman-oglinda-cosmetica-reincarcabila-sensor-trio-cu-control-tactil-si-iluminare-led-cu-factor-de-marire-1x-5x-10x-otel-inoxidabil-periat\\\/\",\"url\":\"https:\\\/\\\/shopatoa.com\\\/ro\\\/simplehuman-oglinda-cosmetica-reincarcabila-sensor-trio-cu-control-tactil-si-iluminare-led-cu-factor-de-marire-1x-5x-10x-otel-inoxidabil-periat\\\/\",\"name\":\"Simplehuman Oglind\u0103 cosmetic\u0103 re\u00eenc\u0103rcabil\u0103 Sensor TRIO cu control tactil \u0219i iluminare LED, cu factor de m\u0103rire 1x\\\/5x\\\/10x O\u021bel inoxidabil periat - SHOPATOA.COM\",\"isPartOf\":{\"@id\":\"https:\\\/\\\/shopatoa.com\\\/ro\\\/#website\"},\"primaryImageOfPage\":{\"@id\":\"https:\\\/\\\/shopatoa.com\\\/ro\\\/simplehuman-oglinda-cosmetica-reincarcabila-sensor-trio-cu-control-tactil-si-iluminare-led-cu-factor-de-marire-1x-5x-10x-otel-inoxidabil-periat\\\/#primaryimage\"},\"image\":{\"@id\":\"https:\\\/\\\/shopatoa.com\\\/ro\\\/simplehuman-oglinda-cosmetica-reincarcabila-sensor-trio-cu-control-tactil-si-iluminare-led-cu-factor-de-marire-1x-5x-10x-otel-inoxidabil-periat\\\/#primaryimage\"},\"thumbnailUrl\":\"https:\\\/\\\/storage.googleapis.com\\\/cz-shopatoa-img\\\/ro\\\/4917d403-unnamed-file.webp\",\"datePublished\":\"2025-05-02T08:35:08+00:00\",\"dateModified\":\"2025-12-11T03:13:29+00:00\",\"breadcrumb\":{\"@id\":\"https:\\\/\\\/shopatoa.com\\\/ro\\\/simplehuman-oglinda-cosmetica-reincarcabila-sensor-trio-cu-control-tactil-si-iluminare-led-cu-factor-de-marire-1x-5x-10x-otel-inoxidabil-periat\\\/#breadcrumb\"},\"inLanguage\":\"ro-RO\",\"potentialAction\":[{\"@type\":\"ReadAction\",\"target\":[\"https:\\\/\\\/shopatoa.com\\\/ro\\\/simplehuman-oglinda-cosmetica-reincarcabila-sensor-trio-cu-control-tactil-si-iluminare-led-cu-factor-de-marire-1x-5x-10x-otel-inoxidabil-periat\\\/\"]}]},{\"@type\":\"ImageObject\",\"inLanguage\":\"ro-RO\",\"@id\":\"https:\\\/\\\/shopatoa.com\\\/ro\\\/simplehuman-oglinda-cosmetica-reincarcabila-sensor-trio-cu-control-tactil-si-iluminare-led-cu-factor-de-marire-1x-5x-10x-otel-inoxidabil-periat\\\/#primaryimage\",\"url\":\"https:\\\/\\\/storage.googleapis.com\\\/cz-shopatoa-img\\\/ro\\\/4917d403-unnamed-file.webp\",\"contentUrl\":\"https:\\\/\\\/storage.googleapis.com\\\/cz-shopatoa-img\\\/ro\\\/4917d403-unnamed-file.webp\",\"width\":800,\"height\":800},{\"@type\":\"BreadcrumbList\",\"@id\":\"https:\\\/\\\/shopatoa.com\\\/ro\\\/simplehuman-oglinda-cosmetica-reincarcabila-sensor-trio-cu-control-tactil-si-iluminare-led-cu-factor-de-marire-1x-5x-10x-otel-inoxidabil-periat\\\/#breadcrumb\",\"itemListElement\":[{\"@type\":\"ListItem\",\"position\":1,\"name\":\"Dom\u016f\",\"item\":\"https:\\\/\\\/shopatoa.com\\\/ro\\\/\"},{\"@type\":\"ListItem\",\"position\":2,\"name\":\"Shop\",\"item\":\"https:\\\/\\\/shopatoa.com\\\/ro\\\/shop\\\/\"},{\"@type\":\"ListItem\",\"position\":3,\"name\":\"Mod\u0103\",\"item\":\"https:\\\/\\\/shopatoa.com\\\/ro\\\/moda\\\/\"},{\"@type\":\"ListItem\",\"position\":4,\"name\":\"Accesorii de moda\",\"item\":\"https:\\\/\\\/shopatoa.com\\\/ro\\\/accesorii-de-moda\\\/\"},{\"@type\":\"ListItem\",\"position\":5,\"name\":\"Oglinzi\",\"item\":\"https:\\\/\\\/shopatoa.com\\\/ro\\\/oglinzi\\\/\"},{\"@type\":\"ListItem\",\"position\":6,\"name\":\"Simplehuman Oglind\u0103 cosmetic\u0103 re\u00eenc\u0103rcabil\u0103 Sensor TRIO cu control tactil \u0219i iluminare LED, cu factor de m\u0103rire 1x\\\/5x\\\/10x O\u021bel inoxidabil periat\"}]},{\"@type\":\"WebSite\",\"@id\":\"https:\\\/\\\/shopatoa.com\\\/ro\\\/#website\",\"url\":\"https:\\\/\\\/shopatoa.com\\\/ro\\\/\",\"name\":\"SHOPATOA\",\"description\":\"\",\"publisher\":{\"@id\":\"https:\\\/\\\/shopatoa.com\\\/ro\\\/#organization\"},\"potentialAction\":[{\"@type\":\"SearchAction\",\"target\":{\"@type\":\"EntryPoint\",\"urlTemplate\":\"https:\\\/\\\/shopatoa.com\\\/ro\\\/?s={search_term_string}\"},\"query-input\":{\"@type\":\"PropertyValueSpecification\",\"valueRequired\":true,\"valueName\":\"search_term_string\"}}],\"inLanguage\":\"ro-RO\"},{\"@type\":\"Organization\",\"@id\":\"https:\\\/\\\/shopatoa.com\\\/ro\\\/#organization\",\"name\":\"SHOPATOA\",\"url\":\"https:\\\/\\\/shopatoa.com\\\/ro\\\/\",\"logo\":{\"@type\":\"ImageObject\",\"inLanguage\":\"ro-RO\",\"@id\":\"https:\\\/\\\/shopatoa.com\\\/ro\\\/#\\\/schema\\\/logo\\\/image\\\/\",\"url\":\"https:\\\/\\\/storage.googleapis.com\\\/cz-shopatoa-img\\\/ro\\\/b4dac915-shopatoa_logo.png\",\"contentUrl\":\"https:\\\/\\\/storage.googleapis.com\\\/cz-shopatoa-img\\\/ro\\\/b4dac915-shopatoa_logo.png\",\"width\":416,\"height\":63,\"caption\":\"SHOPATOA\"},\"image\":{\"@id\":\"https:\\\/\\\/shopatoa.com\\\/ro\\\/#\\\/schema\\\/logo\\\/image\\\/\"}}]}<\/script>\n<!-- \/ Yoast SEO plugin. -->","yoast_head_json":{"title":"Simplehuman Oglind\u0103 cosmetic\u0103 re\u00eenc\u0103rcabil\u0103 Sensor TRIO cu control tactil \u0219i iluminare LED, cu factor de m\u0103rire 1x\/5x\/10x O\u021bel inoxidabil periat - SHOPATOA.COM","robots":{"index":"index","follow":"follow","max-snippet":"max-snippet:-1","max-image-preview":"max-image-preview:large","max-video-preview":"max-video-preview:-1"},"canonical":"https:\/\/shopatoa.com\/ro\/simplehuman-oglinda-cosmetica-reincarcabila-sensor-trio-cu-control-tactil-si-iluminare-led-cu-factor-de-marire-1x-5x-10x-otel-inoxidabil-periat\/","og_locale":"ro_RO","og_type":"article","og_title":"Simplehuman Oglind\u0103 cosmetic\u0103 re\u00eenc\u0103rcabil\u0103 Sensor TRIO cu control tactil \u0219i iluminare LED, cu factor de m\u0103rire 1x\/5x\/10x O\u021bel inoxidabil periat - SHOPATOA.COM","og_description":"Oglinda Sensor TRIO de la Simplehuman este alc\u0103tuit\u0103 din trei oglinzi diferite care v\u0103 apropie fa\u021ba de 1x, 5x sau 10x. Are o luminozitate nou\u0103 de 800 lux, reglare luminozitate \u0219i modul lum\u00e2nare. Este re\u00eenc\u0103rcabil\u0103, lumina este declan\u0219at\u0103 de un senzor de mi\u0219care \u0219i Simplehuman ofer\u0103 o garan\u021bie de 5 ani. Descoperi\u021bi o oglind\u0103 nou\u0103...","og_url":"https:\/\/shopatoa.com\/ro\/simplehuman-oglinda-cosmetica-reincarcabila-sensor-trio-cu-control-tactil-si-iluminare-led-cu-factor-de-marire-1x-5x-10x-otel-inoxidabil-periat\/","og_site_name":"SHOPATOA","article_modified_time":"2025-12-11T03:13:29+00:00","og_image":[{"width":800,"height":800,"url":"https:\/\/storage.googleapis.com\/cz-shopatoa-img\/ro\/4917d403-unnamed-file.webp","type":"image\/webp"}],"twitter_card":"summary_large_image","twitter_misc":{"Timp estimat pentru citire":"3 minute"},"schema":{"@context":"https:\/\/schema.org","@graph":[{"@type":"WebPage","@id":"https:\/\/shopatoa.com\/ro\/simplehuman-oglinda-cosmetica-reincarcabila-sensor-trio-cu-control-tactil-si-iluminare-led-cu-factor-de-marire-1x-5x-10x-otel-inoxidabil-periat\/","url":"https:\/\/shopatoa.com\/ro\/simplehuman-oglinda-cosmetica-reincarcabila-sensor-trio-cu-control-tactil-si-iluminare-led-cu-factor-de-marire-1x-5x-10x-otel-inoxidabil-periat\/","name":"Simplehuman Oglind\u0103 cosmetic\u0103 re\u00eenc\u0103rcabil\u0103 Sensor TRIO cu control tactil \u0219i iluminare LED, cu factor de m\u0103rire 1x\/5x\/10x O\u021bel inoxidabil periat - SHOPATOA.COM","isPartOf":{"@id":"https:\/\/shopatoa.com\/ro\/#website"},"primaryImageOfPage":{"@id":"https:\/\/shopatoa.com\/ro\/simplehuman-oglinda-cosmetica-reincarcabila-sensor-trio-cu-control-tactil-si-iluminare-led-cu-factor-de-marire-1x-5x-10x-otel-inoxidabil-periat\/#primaryimage"},"image":{"@id":"https:\/\/shopatoa.com\/ro\/simplehuman-oglinda-cosmetica-reincarcabila-sensor-trio-cu-control-tactil-si-iluminare-led-cu-factor-de-marire-1x-5x-10x-otel-inoxidabil-periat\/#primaryimage"},"thumbnailUrl":"https:\/\/storage.googleapis.com\/cz-shopatoa-img\/ro\/4917d403-unnamed-file.webp","datePublished":"2025-05-02T08:35:08+00:00","dateModified":"2025-12-11T03:13:29+00:00","breadcrumb":{"@id":"https:\/\/shopatoa.com\/ro\/simplehuman-oglinda-cosmetica-reincarcabila-sensor-trio-cu-control-tactil-si-iluminare-led-cu-factor-de-marire-1x-5x-10x-otel-inoxidabil-periat\/#breadcrumb"},"inLanguage":"ro-RO","potentialAction":[{"@type":"ReadAction","target":["https:\/\/shopatoa.com\/ro\/simplehuman-oglinda-cosmetica-reincarcabila-sensor-trio-cu-control-tactil-si-iluminare-led-cu-factor-de-marire-1x-5x-10x-otel-inoxidabil-periat\/"]}]},{"@type":"ImageObject","inLanguage":"ro-RO","@id":"https:\/\/shopatoa.com\/ro\/simplehuman-oglinda-cosmetica-reincarcabila-sensor-trio-cu-control-tactil-si-iluminare-led-cu-factor-de-marire-1x-5x-10x-otel-inoxidabil-periat\/#primaryimage","url":"https:\/\/storage.googleapis.com\/cz-shopatoa-img\/ro\/4917d403-unnamed-file.webp","contentUrl":"https:\/\/storage.googleapis.com\/cz-shopatoa-img\/ro\/4917d403-unnamed-file.webp","width":800,"height":800},{"@type":"BreadcrumbList","@id":"https:\/\/shopatoa.com\/ro\/simplehuman-oglinda-cosmetica-reincarcabila-sensor-trio-cu-control-tactil-si-iluminare-led-cu-factor-de-marire-1x-5x-10x-otel-inoxidabil-periat\/#breadcrumb","itemListElement":[{"@type":"ListItem","position":1,"name":"Dom\u016f","item":"https:\/\/shopatoa.com\/ro\/"},{"@type":"ListItem","position":2,"name":"Shop","item":"https:\/\/shopatoa.com\/ro\/shop\/"},{"@type":"ListItem","position":3,"name":"Mod\u0103","item":"https:\/\/shopatoa.com\/ro\/moda\/"},{"@type":"ListItem","position":4,"name":"Accesorii de moda","item":"https:\/\/shopatoa.com\/ro\/accesorii-de-moda\/"},{"@type":"ListItem","position":5,"name":"Oglinzi","item":"https:\/\/shopatoa.com\/ro\/oglinzi\/"},{"@type":"ListItem","position":6,"name":"Simplehuman Oglind\u0103 cosmetic\u0103 re\u00eenc\u0103rcabil\u0103 Sensor TRIO cu control tactil \u0219i iluminare LED, cu factor de m\u0103rire 1x\/5x\/10x O\u021bel inoxidabil periat"}]},{"@type":"WebSite","@id":"https:\/\/shopatoa.com\/ro\/#website","url":"https:\/\/shopatoa.com\/ro\/","name":"SHOPATOA","description":"","publisher":{"@id":"https:\/\/shopatoa.com\/ro\/#organization"},"potentialAction":[{"@type":"SearchAction","target":{"@type":"EntryPoint","urlTemplate":"https:\/\/shopatoa.com\/ro\/?s={search_term_string}"},"query-input":{"@type":"PropertyValueSpecification","valueRequired":true,"valueName":"search_term_string"}}],"inLanguage":"ro-RO"},{"@type":"Organization","@id":"https:\/\/shopatoa.com\/ro\/#organization","name":"SHOPATOA","url":"https:\/\/shopatoa.com\/ro\/","logo":{"@type":"ImageObject","inLanguage":"ro-RO","@id":"https:\/\/shopatoa.com\/ro\/#\/schema\/logo\/image\/","url":"https:\/\/storage.googleapis.com\/cz-shopatoa-img\/ro\/b4dac915-shopatoa_logo.png","contentUrl":"https:\/\/storage.googleapis.com\/cz-shopatoa-img\/ro\/b4dac915-shopatoa_logo.png","width":416,"height":63,"caption":"SHOPATOA"},"image":{"@id":"https:\/\/shopatoa.com\/ro\/#\/schema\/logo\/image\/"}}]}},"_links":{"self":[{"href":"https:\/\/shopatoa.com\/ro\/wp-json\/wp\/v2\/product\/300199","targetHints":{"allow":["GET"]}}],"collection":[{"href":"https:\/\/shopatoa.com\/ro\/wp-json\/wp\/v2\/product"}],"about":[{"href":"https:\/\/shopatoa.com\/ro\/wp-json\/wp\/v2\/types\/product"}],"replies":[{"embeddable":true,"href":"https:\/\/shopatoa.com\/ro\/wp-json\/wp\/v2\/comments?post=300199"}],"wp:featuredmedia":[{"embeddable":true,"href":"https:\/\/shopatoa.com\/ro\/wp-json\/wp\/v2\/media\/300201"}],"wp:attachment":[{"href":"https:\/\/shopatoa.com\/ro\/wp-json\/wp\/v2\/media?parent=300199"}],"wp:term":[{"taxonomy":"product_brand","embeddable":true,"href":"https:\/\/shopatoa.com\/ro\/wp-json\/wp\/v2\/product_brand?post=300199"},{"taxonomy":"product_cat","embeddable":true,"href":"https:\/\/shopatoa.com\/ro\/wp-json\/wp\/v2\/product_cat?post=300199"},{"taxonomy":"product_tag","embeddable":true,"href":"https:\/\/shopatoa.com\/ro\/wp-json\/wp\/v2\/product_tag?post=300199"}],"curies":[{"name":"wp","href":"https:\/\/api.w.org\/{rel}","templated":true}]}}