{"id":300219,"date":"2025-05-02T10:36:38","date_gmt":"2025-05-02T08:36:38","guid":{"rendered":"https:\/\/shopatoa.com\/ro\/woodwick-vaza-de-lumanari-parfumata-vanilla-sare-de-mare-275-g\/"},"modified":"2025-12-11T04:13:15","modified_gmt":"2025-12-11T03:13:15","slug":"woodwick-vaza-de-lumanari-parfumata-vanilla-sare-de-mare-275-g","status":"publish","type":"product","link":"https:\/\/shopatoa.com\/ro\/woodwick-vaza-de-lumanari-parfumata-vanilla-sare-de-mare-275-g\/","title":{"rendered":"WoodWick Vaza de lum\u00e2n\u0103ri parfumat\u0103 Vanilla &amp; Sare de mare 275 g"},"content":{"rendered":"<p>Vaza de vanilie \u0219i salat\u0103 de mare aduce aroma florilor fine de vanilie cu tonuri de sare \u0219i iasomie. Aceast\u0103 lum\u00e2nare, cu un capac tipic din lemn, va lumina casa dumneavoastr\u0103 \u0219i o va umple cu un sunet bl\u00e2nd de un fitil crackling care promoveaz\u0103 atmosfera de confort \u0219i confort. Pentru casa este locul unde focul se stinge. Nodul este confec\u021bionat din lemn natural. Forma patentat\u0103 a fitilului de lemn Pluswick \u00ae Innova TION creeaz\u0103 sunetul lini\u0219titor al unui incendiu r\u0103cne\u0219te. Forma \u00eencruci\u0219at\u0103 unic\u0103 a acestui fitil de lemn permite o dizolvare a iazului de cear\u0103 de p\u00e2n\u0103 la 5 ori mai rapid\u0103 dec\u00e2t un fitil clasic de bumbac. Prin urmare, camera va respira rapid un miros placut. Acest fitil brevetat garanteaz\u0103 arderea frumoas\u0103 \u0219i curat\u0103 f\u0103r\u0103 negru de fum. Creeaz\u0103 un sunet bl\u00e2nd de foc. Capacul din lemn serve\u0219te drept baz\u0103 sub lum\u00e2nare atunci c\u00e2nd este ars\u0103 pentru a proteja suprafa\u021ba mobilei.<\/p>\n","protected":false},"excerpt":{"rendered":"<p>Vaza de vanilie \u0219i salat\u0103 de mare aduce aroma florilor fine de vanilie cu tonuri de sare \u0219i iasomie. Aceast\u0103 lum\u00e2nare, cu un capac tipic din lemn, va lumina casa dumneavoastr\u0103 \u0219i o va umple cu un sunet bl\u00e2nd de un fitil crackling care promoveaz\u0103 atmosfera de confort \u0219i confort. Pentru casa este locul unde&#8230;<\/p>\n","protected":false},"featured_media":300220,"comment_status":"closed","ping_status":"open","template":"","meta":{"_acf_changed":false,"_kadence_starter_templates_imported_post":false,"_kad_post_transparent":"","_kad_post_title":"","_kad_post_layout":"","_kad_post_sidebar_id":"","_kad_post_content_style":"","_kad_post_vertical_padding":"","_kad_post_feature":"","_kad_post_feature_position":"","_kad_post_header":false,"_kad_post_footer":false,"_kad_post_classname":""},"product_brand":[124],"product_cat":[246,656,655,654],"product_tag":[],"class_list":{"0":"post-300219","1":"product","2":"type-product","3":"status-publish","4":"has-post-thumbnail","6":"product_brand-woodwick","7":"product_cat-cosmetice","8":"product_cat-lumanari-decorative-si-in-sticla","9":"product_cat-lumanari-parfumate","10":"product_cat-lumanari-parfumate-si-arome","12":"first","13":"instock","14":"product-type-external","15":"entry","16":"content-bg","17":"loop-entry"},"acf":[],"yoast_head":"<!-- This site is optimized with the Yoast SEO plugin v27.4 - https:\/\/yoast.com\/product\/yoast-seo-wordpress\/ -->\n<title>WoodWick Vaza de lum\u00e2n\u0103ri parfumat\u0103 Vanilla &amp; Sare de mare 275 g - SHOPATOA.COM<\/title>\n<meta name=\"robots\" content=\"index, follow, max-snippet:-1, max-image-preview:large, max-video-preview:-1\" \/>\n<link rel=\"canonical\" href=\"https:\/\/shopatoa.com\/ro\/woodwick-vaza-de-lumanari-parfumata-vanilla-sare-de-mare-275-g\/\" \/>\n<meta property=\"og:locale\" content=\"ro_RO\" \/>\n<meta property=\"og:type\" content=\"article\" \/>\n<meta property=\"og:title\" content=\"WoodWick Vaza de lum\u00e2n\u0103ri parfumat\u0103 Vanilla &amp; Sare de mare 275 g - SHOPATOA.COM\" \/>\n<meta property=\"og:description\" content=\"Vaza de vanilie \u0219i salat\u0103 de mare aduce aroma florilor fine de vanilie cu tonuri de sare \u0219i iasomie. Aceast\u0103 lum\u00e2nare, cu un capac tipic din lemn, va lumina casa dumneavoastr\u0103 \u0219i o va umple cu un sunet bl\u00e2nd de un fitil crackling care promoveaz\u0103 atmosfera de confort \u0219i confort. Pentru casa este locul unde...\" \/>\n<meta property=\"og:url\" content=\"https:\/\/shopatoa.com\/ro\/woodwick-vaza-de-lumanari-parfumata-vanilla-sare-de-mare-275-g\/\" \/>\n<meta property=\"og:site_name\" content=\"SHOPATOA\" \/>\n<meta property=\"article:modified_time\" content=\"2025-12-11T03:13:15+00:00\" \/>\n<meta property=\"og:image\" content=\"https:\/\/storage.googleapis.com\/cz-shopatoa-img\/ro\/151377ff-unnamed-file.webp\" \/>\n\t<meta property=\"og:image:width\" content=\"800\" \/>\n\t<meta property=\"og:image:height\" content=\"800\" \/>\n\t<meta property=\"og:image:type\" content=\"image\/webp\" \/>\n<meta name=\"twitter:card\" content=\"summary_large_image\" \/>\n<meta name=\"twitter:label1\" content=\"Timp estimat pentru citire\" \/>\n\t<meta name=\"twitter:data1\" content=\"1 minut\" \/>\n<script type=\"application\/ld+json\" class=\"yoast-schema-graph\">{\"@context\":\"https:\\\/\\\/schema.org\",\"@graph\":[{\"@type\":\"WebPage\",\"@id\":\"https:\\\/\\\/shopatoa.com\\\/ro\\\/woodwick-vaza-de-lumanari-parfumata-vanilla-sare-de-mare-275-g\\\/\",\"url\":\"https:\\\/\\\/shopatoa.com\\\/ro\\\/woodwick-vaza-de-lumanari-parfumata-vanilla-sare-de-mare-275-g\\\/\",\"name\":\"WoodWick Vaza de lum\u00e2n\u0103ri parfumat\u0103 Vanilla & Sare de mare 275 g - SHOPATOA.COM\",\"isPartOf\":{\"@id\":\"https:\\\/\\\/shopatoa.com\\\/ro\\\/#website\"},\"primaryImageOfPage\":{\"@id\":\"https:\\\/\\\/shopatoa.com\\\/ro\\\/woodwick-vaza-de-lumanari-parfumata-vanilla-sare-de-mare-275-g\\\/#primaryimage\"},\"image\":{\"@id\":\"https:\\\/\\\/shopatoa.com\\\/ro\\\/woodwick-vaza-de-lumanari-parfumata-vanilla-sare-de-mare-275-g\\\/#primaryimage\"},\"thumbnailUrl\":\"https:\\\/\\\/storage.googleapis.com\\\/cz-shopatoa-img\\\/ro\\\/151377ff-unnamed-file.webp\",\"datePublished\":\"2025-05-02T08:36:38+00:00\",\"dateModified\":\"2025-12-11T03:13:15+00:00\",\"breadcrumb\":{\"@id\":\"https:\\\/\\\/shopatoa.com\\\/ro\\\/woodwick-vaza-de-lumanari-parfumata-vanilla-sare-de-mare-275-g\\\/#breadcrumb\"},\"inLanguage\":\"ro-RO\",\"potentialAction\":[{\"@type\":\"ReadAction\",\"target\":[\"https:\\\/\\\/shopatoa.com\\\/ro\\\/woodwick-vaza-de-lumanari-parfumata-vanilla-sare-de-mare-275-g\\\/\"]}]},{\"@type\":\"ImageObject\",\"inLanguage\":\"ro-RO\",\"@id\":\"https:\\\/\\\/shopatoa.com\\\/ro\\\/woodwick-vaza-de-lumanari-parfumata-vanilla-sare-de-mare-275-g\\\/#primaryimage\",\"url\":\"https:\\\/\\\/storage.googleapis.com\\\/cz-shopatoa-img\\\/ro\\\/151377ff-unnamed-file.webp\",\"contentUrl\":\"https:\\\/\\\/storage.googleapis.com\\\/cz-shopatoa-img\\\/ro\\\/151377ff-unnamed-file.webp\",\"width\":800,\"height\":800},{\"@type\":\"BreadcrumbList\",\"@id\":\"https:\\\/\\\/shopatoa.com\\\/ro\\\/woodwick-vaza-de-lumanari-parfumata-vanilla-sare-de-mare-275-g\\\/#breadcrumb\",\"itemListElement\":[{\"@type\":\"ListItem\",\"position\":1,\"name\":\"Dom\u016f\",\"item\":\"https:\\\/\\\/shopatoa.com\\\/ro\\\/\"},{\"@type\":\"ListItem\",\"position\":2,\"name\":\"Shop\",\"item\":\"https:\\\/\\\/shopatoa.com\\\/ro\\\/shop\\\/\"},{\"@type\":\"ListItem\",\"position\":3,\"name\":\"Cosmetice\",\"item\":\"https:\\\/\\\/shopatoa.com\\\/ro\\\/cosmetice\\\/\"},{\"@type\":\"ListItem\",\"position\":4,\"name\":\"Lum\u00e2n\u0103ri parfumate \u0219i arome\",\"item\":\"https:\\\/\\\/shopatoa.com\\\/ro\\\/lumanari-parfumate-si-arome\\\/\"},{\"@type\":\"ListItem\",\"position\":5,\"name\":\"Lum\u00e2n\u0103ri parfumate\",\"item\":\"https:\\\/\\\/shopatoa.com\\\/ro\\\/lumanari-parfumate\\\/\"},{\"@type\":\"ListItem\",\"position\":6,\"name\":\"Lum\u00e2n\u0103ri decorative \u0219i \u00een sticl\u0103\",\"item\":\"https:\\\/\\\/shopatoa.com\\\/ro\\\/lumanari-decorative-si-in-sticla\\\/\"},{\"@type\":\"ListItem\",\"position\":7,\"name\":\"WoodWick Vaza de lum\u00e2n\u0103ri parfumat\u0103 Vanilla &amp; Sare de mare 275 g\"}]},{\"@type\":\"WebSite\",\"@id\":\"https:\\\/\\\/shopatoa.com\\\/ro\\\/#website\",\"url\":\"https:\\\/\\\/shopatoa.com\\\/ro\\\/\",\"name\":\"SHOPATOA\",\"description\":\"\",\"publisher\":{\"@id\":\"https:\\\/\\\/shopatoa.com\\\/ro\\\/#organization\"},\"potentialAction\":[{\"@type\":\"SearchAction\",\"target\":{\"@type\":\"EntryPoint\",\"urlTemplate\":\"https:\\\/\\\/shopatoa.com\\\/ro\\\/?s={search_term_string}\"},\"query-input\":{\"@type\":\"PropertyValueSpecification\",\"valueRequired\":true,\"valueName\":\"search_term_string\"}}],\"inLanguage\":\"ro-RO\"},{\"@type\":\"Organization\",\"@id\":\"https:\\\/\\\/shopatoa.com\\\/ro\\\/#organization\",\"name\":\"SHOPATOA\",\"url\":\"https:\\\/\\\/shopatoa.com\\\/ro\\\/\",\"logo\":{\"@type\":\"ImageObject\",\"inLanguage\":\"ro-RO\",\"@id\":\"https:\\\/\\\/shopatoa.com\\\/ro\\\/#\\\/schema\\\/logo\\\/image\\\/\",\"url\":\"https:\\\/\\\/storage.googleapis.com\\\/cz-shopatoa-img\\\/ro\\\/b4dac915-shopatoa_logo.png\",\"contentUrl\":\"https:\\\/\\\/storage.googleapis.com\\\/cz-shopatoa-img\\\/ro\\\/b4dac915-shopatoa_logo.png\",\"width\":416,\"height\":63,\"caption\":\"SHOPATOA\"},\"image\":{\"@id\":\"https:\\\/\\\/shopatoa.com\\\/ro\\\/#\\\/schema\\\/logo\\\/image\\\/\"}}]}<\/script>\n<!-- \/ Yoast SEO plugin. -->","yoast_head_json":{"title":"WoodWick Vaza de lum\u00e2n\u0103ri parfumat\u0103 Vanilla & Sare de mare 275 g - SHOPATOA.COM","robots":{"index":"index","follow":"follow","max-snippet":"max-snippet:-1","max-image-preview":"max-image-preview:large","max-video-preview":"max-video-preview:-1"},"canonical":"https:\/\/shopatoa.com\/ro\/woodwick-vaza-de-lumanari-parfumata-vanilla-sare-de-mare-275-g\/","og_locale":"ro_RO","og_type":"article","og_title":"WoodWick Vaza de lum\u00e2n\u0103ri parfumat\u0103 Vanilla & Sare de mare 275 g - SHOPATOA.COM","og_description":"Vaza de vanilie \u0219i salat\u0103 de mare aduce aroma florilor fine de vanilie cu tonuri de sare \u0219i iasomie. Aceast\u0103 lum\u00e2nare, cu un capac tipic din lemn, va lumina casa dumneavoastr\u0103 \u0219i o va umple cu un sunet bl\u00e2nd de un fitil crackling care promoveaz\u0103 atmosfera de confort \u0219i confort. Pentru casa este locul unde...","og_url":"https:\/\/shopatoa.com\/ro\/woodwick-vaza-de-lumanari-parfumata-vanilla-sare-de-mare-275-g\/","og_site_name":"SHOPATOA","article_modified_time":"2025-12-11T03:13:15+00:00","og_image":[{"width":800,"height":800,"url":"https:\/\/storage.googleapis.com\/cz-shopatoa-img\/ro\/151377ff-unnamed-file.webp","type":"image\/webp"}],"twitter_card":"summary_large_image","twitter_misc":{"Timp estimat pentru citire":"1 minut"},"schema":{"@context":"https:\/\/schema.org","@graph":[{"@type":"WebPage","@id":"https:\/\/shopatoa.com\/ro\/woodwick-vaza-de-lumanari-parfumata-vanilla-sare-de-mare-275-g\/","url":"https:\/\/shopatoa.com\/ro\/woodwick-vaza-de-lumanari-parfumata-vanilla-sare-de-mare-275-g\/","name":"WoodWick Vaza de lum\u00e2n\u0103ri parfumat\u0103 Vanilla & Sare de mare 275 g - SHOPATOA.COM","isPartOf":{"@id":"https:\/\/shopatoa.com\/ro\/#website"},"primaryImageOfPage":{"@id":"https:\/\/shopatoa.com\/ro\/woodwick-vaza-de-lumanari-parfumata-vanilla-sare-de-mare-275-g\/#primaryimage"},"image":{"@id":"https:\/\/shopatoa.com\/ro\/woodwick-vaza-de-lumanari-parfumata-vanilla-sare-de-mare-275-g\/#primaryimage"},"thumbnailUrl":"https:\/\/storage.googleapis.com\/cz-shopatoa-img\/ro\/151377ff-unnamed-file.webp","datePublished":"2025-05-02T08:36:38+00:00","dateModified":"2025-12-11T03:13:15+00:00","breadcrumb":{"@id":"https:\/\/shopatoa.com\/ro\/woodwick-vaza-de-lumanari-parfumata-vanilla-sare-de-mare-275-g\/#breadcrumb"},"inLanguage":"ro-RO","potentialAction":[{"@type":"ReadAction","target":["https:\/\/shopatoa.com\/ro\/woodwick-vaza-de-lumanari-parfumata-vanilla-sare-de-mare-275-g\/"]}]},{"@type":"ImageObject","inLanguage":"ro-RO","@id":"https:\/\/shopatoa.com\/ro\/woodwick-vaza-de-lumanari-parfumata-vanilla-sare-de-mare-275-g\/#primaryimage","url":"https:\/\/storage.googleapis.com\/cz-shopatoa-img\/ro\/151377ff-unnamed-file.webp","contentUrl":"https:\/\/storage.googleapis.com\/cz-shopatoa-img\/ro\/151377ff-unnamed-file.webp","width":800,"height":800},{"@type":"BreadcrumbList","@id":"https:\/\/shopatoa.com\/ro\/woodwick-vaza-de-lumanari-parfumata-vanilla-sare-de-mare-275-g\/#breadcrumb","itemListElement":[{"@type":"ListItem","position":1,"name":"Dom\u016f","item":"https:\/\/shopatoa.com\/ro\/"},{"@type":"ListItem","position":2,"name":"Shop","item":"https:\/\/shopatoa.com\/ro\/shop\/"},{"@type":"ListItem","position":3,"name":"Cosmetice","item":"https:\/\/shopatoa.com\/ro\/cosmetice\/"},{"@type":"ListItem","position":4,"name":"Lum\u00e2n\u0103ri parfumate \u0219i arome","item":"https:\/\/shopatoa.com\/ro\/lumanari-parfumate-si-arome\/"},{"@type":"ListItem","position":5,"name":"Lum\u00e2n\u0103ri parfumate","item":"https:\/\/shopatoa.com\/ro\/lumanari-parfumate\/"},{"@type":"ListItem","position":6,"name":"Lum\u00e2n\u0103ri decorative \u0219i \u00een sticl\u0103","item":"https:\/\/shopatoa.com\/ro\/lumanari-decorative-si-in-sticla\/"},{"@type":"ListItem","position":7,"name":"WoodWick Vaza de lum\u00e2n\u0103ri parfumat\u0103 Vanilla &amp; Sare de mare 275 g"}]},{"@type":"WebSite","@id":"https:\/\/shopatoa.com\/ro\/#website","url":"https:\/\/shopatoa.com\/ro\/","name":"SHOPATOA","description":"","publisher":{"@id":"https:\/\/shopatoa.com\/ro\/#organization"},"potentialAction":[{"@type":"SearchAction","target":{"@type":"EntryPoint","urlTemplate":"https:\/\/shopatoa.com\/ro\/?s={search_term_string}"},"query-input":{"@type":"PropertyValueSpecification","valueRequired":true,"valueName":"search_term_string"}}],"inLanguage":"ro-RO"},{"@type":"Organization","@id":"https:\/\/shopatoa.com\/ro\/#organization","name":"SHOPATOA","url":"https:\/\/shopatoa.com\/ro\/","logo":{"@type":"ImageObject","inLanguage":"ro-RO","@id":"https:\/\/shopatoa.com\/ro\/#\/schema\/logo\/image\/","url":"https:\/\/storage.googleapis.com\/cz-shopatoa-img\/ro\/b4dac915-shopatoa_logo.png","contentUrl":"https:\/\/storage.googleapis.com\/cz-shopatoa-img\/ro\/b4dac915-shopatoa_logo.png","width":416,"height":63,"caption":"SHOPATOA"},"image":{"@id":"https:\/\/shopatoa.com\/ro\/#\/schema\/logo\/image\/"}}]}},"_links":{"self":[{"href":"https:\/\/shopatoa.com\/ro\/wp-json\/wp\/v2\/product\/300219","targetHints":{"allow":["GET"]}}],"collection":[{"href":"https:\/\/shopatoa.com\/ro\/wp-json\/wp\/v2\/product"}],"about":[{"href":"https:\/\/shopatoa.com\/ro\/wp-json\/wp\/v2\/types\/product"}],"replies":[{"embeddable":true,"href":"https:\/\/shopatoa.com\/ro\/wp-json\/wp\/v2\/comments?post=300219"}],"wp:featuredmedia":[{"embeddable":true,"href":"https:\/\/shopatoa.com\/ro\/wp-json\/wp\/v2\/media\/300220"}],"wp:attachment":[{"href":"https:\/\/shopatoa.com\/ro\/wp-json\/wp\/v2\/media?parent=300219"}],"wp:term":[{"taxonomy":"product_brand","embeddable":true,"href":"https:\/\/shopatoa.com\/ro\/wp-json\/wp\/v2\/product_brand?post=300219"},{"taxonomy":"product_cat","embeddable":true,"href":"https:\/\/shopatoa.com\/ro\/wp-json\/wp\/v2\/product_cat?post=300219"},{"taxonomy":"product_tag","embeddable":true,"href":"https:\/\/shopatoa.com\/ro\/wp-json\/wp\/v2\/product_tag?post=300219"}],"curies":[{"name":"wp","href":"https:\/\/api.w.org\/{rel}","templated":true}]}}