{"id":300688,"date":"2025-05-02T11:50:34","date_gmt":"2025-05-02T09:50:34","guid":{"rendered":"https:\/\/shopatoa.com\/ro\/michael-kors-sexy-amber-edp-100-ml\/"},"modified":"2025-12-11T03:55:20","modified_gmt":"2025-12-11T02:55:20","slug":"michael-kors-sexy-amber-edp-100-ml","status":"publish","type":"product","link":"https:\/\/shopatoa.com\/ro\/michael-kors-sexy-amber-edp-100-ml\/","title":{"rendered":"Michael Kors Sexy Amber &#8211; EDP 100 ml"},"content":{"rendered":"<p>Apa de parfum Sexy Amber de la Michael Kors este un parfum seduc\u0103tor pentru femei, care a fost creat de Harry Fremont. Apa de parfum \u00eenvelit\u0103 \u00een lemn de santal, stratificat cu flori albe, simbolizeaz\u0103 tandre\u021bea \u0219i frumuse\u021bea. Sexy Amber este un parfum atr\u0103g\u0103tor \u0219i elegant pentru femeile ne\u00eenfr\u00e2nate \u0219i \u00eendr\u0103zne\u021be, care sunt mereu pline de energie \u0219i c\u0103rora le place s\u0103 creeze ceva nou.<\/p>\n","protected":false},"excerpt":{"rendered":"<p>Apa de parfum Sexy Amber de la Michael Kors este un parfum seduc\u0103tor pentru femei, care a fost creat de Harry Fremont. Apa de parfum \u00eenvelit\u0103 \u00een lemn de santal, stratificat cu flori albe, simbolizeaz\u0103 tandre\u021bea \u0219i frumuse\u021bea. Sexy Amber este un parfum atr\u0103g\u0103tor \u0219i elegant pentru femeile ne\u00eenfr\u00e2nate \u0219i \u00eendr\u0103zne\u021be, care sunt mereu pline&#8230;<\/p>\n","protected":false},"featured_media":344269,"comment_status":"closed","ping_status":"open","template":"","meta":{"_acf_changed":false,"_kadence_starter_templates_imported_post":false,"_kad_post_transparent":"","_kad_post_title":"","_kad_post_layout":"","_kad_post_sidebar_id":"","_kad_post_content_style":"","_kad_post_vertical_padding":"","_kad_post_feature":"","_kad_post_feature_position":"","_kad_post_header":false,"_kad_post_footer":false,"_kad_post_classname":""},"product_brand":[206],"product_cat":[619,614],"product_tag":[],"class_list":{"0":"post-300688","1":"product","2":"type-product","3":"status-publish","4":"has-post-thumbnail","6":"product_brand-michael-kors","7":"product_cat-ape-de-parfum-edp","8":"product_cat-parfumuri","10":"first","11":"instock","12":"product-type-external","13":"entry","14":"content-bg","15":"loop-entry"},"acf":[],"yoast_head":"<!-- This site is optimized with the Yoast SEO plugin v27.4 - https:\/\/yoast.com\/product\/yoast-seo-wordpress\/ -->\n<title>Michael Kors Sexy Amber - EDP 100 ml - SHOPATOA.COM<\/title>\n<meta name=\"robots\" content=\"index, follow, max-snippet:-1, max-image-preview:large, max-video-preview:-1\" \/>\n<link rel=\"canonical\" href=\"https:\/\/shopatoa.com\/ro\/michael-kors-sexy-amber-edp-100-ml\/\" \/>\n<meta property=\"og:locale\" content=\"ro_RO\" \/>\n<meta property=\"og:type\" content=\"article\" \/>\n<meta property=\"og:title\" content=\"Michael Kors Sexy Amber - EDP 100 ml - SHOPATOA.COM\" \/>\n<meta property=\"og:description\" content=\"Apa de parfum Sexy Amber de la Michael Kors este un parfum seduc\u0103tor pentru femei, care a fost creat de Harry Fremont. Apa de parfum \u00eenvelit\u0103 \u00een lemn de santal, stratificat cu flori albe, simbolizeaz\u0103 tandre\u021bea \u0219i frumuse\u021bea. Sexy Amber este un parfum atr\u0103g\u0103tor \u0219i elegant pentru femeile ne\u00eenfr\u00e2nate \u0219i \u00eendr\u0103zne\u021be, care sunt mereu pline...\" \/>\n<meta property=\"og:url\" content=\"https:\/\/shopatoa.com\/ro\/michael-kors-sexy-amber-edp-100-ml\/\" \/>\n<meta property=\"og:site_name\" content=\"SHOPATOA\" \/>\n<meta property=\"article:modified_time\" content=\"2025-12-11T02:55:20+00:00\" \/>\n<meta property=\"og:image\" content=\"https:\/\/storage.googleapis.com\/cz-shopatoa-img\/ro\/5b74a91a-michaelkorssexyamber-edp100ml.jpg\" \/>\n\t<meta property=\"og:image:width\" content=\"500\" \/>\n\t<meta property=\"og:image:height\" content=\"500\" \/>\n\t<meta property=\"og:image:type\" content=\"image\/jpeg\" \/>\n<meta name=\"twitter:card\" content=\"summary_large_image\" \/>\n<script type=\"application\/ld+json\" class=\"yoast-schema-graph\">{\"@context\":\"https:\\\/\\\/schema.org\",\"@graph\":[{\"@type\":\"WebPage\",\"@id\":\"https:\\\/\\\/shopatoa.com\\\/ro\\\/michael-kors-sexy-amber-edp-100-ml\\\/\",\"url\":\"https:\\\/\\\/shopatoa.com\\\/ro\\\/michael-kors-sexy-amber-edp-100-ml\\\/\",\"name\":\"Michael Kors Sexy Amber - EDP 100 ml - SHOPATOA.COM\",\"isPartOf\":{\"@id\":\"https:\\\/\\\/shopatoa.com\\\/ro\\\/#website\"},\"primaryImageOfPage\":{\"@id\":\"https:\\\/\\\/shopatoa.com\\\/ro\\\/michael-kors-sexy-amber-edp-100-ml\\\/#primaryimage\"},\"image\":{\"@id\":\"https:\\\/\\\/shopatoa.com\\\/ro\\\/michael-kors-sexy-amber-edp-100-ml\\\/#primaryimage\"},\"thumbnailUrl\":\"https:\\\/\\\/storage.googleapis.com\\\/cz-shopatoa-img\\\/ro\\\/5b74a91a-michaelkorssexyamber-edp100ml.jpg\",\"datePublished\":\"2025-05-02T09:50:34+00:00\",\"dateModified\":\"2025-12-11T02:55:20+00:00\",\"breadcrumb\":{\"@id\":\"https:\\\/\\\/shopatoa.com\\\/ro\\\/michael-kors-sexy-amber-edp-100-ml\\\/#breadcrumb\"},\"inLanguage\":\"ro-RO\",\"potentialAction\":[{\"@type\":\"ReadAction\",\"target\":[\"https:\\\/\\\/shopatoa.com\\\/ro\\\/michael-kors-sexy-amber-edp-100-ml\\\/\"]}]},{\"@type\":\"ImageObject\",\"inLanguage\":\"ro-RO\",\"@id\":\"https:\\\/\\\/shopatoa.com\\\/ro\\\/michael-kors-sexy-amber-edp-100-ml\\\/#primaryimage\",\"url\":\"https:\\\/\\\/storage.googleapis.com\\\/cz-shopatoa-img\\\/ro\\\/5b74a91a-michaelkorssexyamber-edp100ml.jpg\",\"contentUrl\":\"https:\\\/\\\/storage.googleapis.com\\\/cz-shopatoa-img\\\/ro\\\/5b74a91a-michaelkorssexyamber-edp100ml.jpg\",\"width\":500,\"height\":500,\"caption\":\"Michael Kors Sexy Amber - EDP 100 ml\"},{\"@type\":\"BreadcrumbList\",\"@id\":\"https:\\\/\\\/shopatoa.com\\\/ro\\\/michael-kors-sexy-amber-edp-100-ml\\\/#breadcrumb\",\"itemListElement\":[{\"@type\":\"ListItem\",\"position\":1,\"name\":\"Dom\u016f\",\"item\":\"https:\\\/\\\/shopatoa.com\\\/ro\\\/\"},{\"@type\":\"ListItem\",\"position\":2,\"name\":\"Shop\",\"item\":\"https:\\\/\\\/shopatoa.com\\\/ro\\\/shop\\\/\"},{\"@type\":\"ListItem\",\"position\":3,\"name\":\"Parfumuri\",\"item\":\"https:\\\/\\\/shopatoa.com\\\/ro\\\/parfumuri\\\/\"},{\"@type\":\"ListItem\",\"position\":4,\"name\":\"Ape de parfum (EDP)\",\"item\":\"https:\\\/\\\/shopatoa.com\\\/ro\\\/ape-de-parfum-edp\\\/\"},{\"@type\":\"ListItem\",\"position\":5,\"name\":\"Michael Kors Sexy Amber &#8211; EDP 100 ml\"}]},{\"@type\":\"WebSite\",\"@id\":\"https:\\\/\\\/shopatoa.com\\\/ro\\\/#website\",\"url\":\"https:\\\/\\\/shopatoa.com\\\/ro\\\/\",\"name\":\"SHOPATOA\",\"description\":\"\",\"publisher\":{\"@id\":\"https:\\\/\\\/shopatoa.com\\\/ro\\\/#organization\"},\"potentialAction\":[{\"@type\":\"SearchAction\",\"target\":{\"@type\":\"EntryPoint\",\"urlTemplate\":\"https:\\\/\\\/shopatoa.com\\\/ro\\\/?s={search_term_string}\"},\"query-input\":{\"@type\":\"PropertyValueSpecification\",\"valueRequired\":true,\"valueName\":\"search_term_string\"}}],\"inLanguage\":\"ro-RO\"},{\"@type\":\"Organization\",\"@id\":\"https:\\\/\\\/shopatoa.com\\\/ro\\\/#organization\",\"name\":\"SHOPATOA\",\"url\":\"https:\\\/\\\/shopatoa.com\\\/ro\\\/\",\"logo\":{\"@type\":\"ImageObject\",\"inLanguage\":\"ro-RO\",\"@id\":\"https:\\\/\\\/shopatoa.com\\\/ro\\\/#\\\/schema\\\/logo\\\/image\\\/\",\"url\":\"https:\\\/\\\/storage.googleapis.com\\\/cz-shopatoa-img\\\/ro\\\/b4dac915-shopatoa_logo.png\",\"contentUrl\":\"https:\\\/\\\/storage.googleapis.com\\\/cz-shopatoa-img\\\/ro\\\/b4dac915-shopatoa_logo.png\",\"width\":416,\"height\":63,\"caption\":\"SHOPATOA\"},\"image\":{\"@id\":\"https:\\\/\\\/shopatoa.com\\\/ro\\\/#\\\/schema\\\/logo\\\/image\\\/\"}}]}<\/script>\n<!-- \/ Yoast SEO plugin. -->","yoast_head_json":{"title":"Michael Kors Sexy Amber - EDP 100 ml - SHOPATOA.COM","robots":{"index":"index","follow":"follow","max-snippet":"max-snippet:-1","max-image-preview":"max-image-preview:large","max-video-preview":"max-video-preview:-1"},"canonical":"https:\/\/shopatoa.com\/ro\/michael-kors-sexy-amber-edp-100-ml\/","og_locale":"ro_RO","og_type":"article","og_title":"Michael Kors Sexy Amber - EDP 100 ml - SHOPATOA.COM","og_description":"Apa de parfum Sexy Amber de la Michael Kors este un parfum seduc\u0103tor pentru femei, care a fost creat de Harry Fremont. Apa de parfum \u00eenvelit\u0103 \u00een lemn de santal, stratificat cu flori albe, simbolizeaz\u0103 tandre\u021bea \u0219i frumuse\u021bea. Sexy Amber este un parfum atr\u0103g\u0103tor \u0219i elegant pentru femeile ne\u00eenfr\u00e2nate \u0219i \u00eendr\u0103zne\u021be, care sunt mereu pline...","og_url":"https:\/\/shopatoa.com\/ro\/michael-kors-sexy-amber-edp-100-ml\/","og_site_name":"SHOPATOA","article_modified_time":"2025-12-11T02:55:20+00:00","og_image":[{"width":500,"height":500,"url":"https:\/\/storage.googleapis.com\/cz-shopatoa-img\/ro\/5b74a91a-michaelkorssexyamber-edp100ml.jpg","type":"image\/jpeg"}],"twitter_card":"summary_large_image","schema":{"@context":"https:\/\/schema.org","@graph":[{"@type":"WebPage","@id":"https:\/\/shopatoa.com\/ro\/michael-kors-sexy-amber-edp-100-ml\/","url":"https:\/\/shopatoa.com\/ro\/michael-kors-sexy-amber-edp-100-ml\/","name":"Michael Kors Sexy Amber - EDP 100 ml - SHOPATOA.COM","isPartOf":{"@id":"https:\/\/shopatoa.com\/ro\/#website"},"primaryImageOfPage":{"@id":"https:\/\/shopatoa.com\/ro\/michael-kors-sexy-amber-edp-100-ml\/#primaryimage"},"image":{"@id":"https:\/\/shopatoa.com\/ro\/michael-kors-sexy-amber-edp-100-ml\/#primaryimage"},"thumbnailUrl":"https:\/\/storage.googleapis.com\/cz-shopatoa-img\/ro\/5b74a91a-michaelkorssexyamber-edp100ml.jpg","datePublished":"2025-05-02T09:50:34+00:00","dateModified":"2025-12-11T02:55:20+00:00","breadcrumb":{"@id":"https:\/\/shopatoa.com\/ro\/michael-kors-sexy-amber-edp-100-ml\/#breadcrumb"},"inLanguage":"ro-RO","potentialAction":[{"@type":"ReadAction","target":["https:\/\/shopatoa.com\/ro\/michael-kors-sexy-amber-edp-100-ml\/"]}]},{"@type":"ImageObject","inLanguage":"ro-RO","@id":"https:\/\/shopatoa.com\/ro\/michael-kors-sexy-amber-edp-100-ml\/#primaryimage","url":"https:\/\/storage.googleapis.com\/cz-shopatoa-img\/ro\/5b74a91a-michaelkorssexyamber-edp100ml.jpg","contentUrl":"https:\/\/storage.googleapis.com\/cz-shopatoa-img\/ro\/5b74a91a-michaelkorssexyamber-edp100ml.jpg","width":500,"height":500,"caption":"Michael Kors Sexy Amber - EDP 100 ml"},{"@type":"BreadcrumbList","@id":"https:\/\/shopatoa.com\/ro\/michael-kors-sexy-amber-edp-100-ml\/#breadcrumb","itemListElement":[{"@type":"ListItem","position":1,"name":"Dom\u016f","item":"https:\/\/shopatoa.com\/ro\/"},{"@type":"ListItem","position":2,"name":"Shop","item":"https:\/\/shopatoa.com\/ro\/shop\/"},{"@type":"ListItem","position":3,"name":"Parfumuri","item":"https:\/\/shopatoa.com\/ro\/parfumuri\/"},{"@type":"ListItem","position":4,"name":"Ape de parfum (EDP)","item":"https:\/\/shopatoa.com\/ro\/ape-de-parfum-edp\/"},{"@type":"ListItem","position":5,"name":"Michael Kors Sexy Amber &#8211; EDP 100 ml"}]},{"@type":"WebSite","@id":"https:\/\/shopatoa.com\/ro\/#website","url":"https:\/\/shopatoa.com\/ro\/","name":"SHOPATOA","description":"","publisher":{"@id":"https:\/\/shopatoa.com\/ro\/#organization"},"potentialAction":[{"@type":"SearchAction","target":{"@type":"EntryPoint","urlTemplate":"https:\/\/shopatoa.com\/ro\/?s={search_term_string}"},"query-input":{"@type":"PropertyValueSpecification","valueRequired":true,"valueName":"search_term_string"}}],"inLanguage":"ro-RO"},{"@type":"Organization","@id":"https:\/\/shopatoa.com\/ro\/#organization","name":"SHOPATOA","url":"https:\/\/shopatoa.com\/ro\/","logo":{"@type":"ImageObject","inLanguage":"ro-RO","@id":"https:\/\/shopatoa.com\/ro\/#\/schema\/logo\/image\/","url":"https:\/\/storage.googleapis.com\/cz-shopatoa-img\/ro\/b4dac915-shopatoa_logo.png","contentUrl":"https:\/\/storage.googleapis.com\/cz-shopatoa-img\/ro\/b4dac915-shopatoa_logo.png","width":416,"height":63,"caption":"SHOPATOA"},"image":{"@id":"https:\/\/shopatoa.com\/ro\/#\/schema\/logo\/image\/"}}]}},"_links":{"self":[{"href":"https:\/\/shopatoa.com\/ro\/wp-json\/wp\/v2\/product\/300688","targetHints":{"allow":["GET"]}}],"collection":[{"href":"https:\/\/shopatoa.com\/ro\/wp-json\/wp\/v2\/product"}],"about":[{"href":"https:\/\/shopatoa.com\/ro\/wp-json\/wp\/v2\/types\/product"}],"replies":[{"embeddable":true,"href":"https:\/\/shopatoa.com\/ro\/wp-json\/wp\/v2\/comments?post=300688"}],"wp:featuredmedia":[{"embeddable":true,"href":"https:\/\/shopatoa.com\/ro\/wp-json\/wp\/v2\/media\/344269"}],"wp:attachment":[{"href":"https:\/\/shopatoa.com\/ro\/wp-json\/wp\/v2\/media?parent=300688"}],"wp:term":[{"taxonomy":"product_brand","embeddable":true,"href":"https:\/\/shopatoa.com\/ro\/wp-json\/wp\/v2\/product_brand?post=300688"},{"taxonomy":"product_cat","embeddable":true,"href":"https:\/\/shopatoa.com\/ro\/wp-json\/wp\/v2\/product_cat?post=300688"},{"taxonomy":"product_tag","embeddable":true,"href":"https:\/\/shopatoa.com\/ro\/wp-json\/wp\/v2\/product_tag?post=300688"}],"curies":[{"name":"wp","href":"https:\/\/api.w.org\/{rel}","templated":true}]}}