{"id":300929,"date":"2025-05-02T12:30:28","date_gmt":"2025-05-02T10:30:28","guid":{"rendered":"https:\/\/shopatoa.com\/ro\/lowell-14931b\/"},"modified":"2025-09-25T21:17:25","modified_gmt":"2025-09-25T19:17:25","slug":"lowell-14931b","status":"publish","type":"product","link":"https:\/\/shopatoa.com\/ro\/lowell-14931b\/","title":{"rendered":"Lowell 14931B"},"content":{"rendered":"<p>Compania italian\u0103 Lowell este specializat\u0103 \u00een produc\u021bia de ceasuri de design din 1972. Design-urile \u0219i colec\u021biile moderne pentru acest brand sunt proiectate cu o atingere delicat\u0103 italian\u0103 de c\u0103tre studiouri familiale \u0219i designeri familiare. Lowell pune apoi aceste modele \u00een produsele lor, care au fost exportate cu succes \u00een Europa de-a lungul deceniilor. Elegant ceas de design, care, pe l\u00e2ng\u0103 timpul curent, m\u0103soar\u0103 temperatura camerei \u0219i umiditatea. Parchetul este acoperit cu un geam de protec\u021bie. Cu ceas cuar\u021b pe baterie. Diametrul ceasului: 30cm Materialul ceasului: metal Garan\u021bie 2 ani<\/p>\n","protected":false},"excerpt":{"rendered":"<p>Compania italian\u0103 Lowell este specializat\u0103 \u00een produc\u021bia de ceasuri de design din 1972. Design-urile \u0219i colec\u021biile moderne pentru acest brand sunt proiectate cu o atingere delicat\u0103 italian\u0103 de c\u0103tre studiouri familiale \u0219i designeri familiare. Lowell pune apoi aceste modele \u00een produsele lor, care au fost exportate cu succes \u00een Europa de-a lungul deceniilor. Elegant ceas&#8230;<\/p>\n","protected":false},"featured_media":300930,"comment_status":"closed","ping_status":"open","template":"","meta":{"_acf_changed":false,"_kadence_starter_templates_imported_post":false,"_kad_post_transparent":"","_kad_post_title":"","_kad_post_layout":"","_kad_post_sidebar_id":"","_kad_post_content_style":"","_kad_post_vertical_padding":"","_kad_post_feature":"","_kad_post_feature_position":"","_kad_post_header":false,"_kad_post_footer":false,"_kad_post_classname":""},"product_brand":[343],"product_cat":[629,647,678],"product_tag":[],"class_list":{"0":"post-300929","1":"product","2":"type-product","3":"status-publish","4":"has-post-thumbnail","6":"product_brand-lowell","7":"product_cat-ceasuri","8":"product_cat-ceasuri-ceasuri","9":"product_cat-ceasuri-de-perete","11":"first","12":"instock","13":"product-type-external","14":"entry","15":"content-bg","16":"loop-entry"},"acf":[],"yoast_head":"<!-- This site is optimized with the Yoast SEO plugin v27.4 - https:\/\/yoast.com\/product\/yoast-seo-wordpress\/ -->\n<title>Lowell 14931B - SHOPATOA.COM<\/title>\n<meta name=\"robots\" content=\"index, follow, max-snippet:-1, max-image-preview:large, max-video-preview:-1\" \/>\n<link rel=\"canonical\" href=\"https:\/\/shopatoa.com\/ro\/lowell-14931b\/\" \/>\n<meta property=\"og:locale\" content=\"ro_RO\" \/>\n<meta property=\"og:type\" content=\"article\" \/>\n<meta property=\"og:title\" content=\"Lowell 14931B - SHOPATOA.COM\" \/>\n<meta property=\"og:description\" content=\"Compania italian\u0103 Lowell este specializat\u0103 \u00een produc\u021bia de ceasuri de design din 1972. Design-urile \u0219i colec\u021biile moderne pentru acest brand sunt proiectate cu o atingere delicat\u0103 italian\u0103 de c\u0103tre studiouri familiale \u0219i designeri familiare. Lowell pune apoi aceste modele \u00een produsele lor, care au fost exportate cu succes \u00een Europa de-a lungul deceniilor. Elegant ceas...\" \/>\n<meta property=\"og:url\" content=\"https:\/\/shopatoa.com\/ro\/lowell-14931b\/\" \/>\n<meta property=\"og:site_name\" content=\"SHOPATOA\" \/>\n<meta property=\"article:modified_time\" content=\"2025-09-25T19:17:25+00:00\" \/>\n<meta property=\"og:image\" content=\"https:\/\/storage.googleapis.com\/cz-shopatoa-img\/ro\/3e656b57-unnamed-file.webp\" \/>\n\t<meta property=\"og:image:width\" content=\"800\" \/>\n\t<meta property=\"og:image:height\" content=\"800\" \/>\n\t<meta property=\"og:image:type\" content=\"image\/webp\" \/>\n<meta name=\"twitter:card\" content=\"summary_large_image\" \/>\n<script type=\"application\/ld+json\" class=\"yoast-schema-graph\">{\"@context\":\"https:\\\/\\\/schema.org\",\"@graph\":[{\"@type\":\"WebPage\",\"@id\":\"https:\\\/\\\/shopatoa.com\\\/ro\\\/lowell-14931b\\\/\",\"url\":\"https:\\\/\\\/shopatoa.com\\\/ro\\\/lowell-14931b\\\/\",\"name\":\"Lowell 14931B - SHOPATOA.COM\",\"isPartOf\":{\"@id\":\"https:\\\/\\\/shopatoa.com\\\/ro\\\/#website\"},\"primaryImageOfPage\":{\"@id\":\"https:\\\/\\\/shopatoa.com\\\/ro\\\/lowell-14931b\\\/#primaryimage\"},\"image\":{\"@id\":\"https:\\\/\\\/shopatoa.com\\\/ro\\\/lowell-14931b\\\/#primaryimage\"},\"thumbnailUrl\":\"https:\\\/\\\/storage.googleapis.com\\\/cz-shopatoa-img\\\/ro\\\/3e656b57-unnamed-file.webp\",\"datePublished\":\"2025-05-02T10:30:28+00:00\",\"dateModified\":\"2025-09-25T19:17:25+00:00\",\"breadcrumb\":{\"@id\":\"https:\\\/\\\/shopatoa.com\\\/ro\\\/lowell-14931b\\\/#breadcrumb\"},\"inLanguage\":\"ro-RO\",\"potentialAction\":[{\"@type\":\"ReadAction\",\"target\":[\"https:\\\/\\\/shopatoa.com\\\/ro\\\/lowell-14931b\\\/\"]}]},{\"@type\":\"ImageObject\",\"inLanguage\":\"ro-RO\",\"@id\":\"https:\\\/\\\/shopatoa.com\\\/ro\\\/lowell-14931b\\\/#primaryimage\",\"url\":\"https:\\\/\\\/storage.googleapis.com\\\/cz-shopatoa-img\\\/ro\\\/3e656b57-unnamed-file.webp\",\"contentUrl\":\"https:\\\/\\\/storage.googleapis.com\\\/cz-shopatoa-img\\\/ro\\\/3e656b57-unnamed-file.webp\",\"width\":800,\"height\":800},{\"@type\":\"BreadcrumbList\",\"@id\":\"https:\\\/\\\/shopatoa.com\\\/ro\\\/lowell-14931b\\\/#breadcrumb\",\"itemListElement\":[{\"@type\":\"ListItem\",\"position\":1,\"name\":\"Dom\u016f\",\"item\":\"https:\\\/\\\/shopatoa.com\\\/ro\\\/\"},{\"@type\":\"ListItem\",\"position\":2,\"name\":\"Shop\",\"item\":\"https:\\\/\\\/shopatoa.com\\\/ro\\\/shop\\\/\"},{\"@type\":\"ListItem\",\"position\":3,\"name\":\"Ceasuri\",\"item\":\"https:\\\/\\\/shopatoa.com\\\/ro\\\/ceasuri\\\/\"},{\"@type\":\"ListItem\",\"position\":4,\"name\":\"Ceasuri\",\"item\":\"https:\\\/\\\/shopatoa.com\\\/ro\\\/ceasuri-ceasuri\\\/\"},{\"@type\":\"ListItem\",\"position\":5,\"name\":\"Ceasuri de perete\",\"item\":\"https:\\\/\\\/shopatoa.com\\\/ro\\\/ceasuri-de-perete\\\/\"},{\"@type\":\"ListItem\",\"position\":6,\"name\":\"Lowell 14931B\"}]},{\"@type\":\"WebSite\",\"@id\":\"https:\\\/\\\/shopatoa.com\\\/ro\\\/#website\",\"url\":\"https:\\\/\\\/shopatoa.com\\\/ro\\\/\",\"name\":\"SHOPATOA\",\"description\":\"\",\"publisher\":{\"@id\":\"https:\\\/\\\/shopatoa.com\\\/ro\\\/#organization\"},\"potentialAction\":[{\"@type\":\"SearchAction\",\"target\":{\"@type\":\"EntryPoint\",\"urlTemplate\":\"https:\\\/\\\/shopatoa.com\\\/ro\\\/?s={search_term_string}\"},\"query-input\":{\"@type\":\"PropertyValueSpecification\",\"valueRequired\":true,\"valueName\":\"search_term_string\"}}],\"inLanguage\":\"ro-RO\"},{\"@type\":\"Organization\",\"@id\":\"https:\\\/\\\/shopatoa.com\\\/ro\\\/#organization\",\"name\":\"SHOPATOA\",\"url\":\"https:\\\/\\\/shopatoa.com\\\/ro\\\/\",\"logo\":{\"@type\":\"ImageObject\",\"inLanguage\":\"ro-RO\",\"@id\":\"https:\\\/\\\/shopatoa.com\\\/ro\\\/#\\\/schema\\\/logo\\\/image\\\/\",\"url\":\"https:\\\/\\\/storage.googleapis.com\\\/cz-shopatoa-img\\\/ro\\\/b4dac915-shopatoa_logo.png\",\"contentUrl\":\"https:\\\/\\\/storage.googleapis.com\\\/cz-shopatoa-img\\\/ro\\\/b4dac915-shopatoa_logo.png\",\"width\":416,\"height\":63,\"caption\":\"SHOPATOA\"},\"image\":{\"@id\":\"https:\\\/\\\/shopatoa.com\\\/ro\\\/#\\\/schema\\\/logo\\\/image\\\/\"}}]}<\/script>\n<!-- \/ Yoast SEO plugin. -->","yoast_head_json":{"title":"Lowell 14931B - SHOPATOA.COM","robots":{"index":"index","follow":"follow","max-snippet":"max-snippet:-1","max-image-preview":"max-image-preview:large","max-video-preview":"max-video-preview:-1"},"canonical":"https:\/\/shopatoa.com\/ro\/lowell-14931b\/","og_locale":"ro_RO","og_type":"article","og_title":"Lowell 14931B - SHOPATOA.COM","og_description":"Compania italian\u0103 Lowell este specializat\u0103 \u00een produc\u021bia de ceasuri de design din 1972. Design-urile \u0219i colec\u021biile moderne pentru acest brand sunt proiectate cu o atingere delicat\u0103 italian\u0103 de c\u0103tre studiouri familiale \u0219i designeri familiare. Lowell pune apoi aceste modele \u00een produsele lor, care au fost exportate cu succes \u00een Europa de-a lungul deceniilor. Elegant ceas...","og_url":"https:\/\/shopatoa.com\/ro\/lowell-14931b\/","og_site_name":"SHOPATOA","article_modified_time":"2025-09-25T19:17:25+00:00","og_image":[{"width":800,"height":800,"url":"https:\/\/storage.googleapis.com\/cz-shopatoa-img\/ro\/3e656b57-unnamed-file.webp","type":"image\/webp"}],"twitter_card":"summary_large_image","schema":{"@context":"https:\/\/schema.org","@graph":[{"@type":"WebPage","@id":"https:\/\/shopatoa.com\/ro\/lowell-14931b\/","url":"https:\/\/shopatoa.com\/ro\/lowell-14931b\/","name":"Lowell 14931B - SHOPATOA.COM","isPartOf":{"@id":"https:\/\/shopatoa.com\/ro\/#website"},"primaryImageOfPage":{"@id":"https:\/\/shopatoa.com\/ro\/lowell-14931b\/#primaryimage"},"image":{"@id":"https:\/\/shopatoa.com\/ro\/lowell-14931b\/#primaryimage"},"thumbnailUrl":"https:\/\/storage.googleapis.com\/cz-shopatoa-img\/ro\/3e656b57-unnamed-file.webp","datePublished":"2025-05-02T10:30:28+00:00","dateModified":"2025-09-25T19:17:25+00:00","breadcrumb":{"@id":"https:\/\/shopatoa.com\/ro\/lowell-14931b\/#breadcrumb"},"inLanguage":"ro-RO","potentialAction":[{"@type":"ReadAction","target":["https:\/\/shopatoa.com\/ro\/lowell-14931b\/"]}]},{"@type":"ImageObject","inLanguage":"ro-RO","@id":"https:\/\/shopatoa.com\/ro\/lowell-14931b\/#primaryimage","url":"https:\/\/storage.googleapis.com\/cz-shopatoa-img\/ro\/3e656b57-unnamed-file.webp","contentUrl":"https:\/\/storage.googleapis.com\/cz-shopatoa-img\/ro\/3e656b57-unnamed-file.webp","width":800,"height":800},{"@type":"BreadcrumbList","@id":"https:\/\/shopatoa.com\/ro\/lowell-14931b\/#breadcrumb","itemListElement":[{"@type":"ListItem","position":1,"name":"Dom\u016f","item":"https:\/\/shopatoa.com\/ro\/"},{"@type":"ListItem","position":2,"name":"Shop","item":"https:\/\/shopatoa.com\/ro\/shop\/"},{"@type":"ListItem","position":3,"name":"Ceasuri","item":"https:\/\/shopatoa.com\/ro\/ceasuri\/"},{"@type":"ListItem","position":4,"name":"Ceasuri","item":"https:\/\/shopatoa.com\/ro\/ceasuri-ceasuri\/"},{"@type":"ListItem","position":5,"name":"Ceasuri de perete","item":"https:\/\/shopatoa.com\/ro\/ceasuri-de-perete\/"},{"@type":"ListItem","position":6,"name":"Lowell 14931B"}]},{"@type":"WebSite","@id":"https:\/\/shopatoa.com\/ro\/#website","url":"https:\/\/shopatoa.com\/ro\/","name":"SHOPATOA","description":"","publisher":{"@id":"https:\/\/shopatoa.com\/ro\/#organization"},"potentialAction":[{"@type":"SearchAction","target":{"@type":"EntryPoint","urlTemplate":"https:\/\/shopatoa.com\/ro\/?s={search_term_string}"},"query-input":{"@type":"PropertyValueSpecification","valueRequired":true,"valueName":"search_term_string"}}],"inLanguage":"ro-RO"},{"@type":"Organization","@id":"https:\/\/shopatoa.com\/ro\/#organization","name":"SHOPATOA","url":"https:\/\/shopatoa.com\/ro\/","logo":{"@type":"ImageObject","inLanguage":"ro-RO","@id":"https:\/\/shopatoa.com\/ro\/#\/schema\/logo\/image\/","url":"https:\/\/storage.googleapis.com\/cz-shopatoa-img\/ro\/b4dac915-shopatoa_logo.png","contentUrl":"https:\/\/storage.googleapis.com\/cz-shopatoa-img\/ro\/b4dac915-shopatoa_logo.png","width":416,"height":63,"caption":"SHOPATOA"},"image":{"@id":"https:\/\/shopatoa.com\/ro\/#\/schema\/logo\/image\/"}}]}},"_links":{"self":[{"href":"https:\/\/shopatoa.com\/ro\/wp-json\/wp\/v2\/product\/300929","targetHints":{"allow":["GET"]}}],"collection":[{"href":"https:\/\/shopatoa.com\/ro\/wp-json\/wp\/v2\/product"}],"about":[{"href":"https:\/\/shopatoa.com\/ro\/wp-json\/wp\/v2\/types\/product"}],"replies":[{"embeddable":true,"href":"https:\/\/shopatoa.com\/ro\/wp-json\/wp\/v2\/comments?post=300929"}],"wp:featuredmedia":[{"embeddable":true,"href":"https:\/\/shopatoa.com\/ro\/wp-json\/wp\/v2\/media\/300930"}],"wp:attachment":[{"href":"https:\/\/shopatoa.com\/ro\/wp-json\/wp\/v2\/media?parent=300929"}],"wp:term":[{"taxonomy":"product_brand","embeddable":true,"href":"https:\/\/shopatoa.com\/ro\/wp-json\/wp\/v2\/product_brand?post=300929"},{"taxonomy":"product_cat","embeddable":true,"href":"https:\/\/shopatoa.com\/ro\/wp-json\/wp\/v2\/product_cat?post=300929"},{"taxonomy":"product_tag","embeddable":true,"href":"https:\/\/shopatoa.com\/ro\/wp-json\/wp\/v2\/product_tag?post=300929"}],"curies":[{"name":"wp","href":"https:\/\/api.w.org\/{rel}","templated":true}]}}