{"id":301547,"date":"2025-05-02T14:11:39","date_gmt":"2025-05-02T12:11:39","guid":{"rendered":"https:\/\/shopatoa.com\/ro\/tweezerman-set-pentru-aranjarea-sprancenelor-brow-shaping-set\/"},"modified":"2025-12-11T03:14:25","modified_gmt":"2025-12-11T02:14:25","slug":"tweezerman-set-pentru-aranjarea-sprancenelor-brow-shaping-set","status":"publish","type":"product","link":"https:\/\/shopatoa.com\/ro\/tweezerman-set-pentru-aranjarea-sprancenelor-brow-shaping-set\/","title":{"rendered":"Tweezerman Set pentru aranjarea spr\u00e2ncenelor Brow Shaping Set"},"content":{"rendered":"<p>Setul de modelare a spr\u00e2ncenelor Tweezerman con\u021bine instrumente precise \u0219i de \u00eenalt\u0103 calitate pentru modelarea profesional\u0103 a spr\u00e2ncenelor. Dou\u0103 pensete cu marginea te\u0219it\u0103 \u0219lefuit\u0103 manual v\u0103 permit s\u0103 modela\u021bi spr\u00e2ncenele cu precizie maxim\u0103 \u0219i, datorit\u0103 unei \u00eenchideri uniforme \u0219i ferme, permit smulgerea p\u0103rului \u0219i de la r\u0103d\u0103cini. Peria va aranja apoi perfect spr\u00e2ncenele. Setul profesional de spr\u00e2ncene Tweezerman de culoarea neagr\u0103 con\u021bine tot ce ave\u021bi nevoie pentru a v\u0103 modela spr\u00e2ncenele perfecte: &#8211; penset\u0103 profesional\u0103 \u0219i foarte popular\u0103 Slant, al c\u0103rei v\u00e2rf are o \u00eenclinare de exact 25 \u00b0 pentru modelare precis\u0103 &#8211; penset\u0103 Point ascu\u021bit\u0103, u\u0219or te\u0219it\u0103, care permite extragerea chiar \u0219i a celor mai mici \u0219i mai fine fire de p\u0103r &#8211; pensul\u0103 \u0219i perie cu peri sintetici (versiunea vegan\u0103) pentru aranjarea fin\u0103, definirea \u0219i eviden\u021bierea spr\u00e2ncenelor. In plus, pute\u021bi folosi pensula \u0219i atunci c\u00e2nd aplica\u0219i produse cosmetice pe spr\u00e2ncene, iar cu ajutorul pensulei pute\u021bi aplica cu precizie creionul de ochi sau un conector cremos. \u00cengrijirea sculelor: Dezinfecta\u021bi penseta dup\u0103 fiecare utilizare cu alcool sau peroxid. Sp\u0103la\u021bi peria cu ap\u0103 cald\u0103 \u0219i un detergent fin, Apoi cl\u0103ti\u021bi bine \u0219i ap\u0103sa\u021bi pentru a elimina excesul de ap\u0103 din peri. L\u0103sa\u021bi s\u0103 se usuce.<\/p>\n","protected":false},"excerpt":{"rendered":"<p>Setul de modelare a spr\u00e2ncenelor Tweezerman con\u021bine instrumente precise \u0219i de \u00eenalt\u0103 calitate pentru modelarea profesional\u0103 a spr\u00e2ncenelor. Dou\u0103 pensete cu marginea te\u0219it\u0103 \u0219lefuit\u0103 manual v\u0103 permit s\u0103 modela\u021bi spr\u00e2ncenele cu precizie maxim\u0103 \u0219i, datorit\u0103 unei \u00eenchideri uniforme \u0219i ferme, permit smulgerea p\u0103rului \u0219i de la r\u0103d\u0103cini. Peria va aranja apoi perfect spr\u00e2ncenele. Setul profesional&#8230;<\/p>\n","protected":false},"featured_media":301548,"comment_status":"closed","ping_status":"open","template":"","meta":{"_acf_changed":false,"_kadence_starter_templates_imported_post":false,"_kad_post_transparent":"","_kad_post_title":"","_kad_post_layout":"","_kad_post_sidebar_id":"","_kad_post_content_style":"","_kad_post_vertical_padding":"","_kad_post_feature":"","_kad_post_feature_position":"","_kad_post_header":false,"_kad_post_footer":false,"_kad_post_classname":""},"product_brand":[371],"product_cat":[658,729,246,609],"product_tag":[],"class_list":{"0":"post-301547","1":"product","2":"type-product","3":"status-publish","4":"has-post-thumbnail","6":"product_brand-tweezerman","7":"product_cat-accesorii-cosmetice","8":"product_cat-aparate-auditive","9":"product_cat-cosmetice","10":"product_cat-cosmetice-decorative","12":"first","13":"instock","14":"sale","15":"product-type-external","16":"entry","17":"content-bg","18":"loop-entry"},"acf":[],"yoast_head":"<!-- This site is optimized with the Yoast SEO plugin v27.3 - https:\/\/yoast.com\/product\/yoast-seo-wordpress\/ -->\n<title>Tweezerman Set pentru aranjarea spr\u00e2ncenelor Brow Shaping Set - SHOPATOA.COM<\/title>\n<meta name=\"robots\" content=\"index, follow, max-snippet:-1, max-image-preview:large, max-video-preview:-1\" \/>\n<link rel=\"canonical\" href=\"https:\/\/shopatoa.com\/ro\/tweezerman-set-pentru-aranjarea-sprancenelor-brow-shaping-set\/\" \/>\n<meta property=\"og:locale\" content=\"ro_RO\" \/>\n<meta property=\"og:type\" content=\"article\" \/>\n<meta property=\"og:title\" content=\"Tweezerman Set pentru aranjarea spr\u00e2ncenelor Brow Shaping Set - SHOPATOA.COM\" \/>\n<meta property=\"og:description\" content=\"Setul de modelare a spr\u00e2ncenelor Tweezerman con\u021bine instrumente precise \u0219i de \u00eenalt\u0103 calitate pentru modelarea profesional\u0103 a spr\u00e2ncenelor. Dou\u0103 pensete cu marginea te\u0219it\u0103 \u0219lefuit\u0103 manual v\u0103 permit s\u0103 modela\u021bi spr\u00e2ncenele cu precizie maxim\u0103 \u0219i, datorit\u0103 unei \u00eenchideri uniforme \u0219i ferme, permit smulgerea p\u0103rului \u0219i de la r\u0103d\u0103cini. Peria va aranja apoi perfect spr\u00e2ncenele. Setul profesional...\" \/>\n<meta property=\"og:url\" content=\"https:\/\/shopatoa.com\/ro\/tweezerman-set-pentru-aranjarea-sprancenelor-brow-shaping-set\/\" \/>\n<meta property=\"og:site_name\" content=\"SHOPATOA\" \/>\n<meta property=\"article:modified_time\" content=\"2025-12-11T02:14:25+00:00\" \/>\n<meta property=\"og:image\" content=\"https:\/\/storage.googleapis.com\/cz-shopatoa-img\/ro\/ff0686ec-unnamed-file.webp\" \/>\n\t<meta property=\"og:image:width\" content=\"800\" \/>\n\t<meta property=\"og:image:height\" content=\"800\" \/>\n\t<meta property=\"og:image:type\" content=\"image\/webp\" \/>\n<meta name=\"twitter:card\" content=\"summary_large_image\" \/>\n<meta name=\"twitter:label1\" content=\"Timp estimat pentru citire\" \/>\n\t<meta name=\"twitter:data1\" content=\"1 minut\" \/>\n<script type=\"application\/ld+json\" class=\"yoast-schema-graph\">{\"@context\":\"https:\\\/\\\/schema.org\",\"@graph\":[{\"@type\":\"WebPage\",\"@id\":\"https:\\\/\\\/shopatoa.com\\\/ro\\\/tweezerman-set-pentru-aranjarea-sprancenelor-brow-shaping-set\\\/\",\"url\":\"https:\\\/\\\/shopatoa.com\\\/ro\\\/tweezerman-set-pentru-aranjarea-sprancenelor-brow-shaping-set\\\/\",\"name\":\"Tweezerman Set pentru aranjarea spr\u00e2ncenelor Brow Shaping Set - SHOPATOA.COM\",\"isPartOf\":{\"@id\":\"https:\\\/\\\/shopatoa.com\\\/ro\\\/#website\"},\"primaryImageOfPage\":{\"@id\":\"https:\\\/\\\/shopatoa.com\\\/ro\\\/tweezerman-set-pentru-aranjarea-sprancenelor-brow-shaping-set\\\/#primaryimage\"},\"image\":{\"@id\":\"https:\\\/\\\/shopatoa.com\\\/ro\\\/tweezerman-set-pentru-aranjarea-sprancenelor-brow-shaping-set\\\/#primaryimage\"},\"thumbnailUrl\":\"https:\\\/\\\/storage.googleapis.com\\\/cz-shopatoa-img\\\/ro\\\/ff0686ec-unnamed-file.webp\",\"datePublished\":\"2025-05-02T12:11:39+00:00\",\"dateModified\":\"2025-12-11T02:14:25+00:00\",\"breadcrumb\":{\"@id\":\"https:\\\/\\\/shopatoa.com\\\/ro\\\/tweezerman-set-pentru-aranjarea-sprancenelor-brow-shaping-set\\\/#breadcrumb\"},\"inLanguage\":\"ro-RO\",\"potentialAction\":[{\"@type\":\"ReadAction\",\"target\":[\"https:\\\/\\\/shopatoa.com\\\/ro\\\/tweezerman-set-pentru-aranjarea-sprancenelor-brow-shaping-set\\\/\"]}]},{\"@type\":\"ImageObject\",\"inLanguage\":\"ro-RO\",\"@id\":\"https:\\\/\\\/shopatoa.com\\\/ro\\\/tweezerman-set-pentru-aranjarea-sprancenelor-brow-shaping-set\\\/#primaryimage\",\"url\":\"https:\\\/\\\/storage.googleapis.com\\\/cz-shopatoa-img\\\/ro\\\/ff0686ec-unnamed-file.webp\",\"contentUrl\":\"https:\\\/\\\/storage.googleapis.com\\\/cz-shopatoa-img\\\/ro\\\/ff0686ec-unnamed-file.webp\",\"width\":800,\"height\":800},{\"@type\":\"BreadcrumbList\",\"@id\":\"https:\\\/\\\/shopatoa.com\\\/ro\\\/tweezerman-set-pentru-aranjarea-sprancenelor-brow-shaping-set\\\/#breadcrumb\",\"itemListElement\":[{\"@type\":\"ListItem\",\"position\":1,\"name\":\"Dom\u016f\",\"item\":\"https:\\\/\\\/shopatoa.com\\\/ro\\\/\"},{\"@type\":\"ListItem\",\"position\":2,\"name\":\"Shop\",\"item\":\"https:\\\/\\\/shopatoa.com\\\/ro\\\/shop\\\/\"},{\"@type\":\"ListItem\",\"position\":3,\"name\":\"Cosmetice\",\"item\":\"https:\\\/\\\/shopatoa.com\\\/ro\\\/cosmetice\\\/\"},{\"@type\":\"ListItem\",\"position\":4,\"name\":\"Cosmetice decorative\",\"item\":\"https:\\\/\\\/shopatoa.com\\\/ro\\\/cosmetice-decorative\\\/\"},{\"@type\":\"ListItem\",\"position\":5,\"name\":\"Accesorii cosmetice\",\"item\":\"https:\\\/\\\/shopatoa.com\\\/ro\\\/accesorii-cosmetice\\\/\"},{\"@type\":\"ListItem\",\"position\":6,\"name\":\"Aparate auditive\",\"item\":\"https:\\\/\\\/shopatoa.com\\\/ro\\\/aparate-auditive\\\/\"},{\"@type\":\"ListItem\",\"position\":7,\"name\":\"Tweezerman Set pentru aranjarea spr\u00e2ncenelor Brow Shaping Set\"}]},{\"@type\":\"WebSite\",\"@id\":\"https:\\\/\\\/shopatoa.com\\\/ro\\\/#website\",\"url\":\"https:\\\/\\\/shopatoa.com\\\/ro\\\/\",\"name\":\"SHOPATOA\",\"description\":\"\",\"publisher\":{\"@id\":\"https:\\\/\\\/shopatoa.com\\\/ro\\\/#organization\"},\"potentialAction\":[{\"@type\":\"SearchAction\",\"target\":{\"@type\":\"EntryPoint\",\"urlTemplate\":\"https:\\\/\\\/shopatoa.com\\\/ro\\\/?s={search_term_string}\"},\"query-input\":{\"@type\":\"PropertyValueSpecification\",\"valueRequired\":true,\"valueName\":\"search_term_string\"}}],\"inLanguage\":\"ro-RO\"},{\"@type\":\"Organization\",\"@id\":\"https:\\\/\\\/shopatoa.com\\\/ro\\\/#organization\",\"name\":\"SHOPATOA\",\"url\":\"https:\\\/\\\/shopatoa.com\\\/ro\\\/\",\"logo\":{\"@type\":\"ImageObject\",\"inLanguage\":\"ro-RO\",\"@id\":\"https:\\\/\\\/shopatoa.com\\\/ro\\\/#\\\/schema\\\/logo\\\/image\\\/\",\"url\":\"https:\\\/\\\/storage.googleapis.com\\\/cz-shopatoa-img\\\/ro\\\/b4dac915-shopatoa_logo.png\",\"contentUrl\":\"https:\\\/\\\/storage.googleapis.com\\\/cz-shopatoa-img\\\/ro\\\/b4dac915-shopatoa_logo.png\",\"width\":416,\"height\":63,\"caption\":\"SHOPATOA\"},\"image\":{\"@id\":\"https:\\\/\\\/shopatoa.com\\\/ro\\\/#\\\/schema\\\/logo\\\/image\\\/\"}}]}<\/script>\n<!-- \/ Yoast SEO plugin. -->","yoast_head_json":{"title":"Tweezerman Set pentru aranjarea spr\u00e2ncenelor Brow Shaping Set - SHOPATOA.COM","robots":{"index":"index","follow":"follow","max-snippet":"max-snippet:-1","max-image-preview":"max-image-preview:large","max-video-preview":"max-video-preview:-1"},"canonical":"https:\/\/shopatoa.com\/ro\/tweezerman-set-pentru-aranjarea-sprancenelor-brow-shaping-set\/","og_locale":"ro_RO","og_type":"article","og_title":"Tweezerman Set pentru aranjarea spr\u00e2ncenelor Brow Shaping Set - SHOPATOA.COM","og_description":"Setul de modelare a spr\u00e2ncenelor Tweezerman con\u021bine instrumente precise \u0219i de \u00eenalt\u0103 calitate pentru modelarea profesional\u0103 a spr\u00e2ncenelor. Dou\u0103 pensete cu marginea te\u0219it\u0103 \u0219lefuit\u0103 manual v\u0103 permit s\u0103 modela\u021bi spr\u00e2ncenele cu precizie maxim\u0103 \u0219i, datorit\u0103 unei \u00eenchideri uniforme \u0219i ferme, permit smulgerea p\u0103rului \u0219i de la r\u0103d\u0103cini. Peria va aranja apoi perfect spr\u00e2ncenele. Setul profesional...","og_url":"https:\/\/shopatoa.com\/ro\/tweezerman-set-pentru-aranjarea-sprancenelor-brow-shaping-set\/","og_site_name":"SHOPATOA","article_modified_time":"2025-12-11T02:14:25+00:00","og_image":[{"width":800,"height":800,"url":"https:\/\/storage.googleapis.com\/cz-shopatoa-img\/ro\/ff0686ec-unnamed-file.webp","type":"image\/webp"}],"twitter_card":"summary_large_image","twitter_misc":{"Timp estimat pentru citire":"1 minut"},"schema":{"@context":"https:\/\/schema.org","@graph":[{"@type":"WebPage","@id":"https:\/\/shopatoa.com\/ro\/tweezerman-set-pentru-aranjarea-sprancenelor-brow-shaping-set\/","url":"https:\/\/shopatoa.com\/ro\/tweezerman-set-pentru-aranjarea-sprancenelor-brow-shaping-set\/","name":"Tweezerman Set pentru aranjarea spr\u00e2ncenelor Brow Shaping Set - SHOPATOA.COM","isPartOf":{"@id":"https:\/\/shopatoa.com\/ro\/#website"},"primaryImageOfPage":{"@id":"https:\/\/shopatoa.com\/ro\/tweezerman-set-pentru-aranjarea-sprancenelor-brow-shaping-set\/#primaryimage"},"image":{"@id":"https:\/\/shopatoa.com\/ro\/tweezerman-set-pentru-aranjarea-sprancenelor-brow-shaping-set\/#primaryimage"},"thumbnailUrl":"https:\/\/storage.googleapis.com\/cz-shopatoa-img\/ro\/ff0686ec-unnamed-file.webp","datePublished":"2025-05-02T12:11:39+00:00","dateModified":"2025-12-11T02:14:25+00:00","breadcrumb":{"@id":"https:\/\/shopatoa.com\/ro\/tweezerman-set-pentru-aranjarea-sprancenelor-brow-shaping-set\/#breadcrumb"},"inLanguage":"ro-RO","potentialAction":[{"@type":"ReadAction","target":["https:\/\/shopatoa.com\/ro\/tweezerman-set-pentru-aranjarea-sprancenelor-brow-shaping-set\/"]}]},{"@type":"ImageObject","inLanguage":"ro-RO","@id":"https:\/\/shopatoa.com\/ro\/tweezerman-set-pentru-aranjarea-sprancenelor-brow-shaping-set\/#primaryimage","url":"https:\/\/storage.googleapis.com\/cz-shopatoa-img\/ro\/ff0686ec-unnamed-file.webp","contentUrl":"https:\/\/storage.googleapis.com\/cz-shopatoa-img\/ro\/ff0686ec-unnamed-file.webp","width":800,"height":800},{"@type":"BreadcrumbList","@id":"https:\/\/shopatoa.com\/ro\/tweezerman-set-pentru-aranjarea-sprancenelor-brow-shaping-set\/#breadcrumb","itemListElement":[{"@type":"ListItem","position":1,"name":"Dom\u016f","item":"https:\/\/shopatoa.com\/ro\/"},{"@type":"ListItem","position":2,"name":"Shop","item":"https:\/\/shopatoa.com\/ro\/shop\/"},{"@type":"ListItem","position":3,"name":"Cosmetice","item":"https:\/\/shopatoa.com\/ro\/cosmetice\/"},{"@type":"ListItem","position":4,"name":"Cosmetice decorative","item":"https:\/\/shopatoa.com\/ro\/cosmetice-decorative\/"},{"@type":"ListItem","position":5,"name":"Accesorii cosmetice","item":"https:\/\/shopatoa.com\/ro\/accesorii-cosmetice\/"},{"@type":"ListItem","position":6,"name":"Aparate auditive","item":"https:\/\/shopatoa.com\/ro\/aparate-auditive\/"},{"@type":"ListItem","position":7,"name":"Tweezerman Set pentru aranjarea spr\u00e2ncenelor Brow Shaping Set"}]},{"@type":"WebSite","@id":"https:\/\/shopatoa.com\/ro\/#website","url":"https:\/\/shopatoa.com\/ro\/","name":"SHOPATOA","description":"","publisher":{"@id":"https:\/\/shopatoa.com\/ro\/#organization"},"potentialAction":[{"@type":"SearchAction","target":{"@type":"EntryPoint","urlTemplate":"https:\/\/shopatoa.com\/ro\/?s={search_term_string}"},"query-input":{"@type":"PropertyValueSpecification","valueRequired":true,"valueName":"search_term_string"}}],"inLanguage":"ro-RO"},{"@type":"Organization","@id":"https:\/\/shopatoa.com\/ro\/#organization","name":"SHOPATOA","url":"https:\/\/shopatoa.com\/ro\/","logo":{"@type":"ImageObject","inLanguage":"ro-RO","@id":"https:\/\/shopatoa.com\/ro\/#\/schema\/logo\/image\/","url":"https:\/\/storage.googleapis.com\/cz-shopatoa-img\/ro\/b4dac915-shopatoa_logo.png","contentUrl":"https:\/\/storage.googleapis.com\/cz-shopatoa-img\/ro\/b4dac915-shopatoa_logo.png","width":416,"height":63,"caption":"SHOPATOA"},"image":{"@id":"https:\/\/shopatoa.com\/ro\/#\/schema\/logo\/image\/"}}]}},"_links":{"self":[{"href":"https:\/\/shopatoa.com\/ro\/wp-json\/wp\/v2\/product\/301547","targetHints":{"allow":["GET"]}}],"collection":[{"href":"https:\/\/shopatoa.com\/ro\/wp-json\/wp\/v2\/product"}],"about":[{"href":"https:\/\/shopatoa.com\/ro\/wp-json\/wp\/v2\/types\/product"}],"replies":[{"embeddable":true,"href":"https:\/\/shopatoa.com\/ro\/wp-json\/wp\/v2\/comments?post=301547"}],"wp:featuredmedia":[{"embeddable":true,"href":"https:\/\/shopatoa.com\/ro\/wp-json\/wp\/v2\/media\/301548"}],"wp:attachment":[{"href":"https:\/\/shopatoa.com\/ro\/wp-json\/wp\/v2\/media?parent=301547"}],"wp:term":[{"taxonomy":"product_brand","embeddable":true,"href":"https:\/\/shopatoa.com\/ro\/wp-json\/wp\/v2\/product_brand?post=301547"},{"taxonomy":"product_cat","embeddable":true,"href":"https:\/\/shopatoa.com\/ro\/wp-json\/wp\/v2\/product_cat?post=301547"},{"taxonomy":"product_tag","embeddable":true,"href":"https:\/\/shopatoa.com\/ro\/wp-json\/wp\/v2\/product_tag?post=301547"}],"curies":[{"name":"wp","href":"https:\/\/api.w.org\/{rel}","templated":true}]}}