{"id":301739,"date":"2025-05-02T14:41:57","date_gmt":"2025-05-02T12:41:57","guid":{"rendered":"https:\/\/shopatoa.com\/ro\/foreo-issa-micro-periuta-de-dinti-electrica-pentru-copii-fuchsia\/"},"modified":"2025-12-11T03:06:27","modified_gmt":"2025-12-11T02:06:27","slug":"foreo-issa-micro-periuta-de-dinti-electrica-pentru-copii-fuchsia","status":"publish","type":"product","link":"https:\/\/shopatoa.com\/ro\/foreo-issa-micro-periuta-de-dinti-electrica-pentru-copii-fuchsia\/","title":{"rendered":"Foreo ISSA\u2122 Micro Periu\u021b\u0103 de din\u021bi electric\u0103 pentru copii Fuchsia"},"content":{"rendered":"<p>ISSA\u2122 micro re\u00eenc\u0103rcabil\u0103 este singura periu\u021b\u0103 de din\u021bi electric\u0103 pentru copii care combin\u0103 perii de silicon cu pulsuri sonore bl\u00e2nde pentru a va \u00eenv\u0103\u021ba copilul s\u0103 se spele pe din\u021bi \u00eentr-un mod sigur, eficient \u0219i distractiv. Siliconul extrem de bl\u00e2nd previne deteriorarea \u021besutului sensibil al gingiilor \u0219i a smal\u021bului din\u021bilor cu 2 moduri pentru diferite nevoi de \u00eengrijire dentar\u0103 &#8211; modul de cur\u0103\u021bare pentru cur\u0103\u021bare delicat\u0103 \u0219i modul de masaj pentru a calma gingiile. Chiar \u00eenainte de apari\u021bia primilor din\u021bi, ISSA\u2122 micro reduce cantitatea de bacterii din gur\u0103 prin \u00eendep\u0103rtarea reziduurilor alimentare \u0219i, \u00een acela\u0219i timp, amelioreaz\u0103 durerea de din\u021bi la sugari. Func\u021biile asistente \u201efa\u021b\u0103 fericit\u0103\u201d \u0219i \u201efa\u021b\u0103 incruntat\u0103\u201d se aprind in func\u021bie de timpul de periaj, ajut\u00e2nd la dezvoltarea unor obiceiuri bune de \u00eengrijire dentar\u0103 care devin distractive pentru copii \u0219i ofer\u0103 confort pentru p\u0103rin\u021bi. Designul distractiv \u0219i culorile str\u0103lucitoare vor atrage copiii mici, iar datorit\u0103 caracteristicilor inovatoare \u0219i designului sigur, p\u0103rin\u021bii le vor adora \u0219i ele.<\/p>\n","protected":false},"excerpt":{"rendered":"<p>ISSA\u2122 micro re\u00eenc\u0103rcabil\u0103 este singura periu\u021b\u0103 de din\u021bi electric\u0103 pentru copii care combin\u0103 perii de silicon cu pulsuri sonore bl\u00e2nde pentru a va \u00eenv\u0103\u021ba copilul s\u0103 se spele pe din\u021bi \u00eentr-un mod sigur, eficient \u0219i distractiv. Siliconul extrem de bl\u00e2nd previne deteriorarea \u021besutului sensibil al gingiilor \u0219i a smal\u021bului din\u021bilor cu 2 moduri pentru diferite&#8230;<\/p>\n","protected":false},"featured_media":301741,"comment_status":"closed","ping_status":"open","template":"","meta":{"_acf_changed":false,"_kadence_starter_templates_imported_post":false,"_kad_post_transparent":"","_kad_post_title":"","_kad_post_layout":"","_kad_post_sidebar_id":"","_kad_post_content_style":"","_kad_post_vertical_padding":"","_kad_post_feature":"","_kad_post_feature_position":"","_kad_post_header":false,"_kad_post_footer":false,"_kad_post_classname":""},"product_brand":[289],"product_cat":[246,709,764],"product_tag":[],"class_list":{"0":"post-301739","1":"product","2":"type-product","3":"status-publish","4":"has-post-thumbnail","6":"product_brand-foreo","7":"product_cat-cosmetice","8":"product_cat-ingrijirea-dentara","9":"product_cat-periute-de-dinti-electrice","11":"first","12":"instock","13":"sale","14":"product-type-external","15":"entry","16":"content-bg","17":"loop-entry"},"acf":[],"yoast_head":"<!-- This site is optimized with the Yoast SEO plugin v27.4 - https:\/\/yoast.com\/product\/yoast-seo-wordpress\/ -->\n<title>Foreo ISSA\u2122 Micro Periu\u021b\u0103 de din\u021bi electric\u0103 pentru copii Fuchsia - SHOPATOA.COM<\/title>\n<meta name=\"robots\" content=\"index, follow, max-snippet:-1, max-image-preview:large, max-video-preview:-1\" \/>\n<link rel=\"canonical\" href=\"https:\/\/shopatoa.com\/ro\/foreo-issa-micro-periuta-de-dinti-electrica-pentru-copii-fuchsia\/\" \/>\n<meta property=\"og:locale\" content=\"ro_RO\" \/>\n<meta property=\"og:type\" content=\"article\" \/>\n<meta property=\"og:title\" content=\"Foreo ISSA\u2122 Micro Periu\u021b\u0103 de din\u021bi electric\u0103 pentru copii Fuchsia - SHOPATOA.COM\" \/>\n<meta property=\"og:description\" content=\"ISSA\u2122 micro re\u00eenc\u0103rcabil\u0103 este singura periu\u021b\u0103 de din\u021bi electric\u0103 pentru copii care combin\u0103 perii de silicon cu pulsuri sonore bl\u00e2nde pentru a va \u00eenv\u0103\u021ba copilul s\u0103 se spele pe din\u021bi \u00eentr-un mod sigur, eficient \u0219i distractiv. Siliconul extrem de bl\u00e2nd previne deteriorarea \u021besutului sensibil al gingiilor \u0219i a smal\u021bului din\u021bilor cu 2 moduri pentru diferite...\" \/>\n<meta property=\"og:url\" content=\"https:\/\/shopatoa.com\/ro\/foreo-issa-micro-periuta-de-dinti-electrica-pentru-copii-fuchsia\/\" \/>\n<meta property=\"og:site_name\" content=\"SHOPATOA\" \/>\n<meta property=\"article:modified_time\" content=\"2025-12-11T02:06:27+00:00\" \/>\n<meta property=\"og:image\" content=\"https:\/\/storage.googleapis.com\/cz-shopatoa-img\/ro\/442d4fa9-unnamed-file.webp\" \/>\n\t<meta property=\"og:image:width\" content=\"800\" \/>\n\t<meta property=\"og:image:height\" content=\"800\" \/>\n\t<meta property=\"og:image:type\" content=\"image\/webp\" \/>\n<meta name=\"twitter:card\" content=\"summary_large_image\" \/>\n<meta name=\"twitter:label1\" content=\"Timp estimat pentru citire\" \/>\n\t<meta name=\"twitter:data1\" content=\"1 minut\" \/>\n<script type=\"application\/ld+json\" class=\"yoast-schema-graph\">{\"@context\":\"https:\\\/\\\/schema.org\",\"@graph\":[{\"@type\":\"WebPage\",\"@id\":\"https:\\\/\\\/shopatoa.com\\\/ro\\\/foreo-issa-micro-periuta-de-dinti-electrica-pentru-copii-fuchsia\\\/\",\"url\":\"https:\\\/\\\/shopatoa.com\\\/ro\\\/foreo-issa-micro-periuta-de-dinti-electrica-pentru-copii-fuchsia\\\/\",\"name\":\"Foreo ISSA\u2122 Micro Periu\u021b\u0103 de din\u021bi electric\u0103 pentru copii Fuchsia - SHOPATOA.COM\",\"isPartOf\":{\"@id\":\"https:\\\/\\\/shopatoa.com\\\/ro\\\/#website\"},\"primaryImageOfPage\":{\"@id\":\"https:\\\/\\\/shopatoa.com\\\/ro\\\/foreo-issa-micro-periuta-de-dinti-electrica-pentru-copii-fuchsia\\\/#primaryimage\"},\"image\":{\"@id\":\"https:\\\/\\\/shopatoa.com\\\/ro\\\/foreo-issa-micro-periuta-de-dinti-electrica-pentru-copii-fuchsia\\\/#primaryimage\"},\"thumbnailUrl\":\"https:\\\/\\\/storage.googleapis.com\\\/cz-shopatoa-img\\\/ro\\\/442d4fa9-unnamed-file.webp\",\"datePublished\":\"2025-05-02T12:41:57+00:00\",\"dateModified\":\"2025-12-11T02:06:27+00:00\",\"breadcrumb\":{\"@id\":\"https:\\\/\\\/shopatoa.com\\\/ro\\\/foreo-issa-micro-periuta-de-dinti-electrica-pentru-copii-fuchsia\\\/#breadcrumb\"},\"inLanguage\":\"ro-RO\",\"potentialAction\":[{\"@type\":\"ReadAction\",\"target\":[\"https:\\\/\\\/shopatoa.com\\\/ro\\\/foreo-issa-micro-periuta-de-dinti-electrica-pentru-copii-fuchsia\\\/\"]}]},{\"@type\":\"ImageObject\",\"inLanguage\":\"ro-RO\",\"@id\":\"https:\\\/\\\/shopatoa.com\\\/ro\\\/foreo-issa-micro-periuta-de-dinti-electrica-pentru-copii-fuchsia\\\/#primaryimage\",\"url\":\"https:\\\/\\\/storage.googleapis.com\\\/cz-shopatoa-img\\\/ro\\\/442d4fa9-unnamed-file.webp\",\"contentUrl\":\"https:\\\/\\\/storage.googleapis.com\\\/cz-shopatoa-img\\\/ro\\\/442d4fa9-unnamed-file.webp\",\"width\":800,\"height\":800},{\"@type\":\"BreadcrumbList\",\"@id\":\"https:\\\/\\\/shopatoa.com\\\/ro\\\/foreo-issa-micro-periuta-de-dinti-electrica-pentru-copii-fuchsia\\\/#breadcrumb\",\"itemListElement\":[{\"@type\":\"ListItem\",\"position\":1,\"name\":\"Dom\u016f\",\"item\":\"https:\\\/\\\/shopatoa.com\\\/ro\\\/\"},{\"@type\":\"ListItem\",\"position\":2,\"name\":\"Shop\",\"item\":\"https:\\\/\\\/shopatoa.com\\\/ro\\\/shop\\\/\"},{\"@type\":\"ListItem\",\"position\":3,\"name\":\"Cosmetice\",\"item\":\"https:\\\/\\\/shopatoa.com\\\/ro\\\/cosmetice\\\/\"},{\"@type\":\"ListItem\",\"position\":4,\"name\":\"\u00cengrijirea dentar\u0103\",\"item\":\"https:\\\/\\\/shopatoa.com\\\/ro\\\/ingrijirea-dentara\\\/\"},{\"@type\":\"ListItem\",\"position\":5,\"name\":\"Periu\u021be de din\u021bi electrice\",\"item\":\"https:\\\/\\\/shopatoa.com\\\/ro\\\/periute-de-dinti-electrice\\\/\"},{\"@type\":\"ListItem\",\"position\":6,\"name\":\"Foreo ISSA\u2122 Micro Periu\u021b\u0103 de din\u021bi electric\u0103 pentru copii Fuchsia\"}]},{\"@type\":\"WebSite\",\"@id\":\"https:\\\/\\\/shopatoa.com\\\/ro\\\/#website\",\"url\":\"https:\\\/\\\/shopatoa.com\\\/ro\\\/\",\"name\":\"SHOPATOA\",\"description\":\"\",\"publisher\":{\"@id\":\"https:\\\/\\\/shopatoa.com\\\/ro\\\/#organization\"},\"potentialAction\":[{\"@type\":\"SearchAction\",\"target\":{\"@type\":\"EntryPoint\",\"urlTemplate\":\"https:\\\/\\\/shopatoa.com\\\/ro\\\/?s={search_term_string}\"},\"query-input\":{\"@type\":\"PropertyValueSpecification\",\"valueRequired\":true,\"valueName\":\"search_term_string\"}}],\"inLanguage\":\"ro-RO\"},{\"@type\":\"Organization\",\"@id\":\"https:\\\/\\\/shopatoa.com\\\/ro\\\/#organization\",\"name\":\"SHOPATOA\",\"url\":\"https:\\\/\\\/shopatoa.com\\\/ro\\\/\",\"logo\":{\"@type\":\"ImageObject\",\"inLanguage\":\"ro-RO\",\"@id\":\"https:\\\/\\\/shopatoa.com\\\/ro\\\/#\\\/schema\\\/logo\\\/image\\\/\",\"url\":\"https:\\\/\\\/storage.googleapis.com\\\/cz-shopatoa-img\\\/ro\\\/b4dac915-shopatoa_logo.png\",\"contentUrl\":\"https:\\\/\\\/storage.googleapis.com\\\/cz-shopatoa-img\\\/ro\\\/b4dac915-shopatoa_logo.png\",\"width\":416,\"height\":63,\"caption\":\"SHOPATOA\"},\"image\":{\"@id\":\"https:\\\/\\\/shopatoa.com\\\/ro\\\/#\\\/schema\\\/logo\\\/image\\\/\"}}]}<\/script>\n<!-- \/ Yoast SEO plugin. -->","yoast_head_json":{"title":"Foreo ISSA\u2122 Micro Periu\u021b\u0103 de din\u021bi electric\u0103 pentru copii Fuchsia - SHOPATOA.COM","robots":{"index":"index","follow":"follow","max-snippet":"max-snippet:-1","max-image-preview":"max-image-preview:large","max-video-preview":"max-video-preview:-1"},"canonical":"https:\/\/shopatoa.com\/ro\/foreo-issa-micro-periuta-de-dinti-electrica-pentru-copii-fuchsia\/","og_locale":"ro_RO","og_type":"article","og_title":"Foreo ISSA\u2122 Micro Periu\u021b\u0103 de din\u021bi electric\u0103 pentru copii Fuchsia - SHOPATOA.COM","og_description":"ISSA\u2122 micro re\u00eenc\u0103rcabil\u0103 este singura periu\u021b\u0103 de din\u021bi electric\u0103 pentru copii care combin\u0103 perii de silicon cu pulsuri sonore bl\u00e2nde pentru a va \u00eenv\u0103\u021ba copilul s\u0103 se spele pe din\u021bi \u00eentr-un mod sigur, eficient \u0219i distractiv. Siliconul extrem de bl\u00e2nd previne deteriorarea \u021besutului sensibil al gingiilor \u0219i a smal\u021bului din\u021bilor cu 2 moduri pentru diferite...","og_url":"https:\/\/shopatoa.com\/ro\/foreo-issa-micro-periuta-de-dinti-electrica-pentru-copii-fuchsia\/","og_site_name":"SHOPATOA","article_modified_time":"2025-12-11T02:06:27+00:00","og_image":[{"width":800,"height":800,"url":"https:\/\/storage.googleapis.com\/cz-shopatoa-img\/ro\/442d4fa9-unnamed-file.webp","type":"image\/webp"}],"twitter_card":"summary_large_image","twitter_misc":{"Timp estimat pentru citire":"1 minut"},"schema":{"@context":"https:\/\/schema.org","@graph":[{"@type":"WebPage","@id":"https:\/\/shopatoa.com\/ro\/foreo-issa-micro-periuta-de-dinti-electrica-pentru-copii-fuchsia\/","url":"https:\/\/shopatoa.com\/ro\/foreo-issa-micro-periuta-de-dinti-electrica-pentru-copii-fuchsia\/","name":"Foreo ISSA\u2122 Micro Periu\u021b\u0103 de din\u021bi electric\u0103 pentru copii Fuchsia - SHOPATOA.COM","isPartOf":{"@id":"https:\/\/shopatoa.com\/ro\/#website"},"primaryImageOfPage":{"@id":"https:\/\/shopatoa.com\/ro\/foreo-issa-micro-periuta-de-dinti-electrica-pentru-copii-fuchsia\/#primaryimage"},"image":{"@id":"https:\/\/shopatoa.com\/ro\/foreo-issa-micro-periuta-de-dinti-electrica-pentru-copii-fuchsia\/#primaryimage"},"thumbnailUrl":"https:\/\/storage.googleapis.com\/cz-shopatoa-img\/ro\/442d4fa9-unnamed-file.webp","datePublished":"2025-05-02T12:41:57+00:00","dateModified":"2025-12-11T02:06:27+00:00","breadcrumb":{"@id":"https:\/\/shopatoa.com\/ro\/foreo-issa-micro-periuta-de-dinti-electrica-pentru-copii-fuchsia\/#breadcrumb"},"inLanguage":"ro-RO","potentialAction":[{"@type":"ReadAction","target":["https:\/\/shopatoa.com\/ro\/foreo-issa-micro-periuta-de-dinti-electrica-pentru-copii-fuchsia\/"]}]},{"@type":"ImageObject","inLanguage":"ro-RO","@id":"https:\/\/shopatoa.com\/ro\/foreo-issa-micro-periuta-de-dinti-electrica-pentru-copii-fuchsia\/#primaryimage","url":"https:\/\/storage.googleapis.com\/cz-shopatoa-img\/ro\/442d4fa9-unnamed-file.webp","contentUrl":"https:\/\/storage.googleapis.com\/cz-shopatoa-img\/ro\/442d4fa9-unnamed-file.webp","width":800,"height":800},{"@type":"BreadcrumbList","@id":"https:\/\/shopatoa.com\/ro\/foreo-issa-micro-periuta-de-dinti-electrica-pentru-copii-fuchsia\/#breadcrumb","itemListElement":[{"@type":"ListItem","position":1,"name":"Dom\u016f","item":"https:\/\/shopatoa.com\/ro\/"},{"@type":"ListItem","position":2,"name":"Shop","item":"https:\/\/shopatoa.com\/ro\/shop\/"},{"@type":"ListItem","position":3,"name":"Cosmetice","item":"https:\/\/shopatoa.com\/ro\/cosmetice\/"},{"@type":"ListItem","position":4,"name":"\u00cengrijirea dentar\u0103","item":"https:\/\/shopatoa.com\/ro\/ingrijirea-dentara\/"},{"@type":"ListItem","position":5,"name":"Periu\u021be de din\u021bi electrice","item":"https:\/\/shopatoa.com\/ro\/periute-de-dinti-electrice\/"},{"@type":"ListItem","position":6,"name":"Foreo ISSA\u2122 Micro Periu\u021b\u0103 de din\u021bi electric\u0103 pentru copii Fuchsia"}]},{"@type":"WebSite","@id":"https:\/\/shopatoa.com\/ro\/#website","url":"https:\/\/shopatoa.com\/ro\/","name":"SHOPATOA","description":"","publisher":{"@id":"https:\/\/shopatoa.com\/ro\/#organization"},"potentialAction":[{"@type":"SearchAction","target":{"@type":"EntryPoint","urlTemplate":"https:\/\/shopatoa.com\/ro\/?s={search_term_string}"},"query-input":{"@type":"PropertyValueSpecification","valueRequired":true,"valueName":"search_term_string"}}],"inLanguage":"ro-RO"},{"@type":"Organization","@id":"https:\/\/shopatoa.com\/ro\/#organization","name":"SHOPATOA","url":"https:\/\/shopatoa.com\/ro\/","logo":{"@type":"ImageObject","inLanguage":"ro-RO","@id":"https:\/\/shopatoa.com\/ro\/#\/schema\/logo\/image\/","url":"https:\/\/storage.googleapis.com\/cz-shopatoa-img\/ro\/b4dac915-shopatoa_logo.png","contentUrl":"https:\/\/storage.googleapis.com\/cz-shopatoa-img\/ro\/b4dac915-shopatoa_logo.png","width":416,"height":63,"caption":"SHOPATOA"},"image":{"@id":"https:\/\/shopatoa.com\/ro\/#\/schema\/logo\/image\/"}}]}},"_links":{"self":[{"href":"https:\/\/shopatoa.com\/ro\/wp-json\/wp\/v2\/product\/301739","targetHints":{"allow":["GET"]}}],"collection":[{"href":"https:\/\/shopatoa.com\/ro\/wp-json\/wp\/v2\/product"}],"about":[{"href":"https:\/\/shopatoa.com\/ro\/wp-json\/wp\/v2\/types\/product"}],"replies":[{"embeddable":true,"href":"https:\/\/shopatoa.com\/ro\/wp-json\/wp\/v2\/comments?post=301739"}],"wp:featuredmedia":[{"embeddable":true,"href":"https:\/\/shopatoa.com\/ro\/wp-json\/wp\/v2\/media\/301741"}],"wp:attachment":[{"href":"https:\/\/shopatoa.com\/ro\/wp-json\/wp\/v2\/media?parent=301739"}],"wp:term":[{"taxonomy":"product_brand","embeddable":true,"href":"https:\/\/shopatoa.com\/ro\/wp-json\/wp\/v2\/product_brand?post=301739"},{"taxonomy":"product_cat","embeddable":true,"href":"https:\/\/shopatoa.com\/ro\/wp-json\/wp\/v2\/product_cat?post=301739"},{"taxonomy":"product_tag","embeddable":true,"href":"https:\/\/shopatoa.com\/ro\/wp-json\/wp\/v2\/product_tag?post=301739"}],"curies":[{"name":"wp","href":"https:\/\/api.w.org\/{rel}","templated":true}]}}