{"id":302112,"date":"2025-05-02T15:45:10","date_gmt":"2025-05-02T13:45:10","guid":{"rendered":"https:\/\/shopatoa.com\/ro\/concept-placa-de-par-cu-abur-elite-steam-boost-vz6010\/"},"modified":"2025-12-11T02:53:31","modified_gmt":"2025-12-11T01:53:31","slug":"concept-placa-de-par-cu-abur-elite-steam-boost-vz6010","status":"publish","type":"product","link":"https:\/\/shopatoa.com\/ro\/concept-placa-de-par-cu-abur-elite-steam-boost-vz6010\/","title":{"rendered":"Concept Plac\u0103 de p\u0103r cu abur Elite Steam Boost VZ6010"},"content":{"rendered":"<p>Placa de p\u0103r cu abur Steam Boost Concept VZ6010 Elite ofer\u0103 \u00eengrijire bl\u00e2nd\u0103 pentru fiecare tip de p\u0103r \u0219i este potrivit\u0103 at\u00e2t pentru uz casnic, c\u00e2t \u0219i pentru uz profesional. V\u0103 va ajuta la c\u0103lcat, crearea valuri \u0219i m\u0103rirea volumului coafurii. Placa de p\u0103r profesionala pentru \u00eengrijirea de zi cu zi Placa de p\u0103r cu abur Steam Boost Concept VZ6010 din seria Elite este potrivit\u0103 pentru \u00eengrijirea p\u0103rului de zi cu zi nu numai acas\u0103, ci \u0219i in saloanele de coafur\u0103. Este echipat\u0103 cu tehnologie de abur extrem de bl\u00e2nd\u0103 \u0219i eficient\u0103 \u0219i o lungime a cablului peste standard de 2,5 m. Aburul este bl\u00e2nd cu p\u0103rul dvs. Principalul avantaj al pl\u0103cii de p\u0103r cu abur VZ6010 este \u00eengrijirea foarte bl\u00e2nd\u0103 a p\u0103rului. Tehnologia cu abur asigur\u0103 hidratare profund\u0103 a p\u0103rului, protec\u021bie \u00eempotriva temperaturilor ridicate \u0219i poate vindeca v\u00e2rfurile despicate . Ve\u021bi ob\u021bine un p\u0103r perfect neted \u0219i natural str\u0103lucitor \u00een cel mai scurt timp. Placa cu abur VZ6010 \u00eendreapt\u0103 toate tipurile de p\u0103r, inclusiv cel gros si cre\u021b. Marginile rotunjite ale pl\u0103cii permit crearea rapida a valuri Datorit\u0103 marginilor rotunjite ale pl\u0103cii de p\u0103r, nu numai c\u0103 pute\u021bi c\u0103lca p\u0103rul, dar pute\u021bi \u0219i ondula sau cre\u0219te volumul coafurii. Toate acestea foarte u\u0219or \u0219i rapid cu o singur\u0103 mi\u0219care. Pl\u0103cile de c\u0103lcat plutitoare se adapteaz\u0103 fiec\u0103rei \u0219uvi\u021be Placa de p\u0103r cu abur Steam Boost VZ6010 este echipat\u0103 cu pl\u0103ci de c\u0103lcat plutitoare care sunt foarte bl\u00e2nde cu p\u0103rul dvs. \u00cen timpul c\u0103lc\u0103rii, se adapteaz\u0103 la grosimea fiec\u0103rei \u0219uvi\u021be, astfel \u00eenc\u00e2t s\u0103 se ob\u021bin\u0103 o presiune optim\u0103 \u0219i uniform\u0103 \u0219i p\u0103rul s\u0103 nu fie deteriorat sau rupt. Placa de p\u0103r este dotat\u0103 cu un sistem de \u00eenc\u0103lzire rapid \u0219i datorit\u0103 suprafe\u021bei ceramice a suprafe\u021belor de calcat c\u0103ldura este distribuit\u0103 uniform pe toata suprafa\u021ba. Rezultatul este un p\u0103r perfect drept \u0219i str\u0103lucitor. Potrivit pentru fiecare tip de p\u0103r Placa de p\u0103r ofer\u0103 o gam\u0103 de 5 niveluri de temperatur\u0103, deci este potrivit at\u00e2t pentru p\u0103rul fin, c\u00e2t \u0219i pentru p\u0103rul gros \u0219i cre\u021b. Pute\u021bi monitoriza temperatura setat\u0103 \u00een prezent pe ecranul LED clar. Pentru a spori siguran\u021ba, este echipata cu o func\u021bie de oprire automat\u0103 dup\u0103 60 de minute de inactivitate. Placa de par include \u0219i o hus\u0103 de protec\u021bie de c\u0103l\u0103torie \u0219i un lac\u0103t pentru blocarea suprafe\u021belor de c\u0103lcat, care protejeaz\u0103 suprafa\u021ba pl\u0103cilor de zg\u00e2rieturi.<\/p>\n","protected":false},"excerpt":{"rendered":"<p>Placa de p\u0103r cu abur Steam Boost Concept VZ6010 Elite ofer\u0103 \u00eengrijire bl\u00e2nd\u0103 pentru fiecare tip de p\u0103r \u0219i este potrivit\u0103 at\u00e2t pentru uz casnic, c\u00e2t \u0219i pentru uz profesional. V\u0103 va ajuta la c\u0103lcat, crearea valuri \u0219i m\u0103rirea volumului coafurii. Placa de p\u0103r profesionala pentru \u00eengrijirea de zi cu zi Placa de p\u0103r cu&#8230;<\/p>\n","protected":false},"featured_media":302114,"comment_status":"closed","ping_status":"open","template":"","meta":{"_acf_changed":false,"_kadence_starter_templates_imported_post":false,"_kad_post_transparent":"","_kad_post_title":"","_kad_post_layout":"","_kad_post_sidebar_id":"","_kad_post_content_style":"","_kad_post_vertical_padding":"","_kad_post_feature":"","_kad_post_feature_position":"","_kad_post_header":false,"_kad_post_footer":false,"_kad_post_classname":""},"product_brand":[427],"product_cat":[246,727,623,624],"product_tag":[],"class_list":{"0":"post-302112","1":"product","2":"type-product","3":"status-publish","4":"has-post-thumbnail","6":"product_brand-concept","7":"product_cat-cosmetice","8":"product_cat-placa-pentru-par","9":"product_cat-produse-cosmetice-pentru-par","10":"product_cat-produse-aparate-si-accesorii-pentru-par","12":"first","13":"instock","14":"sale","15":"product-type-external","16":"entry","17":"content-bg","18":"loop-entry"},"acf":[],"yoast_head":"<!-- This site is optimized with the Yoast SEO plugin v27.4 - https:\/\/yoast.com\/product\/yoast-seo-wordpress\/ -->\n<title>Concept Plac\u0103 de p\u0103r cu abur Elite Steam Boost VZ6010 - SHOPATOA.COM<\/title>\n<meta name=\"robots\" content=\"index, follow, max-snippet:-1, max-image-preview:large, max-video-preview:-1\" \/>\n<link rel=\"canonical\" href=\"https:\/\/shopatoa.com\/ro\/concept-placa-de-par-cu-abur-elite-steam-boost-vz6010\/\" \/>\n<meta property=\"og:locale\" content=\"ro_RO\" \/>\n<meta property=\"og:type\" content=\"article\" \/>\n<meta property=\"og:title\" content=\"Concept Plac\u0103 de p\u0103r cu abur Elite Steam Boost VZ6010 - SHOPATOA.COM\" \/>\n<meta property=\"og:description\" content=\"Placa de p\u0103r cu abur Steam Boost Concept VZ6010 Elite ofer\u0103 \u00eengrijire bl\u00e2nd\u0103 pentru fiecare tip de p\u0103r \u0219i este potrivit\u0103 at\u00e2t pentru uz casnic, c\u00e2t \u0219i pentru uz profesional. V\u0103 va ajuta la c\u0103lcat, crearea valuri \u0219i m\u0103rirea volumului coafurii. Placa de p\u0103r profesionala pentru \u00eengrijirea de zi cu zi Placa de p\u0103r cu...\" \/>\n<meta property=\"og:url\" content=\"https:\/\/shopatoa.com\/ro\/concept-placa-de-par-cu-abur-elite-steam-boost-vz6010\/\" \/>\n<meta property=\"og:site_name\" content=\"SHOPATOA\" \/>\n<meta property=\"article:modified_time\" content=\"2025-12-11T01:53:31+00:00\" \/>\n<meta property=\"og:image\" content=\"https:\/\/storage.googleapis.com\/cz-shopatoa-img\/ro\/cb7bf6aa-unnamed-file.webp\" \/>\n\t<meta property=\"og:image:width\" content=\"800\" \/>\n\t<meta property=\"og:image:height\" content=\"800\" \/>\n\t<meta property=\"og:image:type\" content=\"image\/webp\" \/>\n<meta name=\"twitter:card\" content=\"summary_large_image\" \/>\n<meta name=\"twitter:label1\" content=\"Timp estimat pentru citire\" \/>\n\t<meta name=\"twitter:data1\" content=\"2 minute\" \/>\n<script type=\"application\/ld+json\" class=\"yoast-schema-graph\">{\"@context\":\"https:\\\/\\\/schema.org\",\"@graph\":[{\"@type\":\"WebPage\",\"@id\":\"https:\\\/\\\/shopatoa.com\\\/ro\\\/concept-placa-de-par-cu-abur-elite-steam-boost-vz6010\\\/\",\"url\":\"https:\\\/\\\/shopatoa.com\\\/ro\\\/concept-placa-de-par-cu-abur-elite-steam-boost-vz6010\\\/\",\"name\":\"Concept Plac\u0103 de p\u0103r cu abur Elite Steam Boost VZ6010 - SHOPATOA.COM\",\"isPartOf\":{\"@id\":\"https:\\\/\\\/shopatoa.com\\\/ro\\\/#website\"},\"primaryImageOfPage\":{\"@id\":\"https:\\\/\\\/shopatoa.com\\\/ro\\\/concept-placa-de-par-cu-abur-elite-steam-boost-vz6010\\\/#primaryimage\"},\"image\":{\"@id\":\"https:\\\/\\\/shopatoa.com\\\/ro\\\/concept-placa-de-par-cu-abur-elite-steam-boost-vz6010\\\/#primaryimage\"},\"thumbnailUrl\":\"https:\\\/\\\/storage.googleapis.com\\\/cz-shopatoa-img\\\/ro\\\/cb7bf6aa-unnamed-file.webp\",\"datePublished\":\"2025-05-02T13:45:10+00:00\",\"dateModified\":\"2025-12-11T01:53:31+00:00\",\"breadcrumb\":{\"@id\":\"https:\\\/\\\/shopatoa.com\\\/ro\\\/concept-placa-de-par-cu-abur-elite-steam-boost-vz6010\\\/#breadcrumb\"},\"inLanguage\":\"ro-RO\",\"potentialAction\":[{\"@type\":\"ReadAction\",\"target\":[\"https:\\\/\\\/shopatoa.com\\\/ro\\\/concept-placa-de-par-cu-abur-elite-steam-boost-vz6010\\\/\"]}]},{\"@type\":\"ImageObject\",\"inLanguage\":\"ro-RO\",\"@id\":\"https:\\\/\\\/shopatoa.com\\\/ro\\\/concept-placa-de-par-cu-abur-elite-steam-boost-vz6010\\\/#primaryimage\",\"url\":\"https:\\\/\\\/storage.googleapis.com\\\/cz-shopatoa-img\\\/ro\\\/cb7bf6aa-unnamed-file.webp\",\"contentUrl\":\"https:\\\/\\\/storage.googleapis.com\\\/cz-shopatoa-img\\\/ro\\\/cb7bf6aa-unnamed-file.webp\",\"width\":800,\"height\":800},{\"@type\":\"BreadcrumbList\",\"@id\":\"https:\\\/\\\/shopatoa.com\\\/ro\\\/concept-placa-de-par-cu-abur-elite-steam-boost-vz6010\\\/#breadcrumb\",\"itemListElement\":[{\"@type\":\"ListItem\",\"position\":1,\"name\":\"Dom\u016f\",\"item\":\"https:\\\/\\\/shopatoa.com\\\/ro\\\/\"},{\"@type\":\"ListItem\",\"position\":2,\"name\":\"Shop\",\"item\":\"https:\\\/\\\/shopatoa.com\\\/ro\\\/shop\\\/\"},{\"@type\":\"ListItem\",\"position\":3,\"name\":\"Cosmetice\",\"item\":\"https:\\\/\\\/shopatoa.com\\\/ro\\\/cosmetice\\\/\"},{\"@type\":\"ListItem\",\"position\":4,\"name\":\"Produse cosmetice pentru p\u0103r\",\"item\":\"https:\\\/\\\/shopatoa.com\\\/ro\\\/produse-cosmetice-pentru-par\\\/\"},{\"@type\":\"ListItem\",\"position\":5,\"name\":\"Produse, aparate \u0219i accesorii pentru p\u0103r\",\"item\":\"https:\\\/\\\/shopatoa.com\\\/ro\\\/produse-aparate-si-accesorii-pentru-par\\\/\"},{\"@type\":\"ListItem\",\"position\":6,\"name\":\"Plac\u0103 pentru p\u0103r\",\"item\":\"https:\\\/\\\/shopatoa.com\\\/ro\\\/placa-pentru-par\\\/\"},{\"@type\":\"ListItem\",\"position\":7,\"name\":\"Concept Plac\u0103 de p\u0103r cu abur Elite Steam Boost VZ6010\"}]},{\"@type\":\"WebSite\",\"@id\":\"https:\\\/\\\/shopatoa.com\\\/ro\\\/#website\",\"url\":\"https:\\\/\\\/shopatoa.com\\\/ro\\\/\",\"name\":\"SHOPATOA\",\"description\":\"\",\"publisher\":{\"@id\":\"https:\\\/\\\/shopatoa.com\\\/ro\\\/#organization\"},\"potentialAction\":[{\"@type\":\"SearchAction\",\"target\":{\"@type\":\"EntryPoint\",\"urlTemplate\":\"https:\\\/\\\/shopatoa.com\\\/ro\\\/?s={search_term_string}\"},\"query-input\":{\"@type\":\"PropertyValueSpecification\",\"valueRequired\":true,\"valueName\":\"search_term_string\"}}],\"inLanguage\":\"ro-RO\"},{\"@type\":\"Organization\",\"@id\":\"https:\\\/\\\/shopatoa.com\\\/ro\\\/#organization\",\"name\":\"SHOPATOA\",\"url\":\"https:\\\/\\\/shopatoa.com\\\/ro\\\/\",\"logo\":{\"@type\":\"ImageObject\",\"inLanguage\":\"ro-RO\",\"@id\":\"https:\\\/\\\/shopatoa.com\\\/ro\\\/#\\\/schema\\\/logo\\\/image\\\/\",\"url\":\"https:\\\/\\\/storage.googleapis.com\\\/cz-shopatoa-img\\\/ro\\\/b4dac915-shopatoa_logo.png\",\"contentUrl\":\"https:\\\/\\\/storage.googleapis.com\\\/cz-shopatoa-img\\\/ro\\\/b4dac915-shopatoa_logo.png\",\"width\":416,\"height\":63,\"caption\":\"SHOPATOA\"},\"image\":{\"@id\":\"https:\\\/\\\/shopatoa.com\\\/ro\\\/#\\\/schema\\\/logo\\\/image\\\/\"}}]}<\/script>\n<!-- \/ Yoast SEO plugin. -->","yoast_head_json":{"title":"Concept Plac\u0103 de p\u0103r cu abur Elite Steam Boost VZ6010 - SHOPATOA.COM","robots":{"index":"index","follow":"follow","max-snippet":"max-snippet:-1","max-image-preview":"max-image-preview:large","max-video-preview":"max-video-preview:-1"},"canonical":"https:\/\/shopatoa.com\/ro\/concept-placa-de-par-cu-abur-elite-steam-boost-vz6010\/","og_locale":"ro_RO","og_type":"article","og_title":"Concept Plac\u0103 de p\u0103r cu abur Elite Steam Boost VZ6010 - SHOPATOA.COM","og_description":"Placa de p\u0103r cu abur Steam Boost Concept VZ6010 Elite ofer\u0103 \u00eengrijire bl\u00e2nd\u0103 pentru fiecare tip de p\u0103r \u0219i este potrivit\u0103 at\u00e2t pentru uz casnic, c\u00e2t \u0219i pentru uz profesional. V\u0103 va ajuta la c\u0103lcat, crearea valuri \u0219i m\u0103rirea volumului coafurii. Placa de p\u0103r profesionala pentru \u00eengrijirea de zi cu zi Placa de p\u0103r cu...","og_url":"https:\/\/shopatoa.com\/ro\/concept-placa-de-par-cu-abur-elite-steam-boost-vz6010\/","og_site_name":"SHOPATOA","article_modified_time":"2025-12-11T01:53:31+00:00","og_image":[{"width":800,"height":800,"url":"https:\/\/storage.googleapis.com\/cz-shopatoa-img\/ro\/cb7bf6aa-unnamed-file.webp","type":"image\/webp"}],"twitter_card":"summary_large_image","twitter_misc":{"Timp estimat pentru citire":"2 minute"},"schema":{"@context":"https:\/\/schema.org","@graph":[{"@type":"WebPage","@id":"https:\/\/shopatoa.com\/ro\/concept-placa-de-par-cu-abur-elite-steam-boost-vz6010\/","url":"https:\/\/shopatoa.com\/ro\/concept-placa-de-par-cu-abur-elite-steam-boost-vz6010\/","name":"Concept Plac\u0103 de p\u0103r cu abur Elite Steam Boost VZ6010 - SHOPATOA.COM","isPartOf":{"@id":"https:\/\/shopatoa.com\/ro\/#website"},"primaryImageOfPage":{"@id":"https:\/\/shopatoa.com\/ro\/concept-placa-de-par-cu-abur-elite-steam-boost-vz6010\/#primaryimage"},"image":{"@id":"https:\/\/shopatoa.com\/ro\/concept-placa-de-par-cu-abur-elite-steam-boost-vz6010\/#primaryimage"},"thumbnailUrl":"https:\/\/storage.googleapis.com\/cz-shopatoa-img\/ro\/cb7bf6aa-unnamed-file.webp","datePublished":"2025-05-02T13:45:10+00:00","dateModified":"2025-12-11T01:53:31+00:00","breadcrumb":{"@id":"https:\/\/shopatoa.com\/ro\/concept-placa-de-par-cu-abur-elite-steam-boost-vz6010\/#breadcrumb"},"inLanguage":"ro-RO","potentialAction":[{"@type":"ReadAction","target":["https:\/\/shopatoa.com\/ro\/concept-placa-de-par-cu-abur-elite-steam-boost-vz6010\/"]}]},{"@type":"ImageObject","inLanguage":"ro-RO","@id":"https:\/\/shopatoa.com\/ro\/concept-placa-de-par-cu-abur-elite-steam-boost-vz6010\/#primaryimage","url":"https:\/\/storage.googleapis.com\/cz-shopatoa-img\/ro\/cb7bf6aa-unnamed-file.webp","contentUrl":"https:\/\/storage.googleapis.com\/cz-shopatoa-img\/ro\/cb7bf6aa-unnamed-file.webp","width":800,"height":800},{"@type":"BreadcrumbList","@id":"https:\/\/shopatoa.com\/ro\/concept-placa-de-par-cu-abur-elite-steam-boost-vz6010\/#breadcrumb","itemListElement":[{"@type":"ListItem","position":1,"name":"Dom\u016f","item":"https:\/\/shopatoa.com\/ro\/"},{"@type":"ListItem","position":2,"name":"Shop","item":"https:\/\/shopatoa.com\/ro\/shop\/"},{"@type":"ListItem","position":3,"name":"Cosmetice","item":"https:\/\/shopatoa.com\/ro\/cosmetice\/"},{"@type":"ListItem","position":4,"name":"Produse cosmetice pentru p\u0103r","item":"https:\/\/shopatoa.com\/ro\/produse-cosmetice-pentru-par\/"},{"@type":"ListItem","position":5,"name":"Produse, aparate \u0219i accesorii pentru p\u0103r","item":"https:\/\/shopatoa.com\/ro\/produse-aparate-si-accesorii-pentru-par\/"},{"@type":"ListItem","position":6,"name":"Plac\u0103 pentru p\u0103r","item":"https:\/\/shopatoa.com\/ro\/placa-pentru-par\/"},{"@type":"ListItem","position":7,"name":"Concept Plac\u0103 de p\u0103r cu abur Elite Steam Boost VZ6010"}]},{"@type":"WebSite","@id":"https:\/\/shopatoa.com\/ro\/#website","url":"https:\/\/shopatoa.com\/ro\/","name":"SHOPATOA","description":"","publisher":{"@id":"https:\/\/shopatoa.com\/ro\/#organization"},"potentialAction":[{"@type":"SearchAction","target":{"@type":"EntryPoint","urlTemplate":"https:\/\/shopatoa.com\/ro\/?s={search_term_string}"},"query-input":{"@type":"PropertyValueSpecification","valueRequired":true,"valueName":"search_term_string"}}],"inLanguage":"ro-RO"},{"@type":"Organization","@id":"https:\/\/shopatoa.com\/ro\/#organization","name":"SHOPATOA","url":"https:\/\/shopatoa.com\/ro\/","logo":{"@type":"ImageObject","inLanguage":"ro-RO","@id":"https:\/\/shopatoa.com\/ro\/#\/schema\/logo\/image\/","url":"https:\/\/storage.googleapis.com\/cz-shopatoa-img\/ro\/b4dac915-shopatoa_logo.png","contentUrl":"https:\/\/storage.googleapis.com\/cz-shopatoa-img\/ro\/b4dac915-shopatoa_logo.png","width":416,"height":63,"caption":"SHOPATOA"},"image":{"@id":"https:\/\/shopatoa.com\/ro\/#\/schema\/logo\/image\/"}}]}},"_links":{"self":[{"href":"https:\/\/shopatoa.com\/ro\/wp-json\/wp\/v2\/product\/302112","targetHints":{"allow":["GET"]}}],"collection":[{"href":"https:\/\/shopatoa.com\/ro\/wp-json\/wp\/v2\/product"}],"about":[{"href":"https:\/\/shopatoa.com\/ro\/wp-json\/wp\/v2\/types\/product"}],"replies":[{"embeddable":true,"href":"https:\/\/shopatoa.com\/ro\/wp-json\/wp\/v2\/comments?post=302112"}],"wp:featuredmedia":[{"embeddable":true,"href":"https:\/\/shopatoa.com\/ro\/wp-json\/wp\/v2\/media\/302114"}],"wp:attachment":[{"href":"https:\/\/shopatoa.com\/ro\/wp-json\/wp\/v2\/media?parent=302112"}],"wp:term":[{"taxonomy":"product_brand","embeddable":true,"href":"https:\/\/shopatoa.com\/ro\/wp-json\/wp\/v2\/product_brand?post=302112"},{"taxonomy":"product_cat","embeddable":true,"href":"https:\/\/shopatoa.com\/ro\/wp-json\/wp\/v2\/product_cat?post=302112"},{"taxonomy":"product_tag","embeddable":true,"href":"https:\/\/shopatoa.com\/ro\/wp-json\/wp\/v2\/product_tag?post=302112"}],"curies":[{"name":"wp","href":"https:\/\/api.w.org\/{rel}","templated":true}]}}