{"id":302136,"date":"2025-05-02T15:46:46","date_gmt":"2025-05-02T13:46:46","guid":{"rendered":"https:\/\/shopatoa.com\/ro\/concept-uscator-de-par-elite-ionic-infrared-boost-vv6030\/"},"modified":"2025-12-11T02:53:09","modified_gmt":"2025-12-11T01:53:09","slug":"concept-uscator-de-par-elite-ionic-infrared-boost-vv6030","status":"publish","type":"product","link":"https:\/\/shopatoa.com\/ro\/concept-uscator-de-par-elite-ionic-infrared-boost-vv6030\/","title":{"rendered":"Concept Usc\u0103tor de p\u0103r Elite Ionic Infrared Boost VV6030"},"content":{"rendered":"<p>Usc\u0103torul de p\u0103r Ionic Infrared Boost Concept VV6030 Elite are lumin\u0103 \u00een infraro\u0219u \u0219i un ionizator, astfel \u00eenc\u00e2t este bl\u00e2nd cu p\u0103rul \u0219i potrivit pentru utilizarea de zi cu zi. Este echipat cu un motor BLDC puternic, o lungime superioar\u0103 a cablului \u0219i 5 ata\u0219amente \u00eenlocuibile. Usc\u0103tor de p\u0103r profesional pentru \u00eengrijirea de zi cu zi Usc\u0103torul de p\u0103r Ionic Infrared Boost Concept VV6030 din seria Elite este potrivit pentru \u00eengrijirea zilnic\u0103 a p\u0103rului nu numai acas\u0103, ci \u0219i \u00een saloanele de coafur\u0103. Are tehnologie infraro\u0219ie \u0219i ionic\u0103, un motor BLDC de \u00eenalt\u0103 performan\u021b\u0103 cu o putere de 2200 W, o lungime a cablului peste standard de 3 m \u0219i 5 ata\u0219amente \u00eenlocuibile. \u00cen timpul usc\u0103rii, pute\u021bi alege dintre 3 niveluri de temperatur\u0103 \u0219i 2 viteze de suflare. Exist\u0103, de asemenea, o func\u021bie cool shot, care folose\u0219te aer rece pentru a fixa coafura final\u0103. Lumina infraro\u0219ie protejeaz\u0103 p\u0103rul de deteriorare \u0219i previne uscarea acestuia Usc\u0103torul de p\u0103r VV6030 folose\u0219te tehnologia modern\u0103 de lumin\u0103 infraro\u0219ie, care accelereaz\u0103 \u00eentregul proces de uscare a p\u0103rului. P\u0103rul este \u00eenc\u0103lzit din interior \u0219i acest lucru \u00eempiedic\u0103 uscarea structurii sale exterioare. Radia\u021biile infraro\u0219ii p\u0103trund \u00een p\u0103r, blocheaz\u0103 umiditatea \u0219i \u00eel protejeaz\u0103 de deteriorare. Rezultatul este un p\u0103r regenerat, catifelat, moale \u0219i str\u0103lucitor . Ionizatorul ofer\u0103 p\u0103rului umiditate natural\u0103 \u0219i previne electrizarea \u0219i \u00eencre\u021birea Ionizatorul creeaz\u0103 ioni negativi care p\u0103trund \u00een structura p\u0103rului, unde hidrateaz\u0103 \u0219i neteze\u0219te suprafa\u021ba lui uzat\u0103. Cu utilizare repetat\u0103, ajut\u0103 la hr\u0103nirea corect\u0103 a p\u0103rului, previne \u00eencre\u021birea, faciliteaz\u0103 coafarea \u0219i piept\u0103narea . Usc\u0103torul de p\u0103r VV6030 este potrivit pentru toate tipurile de p\u0103r, inclusiv. fragil, sl\u0103bit \u0219i deteriorat \u00een alt mod. Difuzorul va ad\u0103uga volum p\u0103rului dvs. Difuzorul este unul dintre accesoriile de baz\u0103 ale majorit\u0103\u021bii usc\u0103toarelor de p\u0103r. Este ideal pentru uscarea p\u0103rului cre\u021b, deoarece disperseaz\u0103 c\u0103ldura uniform pe tot capul \u0219i nu d\u0103uneaz\u0103 buclelor. Pute\u021bi folosi \u0219i difuzorul pe p\u0103rul drept pentru a-i cre\u0219te volumul \u0219i a-i oferi valuri fine. Modelul VV6030 Elite are 2 tipuri de difuzoare. Cel mic este potrivit pentru uscarea parului fin, cel mare pentru realizarea volumului maxim al valurilor dvs. Accesoriu pieptene pentru volum de la r\u0103d\u0103cini Accesoriul pieptene este folosit pentru piept\u0103narea \u0219i ridicarea p\u0103rului de la r\u0103d\u0103cini. Datorit\u0103 acestui lucru, ve\u021bi ob\u021bine o coafur\u0103 voluminoas\u0103. Concentratorul este ideal pentru coafarea p\u0103rului sau pentru uscarea p\u0103rului cu o perie Concentratorul v\u0103 permite s\u0103 direc\u021biona\u021bi aerul cald din usc\u0103tor de p\u0103r exact acolo unde ave\u021bi nevoie. Este un ajutor ideal atunci c\u00e2nd modela\u021bi o coafur\u0103 sau usca\u021bi p\u0103rul cu o perie. \u00cen echipamentul de baz\u0103 al usc\u0103torului de p\u0103r VV6030, ve\u021bi g\u0103si 2 tipuri de concentrator: \u00eengust pentru p\u0103r pufos \u0219i lat pentru suflarea perfect\u0103 a p\u0103rului drept.<\/p>\n","protected":false},"excerpt":{"rendered":"<p>Usc\u0103torul de p\u0103r Ionic Infrared Boost Concept VV6030 Elite are lumin\u0103 \u00een infraro\u0219u \u0219i un ionizator, astfel \u00eenc\u00e2t este bl\u00e2nd cu p\u0103rul \u0219i potrivit pentru utilizarea de zi cu zi. Este echipat cu un motor BLDC puternic, o lungime superioar\u0103 a cablului \u0219i 5 ata\u0219amente \u00eenlocuibile. Usc\u0103tor de p\u0103r profesional pentru \u00eengrijirea de zi cu&#8230;<\/p>\n","protected":false},"featured_media":302137,"comment_status":"closed","ping_status":"open","template":"","meta":{"_acf_changed":false,"_kadence_starter_templates_imported_post":false,"_kad_post_transparent":"","_kad_post_title":"","_kad_post_layout":"","_kad_post_sidebar_id":"","_kad_post_content_style":"","_kad_post_vertical_padding":"","_kad_post_feature":"","_kad_post_feature_position":"","_kad_post_header":false,"_kad_post_footer":false,"_kad_post_classname":""},"product_brand":[427],"product_cat":[246,623,624,762],"product_tag":[],"class_list":{"0":"post-302136","1":"product","2":"type-product","3":"status-publish","4":"has-post-thumbnail","6":"product_brand-concept","7":"product_cat-cosmetice","8":"product_cat-produse-cosmetice-pentru-par","9":"product_cat-produse-aparate-si-accesorii-pentru-par","10":"product_cat-uscatoare-de-par-fenuri","12":"first","13":"instock","14":"sale","15":"product-type-external","16":"entry","17":"content-bg","18":"loop-entry"},"acf":[],"yoast_head":"<!-- This site is optimized with the Yoast SEO plugin v27.4 - https:\/\/yoast.com\/product\/yoast-seo-wordpress\/ -->\n<title>Concept Usc\u0103tor de p\u0103r Elite Ionic Infrared Boost VV6030 - SHOPATOA.COM<\/title>\n<meta name=\"robots\" content=\"index, follow, max-snippet:-1, max-image-preview:large, max-video-preview:-1\" \/>\n<link rel=\"canonical\" href=\"https:\/\/shopatoa.com\/ro\/concept-uscator-de-par-elite-ionic-infrared-boost-vv6030\/\" \/>\n<meta property=\"og:locale\" content=\"ro_RO\" \/>\n<meta property=\"og:type\" content=\"article\" \/>\n<meta property=\"og:title\" content=\"Concept Usc\u0103tor de p\u0103r Elite Ionic Infrared Boost VV6030 - SHOPATOA.COM\" \/>\n<meta property=\"og:description\" content=\"Usc\u0103torul de p\u0103r Ionic Infrared Boost Concept VV6030 Elite are lumin\u0103 \u00een infraro\u0219u \u0219i un ionizator, astfel \u00eenc\u00e2t este bl\u00e2nd cu p\u0103rul \u0219i potrivit pentru utilizarea de zi cu zi. Este echipat cu un motor BLDC puternic, o lungime superioar\u0103 a cablului \u0219i 5 ata\u0219amente \u00eenlocuibile. Usc\u0103tor de p\u0103r profesional pentru \u00eengrijirea de zi cu...\" \/>\n<meta property=\"og:url\" content=\"https:\/\/shopatoa.com\/ro\/concept-uscator-de-par-elite-ionic-infrared-boost-vv6030\/\" \/>\n<meta property=\"og:site_name\" content=\"SHOPATOA\" \/>\n<meta property=\"article:modified_time\" content=\"2025-12-11T01:53:09+00:00\" \/>\n<meta property=\"og:image\" content=\"https:\/\/storage.googleapis.com\/cz-shopatoa-img\/ro\/3bca12ba-unnamed-file.webp\" \/>\n\t<meta property=\"og:image:width\" content=\"800\" \/>\n\t<meta property=\"og:image:height\" content=\"800\" \/>\n\t<meta property=\"og:image:type\" content=\"image\/webp\" \/>\n<meta name=\"twitter:card\" content=\"summary_large_image\" \/>\n<meta name=\"twitter:label1\" content=\"Timp estimat pentru citire\" \/>\n\t<meta name=\"twitter:data1\" content=\"3 minute\" \/>\n<script type=\"application\/ld+json\" class=\"yoast-schema-graph\">{\"@context\":\"https:\\\/\\\/schema.org\",\"@graph\":[{\"@type\":\"WebPage\",\"@id\":\"https:\\\/\\\/shopatoa.com\\\/ro\\\/concept-uscator-de-par-elite-ionic-infrared-boost-vv6030\\\/\",\"url\":\"https:\\\/\\\/shopatoa.com\\\/ro\\\/concept-uscator-de-par-elite-ionic-infrared-boost-vv6030\\\/\",\"name\":\"Concept Usc\u0103tor de p\u0103r Elite Ionic Infrared Boost VV6030 - SHOPATOA.COM\",\"isPartOf\":{\"@id\":\"https:\\\/\\\/shopatoa.com\\\/ro\\\/#website\"},\"primaryImageOfPage\":{\"@id\":\"https:\\\/\\\/shopatoa.com\\\/ro\\\/concept-uscator-de-par-elite-ionic-infrared-boost-vv6030\\\/#primaryimage\"},\"image\":{\"@id\":\"https:\\\/\\\/shopatoa.com\\\/ro\\\/concept-uscator-de-par-elite-ionic-infrared-boost-vv6030\\\/#primaryimage\"},\"thumbnailUrl\":\"https:\\\/\\\/storage.googleapis.com\\\/cz-shopatoa-img\\\/ro\\\/3bca12ba-unnamed-file.webp\",\"datePublished\":\"2025-05-02T13:46:46+00:00\",\"dateModified\":\"2025-12-11T01:53:09+00:00\",\"breadcrumb\":{\"@id\":\"https:\\\/\\\/shopatoa.com\\\/ro\\\/concept-uscator-de-par-elite-ionic-infrared-boost-vv6030\\\/#breadcrumb\"},\"inLanguage\":\"ro-RO\",\"potentialAction\":[{\"@type\":\"ReadAction\",\"target\":[\"https:\\\/\\\/shopatoa.com\\\/ro\\\/concept-uscator-de-par-elite-ionic-infrared-boost-vv6030\\\/\"]}]},{\"@type\":\"ImageObject\",\"inLanguage\":\"ro-RO\",\"@id\":\"https:\\\/\\\/shopatoa.com\\\/ro\\\/concept-uscator-de-par-elite-ionic-infrared-boost-vv6030\\\/#primaryimage\",\"url\":\"https:\\\/\\\/storage.googleapis.com\\\/cz-shopatoa-img\\\/ro\\\/3bca12ba-unnamed-file.webp\",\"contentUrl\":\"https:\\\/\\\/storage.googleapis.com\\\/cz-shopatoa-img\\\/ro\\\/3bca12ba-unnamed-file.webp\",\"width\":800,\"height\":800},{\"@type\":\"BreadcrumbList\",\"@id\":\"https:\\\/\\\/shopatoa.com\\\/ro\\\/concept-uscator-de-par-elite-ionic-infrared-boost-vv6030\\\/#breadcrumb\",\"itemListElement\":[{\"@type\":\"ListItem\",\"position\":1,\"name\":\"Dom\u016f\",\"item\":\"https:\\\/\\\/shopatoa.com\\\/ro\\\/\"},{\"@type\":\"ListItem\",\"position\":2,\"name\":\"Shop\",\"item\":\"https:\\\/\\\/shopatoa.com\\\/ro\\\/shop\\\/\"},{\"@type\":\"ListItem\",\"position\":3,\"name\":\"Cosmetice\",\"item\":\"https:\\\/\\\/shopatoa.com\\\/ro\\\/cosmetice\\\/\"},{\"@type\":\"ListItem\",\"position\":4,\"name\":\"Produse cosmetice pentru p\u0103r\",\"item\":\"https:\\\/\\\/shopatoa.com\\\/ro\\\/produse-cosmetice-pentru-par\\\/\"},{\"@type\":\"ListItem\",\"position\":5,\"name\":\"Produse, aparate \u0219i accesorii pentru p\u0103r\",\"item\":\"https:\\\/\\\/shopatoa.com\\\/ro\\\/produse-aparate-si-accesorii-pentru-par\\\/\"},{\"@type\":\"ListItem\",\"position\":6,\"name\":\"Usc\u0103toare de p\u0103r, fenuri\",\"item\":\"https:\\\/\\\/shopatoa.com\\\/ro\\\/uscatoare-de-par-fenuri\\\/\"},{\"@type\":\"ListItem\",\"position\":7,\"name\":\"Concept Usc\u0103tor de p\u0103r Elite Ionic Infrared Boost VV6030\"}]},{\"@type\":\"WebSite\",\"@id\":\"https:\\\/\\\/shopatoa.com\\\/ro\\\/#website\",\"url\":\"https:\\\/\\\/shopatoa.com\\\/ro\\\/\",\"name\":\"SHOPATOA\",\"description\":\"\",\"publisher\":{\"@id\":\"https:\\\/\\\/shopatoa.com\\\/ro\\\/#organization\"},\"potentialAction\":[{\"@type\":\"SearchAction\",\"target\":{\"@type\":\"EntryPoint\",\"urlTemplate\":\"https:\\\/\\\/shopatoa.com\\\/ro\\\/?s={search_term_string}\"},\"query-input\":{\"@type\":\"PropertyValueSpecification\",\"valueRequired\":true,\"valueName\":\"search_term_string\"}}],\"inLanguage\":\"ro-RO\"},{\"@type\":\"Organization\",\"@id\":\"https:\\\/\\\/shopatoa.com\\\/ro\\\/#organization\",\"name\":\"SHOPATOA\",\"url\":\"https:\\\/\\\/shopatoa.com\\\/ro\\\/\",\"logo\":{\"@type\":\"ImageObject\",\"inLanguage\":\"ro-RO\",\"@id\":\"https:\\\/\\\/shopatoa.com\\\/ro\\\/#\\\/schema\\\/logo\\\/image\\\/\",\"url\":\"https:\\\/\\\/storage.googleapis.com\\\/cz-shopatoa-img\\\/ro\\\/b4dac915-shopatoa_logo.png\",\"contentUrl\":\"https:\\\/\\\/storage.googleapis.com\\\/cz-shopatoa-img\\\/ro\\\/b4dac915-shopatoa_logo.png\",\"width\":416,\"height\":63,\"caption\":\"SHOPATOA\"},\"image\":{\"@id\":\"https:\\\/\\\/shopatoa.com\\\/ro\\\/#\\\/schema\\\/logo\\\/image\\\/\"}}]}<\/script>\n<!-- \/ Yoast SEO plugin. -->","yoast_head_json":{"title":"Concept Usc\u0103tor de p\u0103r Elite Ionic Infrared Boost VV6030 - SHOPATOA.COM","robots":{"index":"index","follow":"follow","max-snippet":"max-snippet:-1","max-image-preview":"max-image-preview:large","max-video-preview":"max-video-preview:-1"},"canonical":"https:\/\/shopatoa.com\/ro\/concept-uscator-de-par-elite-ionic-infrared-boost-vv6030\/","og_locale":"ro_RO","og_type":"article","og_title":"Concept Usc\u0103tor de p\u0103r Elite Ionic Infrared Boost VV6030 - SHOPATOA.COM","og_description":"Usc\u0103torul de p\u0103r Ionic Infrared Boost Concept VV6030 Elite are lumin\u0103 \u00een infraro\u0219u \u0219i un ionizator, astfel \u00eenc\u00e2t este bl\u00e2nd cu p\u0103rul \u0219i potrivit pentru utilizarea de zi cu zi. Este echipat cu un motor BLDC puternic, o lungime superioar\u0103 a cablului \u0219i 5 ata\u0219amente \u00eenlocuibile. Usc\u0103tor de p\u0103r profesional pentru \u00eengrijirea de zi cu...","og_url":"https:\/\/shopatoa.com\/ro\/concept-uscator-de-par-elite-ionic-infrared-boost-vv6030\/","og_site_name":"SHOPATOA","article_modified_time":"2025-12-11T01:53:09+00:00","og_image":[{"width":800,"height":800,"url":"https:\/\/storage.googleapis.com\/cz-shopatoa-img\/ro\/3bca12ba-unnamed-file.webp","type":"image\/webp"}],"twitter_card":"summary_large_image","twitter_misc":{"Timp estimat pentru citire":"3 minute"},"schema":{"@context":"https:\/\/schema.org","@graph":[{"@type":"WebPage","@id":"https:\/\/shopatoa.com\/ro\/concept-uscator-de-par-elite-ionic-infrared-boost-vv6030\/","url":"https:\/\/shopatoa.com\/ro\/concept-uscator-de-par-elite-ionic-infrared-boost-vv6030\/","name":"Concept Usc\u0103tor de p\u0103r Elite Ionic Infrared Boost VV6030 - SHOPATOA.COM","isPartOf":{"@id":"https:\/\/shopatoa.com\/ro\/#website"},"primaryImageOfPage":{"@id":"https:\/\/shopatoa.com\/ro\/concept-uscator-de-par-elite-ionic-infrared-boost-vv6030\/#primaryimage"},"image":{"@id":"https:\/\/shopatoa.com\/ro\/concept-uscator-de-par-elite-ionic-infrared-boost-vv6030\/#primaryimage"},"thumbnailUrl":"https:\/\/storage.googleapis.com\/cz-shopatoa-img\/ro\/3bca12ba-unnamed-file.webp","datePublished":"2025-05-02T13:46:46+00:00","dateModified":"2025-12-11T01:53:09+00:00","breadcrumb":{"@id":"https:\/\/shopatoa.com\/ro\/concept-uscator-de-par-elite-ionic-infrared-boost-vv6030\/#breadcrumb"},"inLanguage":"ro-RO","potentialAction":[{"@type":"ReadAction","target":["https:\/\/shopatoa.com\/ro\/concept-uscator-de-par-elite-ionic-infrared-boost-vv6030\/"]}]},{"@type":"ImageObject","inLanguage":"ro-RO","@id":"https:\/\/shopatoa.com\/ro\/concept-uscator-de-par-elite-ionic-infrared-boost-vv6030\/#primaryimage","url":"https:\/\/storage.googleapis.com\/cz-shopatoa-img\/ro\/3bca12ba-unnamed-file.webp","contentUrl":"https:\/\/storage.googleapis.com\/cz-shopatoa-img\/ro\/3bca12ba-unnamed-file.webp","width":800,"height":800},{"@type":"BreadcrumbList","@id":"https:\/\/shopatoa.com\/ro\/concept-uscator-de-par-elite-ionic-infrared-boost-vv6030\/#breadcrumb","itemListElement":[{"@type":"ListItem","position":1,"name":"Dom\u016f","item":"https:\/\/shopatoa.com\/ro\/"},{"@type":"ListItem","position":2,"name":"Shop","item":"https:\/\/shopatoa.com\/ro\/shop\/"},{"@type":"ListItem","position":3,"name":"Cosmetice","item":"https:\/\/shopatoa.com\/ro\/cosmetice\/"},{"@type":"ListItem","position":4,"name":"Produse cosmetice pentru p\u0103r","item":"https:\/\/shopatoa.com\/ro\/produse-cosmetice-pentru-par\/"},{"@type":"ListItem","position":5,"name":"Produse, aparate \u0219i accesorii pentru p\u0103r","item":"https:\/\/shopatoa.com\/ro\/produse-aparate-si-accesorii-pentru-par\/"},{"@type":"ListItem","position":6,"name":"Usc\u0103toare de p\u0103r, fenuri","item":"https:\/\/shopatoa.com\/ro\/uscatoare-de-par-fenuri\/"},{"@type":"ListItem","position":7,"name":"Concept Usc\u0103tor de p\u0103r Elite Ionic Infrared Boost VV6030"}]},{"@type":"WebSite","@id":"https:\/\/shopatoa.com\/ro\/#website","url":"https:\/\/shopatoa.com\/ro\/","name":"SHOPATOA","description":"","publisher":{"@id":"https:\/\/shopatoa.com\/ro\/#organization"},"potentialAction":[{"@type":"SearchAction","target":{"@type":"EntryPoint","urlTemplate":"https:\/\/shopatoa.com\/ro\/?s={search_term_string}"},"query-input":{"@type":"PropertyValueSpecification","valueRequired":true,"valueName":"search_term_string"}}],"inLanguage":"ro-RO"},{"@type":"Organization","@id":"https:\/\/shopatoa.com\/ro\/#organization","name":"SHOPATOA","url":"https:\/\/shopatoa.com\/ro\/","logo":{"@type":"ImageObject","inLanguage":"ro-RO","@id":"https:\/\/shopatoa.com\/ro\/#\/schema\/logo\/image\/","url":"https:\/\/storage.googleapis.com\/cz-shopatoa-img\/ro\/b4dac915-shopatoa_logo.png","contentUrl":"https:\/\/storage.googleapis.com\/cz-shopatoa-img\/ro\/b4dac915-shopatoa_logo.png","width":416,"height":63,"caption":"SHOPATOA"},"image":{"@id":"https:\/\/shopatoa.com\/ro\/#\/schema\/logo\/image\/"}}]}},"_links":{"self":[{"href":"https:\/\/shopatoa.com\/ro\/wp-json\/wp\/v2\/product\/302136","targetHints":{"allow":["GET"]}}],"collection":[{"href":"https:\/\/shopatoa.com\/ro\/wp-json\/wp\/v2\/product"}],"about":[{"href":"https:\/\/shopatoa.com\/ro\/wp-json\/wp\/v2\/types\/product"}],"replies":[{"embeddable":true,"href":"https:\/\/shopatoa.com\/ro\/wp-json\/wp\/v2\/comments?post=302136"}],"wp:featuredmedia":[{"embeddable":true,"href":"https:\/\/shopatoa.com\/ro\/wp-json\/wp\/v2\/media\/302137"}],"wp:attachment":[{"href":"https:\/\/shopatoa.com\/ro\/wp-json\/wp\/v2\/media?parent=302136"}],"wp:term":[{"taxonomy":"product_brand","embeddable":true,"href":"https:\/\/shopatoa.com\/ro\/wp-json\/wp\/v2\/product_brand?post=302136"},{"taxonomy":"product_cat","embeddable":true,"href":"https:\/\/shopatoa.com\/ro\/wp-json\/wp\/v2\/product_cat?post=302136"},{"taxonomy":"product_tag","embeddable":true,"href":"https:\/\/shopatoa.com\/ro\/wp-json\/wp\/v2\/product_tag?post=302136"}],"curies":[{"name":"wp","href":"https:\/\/api.w.org\/{rel}","templated":true}]}}