{"id":302284,"date":"2025-05-02T16:11:03","date_gmt":"2025-05-02T14:11:03","guid":{"rendered":"https:\/\/shopatoa.com\/ro\/proficare-uscator-de-par-profesional-ht-3017\/"},"modified":"2025-12-11T02:43:56","modified_gmt":"2025-12-11T01:43:56","slug":"proficare-uscator-de-par-profesional-ht-3017","status":"publish","type":"product","link":"https:\/\/shopatoa.com\/ro\/proficare-uscator-de-par-profesional-ht-3017\/","title":{"rendered":"ProfiCare Usc\u0103tor de p\u0103r profesional HT 3017"},"content":{"rendered":"<p>Usc\u0103torul de p\u0103r profesional cu un motor AC puternic este, de asemenea, potrivit pentru nevoile de salon, cu o rezisten\u021b\u0103 mai lung\u0103 cu p\u00e2n\u0103 la 70%. Flux de aer deosebit de puternic pentru uscare rapid\u0103 \u0219i eficient\u0103. Avantajul este func\u021bia de ionizare pentru a crea un efect antistatic. P\u0103rul nu este uscat, dar este neted \u0219i str\u0103lucitor. Usc\u0103torul de p\u0103r poate fi ac\u021bionat \u00een 3 temperaturi \u0219i 2 viteze + Cool Shot. Duz\u0103 de modelare foarte precis\u0103 pentru o coafare precis\u0103, rotativ\u0103 la 360\u00b0 \u0219i deta\u0219abil\u0103. Are filtru deta\u0219abil de admisie a aerului. Cablul extra lung este de p\u00e2n\u0103 la (aprox. 2 m). Husa este realizat\u0103 din material Soft Touch \u0219i este at\u00e2t de pl\u0103cut\u0103 la atingere. Exist\u0103 un ochi de ag\u0103\u021bat pe m\u00e2ner pentru ag\u0103\u021barea eventuala a usc\u0103torului de p\u0103r. Protec\u021bia \u00eempotriva supra\u00eenc\u0103lzirii are grij\u0103 de siguran\u021b\u0103.<\/p>\n","protected":false},"excerpt":{"rendered":"<p>Usc\u0103torul de p\u0103r profesional cu un motor AC puternic este, de asemenea, potrivit pentru nevoile de salon, cu o rezisten\u021b\u0103 mai lung\u0103 cu p\u00e2n\u0103 la 70%. Flux de aer deosebit de puternic pentru uscare rapid\u0103 \u0219i eficient\u0103. Avantajul este func\u021bia de ionizare pentru a crea un efect antistatic. P\u0103rul nu este uscat, dar este neted&#8230;<\/p>\n","protected":false},"featured_media":302286,"comment_status":"closed","ping_status":"open","template":"","meta":{"_acf_changed":false,"_kadence_starter_templates_imported_post":false,"_kad_post_transparent":"","_kad_post_title":"","_kad_post_layout":"","_kad_post_sidebar_id":"","_kad_post_content_style":"","_kad_post_vertical_padding":"","_kad_post_feature":"","_kad_post_feature_position":"","_kad_post_header":false,"_kad_post_footer":false,"_kad_post_classname":""},"product_brand":[876],"product_cat":[246,623,624,762],"product_tag":[],"class_list":{"0":"post-302284","1":"product","2":"type-product","3":"status-publish","4":"has-post-thumbnail","6":"product_brand-proficare","7":"product_cat-cosmetice","8":"product_cat-produse-cosmetice-pentru-par","9":"product_cat-produse-aparate-si-accesorii-pentru-par","10":"product_cat-uscatoare-de-par-fenuri","12":"first","13":"instock","14":"sale","15":"product-type-external","16":"entry","17":"content-bg","18":"loop-entry"},"acf":[],"yoast_head":"<!-- This site is optimized with the Yoast SEO plugin v27.4 - https:\/\/yoast.com\/product\/yoast-seo-wordpress\/ -->\n<title>ProfiCare Usc\u0103tor de p\u0103r profesional HT 3017 - SHOPATOA.COM<\/title>\n<meta name=\"robots\" content=\"index, follow, max-snippet:-1, max-image-preview:large, max-video-preview:-1\" \/>\n<link rel=\"canonical\" href=\"https:\/\/shopatoa.com\/ro\/proficare-uscator-de-par-profesional-ht-3017\/\" \/>\n<meta property=\"og:locale\" content=\"ro_RO\" \/>\n<meta property=\"og:type\" content=\"article\" \/>\n<meta property=\"og:title\" content=\"ProfiCare Usc\u0103tor de p\u0103r profesional HT 3017 - SHOPATOA.COM\" \/>\n<meta property=\"og:description\" content=\"Usc\u0103torul de p\u0103r profesional cu un motor AC puternic este, de asemenea, potrivit pentru nevoile de salon, cu o rezisten\u021b\u0103 mai lung\u0103 cu p\u00e2n\u0103 la 70%. Flux de aer deosebit de puternic pentru uscare rapid\u0103 \u0219i eficient\u0103. Avantajul este func\u021bia de ionizare pentru a crea un efect antistatic. P\u0103rul nu este uscat, dar este neted...\" \/>\n<meta property=\"og:url\" content=\"https:\/\/shopatoa.com\/ro\/proficare-uscator-de-par-profesional-ht-3017\/\" \/>\n<meta property=\"og:site_name\" content=\"SHOPATOA\" \/>\n<meta property=\"article:modified_time\" content=\"2025-12-11T01:43:56+00:00\" \/>\n<meta property=\"og:image\" content=\"https:\/\/storage.googleapis.com\/cz-shopatoa-img\/ro\/38a740f2-unnamed-file.webp\" \/>\n\t<meta property=\"og:image:width\" content=\"800\" \/>\n\t<meta property=\"og:image:height\" content=\"800\" \/>\n\t<meta property=\"og:image:type\" content=\"image\/webp\" \/>\n<meta name=\"twitter:card\" content=\"summary_large_image\" \/>\n<meta name=\"twitter:label1\" content=\"Timp estimat pentru citire\" \/>\n\t<meta name=\"twitter:data1\" content=\"1 minut\" \/>\n<script type=\"application\/ld+json\" class=\"yoast-schema-graph\">{\"@context\":\"https:\\\/\\\/schema.org\",\"@graph\":[{\"@type\":\"WebPage\",\"@id\":\"https:\\\/\\\/shopatoa.com\\\/ro\\\/proficare-uscator-de-par-profesional-ht-3017\\\/\",\"url\":\"https:\\\/\\\/shopatoa.com\\\/ro\\\/proficare-uscator-de-par-profesional-ht-3017\\\/\",\"name\":\"ProfiCare Usc\u0103tor de p\u0103r profesional HT 3017 - SHOPATOA.COM\",\"isPartOf\":{\"@id\":\"https:\\\/\\\/shopatoa.com\\\/ro\\\/#website\"},\"primaryImageOfPage\":{\"@id\":\"https:\\\/\\\/shopatoa.com\\\/ro\\\/proficare-uscator-de-par-profesional-ht-3017\\\/#primaryimage\"},\"image\":{\"@id\":\"https:\\\/\\\/shopatoa.com\\\/ro\\\/proficare-uscator-de-par-profesional-ht-3017\\\/#primaryimage\"},\"thumbnailUrl\":\"https:\\\/\\\/storage.googleapis.com\\\/cz-shopatoa-img\\\/ro\\\/38a740f2-unnamed-file.webp\",\"datePublished\":\"2025-05-02T14:11:03+00:00\",\"dateModified\":\"2025-12-11T01:43:56+00:00\",\"breadcrumb\":{\"@id\":\"https:\\\/\\\/shopatoa.com\\\/ro\\\/proficare-uscator-de-par-profesional-ht-3017\\\/#breadcrumb\"},\"inLanguage\":\"ro-RO\",\"potentialAction\":[{\"@type\":\"ReadAction\",\"target\":[\"https:\\\/\\\/shopatoa.com\\\/ro\\\/proficare-uscator-de-par-profesional-ht-3017\\\/\"]}]},{\"@type\":\"ImageObject\",\"inLanguage\":\"ro-RO\",\"@id\":\"https:\\\/\\\/shopatoa.com\\\/ro\\\/proficare-uscator-de-par-profesional-ht-3017\\\/#primaryimage\",\"url\":\"https:\\\/\\\/storage.googleapis.com\\\/cz-shopatoa-img\\\/ro\\\/38a740f2-unnamed-file.webp\",\"contentUrl\":\"https:\\\/\\\/storage.googleapis.com\\\/cz-shopatoa-img\\\/ro\\\/38a740f2-unnamed-file.webp\",\"width\":800,\"height\":800},{\"@type\":\"BreadcrumbList\",\"@id\":\"https:\\\/\\\/shopatoa.com\\\/ro\\\/proficare-uscator-de-par-profesional-ht-3017\\\/#breadcrumb\",\"itemListElement\":[{\"@type\":\"ListItem\",\"position\":1,\"name\":\"Dom\u016f\",\"item\":\"https:\\\/\\\/shopatoa.com\\\/ro\\\/\"},{\"@type\":\"ListItem\",\"position\":2,\"name\":\"Shop\",\"item\":\"https:\\\/\\\/shopatoa.com\\\/ro\\\/shop\\\/\"},{\"@type\":\"ListItem\",\"position\":3,\"name\":\"Cosmetice\",\"item\":\"https:\\\/\\\/shopatoa.com\\\/ro\\\/cosmetice\\\/\"},{\"@type\":\"ListItem\",\"position\":4,\"name\":\"Produse cosmetice pentru p\u0103r\",\"item\":\"https:\\\/\\\/shopatoa.com\\\/ro\\\/produse-cosmetice-pentru-par\\\/\"},{\"@type\":\"ListItem\",\"position\":5,\"name\":\"Produse, aparate \u0219i accesorii pentru p\u0103r\",\"item\":\"https:\\\/\\\/shopatoa.com\\\/ro\\\/produse-aparate-si-accesorii-pentru-par\\\/\"},{\"@type\":\"ListItem\",\"position\":6,\"name\":\"Usc\u0103toare de p\u0103r, fenuri\",\"item\":\"https:\\\/\\\/shopatoa.com\\\/ro\\\/uscatoare-de-par-fenuri\\\/\"},{\"@type\":\"ListItem\",\"position\":7,\"name\":\"ProfiCare Usc\u0103tor de p\u0103r profesional HT 3017\"}]},{\"@type\":\"WebSite\",\"@id\":\"https:\\\/\\\/shopatoa.com\\\/ro\\\/#website\",\"url\":\"https:\\\/\\\/shopatoa.com\\\/ro\\\/\",\"name\":\"SHOPATOA\",\"description\":\"\",\"publisher\":{\"@id\":\"https:\\\/\\\/shopatoa.com\\\/ro\\\/#organization\"},\"potentialAction\":[{\"@type\":\"SearchAction\",\"target\":{\"@type\":\"EntryPoint\",\"urlTemplate\":\"https:\\\/\\\/shopatoa.com\\\/ro\\\/?s={search_term_string}\"},\"query-input\":{\"@type\":\"PropertyValueSpecification\",\"valueRequired\":true,\"valueName\":\"search_term_string\"}}],\"inLanguage\":\"ro-RO\"},{\"@type\":\"Organization\",\"@id\":\"https:\\\/\\\/shopatoa.com\\\/ro\\\/#organization\",\"name\":\"SHOPATOA\",\"url\":\"https:\\\/\\\/shopatoa.com\\\/ro\\\/\",\"logo\":{\"@type\":\"ImageObject\",\"inLanguage\":\"ro-RO\",\"@id\":\"https:\\\/\\\/shopatoa.com\\\/ro\\\/#\\\/schema\\\/logo\\\/image\\\/\",\"url\":\"https:\\\/\\\/storage.googleapis.com\\\/cz-shopatoa-img\\\/ro\\\/b4dac915-shopatoa_logo.png\",\"contentUrl\":\"https:\\\/\\\/storage.googleapis.com\\\/cz-shopatoa-img\\\/ro\\\/b4dac915-shopatoa_logo.png\",\"width\":416,\"height\":63,\"caption\":\"SHOPATOA\"},\"image\":{\"@id\":\"https:\\\/\\\/shopatoa.com\\\/ro\\\/#\\\/schema\\\/logo\\\/image\\\/\"}}]}<\/script>\n<!-- \/ Yoast SEO plugin. -->","yoast_head_json":{"title":"ProfiCare Usc\u0103tor de p\u0103r profesional HT 3017 - SHOPATOA.COM","robots":{"index":"index","follow":"follow","max-snippet":"max-snippet:-1","max-image-preview":"max-image-preview:large","max-video-preview":"max-video-preview:-1"},"canonical":"https:\/\/shopatoa.com\/ro\/proficare-uscator-de-par-profesional-ht-3017\/","og_locale":"ro_RO","og_type":"article","og_title":"ProfiCare Usc\u0103tor de p\u0103r profesional HT 3017 - SHOPATOA.COM","og_description":"Usc\u0103torul de p\u0103r profesional cu un motor AC puternic este, de asemenea, potrivit pentru nevoile de salon, cu o rezisten\u021b\u0103 mai lung\u0103 cu p\u00e2n\u0103 la 70%. Flux de aer deosebit de puternic pentru uscare rapid\u0103 \u0219i eficient\u0103. Avantajul este func\u021bia de ionizare pentru a crea un efect antistatic. P\u0103rul nu este uscat, dar este neted...","og_url":"https:\/\/shopatoa.com\/ro\/proficare-uscator-de-par-profesional-ht-3017\/","og_site_name":"SHOPATOA","article_modified_time":"2025-12-11T01:43:56+00:00","og_image":[{"width":800,"height":800,"url":"https:\/\/storage.googleapis.com\/cz-shopatoa-img\/ro\/38a740f2-unnamed-file.webp","type":"image\/webp"}],"twitter_card":"summary_large_image","twitter_misc":{"Timp estimat pentru citire":"1 minut"},"schema":{"@context":"https:\/\/schema.org","@graph":[{"@type":"WebPage","@id":"https:\/\/shopatoa.com\/ro\/proficare-uscator-de-par-profesional-ht-3017\/","url":"https:\/\/shopatoa.com\/ro\/proficare-uscator-de-par-profesional-ht-3017\/","name":"ProfiCare Usc\u0103tor de p\u0103r profesional HT 3017 - SHOPATOA.COM","isPartOf":{"@id":"https:\/\/shopatoa.com\/ro\/#website"},"primaryImageOfPage":{"@id":"https:\/\/shopatoa.com\/ro\/proficare-uscator-de-par-profesional-ht-3017\/#primaryimage"},"image":{"@id":"https:\/\/shopatoa.com\/ro\/proficare-uscator-de-par-profesional-ht-3017\/#primaryimage"},"thumbnailUrl":"https:\/\/storage.googleapis.com\/cz-shopatoa-img\/ro\/38a740f2-unnamed-file.webp","datePublished":"2025-05-02T14:11:03+00:00","dateModified":"2025-12-11T01:43:56+00:00","breadcrumb":{"@id":"https:\/\/shopatoa.com\/ro\/proficare-uscator-de-par-profesional-ht-3017\/#breadcrumb"},"inLanguage":"ro-RO","potentialAction":[{"@type":"ReadAction","target":["https:\/\/shopatoa.com\/ro\/proficare-uscator-de-par-profesional-ht-3017\/"]}]},{"@type":"ImageObject","inLanguage":"ro-RO","@id":"https:\/\/shopatoa.com\/ro\/proficare-uscator-de-par-profesional-ht-3017\/#primaryimage","url":"https:\/\/storage.googleapis.com\/cz-shopatoa-img\/ro\/38a740f2-unnamed-file.webp","contentUrl":"https:\/\/storage.googleapis.com\/cz-shopatoa-img\/ro\/38a740f2-unnamed-file.webp","width":800,"height":800},{"@type":"BreadcrumbList","@id":"https:\/\/shopatoa.com\/ro\/proficare-uscator-de-par-profesional-ht-3017\/#breadcrumb","itemListElement":[{"@type":"ListItem","position":1,"name":"Dom\u016f","item":"https:\/\/shopatoa.com\/ro\/"},{"@type":"ListItem","position":2,"name":"Shop","item":"https:\/\/shopatoa.com\/ro\/shop\/"},{"@type":"ListItem","position":3,"name":"Cosmetice","item":"https:\/\/shopatoa.com\/ro\/cosmetice\/"},{"@type":"ListItem","position":4,"name":"Produse cosmetice pentru p\u0103r","item":"https:\/\/shopatoa.com\/ro\/produse-cosmetice-pentru-par\/"},{"@type":"ListItem","position":5,"name":"Produse, aparate \u0219i accesorii pentru p\u0103r","item":"https:\/\/shopatoa.com\/ro\/produse-aparate-si-accesorii-pentru-par\/"},{"@type":"ListItem","position":6,"name":"Usc\u0103toare de p\u0103r, fenuri","item":"https:\/\/shopatoa.com\/ro\/uscatoare-de-par-fenuri\/"},{"@type":"ListItem","position":7,"name":"ProfiCare Usc\u0103tor de p\u0103r profesional HT 3017"}]},{"@type":"WebSite","@id":"https:\/\/shopatoa.com\/ro\/#website","url":"https:\/\/shopatoa.com\/ro\/","name":"SHOPATOA","description":"","publisher":{"@id":"https:\/\/shopatoa.com\/ro\/#organization"},"potentialAction":[{"@type":"SearchAction","target":{"@type":"EntryPoint","urlTemplate":"https:\/\/shopatoa.com\/ro\/?s={search_term_string}"},"query-input":{"@type":"PropertyValueSpecification","valueRequired":true,"valueName":"search_term_string"}}],"inLanguage":"ro-RO"},{"@type":"Organization","@id":"https:\/\/shopatoa.com\/ro\/#organization","name":"SHOPATOA","url":"https:\/\/shopatoa.com\/ro\/","logo":{"@type":"ImageObject","inLanguage":"ro-RO","@id":"https:\/\/shopatoa.com\/ro\/#\/schema\/logo\/image\/","url":"https:\/\/storage.googleapis.com\/cz-shopatoa-img\/ro\/b4dac915-shopatoa_logo.png","contentUrl":"https:\/\/storage.googleapis.com\/cz-shopatoa-img\/ro\/b4dac915-shopatoa_logo.png","width":416,"height":63,"caption":"SHOPATOA"},"image":{"@id":"https:\/\/shopatoa.com\/ro\/#\/schema\/logo\/image\/"}}]}},"_links":{"self":[{"href":"https:\/\/shopatoa.com\/ro\/wp-json\/wp\/v2\/product\/302284","targetHints":{"allow":["GET"]}}],"collection":[{"href":"https:\/\/shopatoa.com\/ro\/wp-json\/wp\/v2\/product"}],"about":[{"href":"https:\/\/shopatoa.com\/ro\/wp-json\/wp\/v2\/types\/product"}],"replies":[{"embeddable":true,"href":"https:\/\/shopatoa.com\/ro\/wp-json\/wp\/v2\/comments?post=302284"}],"wp:featuredmedia":[{"embeddable":true,"href":"https:\/\/shopatoa.com\/ro\/wp-json\/wp\/v2\/media\/302286"}],"wp:attachment":[{"href":"https:\/\/shopatoa.com\/ro\/wp-json\/wp\/v2\/media?parent=302284"}],"wp:term":[{"taxonomy":"product_brand","embeddable":true,"href":"https:\/\/shopatoa.com\/ro\/wp-json\/wp\/v2\/product_brand?post=302284"},{"taxonomy":"product_cat","embeddable":true,"href":"https:\/\/shopatoa.com\/ro\/wp-json\/wp\/v2\/product_cat?post=302284"},{"taxonomy":"product_tag","embeddable":true,"href":"https:\/\/shopatoa.com\/ro\/wp-json\/wp\/v2\/product_tag?post=302284"}],"curies":[{"name":"wp","href":"https:\/\/api.w.org\/{rel}","templated":true}]}}