{"id":302288,"date":"2025-05-02T16:11:26","date_gmt":"2025-05-02T14:11:26","guid":{"rendered":"https:\/\/shopatoa.com\/ro\/proficare-aparat-de-tuns-parul-si-barba-hsm-r-3051\/"},"modified":"2025-12-11T02:43:53","modified_gmt":"2025-12-11T01:43:53","slug":"proficare-aparat-de-tuns-parul-si-barba-hsm-r-3051","status":"publish","type":"product","link":"https:\/\/shopatoa.com\/ro\/proficare-aparat-de-tuns-parul-si-barba-hsm-r-3051\/","title":{"rendered":"ProfiCare Aparat de tuns p\u0103rul \u0219i barba HSM\/R 3051"},"content":{"rendered":"<p>Ma\u0219in\u0103 profesional\u0103 de tuns p\u0103r \u0219i barb\u0103 de la ProfiCare \u00eentr-o carcas\u0103 lucioas\u0103. Poate fi ac\u021bionat at\u00e2t de la baterie, c\u00e2t \u0219i de la re\u021bea \u0219i are mod de func\u021bionare direct\u0103 &#8211; chiar \u0219i cu acumulatorul complet desc\u0103rcat, pute\u021bi conecta ma\u0219ina de tuns la re\u021bea \u0219i s\u0103 \u00eencepe\u021bi s\u0103 o utiliza\u021bi imediat f\u0103r\u0103 a fi nevoie s\u0103 \u00eenc\u0103rca\u021bi bateria. \u00cen pachet este inclus un adaptor de c\u0103l\u0103torie pentru func\u021bionare de la 100V la 240V . Pentru un tuns uniform, ma\u0219ina de tuns este echipat\u0103 cu un cap din o\u021bel de \u00eenalt\u0103 calitate . Este posibil s\u0103 freza\u021bi \u00een mai multe lungimi ( 0, 3, 6, 9 \u0219i 12 mm ). Pachetul include \u0219i 4 pieptene deta\u0219abile. Ma\u0219ina de tuns se \u021bine minunat \u00een m\u00e2n\u0103 \u0219i se manevreaz\u0103 u\u0219or. Capul poate fi scos pentru o cur\u0103\u021bare u\u0219oar\u0103. LED-urile indic\u0103 starea de \u00eenc\u0103rcare a bateriei, astfel este u\u0219or s\u0103 vede\u021bi \u00een ce stare de \u00eenc\u0103rcare se afl\u0103 bateria. Trimmer-ul se \u00eencarc\u00e2 pe o baz\u0103, care este echipat\u0103 cu picioare cauciucate pentru a garanta o prindere stabil\u0103. Puterea este 100-240 V, 50\/60 Hz; baterie NiMh 2x 600 mAh.<\/p>\n","protected":false},"excerpt":{"rendered":"<p>Ma\u0219in\u0103 profesional\u0103 de tuns p\u0103r \u0219i barb\u0103 de la ProfiCare \u00eentr-o carcas\u0103 lucioas\u0103. Poate fi ac\u021bionat at\u00e2t de la baterie, c\u00e2t \u0219i de la re\u021bea \u0219i are mod de func\u021bionare direct\u0103 &#8211; chiar \u0219i cu acumulatorul complet desc\u0103rcat, pute\u021bi conecta ma\u0219ina de tuns la re\u021bea \u0219i s\u0103 \u00eencepe\u021bi s\u0103 o utiliza\u021bi imediat f\u0103r\u0103 a fi&#8230;<\/p>\n","protected":false},"featured_media":302290,"comment_status":"closed","ping_status":"open","template":"","meta":{"_acf_changed":false,"_kadence_starter_templates_imported_post":false,"_kad_post_transparent":"","_kad_post_title":"","_kad_post_layout":"","_kad_post_sidebar_id":"","_kad_post_content_style":"","_kad_post_vertical_padding":"","_kad_post_feature":"","_kad_post_feature_position":"","_kad_post_header":false,"_kad_post_footer":false,"_kad_post_classname":""},"product_brand":[876],"product_cat":[763,246,623,624],"product_tag":[],"class_list":{"0":"post-302288","1":"product","2":"type-product","3":"status-publish","4":"has-post-thumbnail","6":"product_brand-proficare","7":"product_cat-aparate-de-tuns","8":"product_cat-cosmetice","9":"product_cat-produse-cosmetice-pentru-par","10":"product_cat-produse-aparate-si-accesorii-pentru-par","12":"first","13":"instock","14":"product-type-external","15":"entry","16":"content-bg","17":"loop-entry"},"acf":[],"yoast_head":"<!-- This site is optimized with the Yoast SEO plugin v27.4 - https:\/\/yoast.com\/product\/yoast-seo-wordpress\/ -->\n<title>ProfiCare Aparat de tuns p\u0103rul \u0219i barba HSM\/R 3051 - SHOPATOA.COM<\/title>\n<meta name=\"robots\" content=\"index, follow, max-snippet:-1, max-image-preview:large, max-video-preview:-1\" \/>\n<link rel=\"canonical\" href=\"https:\/\/shopatoa.com\/ro\/proficare-aparat-de-tuns-parul-si-barba-hsm-r-3051\/\" \/>\n<meta property=\"og:locale\" content=\"ro_RO\" \/>\n<meta property=\"og:type\" content=\"article\" \/>\n<meta property=\"og:title\" content=\"ProfiCare Aparat de tuns p\u0103rul \u0219i barba HSM\/R 3051 - SHOPATOA.COM\" \/>\n<meta property=\"og:description\" content=\"Ma\u0219in\u0103 profesional\u0103 de tuns p\u0103r \u0219i barb\u0103 de la ProfiCare \u00eentr-o carcas\u0103 lucioas\u0103. Poate fi ac\u021bionat at\u00e2t de la baterie, c\u00e2t \u0219i de la re\u021bea \u0219i are mod de func\u021bionare direct\u0103 &#8211; chiar \u0219i cu acumulatorul complet desc\u0103rcat, pute\u021bi conecta ma\u0219ina de tuns la re\u021bea \u0219i s\u0103 \u00eencepe\u021bi s\u0103 o utiliza\u021bi imediat f\u0103r\u0103 a fi...\" \/>\n<meta property=\"og:url\" content=\"https:\/\/shopatoa.com\/ro\/proficare-aparat-de-tuns-parul-si-barba-hsm-r-3051\/\" \/>\n<meta property=\"og:site_name\" content=\"SHOPATOA\" \/>\n<meta property=\"article:modified_time\" content=\"2025-12-11T01:43:53+00:00\" \/>\n<meta property=\"og:image\" content=\"https:\/\/storage.googleapis.com\/cz-shopatoa-img\/ro\/0eead111-unnamed-file.webp\" \/>\n\t<meta property=\"og:image:width\" content=\"800\" \/>\n\t<meta property=\"og:image:height\" content=\"800\" \/>\n\t<meta property=\"og:image:type\" content=\"image\/webp\" \/>\n<meta name=\"twitter:card\" content=\"summary_large_image\" \/>\n<meta name=\"twitter:label1\" content=\"Timp estimat pentru citire\" \/>\n\t<meta name=\"twitter:data1\" content=\"1 minut\" \/>\n<script type=\"application\/ld+json\" class=\"yoast-schema-graph\">{\"@context\":\"https:\\\/\\\/schema.org\",\"@graph\":[{\"@type\":\"WebPage\",\"@id\":\"https:\\\/\\\/shopatoa.com\\\/ro\\\/proficare-aparat-de-tuns-parul-si-barba-hsm-r-3051\\\/\",\"url\":\"https:\\\/\\\/shopatoa.com\\\/ro\\\/proficare-aparat-de-tuns-parul-si-barba-hsm-r-3051\\\/\",\"name\":\"ProfiCare Aparat de tuns p\u0103rul \u0219i barba HSM\\\/R 3051 - SHOPATOA.COM\",\"isPartOf\":{\"@id\":\"https:\\\/\\\/shopatoa.com\\\/ro\\\/#website\"},\"primaryImageOfPage\":{\"@id\":\"https:\\\/\\\/shopatoa.com\\\/ro\\\/proficare-aparat-de-tuns-parul-si-barba-hsm-r-3051\\\/#primaryimage\"},\"image\":{\"@id\":\"https:\\\/\\\/shopatoa.com\\\/ro\\\/proficare-aparat-de-tuns-parul-si-barba-hsm-r-3051\\\/#primaryimage\"},\"thumbnailUrl\":\"https:\\\/\\\/storage.googleapis.com\\\/cz-shopatoa-img\\\/ro\\\/0eead111-unnamed-file.webp\",\"datePublished\":\"2025-05-02T14:11:26+00:00\",\"dateModified\":\"2025-12-11T01:43:53+00:00\",\"breadcrumb\":{\"@id\":\"https:\\\/\\\/shopatoa.com\\\/ro\\\/proficare-aparat-de-tuns-parul-si-barba-hsm-r-3051\\\/#breadcrumb\"},\"inLanguage\":\"ro-RO\",\"potentialAction\":[{\"@type\":\"ReadAction\",\"target\":[\"https:\\\/\\\/shopatoa.com\\\/ro\\\/proficare-aparat-de-tuns-parul-si-barba-hsm-r-3051\\\/\"]}]},{\"@type\":\"ImageObject\",\"inLanguage\":\"ro-RO\",\"@id\":\"https:\\\/\\\/shopatoa.com\\\/ro\\\/proficare-aparat-de-tuns-parul-si-barba-hsm-r-3051\\\/#primaryimage\",\"url\":\"https:\\\/\\\/storage.googleapis.com\\\/cz-shopatoa-img\\\/ro\\\/0eead111-unnamed-file.webp\",\"contentUrl\":\"https:\\\/\\\/storage.googleapis.com\\\/cz-shopatoa-img\\\/ro\\\/0eead111-unnamed-file.webp\",\"width\":800,\"height\":800},{\"@type\":\"BreadcrumbList\",\"@id\":\"https:\\\/\\\/shopatoa.com\\\/ro\\\/proficare-aparat-de-tuns-parul-si-barba-hsm-r-3051\\\/#breadcrumb\",\"itemListElement\":[{\"@type\":\"ListItem\",\"position\":1,\"name\":\"Dom\u016f\",\"item\":\"https:\\\/\\\/shopatoa.com\\\/ro\\\/\"},{\"@type\":\"ListItem\",\"position\":2,\"name\":\"Shop\",\"item\":\"https:\\\/\\\/shopatoa.com\\\/ro\\\/shop\\\/\"},{\"@type\":\"ListItem\",\"position\":3,\"name\":\"Cosmetice\",\"item\":\"https:\\\/\\\/shopatoa.com\\\/ro\\\/cosmetice\\\/\"},{\"@type\":\"ListItem\",\"position\":4,\"name\":\"Produse cosmetice pentru p\u0103r\",\"item\":\"https:\\\/\\\/shopatoa.com\\\/ro\\\/produse-cosmetice-pentru-par\\\/\"},{\"@type\":\"ListItem\",\"position\":5,\"name\":\"Produse, aparate \u0219i accesorii pentru p\u0103r\",\"item\":\"https:\\\/\\\/shopatoa.com\\\/ro\\\/produse-aparate-si-accesorii-pentru-par\\\/\"},{\"@type\":\"ListItem\",\"position\":6,\"name\":\"Aparate de tuns\",\"item\":\"https:\\\/\\\/shopatoa.com\\\/ro\\\/aparate-de-tuns\\\/\"},{\"@type\":\"ListItem\",\"position\":7,\"name\":\"ProfiCare Aparat de tuns p\u0103rul \u0219i barba HSM\\\/R 3051\"}]},{\"@type\":\"WebSite\",\"@id\":\"https:\\\/\\\/shopatoa.com\\\/ro\\\/#website\",\"url\":\"https:\\\/\\\/shopatoa.com\\\/ro\\\/\",\"name\":\"SHOPATOA\",\"description\":\"\",\"publisher\":{\"@id\":\"https:\\\/\\\/shopatoa.com\\\/ro\\\/#organization\"},\"potentialAction\":[{\"@type\":\"SearchAction\",\"target\":{\"@type\":\"EntryPoint\",\"urlTemplate\":\"https:\\\/\\\/shopatoa.com\\\/ro\\\/?s={search_term_string}\"},\"query-input\":{\"@type\":\"PropertyValueSpecification\",\"valueRequired\":true,\"valueName\":\"search_term_string\"}}],\"inLanguage\":\"ro-RO\"},{\"@type\":\"Organization\",\"@id\":\"https:\\\/\\\/shopatoa.com\\\/ro\\\/#organization\",\"name\":\"SHOPATOA\",\"url\":\"https:\\\/\\\/shopatoa.com\\\/ro\\\/\",\"logo\":{\"@type\":\"ImageObject\",\"inLanguage\":\"ro-RO\",\"@id\":\"https:\\\/\\\/shopatoa.com\\\/ro\\\/#\\\/schema\\\/logo\\\/image\\\/\",\"url\":\"https:\\\/\\\/storage.googleapis.com\\\/cz-shopatoa-img\\\/ro\\\/b4dac915-shopatoa_logo.png\",\"contentUrl\":\"https:\\\/\\\/storage.googleapis.com\\\/cz-shopatoa-img\\\/ro\\\/b4dac915-shopatoa_logo.png\",\"width\":416,\"height\":63,\"caption\":\"SHOPATOA\"},\"image\":{\"@id\":\"https:\\\/\\\/shopatoa.com\\\/ro\\\/#\\\/schema\\\/logo\\\/image\\\/\"}}]}<\/script>\n<!-- \/ Yoast SEO plugin. -->","yoast_head_json":{"title":"ProfiCare Aparat de tuns p\u0103rul \u0219i barba HSM\/R 3051 - SHOPATOA.COM","robots":{"index":"index","follow":"follow","max-snippet":"max-snippet:-1","max-image-preview":"max-image-preview:large","max-video-preview":"max-video-preview:-1"},"canonical":"https:\/\/shopatoa.com\/ro\/proficare-aparat-de-tuns-parul-si-barba-hsm-r-3051\/","og_locale":"ro_RO","og_type":"article","og_title":"ProfiCare Aparat de tuns p\u0103rul \u0219i barba HSM\/R 3051 - SHOPATOA.COM","og_description":"Ma\u0219in\u0103 profesional\u0103 de tuns p\u0103r \u0219i barb\u0103 de la ProfiCare \u00eentr-o carcas\u0103 lucioas\u0103. Poate fi ac\u021bionat at\u00e2t de la baterie, c\u00e2t \u0219i de la re\u021bea \u0219i are mod de func\u021bionare direct\u0103 &#8211; chiar \u0219i cu acumulatorul complet desc\u0103rcat, pute\u021bi conecta ma\u0219ina de tuns la re\u021bea \u0219i s\u0103 \u00eencepe\u021bi s\u0103 o utiliza\u021bi imediat f\u0103r\u0103 a fi...","og_url":"https:\/\/shopatoa.com\/ro\/proficare-aparat-de-tuns-parul-si-barba-hsm-r-3051\/","og_site_name":"SHOPATOA","article_modified_time":"2025-12-11T01:43:53+00:00","og_image":[{"width":800,"height":800,"url":"https:\/\/storage.googleapis.com\/cz-shopatoa-img\/ro\/0eead111-unnamed-file.webp","type":"image\/webp"}],"twitter_card":"summary_large_image","twitter_misc":{"Timp estimat pentru citire":"1 minut"},"schema":{"@context":"https:\/\/schema.org","@graph":[{"@type":"WebPage","@id":"https:\/\/shopatoa.com\/ro\/proficare-aparat-de-tuns-parul-si-barba-hsm-r-3051\/","url":"https:\/\/shopatoa.com\/ro\/proficare-aparat-de-tuns-parul-si-barba-hsm-r-3051\/","name":"ProfiCare Aparat de tuns p\u0103rul \u0219i barba HSM\/R 3051 - SHOPATOA.COM","isPartOf":{"@id":"https:\/\/shopatoa.com\/ro\/#website"},"primaryImageOfPage":{"@id":"https:\/\/shopatoa.com\/ro\/proficare-aparat-de-tuns-parul-si-barba-hsm-r-3051\/#primaryimage"},"image":{"@id":"https:\/\/shopatoa.com\/ro\/proficare-aparat-de-tuns-parul-si-barba-hsm-r-3051\/#primaryimage"},"thumbnailUrl":"https:\/\/storage.googleapis.com\/cz-shopatoa-img\/ro\/0eead111-unnamed-file.webp","datePublished":"2025-05-02T14:11:26+00:00","dateModified":"2025-12-11T01:43:53+00:00","breadcrumb":{"@id":"https:\/\/shopatoa.com\/ro\/proficare-aparat-de-tuns-parul-si-barba-hsm-r-3051\/#breadcrumb"},"inLanguage":"ro-RO","potentialAction":[{"@type":"ReadAction","target":["https:\/\/shopatoa.com\/ro\/proficare-aparat-de-tuns-parul-si-barba-hsm-r-3051\/"]}]},{"@type":"ImageObject","inLanguage":"ro-RO","@id":"https:\/\/shopatoa.com\/ro\/proficare-aparat-de-tuns-parul-si-barba-hsm-r-3051\/#primaryimage","url":"https:\/\/storage.googleapis.com\/cz-shopatoa-img\/ro\/0eead111-unnamed-file.webp","contentUrl":"https:\/\/storage.googleapis.com\/cz-shopatoa-img\/ro\/0eead111-unnamed-file.webp","width":800,"height":800},{"@type":"BreadcrumbList","@id":"https:\/\/shopatoa.com\/ro\/proficare-aparat-de-tuns-parul-si-barba-hsm-r-3051\/#breadcrumb","itemListElement":[{"@type":"ListItem","position":1,"name":"Dom\u016f","item":"https:\/\/shopatoa.com\/ro\/"},{"@type":"ListItem","position":2,"name":"Shop","item":"https:\/\/shopatoa.com\/ro\/shop\/"},{"@type":"ListItem","position":3,"name":"Cosmetice","item":"https:\/\/shopatoa.com\/ro\/cosmetice\/"},{"@type":"ListItem","position":4,"name":"Produse cosmetice pentru p\u0103r","item":"https:\/\/shopatoa.com\/ro\/produse-cosmetice-pentru-par\/"},{"@type":"ListItem","position":5,"name":"Produse, aparate \u0219i accesorii pentru p\u0103r","item":"https:\/\/shopatoa.com\/ro\/produse-aparate-si-accesorii-pentru-par\/"},{"@type":"ListItem","position":6,"name":"Aparate de tuns","item":"https:\/\/shopatoa.com\/ro\/aparate-de-tuns\/"},{"@type":"ListItem","position":7,"name":"ProfiCare Aparat de tuns p\u0103rul \u0219i barba HSM\/R 3051"}]},{"@type":"WebSite","@id":"https:\/\/shopatoa.com\/ro\/#website","url":"https:\/\/shopatoa.com\/ro\/","name":"SHOPATOA","description":"","publisher":{"@id":"https:\/\/shopatoa.com\/ro\/#organization"},"potentialAction":[{"@type":"SearchAction","target":{"@type":"EntryPoint","urlTemplate":"https:\/\/shopatoa.com\/ro\/?s={search_term_string}"},"query-input":{"@type":"PropertyValueSpecification","valueRequired":true,"valueName":"search_term_string"}}],"inLanguage":"ro-RO"},{"@type":"Organization","@id":"https:\/\/shopatoa.com\/ro\/#organization","name":"SHOPATOA","url":"https:\/\/shopatoa.com\/ro\/","logo":{"@type":"ImageObject","inLanguage":"ro-RO","@id":"https:\/\/shopatoa.com\/ro\/#\/schema\/logo\/image\/","url":"https:\/\/storage.googleapis.com\/cz-shopatoa-img\/ro\/b4dac915-shopatoa_logo.png","contentUrl":"https:\/\/storage.googleapis.com\/cz-shopatoa-img\/ro\/b4dac915-shopatoa_logo.png","width":416,"height":63,"caption":"SHOPATOA"},"image":{"@id":"https:\/\/shopatoa.com\/ro\/#\/schema\/logo\/image\/"}}]}},"_links":{"self":[{"href":"https:\/\/shopatoa.com\/ro\/wp-json\/wp\/v2\/product\/302288","targetHints":{"allow":["GET"]}}],"collection":[{"href":"https:\/\/shopatoa.com\/ro\/wp-json\/wp\/v2\/product"}],"about":[{"href":"https:\/\/shopatoa.com\/ro\/wp-json\/wp\/v2\/types\/product"}],"replies":[{"embeddable":true,"href":"https:\/\/shopatoa.com\/ro\/wp-json\/wp\/v2\/comments?post=302288"}],"wp:featuredmedia":[{"embeddable":true,"href":"https:\/\/shopatoa.com\/ro\/wp-json\/wp\/v2\/media\/302290"}],"wp:attachment":[{"href":"https:\/\/shopatoa.com\/ro\/wp-json\/wp\/v2\/media?parent=302288"}],"wp:term":[{"taxonomy":"product_brand","embeddable":true,"href":"https:\/\/shopatoa.com\/ro\/wp-json\/wp\/v2\/product_brand?post=302288"},{"taxonomy":"product_cat","embeddable":true,"href":"https:\/\/shopatoa.com\/ro\/wp-json\/wp\/v2\/product_cat?post=302288"},{"taxonomy":"product_tag","embeddable":true,"href":"https:\/\/shopatoa.com\/ro\/wp-json\/wp\/v2\/product_tag?post=302288"}],"curies":[{"name":"wp","href":"https:\/\/api.w.org\/{rel}","templated":true}]}}