{"id":302454,"date":"2025-05-02T16:35:37","date_gmt":"2025-05-02T14:35:37","guid":{"rendered":"https:\/\/shopatoa.com\/ro\/orphica-ser-de-gene-realash-eyelash-enhancer-3-ml\/"},"modified":"2025-12-11T02:32:53","modified_gmt":"2025-12-11T01:32:53","slug":"orphica-ser-de-gene-realash-eyelash-enhancer-3-ml","status":"publish","type":"product","link":"https:\/\/shopatoa.com\/ro\/orphica-ser-de-gene-realash-eyelash-enhancer-3-ml\/","title":{"rendered":"Orphica Ser de gene Realash (Eyelash Enhancer) 3 ml"},"content":{"rendered":"<p>Datorit\u0103 formulei sale avansate, serul de gene Realash \u00eent\u0103re\u0219te r\u0103d\u0103cinile genelor \u0219i accelereaz\u0103 cre\u0219terea lor natural\u0103. Rezultatul va fi nu numai gene alungite, ci \u0219i hr\u0103nite \u0219i cu aspect mai s\u0103n\u0103tos, a c\u0103ror faz\u0103 de cre\u0219tere va fi prelungit\u0103 semnificativ.<\/p>\n","protected":false},"excerpt":{"rendered":"<p>Datorit\u0103 formulei sale avansate, serul de gene Realash \u00eent\u0103re\u0219te r\u0103d\u0103cinile genelor \u0219i accelereaz\u0103 cre\u0219terea lor natural\u0103. Rezultatul va fi nu numai gene alungite, ci \u0219i hr\u0103nite \u0219i cu aspect mai s\u0103n\u0103tos, a c\u0103ror faz\u0103 de cre\u0219tere va fi prelungit\u0103 semnificativ.<\/p>\n","protected":false},"featured_media":302456,"comment_status":"closed","ping_status":"open","template":"","meta":{"_acf_changed":false,"_kadence_starter_templates_imported_post":false,"_kad_post_transparent":"","_kad_post_title":"","_kad_post_layout":"","_kad_post_sidebar_id":"","_kad_post_content_style":"","_kad_post_vertical_padding":"","_kad_post_feature":"","_kad_post_feature_position":"","_kad_post_header":false,"_kad_post_footer":false,"_kad_post_classname":""},"product_brand":[1017],"product_cat":[246,674,633],"product_tag":[],"class_list":{"0":"post-302454","1":"product","2":"type-product","3":"status-publish","4":"has-post-thumbnail","6":"product_brand-orphica","7":"product_cat-cosmetice","8":"product_cat-ingrijirea-ochilor-cosmetica","9":"product_cat-produse-cosmetice-pentru-piele","11":"first","12":"instock","13":"product-type-external","14":"entry","15":"content-bg","16":"loop-entry"},"acf":[],"yoast_head":"<!-- This site is optimized with the Yoast SEO plugin v27.3 - https:\/\/yoast.com\/product\/yoast-seo-wordpress\/ -->\n<title>Orphica Ser de gene Realash (Eyelash Enhancer) 3 ml - SHOPATOA.COM<\/title>\n<meta name=\"robots\" content=\"index, follow, max-snippet:-1, max-image-preview:large, max-video-preview:-1\" \/>\n<link rel=\"canonical\" href=\"https:\/\/shopatoa.com\/ro\/orphica-ser-de-gene-realash-eyelash-enhancer-3-ml\/\" \/>\n<meta property=\"og:locale\" content=\"ro_RO\" \/>\n<meta property=\"og:type\" content=\"article\" \/>\n<meta property=\"og:title\" content=\"Orphica Ser de gene Realash (Eyelash Enhancer) 3 ml - SHOPATOA.COM\" \/>\n<meta property=\"og:description\" content=\"Datorit\u0103 formulei sale avansate, serul de gene Realash \u00eent\u0103re\u0219te r\u0103d\u0103cinile genelor \u0219i accelereaz\u0103 cre\u0219terea lor natural\u0103. Rezultatul va fi nu numai gene alungite, ci \u0219i hr\u0103nite \u0219i cu aspect mai s\u0103n\u0103tos, a c\u0103ror faz\u0103 de cre\u0219tere va fi prelungit\u0103 semnificativ.\" \/>\n<meta property=\"og:url\" content=\"https:\/\/shopatoa.com\/ro\/orphica-ser-de-gene-realash-eyelash-enhancer-3-ml\/\" \/>\n<meta property=\"og:site_name\" content=\"SHOPATOA\" \/>\n<meta property=\"article:modified_time\" content=\"2025-12-11T01:32:53+00:00\" \/>\n<meta property=\"og:image\" content=\"https:\/\/storage.googleapis.com\/cz-shopatoa-img\/ro\/4de24c8f-unnamed-file.webp\" \/>\n\t<meta property=\"og:image:width\" content=\"800\" \/>\n\t<meta property=\"og:image:height\" content=\"800\" \/>\n\t<meta property=\"og:image:type\" content=\"image\/webp\" \/>\n<meta name=\"twitter:card\" content=\"summary_large_image\" \/>\n<script type=\"application\/ld+json\" class=\"yoast-schema-graph\">{\"@context\":\"https:\\\/\\\/schema.org\",\"@graph\":[{\"@type\":\"WebPage\",\"@id\":\"https:\\\/\\\/shopatoa.com\\\/ro\\\/orphica-ser-de-gene-realash-eyelash-enhancer-3-ml\\\/\",\"url\":\"https:\\\/\\\/shopatoa.com\\\/ro\\\/orphica-ser-de-gene-realash-eyelash-enhancer-3-ml\\\/\",\"name\":\"Orphica Ser de gene Realash (Eyelash Enhancer) 3 ml - SHOPATOA.COM\",\"isPartOf\":{\"@id\":\"https:\\\/\\\/shopatoa.com\\\/ro\\\/#website\"},\"primaryImageOfPage\":{\"@id\":\"https:\\\/\\\/shopatoa.com\\\/ro\\\/orphica-ser-de-gene-realash-eyelash-enhancer-3-ml\\\/#primaryimage\"},\"image\":{\"@id\":\"https:\\\/\\\/shopatoa.com\\\/ro\\\/orphica-ser-de-gene-realash-eyelash-enhancer-3-ml\\\/#primaryimage\"},\"thumbnailUrl\":\"https:\\\/\\\/storage.googleapis.com\\\/cz-shopatoa-img\\\/ro\\\/4de24c8f-unnamed-file.webp\",\"datePublished\":\"2025-05-02T14:35:37+00:00\",\"dateModified\":\"2025-12-11T01:32:53+00:00\",\"breadcrumb\":{\"@id\":\"https:\\\/\\\/shopatoa.com\\\/ro\\\/orphica-ser-de-gene-realash-eyelash-enhancer-3-ml\\\/#breadcrumb\"},\"inLanguage\":\"ro-RO\",\"potentialAction\":[{\"@type\":\"ReadAction\",\"target\":[\"https:\\\/\\\/shopatoa.com\\\/ro\\\/orphica-ser-de-gene-realash-eyelash-enhancer-3-ml\\\/\"]}]},{\"@type\":\"ImageObject\",\"inLanguage\":\"ro-RO\",\"@id\":\"https:\\\/\\\/shopatoa.com\\\/ro\\\/orphica-ser-de-gene-realash-eyelash-enhancer-3-ml\\\/#primaryimage\",\"url\":\"https:\\\/\\\/storage.googleapis.com\\\/cz-shopatoa-img\\\/ro\\\/4de24c8f-unnamed-file.webp\",\"contentUrl\":\"https:\\\/\\\/storage.googleapis.com\\\/cz-shopatoa-img\\\/ro\\\/4de24c8f-unnamed-file.webp\",\"width\":800,\"height\":800},{\"@type\":\"BreadcrumbList\",\"@id\":\"https:\\\/\\\/shopatoa.com\\\/ro\\\/orphica-ser-de-gene-realash-eyelash-enhancer-3-ml\\\/#breadcrumb\",\"itemListElement\":[{\"@type\":\"ListItem\",\"position\":1,\"name\":\"Dom\u016f\",\"item\":\"https:\\\/\\\/shopatoa.com\\\/ro\\\/\"},{\"@type\":\"ListItem\",\"position\":2,\"name\":\"Shop\",\"item\":\"https:\\\/\\\/shopatoa.com\\\/ro\\\/shop\\\/\"},{\"@type\":\"ListItem\",\"position\":3,\"name\":\"Cosmetice\",\"item\":\"https:\\\/\\\/shopatoa.com\\\/ro\\\/cosmetice\\\/\"},{\"@type\":\"ListItem\",\"position\":4,\"name\":\"Produse cosmetice pentru piele\",\"item\":\"https:\\\/\\\/shopatoa.com\\\/ro\\\/produse-cosmetice-pentru-piele\\\/\"},{\"@type\":\"ListItem\",\"position\":5,\"name\":\"\u00cengrijirea ochilor Cosmetic\u0103\",\"item\":\"https:\\\/\\\/shopatoa.com\\\/ro\\\/ingrijirea-ochilor-cosmetica\\\/\"},{\"@type\":\"ListItem\",\"position\":6,\"name\":\"Orphica Ser de gene Realash (Eyelash Enhancer) 3 ml\"}]},{\"@type\":\"WebSite\",\"@id\":\"https:\\\/\\\/shopatoa.com\\\/ro\\\/#website\",\"url\":\"https:\\\/\\\/shopatoa.com\\\/ro\\\/\",\"name\":\"SHOPATOA\",\"description\":\"\",\"publisher\":{\"@id\":\"https:\\\/\\\/shopatoa.com\\\/ro\\\/#organization\"},\"potentialAction\":[{\"@type\":\"SearchAction\",\"target\":{\"@type\":\"EntryPoint\",\"urlTemplate\":\"https:\\\/\\\/shopatoa.com\\\/ro\\\/?s={search_term_string}\"},\"query-input\":{\"@type\":\"PropertyValueSpecification\",\"valueRequired\":true,\"valueName\":\"search_term_string\"}}],\"inLanguage\":\"ro-RO\"},{\"@type\":\"Organization\",\"@id\":\"https:\\\/\\\/shopatoa.com\\\/ro\\\/#organization\",\"name\":\"SHOPATOA\",\"url\":\"https:\\\/\\\/shopatoa.com\\\/ro\\\/\",\"logo\":{\"@type\":\"ImageObject\",\"inLanguage\":\"ro-RO\",\"@id\":\"https:\\\/\\\/shopatoa.com\\\/ro\\\/#\\\/schema\\\/logo\\\/image\\\/\",\"url\":\"https:\\\/\\\/storage.googleapis.com\\\/cz-shopatoa-img\\\/ro\\\/b4dac915-shopatoa_logo.png\",\"contentUrl\":\"https:\\\/\\\/storage.googleapis.com\\\/cz-shopatoa-img\\\/ro\\\/b4dac915-shopatoa_logo.png\",\"width\":416,\"height\":63,\"caption\":\"SHOPATOA\"},\"image\":{\"@id\":\"https:\\\/\\\/shopatoa.com\\\/ro\\\/#\\\/schema\\\/logo\\\/image\\\/\"}}]}<\/script>\n<!-- \/ Yoast SEO plugin. -->","yoast_head_json":{"title":"Orphica Ser de gene Realash (Eyelash Enhancer) 3 ml - SHOPATOA.COM","robots":{"index":"index","follow":"follow","max-snippet":"max-snippet:-1","max-image-preview":"max-image-preview:large","max-video-preview":"max-video-preview:-1"},"canonical":"https:\/\/shopatoa.com\/ro\/orphica-ser-de-gene-realash-eyelash-enhancer-3-ml\/","og_locale":"ro_RO","og_type":"article","og_title":"Orphica Ser de gene Realash (Eyelash Enhancer) 3 ml - SHOPATOA.COM","og_description":"Datorit\u0103 formulei sale avansate, serul de gene Realash \u00eent\u0103re\u0219te r\u0103d\u0103cinile genelor \u0219i accelereaz\u0103 cre\u0219terea lor natural\u0103. Rezultatul va fi nu numai gene alungite, ci \u0219i hr\u0103nite \u0219i cu aspect mai s\u0103n\u0103tos, a c\u0103ror faz\u0103 de cre\u0219tere va fi prelungit\u0103 semnificativ.","og_url":"https:\/\/shopatoa.com\/ro\/orphica-ser-de-gene-realash-eyelash-enhancer-3-ml\/","og_site_name":"SHOPATOA","article_modified_time":"2025-12-11T01:32:53+00:00","og_image":[{"width":800,"height":800,"url":"https:\/\/storage.googleapis.com\/cz-shopatoa-img\/ro\/4de24c8f-unnamed-file.webp","type":"image\/webp"}],"twitter_card":"summary_large_image","schema":{"@context":"https:\/\/schema.org","@graph":[{"@type":"WebPage","@id":"https:\/\/shopatoa.com\/ro\/orphica-ser-de-gene-realash-eyelash-enhancer-3-ml\/","url":"https:\/\/shopatoa.com\/ro\/orphica-ser-de-gene-realash-eyelash-enhancer-3-ml\/","name":"Orphica Ser de gene Realash (Eyelash Enhancer) 3 ml - SHOPATOA.COM","isPartOf":{"@id":"https:\/\/shopatoa.com\/ro\/#website"},"primaryImageOfPage":{"@id":"https:\/\/shopatoa.com\/ro\/orphica-ser-de-gene-realash-eyelash-enhancer-3-ml\/#primaryimage"},"image":{"@id":"https:\/\/shopatoa.com\/ro\/orphica-ser-de-gene-realash-eyelash-enhancer-3-ml\/#primaryimage"},"thumbnailUrl":"https:\/\/storage.googleapis.com\/cz-shopatoa-img\/ro\/4de24c8f-unnamed-file.webp","datePublished":"2025-05-02T14:35:37+00:00","dateModified":"2025-12-11T01:32:53+00:00","breadcrumb":{"@id":"https:\/\/shopatoa.com\/ro\/orphica-ser-de-gene-realash-eyelash-enhancer-3-ml\/#breadcrumb"},"inLanguage":"ro-RO","potentialAction":[{"@type":"ReadAction","target":["https:\/\/shopatoa.com\/ro\/orphica-ser-de-gene-realash-eyelash-enhancer-3-ml\/"]}]},{"@type":"ImageObject","inLanguage":"ro-RO","@id":"https:\/\/shopatoa.com\/ro\/orphica-ser-de-gene-realash-eyelash-enhancer-3-ml\/#primaryimage","url":"https:\/\/storage.googleapis.com\/cz-shopatoa-img\/ro\/4de24c8f-unnamed-file.webp","contentUrl":"https:\/\/storage.googleapis.com\/cz-shopatoa-img\/ro\/4de24c8f-unnamed-file.webp","width":800,"height":800},{"@type":"BreadcrumbList","@id":"https:\/\/shopatoa.com\/ro\/orphica-ser-de-gene-realash-eyelash-enhancer-3-ml\/#breadcrumb","itemListElement":[{"@type":"ListItem","position":1,"name":"Dom\u016f","item":"https:\/\/shopatoa.com\/ro\/"},{"@type":"ListItem","position":2,"name":"Shop","item":"https:\/\/shopatoa.com\/ro\/shop\/"},{"@type":"ListItem","position":3,"name":"Cosmetice","item":"https:\/\/shopatoa.com\/ro\/cosmetice\/"},{"@type":"ListItem","position":4,"name":"Produse cosmetice pentru piele","item":"https:\/\/shopatoa.com\/ro\/produse-cosmetice-pentru-piele\/"},{"@type":"ListItem","position":5,"name":"\u00cengrijirea ochilor Cosmetic\u0103","item":"https:\/\/shopatoa.com\/ro\/ingrijirea-ochilor-cosmetica\/"},{"@type":"ListItem","position":6,"name":"Orphica Ser de gene Realash (Eyelash Enhancer) 3 ml"}]},{"@type":"WebSite","@id":"https:\/\/shopatoa.com\/ro\/#website","url":"https:\/\/shopatoa.com\/ro\/","name":"SHOPATOA","description":"","publisher":{"@id":"https:\/\/shopatoa.com\/ro\/#organization"},"potentialAction":[{"@type":"SearchAction","target":{"@type":"EntryPoint","urlTemplate":"https:\/\/shopatoa.com\/ro\/?s={search_term_string}"},"query-input":{"@type":"PropertyValueSpecification","valueRequired":true,"valueName":"search_term_string"}}],"inLanguage":"ro-RO"},{"@type":"Organization","@id":"https:\/\/shopatoa.com\/ro\/#organization","name":"SHOPATOA","url":"https:\/\/shopatoa.com\/ro\/","logo":{"@type":"ImageObject","inLanguage":"ro-RO","@id":"https:\/\/shopatoa.com\/ro\/#\/schema\/logo\/image\/","url":"https:\/\/storage.googleapis.com\/cz-shopatoa-img\/ro\/b4dac915-shopatoa_logo.png","contentUrl":"https:\/\/storage.googleapis.com\/cz-shopatoa-img\/ro\/b4dac915-shopatoa_logo.png","width":416,"height":63,"caption":"SHOPATOA"},"image":{"@id":"https:\/\/shopatoa.com\/ro\/#\/schema\/logo\/image\/"}}]}},"_links":{"self":[{"href":"https:\/\/shopatoa.com\/ro\/wp-json\/wp\/v2\/product\/302454","targetHints":{"allow":["GET"]}}],"collection":[{"href":"https:\/\/shopatoa.com\/ro\/wp-json\/wp\/v2\/product"}],"about":[{"href":"https:\/\/shopatoa.com\/ro\/wp-json\/wp\/v2\/types\/product"}],"replies":[{"embeddable":true,"href":"https:\/\/shopatoa.com\/ro\/wp-json\/wp\/v2\/comments?post=302454"}],"wp:featuredmedia":[{"embeddable":true,"href":"https:\/\/shopatoa.com\/ro\/wp-json\/wp\/v2\/media\/302456"}],"wp:attachment":[{"href":"https:\/\/shopatoa.com\/ro\/wp-json\/wp\/v2\/media?parent=302454"}],"wp:term":[{"taxonomy":"product_brand","embeddable":true,"href":"https:\/\/shopatoa.com\/ro\/wp-json\/wp\/v2\/product_brand?post=302454"},{"taxonomy":"product_cat","embeddable":true,"href":"https:\/\/shopatoa.com\/ro\/wp-json\/wp\/v2\/product_cat?post=302454"},{"taxonomy":"product_tag","embeddable":true,"href":"https:\/\/shopatoa.com\/ro\/wp-json\/wp\/v2\/product_tag?post=302454"}],"curies":[{"name":"wp","href":"https:\/\/api.w.org\/{rel}","templated":true}]}}