{"id":302622,"date":"2025-05-02T17:01:37","date_gmt":"2025-05-02T15:01:37","guid":{"rendered":"https:\/\/shopatoa.com\/ro\/my-white-secret-ultradispozitiv-sonic-de-curatare-a-petelor-si-a-placii-dentare-ultrasonic-plaque-and-stain-remover\/"},"modified":"2025-12-11T02:23:35","modified_gmt":"2025-12-11T01:23:35","slug":"my-white-secret-ultradispozitiv-sonic-de-curatare-a-petelor-si-a-placii-dentare-ultrasonic-plaque-and-stain-remover","status":"publish","type":"product","link":"https:\/\/shopatoa.com\/ro\/my-white-secret-ultradispozitiv-sonic-de-curatare-a-petelor-si-a-placii-dentare-ultrasonic-plaque-and-stain-remover\/","title":{"rendered":"My White Secret Ultradispozitiv sonic de cur\u0103\u021bare a petelor \u0219i a pl\u0103cii dentare Ultrasonic (Plaque and Stain Remover)"},"content":{"rendered":"<p>Dispozitivul cu ultrasunete de cur\u0103\u021bare a petelor \u0219i a pl\u0103cii dentare \u00eendep\u0103rteaz\u0103 u\u0219or \u0219i eficient placa dentar\u0103 \u0219i tartrul chiar \u0219i \u00een spa\u021biile interdentare greu accesibile. De asemenea, \u00eendep\u0103rteaz\u0103 petele pigmentare \u0219i ajut\u0103 \u00eempotriva \u00eeng\u0103lbenirii din\u021bilor cauzate de consumul de cafea, ceai, vin ro\u0219u sau fumat.<\/p>\n","protected":false},"excerpt":{"rendered":"<p>Dispozitivul cu ultrasunete de cur\u0103\u021bare a petelor \u0219i a pl\u0103cii dentare \u00eendep\u0103rteaz\u0103 u\u0219or \u0219i eficient placa dentar\u0103 \u0219i tartrul chiar \u0219i \u00een spa\u021biile interdentare greu accesibile. De asemenea, \u00eendep\u0103rteaz\u0103 petele pigmentare \u0219i ajut\u0103 \u00eempotriva \u00eeng\u0103lbenirii din\u021bilor cauzate de consumul de cafea, ceai, vin ro\u0219u sau fumat.<\/p>\n","protected":false},"featured_media":302624,"comment_status":"closed","ping_status":"open","template":"","meta":{"_acf_changed":false,"_kadence_starter_templates_imported_post":false,"_kad_post_transparent":"","_kad_post_title":"","_kad_post_layout":"","_kad_post_sidebar_id":"","_kad_post_content_style":"","_kad_post_vertical_padding":"","_kad_post_feature":"","_kad_post_feature_position":"","_kad_post_header":false,"_kad_post_footer":false,"_kad_post_classname":""},"product_brand":[425],"product_cat":[246,709,764],"product_tag":[],"class_list":{"0":"post-302622","1":"product","2":"type-product","3":"status-publish","4":"has-post-thumbnail","6":"product_brand-my-white-secret","7":"product_cat-cosmetice","8":"product_cat-ingrijirea-dentara","9":"product_cat-periute-de-dinti-electrice","11":"first","12":"instock","13":"sale","14":"product-type-external","15":"entry","16":"content-bg","17":"loop-entry"},"acf":[],"yoast_head":"<!-- This site is optimized with the Yoast SEO plugin v27.4 - https:\/\/yoast.com\/product\/yoast-seo-wordpress\/ -->\n<title>My White Secret Ultradispozitiv sonic de cur\u0103\u021bare a petelor \u0219i a pl\u0103cii dentare Ultrasonic (Plaque and Stain Remover) - SHOPATOA.COM<\/title>\n<meta name=\"robots\" content=\"index, follow, max-snippet:-1, max-image-preview:large, max-video-preview:-1\" \/>\n<link rel=\"canonical\" href=\"https:\/\/shopatoa.com\/ro\/my-white-secret-ultradispozitiv-sonic-de-curatare-a-petelor-si-a-placii-dentare-ultrasonic-plaque-and-stain-remover\/\" \/>\n<meta property=\"og:locale\" content=\"ro_RO\" \/>\n<meta property=\"og:type\" content=\"article\" \/>\n<meta property=\"og:title\" content=\"My White Secret Ultradispozitiv sonic de cur\u0103\u021bare a petelor \u0219i a pl\u0103cii dentare Ultrasonic (Plaque and Stain Remover) - SHOPATOA.COM\" \/>\n<meta property=\"og:description\" content=\"Dispozitivul cu ultrasunete de cur\u0103\u021bare a petelor \u0219i a pl\u0103cii dentare \u00eendep\u0103rteaz\u0103 u\u0219or \u0219i eficient placa dentar\u0103 \u0219i tartrul chiar \u0219i \u00een spa\u021biile interdentare greu accesibile. De asemenea, \u00eendep\u0103rteaz\u0103 petele pigmentare \u0219i ajut\u0103 \u00eempotriva \u00eeng\u0103lbenirii din\u021bilor cauzate de consumul de cafea, ceai, vin ro\u0219u sau fumat.\" \/>\n<meta property=\"og:url\" content=\"https:\/\/shopatoa.com\/ro\/my-white-secret-ultradispozitiv-sonic-de-curatare-a-petelor-si-a-placii-dentare-ultrasonic-plaque-and-stain-remover\/\" \/>\n<meta property=\"og:site_name\" content=\"SHOPATOA\" \/>\n<meta property=\"article:modified_time\" content=\"2025-12-11T01:23:35+00:00\" \/>\n<meta property=\"og:image\" content=\"https:\/\/storage.googleapis.com\/cz-shopatoa-img\/ro\/ad1f716b-unnamed-file.webp\" \/>\n\t<meta property=\"og:image:width\" content=\"800\" \/>\n\t<meta property=\"og:image:height\" content=\"800\" \/>\n\t<meta property=\"og:image:type\" content=\"image\/webp\" \/>\n<meta name=\"twitter:card\" content=\"summary_large_image\" \/>\n<script type=\"application\/ld+json\" class=\"yoast-schema-graph\">{\"@context\":\"https:\\\/\\\/schema.org\",\"@graph\":[{\"@type\":\"WebPage\",\"@id\":\"https:\\\/\\\/shopatoa.com\\\/ro\\\/my-white-secret-ultradispozitiv-sonic-de-curatare-a-petelor-si-a-placii-dentare-ultrasonic-plaque-and-stain-remover\\\/\",\"url\":\"https:\\\/\\\/shopatoa.com\\\/ro\\\/my-white-secret-ultradispozitiv-sonic-de-curatare-a-petelor-si-a-placii-dentare-ultrasonic-plaque-and-stain-remover\\\/\",\"name\":\"My White Secret Ultradispozitiv sonic de cur\u0103\u021bare a petelor \u0219i a pl\u0103cii dentare Ultrasonic (Plaque and Stain Remover) - SHOPATOA.COM\",\"isPartOf\":{\"@id\":\"https:\\\/\\\/shopatoa.com\\\/ro\\\/#website\"},\"primaryImageOfPage\":{\"@id\":\"https:\\\/\\\/shopatoa.com\\\/ro\\\/my-white-secret-ultradispozitiv-sonic-de-curatare-a-petelor-si-a-placii-dentare-ultrasonic-plaque-and-stain-remover\\\/#primaryimage\"},\"image\":{\"@id\":\"https:\\\/\\\/shopatoa.com\\\/ro\\\/my-white-secret-ultradispozitiv-sonic-de-curatare-a-petelor-si-a-placii-dentare-ultrasonic-plaque-and-stain-remover\\\/#primaryimage\"},\"thumbnailUrl\":\"https:\\\/\\\/storage.googleapis.com\\\/cz-shopatoa-img\\\/ro\\\/ad1f716b-unnamed-file.webp\",\"datePublished\":\"2025-05-02T15:01:37+00:00\",\"dateModified\":\"2025-12-11T01:23:35+00:00\",\"breadcrumb\":{\"@id\":\"https:\\\/\\\/shopatoa.com\\\/ro\\\/my-white-secret-ultradispozitiv-sonic-de-curatare-a-petelor-si-a-placii-dentare-ultrasonic-plaque-and-stain-remover\\\/#breadcrumb\"},\"inLanguage\":\"ro-RO\",\"potentialAction\":[{\"@type\":\"ReadAction\",\"target\":[\"https:\\\/\\\/shopatoa.com\\\/ro\\\/my-white-secret-ultradispozitiv-sonic-de-curatare-a-petelor-si-a-placii-dentare-ultrasonic-plaque-and-stain-remover\\\/\"]}]},{\"@type\":\"ImageObject\",\"inLanguage\":\"ro-RO\",\"@id\":\"https:\\\/\\\/shopatoa.com\\\/ro\\\/my-white-secret-ultradispozitiv-sonic-de-curatare-a-petelor-si-a-placii-dentare-ultrasonic-plaque-and-stain-remover\\\/#primaryimage\",\"url\":\"https:\\\/\\\/storage.googleapis.com\\\/cz-shopatoa-img\\\/ro\\\/ad1f716b-unnamed-file.webp\",\"contentUrl\":\"https:\\\/\\\/storage.googleapis.com\\\/cz-shopatoa-img\\\/ro\\\/ad1f716b-unnamed-file.webp\",\"width\":800,\"height\":800},{\"@type\":\"BreadcrumbList\",\"@id\":\"https:\\\/\\\/shopatoa.com\\\/ro\\\/my-white-secret-ultradispozitiv-sonic-de-curatare-a-petelor-si-a-placii-dentare-ultrasonic-plaque-and-stain-remover\\\/#breadcrumb\",\"itemListElement\":[{\"@type\":\"ListItem\",\"position\":1,\"name\":\"Dom\u016f\",\"item\":\"https:\\\/\\\/shopatoa.com\\\/ro\\\/\"},{\"@type\":\"ListItem\",\"position\":2,\"name\":\"Shop\",\"item\":\"https:\\\/\\\/shopatoa.com\\\/ro\\\/shop\\\/\"},{\"@type\":\"ListItem\",\"position\":3,\"name\":\"Cosmetice\",\"item\":\"https:\\\/\\\/shopatoa.com\\\/ro\\\/cosmetice\\\/\"},{\"@type\":\"ListItem\",\"position\":4,\"name\":\"\u00cengrijirea dentar\u0103\",\"item\":\"https:\\\/\\\/shopatoa.com\\\/ro\\\/ingrijirea-dentara\\\/\"},{\"@type\":\"ListItem\",\"position\":5,\"name\":\"Periu\u021be de din\u021bi electrice\",\"item\":\"https:\\\/\\\/shopatoa.com\\\/ro\\\/periute-de-dinti-electrice\\\/\"},{\"@type\":\"ListItem\",\"position\":6,\"name\":\"My White Secret Ultradispozitiv sonic de cur\u0103\u021bare a petelor \u0219i a pl\u0103cii dentare Ultrasonic (Plaque and Stain Remover)\"}]},{\"@type\":\"WebSite\",\"@id\":\"https:\\\/\\\/shopatoa.com\\\/ro\\\/#website\",\"url\":\"https:\\\/\\\/shopatoa.com\\\/ro\\\/\",\"name\":\"SHOPATOA\",\"description\":\"\",\"publisher\":{\"@id\":\"https:\\\/\\\/shopatoa.com\\\/ro\\\/#organization\"},\"potentialAction\":[{\"@type\":\"SearchAction\",\"target\":{\"@type\":\"EntryPoint\",\"urlTemplate\":\"https:\\\/\\\/shopatoa.com\\\/ro\\\/?s={search_term_string}\"},\"query-input\":{\"@type\":\"PropertyValueSpecification\",\"valueRequired\":true,\"valueName\":\"search_term_string\"}}],\"inLanguage\":\"ro-RO\"},{\"@type\":\"Organization\",\"@id\":\"https:\\\/\\\/shopatoa.com\\\/ro\\\/#organization\",\"name\":\"SHOPATOA\",\"url\":\"https:\\\/\\\/shopatoa.com\\\/ro\\\/\",\"logo\":{\"@type\":\"ImageObject\",\"inLanguage\":\"ro-RO\",\"@id\":\"https:\\\/\\\/shopatoa.com\\\/ro\\\/#\\\/schema\\\/logo\\\/image\\\/\",\"url\":\"https:\\\/\\\/storage.googleapis.com\\\/cz-shopatoa-img\\\/ro\\\/b4dac915-shopatoa_logo.png\",\"contentUrl\":\"https:\\\/\\\/storage.googleapis.com\\\/cz-shopatoa-img\\\/ro\\\/b4dac915-shopatoa_logo.png\",\"width\":416,\"height\":63,\"caption\":\"SHOPATOA\"},\"image\":{\"@id\":\"https:\\\/\\\/shopatoa.com\\\/ro\\\/#\\\/schema\\\/logo\\\/image\\\/\"}}]}<\/script>\n<!-- \/ Yoast SEO plugin. -->","yoast_head_json":{"title":"My White Secret Ultradispozitiv sonic de cur\u0103\u021bare a petelor \u0219i a pl\u0103cii dentare Ultrasonic (Plaque and Stain Remover) - SHOPATOA.COM","robots":{"index":"index","follow":"follow","max-snippet":"max-snippet:-1","max-image-preview":"max-image-preview:large","max-video-preview":"max-video-preview:-1"},"canonical":"https:\/\/shopatoa.com\/ro\/my-white-secret-ultradispozitiv-sonic-de-curatare-a-petelor-si-a-placii-dentare-ultrasonic-plaque-and-stain-remover\/","og_locale":"ro_RO","og_type":"article","og_title":"My White Secret Ultradispozitiv sonic de cur\u0103\u021bare a petelor \u0219i a pl\u0103cii dentare Ultrasonic (Plaque and Stain Remover) - SHOPATOA.COM","og_description":"Dispozitivul cu ultrasunete de cur\u0103\u021bare a petelor \u0219i a pl\u0103cii dentare \u00eendep\u0103rteaz\u0103 u\u0219or \u0219i eficient placa dentar\u0103 \u0219i tartrul chiar \u0219i \u00een spa\u021biile interdentare greu accesibile. De asemenea, \u00eendep\u0103rteaz\u0103 petele pigmentare \u0219i ajut\u0103 \u00eempotriva \u00eeng\u0103lbenirii din\u021bilor cauzate de consumul de cafea, ceai, vin ro\u0219u sau fumat.","og_url":"https:\/\/shopatoa.com\/ro\/my-white-secret-ultradispozitiv-sonic-de-curatare-a-petelor-si-a-placii-dentare-ultrasonic-plaque-and-stain-remover\/","og_site_name":"SHOPATOA","article_modified_time":"2025-12-11T01:23:35+00:00","og_image":[{"width":800,"height":800,"url":"https:\/\/storage.googleapis.com\/cz-shopatoa-img\/ro\/ad1f716b-unnamed-file.webp","type":"image\/webp"}],"twitter_card":"summary_large_image","schema":{"@context":"https:\/\/schema.org","@graph":[{"@type":"WebPage","@id":"https:\/\/shopatoa.com\/ro\/my-white-secret-ultradispozitiv-sonic-de-curatare-a-petelor-si-a-placii-dentare-ultrasonic-plaque-and-stain-remover\/","url":"https:\/\/shopatoa.com\/ro\/my-white-secret-ultradispozitiv-sonic-de-curatare-a-petelor-si-a-placii-dentare-ultrasonic-plaque-and-stain-remover\/","name":"My White Secret Ultradispozitiv sonic de cur\u0103\u021bare a petelor \u0219i a pl\u0103cii dentare Ultrasonic (Plaque and Stain Remover) - SHOPATOA.COM","isPartOf":{"@id":"https:\/\/shopatoa.com\/ro\/#website"},"primaryImageOfPage":{"@id":"https:\/\/shopatoa.com\/ro\/my-white-secret-ultradispozitiv-sonic-de-curatare-a-petelor-si-a-placii-dentare-ultrasonic-plaque-and-stain-remover\/#primaryimage"},"image":{"@id":"https:\/\/shopatoa.com\/ro\/my-white-secret-ultradispozitiv-sonic-de-curatare-a-petelor-si-a-placii-dentare-ultrasonic-plaque-and-stain-remover\/#primaryimage"},"thumbnailUrl":"https:\/\/storage.googleapis.com\/cz-shopatoa-img\/ro\/ad1f716b-unnamed-file.webp","datePublished":"2025-05-02T15:01:37+00:00","dateModified":"2025-12-11T01:23:35+00:00","breadcrumb":{"@id":"https:\/\/shopatoa.com\/ro\/my-white-secret-ultradispozitiv-sonic-de-curatare-a-petelor-si-a-placii-dentare-ultrasonic-plaque-and-stain-remover\/#breadcrumb"},"inLanguage":"ro-RO","potentialAction":[{"@type":"ReadAction","target":["https:\/\/shopatoa.com\/ro\/my-white-secret-ultradispozitiv-sonic-de-curatare-a-petelor-si-a-placii-dentare-ultrasonic-plaque-and-stain-remover\/"]}]},{"@type":"ImageObject","inLanguage":"ro-RO","@id":"https:\/\/shopatoa.com\/ro\/my-white-secret-ultradispozitiv-sonic-de-curatare-a-petelor-si-a-placii-dentare-ultrasonic-plaque-and-stain-remover\/#primaryimage","url":"https:\/\/storage.googleapis.com\/cz-shopatoa-img\/ro\/ad1f716b-unnamed-file.webp","contentUrl":"https:\/\/storage.googleapis.com\/cz-shopatoa-img\/ro\/ad1f716b-unnamed-file.webp","width":800,"height":800},{"@type":"BreadcrumbList","@id":"https:\/\/shopatoa.com\/ro\/my-white-secret-ultradispozitiv-sonic-de-curatare-a-petelor-si-a-placii-dentare-ultrasonic-plaque-and-stain-remover\/#breadcrumb","itemListElement":[{"@type":"ListItem","position":1,"name":"Dom\u016f","item":"https:\/\/shopatoa.com\/ro\/"},{"@type":"ListItem","position":2,"name":"Shop","item":"https:\/\/shopatoa.com\/ro\/shop\/"},{"@type":"ListItem","position":3,"name":"Cosmetice","item":"https:\/\/shopatoa.com\/ro\/cosmetice\/"},{"@type":"ListItem","position":4,"name":"\u00cengrijirea dentar\u0103","item":"https:\/\/shopatoa.com\/ro\/ingrijirea-dentara\/"},{"@type":"ListItem","position":5,"name":"Periu\u021be de din\u021bi electrice","item":"https:\/\/shopatoa.com\/ro\/periute-de-dinti-electrice\/"},{"@type":"ListItem","position":6,"name":"My White Secret Ultradispozitiv sonic de cur\u0103\u021bare a petelor \u0219i a pl\u0103cii dentare Ultrasonic (Plaque and Stain Remover)"}]},{"@type":"WebSite","@id":"https:\/\/shopatoa.com\/ro\/#website","url":"https:\/\/shopatoa.com\/ro\/","name":"SHOPATOA","description":"","publisher":{"@id":"https:\/\/shopatoa.com\/ro\/#organization"},"potentialAction":[{"@type":"SearchAction","target":{"@type":"EntryPoint","urlTemplate":"https:\/\/shopatoa.com\/ro\/?s={search_term_string}"},"query-input":{"@type":"PropertyValueSpecification","valueRequired":true,"valueName":"search_term_string"}}],"inLanguage":"ro-RO"},{"@type":"Organization","@id":"https:\/\/shopatoa.com\/ro\/#organization","name":"SHOPATOA","url":"https:\/\/shopatoa.com\/ro\/","logo":{"@type":"ImageObject","inLanguage":"ro-RO","@id":"https:\/\/shopatoa.com\/ro\/#\/schema\/logo\/image\/","url":"https:\/\/storage.googleapis.com\/cz-shopatoa-img\/ro\/b4dac915-shopatoa_logo.png","contentUrl":"https:\/\/storage.googleapis.com\/cz-shopatoa-img\/ro\/b4dac915-shopatoa_logo.png","width":416,"height":63,"caption":"SHOPATOA"},"image":{"@id":"https:\/\/shopatoa.com\/ro\/#\/schema\/logo\/image\/"}}]}},"_links":{"self":[{"href":"https:\/\/shopatoa.com\/ro\/wp-json\/wp\/v2\/product\/302622","targetHints":{"allow":["GET"]}}],"collection":[{"href":"https:\/\/shopatoa.com\/ro\/wp-json\/wp\/v2\/product"}],"about":[{"href":"https:\/\/shopatoa.com\/ro\/wp-json\/wp\/v2\/types\/product"}],"replies":[{"embeddable":true,"href":"https:\/\/shopatoa.com\/ro\/wp-json\/wp\/v2\/comments?post=302622"}],"wp:featuredmedia":[{"embeddable":true,"href":"https:\/\/shopatoa.com\/ro\/wp-json\/wp\/v2\/media\/302624"}],"wp:attachment":[{"href":"https:\/\/shopatoa.com\/ro\/wp-json\/wp\/v2\/media?parent=302622"}],"wp:term":[{"taxonomy":"product_brand","embeddable":true,"href":"https:\/\/shopatoa.com\/ro\/wp-json\/wp\/v2\/product_brand?post=302622"},{"taxonomy":"product_cat","embeddable":true,"href":"https:\/\/shopatoa.com\/ro\/wp-json\/wp\/v2\/product_cat?post=302622"},{"taxonomy":"product_tag","embeddable":true,"href":"https:\/\/shopatoa.com\/ro\/wp-json\/wp\/v2\/product_tag?post=302622"}],"curies":[{"name":"wp","href":"https:\/\/api.w.org\/{rel}","templated":true}]}}