{"id":302796,"date":"2025-05-02T17:27:01","date_gmt":"2025-05-02T15:27:01","guid":{"rendered":"https:\/\/shopatoa.com\/ro\/valentino-valentino-donna-born-in-roma-intense-edp-100-ml\/"},"modified":"2025-12-11T02:12:51","modified_gmt":"2025-12-11T01:12:51","slug":"valentino-valentino-donna-born-in-roma-intense-edp-100-ml","status":"publish","type":"product","link":"https:\/\/shopatoa.com\/ro\/valentino-valentino-donna-born-in-roma-intense-edp-100-ml\/","title":{"rendered":"Valentino Valentino Donna Born In Roma Intense &#8211; EDP 100 ml"},"content":{"rendered":"<p>Valentino Donna Born In Roma Intense este o ap\u0103 de parfum floral\u0103 atemporal\u0103 pentru femei. Este o versiune mai senzual\u0103 a parfumului original Valentino Donna Born In Roma. Acest parfum este inspirat de mo\u0219tenirea italian\u0103 a lui Valentino \u0219i de puterea femeilor hot\u0103r\u00e2te, pasionate \u0219i independente. Aprinde\u021bi sc\u00e2nteia interioar\u0103 cu acest parfum senzual care celebreaz\u0103 ora\u0219ul \u0219i distrac\u021bia pe care o ofer\u0103 acest ora\u0219 etern. Deschiderea intens\u0103 este responsabil\u0103 de bourbon de vanilie \u0219i note calde de chihlimbar care v\u0103 trezesc sim\u021burile. Inima floral\u0103 ascunde secretul acordurilor bogate de iasomie, care dau o r\u0103sucire \u00eentregii compozi\u021bii, \u00een timp ce la baza parfumului ve\u021bi sim\u021bi notele r\u0103\u0219inoase de benzoin, care miroase a ciocolat\u0103 \u0219i iese \u00een eviden\u021b\u0103 printr-o atingere moale, cald\u0103 de lemn. . Valentino Donna Born In Roma Intense este un parfum intens, senzual \u0219i condimentat pentru femeile pasionate care radiaz\u0103 \u00eencredere \u00een sine \u0219i care nu se tem s\u0103-\u0219i exprime personalitatea. Sticla de parfum este elegant\u0103 \u0219i simpl\u0103, aminte\u0219te de sticla \u0219lefuit\u0103, iar elegan\u021ba sa se refer\u0103 la mo\u0219tenirea roman\u0103 a m\u0103rcii Valentino. Parfumul a fost lansat \u00een anul 2023.<\/p>\n","protected":false},"excerpt":{"rendered":"<p>Valentino Donna Born In Roma Intense este o ap\u0103 de parfum floral\u0103 atemporal\u0103 pentru femei. Este o versiune mai senzual\u0103 a parfumului original Valentino Donna Born In Roma. Acest parfum este inspirat de mo\u0219tenirea italian\u0103 a lui Valentino \u0219i de puterea femeilor hot\u0103r\u00e2te, pasionate \u0219i independente. Aprinde\u021bi sc\u00e2nteia interioar\u0103 cu acest parfum senzual care celebreaz\u0103&#8230;<\/p>\n","protected":false},"featured_media":302798,"comment_status":"closed","ping_status":"open","template":"","meta":{"_acf_changed":false,"_kadence_starter_templates_imported_post":false,"_kad_post_transparent":"","_kad_post_title":"","_kad_post_layout":"","_kad_post_sidebar_id":"","_kad_post_content_style":"","_kad_post_vertical_padding":"","_kad_post_feature":"","_kad_post_feature_position":"","_kad_post_header":false,"_kad_post_footer":false,"_kad_post_classname":""},"product_brand":[286],"product_cat":[619,614],"product_tag":[],"class_list":{"0":"post-302796","1":"product","2":"type-product","3":"status-publish","4":"has-post-thumbnail","6":"product_brand-valentino","7":"product_cat-ape-de-parfum-edp","8":"product_cat-parfumuri","10":"first","11":"instock","12":"sale","13":"product-type-external","14":"entry","15":"content-bg","16":"loop-entry"},"acf":[],"yoast_head":"<!-- This site is optimized with the Yoast SEO plugin v27.4 - https:\/\/yoast.com\/product\/yoast-seo-wordpress\/ -->\n<title>Valentino Valentino Donna Born In Roma Intense - EDP 100 ml - SHOPATOA.COM<\/title>\n<meta name=\"robots\" content=\"index, follow, max-snippet:-1, max-image-preview:large, max-video-preview:-1\" \/>\n<link rel=\"canonical\" href=\"https:\/\/shopatoa.com\/ro\/valentino-valentino-donna-born-in-roma-intense-edp-100-ml\/\" \/>\n<meta property=\"og:locale\" content=\"ro_RO\" \/>\n<meta property=\"og:type\" content=\"article\" \/>\n<meta property=\"og:title\" content=\"Valentino Valentino Donna Born In Roma Intense - EDP 100 ml - SHOPATOA.COM\" \/>\n<meta property=\"og:description\" content=\"Valentino Donna Born In Roma Intense este o ap\u0103 de parfum floral\u0103 atemporal\u0103 pentru femei. Este o versiune mai senzual\u0103 a parfumului original Valentino Donna Born In Roma. Acest parfum este inspirat de mo\u0219tenirea italian\u0103 a lui Valentino \u0219i de puterea femeilor hot\u0103r\u00e2te, pasionate \u0219i independente. Aprinde\u021bi sc\u00e2nteia interioar\u0103 cu acest parfum senzual care celebreaz\u0103...\" \/>\n<meta property=\"og:url\" content=\"https:\/\/shopatoa.com\/ro\/valentino-valentino-donna-born-in-roma-intense-edp-100-ml\/\" \/>\n<meta property=\"og:site_name\" content=\"SHOPATOA\" \/>\n<meta property=\"article:modified_time\" content=\"2025-12-11T01:12:51+00:00\" \/>\n<meta property=\"og:image\" content=\"https:\/\/storage.googleapis.com\/cz-shopatoa-img\/ro\/690c8272-unnamed-file.webp\" \/>\n\t<meta property=\"og:image:width\" content=\"800\" \/>\n\t<meta property=\"og:image:height\" content=\"800\" \/>\n\t<meta property=\"og:image:type\" content=\"image\/webp\" \/>\n<meta name=\"twitter:card\" content=\"summary_large_image\" \/>\n<meta name=\"twitter:label1\" content=\"Timp estimat pentru citire\" \/>\n\t<meta name=\"twitter:data1\" content=\"1 minut\" \/>\n<script type=\"application\/ld+json\" class=\"yoast-schema-graph\">{\"@context\":\"https:\\\/\\\/schema.org\",\"@graph\":[{\"@type\":\"WebPage\",\"@id\":\"https:\\\/\\\/shopatoa.com\\\/ro\\\/valentino-valentino-donna-born-in-roma-intense-edp-100-ml\\\/\",\"url\":\"https:\\\/\\\/shopatoa.com\\\/ro\\\/valentino-valentino-donna-born-in-roma-intense-edp-100-ml\\\/\",\"name\":\"Valentino Valentino Donna Born In Roma Intense - EDP 100 ml - SHOPATOA.COM\",\"isPartOf\":{\"@id\":\"https:\\\/\\\/shopatoa.com\\\/ro\\\/#website\"},\"primaryImageOfPage\":{\"@id\":\"https:\\\/\\\/shopatoa.com\\\/ro\\\/valentino-valentino-donna-born-in-roma-intense-edp-100-ml\\\/#primaryimage\"},\"image\":{\"@id\":\"https:\\\/\\\/shopatoa.com\\\/ro\\\/valentino-valentino-donna-born-in-roma-intense-edp-100-ml\\\/#primaryimage\"},\"thumbnailUrl\":\"https:\\\/\\\/storage.googleapis.com\\\/cz-shopatoa-img\\\/ro\\\/690c8272-unnamed-file.webp\",\"datePublished\":\"2025-05-02T15:27:01+00:00\",\"dateModified\":\"2025-12-11T01:12:51+00:00\",\"breadcrumb\":{\"@id\":\"https:\\\/\\\/shopatoa.com\\\/ro\\\/valentino-valentino-donna-born-in-roma-intense-edp-100-ml\\\/#breadcrumb\"},\"inLanguage\":\"ro-RO\",\"potentialAction\":[{\"@type\":\"ReadAction\",\"target\":[\"https:\\\/\\\/shopatoa.com\\\/ro\\\/valentino-valentino-donna-born-in-roma-intense-edp-100-ml\\\/\"]}]},{\"@type\":\"ImageObject\",\"inLanguage\":\"ro-RO\",\"@id\":\"https:\\\/\\\/shopatoa.com\\\/ro\\\/valentino-valentino-donna-born-in-roma-intense-edp-100-ml\\\/#primaryimage\",\"url\":\"https:\\\/\\\/storage.googleapis.com\\\/cz-shopatoa-img\\\/ro\\\/690c8272-unnamed-file.webp\",\"contentUrl\":\"https:\\\/\\\/storage.googleapis.com\\\/cz-shopatoa-img\\\/ro\\\/690c8272-unnamed-file.webp\",\"width\":800,\"height\":800},{\"@type\":\"BreadcrumbList\",\"@id\":\"https:\\\/\\\/shopatoa.com\\\/ro\\\/valentino-valentino-donna-born-in-roma-intense-edp-100-ml\\\/#breadcrumb\",\"itemListElement\":[{\"@type\":\"ListItem\",\"position\":1,\"name\":\"Dom\u016f\",\"item\":\"https:\\\/\\\/shopatoa.com\\\/ro\\\/\"},{\"@type\":\"ListItem\",\"position\":2,\"name\":\"Shop\",\"item\":\"https:\\\/\\\/shopatoa.com\\\/ro\\\/shop\\\/\"},{\"@type\":\"ListItem\",\"position\":3,\"name\":\"Parfumuri\",\"item\":\"https:\\\/\\\/shopatoa.com\\\/ro\\\/parfumuri\\\/\"},{\"@type\":\"ListItem\",\"position\":4,\"name\":\"Ape de parfum (EDP)\",\"item\":\"https:\\\/\\\/shopatoa.com\\\/ro\\\/ape-de-parfum-edp\\\/\"},{\"@type\":\"ListItem\",\"position\":5,\"name\":\"Valentino Valentino Donna Born In Roma Intense &#8211; EDP 100 ml\"}]},{\"@type\":\"WebSite\",\"@id\":\"https:\\\/\\\/shopatoa.com\\\/ro\\\/#website\",\"url\":\"https:\\\/\\\/shopatoa.com\\\/ro\\\/\",\"name\":\"SHOPATOA\",\"description\":\"\",\"publisher\":{\"@id\":\"https:\\\/\\\/shopatoa.com\\\/ro\\\/#organization\"},\"potentialAction\":[{\"@type\":\"SearchAction\",\"target\":{\"@type\":\"EntryPoint\",\"urlTemplate\":\"https:\\\/\\\/shopatoa.com\\\/ro\\\/?s={search_term_string}\"},\"query-input\":{\"@type\":\"PropertyValueSpecification\",\"valueRequired\":true,\"valueName\":\"search_term_string\"}}],\"inLanguage\":\"ro-RO\"},{\"@type\":\"Organization\",\"@id\":\"https:\\\/\\\/shopatoa.com\\\/ro\\\/#organization\",\"name\":\"SHOPATOA\",\"url\":\"https:\\\/\\\/shopatoa.com\\\/ro\\\/\",\"logo\":{\"@type\":\"ImageObject\",\"inLanguage\":\"ro-RO\",\"@id\":\"https:\\\/\\\/shopatoa.com\\\/ro\\\/#\\\/schema\\\/logo\\\/image\\\/\",\"url\":\"https:\\\/\\\/storage.googleapis.com\\\/cz-shopatoa-img\\\/ro\\\/b4dac915-shopatoa_logo.png\",\"contentUrl\":\"https:\\\/\\\/storage.googleapis.com\\\/cz-shopatoa-img\\\/ro\\\/b4dac915-shopatoa_logo.png\",\"width\":416,\"height\":63,\"caption\":\"SHOPATOA\"},\"image\":{\"@id\":\"https:\\\/\\\/shopatoa.com\\\/ro\\\/#\\\/schema\\\/logo\\\/image\\\/\"}}]}<\/script>\n<!-- \/ Yoast SEO plugin. -->","yoast_head_json":{"title":"Valentino Valentino Donna Born In Roma Intense - EDP 100 ml - SHOPATOA.COM","robots":{"index":"index","follow":"follow","max-snippet":"max-snippet:-1","max-image-preview":"max-image-preview:large","max-video-preview":"max-video-preview:-1"},"canonical":"https:\/\/shopatoa.com\/ro\/valentino-valentino-donna-born-in-roma-intense-edp-100-ml\/","og_locale":"ro_RO","og_type":"article","og_title":"Valentino Valentino Donna Born In Roma Intense - EDP 100 ml - SHOPATOA.COM","og_description":"Valentino Donna Born In Roma Intense este o ap\u0103 de parfum floral\u0103 atemporal\u0103 pentru femei. Este o versiune mai senzual\u0103 a parfumului original Valentino Donna Born In Roma. Acest parfum este inspirat de mo\u0219tenirea italian\u0103 a lui Valentino \u0219i de puterea femeilor hot\u0103r\u00e2te, pasionate \u0219i independente. Aprinde\u021bi sc\u00e2nteia interioar\u0103 cu acest parfum senzual care celebreaz\u0103...","og_url":"https:\/\/shopatoa.com\/ro\/valentino-valentino-donna-born-in-roma-intense-edp-100-ml\/","og_site_name":"SHOPATOA","article_modified_time":"2025-12-11T01:12:51+00:00","og_image":[{"width":800,"height":800,"url":"https:\/\/storage.googleapis.com\/cz-shopatoa-img\/ro\/690c8272-unnamed-file.webp","type":"image\/webp"}],"twitter_card":"summary_large_image","twitter_misc":{"Timp estimat pentru citire":"1 minut"},"schema":{"@context":"https:\/\/schema.org","@graph":[{"@type":"WebPage","@id":"https:\/\/shopatoa.com\/ro\/valentino-valentino-donna-born-in-roma-intense-edp-100-ml\/","url":"https:\/\/shopatoa.com\/ro\/valentino-valentino-donna-born-in-roma-intense-edp-100-ml\/","name":"Valentino Valentino Donna Born In Roma Intense - EDP 100 ml - SHOPATOA.COM","isPartOf":{"@id":"https:\/\/shopatoa.com\/ro\/#website"},"primaryImageOfPage":{"@id":"https:\/\/shopatoa.com\/ro\/valentino-valentino-donna-born-in-roma-intense-edp-100-ml\/#primaryimage"},"image":{"@id":"https:\/\/shopatoa.com\/ro\/valentino-valentino-donna-born-in-roma-intense-edp-100-ml\/#primaryimage"},"thumbnailUrl":"https:\/\/storage.googleapis.com\/cz-shopatoa-img\/ro\/690c8272-unnamed-file.webp","datePublished":"2025-05-02T15:27:01+00:00","dateModified":"2025-12-11T01:12:51+00:00","breadcrumb":{"@id":"https:\/\/shopatoa.com\/ro\/valentino-valentino-donna-born-in-roma-intense-edp-100-ml\/#breadcrumb"},"inLanguage":"ro-RO","potentialAction":[{"@type":"ReadAction","target":["https:\/\/shopatoa.com\/ro\/valentino-valentino-donna-born-in-roma-intense-edp-100-ml\/"]}]},{"@type":"ImageObject","inLanguage":"ro-RO","@id":"https:\/\/shopatoa.com\/ro\/valentino-valentino-donna-born-in-roma-intense-edp-100-ml\/#primaryimage","url":"https:\/\/storage.googleapis.com\/cz-shopatoa-img\/ro\/690c8272-unnamed-file.webp","contentUrl":"https:\/\/storage.googleapis.com\/cz-shopatoa-img\/ro\/690c8272-unnamed-file.webp","width":800,"height":800},{"@type":"BreadcrumbList","@id":"https:\/\/shopatoa.com\/ro\/valentino-valentino-donna-born-in-roma-intense-edp-100-ml\/#breadcrumb","itemListElement":[{"@type":"ListItem","position":1,"name":"Dom\u016f","item":"https:\/\/shopatoa.com\/ro\/"},{"@type":"ListItem","position":2,"name":"Shop","item":"https:\/\/shopatoa.com\/ro\/shop\/"},{"@type":"ListItem","position":3,"name":"Parfumuri","item":"https:\/\/shopatoa.com\/ro\/parfumuri\/"},{"@type":"ListItem","position":4,"name":"Ape de parfum (EDP)","item":"https:\/\/shopatoa.com\/ro\/ape-de-parfum-edp\/"},{"@type":"ListItem","position":5,"name":"Valentino Valentino Donna Born In Roma Intense &#8211; EDP 100 ml"}]},{"@type":"WebSite","@id":"https:\/\/shopatoa.com\/ro\/#website","url":"https:\/\/shopatoa.com\/ro\/","name":"SHOPATOA","description":"","publisher":{"@id":"https:\/\/shopatoa.com\/ro\/#organization"},"potentialAction":[{"@type":"SearchAction","target":{"@type":"EntryPoint","urlTemplate":"https:\/\/shopatoa.com\/ro\/?s={search_term_string}"},"query-input":{"@type":"PropertyValueSpecification","valueRequired":true,"valueName":"search_term_string"}}],"inLanguage":"ro-RO"},{"@type":"Organization","@id":"https:\/\/shopatoa.com\/ro\/#organization","name":"SHOPATOA","url":"https:\/\/shopatoa.com\/ro\/","logo":{"@type":"ImageObject","inLanguage":"ro-RO","@id":"https:\/\/shopatoa.com\/ro\/#\/schema\/logo\/image\/","url":"https:\/\/storage.googleapis.com\/cz-shopatoa-img\/ro\/b4dac915-shopatoa_logo.png","contentUrl":"https:\/\/storage.googleapis.com\/cz-shopatoa-img\/ro\/b4dac915-shopatoa_logo.png","width":416,"height":63,"caption":"SHOPATOA"},"image":{"@id":"https:\/\/shopatoa.com\/ro\/#\/schema\/logo\/image\/"}}]}},"_links":{"self":[{"href":"https:\/\/shopatoa.com\/ro\/wp-json\/wp\/v2\/product\/302796","targetHints":{"allow":["GET"]}}],"collection":[{"href":"https:\/\/shopatoa.com\/ro\/wp-json\/wp\/v2\/product"}],"about":[{"href":"https:\/\/shopatoa.com\/ro\/wp-json\/wp\/v2\/types\/product"}],"replies":[{"embeddable":true,"href":"https:\/\/shopatoa.com\/ro\/wp-json\/wp\/v2\/comments?post=302796"}],"wp:featuredmedia":[{"embeddable":true,"href":"https:\/\/shopatoa.com\/ro\/wp-json\/wp\/v2\/media\/302798"}],"wp:attachment":[{"href":"https:\/\/shopatoa.com\/ro\/wp-json\/wp\/v2\/media?parent=302796"}],"wp:term":[{"taxonomy":"product_brand","embeddable":true,"href":"https:\/\/shopatoa.com\/ro\/wp-json\/wp\/v2\/product_brand?post=302796"},{"taxonomy":"product_cat","embeddable":true,"href":"https:\/\/shopatoa.com\/ro\/wp-json\/wp\/v2\/product_cat?post=302796"},{"taxonomy":"product_tag","embeddable":true,"href":"https:\/\/shopatoa.com\/ro\/wp-json\/wp\/v2\/product_tag?post=302796"}],"curies":[{"name":"wp","href":"https:\/\/api.w.org\/{rel}","templated":true}]}}