{"id":303188,"date":"2025-05-02T18:35:35","date_gmt":"2025-05-02T16:35:35","guid":{"rendered":"https:\/\/shopatoa.com\/ro\/kenzo-kenzo-homme-2022-edp-110-ml\/"},"modified":"2025-12-11T01:45:57","modified_gmt":"2025-12-11T00:45:57","slug":"kenzo-kenzo-homme-2022-edp-110-ml","status":"publish","type":"product","link":"https:\/\/shopatoa.com\/ro\/kenzo-kenzo-homme-2022-edp-110-ml\/","title":{"rendered":"Kenzo Kenzo Homme (2022) &#8211; EDP 110 ml"},"content":{"rendered":"<p>Kenzo Pour Homme este o apa de parfum pentru barbati inspirata de intensitatea marii si calmul brizei marii. \u00cen primul r\u00e2nd, vei fi \u00eent\u00e2mpinat de note marine proaspete. Inima apar\u021bine parfumului de piele \u00eenc\u0103lzit de razele soarelui, purtat de briza m\u0103rii. \u00cen baz\u0103 vei sim\u021bi mirosul exotic, dulce de p\u0103m\u00e2nt, al patchouli. \u00cenc\u00e2nt\u0103-\u021bi sim\u021burile cu un parfum sclipitor \u0219i unic, care va trezi \u00een tine dorin\u021ba de libertate \u0219i independen\u021b\u0103. Mirosul inspirat de calmul puternic al m\u0103rii te va transporta \u00eentr-o alt\u0103 dimensiune \u2013 oceanul nesf\u00e2r\u0219it, apusul \u0219i briza s\u0103rat\u0103 a m\u0103rii \u00ee\u021bi vor oferi sentimentul dorit de ne\u00eengr\u0103dit \u0219i libertate. Parfumul a fost creat de Quentin Bisch \u00een 2022.<\/p>\n","protected":false},"excerpt":{"rendered":"<p>Kenzo Pour Homme este o apa de parfum pentru barbati inspirata de intensitatea marii si calmul brizei marii. \u00cen primul r\u00e2nd, vei fi \u00eent\u00e2mpinat de note marine proaspete. Inima apar\u021bine parfumului de piele \u00eenc\u0103lzit de razele soarelui, purtat de briza m\u0103rii. \u00cen baz\u0103 vei sim\u021bi mirosul exotic, dulce de p\u0103m\u00e2nt, al patchouli. \u00cenc\u00e2nt\u0103-\u021bi sim\u021burile cu&#8230;<\/p>\n","protected":false},"featured_media":303190,"comment_status":"closed","ping_status":"open","template":"","meta":{"_acf_changed":false,"_kadence_starter_templates_imported_post":false,"_kad_post_transparent":"","_kad_post_title":"","_kad_post_layout":"","_kad_post_sidebar_id":"","_kad_post_content_style":"","_kad_post_vertical_padding":"","_kad_post_feature":"","_kad_post_feature_position":"","_kad_post_header":false,"_kad_post_footer":false,"_kad_post_classname":""},"product_brand":[401],"product_cat":[619,614],"product_tag":[],"class_list":{"0":"post-303188","1":"product","2":"type-product","3":"status-publish","4":"has-post-thumbnail","6":"product_brand-kenzo","7":"product_cat-ape-de-parfum-edp","8":"product_cat-parfumuri","10":"first","11":"instock","12":"sale","13":"product-type-external","14":"entry","15":"content-bg","16":"loop-entry"},"acf":[],"yoast_head":"<!-- This site is optimized with the Yoast SEO plugin v27.4 - https:\/\/yoast.com\/product\/yoast-seo-wordpress\/ -->\n<title>Kenzo Kenzo Homme (2022) - EDP 110 ml - SHOPATOA.COM<\/title>\n<meta name=\"robots\" content=\"index, follow, max-snippet:-1, max-image-preview:large, max-video-preview:-1\" \/>\n<link rel=\"canonical\" href=\"https:\/\/shopatoa.com\/ro\/kenzo-kenzo-homme-2022-edp-110-ml\/\" \/>\n<meta property=\"og:locale\" content=\"ro_RO\" \/>\n<meta property=\"og:type\" content=\"article\" \/>\n<meta property=\"og:title\" content=\"Kenzo Kenzo Homme (2022) - EDP 110 ml - SHOPATOA.COM\" \/>\n<meta property=\"og:description\" content=\"Kenzo Pour Homme este o apa de parfum pentru barbati inspirata de intensitatea marii si calmul brizei marii. \u00cen primul r\u00e2nd, vei fi \u00eent\u00e2mpinat de note marine proaspete. Inima apar\u021bine parfumului de piele \u00eenc\u0103lzit de razele soarelui, purtat de briza m\u0103rii. \u00cen baz\u0103 vei sim\u021bi mirosul exotic, dulce de p\u0103m\u00e2nt, al patchouli. \u00cenc\u00e2nt\u0103-\u021bi sim\u021burile cu...\" \/>\n<meta property=\"og:url\" content=\"https:\/\/shopatoa.com\/ro\/kenzo-kenzo-homme-2022-edp-110-ml\/\" \/>\n<meta property=\"og:site_name\" content=\"SHOPATOA\" \/>\n<meta property=\"article:modified_time\" content=\"2025-12-11T00:45:57+00:00\" \/>\n<meta property=\"og:image\" content=\"https:\/\/storage.googleapis.com\/cz-shopatoa-img\/ro\/79a9068c-unnamed-file.webp\" \/>\n\t<meta property=\"og:image:width\" content=\"800\" \/>\n\t<meta property=\"og:image:height\" content=\"800\" \/>\n\t<meta property=\"og:image:type\" content=\"image\/webp\" \/>\n<meta name=\"twitter:card\" content=\"summary_large_image\" \/>\n<meta name=\"twitter:label1\" content=\"Timp estimat pentru citire\" \/>\n\t<meta name=\"twitter:data1\" content=\"1 minut\" \/>\n<script type=\"application\/ld+json\" class=\"yoast-schema-graph\">{\"@context\":\"https:\\\/\\\/schema.org\",\"@graph\":[{\"@type\":\"WebPage\",\"@id\":\"https:\\\/\\\/shopatoa.com\\\/ro\\\/kenzo-kenzo-homme-2022-edp-110-ml\\\/\",\"url\":\"https:\\\/\\\/shopatoa.com\\\/ro\\\/kenzo-kenzo-homme-2022-edp-110-ml\\\/\",\"name\":\"Kenzo Kenzo Homme (2022) - EDP 110 ml - SHOPATOA.COM\",\"isPartOf\":{\"@id\":\"https:\\\/\\\/shopatoa.com\\\/ro\\\/#website\"},\"primaryImageOfPage\":{\"@id\":\"https:\\\/\\\/shopatoa.com\\\/ro\\\/kenzo-kenzo-homme-2022-edp-110-ml\\\/#primaryimage\"},\"image\":{\"@id\":\"https:\\\/\\\/shopatoa.com\\\/ro\\\/kenzo-kenzo-homme-2022-edp-110-ml\\\/#primaryimage\"},\"thumbnailUrl\":\"https:\\\/\\\/storage.googleapis.com\\\/cz-shopatoa-img\\\/ro\\\/79a9068c-unnamed-file.webp\",\"datePublished\":\"2025-05-02T16:35:35+00:00\",\"dateModified\":\"2025-12-11T00:45:57+00:00\",\"breadcrumb\":{\"@id\":\"https:\\\/\\\/shopatoa.com\\\/ro\\\/kenzo-kenzo-homme-2022-edp-110-ml\\\/#breadcrumb\"},\"inLanguage\":\"ro-RO\",\"potentialAction\":[{\"@type\":\"ReadAction\",\"target\":[\"https:\\\/\\\/shopatoa.com\\\/ro\\\/kenzo-kenzo-homme-2022-edp-110-ml\\\/\"]}]},{\"@type\":\"ImageObject\",\"inLanguage\":\"ro-RO\",\"@id\":\"https:\\\/\\\/shopatoa.com\\\/ro\\\/kenzo-kenzo-homme-2022-edp-110-ml\\\/#primaryimage\",\"url\":\"https:\\\/\\\/storage.googleapis.com\\\/cz-shopatoa-img\\\/ro\\\/79a9068c-unnamed-file.webp\",\"contentUrl\":\"https:\\\/\\\/storage.googleapis.com\\\/cz-shopatoa-img\\\/ro\\\/79a9068c-unnamed-file.webp\",\"width\":800,\"height\":800},{\"@type\":\"BreadcrumbList\",\"@id\":\"https:\\\/\\\/shopatoa.com\\\/ro\\\/kenzo-kenzo-homme-2022-edp-110-ml\\\/#breadcrumb\",\"itemListElement\":[{\"@type\":\"ListItem\",\"position\":1,\"name\":\"Dom\u016f\",\"item\":\"https:\\\/\\\/shopatoa.com\\\/ro\\\/\"},{\"@type\":\"ListItem\",\"position\":2,\"name\":\"Shop\",\"item\":\"https:\\\/\\\/shopatoa.com\\\/ro\\\/shop\\\/\"},{\"@type\":\"ListItem\",\"position\":3,\"name\":\"Parfumuri\",\"item\":\"https:\\\/\\\/shopatoa.com\\\/ro\\\/parfumuri\\\/\"},{\"@type\":\"ListItem\",\"position\":4,\"name\":\"Ape de parfum (EDP)\",\"item\":\"https:\\\/\\\/shopatoa.com\\\/ro\\\/ape-de-parfum-edp\\\/\"},{\"@type\":\"ListItem\",\"position\":5,\"name\":\"Kenzo Kenzo Homme (2022) &#8211; EDP 110 ml\"}]},{\"@type\":\"WebSite\",\"@id\":\"https:\\\/\\\/shopatoa.com\\\/ro\\\/#website\",\"url\":\"https:\\\/\\\/shopatoa.com\\\/ro\\\/\",\"name\":\"SHOPATOA\",\"description\":\"\",\"publisher\":{\"@id\":\"https:\\\/\\\/shopatoa.com\\\/ro\\\/#organization\"},\"potentialAction\":[{\"@type\":\"SearchAction\",\"target\":{\"@type\":\"EntryPoint\",\"urlTemplate\":\"https:\\\/\\\/shopatoa.com\\\/ro\\\/?s={search_term_string}\"},\"query-input\":{\"@type\":\"PropertyValueSpecification\",\"valueRequired\":true,\"valueName\":\"search_term_string\"}}],\"inLanguage\":\"ro-RO\"},{\"@type\":\"Organization\",\"@id\":\"https:\\\/\\\/shopatoa.com\\\/ro\\\/#organization\",\"name\":\"SHOPATOA\",\"url\":\"https:\\\/\\\/shopatoa.com\\\/ro\\\/\",\"logo\":{\"@type\":\"ImageObject\",\"inLanguage\":\"ro-RO\",\"@id\":\"https:\\\/\\\/shopatoa.com\\\/ro\\\/#\\\/schema\\\/logo\\\/image\\\/\",\"url\":\"https:\\\/\\\/storage.googleapis.com\\\/cz-shopatoa-img\\\/ro\\\/b4dac915-shopatoa_logo.png\",\"contentUrl\":\"https:\\\/\\\/storage.googleapis.com\\\/cz-shopatoa-img\\\/ro\\\/b4dac915-shopatoa_logo.png\",\"width\":416,\"height\":63,\"caption\":\"SHOPATOA\"},\"image\":{\"@id\":\"https:\\\/\\\/shopatoa.com\\\/ro\\\/#\\\/schema\\\/logo\\\/image\\\/\"}}]}<\/script>\n<!-- \/ Yoast SEO plugin. -->","yoast_head_json":{"title":"Kenzo Kenzo Homme (2022) - EDP 110 ml - SHOPATOA.COM","robots":{"index":"index","follow":"follow","max-snippet":"max-snippet:-1","max-image-preview":"max-image-preview:large","max-video-preview":"max-video-preview:-1"},"canonical":"https:\/\/shopatoa.com\/ro\/kenzo-kenzo-homme-2022-edp-110-ml\/","og_locale":"ro_RO","og_type":"article","og_title":"Kenzo Kenzo Homme (2022) - EDP 110 ml - SHOPATOA.COM","og_description":"Kenzo Pour Homme este o apa de parfum pentru barbati inspirata de intensitatea marii si calmul brizei marii. \u00cen primul r\u00e2nd, vei fi \u00eent\u00e2mpinat de note marine proaspete. Inima apar\u021bine parfumului de piele \u00eenc\u0103lzit de razele soarelui, purtat de briza m\u0103rii. \u00cen baz\u0103 vei sim\u021bi mirosul exotic, dulce de p\u0103m\u00e2nt, al patchouli. \u00cenc\u00e2nt\u0103-\u021bi sim\u021burile cu...","og_url":"https:\/\/shopatoa.com\/ro\/kenzo-kenzo-homme-2022-edp-110-ml\/","og_site_name":"SHOPATOA","article_modified_time":"2025-12-11T00:45:57+00:00","og_image":[{"width":800,"height":800,"url":"https:\/\/storage.googleapis.com\/cz-shopatoa-img\/ro\/79a9068c-unnamed-file.webp","type":"image\/webp"}],"twitter_card":"summary_large_image","twitter_misc":{"Timp estimat pentru citire":"1 minut"},"schema":{"@context":"https:\/\/schema.org","@graph":[{"@type":"WebPage","@id":"https:\/\/shopatoa.com\/ro\/kenzo-kenzo-homme-2022-edp-110-ml\/","url":"https:\/\/shopatoa.com\/ro\/kenzo-kenzo-homme-2022-edp-110-ml\/","name":"Kenzo Kenzo Homme (2022) - EDP 110 ml - SHOPATOA.COM","isPartOf":{"@id":"https:\/\/shopatoa.com\/ro\/#website"},"primaryImageOfPage":{"@id":"https:\/\/shopatoa.com\/ro\/kenzo-kenzo-homme-2022-edp-110-ml\/#primaryimage"},"image":{"@id":"https:\/\/shopatoa.com\/ro\/kenzo-kenzo-homme-2022-edp-110-ml\/#primaryimage"},"thumbnailUrl":"https:\/\/storage.googleapis.com\/cz-shopatoa-img\/ro\/79a9068c-unnamed-file.webp","datePublished":"2025-05-02T16:35:35+00:00","dateModified":"2025-12-11T00:45:57+00:00","breadcrumb":{"@id":"https:\/\/shopatoa.com\/ro\/kenzo-kenzo-homme-2022-edp-110-ml\/#breadcrumb"},"inLanguage":"ro-RO","potentialAction":[{"@type":"ReadAction","target":["https:\/\/shopatoa.com\/ro\/kenzo-kenzo-homme-2022-edp-110-ml\/"]}]},{"@type":"ImageObject","inLanguage":"ro-RO","@id":"https:\/\/shopatoa.com\/ro\/kenzo-kenzo-homme-2022-edp-110-ml\/#primaryimage","url":"https:\/\/storage.googleapis.com\/cz-shopatoa-img\/ro\/79a9068c-unnamed-file.webp","contentUrl":"https:\/\/storage.googleapis.com\/cz-shopatoa-img\/ro\/79a9068c-unnamed-file.webp","width":800,"height":800},{"@type":"BreadcrumbList","@id":"https:\/\/shopatoa.com\/ro\/kenzo-kenzo-homme-2022-edp-110-ml\/#breadcrumb","itemListElement":[{"@type":"ListItem","position":1,"name":"Dom\u016f","item":"https:\/\/shopatoa.com\/ro\/"},{"@type":"ListItem","position":2,"name":"Shop","item":"https:\/\/shopatoa.com\/ro\/shop\/"},{"@type":"ListItem","position":3,"name":"Parfumuri","item":"https:\/\/shopatoa.com\/ro\/parfumuri\/"},{"@type":"ListItem","position":4,"name":"Ape de parfum (EDP)","item":"https:\/\/shopatoa.com\/ro\/ape-de-parfum-edp\/"},{"@type":"ListItem","position":5,"name":"Kenzo Kenzo Homme (2022) &#8211; EDP 110 ml"}]},{"@type":"WebSite","@id":"https:\/\/shopatoa.com\/ro\/#website","url":"https:\/\/shopatoa.com\/ro\/","name":"SHOPATOA","description":"","publisher":{"@id":"https:\/\/shopatoa.com\/ro\/#organization"},"potentialAction":[{"@type":"SearchAction","target":{"@type":"EntryPoint","urlTemplate":"https:\/\/shopatoa.com\/ro\/?s={search_term_string}"},"query-input":{"@type":"PropertyValueSpecification","valueRequired":true,"valueName":"search_term_string"}}],"inLanguage":"ro-RO"},{"@type":"Organization","@id":"https:\/\/shopatoa.com\/ro\/#organization","name":"SHOPATOA","url":"https:\/\/shopatoa.com\/ro\/","logo":{"@type":"ImageObject","inLanguage":"ro-RO","@id":"https:\/\/shopatoa.com\/ro\/#\/schema\/logo\/image\/","url":"https:\/\/storage.googleapis.com\/cz-shopatoa-img\/ro\/b4dac915-shopatoa_logo.png","contentUrl":"https:\/\/storage.googleapis.com\/cz-shopatoa-img\/ro\/b4dac915-shopatoa_logo.png","width":416,"height":63,"caption":"SHOPATOA"},"image":{"@id":"https:\/\/shopatoa.com\/ro\/#\/schema\/logo\/image\/"}}]}},"_links":{"self":[{"href":"https:\/\/shopatoa.com\/ro\/wp-json\/wp\/v2\/product\/303188","targetHints":{"allow":["GET"]}}],"collection":[{"href":"https:\/\/shopatoa.com\/ro\/wp-json\/wp\/v2\/product"}],"about":[{"href":"https:\/\/shopatoa.com\/ro\/wp-json\/wp\/v2\/types\/product"}],"replies":[{"embeddable":true,"href":"https:\/\/shopatoa.com\/ro\/wp-json\/wp\/v2\/comments?post=303188"}],"wp:featuredmedia":[{"embeddable":true,"href":"https:\/\/shopatoa.com\/ro\/wp-json\/wp\/v2\/media\/303190"}],"wp:attachment":[{"href":"https:\/\/shopatoa.com\/ro\/wp-json\/wp\/v2\/media?parent=303188"}],"wp:term":[{"taxonomy":"product_brand","embeddable":true,"href":"https:\/\/shopatoa.com\/ro\/wp-json\/wp\/v2\/product_brand?post=303188"},{"taxonomy":"product_cat","embeddable":true,"href":"https:\/\/shopatoa.com\/ro\/wp-json\/wp\/v2\/product_cat?post=303188"},{"taxonomy":"product_tag","embeddable":true,"href":"https:\/\/shopatoa.com\/ro\/wp-json\/wp\/v2\/product_tag?post=303188"}],"curies":[{"name":"wp","href":"https:\/\/api.w.org\/{rel}","templated":true}]}}