{"id":316347,"date":"2025-05-05T11:51:59","date_gmt":"2025-05-05T09:51:59","guid":{"rendered":"https:\/\/shopatoa.com\/ro\/guess-guess-bella-vita-rosa-edt-100-ml\/"},"modified":"2025-12-11T01:05:33","modified_gmt":"2025-12-11T00:05:33","slug":"guess-guess-bella-vita-rosa-edt-100-ml","status":"publish","type":"product","link":"https:\/\/shopatoa.com\/ro\/guess-guess-bella-vita-rosa-edt-100-ml\/","title":{"rendered":"Guess Guess Bella Vita Rosa &#8211; EDT 100 ml"},"content":{"rendered":"<p>Guess Bella Vita Rosa este o ap\u0103 de toalet\u0103 care capteaz\u0103 farmecul delicate\u021bii feminine \u0219i al energiei pline de via\u021b\u0103. Acest parfum este o s\u0103rb\u0103toare a bucuriei, elegan\u021bei \u0219i farmecului natural al fiec\u0103rei femei. Introducerea str\u0103lucitoare a parfumului v\u0103 \u00eemprosp\u0103teaz\u0103 cu sucul dulce de gutui, prospe\u021bimea l\u0103m\u00e2ii italiene \u0219i notele picante de coac\u0103ze negre. Aceast\u0103 combina\u021bie creeaz\u0103 un \u00eenceput energic \u0219i ademenitor care v\u0103 treze\u0219te toate sim\u021burile. \u00cen inim\u0103 se dezvolt\u0103 un buchet floral sofisticat \u2013 magnolie senzual\u0103, iasomie fraged\u0103, chiparos \u0219i lacramioare romantici adaug\u0103 profunzime \u0219i feminitate subtil\u0103 parfumului. Aceast\u0103 faz\u0103 a parfumului v\u0103 \u00eenv\u0103luie \u00eentr-un voal floral plin de gra\u021bie. Baza parfumului combin\u0103 moliciunea lemnului de santal, senzualitatea moscului, moliciunea mu\u0219chiului \u0219i urma pudrat\u0103 a petalelor de iris. Acest finisaj cald \u0219i persistent va l\u0103sa o impresie de neuitat, care v\u0103 subliniaz\u0103 perfect stilul individual. Guess Bella Vita Rosa este un parfum care v\u0103 va \u00eenso\u021bi in fiecare c\u0103l\u0103torie \u0219i v\u0103 va oferi un sentiment de \u00eencredere, feminitate \u0219i bucurie de via\u021b\u0103. Ideal pentru purtarea de zi cu zi, precum \u0219i pentru ocazii speciale \u00een care dori\u021bi s\u0103 str\u0103luci\u021bi. Parfumul a fost lansat in anul 2022 \u0219i a fost creat de parfumiera Gabriela Chelariu.<\/p>\n","protected":false},"excerpt":{"rendered":"<p>Guess Bella Vita Rosa este o ap\u0103 de toalet\u0103 care capteaz\u0103 farmecul delicate\u021bii feminine \u0219i al energiei pline de via\u021b\u0103. Acest parfum este o s\u0103rb\u0103toare a bucuriei, elegan\u021bei \u0219i farmecului natural al fiec\u0103rei femei. Introducerea str\u0103lucitoare a parfumului v\u0103 \u00eemprosp\u0103teaz\u0103 cu sucul dulce de gutui, prospe\u021bimea l\u0103m\u00e2ii italiene \u0219i notele picante de coac\u0103ze negre. Aceast\u0103&#8230;<\/p>\n","protected":false},"featured_media":316349,"comment_status":"closed","ping_status":"open","template":"","meta":{"_acf_changed":false,"_kadence_starter_templates_imported_post":false,"_kad_post_transparent":"","_kad_post_title":"","_kad_post_layout":"","_kad_post_sidebar_id":"","_kad_post_content_style":"","_kad_post_vertical_padding":"","_kad_post_feature":"","_kad_post_feature_position":"","_kad_post_header":false,"_kad_post_footer":false,"_kad_post_classname":""},"product_brand":[277],"product_cat":[615,614],"product_tag":[],"class_list":{"0":"post-316347","1":"product","2":"type-product","3":"status-publish","4":"has-post-thumbnail","6":"product_brand-guess","7":"product_cat-ape-de-toaleta-edt","8":"product_cat-parfumuri","10":"first","11":"instock","12":"product-type-external","13":"entry","14":"content-bg","15":"loop-entry"},"acf":[],"yoast_head":"<!-- This site is optimized with the Yoast SEO plugin v27.4 - https:\/\/yoast.com\/product\/yoast-seo-wordpress\/ -->\n<title>Guess Guess Bella Vita Rosa - EDT 100 ml - SHOPATOA.COM<\/title>\n<meta name=\"robots\" content=\"index, follow, max-snippet:-1, max-image-preview:large, max-video-preview:-1\" \/>\n<link rel=\"canonical\" href=\"https:\/\/shopatoa.com\/ro\/guess-guess-bella-vita-rosa-edt-100-ml\/\" \/>\n<meta property=\"og:locale\" content=\"ro_RO\" \/>\n<meta property=\"og:type\" content=\"article\" \/>\n<meta property=\"og:title\" content=\"Guess Guess Bella Vita Rosa - EDT 100 ml - SHOPATOA.COM\" \/>\n<meta property=\"og:description\" content=\"Guess Bella Vita Rosa este o ap\u0103 de toalet\u0103 care capteaz\u0103 farmecul delicate\u021bii feminine \u0219i al energiei pline de via\u021b\u0103. Acest parfum este o s\u0103rb\u0103toare a bucuriei, elegan\u021bei \u0219i farmecului natural al fiec\u0103rei femei. Introducerea str\u0103lucitoare a parfumului v\u0103 \u00eemprosp\u0103teaz\u0103 cu sucul dulce de gutui, prospe\u021bimea l\u0103m\u00e2ii italiene \u0219i notele picante de coac\u0103ze negre. Aceast\u0103...\" \/>\n<meta property=\"og:url\" content=\"https:\/\/shopatoa.com\/ro\/guess-guess-bella-vita-rosa-edt-100-ml\/\" \/>\n<meta property=\"og:site_name\" content=\"SHOPATOA\" \/>\n<meta property=\"article:modified_time\" content=\"2025-12-11T00:05:33+00:00\" \/>\n<meta property=\"og:image\" content=\"https:\/\/storage.googleapis.com\/cz-shopatoa-img\/ro\/3d54f44c-unnamed-file-1.webp\" \/>\n\t<meta property=\"og:image:width\" content=\"800\" \/>\n\t<meta property=\"og:image:height\" content=\"800\" \/>\n\t<meta property=\"og:image:type\" content=\"image\/webp\" \/>\n<meta name=\"twitter:card\" content=\"summary_large_image\" \/>\n<meta name=\"twitter:label1\" content=\"Timp estimat pentru citire\" \/>\n\t<meta name=\"twitter:data1\" content=\"1 minut\" \/>\n<script type=\"application\/ld+json\" class=\"yoast-schema-graph\">{\"@context\":\"https:\\\/\\\/schema.org\",\"@graph\":[{\"@type\":\"WebPage\",\"@id\":\"https:\\\/\\\/shopatoa.com\\\/ro\\\/guess-guess-bella-vita-rosa-edt-100-ml\\\/\",\"url\":\"https:\\\/\\\/shopatoa.com\\\/ro\\\/guess-guess-bella-vita-rosa-edt-100-ml\\\/\",\"name\":\"Guess Guess Bella Vita Rosa - EDT 100 ml - SHOPATOA.COM\",\"isPartOf\":{\"@id\":\"https:\\\/\\\/shopatoa.com\\\/ro\\\/#website\"},\"primaryImageOfPage\":{\"@id\":\"https:\\\/\\\/shopatoa.com\\\/ro\\\/guess-guess-bella-vita-rosa-edt-100-ml\\\/#primaryimage\"},\"image\":{\"@id\":\"https:\\\/\\\/shopatoa.com\\\/ro\\\/guess-guess-bella-vita-rosa-edt-100-ml\\\/#primaryimage\"},\"thumbnailUrl\":\"https:\\\/\\\/storage.googleapis.com\\\/cz-shopatoa-img\\\/ro\\\/3d54f44c-unnamed-file-1.webp\",\"datePublished\":\"2025-05-05T09:51:59+00:00\",\"dateModified\":\"2025-12-11T00:05:33+00:00\",\"breadcrumb\":{\"@id\":\"https:\\\/\\\/shopatoa.com\\\/ro\\\/guess-guess-bella-vita-rosa-edt-100-ml\\\/#breadcrumb\"},\"inLanguage\":\"ro-RO\",\"potentialAction\":[{\"@type\":\"ReadAction\",\"target\":[\"https:\\\/\\\/shopatoa.com\\\/ro\\\/guess-guess-bella-vita-rosa-edt-100-ml\\\/\"]}]},{\"@type\":\"ImageObject\",\"inLanguage\":\"ro-RO\",\"@id\":\"https:\\\/\\\/shopatoa.com\\\/ro\\\/guess-guess-bella-vita-rosa-edt-100-ml\\\/#primaryimage\",\"url\":\"https:\\\/\\\/storage.googleapis.com\\\/cz-shopatoa-img\\\/ro\\\/3d54f44c-unnamed-file-1.webp\",\"contentUrl\":\"https:\\\/\\\/storage.googleapis.com\\\/cz-shopatoa-img\\\/ro\\\/3d54f44c-unnamed-file-1.webp\",\"width\":800,\"height\":800},{\"@type\":\"BreadcrumbList\",\"@id\":\"https:\\\/\\\/shopatoa.com\\\/ro\\\/guess-guess-bella-vita-rosa-edt-100-ml\\\/#breadcrumb\",\"itemListElement\":[{\"@type\":\"ListItem\",\"position\":1,\"name\":\"Dom\u016f\",\"item\":\"https:\\\/\\\/shopatoa.com\\\/ro\\\/\"},{\"@type\":\"ListItem\",\"position\":2,\"name\":\"Shop\",\"item\":\"https:\\\/\\\/shopatoa.com\\\/ro\\\/shop\\\/\"},{\"@type\":\"ListItem\",\"position\":3,\"name\":\"Parfumuri\",\"item\":\"https:\\\/\\\/shopatoa.com\\\/ro\\\/parfumuri\\\/\"},{\"@type\":\"ListItem\",\"position\":4,\"name\":\"Ape de toalet\u0103 (EDT)\",\"item\":\"https:\\\/\\\/shopatoa.com\\\/ro\\\/ape-de-toaleta-edt\\\/\"},{\"@type\":\"ListItem\",\"position\":5,\"name\":\"Guess Guess Bella Vita Rosa &#8211; EDT 100 ml\"}]},{\"@type\":\"WebSite\",\"@id\":\"https:\\\/\\\/shopatoa.com\\\/ro\\\/#website\",\"url\":\"https:\\\/\\\/shopatoa.com\\\/ro\\\/\",\"name\":\"SHOPATOA\",\"description\":\"\",\"publisher\":{\"@id\":\"https:\\\/\\\/shopatoa.com\\\/ro\\\/#organization\"},\"potentialAction\":[{\"@type\":\"SearchAction\",\"target\":{\"@type\":\"EntryPoint\",\"urlTemplate\":\"https:\\\/\\\/shopatoa.com\\\/ro\\\/?s={search_term_string}\"},\"query-input\":{\"@type\":\"PropertyValueSpecification\",\"valueRequired\":true,\"valueName\":\"search_term_string\"}}],\"inLanguage\":\"ro-RO\"},{\"@type\":\"Organization\",\"@id\":\"https:\\\/\\\/shopatoa.com\\\/ro\\\/#organization\",\"name\":\"SHOPATOA\",\"url\":\"https:\\\/\\\/shopatoa.com\\\/ro\\\/\",\"logo\":{\"@type\":\"ImageObject\",\"inLanguage\":\"ro-RO\",\"@id\":\"https:\\\/\\\/shopatoa.com\\\/ro\\\/#\\\/schema\\\/logo\\\/image\\\/\",\"url\":\"https:\\\/\\\/storage.googleapis.com\\\/cz-shopatoa-img\\\/ro\\\/b4dac915-shopatoa_logo.png\",\"contentUrl\":\"https:\\\/\\\/storage.googleapis.com\\\/cz-shopatoa-img\\\/ro\\\/b4dac915-shopatoa_logo.png\",\"width\":416,\"height\":63,\"caption\":\"SHOPATOA\"},\"image\":{\"@id\":\"https:\\\/\\\/shopatoa.com\\\/ro\\\/#\\\/schema\\\/logo\\\/image\\\/\"}}]}<\/script>\n<!-- \/ Yoast SEO plugin. -->","yoast_head_json":{"title":"Guess Guess Bella Vita Rosa - EDT 100 ml - SHOPATOA.COM","robots":{"index":"index","follow":"follow","max-snippet":"max-snippet:-1","max-image-preview":"max-image-preview:large","max-video-preview":"max-video-preview:-1"},"canonical":"https:\/\/shopatoa.com\/ro\/guess-guess-bella-vita-rosa-edt-100-ml\/","og_locale":"ro_RO","og_type":"article","og_title":"Guess Guess Bella Vita Rosa - EDT 100 ml - SHOPATOA.COM","og_description":"Guess Bella Vita Rosa este o ap\u0103 de toalet\u0103 care capteaz\u0103 farmecul delicate\u021bii feminine \u0219i al energiei pline de via\u021b\u0103. Acest parfum este o s\u0103rb\u0103toare a bucuriei, elegan\u021bei \u0219i farmecului natural al fiec\u0103rei femei. Introducerea str\u0103lucitoare a parfumului v\u0103 \u00eemprosp\u0103teaz\u0103 cu sucul dulce de gutui, prospe\u021bimea l\u0103m\u00e2ii italiene \u0219i notele picante de coac\u0103ze negre. Aceast\u0103...","og_url":"https:\/\/shopatoa.com\/ro\/guess-guess-bella-vita-rosa-edt-100-ml\/","og_site_name":"SHOPATOA","article_modified_time":"2025-12-11T00:05:33+00:00","og_image":[{"width":800,"height":800,"url":"https:\/\/storage.googleapis.com\/cz-shopatoa-img\/ro\/3d54f44c-unnamed-file-1.webp","type":"image\/webp"}],"twitter_card":"summary_large_image","twitter_misc":{"Timp estimat pentru citire":"1 minut"},"schema":{"@context":"https:\/\/schema.org","@graph":[{"@type":"WebPage","@id":"https:\/\/shopatoa.com\/ro\/guess-guess-bella-vita-rosa-edt-100-ml\/","url":"https:\/\/shopatoa.com\/ro\/guess-guess-bella-vita-rosa-edt-100-ml\/","name":"Guess Guess Bella Vita Rosa - EDT 100 ml - SHOPATOA.COM","isPartOf":{"@id":"https:\/\/shopatoa.com\/ro\/#website"},"primaryImageOfPage":{"@id":"https:\/\/shopatoa.com\/ro\/guess-guess-bella-vita-rosa-edt-100-ml\/#primaryimage"},"image":{"@id":"https:\/\/shopatoa.com\/ro\/guess-guess-bella-vita-rosa-edt-100-ml\/#primaryimage"},"thumbnailUrl":"https:\/\/storage.googleapis.com\/cz-shopatoa-img\/ro\/3d54f44c-unnamed-file-1.webp","datePublished":"2025-05-05T09:51:59+00:00","dateModified":"2025-12-11T00:05:33+00:00","breadcrumb":{"@id":"https:\/\/shopatoa.com\/ro\/guess-guess-bella-vita-rosa-edt-100-ml\/#breadcrumb"},"inLanguage":"ro-RO","potentialAction":[{"@type":"ReadAction","target":["https:\/\/shopatoa.com\/ro\/guess-guess-bella-vita-rosa-edt-100-ml\/"]}]},{"@type":"ImageObject","inLanguage":"ro-RO","@id":"https:\/\/shopatoa.com\/ro\/guess-guess-bella-vita-rosa-edt-100-ml\/#primaryimage","url":"https:\/\/storage.googleapis.com\/cz-shopatoa-img\/ro\/3d54f44c-unnamed-file-1.webp","contentUrl":"https:\/\/storage.googleapis.com\/cz-shopatoa-img\/ro\/3d54f44c-unnamed-file-1.webp","width":800,"height":800},{"@type":"BreadcrumbList","@id":"https:\/\/shopatoa.com\/ro\/guess-guess-bella-vita-rosa-edt-100-ml\/#breadcrumb","itemListElement":[{"@type":"ListItem","position":1,"name":"Dom\u016f","item":"https:\/\/shopatoa.com\/ro\/"},{"@type":"ListItem","position":2,"name":"Shop","item":"https:\/\/shopatoa.com\/ro\/shop\/"},{"@type":"ListItem","position":3,"name":"Parfumuri","item":"https:\/\/shopatoa.com\/ro\/parfumuri\/"},{"@type":"ListItem","position":4,"name":"Ape de toalet\u0103 (EDT)","item":"https:\/\/shopatoa.com\/ro\/ape-de-toaleta-edt\/"},{"@type":"ListItem","position":5,"name":"Guess Guess Bella Vita Rosa &#8211; EDT 100 ml"}]},{"@type":"WebSite","@id":"https:\/\/shopatoa.com\/ro\/#website","url":"https:\/\/shopatoa.com\/ro\/","name":"SHOPATOA","description":"","publisher":{"@id":"https:\/\/shopatoa.com\/ro\/#organization"},"potentialAction":[{"@type":"SearchAction","target":{"@type":"EntryPoint","urlTemplate":"https:\/\/shopatoa.com\/ro\/?s={search_term_string}"},"query-input":{"@type":"PropertyValueSpecification","valueRequired":true,"valueName":"search_term_string"}}],"inLanguage":"ro-RO"},{"@type":"Organization","@id":"https:\/\/shopatoa.com\/ro\/#organization","name":"SHOPATOA","url":"https:\/\/shopatoa.com\/ro\/","logo":{"@type":"ImageObject","inLanguage":"ro-RO","@id":"https:\/\/shopatoa.com\/ro\/#\/schema\/logo\/image\/","url":"https:\/\/storage.googleapis.com\/cz-shopatoa-img\/ro\/b4dac915-shopatoa_logo.png","contentUrl":"https:\/\/storage.googleapis.com\/cz-shopatoa-img\/ro\/b4dac915-shopatoa_logo.png","width":416,"height":63,"caption":"SHOPATOA"},"image":{"@id":"https:\/\/shopatoa.com\/ro\/#\/schema\/logo\/image\/"}}]}},"_links":{"self":[{"href":"https:\/\/shopatoa.com\/ro\/wp-json\/wp\/v2\/product\/316347","targetHints":{"allow":["GET"]}}],"collection":[{"href":"https:\/\/shopatoa.com\/ro\/wp-json\/wp\/v2\/product"}],"about":[{"href":"https:\/\/shopatoa.com\/ro\/wp-json\/wp\/v2\/types\/product"}],"replies":[{"embeddable":true,"href":"https:\/\/shopatoa.com\/ro\/wp-json\/wp\/v2\/comments?post=316347"}],"wp:featuredmedia":[{"embeddable":true,"href":"https:\/\/shopatoa.com\/ro\/wp-json\/wp\/v2\/media\/316349"}],"wp:attachment":[{"href":"https:\/\/shopatoa.com\/ro\/wp-json\/wp\/v2\/media?parent=316347"}],"wp:term":[{"taxonomy":"product_brand","embeddable":true,"href":"https:\/\/shopatoa.com\/ro\/wp-json\/wp\/v2\/product_brand?post=316347"},{"taxonomy":"product_cat","embeddable":true,"href":"https:\/\/shopatoa.com\/ro\/wp-json\/wp\/v2\/product_cat?post=316347"},{"taxonomy":"product_tag","embeddable":true,"href":"https:\/\/shopatoa.com\/ro\/wp-json\/wp\/v2\/product_tag?post=316347"}],"curies":[{"name":"wp","href":"https:\/\/api.w.org\/{rel}","templated":true}]}}