{"id":316585,"date":"2025-05-05T12:26:58","date_gmt":"2025-05-05T10:26:58","guid":{"rendered":"https:\/\/shopatoa.com\/ro\/make-up-for-ever-corector-hidratant-pentru-zona-ochilor-hd-skin-concealer-47-ml-2-5n-desert\/"},"modified":"2025-12-11T00:46:42","modified_gmt":"2025-12-10T23:46:42","slug":"make-up-for-ever-corector-hidratant-pentru-zona-ochilor-hd-skin-concealer-47-ml-2-5n-desert","status":"publish","type":"product","link":"https:\/\/shopatoa.com\/ro\/make-up-for-ever-corector-hidratant-pentru-zona-ochilor-hd-skin-concealer-47-ml-2-5n-desert\/","title":{"rendered":"Make Up For Ever Corector hidratant pentru zona ochilor HD Skin (Concealer) 4,7 ml 2.5(N) Desert"},"content":{"rendered":"<p>Ultra-lejer\u0103 \u0219i stratificabil, acest corector neteze\u0219te vizibil, lumineaz\u0103 \u0219i corecteaz\u0103 zona din jurul ochilor. Formula avansat\u0103, \u00eembog\u0103\u021bit\u0103 cu Smooth Skin Complex, acid hialuronic \u0219i ulei de jojoba, contribuie la netezirea liniilor fine, uniformizarea texturii \u0219i hidratarea eficient\u0103 a zonei de sub ochi. Gelul se aplic\u0103 u\u0219or \u0219i permite stratificarea, f\u0103r\u0103 a se acumula \u00een riduri.<\/p>\n","protected":false},"excerpt":{"rendered":"<p>Ultra-lejer\u0103 \u0219i stratificabil, acest corector neteze\u0219te vizibil, lumineaz\u0103 \u0219i corecteaz\u0103 zona din jurul ochilor. Formula avansat\u0103, \u00eembog\u0103\u021bit\u0103 cu Smooth Skin Complex, acid hialuronic \u0219i ulei de jojoba, contribuie la netezirea liniilor fine, uniformizarea texturii \u0219i hidratarea eficient\u0103 a zonei de sub ochi. Gelul se aplic\u0103 u\u0219or \u0219i permite stratificarea, f\u0103r\u0103 a se acumula \u00een riduri.<\/p>\n","protected":false},"featured_media":316586,"comment_status":"closed","ping_status":"open","template":"","meta":{"_acf_changed":false,"_kadence_starter_templates_imported_post":false,"_kad_post_transparent":"","_kad_post_title":"","_kad_post_layout":"","_kad_post_sidebar_id":"","_kad_post_content_style":"","_kad_post_vertical_padding":"","_kad_post_feature":"","_kad_post_feature_position":"","_kad_post_header":false,"_kad_post_footer":false,"_kad_post_classname":""},"product_brand":[807],"product_cat":[704,246,609,616],"product_tag":[],"class_list":{"0":"post-316585","1":"product","2":"type-product","3":"status-publish","4":"has-post-thumbnail","6":"product_brand-make-up-for-ever","7":"product_cat-corector-pentru-zona-fetei-si-a-ochilor","8":"product_cat-cosmetice","9":"product_cat-cosmetice-decorative","10":"product_cat-machiaj-pentru-fata","12":"first","13":"instock","14":"product-type-external","15":"entry","16":"content-bg","17":"loop-entry"},"acf":[],"yoast_head":"<!-- This site is optimized with the Yoast SEO plugin v27.3 - https:\/\/yoast.com\/product\/yoast-seo-wordpress\/ -->\n<title>Make Up For Ever Corector hidratant pentru zona ochilor HD Skin (Concealer) 4,7 ml 2.5(N) Desert - SHOPATOA.COM<\/title>\n<meta name=\"robots\" content=\"index, follow, max-snippet:-1, max-image-preview:large, max-video-preview:-1\" \/>\n<link rel=\"canonical\" href=\"https:\/\/shopatoa.com\/ro\/make-up-for-ever-corector-hidratant-pentru-zona-ochilor-hd-skin-concealer-47-ml-2-5n-desert\/\" \/>\n<meta property=\"og:locale\" content=\"ro_RO\" \/>\n<meta property=\"og:type\" content=\"article\" \/>\n<meta property=\"og:title\" content=\"Make Up For Ever Corector hidratant pentru zona ochilor HD Skin (Concealer) 4,7 ml 2.5(N) Desert - SHOPATOA.COM\" \/>\n<meta property=\"og:description\" content=\"Ultra-lejer\u0103 \u0219i stratificabil, acest corector neteze\u0219te vizibil, lumineaz\u0103 \u0219i corecteaz\u0103 zona din jurul ochilor. Formula avansat\u0103, \u00eembog\u0103\u021bit\u0103 cu Smooth Skin Complex, acid hialuronic \u0219i ulei de jojoba, contribuie la netezirea liniilor fine, uniformizarea texturii \u0219i hidratarea eficient\u0103 a zonei de sub ochi. Gelul se aplic\u0103 u\u0219or \u0219i permite stratificarea, f\u0103r\u0103 a se acumula \u00een riduri.\" \/>\n<meta property=\"og:url\" content=\"https:\/\/shopatoa.com\/ro\/make-up-for-ever-corector-hidratant-pentru-zona-ochilor-hd-skin-concealer-47-ml-2-5n-desert\/\" \/>\n<meta property=\"og:site_name\" content=\"SHOPATOA\" \/>\n<meta property=\"article:modified_time\" content=\"2025-12-10T23:46:42+00:00\" \/>\n<meta property=\"og:image\" content=\"https:\/\/storage.googleapis.com\/cz-shopatoa-img\/ro\/fe4ddb0a-.webp\" \/>\n\t<meta property=\"og:image:width\" content=\"800\" \/>\n\t<meta property=\"og:image:height\" content=\"800\" \/>\n\t<meta property=\"og:image:type\" content=\"image\/webp\" \/>\n<meta name=\"twitter:card\" content=\"summary_large_image\" \/>\n<script type=\"application\/ld+json\" class=\"yoast-schema-graph\">{\"@context\":\"https:\\\/\\\/schema.org\",\"@graph\":[{\"@type\":\"WebPage\",\"@id\":\"https:\\\/\\\/shopatoa.com\\\/ro\\\/make-up-for-ever-corector-hidratant-pentru-zona-ochilor-hd-skin-concealer-47-ml-2-5n-desert\\\/\",\"url\":\"https:\\\/\\\/shopatoa.com\\\/ro\\\/make-up-for-ever-corector-hidratant-pentru-zona-ochilor-hd-skin-concealer-47-ml-2-5n-desert\\\/\",\"name\":\"Make Up For Ever Corector hidratant pentru zona ochilor HD Skin (Concealer) 4,7 ml 2.5(N) Desert - SHOPATOA.COM\",\"isPartOf\":{\"@id\":\"https:\\\/\\\/shopatoa.com\\\/ro\\\/#website\"},\"primaryImageOfPage\":{\"@id\":\"https:\\\/\\\/shopatoa.com\\\/ro\\\/make-up-for-ever-corector-hidratant-pentru-zona-ochilor-hd-skin-concealer-47-ml-2-5n-desert\\\/#primaryimage\"},\"image\":{\"@id\":\"https:\\\/\\\/shopatoa.com\\\/ro\\\/make-up-for-ever-corector-hidratant-pentru-zona-ochilor-hd-skin-concealer-47-ml-2-5n-desert\\\/#primaryimage\"},\"thumbnailUrl\":\"https:\\\/\\\/storage.googleapis.com\\\/cz-shopatoa-img\\\/ro\\\/fe4ddb0a-.webp\",\"datePublished\":\"2025-05-05T10:26:58+00:00\",\"dateModified\":\"2025-12-10T23:46:42+00:00\",\"breadcrumb\":{\"@id\":\"https:\\\/\\\/shopatoa.com\\\/ro\\\/make-up-for-ever-corector-hidratant-pentru-zona-ochilor-hd-skin-concealer-47-ml-2-5n-desert\\\/#breadcrumb\"},\"inLanguage\":\"ro-RO\",\"potentialAction\":[{\"@type\":\"ReadAction\",\"target\":[\"https:\\\/\\\/shopatoa.com\\\/ro\\\/make-up-for-ever-corector-hidratant-pentru-zona-ochilor-hd-skin-concealer-47-ml-2-5n-desert\\\/\"]}]},{\"@type\":\"ImageObject\",\"inLanguage\":\"ro-RO\",\"@id\":\"https:\\\/\\\/shopatoa.com\\\/ro\\\/make-up-for-ever-corector-hidratant-pentru-zona-ochilor-hd-skin-concealer-47-ml-2-5n-desert\\\/#primaryimage\",\"url\":\"https:\\\/\\\/storage.googleapis.com\\\/cz-shopatoa-img\\\/ro\\\/fe4ddb0a-.webp\",\"contentUrl\":\"https:\\\/\\\/storage.googleapis.com\\\/cz-shopatoa-img\\\/ro\\\/fe4ddb0a-.webp\",\"width\":800,\"height\":800},{\"@type\":\"BreadcrumbList\",\"@id\":\"https:\\\/\\\/shopatoa.com\\\/ro\\\/make-up-for-ever-corector-hidratant-pentru-zona-ochilor-hd-skin-concealer-47-ml-2-5n-desert\\\/#breadcrumb\",\"itemListElement\":[{\"@type\":\"ListItem\",\"position\":1,\"name\":\"Dom\u016f\",\"item\":\"https:\\\/\\\/shopatoa.com\\\/ro\\\/\"},{\"@type\":\"ListItem\",\"position\":2,\"name\":\"Shop\",\"item\":\"https:\\\/\\\/shopatoa.com\\\/ro\\\/shop\\\/\"},{\"@type\":\"ListItem\",\"position\":3,\"name\":\"Cosmetice\",\"item\":\"https:\\\/\\\/shopatoa.com\\\/ro\\\/cosmetice\\\/\"},{\"@type\":\"ListItem\",\"position\":4,\"name\":\"Cosmetice decorative\",\"item\":\"https:\\\/\\\/shopatoa.com\\\/ro\\\/cosmetice-decorative\\\/\"},{\"@type\":\"ListItem\",\"position\":5,\"name\":\"Machiaj pentru fa\u021ba\",\"item\":\"https:\\\/\\\/shopatoa.com\\\/ro\\\/machiaj-pentru-fata\\\/\"},{\"@type\":\"ListItem\",\"position\":6,\"name\":\"Corector pentru zona fe\u021bei \u0219i a ochilor\",\"item\":\"https:\\\/\\\/shopatoa.com\\\/ro\\\/corector-pentru-zona-fetei-si-a-ochilor\\\/\"},{\"@type\":\"ListItem\",\"position\":7,\"name\":\"Make Up For Ever Corector hidratant pentru zona ochilor HD Skin (Concealer) 4,7 ml 2.5(N) Desert\"}]},{\"@type\":\"WebSite\",\"@id\":\"https:\\\/\\\/shopatoa.com\\\/ro\\\/#website\",\"url\":\"https:\\\/\\\/shopatoa.com\\\/ro\\\/\",\"name\":\"SHOPATOA\",\"description\":\"\",\"publisher\":{\"@id\":\"https:\\\/\\\/shopatoa.com\\\/ro\\\/#organization\"},\"potentialAction\":[{\"@type\":\"SearchAction\",\"target\":{\"@type\":\"EntryPoint\",\"urlTemplate\":\"https:\\\/\\\/shopatoa.com\\\/ro\\\/?s={search_term_string}\"},\"query-input\":{\"@type\":\"PropertyValueSpecification\",\"valueRequired\":true,\"valueName\":\"search_term_string\"}}],\"inLanguage\":\"ro-RO\"},{\"@type\":\"Organization\",\"@id\":\"https:\\\/\\\/shopatoa.com\\\/ro\\\/#organization\",\"name\":\"SHOPATOA\",\"url\":\"https:\\\/\\\/shopatoa.com\\\/ro\\\/\",\"logo\":{\"@type\":\"ImageObject\",\"inLanguage\":\"ro-RO\",\"@id\":\"https:\\\/\\\/shopatoa.com\\\/ro\\\/#\\\/schema\\\/logo\\\/image\\\/\",\"url\":\"https:\\\/\\\/storage.googleapis.com\\\/cz-shopatoa-img\\\/ro\\\/b4dac915-shopatoa_logo.png\",\"contentUrl\":\"https:\\\/\\\/storage.googleapis.com\\\/cz-shopatoa-img\\\/ro\\\/b4dac915-shopatoa_logo.png\",\"width\":416,\"height\":63,\"caption\":\"SHOPATOA\"},\"image\":{\"@id\":\"https:\\\/\\\/shopatoa.com\\\/ro\\\/#\\\/schema\\\/logo\\\/image\\\/\"}}]}<\/script>\n<!-- \/ Yoast SEO plugin. -->","yoast_head_json":{"title":"Make Up For Ever Corector hidratant pentru zona ochilor HD Skin (Concealer) 4,7 ml 2.5(N) Desert - SHOPATOA.COM","robots":{"index":"index","follow":"follow","max-snippet":"max-snippet:-1","max-image-preview":"max-image-preview:large","max-video-preview":"max-video-preview:-1"},"canonical":"https:\/\/shopatoa.com\/ro\/make-up-for-ever-corector-hidratant-pentru-zona-ochilor-hd-skin-concealer-47-ml-2-5n-desert\/","og_locale":"ro_RO","og_type":"article","og_title":"Make Up For Ever Corector hidratant pentru zona ochilor HD Skin (Concealer) 4,7 ml 2.5(N) Desert - SHOPATOA.COM","og_description":"Ultra-lejer\u0103 \u0219i stratificabil, acest corector neteze\u0219te vizibil, lumineaz\u0103 \u0219i corecteaz\u0103 zona din jurul ochilor. Formula avansat\u0103, \u00eembog\u0103\u021bit\u0103 cu Smooth Skin Complex, acid hialuronic \u0219i ulei de jojoba, contribuie la netezirea liniilor fine, uniformizarea texturii \u0219i hidratarea eficient\u0103 a zonei de sub ochi. Gelul se aplic\u0103 u\u0219or \u0219i permite stratificarea, f\u0103r\u0103 a se acumula \u00een riduri.","og_url":"https:\/\/shopatoa.com\/ro\/make-up-for-ever-corector-hidratant-pentru-zona-ochilor-hd-skin-concealer-47-ml-2-5n-desert\/","og_site_name":"SHOPATOA","article_modified_time":"2025-12-10T23:46:42+00:00","og_image":[{"width":800,"height":800,"url":"https:\/\/storage.googleapis.com\/cz-shopatoa-img\/ro\/fe4ddb0a-.webp","type":"image\/webp"}],"twitter_card":"summary_large_image","schema":{"@context":"https:\/\/schema.org","@graph":[{"@type":"WebPage","@id":"https:\/\/shopatoa.com\/ro\/make-up-for-ever-corector-hidratant-pentru-zona-ochilor-hd-skin-concealer-47-ml-2-5n-desert\/","url":"https:\/\/shopatoa.com\/ro\/make-up-for-ever-corector-hidratant-pentru-zona-ochilor-hd-skin-concealer-47-ml-2-5n-desert\/","name":"Make Up For Ever Corector hidratant pentru zona ochilor HD Skin (Concealer) 4,7 ml 2.5(N) Desert - SHOPATOA.COM","isPartOf":{"@id":"https:\/\/shopatoa.com\/ro\/#website"},"primaryImageOfPage":{"@id":"https:\/\/shopatoa.com\/ro\/make-up-for-ever-corector-hidratant-pentru-zona-ochilor-hd-skin-concealer-47-ml-2-5n-desert\/#primaryimage"},"image":{"@id":"https:\/\/shopatoa.com\/ro\/make-up-for-ever-corector-hidratant-pentru-zona-ochilor-hd-skin-concealer-47-ml-2-5n-desert\/#primaryimage"},"thumbnailUrl":"https:\/\/storage.googleapis.com\/cz-shopatoa-img\/ro\/fe4ddb0a-.webp","datePublished":"2025-05-05T10:26:58+00:00","dateModified":"2025-12-10T23:46:42+00:00","breadcrumb":{"@id":"https:\/\/shopatoa.com\/ro\/make-up-for-ever-corector-hidratant-pentru-zona-ochilor-hd-skin-concealer-47-ml-2-5n-desert\/#breadcrumb"},"inLanguage":"ro-RO","potentialAction":[{"@type":"ReadAction","target":["https:\/\/shopatoa.com\/ro\/make-up-for-ever-corector-hidratant-pentru-zona-ochilor-hd-skin-concealer-47-ml-2-5n-desert\/"]}]},{"@type":"ImageObject","inLanguage":"ro-RO","@id":"https:\/\/shopatoa.com\/ro\/make-up-for-ever-corector-hidratant-pentru-zona-ochilor-hd-skin-concealer-47-ml-2-5n-desert\/#primaryimage","url":"https:\/\/storage.googleapis.com\/cz-shopatoa-img\/ro\/fe4ddb0a-.webp","contentUrl":"https:\/\/storage.googleapis.com\/cz-shopatoa-img\/ro\/fe4ddb0a-.webp","width":800,"height":800},{"@type":"BreadcrumbList","@id":"https:\/\/shopatoa.com\/ro\/make-up-for-ever-corector-hidratant-pentru-zona-ochilor-hd-skin-concealer-47-ml-2-5n-desert\/#breadcrumb","itemListElement":[{"@type":"ListItem","position":1,"name":"Dom\u016f","item":"https:\/\/shopatoa.com\/ro\/"},{"@type":"ListItem","position":2,"name":"Shop","item":"https:\/\/shopatoa.com\/ro\/shop\/"},{"@type":"ListItem","position":3,"name":"Cosmetice","item":"https:\/\/shopatoa.com\/ro\/cosmetice\/"},{"@type":"ListItem","position":4,"name":"Cosmetice decorative","item":"https:\/\/shopatoa.com\/ro\/cosmetice-decorative\/"},{"@type":"ListItem","position":5,"name":"Machiaj pentru fa\u021ba","item":"https:\/\/shopatoa.com\/ro\/machiaj-pentru-fata\/"},{"@type":"ListItem","position":6,"name":"Corector pentru zona fe\u021bei \u0219i a ochilor","item":"https:\/\/shopatoa.com\/ro\/corector-pentru-zona-fetei-si-a-ochilor\/"},{"@type":"ListItem","position":7,"name":"Make Up For Ever Corector hidratant pentru zona ochilor HD Skin (Concealer) 4,7 ml 2.5(N) Desert"}]},{"@type":"WebSite","@id":"https:\/\/shopatoa.com\/ro\/#website","url":"https:\/\/shopatoa.com\/ro\/","name":"SHOPATOA","description":"","publisher":{"@id":"https:\/\/shopatoa.com\/ro\/#organization"},"potentialAction":[{"@type":"SearchAction","target":{"@type":"EntryPoint","urlTemplate":"https:\/\/shopatoa.com\/ro\/?s={search_term_string}"},"query-input":{"@type":"PropertyValueSpecification","valueRequired":true,"valueName":"search_term_string"}}],"inLanguage":"ro-RO"},{"@type":"Organization","@id":"https:\/\/shopatoa.com\/ro\/#organization","name":"SHOPATOA","url":"https:\/\/shopatoa.com\/ro\/","logo":{"@type":"ImageObject","inLanguage":"ro-RO","@id":"https:\/\/shopatoa.com\/ro\/#\/schema\/logo\/image\/","url":"https:\/\/storage.googleapis.com\/cz-shopatoa-img\/ro\/b4dac915-shopatoa_logo.png","contentUrl":"https:\/\/storage.googleapis.com\/cz-shopatoa-img\/ro\/b4dac915-shopatoa_logo.png","width":416,"height":63,"caption":"SHOPATOA"},"image":{"@id":"https:\/\/shopatoa.com\/ro\/#\/schema\/logo\/image\/"}}]}},"_links":{"self":[{"href":"https:\/\/shopatoa.com\/ro\/wp-json\/wp\/v2\/product\/316585","targetHints":{"allow":["GET"]}}],"collection":[{"href":"https:\/\/shopatoa.com\/ro\/wp-json\/wp\/v2\/product"}],"about":[{"href":"https:\/\/shopatoa.com\/ro\/wp-json\/wp\/v2\/types\/product"}],"replies":[{"embeddable":true,"href":"https:\/\/shopatoa.com\/ro\/wp-json\/wp\/v2\/comments?post=316585"}],"wp:featuredmedia":[{"embeddable":true,"href":"https:\/\/shopatoa.com\/ro\/wp-json\/wp\/v2\/media\/316586"}],"wp:attachment":[{"href":"https:\/\/shopatoa.com\/ro\/wp-json\/wp\/v2\/media?parent=316585"}],"wp:term":[{"taxonomy":"product_brand","embeddable":true,"href":"https:\/\/shopatoa.com\/ro\/wp-json\/wp\/v2\/product_brand?post=316585"},{"taxonomy":"product_cat","embeddable":true,"href":"https:\/\/shopatoa.com\/ro\/wp-json\/wp\/v2\/product_cat?post=316585"},{"taxonomy":"product_tag","embeddable":true,"href":"https:\/\/shopatoa.com\/ro\/wp-json\/wp\/v2\/product_tag?post=316585"}],"curies":[{"name":"wp","href":"https:\/\/api.w.org\/{rel}","templated":true}]}}