{"id":318076,"date":"2025-05-05T15:50:05","date_gmt":"2025-05-05T13:50:05","guid":{"rendered":"https:\/\/shopatoa.com\/ro\/loreal-professionnel-placa-de-indreptat-parul-cu-abur-steampod-3-0\/"},"modified":"2025-12-10T23:14:04","modified_gmt":"2025-12-10T22:14:04","slug":"loreal-professionnel-placa-de-indreptat-parul-cu-abur-steampod-3-0","status":"publish","type":"product","link":"https:\/\/shopatoa.com\/ro\/loreal-professionnel-placa-de-indreptat-parul-cu-abur-steampod-3-0\/","title":{"rendered":"L&#8217;Or\u00e9al Professionnel Plac\u0103 de \u00eendreptat p\u0103rul cu abur SteamPod 3.0"},"content":{"rendered":"<p>Plac\u0103 de \u00eendreptat p\u0103rul cu abur SteamPod 3.0 \u00een combina\u021bie cu presiunea ridicat\u0103 a aburului \u0219i tehnologia Pro-Keratin las\u0103 p\u0103rul neted \u0219i str\u0103lucitor. C\u0103lcarea p\u0103rului este de 2 ori mai rapid\u0103 \u0219i las\u0103 p\u0103rul de 2 ori mai neted.* Placa de p\u0103r are reglare automat\u0103 a temperaturii \u00een func\u021bie de nevoile p\u0103rului (180 \u00b0 C &#8211; 210 \u00b0 C) \u0219i control inteligent al temperaturii de 2 ori pe secund\u0103. Are un rezervor de ap\u0103 \u00eencorporat direct \u00een plac\u0103 \u0219i o articula\u021bie pivotant\u0103, datorit\u0103 c\u0103reia placa poate fi rotit\u0103 cu u\u0219urin\u021b\u0103. * Test instrumental, SteamPod 3.0 vs SteamPod 3.0 f\u0103r\u0103 abur \u0219i pieptene. \u00cencerca\u021bi \u0219i alte produse din seria Steampod:<\/p>\n","protected":false},"excerpt":{"rendered":"<p>Plac\u0103 de \u00eendreptat p\u0103rul cu abur SteamPod 3.0 \u00een combina\u021bie cu presiunea ridicat\u0103 a aburului \u0219i tehnologia Pro-Keratin las\u0103 p\u0103rul neted \u0219i str\u0103lucitor. C\u0103lcarea p\u0103rului este de 2 ori mai rapid\u0103 \u0219i las\u0103 p\u0103rul de 2 ori mai neted.* Placa de p\u0103r are reglare automat\u0103 a temperaturii \u00een func\u021bie de nevoile p\u0103rului (180 \u00b0 C&#8230;<\/p>\n","protected":false},"featured_media":318078,"comment_status":"closed","ping_status":"open","template":"","meta":{"_acf_changed":false,"_kadence_starter_templates_imported_post":false,"_kad_post_transparent":"","_kad_post_title":"","_kad_post_layout":"","_kad_post_sidebar_id":"","_kad_post_content_style":"","_kad_post_vertical_padding":"","_kad_post_feature":"","_kad_post_feature_position":"","_kad_post_header":false,"_kad_post_footer":false,"_kad_post_classname":""},"product_brand":[95],"product_cat":[246,727,623,624],"product_tag":[],"class_list":{"0":"post-318076","1":"product","2":"type-product","3":"status-publish","4":"has-post-thumbnail","6":"product_brand-loreal-professionnel","7":"product_cat-cosmetice","8":"product_cat-placa-pentru-par","9":"product_cat-produse-cosmetice-pentru-par","10":"product_cat-produse-aparate-si-accesorii-pentru-par","12":"first","13":"instock","14":"product-type-external","15":"entry","16":"content-bg","17":"loop-entry"},"acf":[],"yoast_head":"<!-- This site is optimized with the Yoast SEO plugin v27.4 - https:\/\/yoast.com\/product\/yoast-seo-wordpress\/ -->\n<title>L&#039;Or\u00e9al Professionnel Plac\u0103 de \u00eendreptat p\u0103rul cu abur SteamPod 3.0 - SHOPATOA.COM<\/title>\n<meta name=\"robots\" content=\"index, follow, max-snippet:-1, max-image-preview:large, max-video-preview:-1\" \/>\n<link rel=\"canonical\" href=\"https:\/\/shopatoa.com\/ro\/loreal-professionnel-placa-de-indreptat-parul-cu-abur-steampod-3-0\/\" \/>\n<meta property=\"og:locale\" content=\"ro_RO\" \/>\n<meta property=\"og:type\" content=\"article\" \/>\n<meta property=\"og:title\" content=\"L&#039;Or\u00e9al Professionnel Plac\u0103 de \u00eendreptat p\u0103rul cu abur SteamPod 3.0 - SHOPATOA.COM\" \/>\n<meta property=\"og:description\" content=\"Plac\u0103 de \u00eendreptat p\u0103rul cu abur SteamPod 3.0 \u00een combina\u021bie cu presiunea ridicat\u0103 a aburului \u0219i tehnologia Pro-Keratin las\u0103 p\u0103rul neted \u0219i str\u0103lucitor. C\u0103lcarea p\u0103rului este de 2 ori mai rapid\u0103 \u0219i las\u0103 p\u0103rul de 2 ori mai neted.* Placa de p\u0103r are reglare automat\u0103 a temperaturii \u00een func\u021bie de nevoile p\u0103rului (180 \u00b0 C...\" \/>\n<meta property=\"og:url\" content=\"https:\/\/shopatoa.com\/ro\/loreal-professionnel-placa-de-indreptat-parul-cu-abur-steampod-3-0\/\" \/>\n<meta property=\"og:site_name\" content=\"SHOPATOA\" \/>\n<meta property=\"article:modified_time\" content=\"2025-12-10T22:14:04+00:00\" \/>\n<meta property=\"og:image\" content=\"https:\/\/storage.googleapis.com\/cz-shopatoa-img\/ro\/daf319f6-unnamed-file.webp\" \/>\n\t<meta property=\"og:image:width\" content=\"800\" \/>\n\t<meta property=\"og:image:height\" content=\"800\" \/>\n\t<meta property=\"og:image:type\" content=\"image\/webp\" \/>\n<meta name=\"twitter:card\" content=\"summary_large_image\" \/>\n<meta name=\"twitter:label1\" content=\"Timp estimat pentru citire\" \/>\n\t<meta name=\"twitter:data1\" content=\"1 minut\" \/>\n<script type=\"application\/ld+json\" class=\"yoast-schema-graph\">{\"@context\":\"https:\\\/\\\/schema.org\",\"@graph\":[{\"@type\":\"WebPage\",\"@id\":\"https:\\\/\\\/shopatoa.com\\\/ro\\\/loreal-professionnel-placa-de-indreptat-parul-cu-abur-steampod-3-0\\\/\",\"url\":\"https:\\\/\\\/shopatoa.com\\\/ro\\\/loreal-professionnel-placa-de-indreptat-parul-cu-abur-steampod-3-0\\\/\",\"name\":\"L'Or\u00e9al Professionnel Plac\u0103 de \u00eendreptat p\u0103rul cu abur SteamPod 3.0 - SHOPATOA.COM\",\"isPartOf\":{\"@id\":\"https:\\\/\\\/shopatoa.com\\\/ro\\\/#website\"},\"primaryImageOfPage\":{\"@id\":\"https:\\\/\\\/shopatoa.com\\\/ro\\\/loreal-professionnel-placa-de-indreptat-parul-cu-abur-steampod-3-0\\\/#primaryimage\"},\"image\":{\"@id\":\"https:\\\/\\\/shopatoa.com\\\/ro\\\/loreal-professionnel-placa-de-indreptat-parul-cu-abur-steampod-3-0\\\/#primaryimage\"},\"thumbnailUrl\":\"https:\\\/\\\/storage.googleapis.com\\\/cz-shopatoa-img\\\/ro\\\/daf319f6-unnamed-file.webp\",\"datePublished\":\"2025-05-05T13:50:05+00:00\",\"dateModified\":\"2025-12-10T22:14:04+00:00\",\"breadcrumb\":{\"@id\":\"https:\\\/\\\/shopatoa.com\\\/ro\\\/loreal-professionnel-placa-de-indreptat-parul-cu-abur-steampod-3-0\\\/#breadcrumb\"},\"inLanguage\":\"ro-RO\",\"potentialAction\":[{\"@type\":\"ReadAction\",\"target\":[\"https:\\\/\\\/shopatoa.com\\\/ro\\\/loreal-professionnel-placa-de-indreptat-parul-cu-abur-steampod-3-0\\\/\"]}]},{\"@type\":\"ImageObject\",\"inLanguage\":\"ro-RO\",\"@id\":\"https:\\\/\\\/shopatoa.com\\\/ro\\\/loreal-professionnel-placa-de-indreptat-parul-cu-abur-steampod-3-0\\\/#primaryimage\",\"url\":\"https:\\\/\\\/storage.googleapis.com\\\/cz-shopatoa-img\\\/ro\\\/daf319f6-unnamed-file.webp\",\"contentUrl\":\"https:\\\/\\\/storage.googleapis.com\\\/cz-shopatoa-img\\\/ro\\\/daf319f6-unnamed-file.webp\",\"width\":800,\"height\":800},{\"@type\":\"BreadcrumbList\",\"@id\":\"https:\\\/\\\/shopatoa.com\\\/ro\\\/loreal-professionnel-placa-de-indreptat-parul-cu-abur-steampod-3-0\\\/#breadcrumb\",\"itemListElement\":[{\"@type\":\"ListItem\",\"position\":1,\"name\":\"Dom\u016f\",\"item\":\"https:\\\/\\\/shopatoa.com\\\/ro\\\/\"},{\"@type\":\"ListItem\",\"position\":2,\"name\":\"Shop\",\"item\":\"https:\\\/\\\/shopatoa.com\\\/ro\\\/shop\\\/\"},{\"@type\":\"ListItem\",\"position\":3,\"name\":\"Cosmetice\",\"item\":\"https:\\\/\\\/shopatoa.com\\\/ro\\\/cosmetice\\\/\"},{\"@type\":\"ListItem\",\"position\":4,\"name\":\"Produse cosmetice pentru p\u0103r\",\"item\":\"https:\\\/\\\/shopatoa.com\\\/ro\\\/produse-cosmetice-pentru-par\\\/\"},{\"@type\":\"ListItem\",\"position\":5,\"name\":\"Produse, aparate \u0219i accesorii pentru p\u0103r\",\"item\":\"https:\\\/\\\/shopatoa.com\\\/ro\\\/produse-aparate-si-accesorii-pentru-par\\\/\"},{\"@type\":\"ListItem\",\"position\":6,\"name\":\"Plac\u0103 pentru p\u0103r\",\"item\":\"https:\\\/\\\/shopatoa.com\\\/ro\\\/placa-pentru-par\\\/\"},{\"@type\":\"ListItem\",\"position\":7,\"name\":\"L&#8217;Or\u00e9al Professionnel Plac\u0103 de \u00eendreptat p\u0103rul cu abur SteamPod 3.0\"}]},{\"@type\":\"WebSite\",\"@id\":\"https:\\\/\\\/shopatoa.com\\\/ro\\\/#website\",\"url\":\"https:\\\/\\\/shopatoa.com\\\/ro\\\/\",\"name\":\"SHOPATOA\",\"description\":\"\",\"publisher\":{\"@id\":\"https:\\\/\\\/shopatoa.com\\\/ro\\\/#organization\"},\"potentialAction\":[{\"@type\":\"SearchAction\",\"target\":{\"@type\":\"EntryPoint\",\"urlTemplate\":\"https:\\\/\\\/shopatoa.com\\\/ro\\\/?s={search_term_string}\"},\"query-input\":{\"@type\":\"PropertyValueSpecification\",\"valueRequired\":true,\"valueName\":\"search_term_string\"}}],\"inLanguage\":\"ro-RO\"},{\"@type\":\"Organization\",\"@id\":\"https:\\\/\\\/shopatoa.com\\\/ro\\\/#organization\",\"name\":\"SHOPATOA\",\"url\":\"https:\\\/\\\/shopatoa.com\\\/ro\\\/\",\"logo\":{\"@type\":\"ImageObject\",\"inLanguage\":\"ro-RO\",\"@id\":\"https:\\\/\\\/shopatoa.com\\\/ro\\\/#\\\/schema\\\/logo\\\/image\\\/\",\"url\":\"https:\\\/\\\/storage.googleapis.com\\\/cz-shopatoa-img\\\/ro\\\/b4dac915-shopatoa_logo.png\",\"contentUrl\":\"https:\\\/\\\/storage.googleapis.com\\\/cz-shopatoa-img\\\/ro\\\/b4dac915-shopatoa_logo.png\",\"width\":416,\"height\":63,\"caption\":\"SHOPATOA\"},\"image\":{\"@id\":\"https:\\\/\\\/shopatoa.com\\\/ro\\\/#\\\/schema\\\/logo\\\/image\\\/\"}}]}<\/script>\n<!-- \/ Yoast SEO plugin. -->","yoast_head_json":{"title":"L'Or\u00e9al Professionnel Plac\u0103 de \u00eendreptat p\u0103rul cu abur SteamPod 3.0 - SHOPATOA.COM","robots":{"index":"index","follow":"follow","max-snippet":"max-snippet:-1","max-image-preview":"max-image-preview:large","max-video-preview":"max-video-preview:-1"},"canonical":"https:\/\/shopatoa.com\/ro\/loreal-professionnel-placa-de-indreptat-parul-cu-abur-steampod-3-0\/","og_locale":"ro_RO","og_type":"article","og_title":"L'Or\u00e9al Professionnel Plac\u0103 de \u00eendreptat p\u0103rul cu abur SteamPod 3.0 - SHOPATOA.COM","og_description":"Plac\u0103 de \u00eendreptat p\u0103rul cu abur SteamPod 3.0 \u00een combina\u021bie cu presiunea ridicat\u0103 a aburului \u0219i tehnologia Pro-Keratin las\u0103 p\u0103rul neted \u0219i str\u0103lucitor. C\u0103lcarea p\u0103rului este de 2 ori mai rapid\u0103 \u0219i las\u0103 p\u0103rul de 2 ori mai neted.* Placa de p\u0103r are reglare automat\u0103 a temperaturii \u00een func\u021bie de nevoile p\u0103rului (180 \u00b0 C...","og_url":"https:\/\/shopatoa.com\/ro\/loreal-professionnel-placa-de-indreptat-parul-cu-abur-steampod-3-0\/","og_site_name":"SHOPATOA","article_modified_time":"2025-12-10T22:14:04+00:00","og_image":[{"width":800,"height":800,"url":"https:\/\/storage.googleapis.com\/cz-shopatoa-img\/ro\/daf319f6-unnamed-file.webp","type":"image\/webp"}],"twitter_card":"summary_large_image","twitter_misc":{"Timp estimat pentru citire":"1 minut"},"schema":{"@context":"https:\/\/schema.org","@graph":[{"@type":"WebPage","@id":"https:\/\/shopatoa.com\/ro\/loreal-professionnel-placa-de-indreptat-parul-cu-abur-steampod-3-0\/","url":"https:\/\/shopatoa.com\/ro\/loreal-professionnel-placa-de-indreptat-parul-cu-abur-steampod-3-0\/","name":"L'Or\u00e9al Professionnel Plac\u0103 de \u00eendreptat p\u0103rul cu abur SteamPod 3.0 - SHOPATOA.COM","isPartOf":{"@id":"https:\/\/shopatoa.com\/ro\/#website"},"primaryImageOfPage":{"@id":"https:\/\/shopatoa.com\/ro\/loreal-professionnel-placa-de-indreptat-parul-cu-abur-steampod-3-0\/#primaryimage"},"image":{"@id":"https:\/\/shopatoa.com\/ro\/loreal-professionnel-placa-de-indreptat-parul-cu-abur-steampod-3-0\/#primaryimage"},"thumbnailUrl":"https:\/\/storage.googleapis.com\/cz-shopatoa-img\/ro\/daf319f6-unnamed-file.webp","datePublished":"2025-05-05T13:50:05+00:00","dateModified":"2025-12-10T22:14:04+00:00","breadcrumb":{"@id":"https:\/\/shopatoa.com\/ro\/loreal-professionnel-placa-de-indreptat-parul-cu-abur-steampod-3-0\/#breadcrumb"},"inLanguage":"ro-RO","potentialAction":[{"@type":"ReadAction","target":["https:\/\/shopatoa.com\/ro\/loreal-professionnel-placa-de-indreptat-parul-cu-abur-steampod-3-0\/"]}]},{"@type":"ImageObject","inLanguage":"ro-RO","@id":"https:\/\/shopatoa.com\/ro\/loreal-professionnel-placa-de-indreptat-parul-cu-abur-steampod-3-0\/#primaryimage","url":"https:\/\/storage.googleapis.com\/cz-shopatoa-img\/ro\/daf319f6-unnamed-file.webp","contentUrl":"https:\/\/storage.googleapis.com\/cz-shopatoa-img\/ro\/daf319f6-unnamed-file.webp","width":800,"height":800},{"@type":"BreadcrumbList","@id":"https:\/\/shopatoa.com\/ro\/loreal-professionnel-placa-de-indreptat-parul-cu-abur-steampod-3-0\/#breadcrumb","itemListElement":[{"@type":"ListItem","position":1,"name":"Dom\u016f","item":"https:\/\/shopatoa.com\/ro\/"},{"@type":"ListItem","position":2,"name":"Shop","item":"https:\/\/shopatoa.com\/ro\/shop\/"},{"@type":"ListItem","position":3,"name":"Cosmetice","item":"https:\/\/shopatoa.com\/ro\/cosmetice\/"},{"@type":"ListItem","position":4,"name":"Produse cosmetice pentru p\u0103r","item":"https:\/\/shopatoa.com\/ro\/produse-cosmetice-pentru-par\/"},{"@type":"ListItem","position":5,"name":"Produse, aparate \u0219i accesorii pentru p\u0103r","item":"https:\/\/shopatoa.com\/ro\/produse-aparate-si-accesorii-pentru-par\/"},{"@type":"ListItem","position":6,"name":"Plac\u0103 pentru p\u0103r","item":"https:\/\/shopatoa.com\/ro\/placa-pentru-par\/"},{"@type":"ListItem","position":7,"name":"L&#8217;Or\u00e9al Professionnel Plac\u0103 de \u00eendreptat p\u0103rul cu abur SteamPod 3.0"}]},{"@type":"WebSite","@id":"https:\/\/shopatoa.com\/ro\/#website","url":"https:\/\/shopatoa.com\/ro\/","name":"SHOPATOA","description":"","publisher":{"@id":"https:\/\/shopatoa.com\/ro\/#organization"},"potentialAction":[{"@type":"SearchAction","target":{"@type":"EntryPoint","urlTemplate":"https:\/\/shopatoa.com\/ro\/?s={search_term_string}"},"query-input":{"@type":"PropertyValueSpecification","valueRequired":true,"valueName":"search_term_string"}}],"inLanguage":"ro-RO"},{"@type":"Organization","@id":"https:\/\/shopatoa.com\/ro\/#organization","name":"SHOPATOA","url":"https:\/\/shopatoa.com\/ro\/","logo":{"@type":"ImageObject","inLanguage":"ro-RO","@id":"https:\/\/shopatoa.com\/ro\/#\/schema\/logo\/image\/","url":"https:\/\/storage.googleapis.com\/cz-shopatoa-img\/ro\/b4dac915-shopatoa_logo.png","contentUrl":"https:\/\/storage.googleapis.com\/cz-shopatoa-img\/ro\/b4dac915-shopatoa_logo.png","width":416,"height":63,"caption":"SHOPATOA"},"image":{"@id":"https:\/\/shopatoa.com\/ro\/#\/schema\/logo\/image\/"}}]}},"_links":{"self":[{"href":"https:\/\/shopatoa.com\/ro\/wp-json\/wp\/v2\/product\/318076","targetHints":{"allow":["GET"]}}],"collection":[{"href":"https:\/\/shopatoa.com\/ro\/wp-json\/wp\/v2\/product"}],"about":[{"href":"https:\/\/shopatoa.com\/ro\/wp-json\/wp\/v2\/types\/product"}],"replies":[{"embeddable":true,"href":"https:\/\/shopatoa.com\/ro\/wp-json\/wp\/v2\/comments?post=318076"}],"wp:featuredmedia":[{"embeddable":true,"href":"https:\/\/shopatoa.com\/ro\/wp-json\/wp\/v2\/media\/318078"}],"wp:attachment":[{"href":"https:\/\/shopatoa.com\/ro\/wp-json\/wp\/v2\/media?parent=318076"}],"wp:term":[{"taxonomy":"product_brand","embeddable":true,"href":"https:\/\/shopatoa.com\/ro\/wp-json\/wp\/v2\/product_brand?post=318076"},{"taxonomy":"product_cat","embeddable":true,"href":"https:\/\/shopatoa.com\/ro\/wp-json\/wp\/v2\/product_cat?post=318076"},{"taxonomy":"product_tag","embeddable":true,"href":"https:\/\/shopatoa.com\/ro\/wp-json\/wp\/v2\/product_tag?post=318076"}],"curies":[{"name":"wp","href":"https:\/\/api.w.org\/{rel}","templated":true}]}}