{"id":318142,"date":"2025-05-05T15:56:28","date_gmt":"2025-05-05T13:56:28","guid":{"rendered":"https:\/\/shopatoa.com\/ro\/woodwick-vaze-cu-lumanari-parfumate-solar-ylang-275-g\/"},"modified":"2025-12-10T23:13:12","modified_gmt":"2025-12-10T22:13:12","slug":"woodwick-vaze-cu-lumanari-parfumate-solar-ylang-275-g","status":"publish","type":"product","link":"https:\/\/shopatoa.com\/ro\/woodwick-vaze-cu-lumanari-parfumate-solar-ylang-275-g\/","title":{"rendered":"WoodWick Vaze cu lum\u00e2n\u0103ri parfumate Solar Ylang 275 g"},"content":{"rendered":"<p>Lum\u00e2nare parfumat\u0103 Vaz\u0103 Solar Ylang &#8211; bergamota proasp\u0103t\u0103 se \u00eempletesc ca raze de soare cu un buchet senzual al unui buchet alb de iasomie, tuberoz\u0103 \u0219i ylang, \u00een timp ce tonurile de mosc \u0219i lemn de santal adaug\u0103 o arom\u0103 cremoas\u0103. Timpul de ardere este de p\u00e2n\u0103 la 60 de ore. Aceast\u0103 lum\u00e2nare cu un capac tipic din lemn v\u0103 parfumeaz\u0103 casa \u0219i o umple cu sunetul moale al unui fitil cr\u0103pat, care va spori atmosfera de confort \u0219i confort. C\u0103ci acas\u0103 este locul \u00een care izbucne\u0219te focul. Fitilul este realizat din lemn natural. Forma patentat\u0103 a fitilului de lemn Pluswick \u00ae Innova TION creeaz\u0103 sunetul lini\u0219titor al unui incendiu r\u0103cne\u0219te. Forma de cruce unic\u0103 a acestei fitiluri din lemn permite ca iazul de cear\u0103 s\u0103 se dizolve de p\u00e2n\u0103 la 5 ori mai repede dec\u00e2t o fitil\u0103 clasic\u0103 din bumbac. Prin urmare, respir\u0103 rapid camera cu un miros pl\u0103cut. Aceast\u0103 fitil\u0103 patentat\u0103 garanteaz\u0103 o ardere frumoas\u0103 \u0219i curat\u0103, f\u0103r\u0103 funingine pe sticl\u0103. Produce un sunet moale al focului cr\u0103pat. Capacul din lemn serve\u0219te ca baz\u0103 pentru lum\u00e2nare atunci c\u00e2nd arde \u0219i protejeaz\u0103 astfel suprafa\u021ba mobilierului.<\/p>\n","protected":false},"excerpt":{"rendered":"<p>Lum\u00e2nare parfumat\u0103 Vaz\u0103 Solar Ylang &#8211; bergamota proasp\u0103t\u0103 se \u00eempletesc ca raze de soare cu un buchet senzual al unui buchet alb de iasomie, tuberoz\u0103 \u0219i ylang, \u00een timp ce tonurile de mosc \u0219i lemn de santal adaug\u0103 o arom\u0103 cremoas\u0103. Timpul de ardere este de p\u00e2n\u0103 la 60 de ore. Aceast\u0103 lum\u00e2nare cu un&#8230;<\/p>\n","protected":false},"featured_media":318144,"comment_status":"closed","ping_status":"open","template":"","meta":{"_acf_changed":false,"_kadence_starter_templates_imported_post":false,"_kad_post_transparent":"","_kad_post_title":"","_kad_post_layout":"","_kad_post_sidebar_id":"","_kad_post_content_style":"","_kad_post_vertical_padding":"","_kad_post_feature":"","_kad_post_feature_position":"","_kad_post_header":false,"_kad_post_footer":false,"_kad_post_classname":""},"product_brand":[124],"product_cat":[246,655,654,760],"product_tag":[],"class_list":{"0":"post-318142","1":"product","2":"type-product","3":"status-publish","4":"has-post-thumbnail","6":"product_brand-woodwick","7":"product_cat-cosmetice","8":"product_cat-lumanari-parfumate","9":"product_cat-lumanari-parfumate-si-arome","10":"product_cat-lumanari-parfumate-spoilerul","12":"first","13":"instock","14":"sale","15":"product-type-external","16":"entry","17":"content-bg","18":"loop-entry"},"acf":[],"yoast_head":"<!-- This site is optimized with the Yoast SEO plugin v27.4 - https:\/\/yoast.com\/product\/yoast-seo-wordpress\/ -->\n<title>WoodWick Vaze cu lum\u00e2n\u0103ri parfumate Solar Ylang 275 g - SHOPATOA.COM<\/title>\n<meta name=\"robots\" content=\"index, follow, max-snippet:-1, max-image-preview:large, max-video-preview:-1\" \/>\n<link rel=\"canonical\" href=\"https:\/\/shopatoa.com\/ro\/woodwick-vaze-cu-lumanari-parfumate-solar-ylang-275-g\/\" \/>\n<meta property=\"og:locale\" content=\"ro_RO\" \/>\n<meta property=\"og:type\" content=\"article\" \/>\n<meta property=\"og:title\" content=\"WoodWick Vaze cu lum\u00e2n\u0103ri parfumate Solar Ylang 275 g - SHOPATOA.COM\" \/>\n<meta property=\"og:description\" content=\"Lum\u00e2nare parfumat\u0103 Vaz\u0103 Solar Ylang &#8211; bergamota proasp\u0103t\u0103 se \u00eempletesc ca raze de soare cu un buchet senzual al unui buchet alb de iasomie, tuberoz\u0103 \u0219i ylang, \u00een timp ce tonurile de mosc \u0219i lemn de santal adaug\u0103 o arom\u0103 cremoas\u0103. Timpul de ardere este de p\u00e2n\u0103 la 60 de ore. Aceast\u0103 lum\u00e2nare cu un...\" \/>\n<meta property=\"og:url\" content=\"https:\/\/shopatoa.com\/ro\/woodwick-vaze-cu-lumanari-parfumate-solar-ylang-275-g\/\" \/>\n<meta property=\"og:site_name\" content=\"SHOPATOA\" \/>\n<meta property=\"article:modified_time\" content=\"2025-12-10T22:13:12+00:00\" \/>\n<meta property=\"og:image\" content=\"https:\/\/storage.googleapis.com\/cz-shopatoa-img\/ro\/abc47aa8-unnamed-file.webp\" \/>\n\t<meta property=\"og:image:width\" content=\"800\" \/>\n\t<meta property=\"og:image:height\" content=\"800\" \/>\n\t<meta property=\"og:image:type\" content=\"image\/webp\" \/>\n<meta name=\"twitter:card\" content=\"summary_large_image\" \/>\n<meta name=\"twitter:label1\" content=\"Timp estimat pentru citire\" \/>\n\t<meta name=\"twitter:data1\" content=\"1 minut\" \/>\n<script type=\"application\/ld+json\" class=\"yoast-schema-graph\">{\"@context\":\"https:\\\/\\\/schema.org\",\"@graph\":[{\"@type\":\"WebPage\",\"@id\":\"https:\\\/\\\/shopatoa.com\\\/ro\\\/woodwick-vaze-cu-lumanari-parfumate-solar-ylang-275-g\\\/\",\"url\":\"https:\\\/\\\/shopatoa.com\\\/ro\\\/woodwick-vaze-cu-lumanari-parfumate-solar-ylang-275-g\\\/\",\"name\":\"WoodWick Vaze cu lum\u00e2n\u0103ri parfumate Solar Ylang 275 g - SHOPATOA.COM\",\"isPartOf\":{\"@id\":\"https:\\\/\\\/shopatoa.com\\\/ro\\\/#website\"},\"primaryImageOfPage\":{\"@id\":\"https:\\\/\\\/shopatoa.com\\\/ro\\\/woodwick-vaze-cu-lumanari-parfumate-solar-ylang-275-g\\\/#primaryimage\"},\"image\":{\"@id\":\"https:\\\/\\\/shopatoa.com\\\/ro\\\/woodwick-vaze-cu-lumanari-parfumate-solar-ylang-275-g\\\/#primaryimage\"},\"thumbnailUrl\":\"https:\\\/\\\/storage.googleapis.com\\\/cz-shopatoa-img\\\/ro\\\/abc47aa8-unnamed-file.webp\",\"datePublished\":\"2025-05-05T13:56:28+00:00\",\"dateModified\":\"2025-12-10T22:13:12+00:00\",\"breadcrumb\":{\"@id\":\"https:\\\/\\\/shopatoa.com\\\/ro\\\/woodwick-vaze-cu-lumanari-parfumate-solar-ylang-275-g\\\/#breadcrumb\"},\"inLanguage\":\"ro-RO\",\"potentialAction\":[{\"@type\":\"ReadAction\",\"target\":[\"https:\\\/\\\/shopatoa.com\\\/ro\\\/woodwick-vaze-cu-lumanari-parfumate-solar-ylang-275-g\\\/\"]}]},{\"@type\":\"ImageObject\",\"inLanguage\":\"ro-RO\",\"@id\":\"https:\\\/\\\/shopatoa.com\\\/ro\\\/woodwick-vaze-cu-lumanari-parfumate-solar-ylang-275-g\\\/#primaryimage\",\"url\":\"https:\\\/\\\/storage.googleapis.com\\\/cz-shopatoa-img\\\/ro\\\/abc47aa8-unnamed-file.webp\",\"contentUrl\":\"https:\\\/\\\/storage.googleapis.com\\\/cz-shopatoa-img\\\/ro\\\/abc47aa8-unnamed-file.webp\",\"width\":800,\"height\":800},{\"@type\":\"BreadcrumbList\",\"@id\":\"https:\\\/\\\/shopatoa.com\\\/ro\\\/woodwick-vaze-cu-lumanari-parfumate-solar-ylang-275-g\\\/#breadcrumb\",\"itemListElement\":[{\"@type\":\"ListItem\",\"position\":1,\"name\":\"Dom\u016f\",\"item\":\"https:\\\/\\\/shopatoa.com\\\/ro\\\/\"},{\"@type\":\"ListItem\",\"position\":2,\"name\":\"Shop\",\"item\":\"https:\\\/\\\/shopatoa.com\\\/ro\\\/shop\\\/\"},{\"@type\":\"ListItem\",\"position\":3,\"name\":\"Cosmetice\",\"item\":\"https:\\\/\\\/shopatoa.com\\\/ro\\\/cosmetice\\\/\"},{\"@type\":\"ListItem\",\"position\":4,\"name\":\"Lum\u00e2n\u0103ri parfumate \u0219i arome\",\"item\":\"https:\\\/\\\/shopatoa.com\\\/ro\\\/lumanari-parfumate-si-arome\\\/\"},{\"@type\":\"ListItem\",\"position\":5,\"name\":\"Lum\u00e2n\u0103ri parfumate\",\"item\":\"https:\\\/\\\/shopatoa.com\\\/ro\\\/lumanari-parfumate\\\/\"},{\"@type\":\"ListItem\",\"position\":6,\"name\":\"Lumanari parfumate Spoilerul\",\"item\":\"https:\\\/\\\/shopatoa.com\\\/ro\\\/lumanari-parfumate-spoilerul\\\/\"},{\"@type\":\"ListItem\",\"position\":7,\"name\":\"WoodWick Vaze cu lum\u00e2n\u0103ri parfumate Solar Ylang 275 g\"}]},{\"@type\":\"WebSite\",\"@id\":\"https:\\\/\\\/shopatoa.com\\\/ro\\\/#website\",\"url\":\"https:\\\/\\\/shopatoa.com\\\/ro\\\/\",\"name\":\"SHOPATOA\",\"description\":\"\",\"publisher\":{\"@id\":\"https:\\\/\\\/shopatoa.com\\\/ro\\\/#organization\"},\"potentialAction\":[{\"@type\":\"SearchAction\",\"target\":{\"@type\":\"EntryPoint\",\"urlTemplate\":\"https:\\\/\\\/shopatoa.com\\\/ro\\\/?s={search_term_string}\"},\"query-input\":{\"@type\":\"PropertyValueSpecification\",\"valueRequired\":true,\"valueName\":\"search_term_string\"}}],\"inLanguage\":\"ro-RO\"},{\"@type\":\"Organization\",\"@id\":\"https:\\\/\\\/shopatoa.com\\\/ro\\\/#organization\",\"name\":\"SHOPATOA\",\"url\":\"https:\\\/\\\/shopatoa.com\\\/ro\\\/\",\"logo\":{\"@type\":\"ImageObject\",\"inLanguage\":\"ro-RO\",\"@id\":\"https:\\\/\\\/shopatoa.com\\\/ro\\\/#\\\/schema\\\/logo\\\/image\\\/\",\"url\":\"https:\\\/\\\/storage.googleapis.com\\\/cz-shopatoa-img\\\/ro\\\/b4dac915-shopatoa_logo.png\",\"contentUrl\":\"https:\\\/\\\/storage.googleapis.com\\\/cz-shopatoa-img\\\/ro\\\/b4dac915-shopatoa_logo.png\",\"width\":416,\"height\":63,\"caption\":\"SHOPATOA\"},\"image\":{\"@id\":\"https:\\\/\\\/shopatoa.com\\\/ro\\\/#\\\/schema\\\/logo\\\/image\\\/\"}}]}<\/script>\n<!-- \/ Yoast SEO plugin. -->","yoast_head_json":{"title":"WoodWick Vaze cu lum\u00e2n\u0103ri parfumate Solar Ylang 275 g - SHOPATOA.COM","robots":{"index":"index","follow":"follow","max-snippet":"max-snippet:-1","max-image-preview":"max-image-preview:large","max-video-preview":"max-video-preview:-1"},"canonical":"https:\/\/shopatoa.com\/ro\/woodwick-vaze-cu-lumanari-parfumate-solar-ylang-275-g\/","og_locale":"ro_RO","og_type":"article","og_title":"WoodWick Vaze cu lum\u00e2n\u0103ri parfumate Solar Ylang 275 g - SHOPATOA.COM","og_description":"Lum\u00e2nare parfumat\u0103 Vaz\u0103 Solar Ylang &#8211; bergamota proasp\u0103t\u0103 se \u00eempletesc ca raze de soare cu un buchet senzual al unui buchet alb de iasomie, tuberoz\u0103 \u0219i ylang, \u00een timp ce tonurile de mosc \u0219i lemn de santal adaug\u0103 o arom\u0103 cremoas\u0103. Timpul de ardere este de p\u00e2n\u0103 la 60 de ore. Aceast\u0103 lum\u00e2nare cu un...","og_url":"https:\/\/shopatoa.com\/ro\/woodwick-vaze-cu-lumanari-parfumate-solar-ylang-275-g\/","og_site_name":"SHOPATOA","article_modified_time":"2025-12-10T22:13:12+00:00","og_image":[{"width":800,"height":800,"url":"https:\/\/storage.googleapis.com\/cz-shopatoa-img\/ro\/abc47aa8-unnamed-file.webp","type":"image\/webp"}],"twitter_card":"summary_large_image","twitter_misc":{"Timp estimat pentru citire":"1 minut"},"schema":{"@context":"https:\/\/schema.org","@graph":[{"@type":"WebPage","@id":"https:\/\/shopatoa.com\/ro\/woodwick-vaze-cu-lumanari-parfumate-solar-ylang-275-g\/","url":"https:\/\/shopatoa.com\/ro\/woodwick-vaze-cu-lumanari-parfumate-solar-ylang-275-g\/","name":"WoodWick Vaze cu lum\u00e2n\u0103ri parfumate Solar Ylang 275 g - SHOPATOA.COM","isPartOf":{"@id":"https:\/\/shopatoa.com\/ro\/#website"},"primaryImageOfPage":{"@id":"https:\/\/shopatoa.com\/ro\/woodwick-vaze-cu-lumanari-parfumate-solar-ylang-275-g\/#primaryimage"},"image":{"@id":"https:\/\/shopatoa.com\/ro\/woodwick-vaze-cu-lumanari-parfumate-solar-ylang-275-g\/#primaryimage"},"thumbnailUrl":"https:\/\/storage.googleapis.com\/cz-shopatoa-img\/ro\/abc47aa8-unnamed-file.webp","datePublished":"2025-05-05T13:56:28+00:00","dateModified":"2025-12-10T22:13:12+00:00","breadcrumb":{"@id":"https:\/\/shopatoa.com\/ro\/woodwick-vaze-cu-lumanari-parfumate-solar-ylang-275-g\/#breadcrumb"},"inLanguage":"ro-RO","potentialAction":[{"@type":"ReadAction","target":["https:\/\/shopatoa.com\/ro\/woodwick-vaze-cu-lumanari-parfumate-solar-ylang-275-g\/"]}]},{"@type":"ImageObject","inLanguage":"ro-RO","@id":"https:\/\/shopatoa.com\/ro\/woodwick-vaze-cu-lumanari-parfumate-solar-ylang-275-g\/#primaryimage","url":"https:\/\/storage.googleapis.com\/cz-shopatoa-img\/ro\/abc47aa8-unnamed-file.webp","contentUrl":"https:\/\/storage.googleapis.com\/cz-shopatoa-img\/ro\/abc47aa8-unnamed-file.webp","width":800,"height":800},{"@type":"BreadcrumbList","@id":"https:\/\/shopatoa.com\/ro\/woodwick-vaze-cu-lumanari-parfumate-solar-ylang-275-g\/#breadcrumb","itemListElement":[{"@type":"ListItem","position":1,"name":"Dom\u016f","item":"https:\/\/shopatoa.com\/ro\/"},{"@type":"ListItem","position":2,"name":"Shop","item":"https:\/\/shopatoa.com\/ro\/shop\/"},{"@type":"ListItem","position":3,"name":"Cosmetice","item":"https:\/\/shopatoa.com\/ro\/cosmetice\/"},{"@type":"ListItem","position":4,"name":"Lum\u00e2n\u0103ri parfumate \u0219i arome","item":"https:\/\/shopatoa.com\/ro\/lumanari-parfumate-si-arome\/"},{"@type":"ListItem","position":5,"name":"Lum\u00e2n\u0103ri parfumate","item":"https:\/\/shopatoa.com\/ro\/lumanari-parfumate\/"},{"@type":"ListItem","position":6,"name":"Lumanari parfumate Spoilerul","item":"https:\/\/shopatoa.com\/ro\/lumanari-parfumate-spoilerul\/"},{"@type":"ListItem","position":7,"name":"WoodWick Vaze cu lum\u00e2n\u0103ri parfumate Solar Ylang 275 g"}]},{"@type":"WebSite","@id":"https:\/\/shopatoa.com\/ro\/#website","url":"https:\/\/shopatoa.com\/ro\/","name":"SHOPATOA","description":"","publisher":{"@id":"https:\/\/shopatoa.com\/ro\/#organization"},"potentialAction":[{"@type":"SearchAction","target":{"@type":"EntryPoint","urlTemplate":"https:\/\/shopatoa.com\/ro\/?s={search_term_string}"},"query-input":{"@type":"PropertyValueSpecification","valueRequired":true,"valueName":"search_term_string"}}],"inLanguage":"ro-RO"},{"@type":"Organization","@id":"https:\/\/shopatoa.com\/ro\/#organization","name":"SHOPATOA","url":"https:\/\/shopatoa.com\/ro\/","logo":{"@type":"ImageObject","inLanguage":"ro-RO","@id":"https:\/\/shopatoa.com\/ro\/#\/schema\/logo\/image\/","url":"https:\/\/storage.googleapis.com\/cz-shopatoa-img\/ro\/b4dac915-shopatoa_logo.png","contentUrl":"https:\/\/storage.googleapis.com\/cz-shopatoa-img\/ro\/b4dac915-shopatoa_logo.png","width":416,"height":63,"caption":"SHOPATOA"},"image":{"@id":"https:\/\/shopatoa.com\/ro\/#\/schema\/logo\/image\/"}}]}},"_links":{"self":[{"href":"https:\/\/shopatoa.com\/ro\/wp-json\/wp\/v2\/product\/318142","targetHints":{"allow":["GET"]}}],"collection":[{"href":"https:\/\/shopatoa.com\/ro\/wp-json\/wp\/v2\/product"}],"about":[{"href":"https:\/\/shopatoa.com\/ro\/wp-json\/wp\/v2\/types\/product"}],"replies":[{"embeddable":true,"href":"https:\/\/shopatoa.com\/ro\/wp-json\/wp\/v2\/comments?post=318142"}],"wp:featuredmedia":[{"embeddable":true,"href":"https:\/\/shopatoa.com\/ro\/wp-json\/wp\/v2\/media\/318144"}],"wp:attachment":[{"href":"https:\/\/shopatoa.com\/ro\/wp-json\/wp\/v2\/media?parent=318142"}],"wp:term":[{"taxonomy":"product_brand","embeddable":true,"href":"https:\/\/shopatoa.com\/ro\/wp-json\/wp\/v2\/product_brand?post=318142"},{"taxonomy":"product_cat","embeddable":true,"href":"https:\/\/shopatoa.com\/ro\/wp-json\/wp\/v2\/product_cat?post=318142"},{"taxonomy":"product_tag","embeddable":true,"href":"https:\/\/shopatoa.com\/ro\/wp-json\/wp\/v2\/product_tag?post=318142"}],"curies":[{"name":"wp","href":"https:\/\/api.w.org\/{rel}","templated":true}]}}