{"id":318271,"date":"2025-05-05T16:15:17","date_gmt":"2025-05-05T14:15:17","guid":{"rendered":"https:\/\/shopatoa.com\/ro\/babyliss-pro-uscator-profesional-de-parbaby-liss-pro-excess-hq-ionic-2600-w\/"},"modified":"2025-12-10T23:05:57","modified_gmt":"2025-12-10T22:05:57","slug":"babyliss-pro-uscator-profesional-de-parbaby-liss-pro-excess-hq-ionic-2600-w","status":"publish","type":"product","link":"https:\/\/shopatoa.com\/ro\/babyliss-pro-uscator-profesional-de-parbaby-liss-pro-excess-hq-ionic-2600-w\/","title":{"rendered":"BaByliss PRO Usc\u0103tor profesional de p\u0103rBaby liss PRO Excess-HQ Ionic &#8211; 2600 W"},"content":{"rendered":"<p>Usc\u0103torul de p\u0103r profesional cu o durat\u0103 lung\u0103 de via\u021b\u0103 \u0219i un motor cu curent alternativ usuc\u0103 p\u0103rul mult mai repede datorit\u0103 unui flux de aer mai puternic. Ionizatorul protejeaz\u0103 p\u0103rul \u0219i \u00eei ofer\u0103 str\u0103lucire. Datorit\u0103 m\u00e2nerului ergonomic, u\u0219ureaz\u0103 uscarea p\u0103rului.<\/p>\n","protected":false},"excerpt":{"rendered":"<p>Usc\u0103torul de p\u0103r profesional cu o durat\u0103 lung\u0103 de via\u021b\u0103 \u0219i un motor cu curent alternativ usuc\u0103 p\u0103rul mult mai repede datorit\u0103 unui flux de aer mai puternic. Ionizatorul protejeaz\u0103 p\u0103rul \u0219i \u00eei ofer\u0103 str\u0103lucire. Datorit\u0103 m\u00e2nerului ergonomic, u\u0219ureaz\u0103 uscarea p\u0103rului.<\/p>\n","protected":false},"featured_media":318273,"comment_status":"closed","ping_status":"open","template":"","meta":{"_acf_changed":false,"_kadence_starter_templates_imported_post":false,"_kad_post_transparent":"","_kad_post_title":"","_kad_post_layout":"","_kad_post_sidebar_id":"","_kad_post_content_style":"","_kad_post_vertical_padding":"","_kad_post_feature":"","_kad_post_feature_position":"","_kad_post_header":false,"_kad_post_footer":false,"_kad_post_classname":""},"product_brand":[412],"product_cat":[246,623,624,762],"product_tag":[],"class_list":{"0":"post-318271","1":"product","2":"type-product","3":"status-publish","4":"has-post-thumbnail","6":"product_brand-babyliss-pro","7":"product_cat-cosmetice","8":"product_cat-produse-cosmetice-pentru-par","9":"product_cat-produse-aparate-si-accesorii-pentru-par","10":"product_cat-uscatoare-de-par-fenuri","12":"first","13":"instock","14":"product-type-external","15":"entry","16":"content-bg","17":"loop-entry"},"acf":[],"yoast_head":"<!-- This site is optimized with the Yoast SEO plugin v27.4 - https:\/\/yoast.com\/product\/yoast-seo-wordpress\/ -->\n<title>BaByliss PRO Usc\u0103tor profesional de p\u0103rBaby liss PRO Excess-HQ Ionic - 2600 W - SHOPATOA.COM<\/title>\n<meta name=\"robots\" content=\"index, follow, max-snippet:-1, max-image-preview:large, max-video-preview:-1\" \/>\n<link rel=\"canonical\" href=\"https:\/\/shopatoa.com\/ro\/babyliss-pro-uscator-profesional-de-parbaby-liss-pro-excess-hq-ionic-2600-w\/\" \/>\n<meta property=\"og:locale\" content=\"ro_RO\" \/>\n<meta property=\"og:type\" content=\"article\" \/>\n<meta property=\"og:title\" content=\"BaByliss PRO Usc\u0103tor profesional de p\u0103rBaby liss PRO Excess-HQ Ionic - 2600 W - SHOPATOA.COM\" \/>\n<meta property=\"og:description\" content=\"Usc\u0103torul de p\u0103r profesional cu o durat\u0103 lung\u0103 de via\u021b\u0103 \u0219i un motor cu curent alternativ usuc\u0103 p\u0103rul mult mai repede datorit\u0103 unui flux de aer mai puternic. Ionizatorul protejeaz\u0103 p\u0103rul \u0219i \u00eei ofer\u0103 str\u0103lucire. Datorit\u0103 m\u00e2nerului ergonomic, u\u0219ureaz\u0103 uscarea p\u0103rului.\" \/>\n<meta property=\"og:url\" content=\"https:\/\/shopatoa.com\/ro\/babyliss-pro-uscator-profesional-de-parbaby-liss-pro-excess-hq-ionic-2600-w\/\" \/>\n<meta property=\"og:site_name\" content=\"SHOPATOA\" \/>\n<meta property=\"article:modified_time\" content=\"2025-12-10T22:05:57+00:00\" \/>\n<meta property=\"og:image\" content=\"https:\/\/storage.googleapis.com\/cz-shopatoa-img\/ro\/c665beee-unnamed-file.webp\" \/>\n\t<meta property=\"og:image:width\" content=\"800\" \/>\n\t<meta property=\"og:image:height\" content=\"800\" \/>\n\t<meta property=\"og:image:type\" content=\"image\/webp\" \/>\n<meta name=\"twitter:card\" content=\"summary_large_image\" \/>\n<script type=\"application\/ld+json\" class=\"yoast-schema-graph\">{\"@context\":\"https:\\\/\\\/schema.org\",\"@graph\":[{\"@type\":\"WebPage\",\"@id\":\"https:\\\/\\\/shopatoa.com\\\/ro\\\/babyliss-pro-uscator-profesional-de-parbaby-liss-pro-excess-hq-ionic-2600-w\\\/\",\"url\":\"https:\\\/\\\/shopatoa.com\\\/ro\\\/babyliss-pro-uscator-profesional-de-parbaby-liss-pro-excess-hq-ionic-2600-w\\\/\",\"name\":\"BaByliss PRO Usc\u0103tor profesional de p\u0103rBaby liss PRO Excess-HQ Ionic - 2600 W - SHOPATOA.COM\",\"isPartOf\":{\"@id\":\"https:\\\/\\\/shopatoa.com\\\/ro\\\/#website\"},\"primaryImageOfPage\":{\"@id\":\"https:\\\/\\\/shopatoa.com\\\/ro\\\/babyliss-pro-uscator-profesional-de-parbaby-liss-pro-excess-hq-ionic-2600-w\\\/#primaryimage\"},\"image\":{\"@id\":\"https:\\\/\\\/shopatoa.com\\\/ro\\\/babyliss-pro-uscator-profesional-de-parbaby-liss-pro-excess-hq-ionic-2600-w\\\/#primaryimage\"},\"thumbnailUrl\":\"https:\\\/\\\/storage.googleapis.com\\\/cz-shopatoa-img\\\/ro\\\/c665beee-unnamed-file.webp\",\"datePublished\":\"2025-05-05T14:15:17+00:00\",\"dateModified\":\"2025-12-10T22:05:57+00:00\",\"breadcrumb\":{\"@id\":\"https:\\\/\\\/shopatoa.com\\\/ro\\\/babyliss-pro-uscator-profesional-de-parbaby-liss-pro-excess-hq-ionic-2600-w\\\/#breadcrumb\"},\"inLanguage\":\"ro-RO\",\"potentialAction\":[{\"@type\":\"ReadAction\",\"target\":[\"https:\\\/\\\/shopatoa.com\\\/ro\\\/babyliss-pro-uscator-profesional-de-parbaby-liss-pro-excess-hq-ionic-2600-w\\\/\"]}]},{\"@type\":\"ImageObject\",\"inLanguage\":\"ro-RO\",\"@id\":\"https:\\\/\\\/shopatoa.com\\\/ro\\\/babyliss-pro-uscator-profesional-de-parbaby-liss-pro-excess-hq-ionic-2600-w\\\/#primaryimage\",\"url\":\"https:\\\/\\\/storage.googleapis.com\\\/cz-shopatoa-img\\\/ro\\\/c665beee-unnamed-file.webp\",\"contentUrl\":\"https:\\\/\\\/storage.googleapis.com\\\/cz-shopatoa-img\\\/ro\\\/c665beee-unnamed-file.webp\",\"width\":800,\"height\":800},{\"@type\":\"BreadcrumbList\",\"@id\":\"https:\\\/\\\/shopatoa.com\\\/ro\\\/babyliss-pro-uscator-profesional-de-parbaby-liss-pro-excess-hq-ionic-2600-w\\\/#breadcrumb\",\"itemListElement\":[{\"@type\":\"ListItem\",\"position\":1,\"name\":\"Dom\u016f\",\"item\":\"https:\\\/\\\/shopatoa.com\\\/ro\\\/\"},{\"@type\":\"ListItem\",\"position\":2,\"name\":\"Shop\",\"item\":\"https:\\\/\\\/shopatoa.com\\\/ro\\\/shop\\\/\"},{\"@type\":\"ListItem\",\"position\":3,\"name\":\"Cosmetice\",\"item\":\"https:\\\/\\\/shopatoa.com\\\/ro\\\/cosmetice\\\/\"},{\"@type\":\"ListItem\",\"position\":4,\"name\":\"Produse cosmetice pentru p\u0103r\",\"item\":\"https:\\\/\\\/shopatoa.com\\\/ro\\\/produse-cosmetice-pentru-par\\\/\"},{\"@type\":\"ListItem\",\"position\":5,\"name\":\"Produse, aparate \u0219i accesorii pentru p\u0103r\",\"item\":\"https:\\\/\\\/shopatoa.com\\\/ro\\\/produse-aparate-si-accesorii-pentru-par\\\/\"},{\"@type\":\"ListItem\",\"position\":6,\"name\":\"Usc\u0103toare de p\u0103r, fenuri\",\"item\":\"https:\\\/\\\/shopatoa.com\\\/ro\\\/uscatoare-de-par-fenuri\\\/\"},{\"@type\":\"ListItem\",\"position\":7,\"name\":\"BaByliss PRO Usc\u0103tor profesional de p\u0103rBaby liss PRO Excess-HQ Ionic &#8211; 2600 W\"}]},{\"@type\":\"WebSite\",\"@id\":\"https:\\\/\\\/shopatoa.com\\\/ro\\\/#website\",\"url\":\"https:\\\/\\\/shopatoa.com\\\/ro\\\/\",\"name\":\"SHOPATOA\",\"description\":\"\",\"publisher\":{\"@id\":\"https:\\\/\\\/shopatoa.com\\\/ro\\\/#organization\"},\"potentialAction\":[{\"@type\":\"SearchAction\",\"target\":{\"@type\":\"EntryPoint\",\"urlTemplate\":\"https:\\\/\\\/shopatoa.com\\\/ro\\\/?s={search_term_string}\"},\"query-input\":{\"@type\":\"PropertyValueSpecification\",\"valueRequired\":true,\"valueName\":\"search_term_string\"}}],\"inLanguage\":\"ro-RO\"},{\"@type\":\"Organization\",\"@id\":\"https:\\\/\\\/shopatoa.com\\\/ro\\\/#organization\",\"name\":\"SHOPATOA\",\"url\":\"https:\\\/\\\/shopatoa.com\\\/ro\\\/\",\"logo\":{\"@type\":\"ImageObject\",\"inLanguage\":\"ro-RO\",\"@id\":\"https:\\\/\\\/shopatoa.com\\\/ro\\\/#\\\/schema\\\/logo\\\/image\\\/\",\"url\":\"https:\\\/\\\/storage.googleapis.com\\\/cz-shopatoa-img\\\/ro\\\/b4dac915-shopatoa_logo.png\",\"contentUrl\":\"https:\\\/\\\/storage.googleapis.com\\\/cz-shopatoa-img\\\/ro\\\/b4dac915-shopatoa_logo.png\",\"width\":416,\"height\":63,\"caption\":\"SHOPATOA\"},\"image\":{\"@id\":\"https:\\\/\\\/shopatoa.com\\\/ro\\\/#\\\/schema\\\/logo\\\/image\\\/\"}}]}<\/script>\n<!-- \/ Yoast SEO plugin. -->","yoast_head_json":{"title":"BaByliss PRO Usc\u0103tor profesional de p\u0103rBaby liss PRO Excess-HQ Ionic - 2600 W - SHOPATOA.COM","robots":{"index":"index","follow":"follow","max-snippet":"max-snippet:-1","max-image-preview":"max-image-preview:large","max-video-preview":"max-video-preview:-1"},"canonical":"https:\/\/shopatoa.com\/ro\/babyliss-pro-uscator-profesional-de-parbaby-liss-pro-excess-hq-ionic-2600-w\/","og_locale":"ro_RO","og_type":"article","og_title":"BaByliss PRO Usc\u0103tor profesional de p\u0103rBaby liss PRO Excess-HQ Ionic - 2600 W - SHOPATOA.COM","og_description":"Usc\u0103torul de p\u0103r profesional cu o durat\u0103 lung\u0103 de via\u021b\u0103 \u0219i un motor cu curent alternativ usuc\u0103 p\u0103rul mult mai repede datorit\u0103 unui flux de aer mai puternic. Ionizatorul protejeaz\u0103 p\u0103rul \u0219i \u00eei ofer\u0103 str\u0103lucire. Datorit\u0103 m\u00e2nerului ergonomic, u\u0219ureaz\u0103 uscarea p\u0103rului.","og_url":"https:\/\/shopatoa.com\/ro\/babyliss-pro-uscator-profesional-de-parbaby-liss-pro-excess-hq-ionic-2600-w\/","og_site_name":"SHOPATOA","article_modified_time":"2025-12-10T22:05:57+00:00","og_image":[{"width":800,"height":800,"url":"https:\/\/storage.googleapis.com\/cz-shopatoa-img\/ro\/c665beee-unnamed-file.webp","type":"image\/webp"}],"twitter_card":"summary_large_image","schema":{"@context":"https:\/\/schema.org","@graph":[{"@type":"WebPage","@id":"https:\/\/shopatoa.com\/ro\/babyliss-pro-uscator-profesional-de-parbaby-liss-pro-excess-hq-ionic-2600-w\/","url":"https:\/\/shopatoa.com\/ro\/babyliss-pro-uscator-profesional-de-parbaby-liss-pro-excess-hq-ionic-2600-w\/","name":"BaByliss PRO Usc\u0103tor profesional de p\u0103rBaby liss PRO Excess-HQ Ionic - 2600 W - SHOPATOA.COM","isPartOf":{"@id":"https:\/\/shopatoa.com\/ro\/#website"},"primaryImageOfPage":{"@id":"https:\/\/shopatoa.com\/ro\/babyliss-pro-uscator-profesional-de-parbaby-liss-pro-excess-hq-ionic-2600-w\/#primaryimage"},"image":{"@id":"https:\/\/shopatoa.com\/ro\/babyliss-pro-uscator-profesional-de-parbaby-liss-pro-excess-hq-ionic-2600-w\/#primaryimage"},"thumbnailUrl":"https:\/\/storage.googleapis.com\/cz-shopatoa-img\/ro\/c665beee-unnamed-file.webp","datePublished":"2025-05-05T14:15:17+00:00","dateModified":"2025-12-10T22:05:57+00:00","breadcrumb":{"@id":"https:\/\/shopatoa.com\/ro\/babyliss-pro-uscator-profesional-de-parbaby-liss-pro-excess-hq-ionic-2600-w\/#breadcrumb"},"inLanguage":"ro-RO","potentialAction":[{"@type":"ReadAction","target":["https:\/\/shopatoa.com\/ro\/babyliss-pro-uscator-profesional-de-parbaby-liss-pro-excess-hq-ionic-2600-w\/"]}]},{"@type":"ImageObject","inLanguage":"ro-RO","@id":"https:\/\/shopatoa.com\/ro\/babyliss-pro-uscator-profesional-de-parbaby-liss-pro-excess-hq-ionic-2600-w\/#primaryimage","url":"https:\/\/storage.googleapis.com\/cz-shopatoa-img\/ro\/c665beee-unnamed-file.webp","contentUrl":"https:\/\/storage.googleapis.com\/cz-shopatoa-img\/ro\/c665beee-unnamed-file.webp","width":800,"height":800},{"@type":"BreadcrumbList","@id":"https:\/\/shopatoa.com\/ro\/babyliss-pro-uscator-profesional-de-parbaby-liss-pro-excess-hq-ionic-2600-w\/#breadcrumb","itemListElement":[{"@type":"ListItem","position":1,"name":"Dom\u016f","item":"https:\/\/shopatoa.com\/ro\/"},{"@type":"ListItem","position":2,"name":"Shop","item":"https:\/\/shopatoa.com\/ro\/shop\/"},{"@type":"ListItem","position":3,"name":"Cosmetice","item":"https:\/\/shopatoa.com\/ro\/cosmetice\/"},{"@type":"ListItem","position":4,"name":"Produse cosmetice pentru p\u0103r","item":"https:\/\/shopatoa.com\/ro\/produse-cosmetice-pentru-par\/"},{"@type":"ListItem","position":5,"name":"Produse, aparate \u0219i accesorii pentru p\u0103r","item":"https:\/\/shopatoa.com\/ro\/produse-aparate-si-accesorii-pentru-par\/"},{"@type":"ListItem","position":6,"name":"Usc\u0103toare de p\u0103r, fenuri","item":"https:\/\/shopatoa.com\/ro\/uscatoare-de-par-fenuri\/"},{"@type":"ListItem","position":7,"name":"BaByliss PRO Usc\u0103tor profesional de p\u0103rBaby liss PRO Excess-HQ Ionic &#8211; 2600 W"}]},{"@type":"WebSite","@id":"https:\/\/shopatoa.com\/ro\/#website","url":"https:\/\/shopatoa.com\/ro\/","name":"SHOPATOA","description":"","publisher":{"@id":"https:\/\/shopatoa.com\/ro\/#organization"},"potentialAction":[{"@type":"SearchAction","target":{"@type":"EntryPoint","urlTemplate":"https:\/\/shopatoa.com\/ro\/?s={search_term_string}"},"query-input":{"@type":"PropertyValueSpecification","valueRequired":true,"valueName":"search_term_string"}}],"inLanguage":"ro-RO"},{"@type":"Organization","@id":"https:\/\/shopatoa.com\/ro\/#organization","name":"SHOPATOA","url":"https:\/\/shopatoa.com\/ro\/","logo":{"@type":"ImageObject","inLanguage":"ro-RO","@id":"https:\/\/shopatoa.com\/ro\/#\/schema\/logo\/image\/","url":"https:\/\/storage.googleapis.com\/cz-shopatoa-img\/ro\/b4dac915-shopatoa_logo.png","contentUrl":"https:\/\/storage.googleapis.com\/cz-shopatoa-img\/ro\/b4dac915-shopatoa_logo.png","width":416,"height":63,"caption":"SHOPATOA"},"image":{"@id":"https:\/\/shopatoa.com\/ro\/#\/schema\/logo\/image\/"}}]}},"_links":{"self":[{"href":"https:\/\/shopatoa.com\/ro\/wp-json\/wp\/v2\/product\/318271","targetHints":{"allow":["GET"]}}],"collection":[{"href":"https:\/\/shopatoa.com\/ro\/wp-json\/wp\/v2\/product"}],"about":[{"href":"https:\/\/shopatoa.com\/ro\/wp-json\/wp\/v2\/types\/product"}],"replies":[{"embeddable":true,"href":"https:\/\/shopatoa.com\/ro\/wp-json\/wp\/v2\/comments?post=318271"}],"wp:featuredmedia":[{"embeddable":true,"href":"https:\/\/shopatoa.com\/ro\/wp-json\/wp\/v2\/media\/318273"}],"wp:attachment":[{"href":"https:\/\/shopatoa.com\/ro\/wp-json\/wp\/v2\/media?parent=318271"}],"wp:term":[{"taxonomy":"product_brand","embeddable":true,"href":"https:\/\/shopatoa.com\/ro\/wp-json\/wp\/v2\/product_brand?post=318271"},{"taxonomy":"product_cat","embeddable":true,"href":"https:\/\/shopatoa.com\/ro\/wp-json\/wp\/v2\/product_cat?post=318271"},{"taxonomy":"product_tag","embeddable":true,"href":"https:\/\/shopatoa.com\/ro\/wp-json\/wp\/v2\/product_tag?post=318271"}],"curies":[{"name":"wp","href":"https:\/\/api.w.org\/{rel}","templated":true}]}}