{"id":318685,"date":"2025-05-05T17:06:13","date_gmt":"2025-05-05T15:06:13","guid":{"rendered":"https:\/\/shopatoa.com\/ro\/armaf-high-street-edp-100-ml\/"},"modified":"2025-12-10T22:45:30","modified_gmt":"2025-12-10T21:45:30","slug":"armaf-high-street-edp-100-ml","status":"publish","type":"product","link":"https:\/\/shopatoa.com\/ro\/armaf-high-street-edp-100-ml\/","title":{"rendered":"Armaf High Street &#8211; EDP 100 ml"},"content":{"rendered":"<p>Armaf High Street este un parfum floral \u0219i lemnos conceput pentru femei. Capul se deschide cu tonuri citrice suculente \u00een combina\u021bie cu zmeur\u0103 dulce. Mirosul se transform\u0103 apoi \u00een acorduri florale, o inim\u0103 cu un miros dulce de caprifoi combinat\u0103 cu o magnolie romantic\u0103. Baza este format\u0103 din tonuri bogate \u0219i delicate, fine din lemn de ca\u0219mir, combinate cu un parfum senzual de mosc \u0219i chihlimbar. Acest parfum este excelent pentru orice moment al zilei, o alegere excelent\u0103 pentru orice ocazie, indiferent dac\u0103 este o zi la birou sau o noapte romantic\u0103 \u00een ora\u0219.<\/p>\n","protected":false},"excerpt":{"rendered":"<p>Armaf High Street este un parfum floral \u0219i lemnos conceput pentru femei. Capul se deschide cu tonuri citrice suculente \u00een combina\u021bie cu zmeur\u0103 dulce. Mirosul se transform\u0103 apoi \u00een acorduri florale, o inim\u0103 cu un miros dulce de caprifoi combinat\u0103 cu o magnolie romantic\u0103. Baza este format\u0103 din tonuri bogate \u0219i delicate, fine din lemn&#8230;<\/p>\n","protected":false},"featured_media":318686,"comment_status":"closed","ping_status":"open","template":"","meta":{"_acf_changed":false,"_kadence_starter_templates_imported_post":false,"_kad_post_transparent":"","_kad_post_title":"","_kad_post_layout":"","_kad_post_sidebar_id":"","_kad_post_content_style":"","_kad_post_vertical_padding":"","_kad_post_feature":"","_kad_post_feature_position":"","_kad_post_header":false,"_kad_post_footer":false,"_kad_post_classname":""},"product_brand":[327],"product_cat":[619,614],"product_tag":[],"class_list":{"0":"post-318685","1":"product","2":"type-product","3":"status-publish","4":"has-post-thumbnail","6":"product_brand-armaf","7":"product_cat-ape-de-parfum-edp","8":"product_cat-parfumuri","10":"first","11":"instock","12":"product-type-external","13":"entry","14":"content-bg","15":"loop-entry"},"acf":[],"yoast_head":"<!-- This site is optimized with the Yoast SEO plugin v27.3 - https:\/\/yoast.com\/product\/yoast-seo-wordpress\/ -->\n<title>Armaf High Street - EDP 100 ml - SHOPATOA.COM<\/title>\n<meta name=\"robots\" content=\"index, follow, max-snippet:-1, max-image-preview:large, max-video-preview:-1\" \/>\n<link rel=\"canonical\" href=\"https:\/\/shopatoa.com\/ro\/armaf-high-street-edp-100-ml\/\" \/>\n<meta property=\"og:locale\" content=\"ro_RO\" \/>\n<meta property=\"og:type\" content=\"article\" \/>\n<meta property=\"og:title\" content=\"Armaf High Street - EDP 100 ml - SHOPATOA.COM\" \/>\n<meta property=\"og:description\" content=\"Armaf High Street este un parfum floral \u0219i lemnos conceput pentru femei. Capul se deschide cu tonuri citrice suculente \u00een combina\u021bie cu zmeur\u0103 dulce. Mirosul se transform\u0103 apoi \u00een acorduri florale, o inim\u0103 cu un miros dulce de caprifoi combinat\u0103 cu o magnolie romantic\u0103. Baza este format\u0103 din tonuri bogate \u0219i delicate, fine din lemn...\" \/>\n<meta property=\"og:url\" content=\"https:\/\/shopatoa.com\/ro\/armaf-high-street-edp-100-ml\/\" \/>\n<meta property=\"og:site_name\" content=\"SHOPATOA\" \/>\n<meta property=\"article:modified_time\" content=\"2025-12-10T21:45:30+00:00\" \/>\n<meta property=\"og:image\" content=\"https:\/\/storage.googleapis.com\/cz-shopatoa-img\/ro\/96eb298a-unnamed-file.webp\" \/>\n\t<meta property=\"og:image:width\" content=\"800\" \/>\n\t<meta property=\"og:image:height\" content=\"800\" \/>\n\t<meta property=\"og:image:type\" content=\"image\/webp\" \/>\n<meta name=\"twitter:card\" content=\"summary_large_image\" \/>\n<script type=\"application\/ld+json\" class=\"yoast-schema-graph\">{\"@context\":\"https:\\\/\\\/schema.org\",\"@graph\":[{\"@type\":\"WebPage\",\"@id\":\"https:\\\/\\\/shopatoa.com\\\/ro\\\/armaf-high-street-edp-100-ml\\\/\",\"url\":\"https:\\\/\\\/shopatoa.com\\\/ro\\\/armaf-high-street-edp-100-ml\\\/\",\"name\":\"Armaf High Street - EDP 100 ml - SHOPATOA.COM\",\"isPartOf\":{\"@id\":\"https:\\\/\\\/shopatoa.com\\\/ro\\\/#website\"},\"primaryImageOfPage\":{\"@id\":\"https:\\\/\\\/shopatoa.com\\\/ro\\\/armaf-high-street-edp-100-ml\\\/#primaryimage\"},\"image\":{\"@id\":\"https:\\\/\\\/shopatoa.com\\\/ro\\\/armaf-high-street-edp-100-ml\\\/#primaryimage\"},\"thumbnailUrl\":\"https:\\\/\\\/storage.googleapis.com\\\/cz-shopatoa-img\\\/ro\\\/96eb298a-unnamed-file.webp\",\"datePublished\":\"2025-05-05T15:06:13+00:00\",\"dateModified\":\"2025-12-10T21:45:30+00:00\",\"breadcrumb\":{\"@id\":\"https:\\\/\\\/shopatoa.com\\\/ro\\\/armaf-high-street-edp-100-ml\\\/#breadcrumb\"},\"inLanguage\":\"ro-RO\",\"potentialAction\":[{\"@type\":\"ReadAction\",\"target\":[\"https:\\\/\\\/shopatoa.com\\\/ro\\\/armaf-high-street-edp-100-ml\\\/\"]}]},{\"@type\":\"ImageObject\",\"inLanguage\":\"ro-RO\",\"@id\":\"https:\\\/\\\/shopatoa.com\\\/ro\\\/armaf-high-street-edp-100-ml\\\/#primaryimage\",\"url\":\"https:\\\/\\\/storage.googleapis.com\\\/cz-shopatoa-img\\\/ro\\\/96eb298a-unnamed-file.webp\",\"contentUrl\":\"https:\\\/\\\/storage.googleapis.com\\\/cz-shopatoa-img\\\/ro\\\/96eb298a-unnamed-file.webp\",\"width\":800,\"height\":800},{\"@type\":\"BreadcrumbList\",\"@id\":\"https:\\\/\\\/shopatoa.com\\\/ro\\\/armaf-high-street-edp-100-ml\\\/#breadcrumb\",\"itemListElement\":[{\"@type\":\"ListItem\",\"position\":1,\"name\":\"Dom\u016f\",\"item\":\"https:\\\/\\\/shopatoa.com\\\/ro\\\/\"},{\"@type\":\"ListItem\",\"position\":2,\"name\":\"Shop\",\"item\":\"https:\\\/\\\/shopatoa.com\\\/ro\\\/shop\\\/\"},{\"@type\":\"ListItem\",\"position\":3,\"name\":\"Parfumuri\",\"item\":\"https:\\\/\\\/shopatoa.com\\\/ro\\\/parfumuri\\\/\"},{\"@type\":\"ListItem\",\"position\":4,\"name\":\"Ape de parfum (EDP)\",\"item\":\"https:\\\/\\\/shopatoa.com\\\/ro\\\/ape-de-parfum-edp\\\/\"},{\"@type\":\"ListItem\",\"position\":5,\"name\":\"Armaf High Street &#8211; EDP 100 ml\"}]},{\"@type\":\"WebSite\",\"@id\":\"https:\\\/\\\/shopatoa.com\\\/ro\\\/#website\",\"url\":\"https:\\\/\\\/shopatoa.com\\\/ro\\\/\",\"name\":\"SHOPATOA\",\"description\":\"\",\"publisher\":{\"@id\":\"https:\\\/\\\/shopatoa.com\\\/ro\\\/#organization\"},\"potentialAction\":[{\"@type\":\"SearchAction\",\"target\":{\"@type\":\"EntryPoint\",\"urlTemplate\":\"https:\\\/\\\/shopatoa.com\\\/ro\\\/?s={search_term_string}\"},\"query-input\":{\"@type\":\"PropertyValueSpecification\",\"valueRequired\":true,\"valueName\":\"search_term_string\"}}],\"inLanguage\":\"ro-RO\"},{\"@type\":\"Organization\",\"@id\":\"https:\\\/\\\/shopatoa.com\\\/ro\\\/#organization\",\"name\":\"SHOPATOA\",\"url\":\"https:\\\/\\\/shopatoa.com\\\/ro\\\/\",\"logo\":{\"@type\":\"ImageObject\",\"inLanguage\":\"ro-RO\",\"@id\":\"https:\\\/\\\/shopatoa.com\\\/ro\\\/#\\\/schema\\\/logo\\\/image\\\/\",\"url\":\"https:\\\/\\\/storage.googleapis.com\\\/cz-shopatoa-img\\\/ro\\\/b4dac915-shopatoa_logo.png\",\"contentUrl\":\"https:\\\/\\\/storage.googleapis.com\\\/cz-shopatoa-img\\\/ro\\\/b4dac915-shopatoa_logo.png\",\"width\":416,\"height\":63,\"caption\":\"SHOPATOA\"},\"image\":{\"@id\":\"https:\\\/\\\/shopatoa.com\\\/ro\\\/#\\\/schema\\\/logo\\\/image\\\/\"}}]}<\/script>\n<!-- \/ Yoast SEO plugin. -->","yoast_head_json":{"title":"Armaf High Street - EDP 100 ml - SHOPATOA.COM","robots":{"index":"index","follow":"follow","max-snippet":"max-snippet:-1","max-image-preview":"max-image-preview:large","max-video-preview":"max-video-preview:-1"},"canonical":"https:\/\/shopatoa.com\/ro\/armaf-high-street-edp-100-ml\/","og_locale":"ro_RO","og_type":"article","og_title":"Armaf High Street - EDP 100 ml - SHOPATOA.COM","og_description":"Armaf High Street este un parfum floral \u0219i lemnos conceput pentru femei. Capul se deschide cu tonuri citrice suculente \u00een combina\u021bie cu zmeur\u0103 dulce. Mirosul se transform\u0103 apoi \u00een acorduri florale, o inim\u0103 cu un miros dulce de caprifoi combinat\u0103 cu o magnolie romantic\u0103. Baza este format\u0103 din tonuri bogate \u0219i delicate, fine din lemn...","og_url":"https:\/\/shopatoa.com\/ro\/armaf-high-street-edp-100-ml\/","og_site_name":"SHOPATOA","article_modified_time":"2025-12-10T21:45:30+00:00","og_image":[{"width":800,"height":800,"url":"https:\/\/storage.googleapis.com\/cz-shopatoa-img\/ro\/96eb298a-unnamed-file.webp","type":"image\/webp"}],"twitter_card":"summary_large_image","schema":{"@context":"https:\/\/schema.org","@graph":[{"@type":"WebPage","@id":"https:\/\/shopatoa.com\/ro\/armaf-high-street-edp-100-ml\/","url":"https:\/\/shopatoa.com\/ro\/armaf-high-street-edp-100-ml\/","name":"Armaf High Street - EDP 100 ml - SHOPATOA.COM","isPartOf":{"@id":"https:\/\/shopatoa.com\/ro\/#website"},"primaryImageOfPage":{"@id":"https:\/\/shopatoa.com\/ro\/armaf-high-street-edp-100-ml\/#primaryimage"},"image":{"@id":"https:\/\/shopatoa.com\/ro\/armaf-high-street-edp-100-ml\/#primaryimage"},"thumbnailUrl":"https:\/\/storage.googleapis.com\/cz-shopatoa-img\/ro\/96eb298a-unnamed-file.webp","datePublished":"2025-05-05T15:06:13+00:00","dateModified":"2025-12-10T21:45:30+00:00","breadcrumb":{"@id":"https:\/\/shopatoa.com\/ro\/armaf-high-street-edp-100-ml\/#breadcrumb"},"inLanguage":"ro-RO","potentialAction":[{"@type":"ReadAction","target":["https:\/\/shopatoa.com\/ro\/armaf-high-street-edp-100-ml\/"]}]},{"@type":"ImageObject","inLanguage":"ro-RO","@id":"https:\/\/shopatoa.com\/ro\/armaf-high-street-edp-100-ml\/#primaryimage","url":"https:\/\/storage.googleapis.com\/cz-shopatoa-img\/ro\/96eb298a-unnamed-file.webp","contentUrl":"https:\/\/storage.googleapis.com\/cz-shopatoa-img\/ro\/96eb298a-unnamed-file.webp","width":800,"height":800},{"@type":"BreadcrumbList","@id":"https:\/\/shopatoa.com\/ro\/armaf-high-street-edp-100-ml\/#breadcrumb","itemListElement":[{"@type":"ListItem","position":1,"name":"Dom\u016f","item":"https:\/\/shopatoa.com\/ro\/"},{"@type":"ListItem","position":2,"name":"Shop","item":"https:\/\/shopatoa.com\/ro\/shop\/"},{"@type":"ListItem","position":3,"name":"Parfumuri","item":"https:\/\/shopatoa.com\/ro\/parfumuri\/"},{"@type":"ListItem","position":4,"name":"Ape de parfum (EDP)","item":"https:\/\/shopatoa.com\/ro\/ape-de-parfum-edp\/"},{"@type":"ListItem","position":5,"name":"Armaf High Street &#8211; EDP 100 ml"}]},{"@type":"WebSite","@id":"https:\/\/shopatoa.com\/ro\/#website","url":"https:\/\/shopatoa.com\/ro\/","name":"SHOPATOA","description":"","publisher":{"@id":"https:\/\/shopatoa.com\/ro\/#organization"},"potentialAction":[{"@type":"SearchAction","target":{"@type":"EntryPoint","urlTemplate":"https:\/\/shopatoa.com\/ro\/?s={search_term_string}"},"query-input":{"@type":"PropertyValueSpecification","valueRequired":true,"valueName":"search_term_string"}}],"inLanguage":"ro-RO"},{"@type":"Organization","@id":"https:\/\/shopatoa.com\/ro\/#organization","name":"SHOPATOA","url":"https:\/\/shopatoa.com\/ro\/","logo":{"@type":"ImageObject","inLanguage":"ro-RO","@id":"https:\/\/shopatoa.com\/ro\/#\/schema\/logo\/image\/","url":"https:\/\/storage.googleapis.com\/cz-shopatoa-img\/ro\/b4dac915-shopatoa_logo.png","contentUrl":"https:\/\/storage.googleapis.com\/cz-shopatoa-img\/ro\/b4dac915-shopatoa_logo.png","width":416,"height":63,"caption":"SHOPATOA"},"image":{"@id":"https:\/\/shopatoa.com\/ro\/#\/schema\/logo\/image\/"}}]}},"_links":{"self":[{"href":"https:\/\/shopatoa.com\/ro\/wp-json\/wp\/v2\/product\/318685","targetHints":{"allow":["GET"]}}],"collection":[{"href":"https:\/\/shopatoa.com\/ro\/wp-json\/wp\/v2\/product"}],"about":[{"href":"https:\/\/shopatoa.com\/ro\/wp-json\/wp\/v2\/types\/product"}],"replies":[{"embeddable":true,"href":"https:\/\/shopatoa.com\/ro\/wp-json\/wp\/v2\/comments?post=318685"}],"wp:featuredmedia":[{"embeddable":true,"href":"https:\/\/shopatoa.com\/ro\/wp-json\/wp\/v2\/media\/318686"}],"wp:attachment":[{"href":"https:\/\/shopatoa.com\/ro\/wp-json\/wp\/v2\/media?parent=318685"}],"wp:term":[{"taxonomy":"product_brand","embeddable":true,"href":"https:\/\/shopatoa.com\/ro\/wp-json\/wp\/v2\/product_brand?post=318685"},{"taxonomy":"product_cat","embeddable":true,"href":"https:\/\/shopatoa.com\/ro\/wp-json\/wp\/v2\/product_cat?post=318685"},{"taxonomy":"product_tag","embeddable":true,"href":"https:\/\/shopatoa.com\/ro\/wp-json\/wp\/v2\/product_tag?post=318685"}],"curies":[{"name":"wp","href":"https:\/\/api.w.org\/{rel}","templated":true}]}}