{"id":318783,"date":"2025-05-05T17:16:34","date_gmt":"2025-05-05T15:16:34","guid":{"rendered":"https:\/\/shopatoa.com\/ro\/thermos-termocana-din-otel-inoxidabil-2-l\/"},"modified":"2025-12-10T22:42:26","modified_gmt":"2025-12-10T21:42:26","slug":"thermos-termocana-din-otel-inoxidabil-2-l","status":"publish","type":"product","link":"https:\/\/shopatoa.com\/ro\/thermos-termocana-din-otel-inoxidabil-2-l\/","title":{"rendered":"Thermos Termocan\u0103 din o\u021bel inoxidabil 2 l"},"content":{"rendered":"<p>Termocana este conceput\u0103 pentru utilizarea de zi cu zi \u00een cas\u0103, birou sau restaurant. Corpul termoc\u0103nii este fabricat din o\u021bel inoxidabil. Exist\u0103 un vid \u00eentre pere\u021bii termoc\u0103nii. Termocana atinge propriet\u0103\u021bi izolante excelente at\u00e2t pentru b\u0103uturile calde, c\u00e2t \u0219i pentru cele reci. \u00cenchidere cu filet \u0219i buton pentru operare cu o singur\u0103 m\u00e2n\u0103. M\u00e2nerul robust asigur\u0103 \u021binerea u\u0219oar\u0103 \u0219i turnarea confortabil\u0103. \u00centre\u021binere u\u0219oar\u0103 a termoc\u0103nii datorit\u0103 g\u00e2tului larg, capacului \u0219i garniturii deta\u0219abile.<\/p>\n","protected":false},"excerpt":{"rendered":"<p>Termocana este conceput\u0103 pentru utilizarea de zi cu zi \u00een cas\u0103, birou sau restaurant. Corpul termoc\u0103nii este fabricat din o\u021bel inoxidabil. Exist\u0103 un vid \u00eentre pere\u021bii termoc\u0103nii. Termocana atinge propriet\u0103\u021bi izolante excelente at\u00e2t pentru b\u0103uturile calde, c\u00e2t \u0219i pentru cele reci. \u00cenchidere cu filet \u0219i buton pentru operare cu o singur\u0103 m\u00e2n\u0103. M\u00e2nerul robust asigur\u0103&#8230;<\/p>\n","protected":false},"featured_media":318785,"comment_status":"closed","ping_status":"open","template":"","meta":{"_acf_changed":false,"_kadence_starter_templates_imported_post":false,"_kad_post_transparent":"","_kad_post_title":"","_kad_post_layout":"","_kad_post_sidebar_id":"","_kad_post_content_style":"","_kad_post_vertical_padding":"","_kad_post_feature":"","_kad_post_feature_position":"","_kad_post_header":false,"_kad_post_footer":false,"_kad_post_classname":""},"product_brand":[266],"product_cat":[703,353],"product_tag":[],"class_list":{"0":"post-318783","1":"product","2":"type-product","3":"status-publish","4":"has-post-thumbnail","6":"product_brand-thermos","7":"product_cat-gospodarie","8":"product_cat-sanatate","10":"first","11":"instock","12":"product-type-external","13":"entry","14":"content-bg","15":"loop-entry"},"acf":[],"yoast_head":"<!-- This site is optimized with the Yoast SEO plugin v27.4 - https:\/\/yoast.com\/product\/yoast-seo-wordpress\/ -->\n<title>Thermos Termocan\u0103 din o\u021bel inoxidabil 2 l - SHOPATOA.COM<\/title>\n<meta name=\"robots\" content=\"index, follow, max-snippet:-1, max-image-preview:large, max-video-preview:-1\" \/>\n<link rel=\"canonical\" href=\"https:\/\/shopatoa.com\/ro\/thermos-termocana-din-otel-inoxidabil-2-l\/\" \/>\n<meta property=\"og:locale\" content=\"ro_RO\" \/>\n<meta property=\"og:type\" content=\"article\" \/>\n<meta property=\"og:title\" content=\"Thermos Termocan\u0103 din o\u021bel inoxidabil 2 l - SHOPATOA.COM\" \/>\n<meta property=\"og:description\" content=\"Termocana este conceput\u0103 pentru utilizarea de zi cu zi \u00een cas\u0103, birou sau restaurant. Corpul termoc\u0103nii este fabricat din o\u021bel inoxidabil. Exist\u0103 un vid \u00eentre pere\u021bii termoc\u0103nii. Termocana atinge propriet\u0103\u021bi izolante excelente at\u00e2t pentru b\u0103uturile calde, c\u00e2t \u0219i pentru cele reci. \u00cenchidere cu filet \u0219i buton pentru operare cu o singur\u0103 m\u00e2n\u0103. M\u00e2nerul robust asigur\u0103...\" \/>\n<meta property=\"og:url\" content=\"https:\/\/shopatoa.com\/ro\/thermos-termocana-din-otel-inoxidabil-2-l\/\" \/>\n<meta property=\"og:site_name\" content=\"SHOPATOA\" \/>\n<meta property=\"article:modified_time\" content=\"2025-12-10T21:42:26+00:00\" \/>\n<meta property=\"og:image\" content=\"https:\/\/storage.googleapis.com\/cz-shopatoa-img\/ro\/934bd86c-unnamed-file.webp\" \/>\n\t<meta property=\"og:image:width\" content=\"800\" \/>\n\t<meta property=\"og:image:height\" content=\"800\" \/>\n\t<meta property=\"og:image:type\" content=\"image\/webp\" \/>\n<meta name=\"twitter:card\" content=\"summary_large_image\" \/>\n<script type=\"application\/ld+json\" class=\"yoast-schema-graph\">{\"@context\":\"https:\\\/\\\/schema.org\",\"@graph\":[{\"@type\":\"WebPage\",\"@id\":\"https:\\\/\\\/shopatoa.com\\\/ro\\\/thermos-termocana-din-otel-inoxidabil-2-l\\\/\",\"url\":\"https:\\\/\\\/shopatoa.com\\\/ro\\\/thermos-termocana-din-otel-inoxidabil-2-l\\\/\",\"name\":\"Thermos Termocan\u0103 din o\u021bel inoxidabil 2 l - SHOPATOA.COM\",\"isPartOf\":{\"@id\":\"https:\\\/\\\/shopatoa.com\\\/ro\\\/#website\"},\"primaryImageOfPage\":{\"@id\":\"https:\\\/\\\/shopatoa.com\\\/ro\\\/thermos-termocana-din-otel-inoxidabil-2-l\\\/#primaryimage\"},\"image\":{\"@id\":\"https:\\\/\\\/shopatoa.com\\\/ro\\\/thermos-termocana-din-otel-inoxidabil-2-l\\\/#primaryimage\"},\"thumbnailUrl\":\"https:\\\/\\\/storage.googleapis.com\\\/cz-shopatoa-img\\\/ro\\\/934bd86c-unnamed-file.webp\",\"datePublished\":\"2025-05-05T15:16:34+00:00\",\"dateModified\":\"2025-12-10T21:42:26+00:00\",\"breadcrumb\":{\"@id\":\"https:\\\/\\\/shopatoa.com\\\/ro\\\/thermos-termocana-din-otel-inoxidabil-2-l\\\/#breadcrumb\"},\"inLanguage\":\"ro-RO\",\"potentialAction\":[{\"@type\":\"ReadAction\",\"target\":[\"https:\\\/\\\/shopatoa.com\\\/ro\\\/thermos-termocana-din-otel-inoxidabil-2-l\\\/\"]}]},{\"@type\":\"ImageObject\",\"inLanguage\":\"ro-RO\",\"@id\":\"https:\\\/\\\/shopatoa.com\\\/ro\\\/thermos-termocana-din-otel-inoxidabil-2-l\\\/#primaryimage\",\"url\":\"https:\\\/\\\/storage.googleapis.com\\\/cz-shopatoa-img\\\/ro\\\/934bd86c-unnamed-file.webp\",\"contentUrl\":\"https:\\\/\\\/storage.googleapis.com\\\/cz-shopatoa-img\\\/ro\\\/934bd86c-unnamed-file.webp\",\"width\":800,\"height\":800},{\"@type\":\"BreadcrumbList\",\"@id\":\"https:\\\/\\\/shopatoa.com\\\/ro\\\/thermos-termocana-din-otel-inoxidabil-2-l\\\/#breadcrumb\",\"itemListElement\":[{\"@type\":\"ListItem\",\"position\":1,\"name\":\"Dom\u016f\",\"item\":\"https:\\\/\\\/shopatoa.com\\\/ro\\\/\"},{\"@type\":\"ListItem\",\"position\":2,\"name\":\"Shop\",\"item\":\"https:\\\/\\\/shopatoa.com\\\/ro\\\/shop\\\/\"},{\"@type\":\"ListItem\",\"position\":3,\"name\":\"S\u0103n\u0103tate\",\"item\":\"https:\\\/\\\/shopatoa.com\\\/ro\\\/sanatate\\\/\"},{\"@type\":\"ListItem\",\"position\":4,\"name\":\"Gospod\u0103rie\",\"item\":\"https:\\\/\\\/shopatoa.com\\\/ro\\\/gospodarie\\\/\"},{\"@type\":\"ListItem\",\"position\":5,\"name\":\"Thermos Termocan\u0103 din o\u021bel inoxidabil 2 l\"}]},{\"@type\":\"WebSite\",\"@id\":\"https:\\\/\\\/shopatoa.com\\\/ro\\\/#website\",\"url\":\"https:\\\/\\\/shopatoa.com\\\/ro\\\/\",\"name\":\"SHOPATOA\",\"description\":\"\",\"publisher\":{\"@id\":\"https:\\\/\\\/shopatoa.com\\\/ro\\\/#organization\"},\"potentialAction\":[{\"@type\":\"SearchAction\",\"target\":{\"@type\":\"EntryPoint\",\"urlTemplate\":\"https:\\\/\\\/shopatoa.com\\\/ro\\\/?s={search_term_string}\"},\"query-input\":{\"@type\":\"PropertyValueSpecification\",\"valueRequired\":true,\"valueName\":\"search_term_string\"}}],\"inLanguage\":\"ro-RO\"},{\"@type\":\"Organization\",\"@id\":\"https:\\\/\\\/shopatoa.com\\\/ro\\\/#organization\",\"name\":\"SHOPATOA\",\"url\":\"https:\\\/\\\/shopatoa.com\\\/ro\\\/\",\"logo\":{\"@type\":\"ImageObject\",\"inLanguage\":\"ro-RO\",\"@id\":\"https:\\\/\\\/shopatoa.com\\\/ro\\\/#\\\/schema\\\/logo\\\/image\\\/\",\"url\":\"https:\\\/\\\/storage.googleapis.com\\\/cz-shopatoa-img\\\/ro\\\/b4dac915-shopatoa_logo.png\",\"contentUrl\":\"https:\\\/\\\/storage.googleapis.com\\\/cz-shopatoa-img\\\/ro\\\/b4dac915-shopatoa_logo.png\",\"width\":416,\"height\":63,\"caption\":\"SHOPATOA\"},\"image\":{\"@id\":\"https:\\\/\\\/shopatoa.com\\\/ro\\\/#\\\/schema\\\/logo\\\/image\\\/\"}}]}<\/script>\n<!-- \/ Yoast SEO plugin. -->","yoast_head_json":{"title":"Thermos Termocan\u0103 din o\u021bel inoxidabil 2 l - SHOPATOA.COM","robots":{"index":"index","follow":"follow","max-snippet":"max-snippet:-1","max-image-preview":"max-image-preview:large","max-video-preview":"max-video-preview:-1"},"canonical":"https:\/\/shopatoa.com\/ro\/thermos-termocana-din-otel-inoxidabil-2-l\/","og_locale":"ro_RO","og_type":"article","og_title":"Thermos Termocan\u0103 din o\u021bel inoxidabil 2 l - SHOPATOA.COM","og_description":"Termocana este conceput\u0103 pentru utilizarea de zi cu zi \u00een cas\u0103, birou sau restaurant. Corpul termoc\u0103nii este fabricat din o\u021bel inoxidabil. Exist\u0103 un vid \u00eentre pere\u021bii termoc\u0103nii. Termocana atinge propriet\u0103\u021bi izolante excelente at\u00e2t pentru b\u0103uturile calde, c\u00e2t \u0219i pentru cele reci. \u00cenchidere cu filet \u0219i buton pentru operare cu o singur\u0103 m\u00e2n\u0103. M\u00e2nerul robust asigur\u0103...","og_url":"https:\/\/shopatoa.com\/ro\/thermos-termocana-din-otel-inoxidabil-2-l\/","og_site_name":"SHOPATOA","article_modified_time":"2025-12-10T21:42:26+00:00","og_image":[{"width":800,"height":800,"url":"https:\/\/storage.googleapis.com\/cz-shopatoa-img\/ro\/934bd86c-unnamed-file.webp","type":"image\/webp"}],"twitter_card":"summary_large_image","schema":{"@context":"https:\/\/schema.org","@graph":[{"@type":"WebPage","@id":"https:\/\/shopatoa.com\/ro\/thermos-termocana-din-otel-inoxidabil-2-l\/","url":"https:\/\/shopatoa.com\/ro\/thermos-termocana-din-otel-inoxidabil-2-l\/","name":"Thermos Termocan\u0103 din o\u021bel inoxidabil 2 l - SHOPATOA.COM","isPartOf":{"@id":"https:\/\/shopatoa.com\/ro\/#website"},"primaryImageOfPage":{"@id":"https:\/\/shopatoa.com\/ro\/thermos-termocana-din-otel-inoxidabil-2-l\/#primaryimage"},"image":{"@id":"https:\/\/shopatoa.com\/ro\/thermos-termocana-din-otel-inoxidabil-2-l\/#primaryimage"},"thumbnailUrl":"https:\/\/storage.googleapis.com\/cz-shopatoa-img\/ro\/934bd86c-unnamed-file.webp","datePublished":"2025-05-05T15:16:34+00:00","dateModified":"2025-12-10T21:42:26+00:00","breadcrumb":{"@id":"https:\/\/shopatoa.com\/ro\/thermos-termocana-din-otel-inoxidabil-2-l\/#breadcrumb"},"inLanguage":"ro-RO","potentialAction":[{"@type":"ReadAction","target":["https:\/\/shopatoa.com\/ro\/thermos-termocana-din-otel-inoxidabil-2-l\/"]}]},{"@type":"ImageObject","inLanguage":"ro-RO","@id":"https:\/\/shopatoa.com\/ro\/thermos-termocana-din-otel-inoxidabil-2-l\/#primaryimage","url":"https:\/\/storage.googleapis.com\/cz-shopatoa-img\/ro\/934bd86c-unnamed-file.webp","contentUrl":"https:\/\/storage.googleapis.com\/cz-shopatoa-img\/ro\/934bd86c-unnamed-file.webp","width":800,"height":800},{"@type":"BreadcrumbList","@id":"https:\/\/shopatoa.com\/ro\/thermos-termocana-din-otel-inoxidabil-2-l\/#breadcrumb","itemListElement":[{"@type":"ListItem","position":1,"name":"Dom\u016f","item":"https:\/\/shopatoa.com\/ro\/"},{"@type":"ListItem","position":2,"name":"Shop","item":"https:\/\/shopatoa.com\/ro\/shop\/"},{"@type":"ListItem","position":3,"name":"S\u0103n\u0103tate","item":"https:\/\/shopatoa.com\/ro\/sanatate\/"},{"@type":"ListItem","position":4,"name":"Gospod\u0103rie","item":"https:\/\/shopatoa.com\/ro\/gospodarie\/"},{"@type":"ListItem","position":5,"name":"Thermos Termocan\u0103 din o\u021bel inoxidabil 2 l"}]},{"@type":"WebSite","@id":"https:\/\/shopatoa.com\/ro\/#website","url":"https:\/\/shopatoa.com\/ro\/","name":"SHOPATOA","description":"","publisher":{"@id":"https:\/\/shopatoa.com\/ro\/#organization"},"potentialAction":[{"@type":"SearchAction","target":{"@type":"EntryPoint","urlTemplate":"https:\/\/shopatoa.com\/ro\/?s={search_term_string}"},"query-input":{"@type":"PropertyValueSpecification","valueRequired":true,"valueName":"search_term_string"}}],"inLanguage":"ro-RO"},{"@type":"Organization","@id":"https:\/\/shopatoa.com\/ro\/#organization","name":"SHOPATOA","url":"https:\/\/shopatoa.com\/ro\/","logo":{"@type":"ImageObject","inLanguage":"ro-RO","@id":"https:\/\/shopatoa.com\/ro\/#\/schema\/logo\/image\/","url":"https:\/\/storage.googleapis.com\/cz-shopatoa-img\/ro\/b4dac915-shopatoa_logo.png","contentUrl":"https:\/\/storage.googleapis.com\/cz-shopatoa-img\/ro\/b4dac915-shopatoa_logo.png","width":416,"height":63,"caption":"SHOPATOA"},"image":{"@id":"https:\/\/shopatoa.com\/ro\/#\/schema\/logo\/image\/"}}]}},"_links":{"self":[{"href":"https:\/\/shopatoa.com\/ro\/wp-json\/wp\/v2\/product\/318783","targetHints":{"allow":["GET"]}}],"collection":[{"href":"https:\/\/shopatoa.com\/ro\/wp-json\/wp\/v2\/product"}],"about":[{"href":"https:\/\/shopatoa.com\/ro\/wp-json\/wp\/v2\/types\/product"}],"replies":[{"embeddable":true,"href":"https:\/\/shopatoa.com\/ro\/wp-json\/wp\/v2\/comments?post=318783"}],"wp:featuredmedia":[{"embeddable":true,"href":"https:\/\/shopatoa.com\/ro\/wp-json\/wp\/v2\/media\/318785"}],"wp:attachment":[{"href":"https:\/\/shopatoa.com\/ro\/wp-json\/wp\/v2\/media?parent=318783"}],"wp:term":[{"taxonomy":"product_brand","embeddable":true,"href":"https:\/\/shopatoa.com\/ro\/wp-json\/wp\/v2\/product_brand?post=318783"},{"taxonomy":"product_cat","embeddable":true,"href":"https:\/\/shopatoa.com\/ro\/wp-json\/wp\/v2\/product_cat?post=318783"},{"taxonomy":"product_tag","embeddable":true,"href":"https:\/\/shopatoa.com\/ro\/wp-json\/wp\/v2\/product_tag?post=318783"}],"curies":[{"name":"wp","href":"https:\/\/api.w.org\/{rel}","templated":true}]}}