{"id":319593,"date":"2025-05-05T18:55:47","date_gmt":"2025-05-05T16:55:47","guid":{"rendered":"https:\/\/shopatoa.com\/ro\/tropikalia-lumanare-in-nuca-de-cocos-parfum-de-portocale-si-mandarina\/"},"modified":"2025-12-10T21:45:04","modified_gmt":"2025-12-10T20:45:04","slug":"tropikalia-lumanare-in-nuca-de-cocos-parfum-de-portocale-si-mandarina","status":"publish","type":"product","link":"https:\/\/shopatoa.com\/ro\/tropikalia-lumanare-in-nuca-de-cocos-parfum-de-portocale-si-mandarina\/","title":{"rendered":"Tropikalia Lum\u00e2nare \u00een nuc\u0103 de cocos &#8211; parfum de portocale \u0219i mandarin\u0103"},"content":{"rendered":"<p>Lum\u00e2nare \u00een nuca de cocos &#8211; parfum de portocale \u0219i mandarin\u0103 &#8211; Lum\u00e2n\u0103ri de soia \u00eentr-o coaj\u0103 de nuca de cocos sunt un ornament \u0219i un decor frumos. Lum\u00e2n\u0103rile nu con\u021bin parafin\u0103, care este un produs secundar al industriei petroliere, arderea acesteia elibereaz\u0103 \u00een aer toxine periculoase, pe care apoi le inhal\u0103m. Lum\u00e2narea are un fitil de lemn care trosne\u0219te pl\u0103cut c\u0103 lemnul \u00eentr-un \u0219emineu c\u00e2nd arde. \u00cen cear\u0103 se adaug\u0103 numai uleiuri esen\u021biale de \u00eenalt\u0103 calitate din surse locale. Lum\u00e2n\u0103rile sunt turnate \u0219i decorate manual \u0219i, din acest motiv, fiecare poate diferi u\u0219or una de alta. Ceara de soia arde cam de dou\u0103 ori mai mult dec\u00e2t cea de parafin\u0103, cu 100g de cear\u0103 este de + &#8211; 20 de ore.<\/p>\n","protected":false},"excerpt":{"rendered":"<p>Lum\u00e2nare \u00een nuca de cocos &#8211; parfum de portocale \u0219i mandarin\u0103 &#8211; Lum\u00e2n\u0103ri de soia \u00eentr-o coaj\u0103 de nuca de cocos sunt un ornament \u0219i un decor frumos. Lum\u00e2n\u0103rile nu con\u021bin parafin\u0103, care este un produs secundar al industriei petroliere, arderea acesteia elibereaz\u0103 \u00een aer toxine periculoase, pe care apoi le inhal\u0103m. Lum\u00e2narea are un&#8230;<\/p>\n","protected":false},"featured_media":319594,"comment_status":"closed","ping_status":"open","template":"","meta":{"_acf_changed":false,"_kadence_starter_templates_imported_post":false,"_kad_post_transparent":"","_kad_post_title":"","_kad_post_layout":"","_kad_post_sidebar_id":"","_kad_post_content_style":"","_kad_post_vertical_padding":"","_kad_post_feature":"","_kad_post_feature_position":"","_kad_post_header":false,"_kad_post_footer":false,"_kad_post_classname":""},"product_brand":[1345],"product_cat":[246,655,654,760],"product_tag":[],"class_list":{"0":"post-319593","1":"product","2":"type-product","3":"status-publish","4":"has-post-thumbnail","6":"product_brand-tropikalia","7":"product_cat-cosmetice","8":"product_cat-lumanari-parfumate","9":"product_cat-lumanari-parfumate-si-arome","10":"product_cat-lumanari-parfumate-spoilerul","12":"first","13":"instock","14":"product-type-external","15":"entry","16":"content-bg","17":"loop-entry"},"acf":[],"yoast_head":"<!-- This site is optimized with the Yoast SEO plugin v27.4 - https:\/\/yoast.com\/product\/yoast-seo-wordpress\/ -->\n<title>Tropikalia Lum\u00e2nare \u00een nuc\u0103 de cocos - parfum de portocale \u0219i mandarin\u0103 - SHOPATOA.COM<\/title>\n<meta name=\"robots\" content=\"index, follow, max-snippet:-1, max-image-preview:large, max-video-preview:-1\" \/>\n<link rel=\"canonical\" href=\"https:\/\/shopatoa.com\/ro\/tropikalia-lumanare-in-nuca-de-cocos-parfum-de-portocale-si-mandarina\/\" \/>\n<meta property=\"og:locale\" content=\"ro_RO\" \/>\n<meta property=\"og:type\" content=\"article\" \/>\n<meta property=\"og:title\" content=\"Tropikalia Lum\u00e2nare \u00een nuc\u0103 de cocos - parfum de portocale \u0219i mandarin\u0103 - SHOPATOA.COM\" \/>\n<meta property=\"og:description\" content=\"Lum\u00e2nare \u00een nuca de cocos &#8211; parfum de portocale \u0219i mandarin\u0103 &#8211; Lum\u00e2n\u0103ri de soia \u00eentr-o coaj\u0103 de nuca de cocos sunt un ornament \u0219i un decor frumos. Lum\u00e2n\u0103rile nu con\u021bin parafin\u0103, care este un produs secundar al industriei petroliere, arderea acesteia elibereaz\u0103 \u00een aer toxine periculoase, pe care apoi le inhal\u0103m. Lum\u00e2narea are un...\" \/>\n<meta property=\"og:url\" content=\"https:\/\/shopatoa.com\/ro\/tropikalia-lumanare-in-nuca-de-cocos-parfum-de-portocale-si-mandarina\/\" \/>\n<meta property=\"og:site_name\" content=\"SHOPATOA\" \/>\n<meta property=\"article:modified_time\" content=\"2025-12-10T20:45:04+00:00\" \/>\n<meta property=\"og:image\" content=\"https:\/\/storage.googleapis.com\/cz-shopatoa-img\/ro\/0cfec670-unnamed-file.webp\" \/>\n\t<meta property=\"og:image:width\" content=\"800\" \/>\n\t<meta property=\"og:image:height\" content=\"800\" \/>\n\t<meta property=\"og:image:type\" content=\"image\/webp\" \/>\n<meta name=\"twitter:card\" content=\"summary_large_image\" \/>\n<meta name=\"twitter:label1\" content=\"Timp estimat pentru citire\" \/>\n\t<meta name=\"twitter:data1\" content=\"1 minut\" \/>\n<script type=\"application\/ld+json\" class=\"yoast-schema-graph\">{\"@context\":\"https:\\\/\\\/schema.org\",\"@graph\":[{\"@type\":\"WebPage\",\"@id\":\"https:\\\/\\\/shopatoa.com\\\/ro\\\/tropikalia-lumanare-in-nuca-de-cocos-parfum-de-portocale-si-mandarina\\\/\",\"url\":\"https:\\\/\\\/shopatoa.com\\\/ro\\\/tropikalia-lumanare-in-nuca-de-cocos-parfum-de-portocale-si-mandarina\\\/\",\"name\":\"Tropikalia Lum\u00e2nare \u00een nuc\u0103 de cocos - parfum de portocale \u0219i mandarin\u0103 - SHOPATOA.COM\",\"isPartOf\":{\"@id\":\"https:\\\/\\\/shopatoa.com\\\/ro\\\/#website\"},\"primaryImageOfPage\":{\"@id\":\"https:\\\/\\\/shopatoa.com\\\/ro\\\/tropikalia-lumanare-in-nuca-de-cocos-parfum-de-portocale-si-mandarina\\\/#primaryimage\"},\"image\":{\"@id\":\"https:\\\/\\\/shopatoa.com\\\/ro\\\/tropikalia-lumanare-in-nuca-de-cocos-parfum-de-portocale-si-mandarina\\\/#primaryimage\"},\"thumbnailUrl\":\"https:\\\/\\\/storage.googleapis.com\\\/cz-shopatoa-img\\\/ro\\\/0cfec670-unnamed-file.webp\",\"datePublished\":\"2025-05-05T16:55:47+00:00\",\"dateModified\":\"2025-12-10T20:45:04+00:00\",\"breadcrumb\":{\"@id\":\"https:\\\/\\\/shopatoa.com\\\/ro\\\/tropikalia-lumanare-in-nuca-de-cocos-parfum-de-portocale-si-mandarina\\\/#breadcrumb\"},\"inLanguage\":\"ro-RO\",\"potentialAction\":[{\"@type\":\"ReadAction\",\"target\":[\"https:\\\/\\\/shopatoa.com\\\/ro\\\/tropikalia-lumanare-in-nuca-de-cocos-parfum-de-portocale-si-mandarina\\\/\"]}]},{\"@type\":\"ImageObject\",\"inLanguage\":\"ro-RO\",\"@id\":\"https:\\\/\\\/shopatoa.com\\\/ro\\\/tropikalia-lumanare-in-nuca-de-cocos-parfum-de-portocale-si-mandarina\\\/#primaryimage\",\"url\":\"https:\\\/\\\/storage.googleapis.com\\\/cz-shopatoa-img\\\/ro\\\/0cfec670-unnamed-file.webp\",\"contentUrl\":\"https:\\\/\\\/storage.googleapis.com\\\/cz-shopatoa-img\\\/ro\\\/0cfec670-unnamed-file.webp\",\"width\":800,\"height\":800},{\"@type\":\"BreadcrumbList\",\"@id\":\"https:\\\/\\\/shopatoa.com\\\/ro\\\/tropikalia-lumanare-in-nuca-de-cocos-parfum-de-portocale-si-mandarina\\\/#breadcrumb\",\"itemListElement\":[{\"@type\":\"ListItem\",\"position\":1,\"name\":\"Dom\u016f\",\"item\":\"https:\\\/\\\/shopatoa.com\\\/ro\\\/\"},{\"@type\":\"ListItem\",\"position\":2,\"name\":\"Shop\",\"item\":\"https:\\\/\\\/shopatoa.com\\\/ro\\\/shop\\\/\"},{\"@type\":\"ListItem\",\"position\":3,\"name\":\"Cosmetice\",\"item\":\"https:\\\/\\\/shopatoa.com\\\/ro\\\/cosmetice\\\/\"},{\"@type\":\"ListItem\",\"position\":4,\"name\":\"Lum\u00e2n\u0103ri parfumate \u0219i arome\",\"item\":\"https:\\\/\\\/shopatoa.com\\\/ro\\\/lumanari-parfumate-si-arome\\\/\"},{\"@type\":\"ListItem\",\"position\":5,\"name\":\"Lum\u00e2n\u0103ri parfumate\",\"item\":\"https:\\\/\\\/shopatoa.com\\\/ro\\\/lumanari-parfumate\\\/\"},{\"@type\":\"ListItem\",\"position\":6,\"name\":\"Lumanari parfumate Spoilerul\",\"item\":\"https:\\\/\\\/shopatoa.com\\\/ro\\\/lumanari-parfumate-spoilerul\\\/\"},{\"@type\":\"ListItem\",\"position\":7,\"name\":\"Tropikalia Lum\u00e2nare \u00een nuc\u0103 de cocos &#8211; parfum de portocale \u0219i mandarin\u0103\"}]},{\"@type\":\"WebSite\",\"@id\":\"https:\\\/\\\/shopatoa.com\\\/ro\\\/#website\",\"url\":\"https:\\\/\\\/shopatoa.com\\\/ro\\\/\",\"name\":\"SHOPATOA\",\"description\":\"\",\"publisher\":{\"@id\":\"https:\\\/\\\/shopatoa.com\\\/ro\\\/#organization\"},\"potentialAction\":[{\"@type\":\"SearchAction\",\"target\":{\"@type\":\"EntryPoint\",\"urlTemplate\":\"https:\\\/\\\/shopatoa.com\\\/ro\\\/?s={search_term_string}\"},\"query-input\":{\"@type\":\"PropertyValueSpecification\",\"valueRequired\":true,\"valueName\":\"search_term_string\"}}],\"inLanguage\":\"ro-RO\"},{\"@type\":\"Organization\",\"@id\":\"https:\\\/\\\/shopatoa.com\\\/ro\\\/#organization\",\"name\":\"SHOPATOA\",\"url\":\"https:\\\/\\\/shopatoa.com\\\/ro\\\/\",\"logo\":{\"@type\":\"ImageObject\",\"inLanguage\":\"ro-RO\",\"@id\":\"https:\\\/\\\/shopatoa.com\\\/ro\\\/#\\\/schema\\\/logo\\\/image\\\/\",\"url\":\"https:\\\/\\\/storage.googleapis.com\\\/cz-shopatoa-img\\\/ro\\\/b4dac915-shopatoa_logo.png\",\"contentUrl\":\"https:\\\/\\\/storage.googleapis.com\\\/cz-shopatoa-img\\\/ro\\\/b4dac915-shopatoa_logo.png\",\"width\":416,\"height\":63,\"caption\":\"SHOPATOA\"},\"image\":{\"@id\":\"https:\\\/\\\/shopatoa.com\\\/ro\\\/#\\\/schema\\\/logo\\\/image\\\/\"}}]}<\/script>\n<!-- \/ Yoast SEO plugin. -->","yoast_head_json":{"title":"Tropikalia Lum\u00e2nare \u00een nuc\u0103 de cocos - parfum de portocale \u0219i mandarin\u0103 - SHOPATOA.COM","robots":{"index":"index","follow":"follow","max-snippet":"max-snippet:-1","max-image-preview":"max-image-preview:large","max-video-preview":"max-video-preview:-1"},"canonical":"https:\/\/shopatoa.com\/ro\/tropikalia-lumanare-in-nuca-de-cocos-parfum-de-portocale-si-mandarina\/","og_locale":"ro_RO","og_type":"article","og_title":"Tropikalia Lum\u00e2nare \u00een nuc\u0103 de cocos - parfum de portocale \u0219i mandarin\u0103 - SHOPATOA.COM","og_description":"Lum\u00e2nare \u00een nuca de cocos &#8211; parfum de portocale \u0219i mandarin\u0103 &#8211; Lum\u00e2n\u0103ri de soia \u00eentr-o coaj\u0103 de nuca de cocos sunt un ornament \u0219i un decor frumos. Lum\u00e2n\u0103rile nu con\u021bin parafin\u0103, care este un produs secundar al industriei petroliere, arderea acesteia elibereaz\u0103 \u00een aer toxine periculoase, pe care apoi le inhal\u0103m. Lum\u00e2narea are un...","og_url":"https:\/\/shopatoa.com\/ro\/tropikalia-lumanare-in-nuca-de-cocos-parfum-de-portocale-si-mandarina\/","og_site_name":"SHOPATOA","article_modified_time":"2025-12-10T20:45:04+00:00","og_image":[{"width":800,"height":800,"url":"https:\/\/storage.googleapis.com\/cz-shopatoa-img\/ro\/0cfec670-unnamed-file.webp","type":"image\/webp"}],"twitter_card":"summary_large_image","twitter_misc":{"Timp estimat pentru citire":"1 minut"},"schema":{"@context":"https:\/\/schema.org","@graph":[{"@type":"WebPage","@id":"https:\/\/shopatoa.com\/ro\/tropikalia-lumanare-in-nuca-de-cocos-parfum-de-portocale-si-mandarina\/","url":"https:\/\/shopatoa.com\/ro\/tropikalia-lumanare-in-nuca-de-cocos-parfum-de-portocale-si-mandarina\/","name":"Tropikalia Lum\u00e2nare \u00een nuc\u0103 de cocos - parfum de portocale \u0219i mandarin\u0103 - SHOPATOA.COM","isPartOf":{"@id":"https:\/\/shopatoa.com\/ro\/#website"},"primaryImageOfPage":{"@id":"https:\/\/shopatoa.com\/ro\/tropikalia-lumanare-in-nuca-de-cocos-parfum-de-portocale-si-mandarina\/#primaryimage"},"image":{"@id":"https:\/\/shopatoa.com\/ro\/tropikalia-lumanare-in-nuca-de-cocos-parfum-de-portocale-si-mandarina\/#primaryimage"},"thumbnailUrl":"https:\/\/storage.googleapis.com\/cz-shopatoa-img\/ro\/0cfec670-unnamed-file.webp","datePublished":"2025-05-05T16:55:47+00:00","dateModified":"2025-12-10T20:45:04+00:00","breadcrumb":{"@id":"https:\/\/shopatoa.com\/ro\/tropikalia-lumanare-in-nuca-de-cocos-parfum-de-portocale-si-mandarina\/#breadcrumb"},"inLanguage":"ro-RO","potentialAction":[{"@type":"ReadAction","target":["https:\/\/shopatoa.com\/ro\/tropikalia-lumanare-in-nuca-de-cocos-parfum-de-portocale-si-mandarina\/"]}]},{"@type":"ImageObject","inLanguage":"ro-RO","@id":"https:\/\/shopatoa.com\/ro\/tropikalia-lumanare-in-nuca-de-cocos-parfum-de-portocale-si-mandarina\/#primaryimage","url":"https:\/\/storage.googleapis.com\/cz-shopatoa-img\/ro\/0cfec670-unnamed-file.webp","contentUrl":"https:\/\/storage.googleapis.com\/cz-shopatoa-img\/ro\/0cfec670-unnamed-file.webp","width":800,"height":800},{"@type":"BreadcrumbList","@id":"https:\/\/shopatoa.com\/ro\/tropikalia-lumanare-in-nuca-de-cocos-parfum-de-portocale-si-mandarina\/#breadcrumb","itemListElement":[{"@type":"ListItem","position":1,"name":"Dom\u016f","item":"https:\/\/shopatoa.com\/ro\/"},{"@type":"ListItem","position":2,"name":"Shop","item":"https:\/\/shopatoa.com\/ro\/shop\/"},{"@type":"ListItem","position":3,"name":"Cosmetice","item":"https:\/\/shopatoa.com\/ro\/cosmetice\/"},{"@type":"ListItem","position":4,"name":"Lum\u00e2n\u0103ri parfumate \u0219i arome","item":"https:\/\/shopatoa.com\/ro\/lumanari-parfumate-si-arome\/"},{"@type":"ListItem","position":5,"name":"Lum\u00e2n\u0103ri parfumate","item":"https:\/\/shopatoa.com\/ro\/lumanari-parfumate\/"},{"@type":"ListItem","position":6,"name":"Lumanari parfumate Spoilerul","item":"https:\/\/shopatoa.com\/ro\/lumanari-parfumate-spoilerul\/"},{"@type":"ListItem","position":7,"name":"Tropikalia Lum\u00e2nare \u00een nuc\u0103 de cocos &#8211; parfum de portocale \u0219i mandarin\u0103"}]},{"@type":"WebSite","@id":"https:\/\/shopatoa.com\/ro\/#website","url":"https:\/\/shopatoa.com\/ro\/","name":"SHOPATOA","description":"","publisher":{"@id":"https:\/\/shopatoa.com\/ro\/#organization"},"potentialAction":[{"@type":"SearchAction","target":{"@type":"EntryPoint","urlTemplate":"https:\/\/shopatoa.com\/ro\/?s={search_term_string}"},"query-input":{"@type":"PropertyValueSpecification","valueRequired":true,"valueName":"search_term_string"}}],"inLanguage":"ro-RO"},{"@type":"Organization","@id":"https:\/\/shopatoa.com\/ro\/#organization","name":"SHOPATOA","url":"https:\/\/shopatoa.com\/ro\/","logo":{"@type":"ImageObject","inLanguage":"ro-RO","@id":"https:\/\/shopatoa.com\/ro\/#\/schema\/logo\/image\/","url":"https:\/\/storage.googleapis.com\/cz-shopatoa-img\/ro\/b4dac915-shopatoa_logo.png","contentUrl":"https:\/\/storage.googleapis.com\/cz-shopatoa-img\/ro\/b4dac915-shopatoa_logo.png","width":416,"height":63,"caption":"SHOPATOA"},"image":{"@id":"https:\/\/shopatoa.com\/ro\/#\/schema\/logo\/image\/"}}]}},"_links":{"self":[{"href":"https:\/\/shopatoa.com\/ro\/wp-json\/wp\/v2\/product\/319593","targetHints":{"allow":["GET"]}}],"collection":[{"href":"https:\/\/shopatoa.com\/ro\/wp-json\/wp\/v2\/product"}],"about":[{"href":"https:\/\/shopatoa.com\/ro\/wp-json\/wp\/v2\/types\/product"}],"replies":[{"embeddable":true,"href":"https:\/\/shopatoa.com\/ro\/wp-json\/wp\/v2\/comments?post=319593"}],"wp:featuredmedia":[{"embeddable":true,"href":"https:\/\/shopatoa.com\/ro\/wp-json\/wp\/v2\/media\/319594"}],"wp:attachment":[{"href":"https:\/\/shopatoa.com\/ro\/wp-json\/wp\/v2\/media?parent=319593"}],"wp:term":[{"taxonomy":"product_brand","embeddable":true,"href":"https:\/\/shopatoa.com\/ro\/wp-json\/wp\/v2\/product_brand?post=319593"},{"taxonomy":"product_cat","embeddable":true,"href":"https:\/\/shopatoa.com\/ro\/wp-json\/wp\/v2\/product_cat?post=319593"},{"taxonomy":"product_tag","embeddable":true,"href":"https:\/\/shopatoa.com\/ro\/wp-json\/wp\/v2\/product_tag?post=319593"}],"curies":[{"name":"wp","href":"https:\/\/api.w.org\/{rel}","templated":true}]}}