{"id":320055,"date":"2025-05-05T19:50:32","date_gmt":"2025-05-05T17:50:32","guid":{"rendered":"https:\/\/shopatoa.com\/ro\/givenchy-ange-ou-demon-le-secret-2014-edp-100-ml\/"},"modified":"2025-12-10T21:14:20","modified_gmt":"2025-12-10T20:14:20","slug":"givenchy-ange-ou-demon-le-secret-2014-edp-100-ml","status":"publish","type":"product","link":"https:\/\/shopatoa.com\/ro\/givenchy-ange-ou-demon-le-secret-2014-edp-100-ml\/","title":{"rendered":"Givenchy Ange Ou D\u00e9mon Le Secret (2014) &#8211; EDP 100 ml"},"content":{"rendered":"<p>Givenchy lanseaza Ange Ou Demon Le Secret \u00een 2014, a introdus ini\u021bial \u00eenapoi \u00een 2009, ca un parfum proaspat, floral. Compozi\u021bie r\u0103m\u00e2ne compozi\u021bie adev\u0103rat de flori albe \u0219i ceai de iasomie. Note introductive sunt frunzele de ceai, l\u0103m\u00e2ie \u0219i afine. Jasmine \u00een inima corzilor amestecat cu bujor alb si crin de ap\u0103. Notele de baza sunt paciuli, mosc si tonuri de lemn de culoare deschis\u0103.<\/p>\n","protected":false},"excerpt":{"rendered":"<p>Givenchy lanseaza Ange Ou Demon Le Secret \u00een 2014, a introdus ini\u021bial \u00eenapoi \u00een 2009, ca un parfum proaspat, floral. Compozi\u021bie r\u0103m\u00e2ne compozi\u021bie adev\u0103rat de flori albe \u0219i ceai de iasomie. Note introductive sunt frunzele de ceai, l\u0103m\u00e2ie \u0219i afine. Jasmine \u00een inima corzilor amestecat cu bujor alb si crin de ap\u0103. Notele de baza&#8230;<\/p>\n","protected":false},"featured_media":320056,"comment_status":"closed","ping_status":"open","template":"","meta":{"_acf_changed":false,"_kadence_starter_templates_imported_post":false,"_kad_post_transparent":"","_kad_post_title":"","_kad_post_layout":"","_kad_post_sidebar_id":"","_kad_post_content_style":"","_kad_post_vertical_padding":"","_kad_post_feature":"","_kad_post_feature_position":"","_kad_post_header":false,"_kad_post_footer":false,"_kad_post_classname":""},"product_brand":[385],"product_cat":[619,614],"product_tag":[],"class_list":{"0":"post-320055","1":"product","2":"type-product","3":"status-publish","4":"has-post-thumbnail","6":"product_brand-givenchy","7":"product_cat-ape-de-parfum-edp","8":"product_cat-parfumuri","10":"first","11":"instock","12":"product-type-external","13":"entry","14":"content-bg","15":"loop-entry"},"acf":[],"yoast_head":"<!-- This site is optimized with the Yoast SEO plugin v27.3 - https:\/\/yoast.com\/product\/yoast-seo-wordpress\/ -->\n<title>Givenchy Ange Ou D\u00e9mon Le Secret (2014) - EDP 100 ml - SHOPATOA.COM<\/title>\n<meta name=\"robots\" content=\"index, follow, max-snippet:-1, max-image-preview:large, max-video-preview:-1\" \/>\n<link rel=\"canonical\" href=\"https:\/\/shopatoa.com\/ro\/givenchy-ange-ou-demon-le-secret-2014-edp-100-ml\/\" \/>\n<meta property=\"og:locale\" content=\"ro_RO\" \/>\n<meta property=\"og:type\" content=\"article\" \/>\n<meta property=\"og:title\" content=\"Givenchy Ange Ou D\u00e9mon Le Secret (2014) - EDP 100 ml - SHOPATOA.COM\" \/>\n<meta property=\"og:description\" content=\"Givenchy lanseaza Ange Ou Demon Le Secret \u00een 2014, a introdus ini\u021bial \u00eenapoi \u00een 2009, ca un parfum proaspat, floral. Compozi\u021bie r\u0103m\u00e2ne compozi\u021bie adev\u0103rat de flori albe \u0219i ceai de iasomie. Note introductive sunt frunzele de ceai, l\u0103m\u00e2ie \u0219i afine. Jasmine \u00een inima corzilor amestecat cu bujor alb si crin de ap\u0103. Notele de baza...\" \/>\n<meta property=\"og:url\" content=\"https:\/\/shopatoa.com\/ro\/givenchy-ange-ou-demon-le-secret-2014-edp-100-ml\/\" \/>\n<meta property=\"og:site_name\" content=\"SHOPATOA\" \/>\n<meta property=\"article:modified_time\" content=\"2025-12-10T20:14:20+00:00\" \/>\n<meta property=\"og:image\" content=\"https:\/\/storage.googleapis.com\/cz-shopatoa-img\/ro\/6ccb86c3-unnamed-file.webp\" \/>\n\t<meta property=\"og:image:width\" content=\"800\" \/>\n\t<meta property=\"og:image:height\" content=\"800\" \/>\n\t<meta property=\"og:image:type\" content=\"image\/webp\" \/>\n<meta name=\"twitter:card\" content=\"summary_large_image\" \/>\n<script type=\"application\/ld+json\" class=\"yoast-schema-graph\">{\"@context\":\"https:\\\/\\\/schema.org\",\"@graph\":[{\"@type\":\"WebPage\",\"@id\":\"https:\\\/\\\/shopatoa.com\\\/ro\\\/givenchy-ange-ou-demon-le-secret-2014-edp-100-ml\\\/\",\"url\":\"https:\\\/\\\/shopatoa.com\\\/ro\\\/givenchy-ange-ou-demon-le-secret-2014-edp-100-ml\\\/\",\"name\":\"Givenchy Ange Ou D\u00e9mon Le Secret (2014) - EDP 100 ml - SHOPATOA.COM\",\"isPartOf\":{\"@id\":\"https:\\\/\\\/shopatoa.com\\\/ro\\\/#website\"},\"primaryImageOfPage\":{\"@id\":\"https:\\\/\\\/shopatoa.com\\\/ro\\\/givenchy-ange-ou-demon-le-secret-2014-edp-100-ml\\\/#primaryimage\"},\"image\":{\"@id\":\"https:\\\/\\\/shopatoa.com\\\/ro\\\/givenchy-ange-ou-demon-le-secret-2014-edp-100-ml\\\/#primaryimage\"},\"thumbnailUrl\":\"https:\\\/\\\/storage.googleapis.com\\\/cz-shopatoa-img\\\/ro\\\/6ccb86c3-unnamed-file.webp\",\"datePublished\":\"2025-05-05T17:50:32+00:00\",\"dateModified\":\"2025-12-10T20:14:20+00:00\",\"breadcrumb\":{\"@id\":\"https:\\\/\\\/shopatoa.com\\\/ro\\\/givenchy-ange-ou-demon-le-secret-2014-edp-100-ml\\\/#breadcrumb\"},\"inLanguage\":\"ro-RO\",\"potentialAction\":[{\"@type\":\"ReadAction\",\"target\":[\"https:\\\/\\\/shopatoa.com\\\/ro\\\/givenchy-ange-ou-demon-le-secret-2014-edp-100-ml\\\/\"]}]},{\"@type\":\"ImageObject\",\"inLanguage\":\"ro-RO\",\"@id\":\"https:\\\/\\\/shopatoa.com\\\/ro\\\/givenchy-ange-ou-demon-le-secret-2014-edp-100-ml\\\/#primaryimage\",\"url\":\"https:\\\/\\\/storage.googleapis.com\\\/cz-shopatoa-img\\\/ro\\\/6ccb86c3-unnamed-file.webp\",\"contentUrl\":\"https:\\\/\\\/storage.googleapis.com\\\/cz-shopatoa-img\\\/ro\\\/6ccb86c3-unnamed-file.webp\",\"width\":800,\"height\":800},{\"@type\":\"BreadcrumbList\",\"@id\":\"https:\\\/\\\/shopatoa.com\\\/ro\\\/givenchy-ange-ou-demon-le-secret-2014-edp-100-ml\\\/#breadcrumb\",\"itemListElement\":[{\"@type\":\"ListItem\",\"position\":1,\"name\":\"Dom\u016f\",\"item\":\"https:\\\/\\\/shopatoa.com\\\/ro\\\/\"},{\"@type\":\"ListItem\",\"position\":2,\"name\":\"Shop\",\"item\":\"https:\\\/\\\/shopatoa.com\\\/ro\\\/shop\\\/\"},{\"@type\":\"ListItem\",\"position\":3,\"name\":\"Parfumuri\",\"item\":\"https:\\\/\\\/shopatoa.com\\\/ro\\\/parfumuri\\\/\"},{\"@type\":\"ListItem\",\"position\":4,\"name\":\"Ape de parfum (EDP)\",\"item\":\"https:\\\/\\\/shopatoa.com\\\/ro\\\/ape-de-parfum-edp\\\/\"},{\"@type\":\"ListItem\",\"position\":5,\"name\":\"Givenchy Ange Ou D\u00e9mon Le Secret (2014) &#8211; EDP 100 ml\"}]},{\"@type\":\"WebSite\",\"@id\":\"https:\\\/\\\/shopatoa.com\\\/ro\\\/#website\",\"url\":\"https:\\\/\\\/shopatoa.com\\\/ro\\\/\",\"name\":\"SHOPATOA\",\"description\":\"\",\"publisher\":{\"@id\":\"https:\\\/\\\/shopatoa.com\\\/ro\\\/#organization\"},\"potentialAction\":[{\"@type\":\"SearchAction\",\"target\":{\"@type\":\"EntryPoint\",\"urlTemplate\":\"https:\\\/\\\/shopatoa.com\\\/ro\\\/?s={search_term_string}\"},\"query-input\":{\"@type\":\"PropertyValueSpecification\",\"valueRequired\":true,\"valueName\":\"search_term_string\"}}],\"inLanguage\":\"ro-RO\"},{\"@type\":\"Organization\",\"@id\":\"https:\\\/\\\/shopatoa.com\\\/ro\\\/#organization\",\"name\":\"SHOPATOA\",\"url\":\"https:\\\/\\\/shopatoa.com\\\/ro\\\/\",\"logo\":{\"@type\":\"ImageObject\",\"inLanguage\":\"ro-RO\",\"@id\":\"https:\\\/\\\/shopatoa.com\\\/ro\\\/#\\\/schema\\\/logo\\\/image\\\/\",\"url\":\"https:\\\/\\\/storage.googleapis.com\\\/cz-shopatoa-img\\\/ro\\\/b4dac915-shopatoa_logo.png\",\"contentUrl\":\"https:\\\/\\\/storage.googleapis.com\\\/cz-shopatoa-img\\\/ro\\\/b4dac915-shopatoa_logo.png\",\"width\":416,\"height\":63,\"caption\":\"SHOPATOA\"},\"image\":{\"@id\":\"https:\\\/\\\/shopatoa.com\\\/ro\\\/#\\\/schema\\\/logo\\\/image\\\/\"}}]}<\/script>\n<!-- \/ Yoast SEO plugin. -->","yoast_head_json":{"title":"Givenchy Ange Ou D\u00e9mon Le Secret (2014) - EDP 100 ml - SHOPATOA.COM","robots":{"index":"index","follow":"follow","max-snippet":"max-snippet:-1","max-image-preview":"max-image-preview:large","max-video-preview":"max-video-preview:-1"},"canonical":"https:\/\/shopatoa.com\/ro\/givenchy-ange-ou-demon-le-secret-2014-edp-100-ml\/","og_locale":"ro_RO","og_type":"article","og_title":"Givenchy Ange Ou D\u00e9mon Le Secret (2014) - EDP 100 ml - SHOPATOA.COM","og_description":"Givenchy lanseaza Ange Ou Demon Le Secret \u00een 2014, a introdus ini\u021bial \u00eenapoi \u00een 2009, ca un parfum proaspat, floral. Compozi\u021bie r\u0103m\u00e2ne compozi\u021bie adev\u0103rat de flori albe \u0219i ceai de iasomie. Note introductive sunt frunzele de ceai, l\u0103m\u00e2ie \u0219i afine. Jasmine \u00een inima corzilor amestecat cu bujor alb si crin de ap\u0103. Notele de baza...","og_url":"https:\/\/shopatoa.com\/ro\/givenchy-ange-ou-demon-le-secret-2014-edp-100-ml\/","og_site_name":"SHOPATOA","article_modified_time":"2025-12-10T20:14:20+00:00","og_image":[{"width":800,"height":800,"url":"https:\/\/storage.googleapis.com\/cz-shopatoa-img\/ro\/6ccb86c3-unnamed-file.webp","type":"image\/webp"}],"twitter_card":"summary_large_image","schema":{"@context":"https:\/\/schema.org","@graph":[{"@type":"WebPage","@id":"https:\/\/shopatoa.com\/ro\/givenchy-ange-ou-demon-le-secret-2014-edp-100-ml\/","url":"https:\/\/shopatoa.com\/ro\/givenchy-ange-ou-demon-le-secret-2014-edp-100-ml\/","name":"Givenchy Ange Ou D\u00e9mon Le Secret (2014) - EDP 100 ml - SHOPATOA.COM","isPartOf":{"@id":"https:\/\/shopatoa.com\/ro\/#website"},"primaryImageOfPage":{"@id":"https:\/\/shopatoa.com\/ro\/givenchy-ange-ou-demon-le-secret-2014-edp-100-ml\/#primaryimage"},"image":{"@id":"https:\/\/shopatoa.com\/ro\/givenchy-ange-ou-demon-le-secret-2014-edp-100-ml\/#primaryimage"},"thumbnailUrl":"https:\/\/storage.googleapis.com\/cz-shopatoa-img\/ro\/6ccb86c3-unnamed-file.webp","datePublished":"2025-05-05T17:50:32+00:00","dateModified":"2025-12-10T20:14:20+00:00","breadcrumb":{"@id":"https:\/\/shopatoa.com\/ro\/givenchy-ange-ou-demon-le-secret-2014-edp-100-ml\/#breadcrumb"},"inLanguage":"ro-RO","potentialAction":[{"@type":"ReadAction","target":["https:\/\/shopatoa.com\/ro\/givenchy-ange-ou-demon-le-secret-2014-edp-100-ml\/"]}]},{"@type":"ImageObject","inLanguage":"ro-RO","@id":"https:\/\/shopatoa.com\/ro\/givenchy-ange-ou-demon-le-secret-2014-edp-100-ml\/#primaryimage","url":"https:\/\/storage.googleapis.com\/cz-shopatoa-img\/ro\/6ccb86c3-unnamed-file.webp","contentUrl":"https:\/\/storage.googleapis.com\/cz-shopatoa-img\/ro\/6ccb86c3-unnamed-file.webp","width":800,"height":800},{"@type":"BreadcrumbList","@id":"https:\/\/shopatoa.com\/ro\/givenchy-ange-ou-demon-le-secret-2014-edp-100-ml\/#breadcrumb","itemListElement":[{"@type":"ListItem","position":1,"name":"Dom\u016f","item":"https:\/\/shopatoa.com\/ro\/"},{"@type":"ListItem","position":2,"name":"Shop","item":"https:\/\/shopatoa.com\/ro\/shop\/"},{"@type":"ListItem","position":3,"name":"Parfumuri","item":"https:\/\/shopatoa.com\/ro\/parfumuri\/"},{"@type":"ListItem","position":4,"name":"Ape de parfum (EDP)","item":"https:\/\/shopatoa.com\/ro\/ape-de-parfum-edp\/"},{"@type":"ListItem","position":5,"name":"Givenchy Ange Ou D\u00e9mon Le Secret (2014) &#8211; EDP 100 ml"}]},{"@type":"WebSite","@id":"https:\/\/shopatoa.com\/ro\/#website","url":"https:\/\/shopatoa.com\/ro\/","name":"SHOPATOA","description":"","publisher":{"@id":"https:\/\/shopatoa.com\/ro\/#organization"},"potentialAction":[{"@type":"SearchAction","target":{"@type":"EntryPoint","urlTemplate":"https:\/\/shopatoa.com\/ro\/?s={search_term_string}"},"query-input":{"@type":"PropertyValueSpecification","valueRequired":true,"valueName":"search_term_string"}}],"inLanguage":"ro-RO"},{"@type":"Organization","@id":"https:\/\/shopatoa.com\/ro\/#organization","name":"SHOPATOA","url":"https:\/\/shopatoa.com\/ro\/","logo":{"@type":"ImageObject","inLanguage":"ro-RO","@id":"https:\/\/shopatoa.com\/ro\/#\/schema\/logo\/image\/","url":"https:\/\/storage.googleapis.com\/cz-shopatoa-img\/ro\/b4dac915-shopatoa_logo.png","contentUrl":"https:\/\/storage.googleapis.com\/cz-shopatoa-img\/ro\/b4dac915-shopatoa_logo.png","width":416,"height":63,"caption":"SHOPATOA"},"image":{"@id":"https:\/\/shopatoa.com\/ro\/#\/schema\/logo\/image\/"}}]}},"_links":{"self":[{"href":"https:\/\/shopatoa.com\/ro\/wp-json\/wp\/v2\/product\/320055","targetHints":{"allow":["GET"]}}],"collection":[{"href":"https:\/\/shopatoa.com\/ro\/wp-json\/wp\/v2\/product"}],"about":[{"href":"https:\/\/shopatoa.com\/ro\/wp-json\/wp\/v2\/types\/product"}],"replies":[{"embeddable":true,"href":"https:\/\/shopatoa.com\/ro\/wp-json\/wp\/v2\/comments?post=320055"}],"wp:featuredmedia":[{"embeddable":true,"href":"https:\/\/shopatoa.com\/ro\/wp-json\/wp\/v2\/media\/320056"}],"wp:attachment":[{"href":"https:\/\/shopatoa.com\/ro\/wp-json\/wp\/v2\/media?parent=320055"}],"wp:term":[{"taxonomy":"product_brand","embeddable":true,"href":"https:\/\/shopatoa.com\/ro\/wp-json\/wp\/v2\/product_brand?post=320055"},{"taxonomy":"product_cat","embeddable":true,"href":"https:\/\/shopatoa.com\/ro\/wp-json\/wp\/v2\/product_cat?post=320055"},{"taxonomy":"product_tag","embeddable":true,"href":"https:\/\/shopatoa.com\/ro\/wp-json\/wp\/v2\/product_tag?post=320055"}],"curies":[{"name":"wp","href":"https:\/\/api.w.org\/{rel}","templated":true}]}}