{"id":320336,"date":"2025-05-05T20:21:56","date_gmt":"2025-05-05T18:21:56","guid":{"rendered":"https:\/\/shopatoa.com\/ro\/ziaja-gel-pentru-igiena-intima-pepene-rosu-intimate-wash-gel-500-ml\/"},"modified":"2025-12-10T20:55:20","modified_gmt":"2025-12-10T19:55:20","slug":"ziaja-gel-pentru-igiena-intima-pepene-rosu-intimate-wash-gel-500-ml","status":"publish","type":"product","link":"https:\/\/shopatoa.com\/ro\/ziaja-gel-pentru-igiena-intima-pepene-rosu-intimate-wash-gel-500-ml\/","title":{"rendered":"Ziaja Gel pentru igiena intim\u0103 Pepene rosu (Intimate Wash Gel) 500 ml"},"content":{"rendered":"<p>Gel de igien\u0103 intim\u0103 cu acid lactic \u0219i parfum de pepene rosu exotic pentru igiena zilnic\u0103 a locurilor intime. acid lactic &#8211; este o substan\u021b\u0103 antibacterian\u0103 natural\u0103 care hidrateaz\u0103 pielea \u0219i protejeaz\u0103 flora bacterian\u0103 natural\u0103, Gelul intim \u00eent\u0103re\u0219te sistemul natural de protec\u021bie al membranelor mucoase, afecteaz\u0103 pozitiv flora bacterian\u0103 natural\u0103. Reduce tendin\u021ba la infec\u021bie, reduce eficient irita\u021bia \u0219i ac\u021bioneaz\u0103 asupra abraziunilor mucoasei. Spal\u0103 delicat \u0219i asigur\u0103 o senza\u021bie de cur\u0103\u021benie \u0219i prospe\u021bime de lung\u0103 durat\u0103. Con\u021bine 96% ingrediente de origine natural\u0103.<\/p>\n","protected":false},"excerpt":{"rendered":"<p>Gel de igien\u0103 intim\u0103 cu acid lactic \u0219i parfum de pepene rosu exotic pentru igiena zilnic\u0103 a locurilor intime. acid lactic &#8211; este o substan\u021b\u0103 antibacterian\u0103 natural\u0103 care hidrateaz\u0103 pielea \u0219i protejeaz\u0103 flora bacterian\u0103 natural\u0103, Gelul intim \u00eent\u0103re\u0219te sistemul natural de protec\u021bie al membranelor mucoase, afecteaz\u0103 pozitiv flora bacterian\u0103 natural\u0103. Reduce tendin\u021ba la infec\u021bie, reduce&#8230;<\/p>\n","protected":false},"featured_media":320337,"comment_status":"closed","ping_status":"open","template":"","meta":{"_acf_changed":false,"_kadence_starter_templates_imported_post":false,"_kad_post_transparent":"","_kad_post_title":"","_kad_post_layout":"","_kad_post_sidebar_id":"","_kad_post_content_style":"","_kad_post_vertical_padding":"","_kad_post_feature":"","_kad_post_feature_position":"","_kad_post_header":false,"_kad_post_footer":false,"_kad_post_classname":""},"product_brand":[844],"product_cat":[246,724,723,611],"product_tag":[],"class_list":{"0":"post-320336","1":"product","2":"type-product","3":"status-publish","4":"has-post-thumbnail","6":"product_brand-ziaja","7":"product_cat-cosmetice","8":"product_cat-cosmetice-igienice-intime","9":"product_cat-igiena-intima","10":"product_cat-produse-cosmetice-pentru-corp","12":"first","13":"instock","14":"sale","15":"product-type-external","16":"entry","17":"content-bg","18":"loop-entry"},"acf":[],"yoast_head":"<!-- This site is optimized with the Yoast SEO plugin v27.4 - https:\/\/yoast.com\/product\/yoast-seo-wordpress\/ -->\n<title>Ziaja Gel pentru igiena intim\u0103 Pepene rosu (Intimate Wash Gel) 500 ml - SHOPATOA.COM<\/title>\n<meta name=\"robots\" content=\"index, follow, max-snippet:-1, max-image-preview:large, max-video-preview:-1\" \/>\n<link rel=\"canonical\" href=\"https:\/\/shopatoa.com\/ro\/ziaja-gel-pentru-igiena-intima-pepene-rosu-intimate-wash-gel-500-ml\/\" \/>\n<meta property=\"og:locale\" content=\"ro_RO\" \/>\n<meta property=\"og:type\" content=\"article\" \/>\n<meta property=\"og:title\" content=\"Ziaja Gel pentru igiena intim\u0103 Pepene rosu (Intimate Wash Gel) 500 ml - SHOPATOA.COM\" \/>\n<meta property=\"og:description\" content=\"Gel de igien\u0103 intim\u0103 cu acid lactic \u0219i parfum de pepene rosu exotic pentru igiena zilnic\u0103 a locurilor intime. acid lactic &#8211; este o substan\u021b\u0103 antibacterian\u0103 natural\u0103 care hidrateaz\u0103 pielea \u0219i protejeaz\u0103 flora bacterian\u0103 natural\u0103, Gelul intim \u00eent\u0103re\u0219te sistemul natural de protec\u021bie al membranelor mucoase, afecteaz\u0103 pozitiv flora bacterian\u0103 natural\u0103. Reduce tendin\u021ba la infec\u021bie, reduce...\" \/>\n<meta property=\"og:url\" content=\"https:\/\/shopatoa.com\/ro\/ziaja-gel-pentru-igiena-intima-pepene-rosu-intimate-wash-gel-500-ml\/\" \/>\n<meta property=\"og:site_name\" content=\"SHOPATOA\" \/>\n<meta property=\"article:modified_time\" content=\"2025-12-10T19:55:20+00:00\" \/>\n<meta property=\"og:image\" content=\"https:\/\/storage.googleapis.com\/cz-shopatoa-img\/ro\/71c55b8d-unnamed-file.webp\" \/>\n\t<meta property=\"og:image:width\" content=\"800\" \/>\n\t<meta property=\"og:image:height\" content=\"800\" \/>\n\t<meta property=\"og:image:type\" content=\"image\/webp\" \/>\n<meta name=\"twitter:card\" content=\"summary_large_image\" \/>\n<script type=\"application\/ld+json\" class=\"yoast-schema-graph\">{\"@context\":\"https:\\\/\\\/schema.org\",\"@graph\":[{\"@type\":\"WebPage\",\"@id\":\"https:\\\/\\\/shopatoa.com\\\/ro\\\/ziaja-gel-pentru-igiena-intima-pepene-rosu-intimate-wash-gel-500-ml\\\/\",\"url\":\"https:\\\/\\\/shopatoa.com\\\/ro\\\/ziaja-gel-pentru-igiena-intima-pepene-rosu-intimate-wash-gel-500-ml\\\/\",\"name\":\"Ziaja Gel pentru igiena intim\u0103 Pepene rosu (Intimate Wash Gel) 500 ml - SHOPATOA.COM\",\"isPartOf\":{\"@id\":\"https:\\\/\\\/shopatoa.com\\\/ro\\\/#website\"},\"primaryImageOfPage\":{\"@id\":\"https:\\\/\\\/shopatoa.com\\\/ro\\\/ziaja-gel-pentru-igiena-intima-pepene-rosu-intimate-wash-gel-500-ml\\\/#primaryimage\"},\"image\":{\"@id\":\"https:\\\/\\\/shopatoa.com\\\/ro\\\/ziaja-gel-pentru-igiena-intima-pepene-rosu-intimate-wash-gel-500-ml\\\/#primaryimage\"},\"thumbnailUrl\":\"https:\\\/\\\/storage.googleapis.com\\\/cz-shopatoa-img\\\/ro\\\/71c55b8d-unnamed-file.webp\",\"datePublished\":\"2025-05-05T18:21:56+00:00\",\"dateModified\":\"2025-12-10T19:55:20+00:00\",\"breadcrumb\":{\"@id\":\"https:\\\/\\\/shopatoa.com\\\/ro\\\/ziaja-gel-pentru-igiena-intima-pepene-rosu-intimate-wash-gel-500-ml\\\/#breadcrumb\"},\"inLanguage\":\"ro-RO\",\"potentialAction\":[{\"@type\":\"ReadAction\",\"target\":[\"https:\\\/\\\/shopatoa.com\\\/ro\\\/ziaja-gel-pentru-igiena-intima-pepene-rosu-intimate-wash-gel-500-ml\\\/\"]}]},{\"@type\":\"ImageObject\",\"inLanguage\":\"ro-RO\",\"@id\":\"https:\\\/\\\/shopatoa.com\\\/ro\\\/ziaja-gel-pentru-igiena-intima-pepene-rosu-intimate-wash-gel-500-ml\\\/#primaryimage\",\"url\":\"https:\\\/\\\/storage.googleapis.com\\\/cz-shopatoa-img\\\/ro\\\/71c55b8d-unnamed-file.webp\",\"contentUrl\":\"https:\\\/\\\/storage.googleapis.com\\\/cz-shopatoa-img\\\/ro\\\/71c55b8d-unnamed-file.webp\",\"width\":800,\"height\":800},{\"@type\":\"BreadcrumbList\",\"@id\":\"https:\\\/\\\/shopatoa.com\\\/ro\\\/ziaja-gel-pentru-igiena-intima-pepene-rosu-intimate-wash-gel-500-ml\\\/#breadcrumb\",\"itemListElement\":[{\"@type\":\"ListItem\",\"position\":1,\"name\":\"Dom\u016f\",\"item\":\"https:\\\/\\\/shopatoa.com\\\/ro\\\/\"},{\"@type\":\"ListItem\",\"position\":2,\"name\":\"Shop\",\"item\":\"https:\\\/\\\/shopatoa.com\\\/ro\\\/shop\\\/\"},{\"@type\":\"ListItem\",\"position\":3,\"name\":\"Cosmetice\",\"item\":\"https:\\\/\\\/shopatoa.com\\\/ro\\\/cosmetice\\\/\"},{\"@type\":\"ListItem\",\"position\":4,\"name\":\"Produse cosmetice pentru corp\",\"item\":\"https:\\\/\\\/shopatoa.com\\\/ro\\\/produse-cosmetice-pentru-corp\\\/\"},{\"@type\":\"ListItem\",\"position\":5,\"name\":\"Igiena intim\u0103\",\"item\":\"https:\\\/\\\/shopatoa.com\\\/ro\\\/igiena-intima\\\/\"},{\"@type\":\"ListItem\",\"position\":6,\"name\":\"Cosmetice igienice intime\",\"item\":\"https:\\\/\\\/shopatoa.com\\\/ro\\\/cosmetice-igienice-intime\\\/\"},{\"@type\":\"ListItem\",\"position\":7,\"name\":\"Ziaja Gel pentru igiena intim\u0103 Pepene rosu (Intimate Wash Gel) 500 ml\"}]},{\"@type\":\"WebSite\",\"@id\":\"https:\\\/\\\/shopatoa.com\\\/ro\\\/#website\",\"url\":\"https:\\\/\\\/shopatoa.com\\\/ro\\\/\",\"name\":\"SHOPATOA\",\"description\":\"\",\"publisher\":{\"@id\":\"https:\\\/\\\/shopatoa.com\\\/ro\\\/#organization\"},\"potentialAction\":[{\"@type\":\"SearchAction\",\"target\":{\"@type\":\"EntryPoint\",\"urlTemplate\":\"https:\\\/\\\/shopatoa.com\\\/ro\\\/?s={search_term_string}\"},\"query-input\":{\"@type\":\"PropertyValueSpecification\",\"valueRequired\":true,\"valueName\":\"search_term_string\"}}],\"inLanguage\":\"ro-RO\"},{\"@type\":\"Organization\",\"@id\":\"https:\\\/\\\/shopatoa.com\\\/ro\\\/#organization\",\"name\":\"SHOPATOA\",\"url\":\"https:\\\/\\\/shopatoa.com\\\/ro\\\/\",\"logo\":{\"@type\":\"ImageObject\",\"inLanguage\":\"ro-RO\",\"@id\":\"https:\\\/\\\/shopatoa.com\\\/ro\\\/#\\\/schema\\\/logo\\\/image\\\/\",\"url\":\"https:\\\/\\\/storage.googleapis.com\\\/cz-shopatoa-img\\\/ro\\\/b4dac915-shopatoa_logo.png\",\"contentUrl\":\"https:\\\/\\\/storage.googleapis.com\\\/cz-shopatoa-img\\\/ro\\\/b4dac915-shopatoa_logo.png\",\"width\":416,\"height\":63,\"caption\":\"SHOPATOA\"},\"image\":{\"@id\":\"https:\\\/\\\/shopatoa.com\\\/ro\\\/#\\\/schema\\\/logo\\\/image\\\/\"}}]}<\/script>\n<!-- \/ Yoast SEO plugin. -->","yoast_head_json":{"title":"Ziaja Gel pentru igiena intim\u0103 Pepene rosu (Intimate Wash Gel) 500 ml - SHOPATOA.COM","robots":{"index":"index","follow":"follow","max-snippet":"max-snippet:-1","max-image-preview":"max-image-preview:large","max-video-preview":"max-video-preview:-1"},"canonical":"https:\/\/shopatoa.com\/ro\/ziaja-gel-pentru-igiena-intima-pepene-rosu-intimate-wash-gel-500-ml\/","og_locale":"ro_RO","og_type":"article","og_title":"Ziaja Gel pentru igiena intim\u0103 Pepene rosu (Intimate Wash Gel) 500 ml - SHOPATOA.COM","og_description":"Gel de igien\u0103 intim\u0103 cu acid lactic \u0219i parfum de pepene rosu exotic pentru igiena zilnic\u0103 a locurilor intime. acid lactic &#8211; este o substan\u021b\u0103 antibacterian\u0103 natural\u0103 care hidrateaz\u0103 pielea \u0219i protejeaz\u0103 flora bacterian\u0103 natural\u0103, Gelul intim \u00eent\u0103re\u0219te sistemul natural de protec\u021bie al membranelor mucoase, afecteaz\u0103 pozitiv flora bacterian\u0103 natural\u0103. Reduce tendin\u021ba la infec\u021bie, reduce...","og_url":"https:\/\/shopatoa.com\/ro\/ziaja-gel-pentru-igiena-intima-pepene-rosu-intimate-wash-gel-500-ml\/","og_site_name":"SHOPATOA","article_modified_time":"2025-12-10T19:55:20+00:00","og_image":[{"width":800,"height":800,"url":"https:\/\/storage.googleapis.com\/cz-shopatoa-img\/ro\/71c55b8d-unnamed-file.webp","type":"image\/webp"}],"twitter_card":"summary_large_image","schema":{"@context":"https:\/\/schema.org","@graph":[{"@type":"WebPage","@id":"https:\/\/shopatoa.com\/ro\/ziaja-gel-pentru-igiena-intima-pepene-rosu-intimate-wash-gel-500-ml\/","url":"https:\/\/shopatoa.com\/ro\/ziaja-gel-pentru-igiena-intima-pepene-rosu-intimate-wash-gel-500-ml\/","name":"Ziaja Gel pentru igiena intim\u0103 Pepene rosu (Intimate Wash Gel) 500 ml - SHOPATOA.COM","isPartOf":{"@id":"https:\/\/shopatoa.com\/ro\/#website"},"primaryImageOfPage":{"@id":"https:\/\/shopatoa.com\/ro\/ziaja-gel-pentru-igiena-intima-pepene-rosu-intimate-wash-gel-500-ml\/#primaryimage"},"image":{"@id":"https:\/\/shopatoa.com\/ro\/ziaja-gel-pentru-igiena-intima-pepene-rosu-intimate-wash-gel-500-ml\/#primaryimage"},"thumbnailUrl":"https:\/\/storage.googleapis.com\/cz-shopatoa-img\/ro\/71c55b8d-unnamed-file.webp","datePublished":"2025-05-05T18:21:56+00:00","dateModified":"2025-12-10T19:55:20+00:00","breadcrumb":{"@id":"https:\/\/shopatoa.com\/ro\/ziaja-gel-pentru-igiena-intima-pepene-rosu-intimate-wash-gel-500-ml\/#breadcrumb"},"inLanguage":"ro-RO","potentialAction":[{"@type":"ReadAction","target":["https:\/\/shopatoa.com\/ro\/ziaja-gel-pentru-igiena-intima-pepene-rosu-intimate-wash-gel-500-ml\/"]}]},{"@type":"ImageObject","inLanguage":"ro-RO","@id":"https:\/\/shopatoa.com\/ro\/ziaja-gel-pentru-igiena-intima-pepene-rosu-intimate-wash-gel-500-ml\/#primaryimage","url":"https:\/\/storage.googleapis.com\/cz-shopatoa-img\/ro\/71c55b8d-unnamed-file.webp","contentUrl":"https:\/\/storage.googleapis.com\/cz-shopatoa-img\/ro\/71c55b8d-unnamed-file.webp","width":800,"height":800},{"@type":"BreadcrumbList","@id":"https:\/\/shopatoa.com\/ro\/ziaja-gel-pentru-igiena-intima-pepene-rosu-intimate-wash-gel-500-ml\/#breadcrumb","itemListElement":[{"@type":"ListItem","position":1,"name":"Dom\u016f","item":"https:\/\/shopatoa.com\/ro\/"},{"@type":"ListItem","position":2,"name":"Shop","item":"https:\/\/shopatoa.com\/ro\/shop\/"},{"@type":"ListItem","position":3,"name":"Cosmetice","item":"https:\/\/shopatoa.com\/ro\/cosmetice\/"},{"@type":"ListItem","position":4,"name":"Produse cosmetice pentru corp","item":"https:\/\/shopatoa.com\/ro\/produse-cosmetice-pentru-corp\/"},{"@type":"ListItem","position":5,"name":"Igiena intim\u0103","item":"https:\/\/shopatoa.com\/ro\/igiena-intima\/"},{"@type":"ListItem","position":6,"name":"Cosmetice igienice intime","item":"https:\/\/shopatoa.com\/ro\/cosmetice-igienice-intime\/"},{"@type":"ListItem","position":7,"name":"Ziaja Gel pentru igiena intim\u0103 Pepene rosu (Intimate Wash Gel) 500 ml"}]},{"@type":"WebSite","@id":"https:\/\/shopatoa.com\/ro\/#website","url":"https:\/\/shopatoa.com\/ro\/","name":"SHOPATOA","description":"","publisher":{"@id":"https:\/\/shopatoa.com\/ro\/#organization"},"potentialAction":[{"@type":"SearchAction","target":{"@type":"EntryPoint","urlTemplate":"https:\/\/shopatoa.com\/ro\/?s={search_term_string}"},"query-input":{"@type":"PropertyValueSpecification","valueRequired":true,"valueName":"search_term_string"}}],"inLanguage":"ro-RO"},{"@type":"Organization","@id":"https:\/\/shopatoa.com\/ro\/#organization","name":"SHOPATOA","url":"https:\/\/shopatoa.com\/ro\/","logo":{"@type":"ImageObject","inLanguage":"ro-RO","@id":"https:\/\/shopatoa.com\/ro\/#\/schema\/logo\/image\/","url":"https:\/\/storage.googleapis.com\/cz-shopatoa-img\/ro\/b4dac915-shopatoa_logo.png","contentUrl":"https:\/\/storage.googleapis.com\/cz-shopatoa-img\/ro\/b4dac915-shopatoa_logo.png","width":416,"height":63,"caption":"SHOPATOA"},"image":{"@id":"https:\/\/shopatoa.com\/ro\/#\/schema\/logo\/image\/"}}]}},"_links":{"self":[{"href":"https:\/\/shopatoa.com\/ro\/wp-json\/wp\/v2\/product\/320336","targetHints":{"allow":["GET"]}}],"collection":[{"href":"https:\/\/shopatoa.com\/ro\/wp-json\/wp\/v2\/product"}],"about":[{"href":"https:\/\/shopatoa.com\/ro\/wp-json\/wp\/v2\/types\/product"}],"replies":[{"embeddable":true,"href":"https:\/\/shopatoa.com\/ro\/wp-json\/wp\/v2\/comments?post=320336"}],"wp:featuredmedia":[{"embeddable":true,"href":"https:\/\/shopatoa.com\/ro\/wp-json\/wp\/v2\/media\/320337"}],"wp:attachment":[{"href":"https:\/\/shopatoa.com\/ro\/wp-json\/wp\/v2\/media?parent=320336"}],"wp:term":[{"taxonomy":"product_brand","embeddable":true,"href":"https:\/\/shopatoa.com\/ro\/wp-json\/wp\/v2\/product_brand?post=320336"},{"taxonomy":"product_cat","embeddable":true,"href":"https:\/\/shopatoa.com\/ro\/wp-json\/wp\/v2\/product_cat?post=320336"},{"taxonomy":"product_tag","embeddable":true,"href":"https:\/\/shopatoa.com\/ro\/wp-json\/wp\/v2\/product_tag?post=320336"}],"curies":[{"name":"wp","href":"https:\/\/api.w.org\/{rel}","templated":true}]}}