{"id":320343,"date":"2025-05-05T20:25:15","date_gmt":"2025-05-05T18:25:15","guid":{"rendered":"https:\/\/shopatoa.com\/ro\/ziaja-ulei-de-masaj-cu-vitamine-massage-oil-500-ml\/"},"modified":"2025-12-10T20:55:17","modified_gmt":"2025-12-10T19:55:17","slug":"ziaja-ulei-de-masaj-cu-vitamine-massage-oil-500-ml","status":"publish","type":"product","link":"https:\/\/shopatoa.com\/ro\/ziaja-ulei-de-masaj-cu-vitamine-massage-oil-500-ml\/","title":{"rendered":"Ziaja Ulei de masaj cu vitamine (Massage Oil) 500 ml"},"content":{"rendered":"<p>Ulei de masaj cu vitamine pentru utilizare zilnic\u0103 acas\u0103 \u0219i \u00een saloanele de \u00eenfrumuse\u021bare, fizioterapie \u0219i SPA. Uleiul de masaj stimuleaz\u0103 re\u00eennoirea pielii. Asigur\u0103 nivelul corect de hidratare. Neteze\u0219te, hr\u0103ne\u0219te \u0219i tonific\u0103 vizibil pielea. Calmeaz\u0103 irita\u021bia \u0219i previne formarea lor. Nu las\u0103 pete pe haine \u0219i este eficient de utilizat. Con\u021bine o compozi\u021bie de parfum r\u0103coritor.<\/p>\n","protected":false},"excerpt":{"rendered":"<p>Ulei de masaj cu vitamine pentru utilizare zilnic\u0103 acas\u0103 \u0219i \u00een saloanele de \u00eenfrumuse\u021bare, fizioterapie \u0219i SPA. Uleiul de masaj stimuleaz\u0103 re\u00eennoirea pielii. Asigur\u0103 nivelul corect de hidratare. Neteze\u0219te, hr\u0103ne\u0219te \u0219i tonific\u0103 vizibil pielea. Calmeaz\u0103 irita\u021bia \u0219i previne formarea lor. Nu las\u0103 pete pe haine \u0219i este eficient de utilizat. Con\u021bine o compozi\u021bie de parfum&#8230;<\/p>\n","protected":false},"featured_media":320345,"comment_status":"closed","ping_status":"open","template":"","meta":{"_acf_changed":false,"_kadence_starter_templates_imported_post":false,"_kad_post_transparent":"","_kad_post_title":"","_kad_post_layout":"","_kad_post_sidebar_id":"","_kad_post_content_style":"","_kad_post_vertical_padding":"","_kad_post_feature":"","_kad_post_feature_position":"","_kad_post_header":false,"_kad_post_footer":false,"_kad_post_classname":""},"product_brand":[844],"product_cat":[246,676,677,611],"product_tag":[],"class_list":{"0":"post-320343","1":"product","2":"type-product","3":"status-publish","4":"has-post-thumbnail","6":"product_brand-ziaja","7":"product_cat-cosmetice","8":"product_cat-dispozitive-si-preparate-pentru-masaj","9":"product_cat-preparate-de-masaj","10":"product_cat-produse-cosmetice-pentru-corp","12":"first","13":"instock","14":"product-type-external","15":"entry","16":"content-bg","17":"loop-entry"},"acf":[],"yoast_head":"<!-- This site is optimized with the Yoast SEO plugin v27.4 - https:\/\/yoast.com\/product\/yoast-seo-wordpress\/ -->\n<title>Ziaja Ulei de masaj cu vitamine (Massage Oil) 500 ml - SHOPATOA.COM<\/title>\n<meta name=\"robots\" content=\"index, follow, max-snippet:-1, max-image-preview:large, max-video-preview:-1\" \/>\n<link rel=\"canonical\" href=\"https:\/\/shopatoa.com\/ro\/ziaja-ulei-de-masaj-cu-vitamine-massage-oil-500-ml\/\" \/>\n<meta property=\"og:locale\" content=\"ro_RO\" \/>\n<meta property=\"og:type\" content=\"article\" \/>\n<meta property=\"og:title\" content=\"Ziaja Ulei de masaj cu vitamine (Massage Oil) 500 ml - SHOPATOA.COM\" \/>\n<meta property=\"og:description\" content=\"Ulei de masaj cu vitamine pentru utilizare zilnic\u0103 acas\u0103 \u0219i \u00een saloanele de \u00eenfrumuse\u021bare, fizioterapie \u0219i SPA. Uleiul de masaj stimuleaz\u0103 re\u00eennoirea pielii. Asigur\u0103 nivelul corect de hidratare. Neteze\u0219te, hr\u0103ne\u0219te \u0219i tonific\u0103 vizibil pielea. Calmeaz\u0103 irita\u021bia \u0219i previne formarea lor. Nu las\u0103 pete pe haine \u0219i este eficient de utilizat. Con\u021bine o compozi\u021bie de parfum...\" \/>\n<meta property=\"og:url\" content=\"https:\/\/shopatoa.com\/ro\/ziaja-ulei-de-masaj-cu-vitamine-massage-oil-500-ml\/\" \/>\n<meta property=\"og:site_name\" content=\"SHOPATOA\" \/>\n<meta property=\"article:modified_time\" content=\"2025-12-10T19:55:17+00:00\" \/>\n<meta property=\"og:image\" content=\"https:\/\/storage.googleapis.com\/cz-shopatoa-img\/ro\/877b51c9-unnamed-file.webp\" \/>\n\t<meta property=\"og:image:width\" content=\"800\" \/>\n\t<meta property=\"og:image:height\" content=\"800\" \/>\n\t<meta property=\"og:image:type\" content=\"image\/webp\" \/>\n<meta name=\"twitter:card\" content=\"summary_large_image\" \/>\n<script type=\"application\/ld+json\" class=\"yoast-schema-graph\">{\"@context\":\"https:\\\/\\\/schema.org\",\"@graph\":[{\"@type\":\"WebPage\",\"@id\":\"https:\\\/\\\/shopatoa.com\\\/ro\\\/ziaja-ulei-de-masaj-cu-vitamine-massage-oil-500-ml\\\/\",\"url\":\"https:\\\/\\\/shopatoa.com\\\/ro\\\/ziaja-ulei-de-masaj-cu-vitamine-massage-oil-500-ml\\\/\",\"name\":\"Ziaja Ulei de masaj cu vitamine (Massage Oil) 500 ml - SHOPATOA.COM\",\"isPartOf\":{\"@id\":\"https:\\\/\\\/shopatoa.com\\\/ro\\\/#website\"},\"primaryImageOfPage\":{\"@id\":\"https:\\\/\\\/shopatoa.com\\\/ro\\\/ziaja-ulei-de-masaj-cu-vitamine-massage-oil-500-ml\\\/#primaryimage\"},\"image\":{\"@id\":\"https:\\\/\\\/shopatoa.com\\\/ro\\\/ziaja-ulei-de-masaj-cu-vitamine-massage-oil-500-ml\\\/#primaryimage\"},\"thumbnailUrl\":\"https:\\\/\\\/storage.googleapis.com\\\/cz-shopatoa-img\\\/ro\\\/877b51c9-unnamed-file.webp\",\"datePublished\":\"2025-05-05T18:25:15+00:00\",\"dateModified\":\"2025-12-10T19:55:17+00:00\",\"breadcrumb\":{\"@id\":\"https:\\\/\\\/shopatoa.com\\\/ro\\\/ziaja-ulei-de-masaj-cu-vitamine-massage-oil-500-ml\\\/#breadcrumb\"},\"inLanguage\":\"ro-RO\",\"potentialAction\":[{\"@type\":\"ReadAction\",\"target\":[\"https:\\\/\\\/shopatoa.com\\\/ro\\\/ziaja-ulei-de-masaj-cu-vitamine-massage-oil-500-ml\\\/\"]}]},{\"@type\":\"ImageObject\",\"inLanguage\":\"ro-RO\",\"@id\":\"https:\\\/\\\/shopatoa.com\\\/ro\\\/ziaja-ulei-de-masaj-cu-vitamine-massage-oil-500-ml\\\/#primaryimage\",\"url\":\"https:\\\/\\\/storage.googleapis.com\\\/cz-shopatoa-img\\\/ro\\\/877b51c9-unnamed-file.webp\",\"contentUrl\":\"https:\\\/\\\/storage.googleapis.com\\\/cz-shopatoa-img\\\/ro\\\/877b51c9-unnamed-file.webp\",\"width\":800,\"height\":800},{\"@type\":\"BreadcrumbList\",\"@id\":\"https:\\\/\\\/shopatoa.com\\\/ro\\\/ziaja-ulei-de-masaj-cu-vitamine-massage-oil-500-ml\\\/#breadcrumb\",\"itemListElement\":[{\"@type\":\"ListItem\",\"position\":1,\"name\":\"Dom\u016f\",\"item\":\"https:\\\/\\\/shopatoa.com\\\/ro\\\/\"},{\"@type\":\"ListItem\",\"position\":2,\"name\":\"Shop\",\"item\":\"https:\\\/\\\/shopatoa.com\\\/ro\\\/shop\\\/\"},{\"@type\":\"ListItem\",\"position\":3,\"name\":\"Cosmetice\",\"item\":\"https:\\\/\\\/shopatoa.com\\\/ro\\\/cosmetice\\\/\"},{\"@type\":\"ListItem\",\"position\":4,\"name\":\"Produse cosmetice pentru corp\",\"item\":\"https:\\\/\\\/shopatoa.com\\\/ro\\\/produse-cosmetice-pentru-corp\\\/\"},{\"@type\":\"ListItem\",\"position\":5,\"name\":\"Dispozitive \u0219i preparate pentru masaj\",\"item\":\"https:\\\/\\\/shopatoa.com\\\/ro\\\/dispozitive-si-preparate-pentru-masaj\\\/\"},{\"@type\":\"ListItem\",\"position\":6,\"name\":\"Preparate de masaj\",\"item\":\"https:\\\/\\\/shopatoa.com\\\/ro\\\/preparate-de-masaj\\\/\"},{\"@type\":\"ListItem\",\"position\":7,\"name\":\"Ziaja Ulei de masaj cu vitamine (Massage Oil) 500 ml\"}]},{\"@type\":\"WebSite\",\"@id\":\"https:\\\/\\\/shopatoa.com\\\/ro\\\/#website\",\"url\":\"https:\\\/\\\/shopatoa.com\\\/ro\\\/\",\"name\":\"SHOPATOA\",\"description\":\"\",\"publisher\":{\"@id\":\"https:\\\/\\\/shopatoa.com\\\/ro\\\/#organization\"},\"potentialAction\":[{\"@type\":\"SearchAction\",\"target\":{\"@type\":\"EntryPoint\",\"urlTemplate\":\"https:\\\/\\\/shopatoa.com\\\/ro\\\/?s={search_term_string}\"},\"query-input\":{\"@type\":\"PropertyValueSpecification\",\"valueRequired\":true,\"valueName\":\"search_term_string\"}}],\"inLanguage\":\"ro-RO\"},{\"@type\":\"Organization\",\"@id\":\"https:\\\/\\\/shopatoa.com\\\/ro\\\/#organization\",\"name\":\"SHOPATOA\",\"url\":\"https:\\\/\\\/shopatoa.com\\\/ro\\\/\",\"logo\":{\"@type\":\"ImageObject\",\"inLanguage\":\"ro-RO\",\"@id\":\"https:\\\/\\\/shopatoa.com\\\/ro\\\/#\\\/schema\\\/logo\\\/image\\\/\",\"url\":\"https:\\\/\\\/storage.googleapis.com\\\/cz-shopatoa-img\\\/ro\\\/b4dac915-shopatoa_logo.png\",\"contentUrl\":\"https:\\\/\\\/storage.googleapis.com\\\/cz-shopatoa-img\\\/ro\\\/b4dac915-shopatoa_logo.png\",\"width\":416,\"height\":63,\"caption\":\"SHOPATOA\"},\"image\":{\"@id\":\"https:\\\/\\\/shopatoa.com\\\/ro\\\/#\\\/schema\\\/logo\\\/image\\\/\"}}]}<\/script>\n<!-- \/ Yoast SEO plugin. -->","yoast_head_json":{"title":"Ziaja Ulei de masaj cu vitamine (Massage Oil) 500 ml - SHOPATOA.COM","robots":{"index":"index","follow":"follow","max-snippet":"max-snippet:-1","max-image-preview":"max-image-preview:large","max-video-preview":"max-video-preview:-1"},"canonical":"https:\/\/shopatoa.com\/ro\/ziaja-ulei-de-masaj-cu-vitamine-massage-oil-500-ml\/","og_locale":"ro_RO","og_type":"article","og_title":"Ziaja Ulei de masaj cu vitamine (Massage Oil) 500 ml - SHOPATOA.COM","og_description":"Ulei de masaj cu vitamine pentru utilizare zilnic\u0103 acas\u0103 \u0219i \u00een saloanele de \u00eenfrumuse\u021bare, fizioterapie \u0219i SPA. Uleiul de masaj stimuleaz\u0103 re\u00eennoirea pielii. Asigur\u0103 nivelul corect de hidratare. Neteze\u0219te, hr\u0103ne\u0219te \u0219i tonific\u0103 vizibil pielea. Calmeaz\u0103 irita\u021bia \u0219i previne formarea lor. Nu las\u0103 pete pe haine \u0219i este eficient de utilizat. Con\u021bine o compozi\u021bie de parfum...","og_url":"https:\/\/shopatoa.com\/ro\/ziaja-ulei-de-masaj-cu-vitamine-massage-oil-500-ml\/","og_site_name":"SHOPATOA","article_modified_time":"2025-12-10T19:55:17+00:00","og_image":[{"width":800,"height":800,"url":"https:\/\/storage.googleapis.com\/cz-shopatoa-img\/ro\/877b51c9-unnamed-file.webp","type":"image\/webp"}],"twitter_card":"summary_large_image","schema":{"@context":"https:\/\/schema.org","@graph":[{"@type":"WebPage","@id":"https:\/\/shopatoa.com\/ro\/ziaja-ulei-de-masaj-cu-vitamine-massage-oil-500-ml\/","url":"https:\/\/shopatoa.com\/ro\/ziaja-ulei-de-masaj-cu-vitamine-massage-oil-500-ml\/","name":"Ziaja Ulei de masaj cu vitamine (Massage Oil) 500 ml - SHOPATOA.COM","isPartOf":{"@id":"https:\/\/shopatoa.com\/ro\/#website"},"primaryImageOfPage":{"@id":"https:\/\/shopatoa.com\/ro\/ziaja-ulei-de-masaj-cu-vitamine-massage-oil-500-ml\/#primaryimage"},"image":{"@id":"https:\/\/shopatoa.com\/ro\/ziaja-ulei-de-masaj-cu-vitamine-massage-oil-500-ml\/#primaryimage"},"thumbnailUrl":"https:\/\/storage.googleapis.com\/cz-shopatoa-img\/ro\/877b51c9-unnamed-file.webp","datePublished":"2025-05-05T18:25:15+00:00","dateModified":"2025-12-10T19:55:17+00:00","breadcrumb":{"@id":"https:\/\/shopatoa.com\/ro\/ziaja-ulei-de-masaj-cu-vitamine-massage-oil-500-ml\/#breadcrumb"},"inLanguage":"ro-RO","potentialAction":[{"@type":"ReadAction","target":["https:\/\/shopatoa.com\/ro\/ziaja-ulei-de-masaj-cu-vitamine-massage-oil-500-ml\/"]}]},{"@type":"ImageObject","inLanguage":"ro-RO","@id":"https:\/\/shopatoa.com\/ro\/ziaja-ulei-de-masaj-cu-vitamine-massage-oil-500-ml\/#primaryimage","url":"https:\/\/storage.googleapis.com\/cz-shopatoa-img\/ro\/877b51c9-unnamed-file.webp","contentUrl":"https:\/\/storage.googleapis.com\/cz-shopatoa-img\/ro\/877b51c9-unnamed-file.webp","width":800,"height":800},{"@type":"BreadcrumbList","@id":"https:\/\/shopatoa.com\/ro\/ziaja-ulei-de-masaj-cu-vitamine-massage-oil-500-ml\/#breadcrumb","itemListElement":[{"@type":"ListItem","position":1,"name":"Dom\u016f","item":"https:\/\/shopatoa.com\/ro\/"},{"@type":"ListItem","position":2,"name":"Shop","item":"https:\/\/shopatoa.com\/ro\/shop\/"},{"@type":"ListItem","position":3,"name":"Cosmetice","item":"https:\/\/shopatoa.com\/ro\/cosmetice\/"},{"@type":"ListItem","position":4,"name":"Produse cosmetice pentru corp","item":"https:\/\/shopatoa.com\/ro\/produse-cosmetice-pentru-corp\/"},{"@type":"ListItem","position":5,"name":"Dispozitive \u0219i preparate pentru masaj","item":"https:\/\/shopatoa.com\/ro\/dispozitive-si-preparate-pentru-masaj\/"},{"@type":"ListItem","position":6,"name":"Preparate de masaj","item":"https:\/\/shopatoa.com\/ro\/preparate-de-masaj\/"},{"@type":"ListItem","position":7,"name":"Ziaja Ulei de masaj cu vitamine (Massage Oil) 500 ml"}]},{"@type":"WebSite","@id":"https:\/\/shopatoa.com\/ro\/#website","url":"https:\/\/shopatoa.com\/ro\/","name":"SHOPATOA","description":"","publisher":{"@id":"https:\/\/shopatoa.com\/ro\/#organization"},"potentialAction":[{"@type":"SearchAction","target":{"@type":"EntryPoint","urlTemplate":"https:\/\/shopatoa.com\/ro\/?s={search_term_string}"},"query-input":{"@type":"PropertyValueSpecification","valueRequired":true,"valueName":"search_term_string"}}],"inLanguage":"ro-RO"},{"@type":"Organization","@id":"https:\/\/shopatoa.com\/ro\/#organization","name":"SHOPATOA","url":"https:\/\/shopatoa.com\/ro\/","logo":{"@type":"ImageObject","inLanguage":"ro-RO","@id":"https:\/\/shopatoa.com\/ro\/#\/schema\/logo\/image\/","url":"https:\/\/storage.googleapis.com\/cz-shopatoa-img\/ro\/b4dac915-shopatoa_logo.png","contentUrl":"https:\/\/storage.googleapis.com\/cz-shopatoa-img\/ro\/b4dac915-shopatoa_logo.png","width":416,"height":63,"caption":"SHOPATOA"},"image":{"@id":"https:\/\/shopatoa.com\/ro\/#\/schema\/logo\/image\/"}}]}},"_links":{"self":[{"href":"https:\/\/shopatoa.com\/ro\/wp-json\/wp\/v2\/product\/320343","targetHints":{"allow":["GET"]}}],"collection":[{"href":"https:\/\/shopatoa.com\/ro\/wp-json\/wp\/v2\/product"}],"about":[{"href":"https:\/\/shopatoa.com\/ro\/wp-json\/wp\/v2\/types\/product"}],"replies":[{"embeddable":true,"href":"https:\/\/shopatoa.com\/ro\/wp-json\/wp\/v2\/comments?post=320343"}],"wp:featuredmedia":[{"embeddable":true,"href":"https:\/\/shopatoa.com\/ro\/wp-json\/wp\/v2\/media\/320345"}],"wp:attachment":[{"href":"https:\/\/shopatoa.com\/ro\/wp-json\/wp\/v2\/media?parent=320343"}],"wp:term":[{"taxonomy":"product_brand","embeddable":true,"href":"https:\/\/shopatoa.com\/ro\/wp-json\/wp\/v2\/product_brand?post=320343"},{"taxonomy":"product_cat","embeddable":true,"href":"https:\/\/shopatoa.com\/ro\/wp-json\/wp\/v2\/product_cat?post=320343"},{"taxonomy":"product_tag","embeddable":true,"href":"https:\/\/shopatoa.com\/ro\/wp-json\/wp\/v2\/product_tag?post=320343"}],"curies":[{"name":"wp","href":"https:\/\/api.w.org\/{rel}","templated":true}]}}