{"id":320361,"date":"2025-05-05T20:26:07","date_gmt":"2025-05-05T18:26:07","guid":{"rendered":"https:\/\/shopatoa.com\/ro\/ziaja-apa-de-gura-impotriva-cariilor-dentare-sensitive-mouthwash-500-ml\/"},"modified":"2025-12-10T20:54:46","modified_gmt":"2025-12-10T19:54:46","slug":"ziaja-apa-de-gura-impotriva-cariilor-dentare-sensitive-mouthwash-500-ml","status":"publish","type":"product","link":"https:\/\/shopatoa.com\/ro\/ziaja-apa-de-gura-impotriva-cariilor-dentare-sensitive-mouthwash-500-ml\/","title":{"rendered":"Ziaja Ap\u0103 de gur\u0103 \u00eempotriva cariilor dentare Sensitive (Mouthwash) 500 ml"},"content":{"rendered":"<p>Apa de gur\u0103 f\u0103r\u0103 alcool cu xylitol \u0219i gluconat de calciu \u00eempotriva cariilor dentare pentru uz zilnic pentru adul\u021bi \u0219i copii f\u0103r\u0103 limit\u0103 de v\u00e2rst\u0103. Xylitolul are efect antibacterian, inhib\u0103 ac\u021biunea acizilor prin men\u021binerea pH-ului alcalin al salivei. Gluconatul de calciu sus\u021bine mineralizarea p\u0103r\u021bilor sensibile ale din\u021bilor. Apa de gur\u0103 completeaz\u0103 efectul pastei, chiar \u0219i \u00een locurile greu accesibile pentru periu\u021b\u0103 de din\u021bi. Cur\u0103\u021b\u0103 cavitatea bucal\u0103 \u0219i \u00eentre din\u021bi, reduce mirosurile nepl\u0103cute. Aroma u\u0219oar\u0103 de ment\u0103 garanteaz\u0103 o senza\u021bie de cur\u0103\u021benie. Igiena dentar\u0103 \u0219i oral\u0103 sistematic\u0103 este calea c\u0103tre din\u021bi s\u0103n\u0103to\u0219i. Cariile dentare sunt cauzate \u00een primul r\u00e2nd de igiena oral\u0103 necorespunz\u0103toare. Profilaxia cariilor include periajul din\u021bilor de cel pu\u021bin dou\u0103 ori pe zi, cur\u0103\u021barea spa\u021biilor interdentare \u0219i utilizarea apei de gur\u0103. TESTAT STOMATOLOGIC Con\u021bine 95% ingrediente de origine natural\u0103.<\/p>\n","protected":false},"excerpt":{"rendered":"<p>Apa de gur\u0103 f\u0103r\u0103 alcool cu xylitol \u0219i gluconat de calciu \u00eempotriva cariilor dentare pentru uz zilnic pentru adul\u021bi \u0219i copii f\u0103r\u0103 limit\u0103 de v\u00e2rst\u0103. Xylitolul are efect antibacterian, inhib\u0103 ac\u021biunea acizilor prin men\u021binerea pH-ului alcalin al salivei. Gluconatul de calciu sus\u021bine mineralizarea p\u0103r\u021bilor sensibile ale din\u021bilor. Apa de gur\u0103 completeaz\u0103 efectul pastei, chiar \u0219i&#8230;<\/p>\n","protected":false},"featured_media":320363,"comment_status":"closed","ping_status":"open","template":"","meta":{"_acf_changed":false,"_kadence_starter_templates_imported_post":false,"_kad_post_transparent":"","_kad_post_title":"","_kad_post_layout":"","_kad_post_sidebar_id":"","_kad_post_content_style":"","_kad_post_vertical_padding":"","_kad_post_feature":"","_kad_post_feature_position":"","_kad_post_header":false,"_kad_post_footer":false,"_kad_post_classname":""},"product_brand":[844],"product_cat":[246,709,1014],"product_tag":[],"class_list":{"0":"post-320361","1":"product","2":"type-product","3":"status-publish","4":"has-post-thumbnail","6":"product_brand-ziaja","7":"product_cat-cosmetice","8":"product_cat-ingrijirea-dentara","9":"product_cat-preparate-de-gura-si-spray-uri","11":"first","12":"instock","13":"product-type-external","14":"entry","15":"content-bg","16":"loop-entry"},"acf":[],"yoast_head":"<!-- This site is optimized with the Yoast SEO plugin v27.4 - https:\/\/yoast.com\/product\/yoast-seo-wordpress\/ -->\n<title>Ziaja Ap\u0103 de gur\u0103 \u00eempotriva cariilor dentare Sensitive (Mouthwash) 500 ml - SHOPATOA.COM<\/title>\n<meta name=\"robots\" content=\"index, follow, max-snippet:-1, max-image-preview:large, max-video-preview:-1\" \/>\n<link rel=\"canonical\" href=\"https:\/\/shopatoa.com\/ro\/ziaja-apa-de-gura-impotriva-cariilor-dentare-sensitive-mouthwash-500-ml\/\" \/>\n<meta property=\"og:locale\" content=\"ro_RO\" \/>\n<meta property=\"og:type\" content=\"article\" \/>\n<meta property=\"og:title\" content=\"Ziaja Ap\u0103 de gur\u0103 \u00eempotriva cariilor dentare Sensitive (Mouthwash) 500 ml - SHOPATOA.COM\" \/>\n<meta property=\"og:description\" content=\"Apa de gur\u0103 f\u0103r\u0103 alcool cu xylitol \u0219i gluconat de calciu \u00eempotriva cariilor dentare pentru uz zilnic pentru adul\u021bi \u0219i copii f\u0103r\u0103 limit\u0103 de v\u00e2rst\u0103. Xylitolul are efect antibacterian, inhib\u0103 ac\u021biunea acizilor prin men\u021binerea pH-ului alcalin al salivei. Gluconatul de calciu sus\u021bine mineralizarea p\u0103r\u021bilor sensibile ale din\u021bilor. Apa de gur\u0103 completeaz\u0103 efectul pastei, chiar \u0219i...\" \/>\n<meta property=\"og:url\" content=\"https:\/\/shopatoa.com\/ro\/ziaja-apa-de-gura-impotriva-cariilor-dentare-sensitive-mouthwash-500-ml\/\" \/>\n<meta property=\"og:site_name\" content=\"SHOPATOA\" \/>\n<meta property=\"article:modified_time\" content=\"2025-12-10T19:54:46+00:00\" \/>\n<meta property=\"og:image\" content=\"https:\/\/storage.googleapis.com\/cz-shopatoa-img\/ro\/e894f958-unnamed-file.webp\" \/>\n\t<meta property=\"og:image:width\" content=\"800\" \/>\n\t<meta property=\"og:image:height\" content=\"800\" \/>\n\t<meta property=\"og:image:type\" content=\"image\/webp\" \/>\n<meta name=\"twitter:card\" content=\"summary_large_image\" \/>\n<meta name=\"twitter:label1\" content=\"Timp estimat pentru citire\" \/>\n\t<meta name=\"twitter:data1\" content=\"1 minut\" \/>\n<script type=\"application\/ld+json\" class=\"yoast-schema-graph\">{\"@context\":\"https:\\\/\\\/schema.org\",\"@graph\":[{\"@type\":\"WebPage\",\"@id\":\"https:\\\/\\\/shopatoa.com\\\/ro\\\/ziaja-apa-de-gura-impotriva-cariilor-dentare-sensitive-mouthwash-500-ml\\\/\",\"url\":\"https:\\\/\\\/shopatoa.com\\\/ro\\\/ziaja-apa-de-gura-impotriva-cariilor-dentare-sensitive-mouthwash-500-ml\\\/\",\"name\":\"Ziaja Ap\u0103 de gur\u0103 \u00eempotriva cariilor dentare Sensitive (Mouthwash) 500 ml - SHOPATOA.COM\",\"isPartOf\":{\"@id\":\"https:\\\/\\\/shopatoa.com\\\/ro\\\/#website\"},\"primaryImageOfPage\":{\"@id\":\"https:\\\/\\\/shopatoa.com\\\/ro\\\/ziaja-apa-de-gura-impotriva-cariilor-dentare-sensitive-mouthwash-500-ml\\\/#primaryimage\"},\"image\":{\"@id\":\"https:\\\/\\\/shopatoa.com\\\/ro\\\/ziaja-apa-de-gura-impotriva-cariilor-dentare-sensitive-mouthwash-500-ml\\\/#primaryimage\"},\"thumbnailUrl\":\"https:\\\/\\\/storage.googleapis.com\\\/cz-shopatoa-img\\\/ro\\\/e894f958-unnamed-file.webp\",\"datePublished\":\"2025-05-05T18:26:07+00:00\",\"dateModified\":\"2025-12-10T19:54:46+00:00\",\"breadcrumb\":{\"@id\":\"https:\\\/\\\/shopatoa.com\\\/ro\\\/ziaja-apa-de-gura-impotriva-cariilor-dentare-sensitive-mouthwash-500-ml\\\/#breadcrumb\"},\"inLanguage\":\"ro-RO\",\"potentialAction\":[{\"@type\":\"ReadAction\",\"target\":[\"https:\\\/\\\/shopatoa.com\\\/ro\\\/ziaja-apa-de-gura-impotriva-cariilor-dentare-sensitive-mouthwash-500-ml\\\/\"]}]},{\"@type\":\"ImageObject\",\"inLanguage\":\"ro-RO\",\"@id\":\"https:\\\/\\\/shopatoa.com\\\/ro\\\/ziaja-apa-de-gura-impotriva-cariilor-dentare-sensitive-mouthwash-500-ml\\\/#primaryimage\",\"url\":\"https:\\\/\\\/storage.googleapis.com\\\/cz-shopatoa-img\\\/ro\\\/e894f958-unnamed-file.webp\",\"contentUrl\":\"https:\\\/\\\/storage.googleapis.com\\\/cz-shopatoa-img\\\/ro\\\/e894f958-unnamed-file.webp\",\"width\":800,\"height\":800},{\"@type\":\"BreadcrumbList\",\"@id\":\"https:\\\/\\\/shopatoa.com\\\/ro\\\/ziaja-apa-de-gura-impotriva-cariilor-dentare-sensitive-mouthwash-500-ml\\\/#breadcrumb\",\"itemListElement\":[{\"@type\":\"ListItem\",\"position\":1,\"name\":\"Dom\u016f\",\"item\":\"https:\\\/\\\/shopatoa.com\\\/ro\\\/\"},{\"@type\":\"ListItem\",\"position\":2,\"name\":\"Shop\",\"item\":\"https:\\\/\\\/shopatoa.com\\\/ro\\\/shop\\\/\"},{\"@type\":\"ListItem\",\"position\":3,\"name\":\"Cosmetice\",\"item\":\"https:\\\/\\\/shopatoa.com\\\/ro\\\/cosmetice\\\/\"},{\"@type\":\"ListItem\",\"position\":4,\"name\":\"\u00cengrijirea dentar\u0103\",\"item\":\"https:\\\/\\\/shopatoa.com\\\/ro\\\/ingrijirea-dentara\\\/\"},{\"@type\":\"ListItem\",\"position\":5,\"name\":\"Preparate de gur\u0103 \u0219i spray-uri\",\"item\":\"https:\\\/\\\/shopatoa.com\\\/ro\\\/preparate-de-gura-si-spray-uri\\\/\"},{\"@type\":\"ListItem\",\"position\":6,\"name\":\"Ziaja Ap\u0103 de gur\u0103 \u00eempotriva cariilor dentare Sensitive (Mouthwash) 500 ml\"}]},{\"@type\":\"WebSite\",\"@id\":\"https:\\\/\\\/shopatoa.com\\\/ro\\\/#website\",\"url\":\"https:\\\/\\\/shopatoa.com\\\/ro\\\/\",\"name\":\"SHOPATOA\",\"description\":\"\",\"publisher\":{\"@id\":\"https:\\\/\\\/shopatoa.com\\\/ro\\\/#organization\"},\"potentialAction\":[{\"@type\":\"SearchAction\",\"target\":{\"@type\":\"EntryPoint\",\"urlTemplate\":\"https:\\\/\\\/shopatoa.com\\\/ro\\\/?s={search_term_string}\"},\"query-input\":{\"@type\":\"PropertyValueSpecification\",\"valueRequired\":true,\"valueName\":\"search_term_string\"}}],\"inLanguage\":\"ro-RO\"},{\"@type\":\"Organization\",\"@id\":\"https:\\\/\\\/shopatoa.com\\\/ro\\\/#organization\",\"name\":\"SHOPATOA\",\"url\":\"https:\\\/\\\/shopatoa.com\\\/ro\\\/\",\"logo\":{\"@type\":\"ImageObject\",\"inLanguage\":\"ro-RO\",\"@id\":\"https:\\\/\\\/shopatoa.com\\\/ro\\\/#\\\/schema\\\/logo\\\/image\\\/\",\"url\":\"https:\\\/\\\/storage.googleapis.com\\\/cz-shopatoa-img\\\/ro\\\/b4dac915-shopatoa_logo.png\",\"contentUrl\":\"https:\\\/\\\/storage.googleapis.com\\\/cz-shopatoa-img\\\/ro\\\/b4dac915-shopatoa_logo.png\",\"width\":416,\"height\":63,\"caption\":\"SHOPATOA\"},\"image\":{\"@id\":\"https:\\\/\\\/shopatoa.com\\\/ro\\\/#\\\/schema\\\/logo\\\/image\\\/\"}}]}<\/script>\n<!-- \/ Yoast SEO plugin. -->","yoast_head_json":{"title":"Ziaja Ap\u0103 de gur\u0103 \u00eempotriva cariilor dentare Sensitive (Mouthwash) 500 ml - SHOPATOA.COM","robots":{"index":"index","follow":"follow","max-snippet":"max-snippet:-1","max-image-preview":"max-image-preview:large","max-video-preview":"max-video-preview:-1"},"canonical":"https:\/\/shopatoa.com\/ro\/ziaja-apa-de-gura-impotriva-cariilor-dentare-sensitive-mouthwash-500-ml\/","og_locale":"ro_RO","og_type":"article","og_title":"Ziaja Ap\u0103 de gur\u0103 \u00eempotriva cariilor dentare Sensitive (Mouthwash) 500 ml - SHOPATOA.COM","og_description":"Apa de gur\u0103 f\u0103r\u0103 alcool cu xylitol \u0219i gluconat de calciu \u00eempotriva cariilor dentare pentru uz zilnic pentru adul\u021bi \u0219i copii f\u0103r\u0103 limit\u0103 de v\u00e2rst\u0103. Xylitolul are efect antibacterian, inhib\u0103 ac\u021biunea acizilor prin men\u021binerea pH-ului alcalin al salivei. Gluconatul de calciu sus\u021bine mineralizarea p\u0103r\u021bilor sensibile ale din\u021bilor. Apa de gur\u0103 completeaz\u0103 efectul pastei, chiar \u0219i...","og_url":"https:\/\/shopatoa.com\/ro\/ziaja-apa-de-gura-impotriva-cariilor-dentare-sensitive-mouthwash-500-ml\/","og_site_name":"SHOPATOA","article_modified_time":"2025-12-10T19:54:46+00:00","og_image":[{"width":800,"height":800,"url":"https:\/\/storage.googleapis.com\/cz-shopatoa-img\/ro\/e894f958-unnamed-file.webp","type":"image\/webp"}],"twitter_card":"summary_large_image","twitter_misc":{"Timp estimat pentru citire":"1 minut"},"schema":{"@context":"https:\/\/schema.org","@graph":[{"@type":"WebPage","@id":"https:\/\/shopatoa.com\/ro\/ziaja-apa-de-gura-impotriva-cariilor-dentare-sensitive-mouthwash-500-ml\/","url":"https:\/\/shopatoa.com\/ro\/ziaja-apa-de-gura-impotriva-cariilor-dentare-sensitive-mouthwash-500-ml\/","name":"Ziaja Ap\u0103 de gur\u0103 \u00eempotriva cariilor dentare Sensitive (Mouthwash) 500 ml - SHOPATOA.COM","isPartOf":{"@id":"https:\/\/shopatoa.com\/ro\/#website"},"primaryImageOfPage":{"@id":"https:\/\/shopatoa.com\/ro\/ziaja-apa-de-gura-impotriva-cariilor-dentare-sensitive-mouthwash-500-ml\/#primaryimage"},"image":{"@id":"https:\/\/shopatoa.com\/ro\/ziaja-apa-de-gura-impotriva-cariilor-dentare-sensitive-mouthwash-500-ml\/#primaryimage"},"thumbnailUrl":"https:\/\/storage.googleapis.com\/cz-shopatoa-img\/ro\/e894f958-unnamed-file.webp","datePublished":"2025-05-05T18:26:07+00:00","dateModified":"2025-12-10T19:54:46+00:00","breadcrumb":{"@id":"https:\/\/shopatoa.com\/ro\/ziaja-apa-de-gura-impotriva-cariilor-dentare-sensitive-mouthwash-500-ml\/#breadcrumb"},"inLanguage":"ro-RO","potentialAction":[{"@type":"ReadAction","target":["https:\/\/shopatoa.com\/ro\/ziaja-apa-de-gura-impotriva-cariilor-dentare-sensitive-mouthwash-500-ml\/"]}]},{"@type":"ImageObject","inLanguage":"ro-RO","@id":"https:\/\/shopatoa.com\/ro\/ziaja-apa-de-gura-impotriva-cariilor-dentare-sensitive-mouthwash-500-ml\/#primaryimage","url":"https:\/\/storage.googleapis.com\/cz-shopatoa-img\/ro\/e894f958-unnamed-file.webp","contentUrl":"https:\/\/storage.googleapis.com\/cz-shopatoa-img\/ro\/e894f958-unnamed-file.webp","width":800,"height":800},{"@type":"BreadcrumbList","@id":"https:\/\/shopatoa.com\/ro\/ziaja-apa-de-gura-impotriva-cariilor-dentare-sensitive-mouthwash-500-ml\/#breadcrumb","itemListElement":[{"@type":"ListItem","position":1,"name":"Dom\u016f","item":"https:\/\/shopatoa.com\/ro\/"},{"@type":"ListItem","position":2,"name":"Shop","item":"https:\/\/shopatoa.com\/ro\/shop\/"},{"@type":"ListItem","position":3,"name":"Cosmetice","item":"https:\/\/shopatoa.com\/ro\/cosmetice\/"},{"@type":"ListItem","position":4,"name":"\u00cengrijirea dentar\u0103","item":"https:\/\/shopatoa.com\/ro\/ingrijirea-dentara\/"},{"@type":"ListItem","position":5,"name":"Preparate de gur\u0103 \u0219i spray-uri","item":"https:\/\/shopatoa.com\/ro\/preparate-de-gura-si-spray-uri\/"},{"@type":"ListItem","position":6,"name":"Ziaja Ap\u0103 de gur\u0103 \u00eempotriva cariilor dentare Sensitive (Mouthwash) 500 ml"}]},{"@type":"WebSite","@id":"https:\/\/shopatoa.com\/ro\/#website","url":"https:\/\/shopatoa.com\/ro\/","name":"SHOPATOA","description":"","publisher":{"@id":"https:\/\/shopatoa.com\/ro\/#organization"},"potentialAction":[{"@type":"SearchAction","target":{"@type":"EntryPoint","urlTemplate":"https:\/\/shopatoa.com\/ro\/?s={search_term_string}"},"query-input":{"@type":"PropertyValueSpecification","valueRequired":true,"valueName":"search_term_string"}}],"inLanguage":"ro-RO"},{"@type":"Organization","@id":"https:\/\/shopatoa.com\/ro\/#organization","name":"SHOPATOA","url":"https:\/\/shopatoa.com\/ro\/","logo":{"@type":"ImageObject","inLanguage":"ro-RO","@id":"https:\/\/shopatoa.com\/ro\/#\/schema\/logo\/image\/","url":"https:\/\/storage.googleapis.com\/cz-shopatoa-img\/ro\/b4dac915-shopatoa_logo.png","contentUrl":"https:\/\/storage.googleapis.com\/cz-shopatoa-img\/ro\/b4dac915-shopatoa_logo.png","width":416,"height":63,"caption":"SHOPATOA"},"image":{"@id":"https:\/\/shopatoa.com\/ro\/#\/schema\/logo\/image\/"}}]}},"_links":{"self":[{"href":"https:\/\/shopatoa.com\/ro\/wp-json\/wp\/v2\/product\/320361","targetHints":{"allow":["GET"]}}],"collection":[{"href":"https:\/\/shopatoa.com\/ro\/wp-json\/wp\/v2\/product"}],"about":[{"href":"https:\/\/shopatoa.com\/ro\/wp-json\/wp\/v2\/types\/product"}],"replies":[{"embeddable":true,"href":"https:\/\/shopatoa.com\/ro\/wp-json\/wp\/v2\/comments?post=320361"}],"wp:featuredmedia":[{"embeddable":true,"href":"https:\/\/shopatoa.com\/ro\/wp-json\/wp\/v2\/media\/320363"}],"wp:attachment":[{"href":"https:\/\/shopatoa.com\/ro\/wp-json\/wp\/v2\/media?parent=320361"}],"wp:term":[{"taxonomy":"product_brand","embeddable":true,"href":"https:\/\/shopatoa.com\/ro\/wp-json\/wp\/v2\/product_brand?post=320361"},{"taxonomy":"product_cat","embeddable":true,"href":"https:\/\/shopatoa.com\/ro\/wp-json\/wp\/v2\/product_cat?post=320361"},{"taxonomy":"product_tag","embeddable":true,"href":"https:\/\/shopatoa.com\/ro\/wp-json\/wp\/v2\/product_tag?post=320361"}],"curies":[{"name":"wp","href":"https:\/\/api.w.org\/{rel}","templated":true}]}}