{"id":320954,"date":"2025-05-05T21:36:32","date_gmt":"2025-05-05T19:36:32","guid":{"rendered":"https:\/\/shopatoa.com\/ro\/bellissima-placa-de-par-cu-suprafata-ceramica-11140-b9-imetec\/"},"modified":"2025-12-10T20:03:25","modified_gmt":"2025-12-10T19:03:25","slug":"bellissima-placa-de-par-cu-suprafata-ceramica-11140-b9-imetec","status":"publish","type":"product","link":"https:\/\/shopatoa.com\/ro\/bellissima-placa-de-par-cu-suprafata-ceramica-11140-b9-imetec\/","title":{"rendered":"Bellissima Plac\u0103 de p\u0103r cu suprafa\u021b\u0103 ceramic\u0103 11140 B9 Imetec"},"content":{"rendered":"<p>Plac\u0103 de p\u0103r echipat\u0103 cu pl\u0103ci extra-lungi de 100 x 25 mm, pentru un styling rapid \u0219i eficient al p\u0103rului. Suprafa\u021ba ceramic\u0103 permite o alunecare lin\u0103 pe p\u0103r \u0219i protejeaz\u0103 firul de p\u0103r \u00een timpul \u00eendrept\u0103rii. Cu tehnologia Quick Heating, placa atinge rapid temperatura dorit\u0103 \u0219i previne expunerea p\u0103rului la c\u0103ldura excesiv\u0103. Func\u021biile practice, precum cablul rotativ, comutatorul \u0219i c\u00e2rligul pentru suspendare, ofer\u0103 o utilizare confortabil\u0103 \u0219i o depozitare convenabil\u0103.<\/p>\n","protected":false},"excerpt":{"rendered":"<p>Plac\u0103 de p\u0103r echipat\u0103 cu pl\u0103ci extra-lungi de 100 x 25 mm, pentru un styling rapid \u0219i eficient al p\u0103rului. Suprafa\u021ba ceramic\u0103 permite o alunecare lin\u0103 pe p\u0103r \u0219i protejeaz\u0103 firul de p\u0103r \u00een timpul \u00eendrept\u0103rii. Cu tehnologia Quick Heating, placa atinge rapid temperatura dorit\u0103 \u0219i previne expunerea p\u0103rului la c\u0103ldura excesiv\u0103. Func\u021biile practice, precum&#8230;<\/p>\n","protected":false},"featured_media":320956,"comment_status":"closed","ping_status":"open","template":"","meta":{"_acf_changed":false,"_kadence_starter_templates_imported_post":false,"_kad_post_transparent":"","_kad_post_title":"","_kad_post_layout":"","_kad_post_sidebar_id":"","_kad_post_content_style":"","_kad_post_vertical_padding":"","_kad_post_feature":"","_kad_post_feature_position":"","_kad_post_header":false,"_kad_post_footer":false,"_kad_post_classname":""},"product_brand":[976],"product_cat":[246,727,623,624],"product_tag":[],"class_list":{"0":"post-320954","1":"product","2":"type-product","3":"status-publish","4":"has-post-thumbnail","6":"product_brand-bellissima","7":"product_cat-cosmetice","8":"product_cat-placa-pentru-par","9":"product_cat-produse-cosmetice-pentru-par","10":"product_cat-produse-aparate-si-accesorii-pentru-par","12":"first","13":"instock","14":"sale","15":"product-type-external","16":"entry","17":"content-bg","18":"loop-entry"},"acf":[],"yoast_head":"<!-- This site is optimized with the Yoast SEO plugin v27.4 - https:\/\/yoast.com\/product\/yoast-seo-wordpress\/ -->\n<title>Bellissima Plac\u0103 de p\u0103r cu suprafa\u021b\u0103 ceramic\u0103 11140 B9 Imetec - SHOPATOA.COM<\/title>\n<meta name=\"robots\" content=\"index, follow, max-snippet:-1, max-image-preview:large, max-video-preview:-1\" \/>\n<link rel=\"canonical\" href=\"https:\/\/shopatoa.com\/ro\/bellissima-placa-de-par-cu-suprafata-ceramica-11140-b9-imetec\/\" \/>\n<meta property=\"og:locale\" content=\"ro_RO\" \/>\n<meta property=\"og:type\" content=\"article\" \/>\n<meta property=\"og:title\" content=\"Bellissima Plac\u0103 de p\u0103r cu suprafa\u021b\u0103 ceramic\u0103 11140 B9 Imetec - SHOPATOA.COM\" \/>\n<meta property=\"og:description\" content=\"Plac\u0103 de p\u0103r echipat\u0103 cu pl\u0103ci extra-lungi de 100 x 25 mm, pentru un styling rapid \u0219i eficient al p\u0103rului. Suprafa\u021ba ceramic\u0103 permite o alunecare lin\u0103 pe p\u0103r \u0219i protejeaz\u0103 firul de p\u0103r \u00een timpul \u00eendrept\u0103rii. Cu tehnologia Quick Heating, placa atinge rapid temperatura dorit\u0103 \u0219i previne expunerea p\u0103rului la c\u0103ldura excesiv\u0103. Func\u021biile practice, precum...\" \/>\n<meta property=\"og:url\" content=\"https:\/\/shopatoa.com\/ro\/bellissima-placa-de-par-cu-suprafata-ceramica-11140-b9-imetec\/\" \/>\n<meta property=\"og:site_name\" content=\"SHOPATOA\" \/>\n<meta property=\"article:modified_time\" content=\"2025-12-10T19:03:25+00:00\" \/>\n<meta property=\"og:image\" content=\"https:\/\/storage.googleapis.com\/cz-shopatoa-img\/ro\/77fa7ac6-unnamed-file.webp\" \/>\n\t<meta property=\"og:image:width\" content=\"800\" \/>\n\t<meta property=\"og:image:height\" content=\"800\" \/>\n\t<meta property=\"og:image:type\" content=\"image\/webp\" \/>\n<meta name=\"twitter:card\" content=\"summary_large_image\" \/>\n<script type=\"application\/ld+json\" class=\"yoast-schema-graph\">{\"@context\":\"https:\\\/\\\/schema.org\",\"@graph\":[{\"@type\":\"WebPage\",\"@id\":\"https:\\\/\\\/shopatoa.com\\\/ro\\\/bellissima-placa-de-par-cu-suprafata-ceramica-11140-b9-imetec\\\/\",\"url\":\"https:\\\/\\\/shopatoa.com\\\/ro\\\/bellissima-placa-de-par-cu-suprafata-ceramica-11140-b9-imetec\\\/\",\"name\":\"Bellissima Plac\u0103 de p\u0103r cu suprafa\u021b\u0103 ceramic\u0103 11140 B9 Imetec - SHOPATOA.COM\",\"isPartOf\":{\"@id\":\"https:\\\/\\\/shopatoa.com\\\/ro\\\/#website\"},\"primaryImageOfPage\":{\"@id\":\"https:\\\/\\\/shopatoa.com\\\/ro\\\/bellissima-placa-de-par-cu-suprafata-ceramica-11140-b9-imetec\\\/#primaryimage\"},\"image\":{\"@id\":\"https:\\\/\\\/shopatoa.com\\\/ro\\\/bellissima-placa-de-par-cu-suprafata-ceramica-11140-b9-imetec\\\/#primaryimage\"},\"thumbnailUrl\":\"https:\\\/\\\/storage.googleapis.com\\\/cz-shopatoa-img\\\/ro\\\/77fa7ac6-unnamed-file.webp\",\"datePublished\":\"2025-05-05T19:36:32+00:00\",\"dateModified\":\"2025-12-10T19:03:25+00:00\",\"breadcrumb\":{\"@id\":\"https:\\\/\\\/shopatoa.com\\\/ro\\\/bellissima-placa-de-par-cu-suprafata-ceramica-11140-b9-imetec\\\/#breadcrumb\"},\"inLanguage\":\"ro-RO\",\"potentialAction\":[{\"@type\":\"ReadAction\",\"target\":[\"https:\\\/\\\/shopatoa.com\\\/ro\\\/bellissima-placa-de-par-cu-suprafata-ceramica-11140-b9-imetec\\\/\"]}]},{\"@type\":\"ImageObject\",\"inLanguage\":\"ro-RO\",\"@id\":\"https:\\\/\\\/shopatoa.com\\\/ro\\\/bellissima-placa-de-par-cu-suprafata-ceramica-11140-b9-imetec\\\/#primaryimage\",\"url\":\"https:\\\/\\\/storage.googleapis.com\\\/cz-shopatoa-img\\\/ro\\\/77fa7ac6-unnamed-file.webp\",\"contentUrl\":\"https:\\\/\\\/storage.googleapis.com\\\/cz-shopatoa-img\\\/ro\\\/77fa7ac6-unnamed-file.webp\",\"width\":800,\"height\":800},{\"@type\":\"BreadcrumbList\",\"@id\":\"https:\\\/\\\/shopatoa.com\\\/ro\\\/bellissima-placa-de-par-cu-suprafata-ceramica-11140-b9-imetec\\\/#breadcrumb\",\"itemListElement\":[{\"@type\":\"ListItem\",\"position\":1,\"name\":\"Dom\u016f\",\"item\":\"https:\\\/\\\/shopatoa.com\\\/ro\\\/\"},{\"@type\":\"ListItem\",\"position\":2,\"name\":\"Shop\",\"item\":\"https:\\\/\\\/shopatoa.com\\\/ro\\\/shop\\\/\"},{\"@type\":\"ListItem\",\"position\":3,\"name\":\"Cosmetice\",\"item\":\"https:\\\/\\\/shopatoa.com\\\/ro\\\/cosmetice\\\/\"},{\"@type\":\"ListItem\",\"position\":4,\"name\":\"Produse cosmetice pentru p\u0103r\",\"item\":\"https:\\\/\\\/shopatoa.com\\\/ro\\\/produse-cosmetice-pentru-par\\\/\"},{\"@type\":\"ListItem\",\"position\":5,\"name\":\"Produse, aparate \u0219i accesorii pentru p\u0103r\",\"item\":\"https:\\\/\\\/shopatoa.com\\\/ro\\\/produse-aparate-si-accesorii-pentru-par\\\/\"},{\"@type\":\"ListItem\",\"position\":6,\"name\":\"Plac\u0103 pentru p\u0103r\",\"item\":\"https:\\\/\\\/shopatoa.com\\\/ro\\\/placa-pentru-par\\\/\"},{\"@type\":\"ListItem\",\"position\":7,\"name\":\"Bellissima Plac\u0103 de p\u0103r cu suprafa\u021b\u0103 ceramic\u0103 11140 B9 Imetec\"}]},{\"@type\":\"WebSite\",\"@id\":\"https:\\\/\\\/shopatoa.com\\\/ro\\\/#website\",\"url\":\"https:\\\/\\\/shopatoa.com\\\/ro\\\/\",\"name\":\"SHOPATOA\",\"description\":\"\",\"publisher\":{\"@id\":\"https:\\\/\\\/shopatoa.com\\\/ro\\\/#organization\"},\"potentialAction\":[{\"@type\":\"SearchAction\",\"target\":{\"@type\":\"EntryPoint\",\"urlTemplate\":\"https:\\\/\\\/shopatoa.com\\\/ro\\\/?s={search_term_string}\"},\"query-input\":{\"@type\":\"PropertyValueSpecification\",\"valueRequired\":true,\"valueName\":\"search_term_string\"}}],\"inLanguage\":\"ro-RO\"},{\"@type\":\"Organization\",\"@id\":\"https:\\\/\\\/shopatoa.com\\\/ro\\\/#organization\",\"name\":\"SHOPATOA\",\"url\":\"https:\\\/\\\/shopatoa.com\\\/ro\\\/\",\"logo\":{\"@type\":\"ImageObject\",\"inLanguage\":\"ro-RO\",\"@id\":\"https:\\\/\\\/shopatoa.com\\\/ro\\\/#\\\/schema\\\/logo\\\/image\\\/\",\"url\":\"https:\\\/\\\/storage.googleapis.com\\\/cz-shopatoa-img\\\/ro\\\/b4dac915-shopatoa_logo.png\",\"contentUrl\":\"https:\\\/\\\/storage.googleapis.com\\\/cz-shopatoa-img\\\/ro\\\/b4dac915-shopatoa_logo.png\",\"width\":416,\"height\":63,\"caption\":\"SHOPATOA\"},\"image\":{\"@id\":\"https:\\\/\\\/shopatoa.com\\\/ro\\\/#\\\/schema\\\/logo\\\/image\\\/\"}}]}<\/script>\n<!-- \/ Yoast SEO plugin. -->","yoast_head_json":{"title":"Bellissima Plac\u0103 de p\u0103r cu suprafa\u021b\u0103 ceramic\u0103 11140 B9 Imetec - SHOPATOA.COM","robots":{"index":"index","follow":"follow","max-snippet":"max-snippet:-1","max-image-preview":"max-image-preview:large","max-video-preview":"max-video-preview:-1"},"canonical":"https:\/\/shopatoa.com\/ro\/bellissima-placa-de-par-cu-suprafata-ceramica-11140-b9-imetec\/","og_locale":"ro_RO","og_type":"article","og_title":"Bellissima Plac\u0103 de p\u0103r cu suprafa\u021b\u0103 ceramic\u0103 11140 B9 Imetec - SHOPATOA.COM","og_description":"Plac\u0103 de p\u0103r echipat\u0103 cu pl\u0103ci extra-lungi de 100 x 25 mm, pentru un styling rapid \u0219i eficient al p\u0103rului. Suprafa\u021ba ceramic\u0103 permite o alunecare lin\u0103 pe p\u0103r \u0219i protejeaz\u0103 firul de p\u0103r \u00een timpul \u00eendrept\u0103rii. Cu tehnologia Quick Heating, placa atinge rapid temperatura dorit\u0103 \u0219i previne expunerea p\u0103rului la c\u0103ldura excesiv\u0103. Func\u021biile practice, precum...","og_url":"https:\/\/shopatoa.com\/ro\/bellissima-placa-de-par-cu-suprafata-ceramica-11140-b9-imetec\/","og_site_name":"SHOPATOA","article_modified_time":"2025-12-10T19:03:25+00:00","og_image":[{"width":800,"height":800,"url":"https:\/\/storage.googleapis.com\/cz-shopatoa-img\/ro\/77fa7ac6-unnamed-file.webp","type":"image\/webp"}],"twitter_card":"summary_large_image","schema":{"@context":"https:\/\/schema.org","@graph":[{"@type":"WebPage","@id":"https:\/\/shopatoa.com\/ro\/bellissima-placa-de-par-cu-suprafata-ceramica-11140-b9-imetec\/","url":"https:\/\/shopatoa.com\/ro\/bellissima-placa-de-par-cu-suprafata-ceramica-11140-b9-imetec\/","name":"Bellissima Plac\u0103 de p\u0103r cu suprafa\u021b\u0103 ceramic\u0103 11140 B9 Imetec - SHOPATOA.COM","isPartOf":{"@id":"https:\/\/shopatoa.com\/ro\/#website"},"primaryImageOfPage":{"@id":"https:\/\/shopatoa.com\/ro\/bellissima-placa-de-par-cu-suprafata-ceramica-11140-b9-imetec\/#primaryimage"},"image":{"@id":"https:\/\/shopatoa.com\/ro\/bellissima-placa-de-par-cu-suprafata-ceramica-11140-b9-imetec\/#primaryimage"},"thumbnailUrl":"https:\/\/storage.googleapis.com\/cz-shopatoa-img\/ro\/77fa7ac6-unnamed-file.webp","datePublished":"2025-05-05T19:36:32+00:00","dateModified":"2025-12-10T19:03:25+00:00","breadcrumb":{"@id":"https:\/\/shopatoa.com\/ro\/bellissima-placa-de-par-cu-suprafata-ceramica-11140-b9-imetec\/#breadcrumb"},"inLanguage":"ro-RO","potentialAction":[{"@type":"ReadAction","target":["https:\/\/shopatoa.com\/ro\/bellissima-placa-de-par-cu-suprafata-ceramica-11140-b9-imetec\/"]}]},{"@type":"ImageObject","inLanguage":"ro-RO","@id":"https:\/\/shopatoa.com\/ro\/bellissima-placa-de-par-cu-suprafata-ceramica-11140-b9-imetec\/#primaryimage","url":"https:\/\/storage.googleapis.com\/cz-shopatoa-img\/ro\/77fa7ac6-unnamed-file.webp","contentUrl":"https:\/\/storage.googleapis.com\/cz-shopatoa-img\/ro\/77fa7ac6-unnamed-file.webp","width":800,"height":800},{"@type":"BreadcrumbList","@id":"https:\/\/shopatoa.com\/ro\/bellissima-placa-de-par-cu-suprafata-ceramica-11140-b9-imetec\/#breadcrumb","itemListElement":[{"@type":"ListItem","position":1,"name":"Dom\u016f","item":"https:\/\/shopatoa.com\/ro\/"},{"@type":"ListItem","position":2,"name":"Shop","item":"https:\/\/shopatoa.com\/ro\/shop\/"},{"@type":"ListItem","position":3,"name":"Cosmetice","item":"https:\/\/shopatoa.com\/ro\/cosmetice\/"},{"@type":"ListItem","position":4,"name":"Produse cosmetice pentru p\u0103r","item":"https:\/\/shopatoa.com\/ro\/produse-cosmetice-pentru-par\/"},{"@type":"ListItem","position":5,"name":"Produse, aparate \u0219i accesorii pentru p\u0103r","item":"https:\/\/shopatoa.com\/ro\/produse-aparate-si-accesorii-pentru-par\/"},{"@type":"ListItem","position":6,"name":"Plac\u0103 pentru p\u0103r","item":"https:\/\/shopatoa.com\/ro\/placa-pentru-par\/"},{"@type":"ListItem","position":7,"name":"Bellissima Plac\u0103 de p\u0103r cu suprafa\u021b\u0103 ceramic\u0103 11140 B9 Imetec"}]},{"@type":"WebSite","@id":"https:\/\/shopatoa.com\/ro\/#website","url":"https:\/\/shopatoa.com\/ro\/","name":"SHOPATOA","description":"","publisher":{"@id":"https:\/\/shopatoa.com\/ro\/#organization"},"potentialAction":[{"@type":"SearchAction","target":{"@type":"EntryPoint","urlTemplate":"https:\/\/shopatoa.com\/ro\/?s={search_term_string}"},"query-input":{"@type":"PropertyValueSpecification","valueRequired":true,"valueName":"search_term_string"}}],"inLanguage":"ro-RO"},{"@type":"Organization","@id":"https:\/\/shopatoa.com\/ro\/#organization","name":"SHOPATOA","url":"https:\/\/shopatoa.com\/ro\/","logo":{"@type":"ImageObject","inLanguage":"ro-RO","@id":"https:\/\/shopatoa.com\/ro\/#\/schema\/logo\/image\/","url":"https:\/\/storage.googleapis.com\/cz-shopatoa-img\/ro\/b4dac915-shopatoa_logo.png","contentUrl":"https:\/\/storage.googleapis.com\/cz-shopatoa-img\/ro\/b4dac915-shopatoa_logo.png","width":416,"height":63,"caption":"SHOPATOA"},"image":{"@id":"https:\/\/shopatoa.com\/ro\/#\/schema\/logo\/image\/"}}]}},"_links":{"self":[{"href":"https:\/\/shopatoa.com\/ro\/wp-json\/wp\/v2\/product\/320954","targetHints":{"allow":["GET"]}}],"collection":[{"href":"https:\/\/shopatoa.com\/ro\/wp-json\/wp\/v2\/product"}],"about":[{"href":"https:\/\/shopatoa.com\/ro\/wp-json\/wp\/v2\/types\/product"}],"replies":[{"embeddable":true,"href":"https:\/\/shopatoa.com\/ro\/wp-json\/wp\/v2\/comments?post=320954"}],"wp:featuredmedia":[{"embeddable":true,"href":"https:\/\/shopatoa.com\/ro\/wp-json\/wp\/v2\/media\/320956"}],"wp:attachment":[{"href":"https:\/\/shopatoa.com\/ro\/wp-json\/wp\/v2\/media?parent=320954"}],"wp:term":[{"taxonomy":"product_brand","embeddable":true,"href":"https:\/\/shopatoa.com\/ro\/wp-json\/wp\/v2\/product_brand?post=320954"},{"taxonomy":"product_cat","embeddable":true,"href":"https:\/\/shopatoa.com\/ro\/wp-json\/wp\/v2\/product_cat?post=320954"},{"taxonomy":"product_tag","embeddable":true,"href":"https:\/\/shopatoa.com\/ro\/wp-json\/wp\/v2\/product_tag?post=320954"}],"curies":[{"name":"wp","href":"https:\/\/api.w.org\/{rel}","templated":true}]}}