{"id":321566,"date":"2025-05-05T23:00:41","date_gmt":"2025-05-05T21:00:41","guid":{"rendered":"https:\/\/shopatoa.com\/ro\/skin79-masca-faciala-pentru-reducerea-porilor-pore-designing-minimizing-mask-100-ml\/"},"modified":"2025-12-10T19:04:57","modified_gmt":"2025-12-10T18:04:57","slug":"skin79-masca-faciala-pentru-reducerea-porilor-pore-designing-minimizing-mask-100-ml","status":"publish","type":"product","link":"https:\/\/shopatoa.com\/ro\/skin79-masca-faciala-pentru-reducerea-porilor-pore-designing-minimizing-mask-100-ml\/","title":{"rendered":"skin79 Masca facial\u0103 pentru reducerea porilor (Pore Designing Minimizing Mask) 100 ml"},"content":{"rendered":"<p>Masc\u0103 astringent\u0103 ofer\u0103 \u00eengrijire profesional\u0103 pentru tenul cu pori dilata\u021bi \u0219i \u00eenfunda\u021bi. Aceast\u0103 masc\u0103 minimizeaz\u0103 eficient porii, reduce excesul de sebum \u0219i exfoliaz\u0103 u\u0219or celulele moarte. Ajut\u0103 la prevenirea acneei \u0219i trateaz\u0103 simptomele acesteia, l\u0103s\u00e2nd pielea neted\u0103 \u0219i catifelat\u0103. Datorit\u0103 propriet\u0103\u021bilor sale detoxifiante \u0219i antiinflamatoare, este ideal\u0103 pentru pielea sensibil\u0103.<\/p>\n","protected":false},"excerpt":{"rendered":"<p>Masc\u0103 astringent\u0103 ofer\u0103 \u00eengrijire profesional\u0103 pentru tenul cu pori dilata\u021bi \u0219i \u00eenfunda\u021bi. Aceast\u0103 masc\u0103 minimizeaz\u0103 eficient porii, reduce excesul de sebum \u0219i exfoliaz\u0103 u\u0219or celulele moarte. Ajut\u0103 la prevenirea acneei \u0219i trateaz\u0103 simptomele acesteia, l\u0103s\u00e2nd pielea neted\u0103 \u0219i catifelat\u0103. Datorit\u0103 propriet\u0103\u021bilor sale detoxifiante \u0219i antiinflamatoare, este ideal\u0103 pentru pielea sensibil\u0103.<\/p>\n","protected":false},"featured_media":321568,"comment_status":"closed","ping_status":"open","template":"","meta":{"_acf_changed":false,"_kadence_starter_templates_imported_post":false,"_kad_post_transparent":"","_kad_post_title":"","_kad_post_layout":"","_kad_post_sidebar_id":"","_kad_post_content_style":"","_kad_post_vertical_padding":"","_kad_post_feature":"","_kad_post_feature_position":"","_kad_post_header":false,"_kad_post_footer":false,"_kad_post_classname":""},"product_brand":[798],"product_cat":[246,713,634,633],"product_tag":[],"class_list":{"0":"post-321566","1":"product","2":"type-product","3":"status-publish","4":"has-post-thumbnail","6":"product_brand-skin79","7":"product_cat-cosmetice","8":"product_cat-pori-dilatati-acnee","9":"product_cat-produse-cosmetice-de-ingrijire-a-pielii","10":"product_cat-produse-cosmetice-pentru-piele","12":"first","13":"instock","14":"sale","15":"product-type-external","16":"entry","17":"content-bg","18":"loop-entry"},"acf":[],"yoast_head":"<!-- This site is optimized with the Yoast SEO plugin v27.3 - https:\/\/yoast.com\/product\/yoast-seo-wordpress\/ -->\n<title>skin79 Masca facial\u0103 pentru reducerea porilor (Pore Designing Minimizing Mask) 100 ml - SHOPATOA.COM<\/title>\n<meta name=\"robots\" content=\"index, follow, max-snippet:-1, max-image-preview:large, max-video-preview:-1\" \/>\n<link rel=\"canonical\" href=\"https:\/\/shopatoa.com\/ro\/skin79-masca-faciala-pentru-reducerea-porilor-pore-designing-minimizing-mask-100-ml\/\" \/>\n<meta property=\"og:locale\" content=\"ro_RO\" \/>\n<meta property=\"og:type\" content=\"article\" \/>\n<meta property=\"og:title\" content=\"skin79 Masca facial\u0103 pentru reducerea porilor (Pore Designing Minimizing Mask) 100 ml - SHOPATOA.COM\" \/>\n<meta property=\"og:description\" content=\"Masc\u0103 astringent\u0103 ofer\u0103 \u00eengrijire profesional\u0103 pentru tenul cu pori dilata\u021bi \u0219i \u00eenfunda\u021bi. Aceast\u0103 masc\u0103 minimizeaz\u0103 eficient porii, reduce excesul de sebum \u0219i exfoliaz\u0103 u\u0219or celulele moarte. Ajut\u0103 la prevenirea acneei \u0219i trateaz\u0103 simptomele acesteia, l\u0103s\u00e2nd pielea neted\u0103 \u0219i catifelat\u0103. Datorit\u0103 propriet\u0103\u021bilor sale detoxifiante \u0219i antiinflamatoare, este ideal\u0103 pentru pielea sensibil\u0103.\" \/>\n<meta property=\"og:url\" content=\"https:\/\/shopatoa.com\/ro\/skin79-masca-faciala-pentru-reducerea-porilor-pore-designing-minimizing-mask-100-ml\/\" \/>\n<meta property=\"og:site_name\" content=\"SHOPATOA\" \/>\n<meta property=\"article:modified_time\" content=\"2025-12-10T18:04:57+00:00\" \/>\n<meta property=\"og:image\" content=\"https:\/\/storage.googleapis.com\/cz-shopatoa-img\/ro\/6d1d8d74-unnamed-file.webp\" \/>\n\t<meta property=\"og:image:width\" content=\"800\" \/>\n\t<meta property=\"og:image:height\" content=\"800\" \/>\n\t<meta property=\"og:image:type\" content=\"image\/webp\" \/>\n<meta name=\"twitter:card\" content=\"summary_large_image\" \/>\n<script type=\"application\/ld+json\" class=\"yoast-schema-graph\">{\"@context\":\"https:\\\/\\\/schema.org\",\"@graph\":[{\"@type\":\"WebPage\",\"@id\":\"https:\\\/\\\/shopatoa.com\\\/ro\\\/skin79-masca-faciala-pentru-reducerea-porilor-pore-designing-minimizing-mask-100-ml\\\/\",\"url\":\"https:\\\/\\\/shopatoa.com\\\/ro\\\/skin79-masca-faciala-pentru-reducerea-porilor-pore-designing-minimizing-mask-100-ml\\\/\",\"name\":\"skin79 Masca facial\u0103 pentru reducerea porilor (Pore Designing Minimizing Mask) 100 ml - SHOPATOA.COM\",\"isPartOf\":{\"@id\":\"https:\\\/\\\/shopatoa.com\\\/ro\\\/#website\"},\"primaryImageOfPage\":{\"@id\":\"https:\\\/\\\/shopatoa.com\\\/ro\\\/skin79-masca-faciala-pentru-reducerea-porilor-pore-designing-minimizing-mask-100-ml\\\/#primaryimage\"},\"image\":{\"@id\":\"https:\\\/\\\/shopatoa.com\\\/ro\\\/skin79-masca-faciala-pentru-reducerea-porilor-pore-designing-minimizing-mask-100-ml\\\/#primaryimage\"},\"thumbnailUrl\":\"https:\\\/\\\/storage.googleapis.com\\\/cz-shopatoa-img\\\/ro\\\/6d1d8d74-unnamed-file.webp\",\"datePublished\":\"2025-05-05T21:00:41+00:00\",\"dateModified\":\"2025-12-10T18:04:57+00:00\",\"breadcrumb\":{\"@id\":\"https:\\\/\\\/shopatoa.com\\\/ro\\\/skin79-masca-faciala-pentru-reducerea-porilor-pore-designing-minimizing-mask-100-ml\\\/#breadcrumb\"},\"inLanguage\":\"ro-RO\",\"potentialAction\":[{\"@type\":\"ReadAction\",\"target\":[\"https:\\\/\\\/shopatoa.com\\\/ro\\\/skin79-masca-faciala-pentru-reducerea-porilor-pore-designing-minimizing-mask-100-ml\\\/\"]}]},{\"@type\":\"ImageObject\",\"inLanguage\":\"ro-RO\",\"@id\":\"https:\\\/\\\/shopatoa.com\\\/ro\\\/skin79-masca-faciala-pentru-reducerea-porilor-pore-designing-minimizing-mask-100-ml\\\/#primaryimage\",\"url\":\"https:\\\/\\\/storage.googleapis.com\\\/cz-shopatoa-img\\\/ro\\\/6d1d8d74-unnamed-file.webp\",\"contentUrl\":\"https:\\\/\\\/storage.googleapis.com\\\/cz-shopatoa-img\\\/ro\\\/6d1d8d74-unnamed-file.webp\",\"width\":800,\"height\":800},{\"@type\":\"BreadcrumbList\",\"@id\":\"https:\\\/\\\/shopatoa.com\\\/ro\\\/skin79-masca-faciala-pentru-reducerea-porilor-pore-designing-minimizing-mask-100-ml\\\/#breadcrumb\",\"itemListElement\":[{\"@type\":\"ListItem\",\"position\":1,\"name\":\"Dom\u016f\",\"item\":\"https:\\\/\\\/shopatoa.com\\\/ro\\\/\"},{\"@type\":\"ListItem\",\"position\":2,\"name\":\"Shop\",\"item\":\"https:\\\/\\\/shopatoa.com\\\/ro\\\/shop\\\/\"},{\"@type\":\"ListItem\",\"position\":3,\"name\":\"Cosmetice\",\"item\":\"https:\\\/\\\/shopatoa.com\\\/ro\\\/cosmetice\\\/\"},{\"@type\":\"ListItem\",\"position\":4,\"name\":\"Produse cosmetice pentru piele\",\"item\":\"https:\\\/\\\/shopatoa.com\\\/ro\\\/produse-cosmetice-pentru-piele\\\/\"},{\"@type\":\"ListItem\",\"position\":5,\"name\":\"Produse cosmetice de \u00eengrijire a pielii\",\"item\":\"https:\\\/\\\/shopatoa.com\\\/ro\\\/produse-cosmetice-de-ingrijire-a-pielii\\\/\"},{\"@type\":\"ListItem\",\"position\":6,\"name\":\"Pori dilata\u021bi \\\/ Acnee\",\"item\":\"https:\\\/\\\/shopatoa.com\\\/ro\\\/pori-dilatati-acnee\\\/\"},{\"@type\":\"ListItem\",\"position\":7,\"name\":\"skin79 Masca facial\u0103 pentru reducerea porilor (Pore Designing Minimizing Mask) 100 ml\"}]},{\"@type\":\"WebSite\",\"@id\":\"https:\\\/\\\/shopatoa.com\\\/ro\\\/#website\",\"url\":\"https:\\\/\\\/shopatoa.com\\\/ro\\\/\",\"name\":\"SHOPATOA\",\"description\":\"\",\"publisher\":{\"@id\":\"https:\\\/\\\/shopatoa.com\\\/ro\\\/#organization\"},\"potentialAction\":[{\"@type\":\"SearchAction\",\"target\":{\"@type\":\"EntryPoint\",\"urlTemplate\":\"https:\\\/\\\/shopatoa.com\\\/ro\\\/?s={search_term_string}\"},\"query-input\":{\"@type\":\"PropertyValueSpecification\",\"valueRequired\":true,\"valueName\":\"search_term_string\"}}],\"inLanguage\":\"ro-RO\"},{\"@type\":\"Organization\",\"@id\":\"https:\\\/\\\/shopatoa.com\\\/ro\\\/#organization\",\"name\":\"SHOPATOA\",\"url\":\"https:\\\/\\\/shopatoa.com\\\/ro\\\/\",\"logo\":{\"@type\":\"ImageObject\",\"inLanguage\":\"ro-RO\",\"@id\":\"https:\\\/\\\/shopatoa.com\\\/ro\\\/#\\\/schema\\\/logo\\\/image\\\/\",\"url\":\"https:\\\/\\\/storage.googleapis.com\\\/cz-shopatoa-img\\\/ro\\\/b4dac915-shopatoa_logo.png\",\"contentUrl\":\"https:\\\/\\\/storage.googleapis.com\\\/cz-shopatoa-img\\\/ro\\\/b4dac915-shopatoa_logo.png\",\"width\":416,\"height\":63,\"caption\":\"SHOPATOA\"},\"image\":{\"@id\":\"https:\\\/\\\/shopatoa.com\\\/ro\\\/#\\\/schema\\\/logo\\\/image\\\/\"}}]}<\/script>\n<!-- \/ Yoast SEO plugin. -->","yoast_head_json":{"title":"skin79 Masca facial\u0103 pentru reducerea porilor (Pore Designing Minimizing Mask) 100 ml - SHOPATOA.COM","robots":{"index":"index","follow":"follow","max-snippet":"max-snippet:-1","max-image-preview":"max-image-preview:large","max-video-preview":"max-video-preview:-1"},"canonical":"https:\/\/shopatoa.com\/ro\/skin79-masca-faciala-pentru-reducerea-porilor-pore-designing-minimizing-mask-100-ml\/","og_locale":"ro_RO","og_type":"article","og_title":"skin79 Masca facial\u0103 pentru reducerea porilor (Pore Designing Minimizing Mask) 100 ml - SHOPATOA.COM","og_description":"Masc\u0103 astringent\u0103 ofer\u0103 \u00eengrijire profesional\u0103 pentru tenul cu pori dilata\u021bi \u0219i \u00eenfunda\u021bi. Aceast\u0103 masc\u0103 minimizeaz\u0103 eficient porii, reduce excesul de sebum \u0219i exfoliaz\u0103 u\u0219or celulele moarte. Ajut\u0103 la prevenirea acneei \u0219i trateaz\u0103 simptomele acesteia, l\u0103s\u00e2nd pielea neted\u0103 \u0219i catifelat\u0103. Datorit\u0103 propriet\u0103\u021bilor sale detoxifiante \u0219i antiinflamatoare, este ideal\u0103 pentru pielea sensibil\u0103.","og_url":"https:\/\/shopatoa.com\/ro\/skin79-masca-faciala-pentru-reducerea-porilor-pore-designing-minimizing-mask-100-ml\/","og_site_name":"SHOPATOA","article_modified_time":"2025-12-10T18:04:57+00:00","og_image":[{"width":800,"height":800,"url":"https:\/\/storage.googleapis.com\/cz-shopatoa-img\/ro\/6d1d8d74-unnamed-file.webp","type":"image\/webp"}],"twitter_card":"summary_large_image","schema":{"@context":"https:\/\/schema.org","@graph":[{"@type":"WebPage","@id":"https:\/\/shopatoa.com\/ro\/skin79-masca-faciala-pentru-reducerea-porilor-pore-designing-minimizing-mask-100-ml\/","url":"https:\/\/shopatoa.com\/ro\/skin79-masca-faciala-pentru-reducerea-porilor-pore-designing-minimizing-mask-100-ml\/","name":"skin79 Masca facial\u0103 pentru reducerea porilor (Pore Designing Minimizing Mask) 100 ml - SHOPATOA.COM","isPartOf":{"@id":"https:\/\/shopatoa.com\/ro\/#website"},"primaryImageOfPage":{"@id":"https:\/\/shopatoa.com\/ro\/skin79-masca-faciala-pentru-reducerea-porilor-pore-designing-minimizing-mask-100-ml\/#primaryimage"},"image":{"@id":"https:\/\/shopatoa.com\/ro\/skin79-masca-faciala-pentru-reducerea-porilor-pore-designing-minimizing-mask-100-ml\/#primaryimage"},"thumbnailUrl":"https:\/\/storage.googleapis.com\/cz-shopatoa-img\/ro\/6d1d8d74-unnamed-file.webp","datePublished":"2025-05-05T21:00:41+00:00","dateModified":"2025-12-10T18:04:57+00:00","breadcrumb":{"@id":"https:\/\/shopatoa.com\/ro\/skin79-masca-faciala-pentru-reducerea-porilor-pore-designing-minimizing-mask-100-ml\/#breadcrumb"},"inLanguage":"ro-RO","potentialAction":[{"@type":"ReadAction","target":["https:\/\/shopatoa.com\/ro\/skin79-masca-faciala-pentru-reducerea-porilor-pore-designing-minimizing-mask-100-ml\/"]}]},{"@type":"ImageObject","inLanguage":"ro-RO","@id":"https:\/\/shopatoa.com\/ro\/skin79-masca-faciala-pentru-reducerea-porilor-pore-designing-minimizing-mask-100-ml\/#primaryimage","url":"https:\/\/storage.googleapis.com\/cz-shopatoa-img\/ro\/6d1d8d74-unnamed-file.webp","contentUrl":"https:\/\/storage.googleapis.com\/cz-shopatoa-img\/ro\/6d1d8d74-unnamed-file.webp","width":800,"height":800},{"@type":"BreadcrumbList","@id":"https:\/\/shopatoa.com\/ro\/skin79-masca-faciala-pentru-reducerea-porilor-pore-designing-minimizing-mask-100-ml\/#breadcrumb","itemListElement":[{"@type":"ListItem","position":1,"name":"Dom\u016f","item":"https:\/\/shopatoa.com\/ro\/"},{"@type":"ListItem","position":2,"name":"Shop","item":"https:\/\/shopatoa.com\/ro\/shop\/"},{"@type":"ListItem","position":3,"name":"Cosmetice","item":"https:\/\/shopatoa.com\/ro\/cosmetice\/"},{"@type":"ListItem","position":4,"name":"Produse cosmetice pentru piele","item":"https:\/\/shopatoa.com\/ro\/produse-cosmetice-pentru-piele\/"},{"@type":"ListItem","position":5,"name":"Produse cosmetice de \u00eengrijire a pielii","item":"https:\/\/shopatoa.com\/ro\/produse-cosmetice-de-ingrijire-a-pielii\/"},{"@type":"ListItem","position":6,"name":"Pori dilata\u021bi \/ Acnee","item":"https:\/\/shopatoa.com\/ro\/pori-dilatati-acnee\/"},{"@type":"ListItem","position":7,"name":"skin79 Masca facial\u0103 pentru reducerea porilor (Pore Designing Minimizing Mask) 100 ml"}]},{"@type":"WebSite","@id":"https:\/\/shopatoa.com\/ro\/#website","url":"https:\/\/shopatoa.com\/ro\/","name":"SHOPATOA","description":"","publisher":{"@id":"https:\/\/shopatoa.com\/ro\/#organization"},"potentialAction":[{"@type":"SearchAction","target":{"@type":"EntryPoint","urlTemplate":"https:\/\/shopatoa.com\/ro\/?s={search_term_string}"},"query-input":{"@type":"PropertyValueSpecification","valueRequired":true,"valueName":"search_term_string"}}],"inLanguage":"ro-RO"},{"@type":"Organization","@id":"https:\/\/shopatoa.com\/ro\/#organization","name":"SHOPATOA","url":"https:\/\/shopatoa.com\/ro\/","logo":{"@type":"ImageObject","inLanguage":"ro-RO","@id":"https:\/\/shopatoa.com\/ro\/#\/schema\/logo\/image\/","url":"https:\/\/storage.googleapis.com\/cz-shopatoa-img\/ro\/b4dac915-shopatoa_logo.png","contentUrl":"https:\/\/storage.googleapis.com\/cz-shopatoa-img\/ro\/b4dac915-shopatoa_logo.png","width":416,"height":63,"caption":"SHOPATOA"},"image":{"@id":"https:\/\/shopatoa.com\/ro\/#\/schema\/logo\/image\/"}}]}},"_links":{"self":[{"href":"https:\/\/shopatoa.com\/ro\/wp-json\/wp\/v2\/product\/321566","targetHints":{"allow":["GET"]}}],"collection":[{"href":"https:\/\/shopatoa.com\/ro\/wp-json\/wp\/v2\/product"}],"about":[{"href":"https:\/\/shopatoa.com\/ro\/wp-json\/wp\/v2\/types\/product"}],"replies":[{"embeddable":true,"href":"https:\/\/shopatoa.com\/ro\/wp-json\/wp\/v2\/comments?post=321566"}],"wp:featuredmedia":[{"embeddable":true,"href":"https:\/\/shopatoa.com\/ro\/wp-json\/wp\/v2\/media\/321568"}],"wp:attachment":[{"href":"https:\/\/shopatoa.com\/ro\/wp-json\/wp\/v2\/media?parent=321566"}],"wp:term":[{"taxonomy":"product_brand","embeddable":true,"href":"https:\/\/shopatoa.com\/ro\/wp-json\/wp\/v2\/product_brand?post=321566"},{"taxonomy":"product_cat","embeddable":true,"href":"https:\/\/shopatoa.com\/ro\/wp-json\/wp\/v2\/product_cat?post=321566"},{"taxonomy":"product_tag","embeddable":true,"href":"https:\/\/shopatoa.com\/ro\/wp-json\/wp\/v2\/product_tag?post=321566"}],"curies":[{"name":"wp","href":"https:\/\/api.w.org\/{rel}","templated":true}]}}