{"id":321993,"date":"2025-05-06T00:00:10","date_gmt":"2025-05-05T22:00:10","guid":{"rendered":"https:\/\/shopatoa.com\/ro\/artdeco-fard-de-ochi-eyeshadow-matt-0-8-g-503-matt-black\/"},"modified":"2025-12-10T18:16:51","modified_gmt":"2025-12-10T17:16:51","slug":"artdeco-fard-de-ochi-eyeshadow-matt-0-8-g-503-matt-black","status":"publish","type":"product","link":"https:\/\/shopatoa.com\/ro\/artdeco-fard-de-ochi-eyeshadow-matt-0-8-g-503-matt-black\/","title":{"rendered":"Artdeco Fard de ochi (Eyeshadow Matt) 0.8 g 503 Matt Black"},"content":{"rendered":"<p>Datorit\u0103 noilor sale Fardurile textur\u0103 catifelat\u0103 mat\u0103 s\u0103 adere perfect la piele. Usor de aplicat si uniform acoperi. Alege culorile \u00een func\u021bie de dorin\u021bele dumneavoastr\u0103 \u0219i s\u0103 le combine \u00een s\u0103u magnetic cutie! Cea mai important\u0103 parte a machiaj ArtDeco se nume\u0219te sistem de mozaic care permite paleta pliabil\u0103 conform propriilor dorin\u021be \u0219i nevoi. Fard de ochi, fard de obraz \u0219i corector sunt achizi\u021bionate separat \u0219i plasate \u00een special cutii magnetice. Combina culorile tale preferate, \u00eenlocuirea sistemelor de livrare vechi, ad\u0103uga\u021bi noi culori de moda &#8211; toate datorit\u0103 mozaicul de Artdeco!<\/p>\n","protected":false},"excerpt":{"rendered":"<p>Datorit\u0103 noilor sale Fardurile textur\u0103 catifelat\u0103 mat\u0103 s\u0103 adere perfect la piele. Usor de aplicat si uniform acoperi. Alege culorile \u00een func\u021bie de dorin\u021bele dumneavoastr\u0103 \u0219i s\u0103 le combine \u00een s\u0103u magnetic cutie! Cea mai important\u0103 parte a machiaj ArtDeco se nume\u0219te sistem de mozaic care permite paleta pliabil\u0103 conform propriilor dorin\u021be \u0219i nevoi. Fard&#8230;<\/p>\n","protected":false},"featured_media":321995,"comment_status":"closed","ping_status":"open","template":"","meta":{"_acf_changed":false,"_kadence_starter_templates_imported_post":false,"_kad_post_transparent":"","_kad_post_title":"","_kad_post_layout":"","_kad_post_sidebar_id":"","_kad_post_content_style":"","_kad_post_vertical_padding":"","_kad_post_feature":"","_kad_post_feature_position":"","_kad_post_header":false,"_kad_post_footer":false,"_kad_post_classname":""},"product_brand":[795],"product_cat":[246,609,657,631],"product_tag":[],"class_list":{"0":"post-321993","1":"product","2":"type-product","3":"status-publish","4":"has-post-thumbnail","6":"product_brand-artdeco","7":"product_cat-cosmetice","8":"product_cat-cosmetice-decorative","9":"product_cat-farduri-de-ochi","10":"product_cat-machiaj-pentru-ochi","12":"first","13":"instock","14":"sale","15":"product-type-external","16":"entry","17":"content-bg","18":"loop-entry"},"acf":[],"yoast_head":"<!-- This site is optimized with the Yoast SEO plugin v27.3 - https:\/\/yoast.com\/product\/yoast-seo-wordpress\/ -->\n<title>Artdeco Fard de ochi (Eyeshadow Matt) 0.8 g 503 Matt Black - SHOPATOA.COM<\/title>\n<meta name=\"robots\" content=\"index, follow, max-snippet:-1, max-image-preview:large, max-video-preview:-1\" \/>\n<link rel=\"canonical\" href=\"https:\/\/shopatoa.com\/ro\/artdeco-fard-de-ochi-eyeshadow-matt-0-8-g-503-matt-black\/\" \/>\n<meta property=\"og:locale\" content=\"ro_RO\" \/>\n<meta property=\"og:type\" content=\"article\" \/>\n<meta property=\"og:title\" content=\"Artdeco Fard de ochi (Eyeshadow Matt) 0.8 g 503 Matt Black - SHOPATOA.COM\" \/>\n<meta property=\"og:description\" content=\"Datorit\u0103 noilor sale Fardurile textur\u0103 catifelat\u0103 mat\u0103 s\u0103 adere perfect la piele. Usor de aplicat si uniform acoperi. Alege culorile \u00een func\u021bie de dorin\u021bele dumneavoastr\u0103 \u0219i s\u0103 le combine \u00een s\u0103u magnetic cutie! Cea mai important\u0103 parte a machiaj ArtDeco se nume\u0219te sistem de mozaic care permite paleta pliabil\u0103 conform propriilor dorin\u021be \u0219i nevoi. Fard...\" \/>\n<meta property=\"og:url\" content=\"https:\/\/shopatoa.com\/ro\/artdeco-fard-de-ochi-eyeshadow-matt-0-8-g-503-matt-black\/\" \/>\n<meta property=\"og:site_name\" content=\"SHOPATOA\" \/>\n<meta property=\"article:modified_time\" content=\"2025-12-10T17:16:51+00:00\" \/>\n<meta property=\"og:image\" content=\"https:\/\/storage.googleapis.com\/cz-shopatoa-img\/ro\/235122f4-unnamed-file.webp\" \/>\n\t<meta property=\"og:image:width\" content=\"800\" \/>\n\t<meta property=\"og:image:height\" content=\"800\" \/>\n\t<meta property=\"og:image:type\" content=\"image\/webp\" \/>\n<meta name=\"twitter:card\" content=\"summary_large_image\" \/>\n<script type=\"application\/ld+json\" class=\"yoast-schema-graph\">{\"@context\":\"https:\\\/\\\/schema.org\",\"@graph\":[{\"@type\":\"WebPage\",\"@id\":\"https:\\\/\\\/shopatoa.com\\\/ro\\\/artdeco-fard-de-ochi-eyeshadow-matt-0-8-g-503-matt-black\\\/\",\"url\":\"https:\\\/\\\/shopatoa.com\\\/ro\\\/artdeco-fard-de-ochi-eyeshadow-matt-0-8-g-503-matt-black\\\/\",\"name\":\"Artdeco Fard de ochi (Eyeshadow Matt) 0.8 g 503 Matt Black - SHOPATOA.COM\",\"isPartOf\":{\"@id\":\"https:\\\/\\\/shopatoa.com\\\/ro\\\/#website\"},\"primaryImageOfPage\":{\"@id\":\"https:\\\/\\\/shopatoa.com\\\/ro\\\/artdeco-fard-de-ochi-eyeshadow-matt-0-8-g-503-matt-black\\\/#primaryimage\"},\"image\":{\"@id\":\"https:\\\/\\\/shopatoa.com\\\/ro\\\/artdeco-fard-de-ochi-eyeshadow-matt-0-8-g-503-matt-black\\\/#primaryimage\"},\"thumbnailUrl\":\"https:\\\/\\\/storage.googleapis.com\\\/cz-shopatoa-img\\\/ro\\\/235122f4-unnamed-file.webp\",\"datePublished\":\"2025-05-05T22:00:10+00:00\",\"dateModified\":\"2025-12-10T17:16:51+00:00\",\"breadcrumb\":{\"@id\":\"https:\\\/\\\/shopatoa.com\\\/ro\\\/artdeco-fard-de-ochi-eyeshadow-matt-0-8-g-503-matt-black\\\/#breadcrumb\"},\"inLanguage\":\"ro-RO\",\"potentialAction\":[{\"@type\":\"ReadAction\",\"target\":[\"https:\\\/\\\/shopatoa.com\\\/ro\\\/artdeco-fard-de-ochi-eyeshadow-matt-0-8-g-503-matt-black\\\/\"]}]},{\"@type\":\"ImageObject\",\"inLanguage\":\"ro-RO\",\"@id\":\"https:\\\/\\\/shopatoa.com\\\/ro\\\/artdeco-fard-de-ochi-eyeshadow-matt-0-8-g-503-matt-black\\\/#primaryimage\",\"url\":\"https:\\\/\\\/storage.googleapis.com\\\/cz-shopatoa-img\\\/ro\\\/235122f4-unnamed-file.webp\",\"contentUrl\":\"https:\\\/\\\/storage.googleapis.com\\\/cz-shopatoa-img\\\/ro\\\/235122f4-unnamed-file.webp\",\"width\":800,\"height\":800},{\"@type\":\"BreadcrumbList\",\"@id\":\"https:\\\/\\\/shopatoa.com\\\/ro\\\/artdeco-fard-de-ochi-eyeshadow-matt-0-8-g-503-matt-black\\\/#breadcrumb\",\"itemListElement\":[{\"@type\":\"ListItem\",\"position\":1,\"name\":\"Dom\u016f\",\"item\":\"https:\\\/\\\/shopatoa.com\\\/ro\\\/\"},{\"@type\":\"ListItem\",\"position\":2,\"name\":\"Shop\",\"item\":\"https:\\\/\\\/shopatoa.com\\\/ro\\\/shop\\\/\"},{\"@type\":\"ListItem\",\"position\":3,\"name\":\"Cosmetice\",\"item\":\"https:\\\/\\\/shopatoa.com\\\/ro\\\/cosmetice\\\/\"},{\"@type\":\"ListItem\",\"position\":4,\"name\":\"Cosmetice decorative\",\"item\":\"https:\\\/\\\/shopatoa.com\\\/ro\\\/cosmetice-decorative\\\/\"},{\"@type\":\"ListItem\",\"position\":5,\"name\":\"Machiaj pentru ochi\",\"item\":\"https:\\\/\\\/shopatoa.com\\\/ro\\\/machiaj-pentru-ochi\\\/\"},{\"@type\":\"ListItem\",\"position\":6,\"name\":\"Farduri de ochi\",\"item\":\"https:\\\/\\\/shopatoa.com\\\/ro\\\/farduri-de-ochi\\\/\"},{\"@type\":\"ListItem\",\"position\":7,\"name\":\"Artdeco Fard de ochi (Eyeshadow Matt) 0.8 g 503 Matt Black\"}]},{\"@type\":\"WebSite\",\"@id\":\"https:\\\/\\\/shopatoa.com\\\/ro\\\/#website\",\"url\":\"https:\\\/\\\/shopatoa.com\\\/ro\\\/\",\"name\":\"SHOPATOA\",\"description\":\"\",\"publisher\":{\"@id\":\"https:\\\/\\\/shopatoa.com\\\/ro\\\/#organization\"},\"potentialAction\":[{\"@type\":\"SearchAction\",\"target\":{\"@type\":\"EntryPoint\",\"urlTemplate\":\"https:\\\/\\\/shopatoa.com\\\/ro\\\/?s={search_term_string}\"},\"query-input\":{\"@type\":\"PropertyValueSpecification\",\"valueRequired\":true,\"valueName\":\"search_term_string\"}}],\"inLanguage\":\"ro-RO\"},{\"@type\":\"Organization\",\"@id\":\"https:\\\/\\\/shopatoa.com\\\/ro\\\/#organization\",\"name\":\"SHOPATOA\",\"url\":\"https:\\\/\\\/shopatoa.com\\\/ro\\\/\",\"logo\":{\"@type\":\"ImageObject\",\"inLanguage\":\"ro-RO\",\"@id\":\"https:\\\/\\\/shopatoa.com\\\/ro\\\/#\\\/schema\\\/logo\\\/image\\\/\",\"url\":\"https:\\\/\\\/storage.googleapis.com\\\/cz-shopatoa-img\\\/ro\\\/b4dac915-shopatoa_logo.png\",\"contentUrl\":\"https:\\\/\\\/storage.googleapis.com\\\/cz-shopatoa-img\\\/ro\\\/b4dac915-shopatoa_logo.png\",\"width\":416,\"height\":63,\"caption\":\"SHOPATOA\"},\"image\":{\"@id\":\"https:\\\/\\\/shopatoa.com\\\/ro\\\/#\\\/schema\\\/logo\\\/image\\\/\"}}]}<\/script>\n<!-- \/ Yoast SEO plugin. -->","yoast_head_json":{"title":"Artdeco Fard de ochi (Eyeshadow Matt) 0.8 g 503 Matt Black - SHOPATOA.COM","robots":{"index":"index","follow":"follow","max-snippet":"max-snippet:-1","max-image-preview":"max-image-preview:large","max-video-preview":"max-video-preview:-1"},"canonical":"https:\/\/shopatoa.com\/ro\/artdeco-fard-de-ochi-eyeshadow-matt-0-8-g-503-matt-black\/","og_locale":"ro_RO","og_type":"article","og_title":"Artdeco Fard de ochi (Eyeshadow Matt) 0.8 g 503 Matt Black - SHOPATOA.COM","og_description":"Datorit\u0103 noilor sale Fardurile textur\u0103 catifelat\u0103 mat\u0103 s\u0103 adere perfect la piele. Usor de aplicat si uniform acoperi. Alege culorile \u00een func\u021bie de dorin\u021bele dumneavoastr\u0103 \u0219i s\u0103 le combine \u00een s\u0103u magnetic cutie! Cea mai important\u0103 parte a machiaj ArtDeco se nume\u0219te sistem de mozaic care permite paleta pliabil\u0103 conform propriilor dorin\u021be \u0219i nevoi. Fard...","og_url":"https:\/\/shopatoa.com\/ro\/artdeco-fard-de-ochi-eyeshadow-matt-0-8-g-503-matt-black\/","og_site_name":"SHOPATOA","article_modified_time":"2025-12-10T17:16:51+00:00","og_image":[{"width":800,"height":800,"url":"https:\/\/storage.googleapis.com\/cz-shopatoa-img\/ro\/235122f4-unnamed-file.webp","type":"image\/webp"}],"twitter_card":"summary_large_image","schema":{"@context":"https:\/\/schema.org","@graph":[{"@type":"WebPage","@id":"https:\/\/shopatoa.com\/ro\/artdeco-fard-de-ochi-eyeshadow-matt-0-8-g-503-matt-black\/","url":"https:\/\/shopatoa.com\/ro\/artdeco-fard-de-ochi-eyeshadow-matt-0-8-g-503-matt-black\/","name":"Artdeco Fard de ochi (Eyeshadow Matt) 0.8 g 503 Matt Black - SHOPATOA.COM","isPartOf":{"@id":"https:\/\/shopatoa.com\/ro\/#website"},"primaryImageOfPage":{"@id":"https:\/\/shopatoa.com\/ro\/artdeco-fard-de-ochi-eyeshadow-matt-0-8-g-503-matt-black\/#primaryimage"},"image":{"@id":"https:\/\/shopatoa.com\/ro\/artdeco-fard-de-ochi-eyeshadow-matt-0-8-g-503-matt-black\/#primaryimage"},"thumbnailUrl":"https:\/\/storage.googleapis.com\/cz-shopatoa-img\/ro\/235122f4-unnamed-file.webp","datePublished":"2025-05-05T22:00:10+00:00","dateModified":"2025-12-10T17:16:51+00:00","breadcrumb":{"@id":"https:\/\/shopatoa.com\/ro\/artdeco-fard-de-ochi-eyeshadow-matt-0-8-g-503-matt-black\/#breadcrumb"},"inLanguage":"ro-RO","potentialAction":[{"@type":"ReadAction","target":["https:\/\/shopatoa.com\/ro\/artdeco-fard-de-ochi-eyeshadow-matt-0-8-g-503-matt-black\/"]}]},{"@type":"ImageObject","inLanguage":"ro-RO","@id":"https:\/\/shopatoa.com\/ro\/artdeco-fard-de-ochi-eyeshadow-matt-0-8-g-503-matt-black\/#primaryimage","url":"https:\/\/storage.googleapis.com\/cz-shopatoa-img\/ro\/235122f4-unnamed-file.webp","contentUrl":"https:\/\/storage.googleapis.com\/cz-shopatoa-img\/ro\/235122f4-unnamed-file.webp","width":800,"height":800},{"@type":"BreadcrumbList","@id":"https:\/\/shopatoa.com\/ro\/artdeco-fard-de-ochi-eyeshadow-matt-0-8-g-503-matt-black\/#breadcrumb","itemListElement":[{"@type":"ListItem","position":1,"name":"Dom\u016f","item":"https:\/\/shopatoa.com\/ro\/"},{"@type":"ListItem","position":2,"name":"Shop","item":"https:\/\/shopatoa.com\/ro\/shop\/"},{"@type":"ListItem","position":3,"name":"Cosmetice","item":"https:\/\/shopatoa.com\/ro\/cosmetice\/"},{"@type":"ListItem","position":4,"name":"Cosmetice decorative","item":"https:\/\/shopatoa.com\/ro\/cosmetice-decorative\/"},{"@type":"ListItem","position":5,"name":"Machiaj pentru ochi","item":"https:\/\/shopatoa.com\/ro\/machiaj-pentru-ochi\/"},{"@type":"ListItem","position":6,"name":"Farduri de ochi","item":"https:\/\/shopatoa.com\/ro\/farduri-de-ochi\/"},{"@type":"ListItem","position":7,"name":"Artdeco Fard de ochi (Eyeshadow Matt) 0.8 g 503 Matt Black"}]},{"@type":"WebSite","@id":"https:\/\/shopatoa.com\/ro\/#website","url":"https:\/\/shopatoa.com\/ro\/","name":"SHOPATOA","description":"","publisher":{"@id":"https:\/\/shopatoa.com\/ro\/#organization"},"potentialAction":[{"@type":"SearchAction","target":{"@type":"EntryPoint","urlTemplate":"https:\/\/shopatoa.com\/ro\/?s={search_term_string}"},"query-input":{"@type":"PropertyValueSpecification","valueRequired":true,"valueName":"search_term_string"}}],"inLanguage":"ro-RO"},{"@type":"Organization","@id":"https:\/\/shopatoa.com\/ro\/#organization","name":"SHOPATOA","url":"https:\/\/shopatoa.com\/ro\/","logo":{"@type":"ImageObject","inLanguage":"ro-RO","@id":"https:\/\/shopatoa.com\/ro\/#\/schema\/logo\/image\/","url":"https:\/\/storage.googleapis.com\/cz-shopatoa-img\/ro\/b4dac915-shopatoa_logo.png","contentUrl":"https:\/\/storage.googleapis.com\/cz-shopatoa-img\/ro\/b4dac915-shopatoa_logo.png","width":416,"height":63,"caption":"SHOPATOA"},"image":{"@id":"https:\/\/shopatoa.com\/ro\/#\/schema\/logo\/image\/"}}]}},"_links":{"self":[{"href":"https:\/\/shopatoa.com\/ro\/wp-json\/wp\/v2\/product\/321993","targetHints":{"allow":["GET"]}}],"collection":[{"href":"https:\/\/shopatoa.com\/ro\/wp-json\/wp\/v2\/product"}],"about":[{"href":"https:\/\/shopatoa.com\/ro\/wp-json\/wp\/v2\/types\/product"}],"replies":[{"embeddable":true,"href":"https:\/\/shopatoa.com\/ro\/wp-json\/wp\/v2\/comments?post=321993"}],"wp:featuredmedia":[{"embeddable":true,"href":"https:\/\/shopatoa.com\/ro\/wp-json\/wp\/v2\/media\/321995"}],"wp:attachment":[{"href":"https:\/\/shopatoa.com\/ro\/wp-json\/wp\/v2\/media?parent=321993"}],"wp:term":[{"taxonomy":"product_brand","embeddable":true,"href":"https:\/\/shopatoa.com\/ro\/wp-json\/wp\/v2\/product_brand?post=321993"},{"taxonomy":"product_cat","embeddable":true,"href":"https:\/\/shopatoa.com\/ro\/wp-json\/wp\/v2\/product_cat?post=321993"},{"taxonomy":"product_tag","embeddable":true,"href":"https:\/\/shopatoa.com\/ro\/wp-json\/wp\/v2\/product_tag?post=321993"}],"curies":[{"name":"wp","href":"https:\/\/api.w.org\/{rel}","templated":true}]}}