{"id":322112,"date":"2025-05-06T00:16:11","date_gmt":"2025-05-05T22:16:11","guid":{"rendered":"https:\/\/shopatoa.com\/ro\/kevin-murphy-spray-pentru-mentinerea-culorii-parului-everlasting-colour-leave-in-colour-protective-treatment-1000-ml\/"},"modified":"2025-12-10T17:45:56","modified_gmt":"2025-12-10T16:45:56","slug":"kevin-murphy-spray-pentru-mentinerea-culorii-parului-everlasting-colour-leave-in-colour-protective-treatment-1000-ml","status":"publish","type":"product","link":"https:\/\/shopatoa.com\/ro\/kevin-murphy-spray-pentru-mentinerea-culorii-parului-everlasting-colour-leave-in-colour-protective-treatment-1000-ml\/","title":{"rendered":"Kevin Murphy Spray pentru men\u021binerea culorii p\u0103rului Everlasting.Colour Leave-in (Colour Protective Treatment) 1000 ml"},"content":{"rendered":"<p>Spray-ul lejer f\u0103r\u0103 cl\u0103tire trateaz\u0103 p\u0103rul din interior, \u00eent\u0103rind rezisten\u021ba p\u0103rului pentru un p\u0103r mai bun, mai puternic \u0219i mai s\u0103n\u0103tos. P\u0103streaz\u0103 culoarea vie \u0219i protejeaz\u0103 p\u0103rul de stresul mediului \u00eenconjur\u0103tor, hr\u0103ne\u0219te, hidrateaz\u0103 \u0219i repar\u0103.<\/p>\n","protected":false},"excerpt":{"rendered":"<p>Spray-ul lejer f\u0103r\u0103 cl\u0103tire trateaz\u0103 p\u0103rul din interior, \u00eent\u0103rind rezisten\u021ba p\u0103rului pentru un p\u0103r mai bun, mai puternic \u0219i mai s\u0103n\u0103tos. P\u0103streaz\u0103 culoarea vie \u0219i protejeaz\u0103 p\u0103rul de stresul mediului \u00eenconjur\u0103tor, hr\u0103ne\u0219te, hidrateaz\u0103 \u0219i repar\u0103.<\/p>\n","protected":false},"featured_media":322114,"comment_status":"closed","ping_status":"open","template":"","meta":{"_acf_changed":false,"_kadence_starter_templates_imported_post":false,"_kad_post_transparent":"","_kad_post_title":"","_kad_post_layout":"","_kad_post_sidebar_id":"","_kad_post_content_style":"","_kad_post_vertical_padding":"","_kad_post_feature":"","_kad_post_feature_position":"","_kad_post_header":false,"_kad_post_footer":false,"_kad_post_classname":""},"product_brand":[336],"product_cat":[246,696,623],"product_tag":[],"class_list":{"0":"post-322112","1":"product","2":"type-product","3":"status-publish","4":"has-post-thumbnail","6":"product_brand-kevin-murphy","7":"product_cat-cosmetice","8":"product_cat-ingrijirea-parului-fara-clatire","9":"product_cat-produse-cosmetice-pentru-par","11":"first","12":"instock","13":"product-type-external","14":"entry","15":"content-bg","16":"loop-entry"},"acf":[],"yoast_head":"<!-- This site is optimized with the Yoast SEO plugin v27.4 - https:\/\/yoast.com\/product\/yoast-seo-wordpress\/ -->\n<title>Kevin Murphy Spray pentru men\u021binerea culorii p\u0103rului Everlasting.Colour Leave-in (Colour Protective Treatment) 1000 ml - SHOPATOA.COM<\/title>\n<meta name=\"robots\" content=\"index, follow, max-snippet:-1, max-image-preview:large, max-video-preview:-1\" \/>\n<link rel=\"canonical\" href=\"https:\/\/shopatoa.com\/ro\/kevin-murphy-spray-pentru-mentinerea-culorii-parului-everlasting-colour-leave-in-colour-protective-treatment-1000-ml\/\" \/>\n<meta property=\"og:locale\" content=\"ro_RO\" \/>\n<meta property=\"og:type\" content=\"article\" \/>\n<meta property=\"og:title\" content=\"Kevin Murphy Spray pentru men\u021binerea culorii p\u0103rului Everlasting.Colour Leave-in (Colour Protective Treatment) 1000 ml - SHOPATOA.COM\" \/>\n<meta property=\"og:description\" content=\"Spray-ul lejer f\u0103r\u0103 cl\u0103tire trateaz\u0103 p\u0103rul din interior, \u00eent\u0103rind rezisten\u021ba p\u0103rului pentru un p\u0103r mai bun, mai puternic \u0219i mai s\u0103n\u0103tos. P\u0103streaz\u0103 culoarea vie \u0219i protejeaz\u0103 p\u0103rul de stresul mediului \u00eenconjur\u0103tor, hr\u0103ne\u0219te, hidrateaz\u0103 \u0219i repar\u0103.\" \/>\n<meta property=\"og:url\" content=\"https:\/\/shopatoa.com\/ro\/kevin-murphy-spray-pentru-mentinerea-culorii-parului-everlasting-colour-leave-in-colour-protective-treatment-1000-ml\/\" \/>\n<meta property=\"og:site_name\" content=\"SHOPATOA\" \/>\n<meta property=\"article:modified_time\" content=\"2025-12-10T16:45:56+00:00\" \/>\n<meta property=\"og:image\" content=\"https:\/\/storage.googleapis.com\/cz-shopatoa-img\/ro\/ceab2497-unnamed-file.webp\" \/>\n\t<meta property=\"og:image:width\" content=\"800\" \/>\n\t<meta property=\"og:image:height\" content=\"800\" \/>\n\t<meta property=\"og:image:type\" content=\"image\/webp\" \/>\n<meta name=\"twitter:card\" content=\"summary_large_image\" \/>\n<script type=\"application\/ld+json\" class=\"yoast-schema-graph\">{\"@context\":\"https:\\\/\\\/schema.org\",\"@graph\":[{\"@type\":\"WebPage\",\"@id\":\"https:\\\/\\\/shopatoa.com\\\/ro\\\/kevin-murphy-spray-pentru-mentinerea-culorii-parului-everlasting-colour-leave-in-colour-protective-treatment-1000-ml\\\/\",\"url\":\"https:\\\/\\\/shopatoa.com\\\/ro\\\/kevin-murphy-spray-pentru-mentinerea-culorii-parului-everlasting-colour-leave-in-colour-protective-treatment-1000-ml\\\/\",\"name\":\"Kevin Murphy Spray pentru men\u021binerea culorii p\u0103rului Everlasting.Colour Leave-in (Colour Protective Treatment) 1000 ml - SHOPATOA.COM\",\"isPartOf\":{\"@id\":\"https:\\\/\\\/shopatoa.com\\\/ro\\\/#website\"},\"primaryImageOfPage\":{\"@id\":\"https:\\\/\\\/shopatoa.com\\\/ro\\\/kevin-murphy-spray-pentru-mentinerea-culorii-parului-everlasting-colour-leave-in-colour-protective-treatment-1000-ml\\\/#primaryimage\"},\"image\":{\"@id\":\"https:\\\/\\\/shopatoa.com\\\/ro\\\/kevin-murphy-spray-pentru-mentinerea-culorii-parului-everlasting-colour-leave-in-colour-protective-treatment-1000-ml\\\/#primaryimage\"},\"thumbnailUrl\":\"https:\\\/\\\/storage.googleapis.com\\\/cz-shopatoa-img\\\/ro\\\/ceab2497-unnamed-file.webp\",\"datePublished\":\"2025-05-05T22:16:11+00:00\",\"dateModified\":\"2025-12-10T16:45:56+00:00\",\"breadcrumb\":{\"@id\":\"https:\\\/\\\/shopatoa.com\\\/ro\\\/kevin-murphy-spray-pentru-mentinerea-culorii-parului-everlasting-colour-leave-in-colour-protective-treatment-1000-ml\\\/#breadcrumb\"},\"inLanguage\":\"ro-RO\",\"potentialAction\":[{\"@type\":\"ReadAction\",\"target\":[\"https:\\\/\\\/shopatoa.com\\\/ro\\\/kevin-murphy-spray-pentru-mentinerea-culorii-parului-everlasting-colour-leave-in-colour-protective-treatment-1000-ml\\\/\"]}]},{\"@type\":\"ImageObject\",\"inLanguage\":\"ro-RO\",\"@id\":\"https:\\\/\\\/shopatoa.com\\\/ro\\\/kevin-murphy-spray-pentru-mentinerea-culorii-parului-everlasting-colour-leave-in-colour-protective-treatment-1000-ml\\\/#primaryimage\",\"url\":\"https:\\\/\\\/storage.googleapis.com\\\/cz-shopatoa-img\\\/ro\\\/ceab2497-unnamed-file.webp\",\"contentUrl\":\"https:\\\/\\\/storage.googleapis.com\\\/cz-shopatoa-img\\\/ro\\\/ceab2497-unnamed-file.webp\",\"width\":800,\"height\":800},{\"@type\":\"BreadcrumbList\",\"@id\":\"https:\\\/\\\/shopatoa.com\\\/ro\\\/kevin-murphy-spray-pentru-mentinerea-culorii-parului-everlasting-colour-leave-in-colour-protective-treatment-1000-ml\\\/#breadcrumb\",\"itemListElement\":[{\"@type\":\"ListItem\",\"position\":1,\"name\":\"Dom\u016f\",\"item\":\"https:\\\/\\\/shopatoa.com\\\/ro\\\/\"},{\"@type\":\"ListItem\",\"position\":2,\"name\":\"Shop\",\"item\":\"https:\\\/\\\/shopatoa.com\\\/ro\\\/shop\\\/\"},{\"@type\":\"ListItem\",\"position\":3,\"name\":\"Cosmetice\",\"item\":\"https:\\\/\\\/shopatoa.com\\\/ro\\\/cosmetice\\\/\"},{\"@type\":\"ListItem\",\"position\":4,\"name\":\"Produse cosmetice pentru p\u0103r\",\"item\":\"https:\\\/\\\/shopatoa.com\\\/ro\\\/produse-cosmetice-pentru-par\\\/\"},{\"@type\":\"ListItem\",\"position\":5,\"name\":\"\u00cengrijirea p\u0103rului f\u0103r\u0103 cl\u0103tire\",\"item\":\"https:\\\/\\\/shopatoa.com\\\/ro\\\/ingrijirea-parului-fara-clatire\\\/\"},{\"@type\":\"ListItem\",\"position\":6,\"name\":\"Kevin Murphy Spray pentru men\u021binerea culorii p\u0103rului Everlasting.Colour Leave-in (Colour Protective Treatment) 1000 ml\"}]},{\"@type\":\"WebSite\",\"@id\":\"https:\\\/\\\/shopatoa.com\\\/ro\\\/#website\",\"url\":\"https:\\\/\\\/shopatoa.com\\\/ro\\\/\",\"name\":\"SHOPATOA\",\"description\":\"\",\"publisher\":{\"@id\":\"https:\\\/\\\/shopatoa.com\\\/ro\\\/#organization\"},\"potentialAction\":[{\"@type\":\"SearchAction\",\"target\":{\"@type\":\"EntryPoint\",\"urlTemplate\":\"https:\\\/\\\/shopatoa.com\\\/ro\\\/?s={search_term_string}\"},\"query-input\":{\"@type\":\"PropertyValueSpecification\",\"valueRequired\":true,\"valueName\":\"search_term_string\"}}],\"inLanguage\":\"ro-RO\"},{\"@type\":\"Organization\",\"@id\":\"https:\\\/\\\/shopatoa.com\\\/ro\\\/#organization\",\"name\":\"SHOPATOA\",\"url\":\"https:\\\/\\\/shopatoa.com\\\/ro\\\/\",\"logo\":{\"@type\":\"ImageObject\",\"inLanguage\":\"ro-RO\",\"@id\":\"https:\\\/\\\/shopatoa.com\\\/ro\\\/#\\\/schema\\\/logo\\\/image\\\/\",\"url\":\"https:\\\/\\\/storage.googleapis.com\\\/cz-shopatoa-img\\\/ro\\\/b4dac915-shopatoa_logo.png\",\"contentUrl\":\"https:\\\/\\\/storage.googleapis.com\\\/cz-shopatoa-img\\\/ro\\\/b4dac915-shopatoa_logo.png\",\"width\":416,\"height\":63,\"caption\":\"SHOPATOA\"},\"image\":{\"@id\":\"https:\\\/\\\/shopatoa.com\\\/ro\\\/#\\\/schema\\\/logo\\\/image\\\/\"}}]}<\/script>\n<!-- \/ Yoast SEO plugin. -->","yoast_head_json":{"title":"Kevin Murphy Spray pentru men\u021binerea culorii p\u0103rului Everlasting.Colour Leave-in (Colour Protective Treatment) 1000 ml - SHOPATOA.COM","robots":{"index":"index","follow":"follow","max-snippet":"max-snippet:-1","max-image-preview":"max-image-preview:large","max-video-preview":"max-video-preview:-1"},"canonical":"https:\/\/shopatoa.com\/ro\/kevin-murphy-spray-pentru-mentinerea-culorii-parului-everlasting-colour-leave-in-colour-protective-treatment-1000-ml\/","og_locale":"ro_RO","og_type":"article","og_title":"Kevin Murphy Spray pentru men\u021binerea culorii p\u0103rului Everlasting.Colour Leave-in (Colour Protective Treatment) 1000 ml - SHOPATOA.COM","og_description":"Spray-ul lejer f\u0103r\u0103 cl\u0103tire trateaz\u0103 p\u0103rul din interior, \u00eent\u0103rind rezisten\u021ba p\u0103rului pentru un p\u0103r mai bun, mai puternic \u0219i mai s\u0103n\u0103tos. P\u0103streaz\u0103 culoarea vie \u0219i protejeaz\u0103 p\u0103rul de stresul mediului \u00eenconjur\u0103tor, hr\u0103ne\u0219te, hidrateaz\u0103 \u0219i repar\u0103.","og_url":"https:\/\/shopatoa.com\/ro\/kevin-murphy-spray-pentru-mentinerea-culorii-parului-everlasting-colour-leave-in-colour-protective-treatment-1000-ml\/","og_site_name":"SHOPATOA","article_modified_time":"2025-12-10T16:45:56+00:00","og_image":[{"width":800,"height":800,"url":"https:\/\/storage.googleapis.com\/cz-shopatoa-img\/ro\/ceab2497-unnamed-file.webp","type":"image\/webp"}],"twitter_card":"summary_large_image","schema":{"@context":"https:\/\/schema.org","@graph":[{"@type":"WebPage","@id":"https:\/\/shopatoa.com\/ro\/kevin-murphy-spray-pentru-mentinerea-culorii-parului-everlasting-colour-leave-in-colour-protective-treatment-1000-ml\/","url":"https:\/\/shopatoa.com\/ro\/kevin-murphy-spray-pentru-mentinerea-culorii-parului-everlasting-colour-leave-in-colour-protective-treatment-1000-ml\/","name":"Kevin Murphy Spray pentru men\u021binerea culorii p\u0103rului Everlasting.Colour Leave-in (Colour Protective Treatment) 1000 ml - SHOPATOA.COM","isPartOf":{"@id":"https:\/\/shopatoa.com\/ro\/#website"},"primaryImageOfPage":{"@id":"https:\/\/shopatoa.com\/ro\/kevin-murphy-spray-pentru-mentinerea-culorii-parului-everlasting-colour-leave-in-colour-protective-treatment-1000-ml\/#primaryimage"},"image":{"@id":"https:\/\/shopatoa.com\/ro\/kevin-murphy-spray-pentru-mentinerea-culorii-parului-everlasting-colour-leave-in-colour-protective-treatment-1000-ml\/#primaryimage"},"thumbnailUrl":"https:\/\/storage.googleapis.com\/cz-shopatoa-img\/ro\/ceab2497-unnamed-file.webp","datePublished":"2025-05-05T22:16:11+00:00","dateModified":"2025-12-10T16:45:56+00:00","breadcrumb":{"@id":"https:\/\/shopatoa.com\/ro\/kevin-murphy-spray-pentru-mentinerea-culorii-parului-everlasting-colour-leave-in-colour-protective-treatment-1000-ml\/#breadcrumb"},"inLanguage":"ro-RO","potentialAction":[{"@type":"ReadAction","target":["https:\/\/shopatoa.com\/ro\/kevin-murphy-spray-pentru-mentinerea-culorii-parului-everlasting-colour-leave-in-colour-protective-treatment-1000-ml\/"]}]},{"@type":"ImageObject","inLanguage":"ro-RO","@id":"https:\/\/shopatoa.com\/ro\/kevin-murphy-spray-pentru-mentinerea-culorii-parului-everlasting-colour-leave-in-colour-protective-treatment-1000-ml\/#primaryimage","url":"https:\/\/storage.googleapis.com\/cz-shopatoa-img\/ro\/ceab2497-unnamed-file.webp","contentUrl":"https:\/\/storage.googleapis.com\/cz-shopatoa-img\/ro\/ceab2497-unnamed-file.webp","width":800,"height":800},{"@type":"BreadcrumbList","@id":"https:\/\/shopatoa.com\/ro\/kevin-murphy-spray-pentru-mentinerea-culorii-parului-everlasting-colour-leave-in-colour-protective-treatment-1000-ml\/#breadcrumb","itemListElement":[{"@type":"ListItem","position":1,"name":"Dom\u016f","item":"https:\/\/shopatoa.com\/ro\/"},{"@type":"ListItem","position":2,"name":"Shop","item":"https:\/\/shopatoa.com\/ro\/shop\/"},{"@type":"ListItem","position":3,"name":"Cosmetice","item":"https:\/\/shopatoa.com\/ro\/cosmetice\/"},{"@type":"ListItem","position":4,"name":"Produse cosmetice pentru p\u0103r","item":"https:\/\/shopatoa.com\/ro\/produse-cosmetice-pentru-par\/"},{"@type":"ListItem","position":5,"name":"\u00cengrijirea p\u0103rului f\u0103r\u0103 cl\u0103tire","item":"https:\/\/shopatoa.com\/ro\/ingrijirea-parului-fara-clatire\/"},{"@type":"ListItem","position":6,"name":"Kevin Murphy Spray pentru men\u021binerea culorii p\u0103rului Everlasting.Colour Leave-in (Colour Protective Treatment) 1000 ml"}]},{"@type":"WebSite","@id":"https:\/\/shopatoa.com\/ro\/#website","url":"https:\/\/shopatoa.com\/ro\/","name":"SHOPATOA","description":"","publisher":{"@id":"https:\/\/shopatoa.com\/ro\/#organization"},"potentialAction":[{"@type":"SearchAction","target":{"@type":"EntryPoint","urlTemplate":"https:\/\/shopatoa.com\/ro\/?s={search_term_string}"},"query-input":{"@type":"PropertyValueSpecification","valueRequired":true,"valueName":"search_term_string"}}],"inLanguage":"ro-RO"},{"@type":"Organization","@id":"https:\/\/shopatoa.com\/ro\/#organization","name":"SHOPATOA","url":"https:\/\/shopatoa.com\/ro\/","logo":{"@type":"ImageObject","inLanguage":"ro-RO","@id":"https:\/\/shopatoa.com\/ro\/#\/schema\/logo\/image\/","url":"https:\/\/storage.googleapis.com\/cz-shopatoa-img\/ro\/b4dac915-shopatoa_logo.png","contentUrl":"https:\/\/storage.googleapis.com\/cz-shopatoa-img\/ro\/b4dac915-shopatoa_logo.png","width":416,"height":63,"caption":"SHOPATOA"},"image":{"@id":"https:\/\/shopatoa.com\/ro\/#\/schema\/logo\/image\/"}}]}},"_links":{"self":[{"href":"https:\/\/shopatoa.com\/ro\/wp-json\/wp\/v2\/product\/322112","targetHints":{"allow":["GET"]}}],"collection":[{"href":"https:\/\/shopatoa.com\/ro\/wp-json\/wp\/v2\/product"}],"about":[{"href":"https:\/\/shopatoa.com\/ro\/wp-json\/wp\/v2\/types\/product"}],"replies":[{"embeddable":true,"href":"https:\/\/shopatoa.com\/ro\/wp-json\/wp\/v2\/comments?post=322112"}],"wp:featuredmedia":[{"embeddable":true,"href":"https:\/\/shopatoa.com\/ro\/wp-json\/wp\/v2\/media\/322114"}],"wp:attachment":[{"href":"https:\/\/shopatoa.com\/ro\/wp-json\/wp\/v2\/media?parent=322112"}],"wp:term":[{"taxonomy":"product_brand","embeddable":true,"href":"https:\/\/shopatoa.com\/ro\/wp-json\/wp\/v2\/product_brand?post=322112"},{"taxonomy":"product_cat","embeddable":true,"href":"https:\/\/shopatoa.com\/ro\/wp-json\/wp\/v2\/product_cat?post=322112"},{"taxonomy":"product_tag","embeddable":true,"href":"https:\/\/shopatoa.com\/ro\/wp-json\/wp\/v2\/product_tag?post=322112"}],"curies":[{"name":"wp","href":"https:\/\/api.w.org\/{rel}","templated":true}]}}