{"id":322168,"date":"2025-05-06T00:25:37","date_gmt":"2025-05-05T22:25:37","guid":{"rendered":"https:\/\/shopatoa.com\/ro\/alcina-lac-de-unghii-de-lunga-durata-nail-colour-5-ml-hazelnut\/"},"modified":"2025-12-10T17:43:35","modified_gmt":"2025-12-10T16:43:35","slug":"alcina-lac-de-unghii-de-lunga-durata-nail-colour-5-ml-hazelnut","status":"publish","type":"product","link":"https:\/\/shopatoa.com\/ro\/alcina-lac-de-unghii-de-lunga-durata-nail-colour-5-ml-hazelnut\/","title":{"rendered":"Alcina Lac de unghii de lung\u0103 durat\u0103 (Nail Colour) 5 ml Hazelnut"},"content":{"rendered":"<p>Lacul de unghii \u00een nuan\u021be la mod\u0103 va oferi unghiilor dvs. un aspect vibrant \u0219i elegant. Datorit\u0103 culorii intense, texturii de lung\u0103 durat\u0103 \u0219i acoperirii perfecte, v\u0103 ve\u021bi bucura de un rezultat profesional \u00eenc\u0103 de la primul strat. Peria cu form\u0103 special\u0103 se adapteaz\u0103 la forma unghiei, f\u0103c\u00e2nd aplicarea rapid\u0103, u\u0219oar\u0103 \u0219i f\u0103r\u0103 urme.<\/p>\n","protected":false},"excerpt":{"rendered":"<p>Lacul de unghii \u00een nuan\u021be la mod\u0103 va oferi unghiilor dvs. un aspect vibrant \u0219i elegant. Datorit\u0103 culorii intense, texturii de lung\u0103 durat\u0103 \u0219i acoperirii perfecte, v\u0103 ve\u021bi bucura de un rezultat profesional \u00eenc\u0103 de la primul strat. Peria cu form\u0103 special\u0103 se adapteaz\u0103 la forma unghiei, f\u0103c\u00e2nd aplicarea rapid\u0103, u\u0219oar\u0103 \u0219i f\u0103r\u0103 urme.<\/p>\n","protected":false},"featured_media":322169,"comment_status":"closed","ping_status":"open","template":"","meta":{"_acf_changed":false,"_kadence_starter_templates_imported_post":false,"_kad_post_transparent":"","_kad_post_title":"","_kad_post_layout":"","_kad_post_sidebar_id":"","_kad_post_content_style":"","_kad_post_vertical_padding":"","_kad_post_feature":"","_kad_post_feature_position":"","_kad_post_header":false,"_kad_post_footer":false,"_kad_post_classname":""},"product_brand":[485],"product_cat":[731,246,609,732],"product_tag":[],"class_list":{"0":"post-322168","1":"product","2":"type-product","3":"status-publish","4":"has-post-thumbnail","6":"product_brand-alcina","7":"product_cat-cosmetica-decorativa-pentru-unghii","8":"product_cat-cosmetice","9":"product_cat-cosmetice-decorative","10":"product_cat-oje-de-unghii","12":"first","13":"instock","14":"product-type-external","15":"entry","16":"content-bg","17":"loop-entry"},"acf":[],"yoast_head":"<!-- This site is optimized with the Yoast SEO plugin v27.3 - https:\/\/yoast.com\/product\/yoast-seo-wordpress\/ -->\n<title>Alcina Lac de unghii de lung\u0103 durat\u0103 (Nail Colour) 5 ml Hazelnut - SHOPATOA.COM<\/title>\n<meta name=\"robots\" content=\"index, follow, max-snippet:-1, max-image-preview:large, max-video-preview:-1\" \/>\n<link rel=\"canonical\" href=\"https:\/\/shopatoa.com\/ro\/alcina-lac-de-unghii-de-lunga-durata-nail-colour-5-ml-hazelnut\/\" \/>\n<meta property=\"og:locale\" content=\"ro_RO\" \/>\n<meta property=\"og:type\" content=\"article\" \/>\n<meta property=\"og:title\" content=\"Alcina Lac de unghii de lung\u0103 durat\u0103 (Nail Colour) 5 ml Hazelnut - SHOPATOA.COM\" \/>\n<meta property=\"og:description\" content=\"Lacul de unghii \u00een nuan\u021be la mod\u0103 va oferi unghiilor dvs. un aspect vibrant \u0219i elegant. Datorit\u0103 culorii intense, texturii de lung\u0103 durat\u0103 \u0219i acoperirii perfecte, v\u0103 ve\u021bi bucura de un rezultat profesional \u00eenc\u0103 de la primul strat. Peria cu form\u0103 special\u0103 se adapteaz\u0103 la forma unghiei, f\u0103c\u00e2nd aplicarea rapid\u0103, u\u0219oar\u0103 \u0219i f\u0103r\u0103 urme.\" \/>\n<meta property=\"og:url\" content=\"https:\/\/shopatoa.com\/ro\/alcina-lac-de-unghii-de-lunga-durata-nail-colour-5-ml-hazelnut\/\" \/>\n<meta property=\"og:site_name\" content=\"SHOPATOA\" \/>\n<meta property=\"article:modified_time\" content=\"2025-12-10T16:43:35+00:00\" \/>\n<meta property=\"og:image\" content=\"https:\/\/storage.googleapis.com\/cz-shopatoa-img\/ro\/549832cc-unnamed-file.webp\" \/>\n\t<meta property=\"og:image:width\" content=\"800\" \/>\n\t<meta property=\"og:image:height\" content=\"800\" \/>\n\t<meta property=\"og:image:type\" content=\"image\/webp\" \/>\n<meta name=\"twitter:card\" content=\"summary_large_image\" \/>\n<script type=\"application\/ld+json\" class=\"yoast-schema-graph\">{\"@context\":\"https:\\\/\\\/schema.org\",\"@graph\":[{\"@type\":\"WebPage\",\"@id\":\"https:\\\/\\\/shopatoa.com\\\/ro\\\/alcina-lac-de-unghii-de-lunga-durata-nail-colour-5-ml-hazelnut\\\/\",\"url\":\"https:\\\/\\\/shopatoa.com\\\/ro\\\/alcina-lac-de-unghii-de-lunga-durata-nail-colour-5-ml-hazelnut\\\/\",\"name\":\"Alcina Lac de unghii de lung\u0103 durat\u0103 (Nail Colour) 5 ml Hazelnut - SHOPATOA.COM\",\"isPartOf\":{\"@id\":\"https:\\\/\\\/shopatoa.com\\\/ro\\\/#website\"},\"primaryImageOfPage\":{\"@id\":\"https:\\\/\\\/shopatoa.com\\\/ro\\\/alcina-lac-de-unghii-de-lunga-durata-nail-colour-5-ml-hazelnut\\\/#primaryimage\"},\"image\":{\"@id\":\"https:\\\/\\\/shopatoa.com\\\/ro\\\/alcina-lac-de-unghii-de-lunga-durata-nail-colour-5-ml-hazelnut\\\/#primaryimage\"},\"thumbnailUrl\":\"https:\\\/\\\/storage.googleapis.com\\\/cz-shopatoa-img\\\/ro\\\/549832cc-unnamed-file.webp\",\"datePublished\":\"2025-05-05T22:25:37+00:00\",\"dateModified\":\"2025-12-10T16:43:35+00:00\",\"breadcrumb\":{\"@id\":\"https:\\\/\\\/shopatoa.com\\\/ro\\\/alcina-lac-de-unghii-de-lunga-durata-nail-colour-5-ml-hazelnut\\\/#breadcrumb\"},\"inLanguage\":\"ro-RO\",\"potentialAction\":[{\"@type\":\"ReadAction\",\"target\":[\"https:\\\/\\\/shopatoa.com\\\/ro\\\/alcina-lac-de-unghii-de-lunga-durata-nail-colour-5-ml-hazelnut\\\/\"]}]},{\"@type\":\"ImageObject\",\"inLanguage\":\"ro-RO\",\"@id\":\"https:\\\/\\\/shopatoa.com\\\/ro\\\/alcina-lac-de-unghii-de-lunga-durata-nail-colour-5-ml-hazelnut\\\/#primaryimage\",\"url\":\"https:\\\/\\\/storage.googleapis.com\\\/cz-shopatoa-img\\\/ro\\\/549832cc-unnamed-file.webp\",\"contentUrl\":\"https:\\\/\\\/storage.googleapis.com\\\/cz-shopatoa-img\\\/ro\\\/549832cc-unnamed-file.webp\",\"width\":800,\"height\":800},{\"@type\":\"BreadcrumbList\",\"@id\":\"https:\\\/\\\/shopatoa.com\\\/ro\\\/alcina-lac-de-unghii-de-lunga-durata-nail-colour-5-ml-hazelnut\\\/#breadcrumb\",\"itemListElement\":[{\"@type\":\"ListItem\",\"position\":1,\"name\":\"Dom\u016f\",\"item\":\"https:\\\/\\\/shopatoa.com\\\/ro\\\/\"},{\"@type\":\"ListItem\",\"position\":2,\"name\":\"Shop\",\"item\":\"https:\\\/\\\/shopatoa.com\\\/ro\\\/shop\\\/\"},{\"@type\":\"ListItem\",\"position\":3,\"name\":\"Cosmetice\",\"item\":\"https:\\\/\\\/shopatoa.com\\\/ro\\\/cosmetice\\\/\"},{\"@type\":\"ListItem\",\"position\":4,\"name\":\"Cosmetice decorative\",\"item\":\"https:\\\/\\\/shopatoa.com\\\/ro\\\/cosmetice-decorative\\\/\"},{\"@type\":\"ListItem\",\"position\":5,\"name\":\"Cosmetica decorativa pentru unghii\",\"item\":\"https:\\\/\\\/shopatoa.com\\\/ro\\\/cosmetica-decorativa-pentru-unghii\\\/\"},{\"@type\":\"ListItem\",\"position\":6,\"name\":\"Oje de unghii\",\"item\":\"https:\\\/\\\/shopatoa.com\\\/ro\\\/oje-de-unghii\\\/\"},{\"@type\":\"ListItem\",\"position\":7,\"name\":\"Alcina Lac de unghii de lung\u0103 durat\u0103 (Nail Colour) 5 ml Hazelnut\"}]},{\"@type\":\"WebSite\",\"@id\":\"https:\\\/\\\/shopatoa.com\\\/ro\\\/#website\",\"url\":\"https:\\\/\\\/shopatoa.com\\\/ro\\\/\",\"name\":\"SHOPATOA\",\"description\":\"\",\"publisher\":{\"@id\":\"https:\\\/\\\/shopatoa.com\\\/ro\\\/#organization\"},\"potentialAction\":[{\"@type\":\"SearchAction\",\"target\":{\"@type\":\"EntryPoint\",\"urlTemplate\":\"https:\\\/\\\/shopatoa.com\\\/ro\\\/?s={search_term_string}\"},\"query-input\":{\"@type\":\"PropertyValueSpecification\",\"valueRequired\":true,\"valueName\":\"search_term_string\"}}],\"inLanguage\":\"ro-RO\"},{\"@type\":\"Organization\",\"@id\":\"https:\\\/\\\/shopatoa.com\\\/ro\\\/#organization\",\"name\":\"SHOPATOA\",\"url\":\"https:\\\/\\\/shopatoa.com\\\/ro\\\/\",\"logo\":{\"@type\":\"ImageObject\",\"inLanguage\":\"ro-RO\",\"@id\":\"https:\\\/\\\/shopatoa.com\\\/ro\\\/#\\\/schema\\\/logo\\\/image\\\/\",\"url\":\"https:\\\/\\\/storage.googleapis.com\\\/cz-shopatoa-img\\\/ro\\\/b4dac915-shopatoa_logo.png\",\"contentUrl\":\"https:\\\/\\\/storage.googleapis.com\\\/cz-shopatoa-img\\\/ro\\\/b4dac915-shopatoa_logo.png\",\"width\":416,\"height\":63,\"caption\":\"SHOPATOA\"},\"image\":{\"@id\":\"https:\\\/\\\/shopatoa.com\\\/ro\\\/#\\\/schema\\\/logo\\\/image\\\/\"}}]}<\/script>\n<!-- \/ Yoast SEO plugin. -->","yoast_head_json":{"title":"Alcina Lac de unghii de lung\u0103 durat\u0103 (Nail Colour) 5 ml Hazelnut - SHOPATOA.COM","robots":{"index":"index","follow":"follow","max-snippet":"max-snippet:-1","max-image-preview":"max-image-preview:large","max-video-preview":"max-video-preview:-1"},"canonical":"https:\/\/shopatoa.com\/ro\/alcina-lac-de-unghii-de-lunga-durata-nail-colour-5-ml-hazelnut\/","og_locale":"ro_RO","og_type":"article","og_title":"Alcina Lac de unghii de lung\u0103 durat\u0103 (Nail Colour) 5 ml Hazelnut - SHOPATOA.COM","og_description":"Lacul de unghii \u00een nuan\u021be la mod\u0103 va oferi unghiilor dvs. un aspect vibrant \u0219i elegant. Datorit\u0103 culorii intense, texturii de lung\u0103 durat\u0103 \u0219i acoperirii perfecte, v\u0103 ve\u021bi bucura de un rezultat profesional \u00eenc\u0103 de la primul strat. Peria cu form\u0103 special\u0103 se adapteaz\u0103 la forma unghiei, f\u0103c\u00e2nd aplicarea rapid\u0103, u\u0219oar\u0103 \u0219i f\u0103r\u0103 urme.","og_url":"https:\/\/shopatoa.com\/ro\/alcina-lac-de-unghii-de-lunga-durata-nail-colour-5-ml-hazelnut\/","og_site_name":"SHOPATOA","article_modified_time":"2025-12-10T16:43:35+00:00","og_image":[{"width":800,"height":800,"url":"https:\/\/storage.googleapis.com\/cz-shopatoa-img\/ro\/549832cc-unnamed-file.webp","type":"image\/webp"}],"twitter_card":"summary_large_image","schema":{"@context":"https:\/\/schema.org","@graph":[{"@type":"WebPage","@id":"https:\/\/shopatoa.com\/ro\/alcina-lac-de-unghii-de-lunga-durata-nail-colour-5-ml-hazelnut\/","url":"https:\/\/shopatoa.com\/ro\/alcina-lac-de-unghii-de-lunga-durata-nail-colour-5-ml-hazelnut\/","name":"Alcina Lac de unghii de lung\u0103 durat\u0103 (Nail Colour) 5 ml Hazelnut - SHOPATOA.COM","isPartOf":{"@id":"https:\/\/shopatoa.com\/ro\/#website"},"primaryImageOfPage":{"@id":"https:\/\/shopatoa.com\/ro\/alcina-lac-de-unghii-de-lunga-durata-nail-colour-5-ml-hazelnut\/#primaryimage"},"image":{"@id":"https:\/\/shopatoa.com\/ro\/alcina-lac-de-unghii-de-lunga-durata-nail-colour-5-ml-hazelnut\/#primaryimage"},"thumbnailUrl":"https:\/\/storage.googleapis.com\/cz-shopatoa-img\/ro\/549832cc-unnamed-file.webp","datePublished":"2025-05-05T22:25:37+00:00","dateModified":"2025-12-10T16:43:35+00:00","breadcrumb":{"@id":"https:\/\/shopatoa.com\/ro\/alcina-lac-de-unghii-de-lunga-durata-nail-colour-5-ml-hazelnut\/#breadcrumb"},"inLanguage":"ro-RO","potentialAction":[{"@type":"ReadAction","target":["https:\/\/shopatoa.com\/ro\/alcina-lac-de-unghii-de-lunga-durata-nail-colour-5-ml-hazelnut\/"]}]},{"@type":"ImageObject","inLanguage":"ro-RO","@id":"https:\/\/shopatoa.com\/ro\/alcina-lac-de-unghii-de-lunga-durata-nail-colour-5-ml-hazelnut\/#primaryimage","url":"https:\/\/storage.googleapis.com\/cz-shopatoa-img\/ro\/549832cc-unnamed-file.webp","contentUrl":"https:\/\/storage.googleapis.com\/cz-shopatoa-img\/ro\/549832cc-unnamed-file.webp","width":800,"height":800},{"@type":"BreadcrumbList","@id":"https:\/\/shopatoa.com\/ro\/alcina-lac-de-unghii-de-lunga-durata-nail-colour-5-ml-hazelnut\/#breadcrumb","itemListElement":[{"@type":"ListItem","position":1,"name":"Dom\u016f","item":"https:\/\/shopatoa.com\/ro\/"},{"@type":"ListItem","position":2,"name":"Shop","item":"https:\/\/shopatoa.com\/ro\/shop\/"},{"@type":"ListItem","position":3,"name":"Cosmetice","item":"https:\/\/shopatoa.com\/ro\/cosmetice\/"},{"@type":"ListItem","position":4,"name":"Cosmetice decorative","item":"https:\/\/shopatoa.com\/ro\/cosmetice-decorative\/"},{"@type":"ListItem","position":5,"name":"Cosmetica decorativa pentru unghii","item":"https:\/\/shopatoa.com\/ro\/cosmetica-decorativa-pentru-unghii\/"},{"@type":"ListItem","position":6,"name":"Oje de unghii","item":"https:\/\/shopatoa.com\/ro\/oje-de-unghii\/"},{"@type":"ListItem","position":7,"name":"Alcina Lac de unghii de lung\u0103 durat\u0103 (Nail Colour) 5 ml Hazelnut"}]},{"@type":"WebSite","@id":"https:\/\/shopatoa.com\/ro\/#website","url":"https:\/\/shopatoa.com\/ro\/","name":"SHOPATOA","description":"","publisher":{"@id":"https:\/\/shopatoa.com\/ro\/#organization"},"potentialAction":[{"@type":"SearchAction","target":{"@type":"EntryPoint","urlTemplate":"https:\/\/shopatoa.com\/ro\/?s={search_term_string}"},"query-input":{"@type":"PropertyValueSpecification","valueRequired":true,"valueName":"search_term_string"}}],"inLanguage":"ro-RO"},{"@type":"Organization","@id":"https:\/\/shopatoa.com\/ro\/#organization","name":"SHOPATOA","url":"https:\/\/shopatoa.com\/ro\/","logo":{"@type":"ImageObject","inLanguage":"ro-RO","@id":"https:\/\/shopatoa.com\/ro\/#\/schema\/logo\/image\/","url":"https:\/\/storage.googleapis.com\/cz-shopatoa-img\/ro\/b4dac915-shopatoa_logo.png","contentUrl":"https:\/\/storage.googleapis.com\/cz-shopatoa-img\/ro\/b4dac915-shopatoa_logo.png","width":416,"height":63,"caption":"SHOPATOA"},"image":{"@id":"https:\/\/shopatoa.com\/ro\/#\/schema\/logo\/image\/"}}]}},"_links":{"self":[{"href":"https:\/\/shopatoa.com\/ro\/wp-json\/wp\/v2\/product\/322168","targetHints":{"allow":["GET"]}}],"collection":[{"href":"https:\/\/shopatoa.com\/ro\/wp-json\/wp\/v2\/product"}],"about":[{"href":"https:\/\/shopatoa.com\/ro\/wp-json\/wp\/v2\/types\/product"}],"replies":[{"embeddable":true,"href":"https:\/\/shopatoa.com\/ro\/wp-json\/wp\/v2\/comments?post=322168"}],"wp:featuredmedia":[{"embeddable":true,"href":"https:\/\/shopatoa.com\/ro\/wp-json\/wp\/v2\/media\/322169"}],"wp:attachment":[{"href":"https:\/\/shopatoa.com\/ro\/wp-json\/wp\/v2\/media?parent=322168"}],"wp:term":[{"taxonomy":"product_brand","embeddable":true,"href":"https:\/\/shopatoa.com\/ro\/wp-json\/wp\/v2\/product_brand?post=322168"},{"taxonomy":"product_cat","embeddable":true,"href":"https:\/\/shopatoa.com\/ro\/wp-json\/wp\/v2\/product_cat?post=322168"},{"taxonomy":"product_tag","embeddable":true,"href":"https:\/\/shopatoa.com\/ro\/wp-json\/wp\/v2\/product_tag?post=322168"}],"curies":[{"name":"wp","href":"https:\/\/api.w.org\/{rel}","templated":true}]}}