{"id":322285,"date":"2025-05-06T00:40:08","date_gmt":"2025-05-05T22:40:08","guid":{"rendered":"https:\/\/shopatoa.com\/ro\/bellissima-dispozitiv-de-vibratii-pentru-a-revitaliza-rotational-pielii-corpului-5100-de-body-cleansing-pentru-imetec\/"},"modified":"2025-12-10T17:24:42","modified_gmt":"2025-12-10T16:24:42","slug":"bellissima-dispozitiv-de-vibratii-pentru-a-revitaliza-rotational-pielii-corpului-5100-de-body-cleansing-pentru-imetec","status":"publish","type":"product","link":"https:\/\/shopatoa.com\/ro\/bellissima-dispozitiv-de-vibratii-pentru-a-revitaliza-rotational-pielii-corpului-5100-de-body-cleansing-pentru-imetec\/","title":{"rendered":"Bellissima Dispozitiv de vibra\u021bii pentru a revitaliza Rotational pielii corpului 5100 de Body Cleansing pentru Imetec"},"content":{"rendered":"<p>T\u011blo de mai sus instrumentul vibrator rotativ are grija de piele. Elimin\u0103 impurit\u0103\u021bile, porii astupati si celulele moarte. Poate fi utilizat \u00een condi\u021bii de umiditate, ceea ce \u00eempiedic\u0103 incarnate pufoase \u0219i las\u0103 pielea neted\u0103 \u0219i moale. Atunci c\u00e2nd se utilizeaz\u0103 uscat stimuleaz\u0103 microcircula\u021bia pielii \u0219i masaj moale.<\/p>\n","protected":false},"excerpt":{"rendered":"<p>T\u011blo de mai sus instrumentul vibrator rotativ are grija de piele. Elimin\u0103 impurit\u0103\u021bile, porii astupati si celulele moarte. Poate fi utilizat \u00een condi\u021bii de umiditate, ceea ce \u00eempiedic\u0103 incarnate pufoase \u0219i las\u0103 pielea neted\u0103 \u0219i moale. Atunci c\u00e2nd se utilizeaz\u0103 uscat stimuleaz\u0103 microcircula\u021bia pielii \u0219i masaj moale.<\/p>\n","protected":false},"featured_media":322287,"comment_status":"closed","ping_status":"open","template":"","meta":{"_acf_changed":false,"_kadence_starter_templates_imported_post":false,"_kad_post_transparent":"","_kad_post_title":"","_kad_post_layout":"","_kad_post_sidebar_id":"","_kad_post_content_style":"","_kad_post_vertical_padding":"","_kad_post_feature":"","_kad_post_feature_position":"","_kad_post_header":false,"_kad_post_footer":false,"_kad_post_classname":""},"product_brand":[976],"product_cat":[246,676,677,611],"product_tag":[],"class_list":{"0":"post-322285","1":"product","2":"type-product","3":"status-publish","4":"has-post-thumbnail","6":"product_brand-bellissima","7":"product_cat-cosmetice","8":"product_cat-dispozitive-si-preparate-pentru-masaj","9":"product_cat-preparate-de-masaj","10":"product_cat-produse-cosmetice-pentru-corp","12":"first","13":"instock","14":"product-type-external","15":"entry","16":"content-bg","17":"loop-entry"},"acf":[],"yoast_head":"<!-- This site is optimized with the Yoast SEO plugin v27.4 - https:\/\/yoast.com\/product\/yoast-seo-wordpress\/ -->\n<title>Bellissima Dispozitiv de vibra\u021bii pentru a revitaliza Rotational pielii corpului 5100 de Body Cleansing pentru Imetec - SHOPATOA.COM<\/title>\n<meta name=\"robots\" content=\"index, follow, max-snippet:-1, max-image-preview:large, max-video-preview:-1\" \/>\n<link rel=\"canonical\" href=\"https:\/\/shopatoa.com\/ro\/bellissima-dispozitiv-de-vibratii-pentru-a-revitaliza-rotational-pielii-corpului-5100-de-body-cleansing-pentru-imetec\/\" \/>\n<meta property=\"og:locale\" content=\"ro_RO\" \/>\n<meta property=\"og:type\" content=\"article\" \/>\n<meta property=\"og:title\" content=\"Bellissima Dispozitiv de vibra\u021bii pentru a revitaliza Rotational pielii corpului 5100 de Body Cleansing pentru Imetec - SHOPATOA.COM\" \/>\n<meta property=\"og:description\" content=\"T\u011blo de mai sus instrumentul vibrator rotativ are grija de piele. Elimin\u0103 impurit\u0103\u021bile, porii astupati si celulele moarte. Poate fi utilizat \u00een condi\u021bii de umiditate, ceea ce \u00eempiedic\u0103 incarnate pufoase \u0219i las\u0103 pielea neted\u0103 \u0219i moale. Atunci c\u00e2nd se utilizeaz\u0103 uscat stimuleaz\u0103 microcircula\u021bia pielii \u0219i masaj moale.\" \/>\n<meta property=\"og:url\" content=\"https:\/\/shopatoa.com\/ro\/bellissima-dispozitiv-de-vibratii-pentru-a-revitaliza-rotational-pielii-corpului-5100-de-body-cleansing-pentru-imetec\/\" \/>\n<meta property=\"og:site_name\" content=\"SHOPATOA\" \/>\n<meta property=\"article:modified_time\" content=\"2025-12-10T16:24:42+00:00\" \/>\n<meta property=\"og:image\" content=\"https:\/\/storage.googleapis.com\/cz-shopatoa-img\/ro\/f256868e-unnamed-file.webp\" \/>\n\t<meta property=\"og:image:width\" content=\"800\" \/>\n\t<meta property=\"og:image:height\" content=\"800\" \/>\n\t<meta property=\"og:image:type\" content=\"image\/webp\" \/>\n<meta name=\"twitter:card\" content=\"summary_large_image\" \/>\n<script type=\"application\/ld+json\" class=\"yoast-schema-graph\">{\"@context\":\"https:\\\/\\\/schema.org\",\"@graph\":[{\"@type\":\"WebPage\",\"@id\":\"https:\\\/\\\/shopatoa.com\\\/ro\\\/bellissima-dispozitiv-de-vibratii-pentru-a-revitaliza-rotational-pielii-corpului-5100-de-body-cleansing-pentru-imetec\\\/\",\"url\":\"https:\\\/\\\/shopatoa.com\\\/ro\\\/bellissima-dispozitiv-de-vibratii-pentru-a-revitaliza-rotational-pielii-corpului-5100-de-body-cleansing-pentru-imetec\\\/\",\"name\":\"Bellissima Dispozitiv de vibra\u021bii pentru a revitaliza Rotational pielii corpului 5100 de Body Cleansing pentru Imetec - SHOPATOA.COM\",\"isPartOf\":{\"@id\":\"https:\\\/\\\/shopatoa.com\\\/ro\\\/#website\"},\"primaryImageOfPage\":{\"@id\":\"https:\\\/\\\/shopatoa.com\\\/ro\\\/bellissima-dispozitiv-de-vibratii-pentru-a-revitaliza-rotational-pielii-corpului-5100-de-body-cleansing-pentru-imetec\\\/#primaryimage\"},\"image\":{\"@id\":\"https:\\\/\\\/shopatoa.com\\\/ro\\\/bellissima-dispozitiv-de-vibratii-pentru-a-revitaliza-rotational-pielii-corpului-5100-de-body-cleansing-pentru-imetec\\\/#primaryimage\"},\"thumbnailUrl\":\"https:\\\/\\\/storage.googleapis.com\\\/cz-shopatoa-img\\\/ro\\\/f256868e-unnamed-file.webp\",\"datePublished\":\"2025-05-05T22:40:08+00:00\",\"dateModified\":\"2025-12-10T16:24:42+00:00\",\"breadcrumb\":{\"@id\":\"https:\\\/\\\/shopatoa.com\\\/ro\\\/bellissima-dispozitiv-de-vibratii-pentru-a-revitaliza-rotational-pielii-corpului-5100-de-body-cleansing-pentru-imetec\\\/#breadcrumb\"},\"inLanguage\":\"ro-RO\",\"potentialAction\":[{\"@type\":\"ReadAction\",\"target\":[\"https:\\\/\\\/shopatoa.com\\\/ro\\\/bellissima-dispozitiv-de-vibratii-pentru-a-revitaliza-rotational-pielii-corpului-5100-de-body-cleansing-pentru-imetec\\\/\"]}]},{\"@type\":\"ImageObject\",\"inLanguage\":\"ro-RO\",\"@id\":\"https:\\\/\\\/shopatoa.com\\\/ro\\\/bellissima-dispozitiv-de-vibratii-pentru-a-revitaliza-rotational-pielii-corpului-5100-de-body-cleansing-pentru-imetec\\\/#primaryimage\",\"url\":\"https:\\\/\\\/storage.googleapis.com\\\/cz-shopatoa-img\\\/ro\\\/f256868e-unnamed-file.webp\",\"contentUrl\":\"https:\\\/\\\/storage.googleapis.com\\\/cz-shopatoa-img\\\/ro\\\/f256868e-unnamed-file.webp\",\"width\":800,\"height\":800},{\"@type\":\"BreadcrumbList\",\"@id\":\"https:\\\/\\\/shopatoa.com\\\/ro\\\/bellissima-dispozitiv-de-vibratii-pentru-a-revitaliza-rotational-pielii-corpului-5100-de-body-cleansing-pentru-imetec\\\/#breadcrumb\",\"itemListElement\":[{\"@type\":\"ListItem\",\"position\":1,\"name\":\"Dom\u016f\",\"item\":\"https:\\\/\\\/shopatoa.com\\\/ro\\\/\"},{\"@type\":\"ListItem\",\"position\":2,\"name\":\"Shop\",\"item\":\"https:\\\/\\\/shopatoa.com\\\/ro\\\/shop\\\/\"},{\"@type\":\"ListItem\",\"position\":3,\"name\":\"Cosmetice\",\"item\":\"https:\\\/\\\/shopatoa.com\\\/ro\\\/cosmetice\\\/\"},{\"@type\":\"ListItem\",\"position\":4,\"name\":\"Produse cosmetice pentru corp\",\"item\":\"https:\\\/\\\/shopatoa.com\\\/ro\\\/produse-cosmetice-pentru-corp\\\/\"},{\"@type\":\"ListItem\",\"position\":5,\"name\":\"Dispozitive \u0219i preparate pentru masaj\",\"item\":\"https:\\\/\\\/shopatoa.com\\\/ro\\\/dispozitive-si-preparate-pentru-masaj\\\/\"},{\"@type\":\"ListItem\",\"position\":6,\"name\":\"Preparate de masaj\",\"item\":\"https:\\\/\\\/shopatoa.com\\\/ro\\\/preparate-de-masaj\\\/\"},{\"@type\":\"ListItem\",\"position\":7,\"name\":\"Bellissima Dispozitiv de vibra\u021bii pentru a revitaliza Rotational pielii corpului 5100 de Body Cleansing pentru Imetec\"}]},{\"@type\":\"WebSite\",\"@id\":\"https:\\\/\\\/shopatoa.com\\\/ro\\\/#website\",\"url\":\"https:\\\/\\\/shopatoa.com\\\/ro\\\/\",\"name\":\"SHOPATOA\",\"description\":\"\",\"publisher\":{\"@id\":\"https:\\\/\\\/shopatoa.com\\\/ro\\\/#organization\"},\"potentialAction\":[{\"@type\":\"SearchAction\",\"target\":{\"@type\":\"EntryPoint\",\"urlTemplate\":\"https:\\\/\\\/shopatoa.com\\\/ro\\\/?s={search_term_string}\"},\"query-input\":{\"@type\":\"PropertyValueSpecification\",\"valueRequired\":true,\"valueName\":\"search_term_string\"}}],\"inLanguage\":\"ro-RO\"},{\"@type\":\"Organization\",\"@id\":\"https:\\\/\\\/shopatoa.com\\\/ro\\\/#organization\",\"name\":\"SHOPATOA\",\"url\":\"https:\\\/\\\/shopatoa.com\\\/ro\\\/\",\"logo\":{\"@type\":\"ImageObject\",\"inLanguage\":\"ro-RO\",\"@id\":\"https:\\\/\\\/shopatoa.com\\\/ro\\\/#\\\/schema\\\/logo\\\/image\\\/\",\"url\":\"https:\\\/\\\/storage.googleapis.com\\\/cz-shopatoa-img\\\/ro\\\/b4dac915-shopatoa_logo.png\",\"contentUrl\":\"https:\\\/\\\/storage.googleapis.com\\\/cz-shopatoa-img\\\/ro\\\/b4dac915-shopatoa_logo.png\",\"width\":416,\"height\":63,\"caption\":\"SHOPATOA\"},\"image\":{\"@id\":\"https:\\\/\\\/shopatoa.com\\\/ro\\\/#\\\/schema\\\/logo\\\/image\\\/\"}}]}<\/script>\n<!-- \/ Yoast SEO plugin. -->","yoast_head_json":{"title":"Bellissima Dispozitiv de vibra\u021bii pentru a revitaliza Rotational pielii corpului 5100 de Body Cleansing pentru Imetec - SHOPATOA.COM","robots":{"index":"index","follow":"follow","max-snippet":"max-snippet:-1","max-image-preview":"max-image-preview:large","max-video-preview":"max-video-preview:-1"},"canonical":"https:\/\/shopatoa.com\/ro\/bellissima-dispozitiv-de-vibratii-pentru-a-revitaliza-rotational-pielii-corpului-5100-de-body-cleansing-pentru-imetec\/","og_locale":"ro_RO","og_type":"article","og_title":"Bellissima Dispozitiv de vibra\u021bii pentru a revitaliza Rotational pielii corpului 5100 de Body Cleansing pentru Imetec - SHOPATOA.COM","og_description":"T\u011blo de mai sus instrumentul vibrator rotativ are grija de piele. Elimin\u0103 impurit\u0103\u021bile, porii astupati si celulele moarte. Poate fi utilizat \u00een condi\u021bii de umiditate, ceea ce \u00eempiedic\u0103 incarnate pufoase \u0219i las\u0103 pielea neted\u0103 \u0219i moale. Atunci c\u00e2nd se utilizeaz\u0103 uscat stimuleaz\u0103 microcircula\u021bia pielii \u0219i masaj moale.","og_url":"https:\/\/shopatoa.com\/ro\/bellissima-dispozitiv-de-vibratii-pentru-a-revitaliza-rotational-pielii-corpului-5100-de-body-cleansing-pentru-imetec\/","og_site_name":"SHOPATOA","article_modified_time":"2025-12-10T16:24:42+00:00","og_image":[{"width":800,"height":800,"url":"https:\/\/storage.googleapis.com\/cz-shopatoa-img\/ro\/f256868e-unnamed-file.webp","type":"image\/webp"}],"twitter_card":"summary_large_image","schema":{"@context":"https:\/\/schema.org","@graph":[{"@type":"WebPage","@id":"https:\/\/shopatoa.com\/ro\/bellissima-dispozitiv-de-vibratii-pentru-a-revitaliza-rotational-pielii-corpului-5100-de-body-cleansing-pentru-imetec\/","url":"https:\/\/shopatoa.com\/ro\/bellissima-dispozitiv-de-vibratii-pentru-a-revitaliza-rotational-pielii-corpului-5100-de-body-cleansing-pentru-imetec\/","name":"Bellissima Dispozitiv de vibra\u021bii pentru a revitaliza Rotational pielii corpului 5100 de Body Cleansing pentru Imetec - SHOPATOA.COM","isPartOf":{"@id":"https:\/\/shopatoa.com\/ro\/#website"},"primaryImageOfPage":{"@id":"https:\/\/shopatoa.com\/ro\/bellissima-dispozitiv-de-vibratii-pentru-a-revitaliza-rotational-pielii-corpului-5100-de-body-cleansing-pentru-imetec\/#primaryimage"},"image":{"@id":"https:\/\/shopatoa.com\/ro\/bellissima-dispozitiv-de-vibratii-pentru-a-revitaliza-rotational-pielii-corpului-5100-de-body-cleansing-pentru-imetec\/#primaryimage"},"thumbnailUrl":"https:\/\/storage.googleapis.com\/cz-shopatoa-img\/ro\/f256868e-unnamed-file.webp","datePublished":"2025-05-05T22:40:08+00:00","dateModified":"2025-12-10T16:24:42+00:00","breadcrumb":{"@id":"https:\/\/shopatoa.com\/ro\/bellissima-dispozitiv-de-vibratii-pentru-a-revitaliza-rotational-pielii-corpului-5100-de-body-cleansing-pentru-imetec\/#breadcrumb"},"inLanguage":"ro-RO","potentialAction":[{"@type":"ReadAction","target":["https:\/\/shopatoa.com\/ro\/bellissima-dispozitiv-de-vibratii-pentru-a-revitaliza-rotational-pielii-corpului-5100-de-body-cleansing-pentru-imetec\/"]}]},{"@type":"ImageObject","inLanguage":"ro-RO","@id":"https:\/\/shopatoa.com\/ro\/bellissima-dispozitiv-de-vibratii-pentru-a-revitaliza-rotational-pielii-corpului-5100-de-body-cleansing-pentru-imetec\/#primaryimage","url":"https:\/\/storage.googleapis.com\/cz-shopatoa-img\/ro\/f256868e-unnamed-file.webp","contentUrl":"https:\/\/storage.googleapis.com\/cz-shopatoa-img\/ro\/f256868e-unnamed-file.webp","width":800,"height":800},{"@type":"BreadcrumbList","@id":"https:\/\/shopatoa.com\/ro\/bellissima-dispozitiv-de-vibratii-pentru-a-revitaliza-rotational-pielii-corpului-5100-de-body-cleansing-pentru-imetec\/#breadcrumb","itemListElement":[{"@type":"ListItem","position":1,"name":"Dom\u016f","item":"https:\/\/shopatoa.com\/ro\/"},{"@type":"ListItem","position":2,"name":"Shop","item":"https:\/\/shopatoa.com\/ro\/shop\/"},{"@type":"ListItem","position":3,"name":"Cosmetice","item":"https:\/\/shopatoa.com\/ro\/cosmetice\/"},{"@type":"ListItem","position":4,"name":"Produse cosmetice pentru corp","item":"https:\/\/shopatoa.com\/ro\/produse-cosmetice-pentru-corp\/"},{"@type":"ListItem","position":5,"name":"Dispozitive \u0219i preparate pentru masaj","item":"https:\/\/shopatoa.com\/ro\/dispozitive-si-preparate-pentru-masaj\/"},{"@type":"ListItem","position":6,"name":"Preparate de masaj","item":"https:\/\/shopatoa.com\/ro\/preparate-de-masaj\/"},{"@type":"ListItem","position":7,"name":"Bellissima Dispozitiv de vibra\u021bii pentru a revitaliza Rotational pielii corpului 5100 de Body Cleansing pentru Imetec"}]},{"@type":"WebSite","@id":"https:\/\/shopatoa.com\/ro\/#website","url":"https:\/\/shopatoa.com\/ro\/","name":"SHOPATOA","description":"","publisher":{"@id":"https:\/\/shopatoa.com\/ro\/#organization"},"potentialAction":[{"@type":"SearchAction","target":{"@type":"EntryPoint","urlTemplate":"https:\/\/shopatoa.com\/ro\/?s={search_term_string}"},"query-input":{"@type":"PropertyValueSpecification","valueRequired":true,"valueName":"search_term_string"}}],"inLanguage":"ro-RO"},{"@type":"Organization","@id":"https:\/\/shopatoa.com\/ro\/#organization","name":"SHOPATOA","url":"https:\/\/shopatoa.com\/ro\/","logo":{"@type":"ImageObject","inLanguage":"ro-RO","@id":"https:\/\/shopatoa.com\/ro\/#\/schema\/logo\/image\/","url":"https:\/\/storage.googleapis.com\/cz-shopatoa-img\/ro\/b4dac915-shopatoa_logo.png","contentUrl":"https:\/\/storage.googleapis.com\/cz-shopatoa-img\/ro\/b4dac915-shopatoa_logo.png","width":416,"height":63,"caption":"SHOPATOA"},"image":{"@id":"https:\/\/shopatoa.com\/ro\/#\/schema\/logo\/image\/"}}]}},"_links":{"self":[{"href":"https:\/\/shopatoa.com\/ro\/wp-json\/wp\/v2\/product\/322285","targetHints":{"allow":["GET"]}}],"collection":[{"href":"https:\/\/shopatoa.com\/ro\/wp-json\/wp\/v2\/product"}],"about":[{"href":"https:\/\/shopatoa.com\/ro\/wp-json\/wp\/v2\/types\/product"}],"replies":[{"embeddable":true,"href":"https:\/\/shopatoa.com\/ro\/wp-json\/wp\/v2\/comments?post=322285"}],"wp:featuredmedia":[{"embeddable":true,"href":"https:\/\/shopatoa.com\/ro\/wp-json\/wp\/v2\/media\/322287"}],"wp:attachment":[{"href":"https:\/\/shopatoa.com\/ro\/wp-json\/wp\/v2\/media?parent=322285"}],"wp:term":[{"taxonomy":"product_brand","embeddable":true,"href":"https:\/\/shopatoa.com\/ro\/wp-json\/wp\/v2\/product_brand?post=322285"},{"taxonomy":"product_cat","embeddable":true,"href":"https:\/\/shopatoa.com\/ro\/wp-json\/wp\/v2\/product_cat?post=322285"},{"taxonomy":"product_tag","embeddable":true,"href":"https:\/\/shopatoa.com\/ro\/wp-json\/wp\/v2\/product_tag?post=322285"}],"curies":[{"name":"wp","href":"https:\/\/api.w.org\/{rel}","templated":true}]}}