{"id":322380,"date":"2025-05-06T00:50:46","date_gmt":"2025-05-05T22:50:46","guid":{"rendered":"https:\/\/shopatoa.com\/ro\/foreo-periuta-sonica-de-dinti-pentru-copii-issa-baby-strawberry-rose-lion\/"},"modified":"2025-09-27T18:00:41","modified_gmt":"2025-09-27T16:00:41","slug":"foreo-periuta-sonica-de-dinti-pentru-copii-issa-baby-strawberry-rose-lion","status":"publish","type":"product","link":"https:\/\/shopatoa.com\/ro\/foreo-periuta-sonica-de-dinti-pentru-copii-issa-baby-strawberry-rose-lion\/","title":{"rendered":"Foreo Periu\u021b\u0103 sonic\u0103 de din\u021bi pentru copii ISSA\u2122 Baby Strawberry Rose Lion"},"content":{"rendered":"<p>Periu\u021ba de din\u021bi sonic\u0103 ISSA\u2122 baby de la FOREO a fost conceput\u0103 special pentru cei mici \u2013 de la nou-n\u0103scu\u021bi p\u00e2n\u0103 la copii de 4 ani. Este fabricat\u0103 exclusiv din silicon medical extrem de moale \u0219i sigur, care este delicat cu gingiile sensibile \u0219i primii din\u021bi. Datorit\u0103 celor dou\u0103 moduri, ajut\u0103 nu doar la ameliorarea durerii cauzate de erup\u021bia din\u021bilor, dar \u0219i la formarea obiceiurilor corecte de igien\u0103 oral\u0103.<\/p>\n","protected":false},"excerpt":{"rendered":"<p>Periu\u021ba de din\u021bi sonic\u0103 ISSA\u2122 baby de la FOREO a fost conceput\u0103 special pentru cei mici \u2013 de la nou-n\u0103scu\u021bi p\u00e2n\u0103 la copii de 4 ani. Este fabricat\u0103 exclusiv din silicon medical extrem de moale \u0219i sigur, care este delicat cu gingiile sensibile \u0219i primii din\u021bi. Datorit\u0103 celor dou\u0103 moduri, ajut\u0103 nu doar la ameliorarea&#8230;<\/p>\n","protected":false},"featured_media":322382,"comment_status":"closed","ping_status":"open","template":"","meta":{"_acf_changed":false,"_kadence_starter_templates_imported_post":false,"_kad_post_transparent":"","_kad_post_title":"","_kad_post_layout":"","_kad_post_sidebar_id":"","_kad_post_content_style":"","_kad_post_vertical_padding":"","_kad_post_feature":"","_kad_post_feature_position":"","_kad_post_header":false,"_kad_post_footer":false,"_kad_post_classname":""},"product_brand":[289],"product_cat":[246,709,764],"product_tag":[],"class_list":{"0":"post-322380","1":"product","2":"type-product","3":"status-publish","4":"has-post-thumbnail","6":"product_brand-foreo","7":"product_cat-cosmetice","8":"product_cat-ingrijirea-dentara","9":"product_cat-periute-de-dinti-electrice","11":"first","12":"instock","13":"product-type-external","14":"entry","15":"content-bg","16":"loop-entry"},"acf":[],"yoast_head":"<!-- This site is optimized with the Yoast SEO plugin v27.4 - https:\/\/yoast.com\/product\/yoast-seo-wordpress\/ -->\n<title>Foreo Periu\u021b\u0103 sonic\u0103 de din\u021bi pentru copii ISSA\u2122 Baby Strawberry Rose Lion - SHOPATOA.COM<\/title>\n<meta name=\"robots\" content=\"index, follow, max-snippet:-1, max-image-preview:large, max-video-preview:-1\" \/>\n<link rel=\"canonical\" href=\"https:\/\/shopatoa.com\/ro\/foreo-periuta-sonica-de-dinti-pentru-copii-issa-baby-strawberry-rose-lion\/\" \/>\n<meta property=\"og:locale\" content=\"ro_RO\" \/>\n<meta property=\"og:type\" content=\"article\" \/>\n<meta property=\"og:title\" content=\"Foreo Periu\u021b\u0103 sonic\u0103 de din\u021bi pentru copii ISSA\u2122 Baby Strawberry Rose Lion - SHOPATOA.COM\" \/>\n<meta property=\"og:description\" content=\"Periu\u021ba de din\u021bi sonic\u0103 ISSA\u2122 baby de la FOREO a fost conceput\u0103 special pentru cei mici \u2013 de la nou-n\u0103scu\u021bi p\u00e2n\u0103 la copii de 4 ani. Este fabricat\u0103 exclusiv din silicon medical extrem de moale \u0219i sigur, care este delicat cu gingiile sensibile \u0219i primii din\u021bi. Datorit\u0103 celor dou\u0103 moduri, ajut\u0103 nu doar la ameliorarea...\" \/>\n<meta property=\"og:url\" content=\"https:\/\/shopatoa.com\/ro\/foreo-periuta-sonica-de-dinti-pentru-copii-issa-baby-strawberry-rose-lion\/\" \/>\n<meta property=\"og:site_name\" content=\"SHOPATOA\" \/>\n<meta property=\"article:modified_time\" content=\"2025-09-27T16:00:41+00:00\" \/>\n<meta property=\"og:image\" content=\"https:\/\/storage.googleapis.com\/cz-shopatoa-img\/ro\/87da2096-unnamed-file.webp\" \/>\n\t<meta property=\"og:image:width\" content=\"800\" \/>\n\t<meta property=\"og:image:height\" content=\"800\" \/>\n\t<meta property=\"og:image:type\" content=\"image\/webp\" \/>\n<meta name=\"twitter:card\" content=\"summary_large_image\" \/>\n<script type=\"application\/ld+json\" class=\"yoast-schema-graph\">{\"@context\":\"https:\\\/\\\/schema.org\",\"@graph\":[{\"@type\":\"WebPage\",\"@id\":\"https:\\\/\\\/shopatoa.com\\\/ro\\\/foreo-periuta-sonica-de-dinti-pentru-copii-issa-baby-strawberry-rose-lion\\\/\",\"url\":\"https:\\\/\\\/shopatoa.com\\\/ro\\\/foreo-periuta-sonica-de-dinti-pentru-copii-issa-baby-strawberry-rose-lion\\\/\",\"name\":\"Foreo Periu\u021b\u0103 sonic\u0103 de din\u021bi pentru copii ISSA\u2122 Baby Strawberry Rose Lion - SHOPATOA.COM\",\"isPartOf\":{\"@id\":\"https:\\\/\\\/shopatoa.com\\\/ro\\\/#website\"},\"primaryImageOfPage\":{\"@id\":\"https:\\\/\\\/shopatoa.com\\\/ro\\\/foreo-periuta-sonica-de-dinti-pentru-copii-issa-baby-strawberry-rose-lion\\\/#primaryimage\"},\"image\":{\"@id\":\"https:\\\/\\\/shopatoa.com\\\/ro\\\/foreo-periuta-sonica-de-dinti-pentru-copii-issa-baby-strawberry-rose-lion\\\/#primaryimage\"},\"thumbnailUrl\":\"https:\\\/\\\/storage.googleapis.com\\\/cz-shopatoa-img\\\/ro\\\/87da2096-unnamed-file.webp\",\"datePublished\":\"2025-05-05T22:50:46+00:00\",\"dateModified\":\"2025-09-27T16:00:41+00:00\",\"breadcrumb\":{\"@id\":\"https:\\\/\\\/shopatoa.com\\\/ro\\\/foreo-periuta-sonica-de-dinti-pentru-copii-issa-baby-strawberry-rose-lion\\\/#breadcrumb\"},\"inLanguage\":\"ro-RO\",\"potentialAction\":[{\"@type\":\"ReadAction\",\"target\":[\"https:\\\/\\\/shopatoa.com\\\/ro\\\/foreo-periuta-sonica-de-dinti-pentru-copii-issa-baby-strawberry-rose-lion\\\/\"]}]},{\"@type\":\"ImageObject\",\"inLanguage\":\"ro-RO\",\"@id\":\"https:\\\/\\\/shopatoa.com\\\/ro\\\/foreo-periuta-sonica-de-dinti-pentru-copii-issa-baby-strawberry-rose-lion\\\/#primaryimage\",\"url\":\"https:\\\/\\\/storage.googleapis.com\\\/cz-shopatoa-img\\\/ro\\\/87da2096-unnamed-file.webp\",\"contentUrl\":\"https:\\\/\\\/storage.googleapis.com\\\/cz-shopatoa-img\\\/ro\\\/87da2096-unnamed-file.webp\",\"width\":800,\"height\":800},{\"@type\":\"BreadcrumbList\",\"@id\":\"https:\\\/\\\/shopatoa.com\\\/ro\\\/foreo-periuta-sonica-de-dinti-pentru-copii-issa-baby-strawberry-rose-lion\\\/#breadcrumb\",\"itemListElement\":[{\"@type\":\"ListItem\",\"position\":1,\"name\":\"Dom\u016f\",\"item\":\"https:\\\/\\\/shopatoa.com\\\/ro\\\/\"},{\"@type\":\"ListItem\",\"position\":2,\"name\":\"Shop\",\"item\":\"https:\\\/\\\/shopatoa.com\\\/ro\\\/shop\\\/\"},{\"@type\":\"ListItem\",\"position\":3,\"name\":\"Cosmetice\",\"item\":\"https:\\\/\\\/shopatoa.com\\\/ro\\\/cosmetice\\\/\"},{\"@type\":\"ListItem\",\"position\":4,\"name\":\"\u00cengrijirea dentar\u0103\",\"item\":\"https:\\\/\\\/shopatoa.com\\\/ro\\\/ingrijirea-dentara\\\/\"},{\"@type\":\"ListItem\",\"position\":5,\"name\":\"Periu\u021be de din\u021bi electrice\",\"item\":\"https:\\\/\\\/shopatoa.com\\\/ro\\\/periute-de-dinti-electrice\\\/\"},{\"@type\":\"ListItem\",\"position\":6,\"name\":\"Foreo Periu\u021b\u0103 sonic\u0103 de din\u021bi pentru copii ISSA\u2122 Baby Strawberry Rose Lion\"}]},{\"@type\":\"WebSite\",\"@id\":\"https:\\\/\\\/shopatoa.com\\\/ro\\\/#website\",\"url\":\"https:\\\/\\\/shopatoa.com\\\/ro\\\/\",\"name\":\"SHOPATOA\",\"description\":\"\",\"publisher\":{\"@id\":\"https:\\\/\\\/shopatoa.com\\\/ro\\\/#organization\"},\"potentialAction\":[{\"@type\":\"SearchAction\",\"target\":{\"@type\":\"EntryPoint\",\"urlTemplate\":\"https:\\\/\\\/shopatoa.com\\\/ro\\\/?s={search_term_string}\"},\"query-input\":{\"@type\":\"PropertyValueSpecification\",\"valueRequired\":true,\"valueName\":\"search_term_string\"}}],\"inLanguage\":\"ro-RO\"},{\"@type\":\"Organization\",\"@id\":\"https:\\\/\\\/shopatoa.com\\\/ro\\\/#organization\",\"name\":\"SHOPATOA\",\"url\":\"https:\\\/\\\/shopatoa.com\\\/ro\\\/\",\"logo\":{\"@type\":\"ImageObject\",\"inLanguage\":\"ro-RO\",\"@id\":\"https:\\\/\\\/shopatoa.com\\\/ro\\\/#\\\/schema\\\/logo\\\/image\\\/\",\"url\":\"https:\\\/\\\/storage.googleapis.com\\\/cz-shopatoa-img\\\/ro\\\/b4dac915-shopatoa_logo.png\",\"contentUrl\":\"https:\\\/\\\/storage.googleapis.com\\\/cz-shopatoa-img\\\/ro\\\/b4dac915-shopatoa_logo.png\",\"width\":416,\"height\":63,\"caption\":\"SHOPATOA\"},\"image\":{\"@id\":\"https:\\\/\\\/shopatoa.com\\\/ro\\\/#\\\/schema\\\/logo\\\/image\\\/\"}}]}<\/script>\n<!-- \/ Yoast SEO plugin. -->","yoast_head_json":{"title":"Foreo Periu\u021b\u0103 sonic\u0103 de din\u021bi pentru copii ISSA\u2122 Baby Strawberry Rose Lion - SHOPATOA.COM","robots":{"index":"index","follow":"follow","max-snippet":"max-snippet:-1","max-image-preview":"max-image-preview:large","max-video-preview":"max-video-preview:-1"},"canonical":"https:\/\/shopatoa.com\/ro\/foreo-periuta-sonica-de-dinti-pentru-copii-issa-baby-strawberry-rose-lion\/","og_locale":"ro_RO","og_type":"article","og_title":"Foreo Periu\u021b\u0103 sonic\u0103 de din\u021bi pentru copii ISSA\u2122 Baby Strawberry Rose Lion - SHOPATOA.COM","og_description":"Periu\u021ba de din\u021bi sonic\u0103 ISSA\u2122 baby de la FOREO a fost conceput\u0103 special pentru cei mici \u2013 de la nou-n\u0103scu\u021bi p\u00e2n\u0103 la copii de 4 ani. Este fabricat\u0103 exclusiv din silicon medical extrem de moale \u0219i sigur, care este delicat cu gingiile sensibile \u0219i primii din\u021bi. Datorit\u0103 celor dou\u0103 moduri, ajut\u0103 nu doar la ameliorarea...","og_url":"https:\/\/shopatoa.com\/ro\/foreo-periuta-sonica-de-dinti-pentru-copii-issa-baby-strawberry-rose-lion\/","og_site_name":"SHOPATOA","article_modified_time":"2025-09-27T16:00:41+00:00","og_image":[{"width":800,"height":800,"url":"https:\/\/storage.googleapis.com\/cz-shopatoa-img\/ro\/87da2096-unnamed-file.webp","type":"image\/webp"}],"twitter_card":"summary_large_image","schema":{"@context":"https:\/\/schema.org","@graph":[{"@type":"WebPage","@id":"https:\/\/shopatoa.com\/ro\/foreo-periuta-sonica-de-dinti-pentru-copii-issa-baby-strawberry-rose-lion\/","url":"https:\/\/shopatoa.com\/ro\/foreo-periuta-sonica-de-dinti-pentru-copii-issa-baby-strawberry-rose-lion\/","name":"Foreo Periu\u021b\u0103 sonic\u0103 de din\u021bi pentru copii ISSA\u2122 Baby Strawberry Rose Lion - SHOPATOA.COM","isPartOf":{"@id":"https:\/\/shopatoa.com\/ro\/#website"},"primaryImageOfPage":{"@id":"https:\/\/shopatoa.com\/ro\/foreo-periuta-sonica-de-dinti-pentru-copii-issa-baby-strawberry-rose-lion\/#primaryimage"},"image":{"@id":"https:\/\/shopatoa.com\/ro\/foreo-periuta-sonica-de-dinti-pentru-copii-issa-baby-strawberry-rose-lion\/#primaryimage"},"thumbnailUrl":"https:\/\/storage.googleapis.com\/cz-shopatoa-img\/ro\/87da2096-unnamed-file.webp","datePublished":"2025-05-05T22:50:46+00:00","dateModified":"2025-09-27T16:00:41+00:00","breadcrumb":{"@id":"https:\/\/shopatoa.com\/ro\/foreo-periuta-sonica-de-dinti-pentru-copii-issa-baby-strawberry-rose-lion\/#breadcrumb"},"inLanguage":"ro-RO","potentialAction":[{"@type":"ReadAction","target":["https:\/\/shopatoa.com\/ro\/foreo-periuta-sonica-de-dinti-pentru-copii-issa-baby-strawberry-rose-lion\/"]}]},{"@type":"ImageObject","inLanguage":"ro-RO","@id":"https:\/\/shopatoa.com\/ro\/foreo-periuta-sonica-de-dinti-pentru-copii-issa-baby-strawberry-rose-lion\/#primaryimage","url":"https:\/\/storage.googleapis.com\/cz-shopatoa-img\/ro\/87da2096-unnamed-file.webp","contentUrl":"https:\/\/storage.googleapis.com\/cz-shopatoa-img\/ro\/87da2096-unnamed-file.webp","width":800,"height":800},{"@type":"BreadcrumbList","@id":"https:\/\/shopatoa.com\/ro\/foreo-periuta-sonica-de-dinti-pentru-copii-issa-baby-strawberry-rose-lion\/#breadcrumb","itemListElement":[{"@type":"ListItem","position":1,"name":"Dom\u016f","item":"https:\/\/shopatoa.com\/ro\/"},{"@type":"ListItem","position":2,"name":"Shop","item":"https:\/\/shopatoa.com\/ro\/shop\/"},{"@type":"ListItem","position":3,"name":"Cosmetice","item":"https:\/\/shopatoa.com\/ro\/cosmetice\/"},{"@type":"ListItem","position":4,"name":"\u00cengrijirea dentar\u0103","item":"https:\/\/shopatoa.com\/ro\/ingrijirea-dentara\/"},{"@type":"ListItem","position":5,"name":"Periu\u021be de din\u021bi electrice","item":"https:\/\/shopatoa.com\/ro\/periute-de-dinti-electrice\/"},{"@type":"ListItem","position":6,"name":"Foreo Periu\u021b\u0103 sonic\u0103 de din\u021bi pentru copii ISSA\u2122 Baby Strawberry Rose Lion"}]},{"@type":"WebSite","@id":"https:\/\/shopatoa.com\/ro\/#website","url":"https:\/\/shopatoa.com\/ro\/","name":"SHOPATOA","description":"","publisher":{"@id":"https:\/\/shopatoa.com\/ro\/#organization"},"potentialAction":[{"@type":"SearchAction","target":{"@type":"EntryPoint","urlTemplate":"https:\/\/shopatoa.com\/ro\/?s={search_term_string}"},"query-input":{"@type":"PropertyValueSpecification","valueRequired":true,"valueName":"search_term_string"}}],"inLanguage":"ro-RO"},{"@type":"Organization","@id":"https:\/\/shopatoa.com\/ro\/#organization","name":"SHOPATOA","url":"https:\/\/shopatoa.com\/ro\/","logo":{"@type":"ImageObject","inLanguage":"ro-RO","@id":"https:\/\/shopatoa.com\/ro\/#\/schema\/logo\/image\/","url":"https:\/\/storage.googleapis.com\/cz-shopatoa-img\/ro\/b4dac915-shopatoa_logo.png","contentUrl":"https:\/\/storage.googleapis.com\/cz-shopatoa-img\/ro\/b4dac915-shopatoa_logo.png","width":416,"height":63,"caption":"SHOPATOA"},"image":{"@id":"https:\/\/shopatoa.com\/ro\/#\/schema\/logo\/image\/"}}]}},"_links":{"self":[{"href":"https:\/\/shopatoa.com\/ro\/wp-json\/wp\/v2\/product\/322380","targetHints":{"allow":["GET"]}}],"collection":[{"href":"https:\/\/shopatoa.com\/ro\/wp-json\/wp\/v2\/product"}],"about":[{"href":"https:\/\/shopatoa.com\/ro\/wp-json\/wp\/v2\/types\/product"}],"replies":[{"embeddable":true,"href":"https:\/\/shopatoa.com\/ro\/wp-json\/wp\/v2\/comments?post=322380"}],"wp:featuredmedia":[{"embeddable":true,"href":"https:\/\/shopatoa.com\/ro\/wp-json\/wp\/v2\/media\/322382"}],"wp:attachment":[{"href":"https:\/\/shopatoa.com\/ro\/wp-json\/wp\/v2\/media?parent=322380"}],"wp:term":[{"taxonomy":"product_brand","embeddable":true,"href":"https:\/\/shopatoa.com\/ro\/wp-json\/wp\/v2\/product_brand?post=322380"},{"taxonomy":"product_cat","embeddable":true,"href":"https:\/\/shopatoa.com\/ro\/wp-json\/wp\/v2\/product_cat?post=322380"},{"taxonomy":"product_tag","embeddable":true,"href":"https:\/\/shopatoa.com\/ro\/wp-json\/wp\/v2\/product_tag?post=322380"}],"curies":[{"name":"wp","href":"https:\/\/api.w.org\/{rel}","templated":true}]}}