{"id":322392,"date":"2025-05-06T00:51:21","date_gmt":"2025-05-05T22:51:21","guid":{"rendered":"https:\/\/shopatoa.com\/ro\/biodance-masca-de-fata-cu-colagen-bio-collagen-real-deep-mask-4-buc\/"},"modified":"2025-12-10T17:03:59","modified_gmt":"2025-12-10T16:03:59","slug":"biodance-masca-de-fata-cu-colagen-bio-collagen-real-deep-mask-4-buc","status":"publish","type":"product","link":"https:\/\/shopatoa.com\/ro\/biodance-masca-de-fata-cu-colagen-bio-collagen-real-deep-mask-4-buc\/","title":{"rendered":"Biodance Masc\u0103 de fa\u021b\u0103 cu colagen Bio-Collagen (Real Deep Mask) 4 buc"},"content":{"rendered":"<p>Masca de fa\u021b\u0103 ofer\u0103 hidratare intens\u0103 datorit\u0103 acidului oligo-hialuronic, care p\u0103trunde mai ad\u00e2nc dec\u00e2t acidul hialuronic conven\u021bional. Pielea este instantaneu hidratat\u0103, proasp\u0103t\u0103 \u0219i radiant\u0103 dup\u0103 utilizare. Colagenul cu greutate molecular\u0103 foarte mic\u0103 ajut\u0103 la fermitatea pielii, la str\u00e2ngerea porilor dilata\u021bi \u0219i la atenuarea liniilor fine \u0219i a ridurilor. Masca hidrogel este \u00eembog\u0103\u021bit\u0103 cu trei tipuri de probiotice care \u00eent\u0103resc bariera pielii \u0219i protejeaz\u0103 \u00eempotriva semnelor de \u00eemb\u0103tr\u00e2nire. Formula este hipoalergenic\u0103 \u0219i nu con\u021bine substan\u021be iritante sau toxice, ceea ce o face ideal\u0103 pentru pielea sensibil\u0103.<\/p>\n","protected":false},"excerpt":{"rendered":"<p>Masca de fa\u021b\u0103 ofer\u0103 hidratare intens\u0103 datorit\u0103 acidului oligo-hialuronic, care p\u0103trunde mai ad\u00e2nc dec\u00e2t acidul hialuronic conven\u021bional. Pielea este instantaneu hidratat\u0103, proasp\u0103t\u0103 \u0219i radiant\u0103 dup\u0103 utilizare. Colagenul cu greutate molecular\u0103 foarte mic\u0103 ajut\u0103 la fermitatea pielii, la str\u00e2ngerea porilor dilata\u021bi \u0219i la atenuarea liniilor fine \u0219i a ridurilor. Masca hidrogel este \u00eembog\u0103\u021bit\u0103 cu trei tipuri&#8230;<\/p>\n","protected":false},"featured_media":322394,"comment_status":"closed","ping_status":"open","template":"","meta":{"_acf_changed":false,"_kadence_starter_templates_imported_post":false,"_kad_post_transparent":"","_kad_post_title":"","_kad_post_layout":"","_kad_post_sidebar_id":"","_kad_post_content_style":"","_kad_post_vertical_padding":"","_kad_post_feature":"","_kad_post_feature_position":"","_kad_post_header":false,"_kad_post_footer":false,"_kad_post_classname":""},"product_brand":[1466],"product_cat":[246,635,634,633],"product_tag":[],"class_list":{"0":"post-322392","1":"product","2":"type-product","3":"status-publish","4":"has-post-thumbnail","6":"product_brand-biodance","7":"product_cat-cosmetice","8":"product_cat-hidratarea-si-nutritia-pielii","9":"product_cat-produse-cosmetice-de-ingrijire-a-pielii","10":"product_cat-produse-cosmetice-pentru-piele","12":"first","13":"instock","14":"product-type-external","15":"entry","16":"content-bg","17":"loop-entry"},"acf":[],"yoast_head":"<!-- This site is optimized with the Yoast SEO plugin v27.3 - https:\/\/yoast.com\/product\/yoast-seo-wordpress\/ -->\n<title>Biodance Masc\u0103 de fa\u021b\u0103 cu colagen Bio-Collagen (Real Deep Mask) 4 buc - SHOPATOA.COM<\/title>\n<meta name=\"robots\" content=\"index, follow, max-snippet:-1, max-image-preview:large, max-video-preview:-1\" \/>\n<link rel=\"canonical\" href=\"https:\/\/shopatoa.com\/ro\/biodance-masca-de-fata-cu-colagen-bio-collagen-real-deep-mask-4-buc\/\" \/>\n<meta property=\"og:locale\" content=\"ro_RO\" \/>\n<meta property=\"og:type\" content=\"article\" \/>\n<meta property=\"og:title\" content=\"Biodance Masc\u0103 de fa\u021b\u0103 cu colagen Bio-Collagen (Real Deep Mask) 4 buc - SHOPATOA.COM\" \/>\n<meta property=\"og:description\" content=\"Masca de fa\u021b\u0103 ofer\u0103 hidratare intens\u0103 datorit\u0103 acidului oligo-hialuronic, care p\u0103trunde mai ad\u00e2nc dec\u00e2t acidul hialuronic conven\u021bional. Pielea este instantaneu hidratat\u0103, proasp\u0103t\u0103 \u0219i radiant\u0103 dup\u0103 utilizare. Colagenul cu greutate molecular\u0103 foarte mic\u0103 ajut\u0103 la fermitatea pielii, la str\u00e2ngerea porilor dilata\u021bi \u0219i la atenuarea liniilor fine \u0219i a ridurilor. Masca hidrogel este \u00eembog\u0103\u021bit\u0103 cu trei tipuri...\" \/>\n<meta property=\"og:url\" content=\"https:\/\/shopatoa.com\/ro\/biodance-masca-de-fata-cu-colagen-bio-collagen-real-deep-mask-4-buc\/\" \/>\n<meta property=\"og:site_name\" content=\"SHOPATOA\" \/>\n<meta property=\"article:modified_time\" content=\"2025-12-10T16:03:59+00:00\" \/>\n<meta property=\"og:image\" content=\"https:\/\/storage.googleapis.com\/cz-shopatoa-img\/ro\/17c052e8-unnamed-file.webp\" \/>\n\t<meta property=\"og:image:width\" content=\"800\" \/>\n\t<meta property=\"og:image:height\" content=\"800\" \/>\n\t<meta property=\"og:image:type\" content=\"image\/webp\" \/>\n<meta name=\"twitter:card\" content=\"summary_large_image\" \/>\n<script type=\"application\/ld+json\" class=\"yoast-schema-graph\">{\"@context\":\"https:\\\/\\\/schema.org\",\"@graph\":[{\"@type\":\"WebPage\",\"@id\":\"https:\\\/\\\/shopatoa.com\\\/ro\\\/biodance-masca-de-fata-cu-colagen-bio-collagen-real-deep-mask-4-buc\\\/\",\"url\":\"https:\\\/\\\/shopatoa.com\\\/ro\\\/biodance-masca-de-fata-cu-colagen-bio-collagen-real-deep-mask-4-buc\\\/\",\"name\":\"Biodance Masc\u0103 de fa\u021b\u0103 cu colagen Bio-Collagen (Real Deep Mask) 4 buc - SHOPATOA.COM\",\"isPartOf\":{\"@id\":\"https:\\\/\\\/shopatoa.com\\\/ro\\\/#website\"},\"primaryImageOfPage\":{\"@id\":\"https:\\\/\\\/shopatoa.com\\\/ro\\\/biodance-masca-de-fata-cu-colagen-bio-collagen-real-deep-mask-4-buc\\\/#primaryimage\"},\"image\":{\"@id\":\"https:\\\/\\\/shopatoa.com\\\/ro\\\/biodance-masca-de-fata-cu-colagen-bio-collagen-real-deep-mask-4-buc\\\/#primaryimage\"},\"thumbnailUrl\":\"https:\\\/\\\/storage.googleapis.com\\\/cz-shopatoa-img\\\/ro\\\/17c052e8-unnamed-file.webp\",\"datePublished\":\"2025-05-05T22:51:21+00:00\",\"dateModified\":\"2025-12-10T16:03:59+00:00\",\"breadcrumb\":{\"@id\":\"https:\\\/\\\/shopatoa.com\\\/ro\\\/biodance-masca-de-fata-cu-colagen-bio-collagen-real-deep-mask-4-buc\\\/#breadcrumb\"},\"inLanguage\":\"ro-RO\",\"potentialAction\":[{\"@type\":\"ReadAction\",\"target\":[\"https:\\\/\\\/shopatoa.com\\\/ro\\\/biodance-masca-de-fata-cu-colagen-bio-collagen-real-deep-mask-4-buc\\\/\"]}]},{\"@type\":\"ImageObject\",\"inLanguage\":\"ro-RO\",\"@id\":\"https:\\\/\\\/shopatoa.com\\\/ro\\\/biodance-masca-de-fata-cu-colagen-bio-collagen-real-deep-mask-4-buc\\\/#primaryimage\",\"url\":\"https:\\\/\\\/storage.googleapis.com\\\/cz-shopatoa-img\\\/ro\\\/17c052e8-unnamed-file.webp\",\"contentUrl\":\"https:\\\/\\\/storage.googleapis.com\\\/cz-shopatoa-img\\\/ro\\\/17c052e8-unnamed-file.webp\",\"width\":800,\"height\":800},{\"@type\":\"BreadcrumbList\",\"@id\":\"https:\\\/\\\/shopatoa.com\\\/ro\\\/biodance-masca-de-fata-cu-colagen-bio-collagen-real-deep-mask-4-buc\\\/#breadcrumb\",\"itemListElement\":[{\"@type\":\"ListItem\",\"position\":1,\"name\":\"Dom\u016f\",\"item\":\"https:\\\/\\\/shopatoa.com\\\/ro\\\/\"},{\"@type\":\"ListItem\",\"position\":2,\"name\":\"Shop\",\"item\":\"https:\\\/\\\/shopatoa.com\\\/ro\\\/shop\\\/\"},{\"@type\":\"ListItem\",\"position\":3,\"name\":\"Cosmetice\",\"item\":\"https:\\\/\\\/shopatoa.com\\\/ro\\\/cosmetice\\\/\"},{\"@type\":\"ListItem\",\"position\":4,\"name\":\"Produse cosmetice pentru piele\",\"item\":\"https:\\\/\\\/shopatoa.com\\\/ro\\\/produse-cosmetice-pentru-piele\\\/\"},{\"@type\":\"ListItem\",\"position\":5,\"name\":\"Produse cosmetice de \u00eengrijire a pielii\",\"item\":\"https:\\\/\\\/shopatoa.com\\\/ro\\\/produse-cosmetice-de-ingrijire-a-pielii\\\/\"},{\"@type\":\"ListItem\",\"position\":6,\"name\":\"Hidratarea \u0219i nutri\u021bia pielii\",\"item\":\"https:\\\/\\\/shopatoa.com\\\/ro\\\/hidratarea-si-nutritia-pielii\\\/\"},{\"@type\":\"ListItem\",\"position\":7,\"name\":\"Biodance Masc\u0103 de fa\u021b\u0103 cu colagen Bio-Collagen (Real Deep Mask) 4 buc\"}]},{\"@type\":\"WebSite\",\"@id\":\"https:\\\/\\\/shopatoa.com\\\/ro\\\/#website\",\"url\":\"https:\\\/\\\/shopatoa.com\\\/ro\\\/\",\"name\":\"SHOPATOA\",\"description\":\"\",\"publisher\":{\"@id\":\"https:\\\/\\\/shopatoa.com\\\/ro\\\/#organization\"},\"potentialAction\":[{\"@type\":\"SearchAction\",\"target\":{\"@type\":\"EntryPoint\",\"urlTemplate\":\"https:\\\/\\\/shopatoa.com\\\/ro\\\/?s={search_term_string}\"},\"query-input\":{\"@type\":\"PropertyValueSpecification\",\"valueRequired\":true,\"valueName\":\"search_term_string\"}}],\"inLanguage\":\"ro-RO\"},{\"@type\":\"Organization\",\"@id\":\"https:\\\/\\\/shopatoa.com\\\/ro\\\/#organization\",\"name\":\"SHOPATOA\",\"url\":\"https:\\\/\\\/shopatoa.com\\\/ro\\\/\",\"logo\":{\"@type\":\"ImageObject\",\"inLanguage\":\"ro-RO\",\"@id\":\"https:\\\/\\\/shopatoa.com\\\/ro\\\/#\\\/schema\\\/logo\\\/image\\\/\",\"url\":\"https:\\\/\\\/storage.googleapis.com\\\/cz-shopatoa-img\\\/ro\\\/b4dac915-shopatoa_logo.png\",\"contentUrl\":\"https:\\\/\\\/storage.googleapis.com\\\/cz-shopatoa-img\\\/ro\\\/b4dac915-shopatoa_logo.png\",\"width\":416,\"height\":63,\"caption\":\"SHOPATOA\"},\"image\":{\"@id\":\"https:\\\/\\\/shopatoa.com\\\/ro\\\/#\\\/schema\\\/logo\\\/image\\\/\"}}]}<\/script>\n<!-- \/ Yoast SEO plugin. -->","yoast_head_json":{"title":"Biodance Masc\u0103 de fa\u021b\u0103 cu colagen Bio-Collagen (Real Deep Mask) 4 buc - SHOPATOA.COM","robots":{"index":"index","follow":"follow","max-snippet":"max-snippet:-1","max-image-preview":"max-image-preview:large","max-video-preview":"max-video-preview:-1"},"canonical":"https:\/\/shopatoa.com\/ro\/biodance-masca-de-fata-cu-colagen-bio-collagen-real-deep-mask-4-buc\/","og_locale":"ro_RO","og_type":"article","og_title":"Biodance Masc\u0103 de fa\u021b\u0103 cu colagen Bio-Collagen (Real Deep Mask) 4 buc - SHOPATOA.COM","og_description":"Masca de fa\u021b\u0103 ofer\u0103 hidratare intens\u0103 datorit\u0103 acidului oligo-hialuronic, care p\u0103trunde mai ad\u00e2nc dec\u00e2t acidul hialuronic conven\u021bional. Pielea este instantaneu hidratat\u0103, proasp\u0103t\u0103 \u0219i radiant\u0103 dup\u0103 utilizare. Colagenul cu greutate molecular\u0103 foarte mic\u0103 ajut\u0103 la fermitatea pielii, la str\u00e2ngerea porilor dilata\u021bi \u0219i la atenuarea liniilor fine \u0219i a ridurilor. Masca hidrogel este \u00eembog\u0103\u021bit\u0103 cu trei tipuri...","og_url":"https:\/\/shopatoa.com\/ro\/biodance-masca-de-fata-cu-colagen-bio-collagen-real-deep-mask-4-buc\/","og_site_name":"SHOPATOA","article_modified_time":"2025-12-10T16:03:59+00:00","og_image":[{"width":800,"height":800,"url":"https:\/\/storage.googleapis.com\/cz-shopatoa-img\/ro\/17c052e8-unnamed-file.webp","type":"image\/webp"}],"twitter_card":"summary_large_image","schema":{"@context":"https:\/\/schema.org","@graph":[{"@type":"WebPage","@id":"https:\/\/shopatoa.com\/ro\/biodance-masca-de-fata-cu-colagen-bio-collagen-real-deep-mask-4-buc\/","url":"https:\/\/shopatoa.com\/ro\/biodance-masca-de-fata-cu-colagen-bio-collagen-real-deep-mask-4-buc\/","name":"Biodance Masc\u0103 de fa\u021b\u0103 cu colagen Bio-Collagen (Real Deep Mask) 4 buc - SHOPATOA.COM","isPartOf":{"@id":"https:\/\/shopatoa.com\/ro\/#website"},"primaryImageOfPage":{"@id":"https:\/\/shopatoa.com\/ro\/biodance-masca-de-fata-cu-colagen-bio-collagen-real-deep-mask-4-buc\/#primaryimage"},"image":{"@id":"https:\/\/shopatoa.com\/ro\/biodance-masca-de-fata-cu-colagen-bio-collagen-real-deep-mask-4-buc\/#primaryimage"},"thumbnailUrl":"https:\/\/storage.googleapis.com\/cz-shopatoa-img\/ro\/17c052e8-unnamed-file.webp","datePublished":"2025-05-05T22:51:21+00:00","dateModified":"2025-12-10T16:03:59+00:00","breadcrumb":{"@id":"https:\/\/shopatoa.com\/ro\/biodance-masca-de-fata-cu-colagen-bio-collagen-real-deep-mask-4-buc\/#breadcrumb"},"inLanguage":"ro-RO","potentialAction":[{"@type":"ReadAction","target":["https:\/\/shopatoa.com\/ro\/biodance-masca-de-fata-cu-colagen-bio-collagen-real-deep-mask-4-buc\/"]}]},{"@type":"ImageObject","inLanguage":"ro-RO","@id":"https:\/\/shopatoa.com\/ro\/biodance-masca-de-fata-cu-colagen-bio-collagen-real-deep-mask-4-buc\/#primaryimage","url":"https:\/\/storage.googleapis.com\/cz-shopatoa-img\/ro\/17c052e8-unnamed-file.webp","contentUrl":"https:\/\/storage.googleapis.com\/cz-shopatoa-img\/ro\/17c052e8-unnamed-file.webp","width":800,"height":800},{"@type":"BreadcrumbList","@id":"https:\/\/shopatoa.com\/ro\/biodance-masca-de-fata-cu-colagen-bio-collagen-real-deep-mask-4-buc\/#breadcrumb","itemListElement":[{"@type":"ListItem","position":1,"name":"Dom\u016f","item":"https:\/\/shopatoa.com\/ro\/"},{"@type":"ListItem","position":2,"name":"Shop","item":"https:\/\/shopatoa.com\/ro\/shop\/"},{"@type":"ListItem","position":3,"name":"Cosmetice","item":"https:\/\/shopatoa.com\/ro\/cosmetice\/"},{"@type":"ListItem","position":4,"name":"Produse cosmetice pentru piele","item":"https:\/\/shopatoa.com\/ro\/produse-cosmetice-pentru-piele\/"},{"@type":"ListItem","position":5,"name":"Produse cosmetice de \u00eengrijire a pielii","item":"https:\/\/shopatoa.com\/ro\/produse-cosmetice-de-ingrijire-a-pielii\/"},{"@type":"ListItem","position":6,"name":"Hidratarea \u0219i nutri\u021bia pielii","item":"https:\/\/shopatoa.com\/ro\/hidratarea-si-nutritia-pielii\/"},{"@type":"ListItem","position":7,"name":"Biodance Masc\u0103 de fa\u021b\u0103 cu colagen Bio-Collagen (Real Deep Mask) 4 buc"}]},{"@type":"WebSite","@id":"https:\/\/shopatoa.com\/ro\/#website","url":"https:\/\/shopatoa.com\/ro\/","name":"SHOPATOA","description":"","publisher":{"@id":"https:\/\/shopatoa.com\/ro\/#organization"},"potentialAction":[{"@type":"SearchAction","target":{"@type":"EntryPoint","urlTemplate":"https:\/\/shopatoa.com\/ro\/?s={search_term_string}"},"query-input":{"@type":"PropertyValueSpecification","valueRequired":true,"valueName":"search_term_string"}}],"inLanguage":"ro-RO"},{"@type":"Organization","@id":"https:\/\/shopatoa.com\/ro\/#organization","name":"SHOPATOA","url":"https:\/\/shopatoa.com\/ro\/","logo":{"@type":"ImageObject","inLanguage":"ro-RO","@id":"https:\/\/shopatoa.com\/ro\/#\/schema\/logo\/image\/","url":"https:\/\/storage.googleapis.com\/cz-shopatoa-img\/ro\/b4dac915-shopatoa_logo.png","contentUrl":"https:\/\/storage.googleapis.com\/cz-shopatoa-img\/ro\/b4dac915-shopatoa_logo.png","width":416,"height":63,"caption":"SHOPATOA"},"image":{"@id":"https:\/\/shopatoa.com\/ro\/#\/schema\/logo\/image\/"}}]}},"_links":{"self":[{"href":"https:\/\/shopatoa.com\/ro\/wp-json\/wp\/v2\/product\/322392","targetHints":{"allow":["GET"]}}],"collection":[{"href":"https:\/\/shopatoa.com\/ro\/wp-json\/wp\/v2\/product"}],"about":[{"href":"https:\/\/shopatoa.com\/ro\/wp-json\/wp\/v2\/types\/product"}],"replies":[{"embeddable":true,"href":"https:\/\/shopatoa.com\/ro\/wp-json\/wp\/v2\/comments?post=322392"}],"wp:featuredmedia":[{"embeddable":true,"href":"https:\/\/shopatoa.com\/ro\/wp-json\/wp\/v2\/media\/322394"}],"wp:attachment":[{"href":"https:\/\/shopatoa.com\/ro\/wp-json\/wp\/v2\/media?parent=322392"}],"wp:term":[{"taxonomy":"product_brand","embeddable":true,"href":"https:\/\/shopatoa.com\/ro\/wp-json\/wp\/v2\/product_brand?post=322392"},{"taxonomy":"product_cat","embeddable":true,"href":"https:\/\/shopatoa.com\/ro\/wp-json\/wp\/v2\/product_cat?post=322392"},{"taxonomy":"product_tag","embeddable":true,"href":"https:\/\/shopatoa.com\/ro\/wp-json\/wp\/v2\/product_tag?post=322392"}],"curies":[{"name":"wp","href":"https:\/\/api.w.org\/{rel}","templated":true}]}}