{"id":323011,"date":"2025-05-06T02:26:46","date_gmt":"2025-05-06T00:26:46","guid":{"rendered":"https:\/\/shopatoa.com\/ro\/simplehuman-oglinda-cosmetica-senzor-touch\/"},"modified":"2025-12-10T15:52:47","modified_gmt":"2025-12-10T14:52:47","slug":"simplehuman-oglinda-cosmetica-senzor-touch","status":"publish","type":"product","link":"https:\/\/shopatoa.com\/ro\/simplehuman-oglinda-cosmetica-senzor-touch\/","title":{"rendered":"Simplehuman Oglind\u0103 cosmetic\u0103 Senzor Touch"},"content":{"rendered":"<p>Oglinda cosmetic\u0103 de lux de la brandul Simplehuman este asistentul perfect pentru machiajul precis \u0219i \u00eengrijirea pielii. Datorit\u0103 m\u0103ririi de cinci ori, pute\u021bi vedea cu u\u0219urin\u021b\u0103 fiecare detaliu al fe\u021bei, \u00een timp ce sistemul unic de lumin\u0103 ofer\u0103 dou\u0103 op\u021biuni de iluminare &#8211; simularea luminii naturale a soarelui \u0219i lumina moale a unei lum\u00e2n\u0103ri. Aceast\u0103 oglind\u0103 aduce tehnologie \u0219i design care ridic\u0103 \u00eengrijirea de zi cu zi la un nivel cu totul nou.<\/p>\n","protected":false},"excerpt":{"rendered":"<p>Oglinda cosmetic\u0103 de lux de la brandul Simplehuman este asistentul perfect pentru machiajul precis \u0219i \u00eengrijirea pielii. Datorit\u0103 m\u0103ririi de cinci ori, pute\u021bi vedea cu u\u0219urin\u021b\u0103 fiecare detaliu al fe\u021bei, \u00een timp ce sistemul unic de lumin\u0103 ofer\u0103 dou\u0103 op\u021biuni de iluminare &#8211; simularea luminii naturale a soarelui \u0219i lumina moale a unei lum\u00e2n\u0103ri. Aceast\u0103&#8230;<\/p>\n","protected":false},"featured_media":323013,"comment_status":"closed","ping_status":"open","template":"","meta":{"_acf_changed":false,"_kadence_starter_templates_imported_post":false,"_kad_post_transparent":"","_kad_post_title":"","_kad_post_layout":"","_kad_post_sidebar_id":"","_kad_post_content_style":"","_kad_post_vertical_padding":"","_kad_post_feature":"","_kad_post_feature_position":"","_kad_post_header":false,"_kad_post_footer":false,"_kad_post_classname":""},"product_brand":[1002],"product_cat":[658,246,609,799],"product_tag":[],"class_list":{"0":"post-323011","1":"product","2":"type-product","3":"status-publish","4":"has-post-thumbnail","6":"product_brand-simplehuman","7":"product_cat-accesorii-cosmetice","8":"product_cat-cosmetice","9":"product_cat-cosmetice-decorative","10":"product_cat-oglinzi-cosmetice","12":"first","13":"instock","14":"product-type-external","15":"entry","16":"content-bg","17":"loop-entry"},"acf":[],"yoast_head":"<!-- This site is optimized with the Yoast SEO plugin v27.3 - https:\/\/yoast.com\/product\/yoast-seo-wordpress\/ -->\n<title>Simplehuman Oglind\u0103 cosmetic\u0103 Senzor Touch - SHOPATOA.COM<\/title>\n<meta name=\"robots\" content=\"index, follow, max-snippet:-1, max-image-preview:large, max-video-preview:-1\" \/>\n<link rel=\"canonical\" href=\"https:\/\/shopatoa.com\/ro\/simplehuman-oglinda-cosmetica-senzor-touch\/\" \/>\n<meta property=\"og:locale\" content=\"ro_RO\" \/>\n<meta property=\"og:type\" content=\"article\" \/>\n<meta property=\"og:title\" content=\"Simplehuman Oglind\u0103 cosmetic\u0103 Senzor Touch - SHOPATOA.COM\" \/>\n<meta property=\"og:description\" content=\"Oglinda cosmetic\u0103 de lux de la brandul Simplehuman este asistentul perfect pentru machiajul precis \u0219i \u00eengrijirea pielii. Datorit\u0103 m\u0103ririi de cinci ori, pute\u021bi vedea cu u\u0219urin\u021b\u0103 fiecare detaliu al fe\u021bei, \u00een timp ce sistemul unic de lumin\u0103 ofer\u0103 dou\u0103 op\u021biuni de iluminare &#8211; simularea luminii naturale a soarelui \u0219i lumina moale a unei lum\u00e2n\u0103ri. Aceast\u0103...\" \/>\n<meta property=\"og:url\" content=\"https:\/\/shopatoa.com\/ro\/simplehuman-oglinda-cosmetica-senzor-touch\/\" \/>\n<meta property=\"og:site_name\" content=\"SHOPATOA\" \/>\n<meta property=\"article:modified_time\" content=\"2025-12-10T14:52:47+00:00\" \/>\n<meta property=\"og:image\" content=\"https:\/\/storage.googleapis.com\/cz-shopatoa-img\/ro\/f62ec2a1-unnamed-file.webp\" \/>\n\t<meta property=\"og:image:width\" content=\"800\" \/>\n\t<meta property=\"og:image:height\" content=\"800\" \/>\n\t<meta property=\"og:image:type\" content=\"image\/webp\" \/>\n<meta name=\"twitter:card\" content=\"summary_large_image\" \/>\n<script type=\"application\/ld+json\" class=\"yoast-schema-graph\">{\"@context\":\"https:\\\/\\\/schema.org\",\"@graph\":[{\"@type\":\"WebPage\",\"@id\":\"https:\\\/\\\/shopatoa.com\\\/ro\\\/simplehuman-oglinda-cosmetica-senzor-touch\\\/\",\"url\":\"https:\\\/\\\/shopatoa.com\\\/ro\\\/simplehuman-oglinda-cosmetica-senzor-touch\\\/\",\"name\":\"Simplehuman Oglind\u0103 cosmetic\u0103 Senzor Touch - SHOPATOA.COM\",\"isPartOf\":{\"@id\":\"https:\\\/\\\/shopatoa.com\\\/ro\\\/#website\"},\"primaryImageOfPage\":{\"@id\":\"https:\\\/\\\/shopatoa.com\\\/ro\\\/simplehuman-oglinda-cosmetica-senzor-touch\\\/#primaryimage\"},\"image\":{\"@id\":\"https:\\\/\\\/shopatoa.com\\\/ro\\\/simplehuman-oglinda-cosmetica-senzor-touch\\\/#primaryimage\"},\"thumbnailUrl\":\"https:\\\/\\\/storage.googleapis.com\\\/cz-shopatoa-img\\\/ro\\\/f62ec2a1-unnamed-file.webp\",\"datePublished\":\"2025-05-06T00:26:46+00:00\",\"dateModified\":\"2025-12-10T14:52:47+00:00\",\"breadcrumb\":{\"@id\":\"https:\\\/\\\/shopatoa.com\\\/ro\\\/simplehuman-oglinda-cosmetica-senzor-touch\\\/#breadcrumb\"},\"inLanguage\":\"ro-RO\",\"potentialAction\":[{\"@type\":\"ReadAction\",\"target\":[\"https:\\\/\\\/shopatoa.com\\\/ro\\\/simplehuman-oglinda-cosmetica-senzor-touch\\\/\"]}]},{\"@type\":\"ImageObject\",\"inLanguage\":\"ro-RO\",\"@id\":\"https:\\\/\\\/shopatoa.com\\\/ro\\\/simplehuman-oglinda-cosmetica-senzor-touch\\\/#primaryimage\",\"url\":\"https:\\\/\\\/storage.googleapis.com\\\/cz-shopatoa-img\\\/ro\\\/f62ec2a1-unnamed-file.webp\",\"contentUrl\":\"https:\\\/\\\/storage.googleapis.com\\\/cz-shopatoa-img\\\/ro\\\/f62ec2a1-unnamed-file.webp\",\"width\":800,\"height\":800},{\"@type\":\"BreadcrumbList\",\"@id\":\"https:\\\/\\\/shopatoa.com\\\/ro\\\/simplehuman-oglinda-cosmetica-senzor-touch\\\/#breadcrumb\",\"itemListElement\":[{\"@type\":\"ListItem\",\"position\":1,\"name\":\"Dom\u016f\",\"item\":\"https:\\\/\\\/shopatoa.com\\\/ro\\\/\"},{\"@type\":\"ListItem\",\"position\":2,\"name\":\"Shop\",\"item\":\"https:\\\/\\\/shopatoa.com\\\/ro\\\/shop\\\/\"},{\"@type\":\"ListItem\",\"position\":3,\"name\":\"Cosmetice\",\"item\":\"https:\\\/\\\/shopatoa.com\\\/ro\\\/cosmetice\\\/\"},{\"@type\":\"ListItem\",\"position\":4,\"name\":\"Cosmetice decorative\",\"item\":\"https:\\\/\\\/shopatoa.com\\\/ro\\\/cosmetice-decorative\\\/\"},{\"@type\":\"ListItem\",\"position\":5,\"name\":\"Accesorii cosmetice\",\"item\":\"https:\\\/\\\/shopatoa.com\\\/ro\\\/accesorii-cosmetice\\\/\"},{\"@type\":\"ListItem\",\"position\":6,\"name\":\"Oglinzi cosmetice\",\"item\":\"https:\\\/\\\/shopatoa.com\\\/ro\\\/oglinzi-cosmetice\\\/\"},{\"@type\":\"ListItem\",\"position\":7,\"name\":\"Simplehuman Oglind\u0103 cosmetic\u0103 Senzor Touch\"}]},{\"@type\":\"WebSite\",\"@id\":\"https:\\\/\\\/shopatoa.com\\\/ro\\\/#website\",\"url\":\"https:\\\/\\\/shopatoa.com\\\/ro\\\/\",\"name\":\"SHOPATOA\",\"description\":\"\",\"publisher\":{\"@id\":\"https:\\\/\\\/shopatoa.com\\\/ro\\\/#organization\"},\"potentialAction\":[{\"@type\":\"SearchAction\",\"target\":{\"@type\":\"EntryPoint\",\"urlTemplate\":\"https:\\\/\\\/shopatoa.com\\\/ro\\\/?s={search_term_string}\"},\"query-input\":{\"@type\":\"PropertyValueSpecification\",\"valueRequired\":true,\"valueName\":\"search_term_string\"}}],\"inLanguage\":\"ro-RO\"},{\"@type\":\"Organization\",\"@id\":\"https:\\\/\\\/shopatoa.com\\\/ro\\\/#organization\",\"name\":\"SHOPATOA\",\"url\":\"https:\\\/\\\/shopatoa.com\\\/ro\\\/\",\"logo\":{\"@type\":\"ImageObject\",\"inLanguage\":\"ro-RO\",\"@id\":\"https:\\\/\\\/shopatoa.com\\\/ro\\\/#\\\/schema\\\/logo\\\/image\\\/\",\"url\":\"https:\\\/\\\/storage.googleapis.com\\\/cz-shopatoa-img\\\/ro\\\/b4dac915-shopatoa_logo.png\",\"contentUrl\":\"https:\\\/\\\/storage.googleapis.com\\\/cz-shopatoa-img\\\/ro\\\/b4dac915-shopatoa_logo.png\",\"width\":416,\"height\":63,\"caption\":\"SHOPATOA\"},\"image\":{\"@id\":\"https:\\\/\\\/shopatoa.com\\\/ro\\\/#\\\/schema\\\/logo\\\/image\\\/\"}}]}<\/script>\n<!-- \/ Yoast SEO plugin. -->","yoast_head_json":{"title":"Simplehuman Oglind\u0103 cosmetic\u0103 Senzor Touch - SHOPATOA.COM","robots":{"index":"index","follow":"follow","max-snippet":"max-snippet:-1","max-image-preview":"max-image-preview:large","max-video-preview":"max-video-preview:-1"},"canonical":"https:\/\/shopatoa.com\/ro\/simplehuman-oglinda-cosmetica-senzor-touch\/","og_locale":"ro_RO","og_type":"article","og_title":"Simplehuman Oglind\u0103 cosmetic\u0103 Senzor Touch - SHOPATOA.COM","og_description":"Oglinda cosmetic\u0103 de lux de la brandul Simplehuman este asistentul perfect pentru machiajul precis \u0219i \u00eengrijirea pielii. Datorit\u0103 m\u0103ririi de cinci ori, pute\u021bi vedea cu u\u0219urin\u021b\u0103 fiecare detaliu al fe\u021bei, \u00een timp ce sistemul unic de lumin\u0103 ofer\u0103 dou\u0103 op\u021biuni de iluminare &#8211; simularea luminii naturale a soarelui \u0219i lumina moale a unei lum\u00e2n\u0103ri. Aceast\u0103...","og_url":"https:\/\/shopatoa.com\/ro\/simplehuman-oglinda-cosmetica-senzor-touch\/","og_site_name":"SHOPATOA","article_modified_time":"2025-12-10T14:52:47+00:00","og_image":[{"width":800,"height":800,"url":"https:\/\/storage.googleapis.com\/cz-shopatoa-img\/ro\/f62ec2a1-unnamed-file.webp","type":"image\/webp"}],"twitter_card":"summary_large_image","schema":{"@context":"https:\/\/schema.org","@graph":[{"@type":"WebPage","@id":"https:\/\/shopatoa.com\/ro\/simplehuman-oglinda-cosmetica-senzor-touch\/","url":"https:\/\/shopatoa.com\/ro\/simplehuman-oglinda-cosmetica-senzor-touch\/","name":"Simplehuman Oglind\u0103 cosmetic\u0103 Senzor Touch - SHOPATOA.COM","isPartOf":{"@id":"https:\/\/shopatoa.com\/ro\/#website"},"primaryImageOfPage":{"@id":"https:\/\/shopatoa.com\/ro\/simplehuman-oglinda-cosmetica-senzor-touch\/#primaryimage"},"image":{"@id":"https:\/\/shopatoa.com\/ro\/simplehuman-oglinda-cosmetica-senzor-touch\/#primaryimage"},"thumbnailUrl":"https:\/\/storage.googleapis.com\/cz-shopatoa-img\/ro\/f62ec2a1-unnamed-file.webp","datePublished":"2025-05-06T00:26:46+00:00","dateModified":"2025-12-10T14:52:47+00:00","breadcrumb":{"@id":"https:\/\/shopatoa.com\/ro\/simplehuman-oglinda-cosmetica-senzor-touch\/#breadcrumb"},"inLanguage":"ro-RO","potentialAction":[{"@type":"ReadAction","target":["https:\/\/shopatoa.com\/ro\/simplehuman-oglinda-cosmetica-senzor-touch\/"]}]},{"@type":"ImageObject","inLanguage":"ro-RO","@id":"https:\/\/shopatoa.com\/ro\/simplehuman-oglinda-cosmetica-senzor-touch\/#primaryimage","url":"https:\/\/storage.googleapis.com\/cz-shopatoa-img\/ro\/f62ec2a1-unnamed-file.webp","contentUrl":"https:\/\/storage.googleapis.com\/cz-shopatoa-img\/ro\/f62ec2a1-unnamed-file.webp","width":800,"height":800},{"@type":"BreadcrumbList","@id":"https:\/\/shopatoa.com\/ro\/simplehuman-oglinda-cosmetica-senzor-touch\/#breadcrumb","itemListElement":[{"@type":"ListItem","position":1,"name":"Dom\u016f","item":"https:\/\/shopatoa.com\/ro\/"},{"@type":"ListItem","position":2,"name":"Shop","item":"https:\/\/shopatoa.com\/ro\/shop\/"},{"@type":"ListItem","position":3,"name":"Cosmetice","item":"https:\/\/shopatoa.com\/ro\/cosmetice\/"},{"@type":"ListItem","position":4,"name":"Cosmetice decorative","item":"https:\/\/shopatoa.com\/ro\/cosmetice-decorative\/"},{"@type":"ListItem","position":5,"name":"Accesorii cosmetice","item":"https:\/\/shopatoa.com\/ro\/accesorii-cosmetice\/"},{"@type":"ListItem","position":6,"name":"Oglinzi cosmetice","item":"https:\/\/shopatoa.com\/ro\/oglinzi-cosmetice\/"},{"@type":"ListItem","position":7,"name":"Simplehuman Oglind\u0103 cosmetic\u0103 Senzor Touch"}]},{"@type":"WebSite","@id":"https:\/\/shopatoa.com\/ro\/#website","url":"https:\/\/shopatoa.com\/ro\/","name":"SHOPATOA","description":"","publisher":{"@id":"https:\/\/shopatoa.com\/ro\/#organization"},"potentialAction":[{"@type":"SearchAction","target":{"@type":"EntryPoint","urlTemplate":"https:\/\/shopatoa.com\/ro\/?s={search_term_string}"},"query-input":{"@type":"PropertyValueSpecification","valueRequired":true,"valueName":"search_term_string"}}],"inLanguage":"ro-RO"},{"@type":"Organization","@id":"https:\/\/shopatoa.com\/ro\/#organization","name":"SHOPATOA","url":"https:\/\/shopatoa.com\/ro\/","logo":{"@type":"ImageObject","inLanguage":"ro-RO","@id":"https:\/\/shopatoa.com\/ro\/#\/schema\/logo\/image\/","url":"https:\/\/storage.googleapis.com\/cz-shopatoa-img\/ro\/b4dac915-shopatoa_logo.png","contentUrl":"https:\/\/storage.googleapis.com\/cz-shopatoa-img\/ro\/b4dac915-shopatoa_logo.png","width":416,"height":63,"caption":"SHOPATOA"},"image":{"@id":"https:\/\/shopatoa.com\/ro\/#\/schema\/logo\/image\/"}}]}},"_links":{"self":[{"href":"https:\/\/shopatoa.com\/ro\/wp-json\/wp\/v2\/product\/323011","targetHints":{"allow":["GET"]}}],"collection":[{"href":"https:\/\/shopatoa.com\/ro\/wp-json\/wp\/v2\/product"}],"about":[{"href":"https:\/\/shopatoa.com\/ro\/wp-json\/wp\/v2\/types\/product"}],"replies":[{"embeddable":true,"href":"https:\/\/shopatoa.com\/ro\/wp-json\/wp\/v2\/comments?post=323011"}],"wp:featuredmedia":[{"embeddable":true,"href":"https:\/\/shopatoa.com\/ro\/wp-json\/wp\/v2\/media\/323013"}],"wp:attachment":[{"href":"https:\/\/shopatoa.com\/ro\/wp-json\/wp\/v2\/media?parent=323011"}],"wp:term":[{"taxonomy":"product_brand","embeddable":true,"href":"https:\/\/shopatoa.com\/ro\/wp-json\/wp\/v2\/product_brand?post=323011"},{"taxonomy":"product_cat","embeddable":true,"href":"https:\/\/shopatoa.com\/ro\/wp-json\/wp\/v2\/product_cat?post=323011"},{"taxonomy":"product_tag","embeddable":true,"href":"https:\/\/shopatoa.com\/ro\/wp-json\/wp\/v2\/product_tag?post=323011"}],"curies":[{"name":"wp","href":"https:\/\/api.w.org\/{rel}","templated":true}]}}