{"id":323682,"date":"2025-05-06T04:10:10","date_gmt":"2025-05-06T02:10:10","guid":{"rendered":"https:\/\/shopatoa.com\/ro\/m2-beaute-gel-pentru-sprancene-4-in-1-eyebrow-enhancer-color-care-6-ml-brown\/"},"modified":"2025-12-10T14:46:06","modified_gmt":"2025-12-10T13:46:06","slug":"m2-beaute-gel-pentru-sprancene-4-in-1-eyebrow-enhancer-color-care-6-ml-brown","status":"publish","type":"product","link":"https:\/\/shopatoa.com\/ro\/m2-beaute-gel-pentru-sprancene-4-in-1-eyebrow-enhancer-color-care-6-ml-brown\/","title":{"rendered":"M2 Beaut\u00e9 Gel pentru spr\u00e2ncene 4 in 1 (Eyebrow Enhancer Color &amp; Care) 6 ml Brown"},"content":{"rendered":"<p>Un gel inovator pentru spr\u00e2ncene 4 \u00een 1 care stimuleaz\u0103 cre\u0219terea spr\u00e2ncenelor, ofer\u0103 spr\u00e2ncenelor o nuan\u021b\u0103 natural\u0103 uniform\u0103 \u0219i le fixeaz\u0103 \u0219i le \u00eengrije\u0219te \u00een profunzime. Bazat pe complexe de peptide de \u00eenalt\u0103 calitate, las\u0103 spr\u00e2ncenele foarte groase, str\u0103lucitoare \u0219i flexibile. Ingredientul activ al fructelor de acai face firele de p\u0103r mai rezistente \u0219i le ofer\u0103 protec\u021bie natural\u0103. Rezultatul sunt spr\u00e2ncene groase, frumos arcuite \u0219i \u00eentunecate.<\/p>\n","protected":false},"excerpt":{"rendered":"<p>Un gel inovator pentru spr\u00e2ncene 4 \u00een 1 care stimuleaz\u0103 cre\u0219terea spr\u00e2ncenelor, ofer\u0103 spr\u00e2ncenelor o nuan\u021b\u0103 natural\u0103 uniform\u0103 \u0219i le fixeaz\u0103 \u0219i le \u00eengrije\u0219te \u00een profunzime. Bazat pe complexe de peptide de \u00eenalt\u0103 calitate, las\u0103 spr\u00e2ncenele foarte groase, str\u0103lucitoare \u0219i flexibile. Ingredientul activ al fructelor de acai face firele de p\u0103r mai rezistente \u0219i le&#8230;<\/p>\n","protected":false},"featured_media":323685,"comment_status":"closed","ping_status":"open","template":"","meta":{"_acf_changed":false,"_kadence_starter_templates_imported_post":false,"_kad_post_transparent":"","_kad_post_title":"","_kad_post_layout":"","_kad_post_sidebar_id":"","_kad_post_content_style":"","_kad_post_vertical_padding":"","_kad_post_feature":"","_kad_post_feature_position":"","_kad_post_header":false,"_kad_post_footer":false,"_kad_post_classname":""},"product_brand":[1030],"product_cat":[246,609,610,741],"product_tag":[],"class_list":{"0":"post-323682","1":"product","2":"type-product","3":"status-publish","4":"has-post-thumbnail","6":"product_brand-m2-beaute","7":"product_cat-cosmetice","8":"product_cat-cosmetice-decorative","9":"product_cat-cosmetice-decorative-pentru-sprancene","10":"product_cat-vopsele-pentru-sprancene-si-gene","12":"first","13":"instock","14":"sale","15":"product-type-external","16":"entry","17":"content-bg","18":"loop-entry"},"acf":[],"yoast_head":"<!-- This site is optimized with the Yoast SEO plugin v27.3 - https:\/\/yoast.com\/product\/yoast-seo-wordpress\/ -->\n<title>M2 Beaut\u00e9 Gel pentru spr\u00e2ncene 4 in 1 (Eyebrow Enhancer Color &amp; Care) 6 ml Brown - SHOPATOA.COM<\/title>\n<meta name=\"robots\" content=\"index, follow, max-snippet:-1, max-image-preview:large, max-video-preview:-1\" \/>\n<link rel=\"canonical\" href=\"https:\/\/shopatoa.com\/ro\/m2-beaute-gel-pentru-sprancene-4-in-1-eyebrow-enhancer-color-care-6-ml-brown\/\" \/>\n<meta property=\"og:locale\" content=\"ro_RO\" \/>\n<meta property=\"og:type\" content=\"article\" \/>\n<meta property=\"og:title\" content=\"M2 Beaut\u00e9 Gel pentru spr\u00e2ncene 4 in 1 (Eyebrow Enhancer Color &amp; Care) 6 ml Brown - SHOPATOA.COM\" \/>\n<meta property=\"og:description\" content=\"Un gel inovator pentru spr\u00e2ncene 4 \u00een 1 care stimuleaz\u0103 cre\u0219terea spr\u00e2ncenelor, ofer\u0103 spr\u00e2ncenelor o nuan\u021b\u0103 natural\u0103 uniform\u0103 \u0219i le fixeaz\u0103 \u0219i le \u00eengrije\u0219te \u00een profunzime. Bazat pe complexe de peptide de \u00eenalt\u0103 calitate, las\u0103 spr\u00e2ncenele foarte groase, str\u0103lucitoare \u0219i flexibile. Ingredientul activ al fructelor de acai face firele de p\u0103r mai rezistente \u0219i le...\" \/>\n<meta property=\"og:url\" content=\"https:\/\/shopatoa.com\/ro\/m2-beaute-gel-pentru-sprancene-4-in-1-eyebrow-enhancer-color-care-6-ml-brown\/\" \/>\n<meta property=\"og:site_name\" content=\"SHOPATOA\" \/>\n<meta property=\"article:modified_time\" content=\"2025-12-10T13:46:06+00:00\" \/>\n<meta property=\"og:image\" content=\"https:\/\/storage.googleapis.com\/cz-shopatoa-img\/ro\/21534539-unnamed-file.webp\" \/>\n\t<meta property=\"og:image:width\" content=\"800\" \/>\n\t<meta property=\"og:image:height\" content=\"800\" \/>\n\t<meta property=\"og:image:type\" content=\"image\/webp\" \/>\n<meta name=\"twitter:card\" content=\"summary_large_image\" \/>\n<script type=\"application\/ld+json\" class=\"yoast-schema-graph\">{\"@context\":\"https:\\\/\\\/schema.org\",\"@graph\":[{\"@type\":\"WebPage\",\"@id\":\"https:\\\/\\\/shopatoa.com\\\/ro\\\/m2-beaute-gel-pentru-sprancene-4-in-1-eyebrow-enhancer-color-care-6-ml-brown\\\/\",\"url\":\"https:\\\/\\\/shopatoa.com\\\/ro\\\/m2-beaute-gel-pentru-sprancene-4-in-1-eyebrow-enhancer-color-care-6-ml-brown\\\/\",\"name\":\"M2 Beaut\u00e9 Gel pentru spr\u00e2ncene 4 in 1 (Eyebrow Enhancer Color & Care) 6 ml Brown - SHOPATOA.COM\",\"isPartOf\":{\"@id\":\"https:\\\/\\\/shopatoa.com\\\/ro\\\/#website\"},\"primaryImageOfPage\":{\"@id\":\"https:\\\/\\\/shopatoa.com\\\/ro\\\/m2-beaute-gel-pentru-sprancene-4-in-1-eyebrow-enhancer-color-care-6-ml-brown\\\/#primaryimage\"},\"image\":{\"@id\":\"https:\\\/\\\/shopatoa.com\\\/ro\\\/m2-beaute-gel-pentru-sprancene-4-in-1-eyebrow-enhancer-color-care-6-ml-brown\\\/#primaryimage\"},\"thumbnailUrl\":\"https:\\\/\\\/storage.googleapis.com\\\/cz-shopatoa-img\\\/ro\\\/21534539-unnamed-file.webp\",\"datePublished\":\"2025-05-06T02:10:10+00:00\",\"dateModified\":\"2025-12-10T13:46:06+00:00\",\"breadcrumb\":{\"@id\":\"https:\\\/\\\/shopatoa.com\\\/ro\\\/m2-beaute-gel-pentru-sprancene-4-in-1-eyebrow-enhancer-color-care-6-ml-brown\\\/#breadcrumb\"},\"inLanguage\":\"ro-RO\",\"potentialAction\":[{\"@type\":\"ReadAction\",\"target\":[\"https:\\\/\\\/shopatoa.com\\\/ro\\\/m2-beaute-gel-pentru-sprancene-4-in-1-eyebrow-enhancer-color-care-6-ml-brown\\\/\"]}]},{\"@type\":\"ImageObject\",\"inLanguage\":\"ro-RO\",\"@id\":\"https:\\\/\\\/shopatoa.com\\\/ro\\\/m2-beaute-gel-pentru-sprancene-4-in-1-eyebrow-enhancer-color-care-6-ml-brown\\\/#primaryimage\",\"url\":\"https:\\\/\\\/storage.googleapis.com\\\/cz-shopatoa-img\\\/ro\\\/21534539-unnamed-file.webp\",\"contentUrl\":\"https:\\\/\\\/storage.googleapis.com\\\/cz-shopatoa-img\\\/ro\\\/21534539-unnamed-file.webp\",\"width\":800,\"height\":800},{\"@type\":\"BreadcrumbList\",\"@id\":\"https:\\\/\\\/shopatoa.com\\\/ro\\\/m2-beaute-gel-pentru-sprancene-4-in-1-eyebrow-enhancer-color-care-6-ml-brown\\\/#breadcrumb\",\"itemListElement\":[{\"@type\":\"ListItem\",\"position\":1,\"name\":\"Dom\u016f\",\"item\":\"https:\\\/\\\/shopatoa.com\\\/ro\\\/\"},{\"@type\":\"ListItem\",\"position\":2,\"name\":\"Shop\",\"item\":\"https:\\\/\\\/shopatoa.com\\\/ro\\\/shop\\\/\"},{\"@type\":\"ListItem\",\"position\":3,\"name\":\"Cosmetice\",\"item\":\"https:\\\/\\\/shopatoa.com\\\/ro\\\/cosmetice\\\/\"},{\"@type\":\"ListItem\",\"position\":4,\"name\":\"Cosmetice decorative\",\"item\":\"https:\\\/\\\/shopatoa.com\\\/ro\\\/cosmetice-decorative\\\/\"},{\"@type\":\"ListItem\",\"position\":5,\"name\":\"Cosmetice decorative pentru spr\u00e2ncene\",\"item\":\"https:\\\/\\\/shopatoa.com\\\/ro\\\/cosmetice-decorative-pentru-sprancene\\\/\"},{\"@type\":\"ListItem\",\"position\":6,\"name\":\"Vopsele pentru spr\u00e2ncene \u0219i gene\",\"item\":\"https:\\\/\\\/shopatoa.com\\\/ro\\\/vopsele-pentru-sprancene-si-gene\\\/\"},{\"@type\":\"ListItem\",\"position\":7,\"name\":\"M2 Beaut\u00e9 Gel pentru spr\u00e2ncene 4 in 1 (Eyebrow Enhancer Color &amp; Care) 6 ml Brown\"}]},{\"@type\":\"WebSite\",\"@id\":\"https:\\\/\\\/shopatoa.com\\\/ro\\\/#website\",\"url\":\"https:\\\/\\\/shopatoa.com\\\/ro\\\/\",\"name\":\"SHOPATOA\",\"description\":\"\",\"publisher\":{\"@id\":\"https:\\\/\\\/shopatoa.com\\\/ro\\\/#organization\"},\"potentialAction\":[{\"@type\":\"SearchAction\",\"target\":{\"@type\":\"EntryPoint\",\"urlTemplate\":\"https:\\\/\\\/shopatoa.com\\\/ro\\\/?s={search_term_string}\"},\"query-input\":{\"@type\":\"PropertyValueSpecification\",\"valueRequired\":true,\"valueName\":\"search_term_string\"}}],\"inLanguage\":\"ro-RO\"},{\"@type\":\"Organization\",\"@id\":\"https:\\\/\\\/shopatoa.com\\\/ro\\\/#organization\",\"name\":\"SHOPATOA\",\"url\":\"https:\\\/\\\/shopatoa.com\\\/ro\\\/\",\"logo\":{\"@type\":\"ImageObject\",\"inLanguage\":\"ro-RO\",\"@id\":\"https:\\\/\\\/shopatoa.com\\\/ro\\\/#\\\/schema\\\/logo\\\/image\\\/\",\"url\":\"https:\\\/\\\/storage.googleapis.com\\\/cz-shopatoa-img\\\/ro\\\/b4dac915-shopatoa_logo.png\",\"contentUrl\":\"https:\\\/\\\/storage.googleapis.com\\\/cz-shopatoa-img\\\/ro\\\/b4dac915-shopatoa_logo.png\",\"width\":416,\"height\":63,\"caption\":\"SHOPATOA\"},\"image\":{\"@id\":\"https:\\\/\\\/shopatoa.com\\\/ro\\\/#\\\/schema\\\/logo\\\/image\\\/\"}}]}<\/script>\n<!-- \/ Yoast SEO plugin. -->","yoast_head_json":{"title":"M2 Beaut\u00e9 Gel pentru spr\u00e2ncene 4 in 1 (Eyebrow Enhancer Color & Care) 6 ml Brown - SHOPATOA.COM","robots":{"index":"index","follow":"follow","max-snippet":"max-snippet:-1","max-image-preview":"max-image-preview:large","max-video-preview":"max-video-preview:-1"},"canonical":"https:\/\/shopatoa.com\/ro\/m2-beaute-gel-pentru-sprancene-4-in-1-eyebrow-enhancer-color-care-6-ml-brown\/","og_locale":"ro_RO","og_type":"article","og_title":"M2 Beaut\u00e9 Gel pentru spr\u00e2ncene 4 in 1 (Eyebrow Enhancer Color & Care) 6 ml Brown - SHOPATOA.COM","og_description":"Un gel inovator pentru spr\u00e2ncene 4 \u00een 1 care stimuleaz\u0103 cre\u0219terea spr\u00e2ncenelor, ofer\u0103 spr\u00e2ncenelor o nuan\u021b\u0103 natural\u0103 uniform\u0103 \u0219i le fixeaz\u0103 \u0219i le \u00eengrije\u0219te \u00een profunzime. Bazat pe complexe de peptide de \u00eenalt\u0103 calitate, las\u0103 spr\u00e2ncenele foarte groase, str\u0103lucitoare \u0219i flexibile. Ingredientul activ al fructelor de acai face firele de p\u0103r mai rezistente \u0219i le...","og_url":"https:\/\/shopatoa.com\/ro\/m2-beaute-gel-pentru-sprancene-4-in-1-eyebrow-enhancer-color-care-6-ml-brown\/","og_site_name":"SHOPATOA","article_modified_time":"2025-12-10T13:46:06+00:00","og_image":[{"width":800,"height":800,"url":"https:\/\/storage.googleapis.com\/cz-shopatoa-img\/ro\/21534539-unnamed-file.webp","type":"image\/webp"}],"twitter_card":"summary_large_image","schema":{"@context":"https:\/\/schema.org","@graph":[{"@type":"WebPage","@id":"https:\/\/shopatoa.com\/ro\/m2-beaute-gel-pentru-sprancene-4-in-1-eyebrow-enhancer-color-care-6-ml-brown\/","url":"https:\/\/shopatoa.com\/ro\/m2-beaute-gel-pentru-sprancene-4-in-1-eyebrow-enhancer-color-care-6-ml-brown\/","name":"M2 Beaut\u00e9 Gel pentru spr\u00e2ncene 4 in 1 (Eyebrow Enhancer Color & Care) 6 ml Brown - SHOPATOA.COM","isPartOf":{"@id":"https:\/\/shopatoa.com\/ro\/#website"},"primaryImageOfPage":{"@id":"https:\/\/shopatoa.com\/ro\/m2-beaute-gel-pentru-sprancene-4-in-1-eyebrow-enhancer-color-care-6-ml-brown\/#primaryimage"},"image":{"@id":"https:\/\/shopatoa.com\/ro\/m2-beaute-gel-pentru-sprancene-4-in-1-eyebrow-enhancer-color-care-6-ml-brown\/#primaryimage"},"thumbnailUrl":"https:\/\/storage.googleapis.com\/cz-shopatoa-img\/ro\/21534539-unnamed-file.webp","datePublished":"2025-05-06T02:10:10+00:00","dateModified":"2025-12-10T13:46:06+00:00","breadcrumb":{"@id":"https:\/\/shopatoa.com\/ro\/m2-beaute-gel-pentru-sprancene-4-in-1-eyebrow-enhancer-color-care-6-ml-brown\/#breadcrumb"},"inLanguage":"ro-RO","potentialAction":[{"@type":"ReadAction","target":["https:\/\/shopatoa.com\/ro\/m2-beaute-gel-pentru-sprancene-4-in-1-eyebrow-enhancer-color-care-6-ml-brown\/"]}]},{"@type":"ImageObject","inLanguage":"ro-RO","@id":"https:\/\/shopatoa.com\/ro\/m2-beaute-gel-pentru-sprancene-4-in-1-eyebrow-enhancer-color-care-6-ml-brown\/#primaryimage","url":"https:\/\/storage.googleapis.com\/cz-shopatoa-img\/ro\/21534539-unnamed-file.webp","contentUrl":"https:\/\/storage.googleapis.com\/cz-shopatoa-img\/ro\/21534539-unnamed-file.webp","width":800,"height":800},{"@type":"BreadcrumbList","@id":"https:\/\/shopatoa.com\/ro\/m2-beaute-gel-pentru-sprancene-4-in-1-eyebrow-enhancer-color-care-6-ml-brown\/#breadcrumb","itemListElement":[{"@type":"ListItem","position":1,"name":"Dom\u016f","item":"https:\/\/shopatoa.com\/ro\/"},{"@type":"ListItem","position":2,"name":"Shop","item":"https:\/\/shopatoa.com\/ro\/shop\/"},{"@type":"ListItem","position":3,"name":"Cosmetice","item":"https:\/\/shopatoa.com\/ro\/cosmetice\/"},{"@type":"ListItem","position":4,"name":"Cosmetice decorative","item":"https:\/\/shopatoa.com\/ro\/cosmetice-decorative\/"},{"@type":"ListItem","position":5,"name":"Cosmetice decorative pentru spr\u00e2ncene","item":"https:\/\/shopatoa.com\/ro\/cosmetice-decorative-pentru-sprancene\/"},{"@type":"ListItem","position":6,"name":"Vopsele pentru spr\u00e2ncene \u0219i gene","item":"https:\/\/shopatoa.com\/ro\/vopsele-pentru-sprancene-si-gene\/"},{"@type":"ListItem","position":7,"name":"M2 Beaut\u00e9 Gel pentru spr\u00e2ncene 4 in 1 (Eyebrow Enhancer Color &amp; Care) 6 ml Brown"}]},{"@type":"WebSite","@id":"https:\/\/shopatoa.com\/ro\/#website","url":"https:\/\/shopatoa.com\/ro\/","name":"SHOPATOA","description":"","publisher":{"@id":"https:\/\/shopatoa.com\/ro\/#organization"},"potentialAction":[{"@type":"SearchAction","target":{"@type":"EntryPoint","urlTemplate":"https:\/\/shopatoa.com\/ro\/?s={search_term_string}"},"query-input":{"@type":"PropertyValueSpecification","valueRequired":true,"valueName":"search_term_string"}}],"inLanguage":"ro-RO"},{"@type":"Organization","@id":"https:\/\/shopatoa.com\/ro\/#organization","name":"SHOPATOA","url":"https:\/\/shopatoa.com\/ro\/","logo":{"@type":"ImageObject","inLanguage":"ro-RO","@id":"https:\/\/shopatoa.com\/ro\/#\/schema\/logo\/image\/","url":"https:\/\/storage.googleapis.com\/cz-shopatoa-img\/ro\/b4dac915-shopatoa_logo.png","contentUrl":"https:\/\/storage.googleapis.com\/cz-shopatoa-img\/ro\/b4dac915-shopatoa_logo.png","width":416,"height":63,"caption":"SHOPATOA"},"image":{"@id":"https:\/\/shopatoa.com\/ro\/#\/schema\/logo\/image\/"}}]}},"_links":{"self":[{"href":"https:\/\/shopatoa.com\/ro\/wp-json\/wp\/v2\/product\/323682","targetHints":{"allow":["GET"]}}],"collection":[{"href":"https:\/\/shopatoa.com\/ro\/wp-json\/wp\/v2\/product"}],"about":[{"href":"https:\/\/shopatoa.com\/ro\/wp-json\/wp\/v2\/types\/product"}],"replies":[{"embeddable":true,"href":"https:\/\/shopatoa.com\/ro\/wp-json\/wp\/v2\/comments?post=323682"}],"wp:featuredmedia":[{"embeddable":true,"href":"https:\/\/shopatoa.com\/ro\/wp-json\/wp\/v2\/media\/323685"}],"wp:attachment":[{"href":"https:\/\/shopatoa.com\/ro\/wp-json\/wp\/v2\/media?parent=323682"}],"wp:term":[{"taxonomy":"product_brand","embeddable":true,"href":"https:\/\/shopatoa.com\/ro\/wp-json\/wp\/v2\/product_brand?post=323682"},{"taxonomy":"product_cat","embeddable":true,"href":"https:\/\/shopatoa.com\/ro\/wp-json\/wp\/v2\/product_cat?post=323682"},{"taxonomy":"product_tag","embeddable":true,"href":"https:\/\/shopatoa.com\/ro\/wp-json\/wp\/v2\/product_tag?post=323682"}],"curies":[{"name":"wp","href":"https:\/\/api.w.org\/{rel}","templated":true}]}}