{"id":323761,"date":"2025-05-06T04:21:03","date_gmt":"2025-05-06T02:21:03","guid":{"rendered":"https:\/\/shopatoa.com\/ro\/nivea-crema-de-ochi-impotriva-cearcanelor-cellular-luminous-630-eye-cream-15-ml\/"},"modified":"2025-12-10T14:34:44","modified_gmt":"2025-12-10T13:34:44","slug":"nivea-crema-de-ochi-impotriva-cearcanelor-cellular-luminous-630-eye-cream-15-ml","status":"publish","type":"product","link":"https:\/\/shopatoa.com\/ro\/nivea-crema-de-ochi-impotriva-cearcanelor-cellular-luminous-630-eye-cream-15-ml\/","title":{"rendered":"Nivea Crem\u0103 de ochi \u00eempotriva cearc\u0103nelor Cellular Luminous 630 (Eye Cream) 15 ml"},"content":{"rendered":"<p>Cearc\u0103ne sub ochi? Sc\u0103pa\u021bi de ele \u00een c\u00e2teva secunde datorit\u0103 substan\u021bei active Luminous630, care unific\u0103 aspectul pielii, \u0219i a cofeinei, care \u00eemprosp\u0103teaz\u0103 pielea. Cearc\u0103nele pot avea multe cauze: dezechilibru de melanina, piele deshidratat\u0103, piele obosit\u0103. Oricare ar fi cauza, pute\u021bi elimina cu u\u0219urin\u021b\u0103 consecin\u021bele sub form\u0103 de cearc\u0103ne sub ochi. Crema de ochi \u00eempotriva cearc\u0103nelor con\u021bine substan\u021ba activa Luminous630, care unifica aspectul pielii \u0219i reduce petele pigmentare. Acidul hialuronic hidrateaz\u0103 intens pielea \u0219i reduce vizibil liniile fine. Cofeina poate face fa\u021b\u0103 oboselii. \u00cen 8 s\u0103pt\u0103m\u00e2ni de utilizare, intensitatea cercurilor de sub ochi este redus\u0103 cu 40%. A\u0219a c\u0103 spune\u021bi-le adio cu Luminous630 \u00eempotriva cearc\u0103nelor.<\/p>\n","protected":false},"excerpt":{"rendered":"<p>Cearc\u0103ne sub ochi? Sc\u0103pa\u021bi de ele \u00een c\u00e2teva secunde datorit\u0103 substan\u021bei active Luminous630, care unific\u0103 aspectul pielii, \u0219i a cofeinei, care \u00eemprosp\u0103teaz\u0103 pielea. Cearc\u0103nele pot avea multe cauze: dezechilibru de melanina, piele deshidratat\u0103, piele obosit\u0103. Oricare ar fi cauza, pute\u021bi elimina cu u\u0219urin\u021b\u0103 consecin\u021bele sub form\u0103 de cearc\u0103ne sub ochi. Crema de ochi \u00eempotriva cearc\u0103nelor&#8230;<\/p>\n","protected":false},"featured_media":323763,"comment_status":"closed","ping_status":"open","template":"","meta":{"_acf_changed":false,"_kadence_starter_templates_imported_post":false,"_kad_post_transparent":"","_kad_post_title":"","_kad_post_layout":"","_kad_post_sidebar_id":"","_kad_post_content_style":"","_kad_post_vertical_padding":"","_kad_post_feature":"","_kad_post_feature_position":"","_kad_post_header":false,"_kad_post_footer":false,"_kad_post_classname":""},"product_brand":[91],"product_cat":[246,674,633],"product_tag":[],"class_list":{"0":"post-323761","1":"product","2":"type-product","3":"status-publish","4":"has-post-thumbnail","6":"product_brand-nivea","7":"product_cat-cosmetice","8":"product_cat-ingrijirea-ochilor-cosmetica","9":"product_cat-produse-cosmetice-pentru-piele","11":"first","12":"instock","13":"sale","14":"product-type-external","15":"entry","16":"content-bg","17":"loop-entry"},"acf":[],"yoast_head":"<!-- This site is optimized with the Yoast SEO plugin v27.3 - https:\/\/yoast.com\/product\/yoast-seo-wordpress\/ -->\n<title>Nivea Crem\u0103 de ochi \u00eempotriva cearc\u0103nelor Cellular Luminous 630 (Eye Cream) 15 ml - SHOPATOA.COM<\/title>\n<meta name=\"robots\" content=\"index, follow, max-snippet:-1, max-image-preview:large, max-video-preview:-1\" \/>\n<link rel=\"canonical\" href=\"https:\/\/shopatoa.com\/ro\/nivea-crema-de-ochi-impotriva-cearcanelor-cellular-luminous-630-eye-cream-15-ml\/\" \/>\n<meta property=\"og:locale\" content=\"ro_RO\" \/>\n<meta property=\"og:type\" content=\"article\" \/>\n<meta property=\"og:title\" content=\"Nivea Crem\u0103 de ochi \u00eempotriva cearc\u0103nelor Cellular Luminous 630 (Eye Cream) 15 ml - SHOPATOA.COM\" \/>\n<meta property=\"og:description\" content=\"Cearc\u0103ne sub ochi? Sc\u0103pa\u021bi de ele \u00een c\u00e2teva secunde datorit\u0103 substan\u021bei active Luminous630, care unific\u0103 aspectul pielii, \u0219i a cofeinei, care \u00eemprosp\u0103teaz\u0103 pielea. Cearc\u0103nele pot avea multe cauze: dezechilibru de melanina, piele deshidratat\u0103, piele obosit\u0103. Oricare ar fi cauza, pute\u021bi elimina cu u\u0219urin\u021b\u0103 consecin\u021bele sub form\u0103 de cearc\u0103ne sub ochi. Crema de ochi \u00eempotriva cearc\u0103nelor...\" \/>\n<meta property=\"og:url\" content=\"https:\/\/shopatoa.com\/ro\/nivea-crema-de-ochi-impotriva-cearcanelor-cellular-luminous-630-eye-cream-15-ml\/\" \/>\n<meta property=\"og:site_name\" content=\"SHOPATOA\" \/>\n<meta property=\"article:modified_time\" content=\"2025-12-10T13:34:44+00:00\" \/>\n<meta property=\"og:image\" content=\"https:\/\/storage.googleapis.com\/cz-shopatoa-img\/ro\/fbae42b1-unnamed-file.webp\" \/>\n\t<meta property=\"og:image:width\" content=\"800\" \/>\n\t<meta property=\"og:image:height\" content=\"800\" \/>\n\t<meta property=\"og:image:type\" content=\"image\/webp\" \/>\n<meta name=\"twitter:card\" content=\"summary_large_image\" \/>\n<meta name=\"twitter:label1\" content=\"Timp estimat pentru citire\" \/>\n\t<meta name=\"twitter:data1\" content=\"1 minut\" \/>\n<script type=\"application\/ld+json\" class=\"yoast-schema-graph\">{\"@context\":\"https:\\\/\\\/schema.org\",\"@graph\":[{\"@type\":\"WebPage\",\"@id\":\"https:\\\/\\\/shopatoa.com\\\/ro\\\/nivea-crema-de-ochi-impotriva-cearcanelor-cellular-luminous-630-eye-cream-15-ml\\\/\",\"url\":\"https:\\\/\\\/shopatoa.com\\\/ro\\\/nivea-crema-de-ochi-impotriva-cearcanelor-cellular-luminous-630-eye-cream-15-ml\\\/\",\"name\":\"Nivea Crem\u0103 de ochi \u00eempotriva cearc\u0103nelor Cellular Luminous 630 (Eye Cream) 15 ml - SHOPATOA.COM\",\"isPartOf\":{\"@id\":\"https:\\\/\\\/shopatoa.com\\\/ro\\\/#website\"},\"primaryImageOfPage\":{\"@id\":\"https:\\\/\\\/shopatoa.com\\\/ro\\\/nivea-crema-de-ochi-impotriva-cearcanelor-cellular-luminous-630-eye-cream-15-ml\\\/#primaryimage\"},\"image\":{\"@id\":\"https:\\\/\\\/shopatoa.com\\\/ro\\\/nivea-crema-de-ochi-impotriva-cearcanelor-cellular-luminous-630-eye-cream-15-ml\\\/#primaryimage\"},\"thumbnailUrl\":\"https:\\\/\\\/storage.googleapis.com\\\/cz-shopatoa-img\\\/ro\\\/fbae42b1-unnamed-file.webp\",\"datePublished\":\"2025-05-06T02:21:03+00:00\",\"dateModified\":\"2025-12-10T13:34:44+00:00\",\"breadcrumb\":{\"@id\":\"https:\\\/\\\/shopatoa.com\\\/ro\\\/nivea-crema-de-ochi-impotriva-cearcanelor-cellular-luminous-630-eye-cream-15-ml\\\/#breadcrumb\"},\"inLanguage\":\"ro-RO\",\"potentialAction\":[{\"@type\":\"ReadAction\",\"target\":[\"https:\\\/\\\/shopatoa.com\\\/ro\\\/nivea-crema-de-ochi-impotriva-cearcanelor-cellular-luminous-630-eye-cream-15-ml\\\/\"]}]},{\"@type\":\"ImageObject\",\"inLanguage\":\"ro-RO\",\"@id\":\"https:\\\/\\\/shopatoa.com\\\/ro\\\/nivea-crema-de-ochi-impotriva-cearcanelor-cellular-luminous-630-eye-cream-15-ml\\\/#primaryimage\",\"url\":\"https:\\\/\\\/storage.googleapis.com\\\/cz-shopatoa-img\\\/ro\\\/fbae42b1-unnamed-file.webp\",\"contentUrl\":\"https:\\\/\\\/storage.googleapis.com\\\/cz-shopatoa-img\\\/ro\\\/fbae42b1-unnamed-file.webp\",\"width\":800,\"height\":800},{\"@type\":\"BreadcrumbList\",\"@id\":\"https:\\\/\\\/shopatoa.com\\\/ro\\\/nivea-crema-de-ochi-impotriva-cearcanelor-cellular-luminous-630-eye-cream-15-ml\\\/#breadcrumb\",\"itemListElement\":[{\"@type\":\"ListItem\",\"position\":1,\"name\":\"Dom\u016f\",\"item\":\"https:\\\/\\\/shopatoa.com\\\/ro\\\/\"},{\"@type\":\"ListItem\",\"position\":2,\"name\":\"Shop\",\"item\":\"https:\\\/\\\/shopatoa.com\\\/ro\\\/shop\\\/\"},{\"@type\":\"ListItem\",\"position\":3,\"name\":\"Cosmetice\",\"item\":\"https:\\\/\\\/shopatoa.com\\\/ro\\\/cosmetice\\\/\"},{\"@type\":\"ListItem\",\"position\":4,\"name\":\"Produse cosmetice pentru piele\",\"item\":\"https:\\\/\\\/shopatoa.com\\\/ro\\\/produse-cosmetice-pentru-piele\\\/\"},{\"@type\":\"ListItem\",\"position\":5,\"name\":\"\u00cengrijirea ochilor Cosmetic\u0103\",\"item\":\"https:\\\/\\\/shopatoa.com\\\/ro\\\/ingrijirea-ochilor-cosmetica\\\/\"},{\"@type\":\"ListItem\",\"position\":6,\"name\":\"Nivea Crem\u0103 de ochi \u00eempotriva cearc\u0103nelor Cellular Luminous 630 (Eye Cream) 15 ml\"}]},{\"@type\":\"WebSite\",\"@id\":\"https:\\\/\\\/shopatoa.com\\\/ro\\\/#website\",\"url\":\"https:\\\/\\\/shopatoa.com\\\/ro\\\/\",\"name\":\"SHOPATOA\",\"description\":\"\",\"publisher\":{\"@id\":\"https:\\\/\\\/shopatoa.com\\\/ro\\\/#organization\"},\"potentialAction\":[{\"@type\":\"SearchAction\",\"target\":{\"@type\":\"EntryPoint\",\"urlTemplate\":\"https:\\\/\\\/shopatoa.com\\\/ro\\\/?s={search_term_string}\"},\"query-input\":{\"@type\":\"PropertyValueSpecification\",\"valueRequired\":true,\"valueName\":\"search_term_string\"}}],\"inLanguage\":\"ro-RO\"},{\"@type\":\"Organization\",\"@id\":\"https:\\\/\\\/shopatoa.com\\\/ro\\\/#organization\",\"name\":\"SHOPATOA\",\"url\":\"https:\\\/\\\/shopatoa.com\\\/ro\\\/\",\"logo\":{\"@type\":\"ImageObject\",\"inLanguage\":\"ro-RO\",\"@id\":\"https:\\\/\\\/shopatoa.com\\\/ro\\\/#\\\/schema\\\/logo\\\/image\\\/\",\"url\":\"https:\\\/\\\/storage.googleapis.com\\\/cz-shopatoa-img\\\/ro\\\/b4dac915-shopatoa_logo.png\",\"contentUrl\":\"https:\\\/\\\/storage.googleapis.com\\\/cz-shopatoa-img\\\/ro\\\/b4dac915-shopatoa_logo.png\",\"width\":416,\"height\":63,\"caption\":\"SHOPATOA\"},\"image\":{\"@id\":\"https:\\\/\\\/shopatoa.com\\\/ro\\\/#\\\/schema\\\/logo\\\/image\\\/\"}}]}<\/script>\n<!-- \/ Yoast SEO plugin. -->","yoast_head_json":{"title":"Nivea Crem\u0103 de ochi \u00eempotriva cearc\u0103nelor Cellular Luminous 630 (Eye Cream) 15 ml - SHOPATOA.COM","robots":{"index":"index","follow":"follow","max-snippet":"max-snippet:-1","max-image-preview":"max-image-preview:large","max-video-preview":"max-video-preview:-1"},"canonical":"https:\/\/shopatoa.com\/ro\/nivea-crema-de-ochi-impotriva-cearcanelor-cellular-luminous-630-eye-cream-15-ml\/","og_locale":"ro_RO","og_type":"article","og_title":"Nivea Crem\u0103 de ochi \u00eempotriva cearc\u0103nelor Cellular Luminous 630 (Eye Cream) 15 ml - SHOPATOA.COM","og_description":"Cearc\u0103ne sub ochi? Sc\u0103pa\u021bi de ele \u00een c\u00e2teva secunde datorit\u0103 substan\u021bei active Luminous630, care unific\u0103 aspectul pielii, \u0219i a cofeinei, care \u00eemprosp\u0103teaz\u0103 pielea. Cearc\u0103nele pot avea multe cauze: dezechilibru de melanina, piele deshidratat\u0103, piele obosit\u0103. Oricare ar fi cauza, pute\u021bi elimina cu u\u0219urin\u021b\u0103 consecin\u021bele sub form\u0103 de cearc\u0103ne sub ochi. Crema de ochi \u00eempotriva cearc\u0103nelor...","og_url":"https:\/\/shopatoa.com\/ro\/nivea-crema-de-ochi-impotriva-cearcanelor-cellular-luminous-630-eye-cream-15-ml\/","og_site_name":"SHOPATOA","article_modified_time":"2025-12-10T13:34:44+00:00","og_image":[{"width":800,"height":800,"url":"https:\/\/storage.googleapis.com\/cz-shopatoa-img\/ro\/fbae42b1-unnamed-file.webp","type":"image\/webp"}],"twitter_card":"summary_large_image","twitter_misc":{"Timp estimat pentru citire":"1 minut"},"schema":{"@context":"https:\/\/schema.org","@graph":[{"@type":"WebPage","@id":"https:\/\/shopatoa.com\/ro\/nivea-crema-de-ochi-impotriva-cearcanelor-cellular-luminous-630-eye-cream-15-ml\/","url":"https:\/\/shopatoa.com\/ro\/nivea-crema-de-ochi-impotriva-cearcanelor-cellular-luminous-630-eye-cream-15-ml\/","name":"Nivea Crem\u0103 de ochi \u00eempotriva cearc\u0103nelor Cellular Luminous 630 (Eye Cream) 15 ml - SHOPATOA.COM","isPartOf":{"@id":"https:\/\/shopatoa.com\/ro\/#website"},"primaryImageOfPage":{"@id":"https:\/\/shopatoa.com\/ro\/nivea-crema-de-ochi-impotriva-cearcanelor-cellular-luminous-630-eye-cream-15-ml\/#primaryimage"},"image":{"@id":"https:\/\/shopatoa.com\/ro\/nivea-crema-de-ochi-impotriva-cearcanelor-cellular-luminous-630-eye-cream-15-ml\/#primaryimage"},"thumbnailUrl":"https:\/\/storage.googleapis.com\/cz-shopatoa-img\/ro\/fbae42b1-unnamed-file.webp","datePublished":"2025-05-06T02:21:03+00:00","dateModified":"2025-12-10T13:34:44+00:00","breadcrumb":{"@id":"https:\/\/shopatoa.com\/ro\/nivea-crema-de-ochi-impotriva-cearcanelor-cellular-luminous-630-eye-cream-15-ml\/#breadcrumb"},"inLanguage":"ro-RO","potentialAction":[{"@type":"ReadAction","target":["https:\/\/shopatoa.com\/ro\/nivea-crema-de-ochi-impotriva-cearcanelor-cellular-luminous-630-eye-cream-15-ml\/"]}]},{"@type":"ImageObject","inLanguage":"ro-RO","@id":"https:\/\/shopatoa.com\/ro\/nivea-crema-de-ochi-impotriva-cearcanelor-cellular-luminous-630-eye-cream-15-ml\/#primaryimage","url":"https:\/\/storage.googleapis.com\/cz-shopatoa-img\/ro\/fbae42b1-unnamed-file.webp","contentUrl":"https:\/\/storage.googleapis.com\/cz-shopatoa-img\/ro\/fbae42b1-unnamed-file.webp","width":800,"height":800},{"@type":"BreadcrumbList","@id":"https:\/\/shopatoa.com\/ro\/nivea-crema-de-ochi-impotriva-cearcanelor-cellular-luminous-630-eye-cream-15-ml\/#breadcrumb","itemListElement":[{"@type":"ListItem","position":1,"name":"Dom\u016f","item":"https:\/\/shopatoa.com\/ro\/"},{"@type":"ListItem","position":2,"name":"Shop","item":"https:\/\/shopatoa.com\/ro\/shop\/"},{"@type":"ListItem","position":3,"name":"Cosmetice","item":"https:\/\/shopatoa.com\/ro\/cosmetice\/"},{"@type":"ListItem","position":4,"name":"Produse cosmetice pentru piele","item":"https:\/\/shopatoa.com\/ro\/produse-cosmetice-pentru-piele\/"},{"@type":"ListItem","position":5,"name":"\u00cengrijirea ochilor Cosmetic\u0103","item":"https:\/\/shopatoa.com\/ro\/ingrijirea-ochilor-cosmetica\/"},{"@type":"ListItem","position":6,"name":"Nivea Crem\u0103 de ochi \u00eempotriva cearc\u0103nelor Cellular Luminous 630 (Eye Cream) 15 ml"}]},{"@type":"WebSite","@id":"https:\/\/shopatoa.com\/ro\/#website","url":"https:\/\/shopatoa.com\/ro\/","name":"SHOPATOA","description":"","publisher":{"@id":"https:\/\/shopatoa.com\/ro\/#organization"},"potentialAction":[{"@type":"SearchAction","target":{"@type":"EntryPoint","urlTemplate":"https:\/\/shopatoa.com\/ro\/?s={search_term_string}"},"query-input":{"@type":"PropertyValueSpecification","valueRequired":true,"valueName":"search_term_string"}}],"inLanguage":"ro-RO"},{"@type":"Organization","@id":"https:\/\/shopatoa.com\/ro\/#organization","name":"SHOPATOA","url":"https:\/\/shopatoa.com\/ro\/","logo":{"@type":"ImageObject","inLanguage":"ro-RO","@id":"https:\/\/shopatoa.com\/ro\/#\/schema\/logo\/image\/","url":"https:\/\/storage.googleapis.com\/cz-shopatoa-img\/ro\/b4dac915-shopatoa_logo.png","contentUrl":"https:\/\/storage.googleapis.com\/cz-shopatoa-img\/ro\/b4dac915-shopatoa_logo.png","width":416,"height":63,"caption":"SHOPATOA"},"image":{"@id":"https:\/\/shopatoa.com\/ro\/#\/schema\/logo\/image\/"}}]}},"_links":{"self":[{"href":"https:\/\/shopatoa.com\/ro\/wp-json\/wp\/v2\/product\/323761","targetHints":{"allow":["GET"]}}],"collection":[{"href":"https:\/\/shopatoa.com\/ro\/wp-json\/wp\/v2\/product"}],"about":[{"href":"https:\/\/shopatoa.com\/ro\/wp-json\/wp\/v2\/types\/product"}],"replies":[{"embeddable":true,"href":"https:\/\/shopatoa.com\/ro\/wp-json\/wp\/v2\/comments?post=323761"}],"wp:featuredmedia":[{"embeddable":true,"href":"https:\/\/shopatoa.com\/ro\/wp-json\/wp\/v2\/media\/323763"}],"wp:attachment":[{"href":"https:\/\/shopatoa.com\/ro\/wp-json\/wp\/v2\/media?parent=323761"}],"wp:term":[{"taxonomy":"product_brand","embeddable":true,"href":"https:\/\/shopatoa.com\/ro\/wp-json\/wp\/v2\/product_brand?post=323761"},{"taxonomy":"product_cat","embeddable":true,"href":"https:\/\/shopatoa.com\/ro\/wp-json\/wp\/v2\/product_cat?post=323761"},{"taxonomy":"product_tag","embeddable":true,"href":"https:\/\/shopatoa.com\/ro\/wp-json\/wp\/v2\/product_tag?post=323761"}],"curies":[{"name":"wp","href":"https:\/\/api.w.org\/{rel}","templated":true}]}}