{"id":324137,"date":"2025-05-06T05:11:50","date_gmt":"2025-05-06T03:11:50","guid":{"rendered":"https:\/\/shopatoa.com\/ro\/dr-hauschka-creion-de-buze-lip-line-definer-105-g-001\/"},"modified":"2025-12-10T13:54:42","modified_gmt":"2025-12-10T12:54:42","slug":"dr-hauschka-creion-de-buze-lip-line-definer-105-g-001","status":"publish","type":"product","link":"https:\/\/shopatoa.com\/ro\/dr-hauschka-creion-de-buze-lip-line-definer-105-g-001\/","title":{"rendered":"Dr. Hauschka Creion de buze (Lip Line Definer) 1,05 g 001"},"content":{"rendered":"<p>Creionul de buze permite conturarea \u0219i eviden\u021bierea perfect\u0103 a culorii rujului. Este u\u0219or de aplicat \u0219i previne r\u0103sp\u00e2ndirea rujului \u00een liniile fine din jurul gurii. Compozi\u021bia de pigmen\u021bi minerali, cear\u0103 de trandafir, ulm \u0219i ulei de jojoba hidrateaz\u0103 buzele delicate \u0219i le ofer\u0103 o \u00eengrijire bl\u00e2nd\u0103.<\/p>\n","protected":false},"excerpt":{"rendered":"<p>Creionul de buze permite conturarea \u0219i eviden\u021bierea perfect\u0103 a culorii rujului. Este u\u0219or de aplicat \u0219i previne r\u0103sp\u00e2ndirea rujului \u00een liniile fine din jurul gurii. Compozi\u021bia de pigmen\u021bi minerali, cear\u0103 de trandafir, ulm \u0219i ulei de jojoba hidrateaz\u0103 buzele delicate \u0219i le ofer\u0103 o \u00eengrijire bl\u00e2nd\u0103.<\/p>\n","protected":false},"featured_media":324139,"comment_status":"closed","ping_status":"open","template":"","meta":{"_acf_changed":false,"_kadence_starter_templates_imported_post":false,"_kad_post_transparent":"","_kad_post_title":"","_kad_post_layout":"","_kad_post_sidebar_id":"","_kad_post_content_style":"","_kad_post_vertical_padding":"","_kad_post_feature":"","_kad_post_feature_position":"","_kad_post_header":false,"_kad_post_footer":false,"_kad_post_classname":""},"product_brand":[421],"product_cat":[246,609,638,766],"product_tag":[],"class_list":{"0":"post-324137","1":"product","2":"type-product","3":"status-publish","4":"has-post-thumbnail","6":"product_brand-dr-hauschka","7":"product_cat-cosmetice","8":"product_cat-cosmetice-decorative","9":"product_cat-machiaj-pentru-buze","10":"product_cat-obraz","12":"first","13":"instock","14":"product-type-external","15":"entry","16":"content-bg","17":"loop-entry"},"acf":[],"yoast_head":"<!-- This site is optimized with the Yoast SEO plugin v27.3 - https:\/\/yoast.com\/product\/yoast-seo-wordpress\/ -->\n<title>Dr. Hauschka Creion de buze (Lip Line Definer) 1,05 g 001 - SHOPATOA.COM<\/title>\n<meta name=\"robots\" content=\"index, follow, max-snippet:-1, max-image-preview:large, max-video-preview:-1\" \/>\n<link rel=\"canonical\" href=\"https:\/\/shopatoa.com\/ro\/dr-hauschka-creion-de-buze-lip-line-definer-105-g-001\/\" \/>\n<meta property=\"og:locale\" content=\"ro_RO\" \/>\n<meta property=\"og:type\" content=\"article\" \/>\n<meta property=\"og:title\" content=\"Dr. Hauschka Creion de buze (Lip Line Definer) 1,05 g 001 - SHOPATOA.COM\" \/>\n<meta property=\"og:description\" content=\"Creionul de buze permite conturarea \u0219i eviden\u021bierea perfect\u0103 a culorii rujului. Este u\u0219or de aplicat \u0219i previne r\u0103sp\u00e2ndirea rujului \u00een liniile fine din jurul gurii. Compozi\u021bia de pigmen\u021bi minerali, cear\u0103 de trandafir, ulm \u0219i ulei de jojoba hidrateaz\u0103 buzele delicate \u0219i le ofer\u0103 o \u00eengrijire bl\u00e2nd\u0103.\" \/>\n<meta property=\"og:url\" content=\"https:\/\/shopatoa.com\/ro\/dr-hauschka-creion-de-buze-lip-line-definer-105-g-001\/\" \/>\n<meta property=\"og:site_name\" content=\"SHOPATOA\" \/>\n<meta property=\"article:modified_time\" content=\"2025-12-10T12:54:42+00:00\" \/>\n<meta property=\"og:image\" content=\"https:\/\/storage.googleapis.com\/cz-shopatoa-img\/ro\/a7138064-unnamed-file-1.webp\" \/>\n\t<meta property=\"og:image:width\" content=\"800\" \/>\n\t<meta property=\"og:image:height\" content=\"800\" \/>\n\t<meta property=\"og:image:type\" content=\"image\/webp\" \/>\n<meta name=\"twitter:card\" content=\"summary_large_image\" \/>\n<script type=\"application\/ld+json\" class=\"yoast-schema-graph\">{\"@context\":\"https:\\\/\\\/schema.org\",\"@graph\":[{\"@type\":\"WebPage\",\"@id\":\"https:\\\/\\\/shopatoa.com\\\/ro\\\/dr-hauschka-creion-de-buze-lip-line-definer-105-g-001\\\/\",\"url\":\"https:\\\/\\\/shopatoa.com\\\/ro\\\/dr-hauschka-creion-de-buze-lip-line-definer-105-g-001\\\/\",\"name\":\"Dr. Hauschka Creion de buze (Lip Line Definer) 1,05 g 001 - SHOPATOA.COM\",\"isPartOf\":{\"@id\":\"https:\\\/\\\/shopatoa.com\\\/ro\\\/#website\"},\"primaryImageOfPage\":{\"@id\":\"https:\\\/\\\/shopatoa.com\\\/ro\\\/dr-hauschka-creion-de-buze-lip-line-definer-105-g-001\\\/#primaryimage\"},\"image\":{\"@id\":\"https:\\\/\\\/shopatoa.com\\\/ro\\\/dr-hauschka-creion-de-buze-lip-line-definer-105-g-001\\\/#primaryimage\"},\"thumbnailUrl\":\"https:\\\/\\\/storage.googleapis.com\\\/cz-shopatoa-img\\\/ro\\\/a7138064-unnamed-file-1.webp\",\"datePublished\":\"2025-05-06T03:11:50+00:00\",\"dateModified\":\"2025-12-10T12:54:42+00:00\",\"breadcrumb\":{\"@id\":\"https:\\\/\\\/shopatoa.com\\\/ro\\\/dr-hauschka-creion-de-buze-lip-line-definer-105-g-001\\\/#breadcrumb\"},\"inLanguage\":\"ro-RO\",\"potentialAction\":[{\"@type\":\"ReadAction\",\"target\":[\"https:\\\/\\\/shopatoa.com\\\/ro\\\/dr-hauschka-creion-de-buze-lip-line-definer-105-g-001\\\/\"]}]},{\"@type\":\"ImageObject\",\"inLanguage\":\"ro-RO\",\"@id\":\"https:\\\/\\\/shopatoa.com\\\/ro\\\/dr-hauschka-creion-de-buze-lip-line-definer-105-g-001\\\/#primaryimage\",\"url\":\"https:\\\/\\\/storage.googleapis.com\\\/cz-shopatoa-img\\\/ro\\\/a7138064-unnamed-file-1.webp\",\"contentUrl\":\"https:\\\/\\\/storage.googleapis.com\\\/cz-shopatoa-img\\\/ro\\\/a7138064-unnamed-file-1.webp\",\"width\":800,\"height\":800},{\"@type\":\"BreadcrumbList\",\"@id\":\"https:\\\/\\\/shopatoa.com\\\/ro\\\/dr-hauschka-creion-de-buze-lip-line-definer-105-g-001\\\/#breadcrumb\",\"itemListElement\":[{\"@type\":\"ListItem\",\"position\":1,\"name\":\"Dom\u016f\",\"item\":\"https:\\\/\\\/shopatoa.com\\\/ro\\\/\"},{\"@type\":\"ListItem\",\"position\":2,\"name\":\"Shop\",\"item\":\"https:\\\/\\\/shopatoa.com\\\/ro\\\/shop\\\/\"},{\"@type\":\"ListItem\",\"position\":3,\"name\":\"Cosmetice\",\"item\":\"https:\\\/\\\/shopatoa.com\\\/ro\\\/cosmetice\\\/\"},{\"@type\":\"ListItem\",\"position\":4,\"name\":\"Cosmetice decorative\",\"item\":\"https:\\\/\\\/shopatoa.com\\\/ro\\\/cosmetice-decorative\\\/\"},{\"@type\":\"ListItem\",\"position\":5,\"name\":\"Machiaj pentru buze\",\"item\":\"https:\\\/\\\/shopatoa.com\\\/ro\\\/machiaj-pentru-buze\\\/\"},{\"@type\":\"ListItem\",\"position\":6,\"name\":\"Obraz\",\"item\":\"https:\\\/\\\/shopatoa.com\\\/ro\\\/obraz\\\/\"},{\"@type\":\"ListItem\",\"position\":7,\"name\":\"Dr. Hauschka Creion de buze (Lip Line Definer) 1,05 g 001\"}]},{\"@type\":\"WebSite\",\"@id\":\"https:\\\/\\\/shopatoa.com\\\/ro\\\/#website\",\"url\":\"https:\\\/\\\/shopatoa.com\\\/ro\\\/\",\"name\":\"SHOPATOA\",\"description\":\"\",\"publisher\":{\"@id\":\"https:\\\/\\\/shopatoa.com\\\/ro\\\/#organization\"},\"potentialAction\":[{\"@type\":\"SearchAction\",\"target\":{\"@type\":\"EntryPoint\",\"urlTemplate\":\"https:\\\/\\\/shopatoa.com\\\/ro\\\/?s={search_term_string}\"},\"query-input\":{\"@type\":\"PropertyValueSpecification\",\"valueRequired\":true,\"valueName\":\"search_term_string\"}}],\"inLanguage\":\"ro-RO\"},{\"@type\":\"Organization\",\"@id\":\"https:\\\/\\\/shopatoa.com\\\/ro\\\/#organization\",\"name\":\"SHOPATOA\",\"url\":\"https:\\\/\\\/shopatoa.com\\\/ro\\\/\",\"logo\":{\"@type\":\"ImageObject\",\"inLanguage\":\"ro-RO\",\"@id\":\"https:\\\/\\\/shopatoa.com\\\/ro\\\/#\\\/schema\\\/logo\\\/image\\\/\",\"url\":\"https:\\\/\\\/storage.googleapis.com\\\/cz-shopatoa-img\\\/ro\\\/b4dac915-shopatoa_logo.png\",\"contentUrl\":\"https:\\\/\\\/storage.googleapis.com\\\/cz-shopatoa-img\\\/ro\\\/b4dac915-shopatoa_logo.png\",\"width\":416,\"height\":63,\"caption\":\"SHOPATOA\"},\"image\":{\"@id\":\"https:\\\/\\\/shopatoa.com\\\/ro\\\/#\\\/schema\\\/logo\\\/image\\\/\"}}]}<\/script>\n<!-- \/ Yoast SEO plugin. -->","yoast_head_json":{"title":"Dr. Hauschka Creion de buze (Lip Line Definer) 1,05 g 001 - SHOPATOA.COM","robots":{"index":"index","follow":"follow","max-snippet":"max-snippet:-1","max-image-preview":"max-image-preview:large","max-video-preview":"max-video-preview:-1"},"canonical":"https:\/\/shopatoa.com\/ro\/dr-hauschka-creion-de-buze-lip-line-definer-105-g-001\/","og_locale":"ro_RO","og_type":"article","og_title":"Dr. Hauschka Creion de buze (Lip Line Definer) 1,05 g 001 - SHOPATOA.COM","og_description":"Creionul de buze permite conturarea \u0219i eviden\u021bierea perfect\u0103 a culorii rujului. Este u\u0219or de aplicat \u0219i previne r\u0103sp\u00e2ndirea rujului \u00een liniile fine din jurul gurii. Compozi\u021bia de pigmen\u021bi minerali, cear\u0103 de trandafir, ulm \u0219i ulei de jojoba hidrateaz\u0103 buzele delicate \u0219i le ofer\u0103 o \u00eengrijire bl\u00e2nd\u0103.","og_url":"https:\/\/shopatoa.com\/ro\/dr-hauschka-creion-de-buze-lip-line-definer-105-g-001\/","og_site_name":"SHOPATOA","article_modified_time":"2025-12-10T12:54:42+00:00","og_image":[{"width":800,"height":800,"url":"https:\/\/storage.googleapis.com\/cz-shopatoa-img\/ro\/a7138064-unnamed-file-1.webp","type":"image\/webp"}],"twitter_card":"summary_large_image","schema":{"@context":"https:\/\/schema.org","@graph":[{"@type":"WebPage","@id":"https:\/\/shopatoa.com\/ro\/dr-hauschka-creion-de-buze-lip-line-definer-105-g-001\/","url":"https:\/\/shopatoa.com\/ro\/dr-hauschka-creion-de-buze-lip-line-definer-105-g-001\/","name":"Dr. Hauschka Creion de buze (Lip Line Definer) 1,05 g 001 - SHOPATOA.COM","isPartOf":{"@id":"https:\/\/shopatoa.com\/ro\/#website"},"primaryImageOfPage":{"@id":"https:\/\/shopatoa.com\/ro\/dr-hauschka-creion-de-buze-lip-line-definer-105-g-001\/#primaryimage"},"image":{"@id":"https:\/\/shopatoa.com\/ro\/dr-hauschka-creion-de-buze-lip-line-definer-105-g-001\/#primaryimage"},"thumbnailUrl":"https:\/\/storage.googleapis.com\/cz-shopatoa-img\/ro\/a7138064-unnamed-file-1.webp","datePublished":"2025-05-06T03:11:50+00:00","dateModified":"2025-12-10T12:54:42+00:00","breadcrumb":{"@id":"https:\/\/shopatoa.com\/ro\/dr-hauschka-creion-de-buze-lip-line-definer-105-g-001\/#breadcrumb"},"inLanguage":"ro-RO","potentialAction":[{"@type":"ReadAction","target":["https:\/\/shopatoa.com\/ro\/dr-hauschka-creion-de-buze-lip-line-definer-105-g-001\/"]}]},{"@type":"ImageObject","inLanguage":"ro-RO","@id":"https:\/\/shopatoa.com\/ro\/dr-hauschka-creion-de-buze-lip-line-definer-105-g-001\/#primaryimage","url":"https:\/\/storage.googleapis.com\/cz-shopatoa-img\/ro\/a7138064-unnamed-file-1.webp","contentUrl":"https:\/\/storage.googleapis.com\/cz-shopatoa-img\/ro\/a7138064-unnamed-file-1.webp","width":800,"height":800},{"@type":"BreadcrumbList","@id":"https:\/\/shopatoa.com\/ro\/dr-hauschka-creion-de-buze-lip-line-definer-105-g-001\/#breadcrumb","itemListElement":[{"@type":"ListItem","position":1,"name":"Dom\u016f","item":"https:\/\/shopatoa.com\/ro\/"},{"@type":"ListItem","position":2,"name":"Shop","item":"https:\/\/shopatoa.com\/ro\/shop\/"},{"@type":"ListItem","position":3,"name":"Cosmetice","item":"https:\/\/shopatoa.com\/ro\/cosmetice\/"},{"@type":"ListItem","position":4,"name":"Cosmetice decorative","item":"https:\/\/shopatoa.com\/ro\/cosmetice-decorative\/"},{"@type":"ListItem","position":5,"name":"Machiaj pentru buze","item":"https:\/\/shopatoa.com\/ro\/machiaj-pentru-buze\/"},{"@type":"ListItem","position":6,"name":"Obraz","item":"https:\/\/shopatoa.com\/ro\/obraz\/"},{"@type":"ListItem","position":7,"name":"Dr. Hauschka Creion de buze (Lip Line Definer) 1,05 g 001"}]},{"@type":"WebSite","@id":"https:\/\/shopatoa.com\/ro\/#website","url":"https:\/\/shopatoa.com\/ro\/","name":"SHOPATOA","description":"","publisher":{"@id":"https:\/\/shopatoa.com\/ro\/#organization"},"potentialAction":[{"@type":"SearchAction","target":{"@type":"EntryPoint","urlTemplate":"https:\/\/shopatoa.com\/ro\/?s={search_term_string}"},"query-input":{"@type":"PropertyValueSpecification","valueRequired":true,"valueName":"search_term_string"}}],"inLanguage":"ro-RO"},{"@type":"Organization","@id":"https:\/\/shopatoa.com\/ro\/#organization","name":"SHOPATOA","url":"https:\/\/shopatoa.com\/ro\/","logo":{"@type":"ImageObject","inLanguage":"ro-RO","@id":"https:\/\/shopatoa.com\/ro\/#\/schema\/logo\/image\/","url":"https:\/\/storage.googleapis.com\/cz-shopatoa-img\/ro\/b4dac915-shopatoa_logo.png","contentUrl":"https:\/\/storage.googleapis.com\/cz-shopatoa-img\/ro\/b4dac915-shopatoa_logo.png","width":416,"height":63,"caption":"SHOPATOA"},"image":{"@id":"https:\/\/shopatoa.com\/ro\/#\/schema\/logo\/image\/"}}]}},"_links":{"self":[{"href":"https:\/\/shopatoa.com\/ro\/wp-json\/wp\/v2\/product\/324137","targetHints":{"allow":["GET"]}}],"collection":[{"href":"https:\/\/shopatoa.com\/ro\/wp-json\/wp\/v2\/product"}],"about":[{"href":"https:\/\/shopatoa.com\/ro\/wp-json\/wp\/v2\/types\/product"}],"replies":[{"embeddable":true,"href":"https:\/\/shopatoa.com\/ro\/wp-json\/wp\/v2\/comments?post=324137"}],"wp:featuredmedia":[{"embeddable":true,"href":"https:\/\/shopatoa.com\/ro\/wp-json\/wp\/v2\/media\/324139"}],"wp:attachment":[{"href":"https:\/\/shopatoa.com\/ro\/wp-json\/wp\/v2\/media?parent=324137"}],"wp:term":[{"taxonomy":"product_brand","embeddable":true,"href":"https:\/\/shopatoa.com\/ro\/wp-json\/wp\/v2\/product_brand?post=324137"},{"taxonomy":"product_cat","embeddable":true,"href":"https:\/\/shopatoa.com\/ro\/wp-json\/wp\/v2\/product_cat?post=324137"},{"taxonomy":"product_tag","embeddable":true,"href":"https:\/\/shopatoa.com\/ro\/wp-json\/wp\/v2\/product_tag?post=324137"}],"curies":[{"name":"wp","href":"https:\/\/api.w.org\/{rel}","templated":true}]}}