{"id":324171,"date":"2025-05-06T05:16:22","date_gmt":"2025-05-06T03:16:22","guid":{"rendered":"https:\/\/shopatoa.com\/ro\/dr-hauschka-emulsie-tonifianta-translucent-bronzing-tint-18-ml\/"},"modified":"2025-12-10T13:46:23","modified_gmt":"2025-12-10T12:46:23","slug":"dr-hauschka-emulsie-tonifianta-translucent-bronzing-tint-18-ml","status":"publish","type":"product","link":"https:\/\/shopatoa.com\/ro\/dr-hauschka-emulsie-tonifianta-translucent-bronzing-tint-18-ml\/","title":{"rendered":"Dr. Hauschka Emulsie Tonifianta (Translucent Bronzing Tint) 18 ml"},"content":{"rendered":"<p>Aditivul natural de culoare revigoreaz\u0103 tonul pielii \u0219i echilibreaz\u0103 mici neregularit\u0103\u021bi ale pielii. Con\u021bine ulei de m\u0103sline, pumn, protejeaz\u0103 \u0219i netezeste. Potrivit pentru fiecare manifestare a pielii, chiar \u0219i gras, cu excep\u021bia pielii cu pete pronun\u021bate de pigment \u0219i fulgi \u0219i manifest\u0103ri acute de acnee. Pentru un aspect t\u0103iat, ideal \u00eenainte \u0219i dup\u0103 vacan\u021be de var\u0103, dar oric\u00e2nd pe tot parcursul anului. Emulsia de tonifiere este un concentrat \u0219i umbra dorit\u0103 este ob\u021binut\u0103 atunci c\u00e2nd se amestec\u0103 cu Dr.Hauschka la alegere.<\/p>\n","protected":false},"excerpt":{"rendered":"<p>Aditivul natural de culoare revigoreaz\u0103 tonul pielii \u0219i echilibreaz\u0103 mici neregularit\u0103\u021bi ale pielii. Con\u021bine ulei de m\u0103sline, pumn, protejeaz\u0103 \u0219i netezeste. Potrivit pentru fiecare manifestare a pielii, chiar \u0219i gras, cu excep\u021bia pielii cu pete pronun\u021bate de pigment \u0219i fulgi \u0219i manifest\u0103ri acute de acnee. Pentru un aspect t\u0103iat, ideal \u00eenainte \u0219i dup\u0103 vacan\u021be de&#8230;<\/p>\n","protected":false},"featured_media":324172,"comment_status":"closed","ping_status":"open","template":"","meta":{"_acf_changed":false,"_kadence_starter_templates_imported_post":false,"_kad_post_transparent":"","_kad_post_title":"","_kad_post_layout":"","_kad_post_sidebar_id":"","_kad_post_content_style":"","_kad_post_vertical_padding":"","_kad_post_feature":"","_kad_post_feature_position":"","_kad_post_header":false,"_kad_post_footer":false,"_kad_post_classname":""},"product_brand":[421],"product_cat":[246,660,634,633],"product_tag":[],"class_list":{"0":"post-324171","1":"product","2":"type-product","3":"status-publish","4":"has-post-thumbnail","6":"product_brand-dr-hauschka","7":"product_cat-cosmetice","8":"product_cat-curatarea-demachierea-fetei","9":"product_cat-produse-cosmetice-de-ingrijire-a-pielii","10":"product_cat-produse-cosmetice-pentru-piele","12":"first","13":"instock","14":"sale","15":"product-type-external","16":"entry","17":"content-bg","18":"loop-entry"},"acf":[],"yoast_head":"<!-- This site is optimized with the Yoast SEO plugin v27.3 - https:\/\/yoast.com\/product\/yoast-seo-wordpress\/ -->\n<title>Dr. Hauschka Emulsie Tonifianta (Translucent Bronzing Tint) 18 ml - SHOPATOA.COM<\/title>\n<meta name=\"robots\" content=\"index, follow, max-snippet:-1, max-image-preview:large, max-video-preview:-1\" \/>\n<link rel=\"canonical\" href=\"https:\/\/shopatoa.com\/ro\/dr-hauschka-emulsie-tonifianta-translucent-bronzing-tint-18-ml\/\" \/>\n<meta property=\"og:locale\" content=\"ro_RO\" \/>\n<meta property=\"og:type\" content=\"article\" \/>\n<meta property=\"og:title\" content=\"Dr. Hauschka Emulsie Tonifianta (Translucent Bronzing Tint) 18 ml - SHOPATOA.COM\" \/>\n<meta property=\"og:description\" content=\"Aditivul natural de culoare revigoreaz\u0103 tonul pielii \u0219i echilibreaz\u0103 mici neregularit\u0103\u021bi ale pielii. Con\u021bine ulei de m\u0103sline, pumn, protejeaz\u0103 \u0219i netezeste. Potrivit pentru fiecare manifestare a pielii, chiar \u0219i gras, cu excep\u021bia pielii cu pete pronun\u021bate de pigment \u0219i fulgi \u0219i manifest\u0103ri acute de acnee. Pentru un aspect t\u0103iat, ideal \u00eenainte \u0219i dup\u0103 vacan\u021be de...\" \/>\n<meta property=\"og:url\" content=\"https:\/\/shopatoa.com\/ro\/dr-hauschka-emulsie-tonifianta-translucent-bronzing-tint-18-ml\/\" \/>\n<meta property=\"og:site_name\" content=\"SHOPATOA\" \/>\n<meta property=\"article:modified_time\" content=\"2025-12-10T12:46:23+00:00\" \/>\n<meta property=\"og:image\" content=\"https:\/\/storage.googleapis.com\/cz-shopatoa-img\/ro\/0ccf3d6f-unnamed-file.webp\" \/>\n\t<meta property=\"og:image:width\" content=\"800\" \/>\n\t<meta property=\"og:image:height\" content=\"800\" \/>\n\t<meta property=\"og:image:type\" content=\"image\/webp\" \/>\n<meta name=\"twitter:card\" content=\"summary_large_image\" \/>\n<script type=\"application\/ld+json\" class=\"yoast-schema-graph\">{\"@context\":\"https:\\\/\\\/schema.org\",\"@graph\":[{\"@type\":\"WebPage\",\"@id\":\"https:\\\/\\\/shopatoa.com\\\/ro\\\/dr-hauschka-emulsie-tonifianta-translucent-bronzing-tint-18-ml\\\/\",\"url\":\"https:\\\/\\\/shopatoa.com\\\/ro\\\/dr-hauschka-emulsie-tonifianta-translucent-bronzing-tint-18-ml\\\/\",\"name\":\"Dr. Hauschka Emulsie Tonifianta (Translucent Bronzing Tint) 18 ml - SHOPATOA.COM\",\"isPartOf\":{\"@id\":\"https:\\\/\\\/shopatoa.com\\\/ro\\\/#website\"},\"primaryImageOfPage\":{\"@id\":\"https:\\\/\\\/shopatoa.com\\\/ro\\\/dr-hauschka-emulsie-tonifianta-translucent-bronzing-tint-18-ml\\\/#primaryimage\"},\"image\":{\"@id\":\"https:\\\/\\\/shopatoa.com\\\/ro\\\/dr-hauschka-emulsie-tonifianta-translucent-bronzing-tint-18-ml\\\/#primaryimage\"},\"thumbnailUrl\":\"https:\\\/\\\/storage.googleapis.com\\\/cz-shopatoa-img\\\/ro\\\/0ccf3d6f-unnamed-file.webp\",\"datePublished\":\"2025-05-06T03:16:22+00:00\",\"dateModified\":\"2025-12-10T12:46:23+00:00\",\"breadcrumb\":{\"@id\":\"https:\\\/\\\/shopatoa.com\\\/ro\\\/dr-hauschka-emulsie-tonifianta-translucent-bronzing-tint-18-ml\\\/#breadcrumb\"},\"inLanguage\":\"ro-RO\",\"potentialAction\":[{\"@type\":\"ReadAction\",\"target\":[\"https:\\\/\\\/shopatoa.com\\\/ro\\\/dr-hauschka-emulsie-tonifianta-translucent-bronzing-tint-18-ml\\\/\"]}]},{\"@type\":\"ImageObject\",\"inLanguage\":\"ro-RO\",\"@id\":\"https:\\\/\\\/shopatoa.com\\\/ro\\\/dr-hauschka-emulsie-tonifianta-translucent-bronzing-tint-18-ml\\\/#primaryimage\",\"url\":\"https:\\\/\\\/storage.googleapis.com\\\/cz-shopatoa-img\\\/ro\\\/0ccf3d6f-unnamed-file.webp\",\"contentUrl\":\"https:\\\/\\\/storage.googleapis.com\\\/cz-shopatoa-img\\\/ro\\\/0ccf3d6f-unnamed-file.webp\",\"width\":800,\"height\":800},{\"@type\":\"BreadcrumbList\",\"@id\":\"https:\\\/\\\/shopatoa.com\\\/ro\\\/dr-hauschka-emulsie-tonifianta-translucent-bronzing-tint-18-ml\\\/#breadcrumb\",\"itemListElement\":[{\"@type\":\"ListItem\",\"position\":1,\"name\":\"Dom\u016f\",\"item\":\"https:\\\/\\\/shopatoa.com\\\/ro\\\/\"},{\"@type\":\"ListItem\",\"position\":2,\"name\":\"Shop\",\"item\":\"https:\\\/\\\/shopatoa.com\\\/ro\\\/shop\\\/\"},{\"@type\":\"ListItem\",\"position\":3,\"name\":\"Cosmetice\",\"item\":\"https:\\\/\\\/shopatoa.com\\\/ro\\\/cosmetice\\\/\"},{\"@type\":\"ListItem\",\"position\":4,\"name\":\"Produse cosmetice pentru piele\",\"item\":\"https:\\\/\\\/shopatoa.com\\\/ro\\\/produse-cosmetice-pentru-piele\\\/\"},{\"@type\":\"ListItem\",\"position\":5,\"name\":\"Produse cosmetice de \u00eengrijire a pielii\",\"item\":\"https:\\\/\\\/shopatoa.com\\\/ro\\\/produse-cosmetice-de-ingrijire-a-pielii\\\/\"},{\"@type\":\"ListItem\",\"position\":6,\"name\":\"Cur\u0103\u021barea, demachierea fe\u021bei\",\"item\":\"https:\\\/\\\/shopatoa.com\\\/ro\\\/curatarea-demachierea-fetei\\\/\"},{\"@type\":\"ListItem\",\"position\":7,\"name\":\"Dr. Hauschka Emulsie Tonifianta (Translucent Bronzing Tint) 18 ml\"}]},{\"@type\":\"WebSite\",\"@id\":\"https:\\\/\\\/shopatoa.com\\\/ro\\\/#website\",\"url\":\"https:\\\/\\\/shopatoa.com\\\/ro\\\/\",\"name\":\"SHOPATOA\",\"description\":\"\",\"publisher\":{\"@id\":\"https:\\\/\\\/shopatoa.com\\\/ro\\\/#organization\"},\"potentialAction\":[{\"@type\":\"SearchAction\",\"target\":{\"@type\":\"EntryPoint\",\"urlTemplate\":\"https:\\\/\\\/shopatoa.com\\\/ro\\\/?s={search_term_string}\"},\"query-input\":{\"@type\":\"PropertyValueSpecification\",\"valueRequired\":true,\"valueName\":\"search_term_string\"}}],\"inLanguage\":\"ro-RO\"},{\"@type\":\"Organization\",\"@id\":\"https:\\\/\\\/shopatoa.com\\\/ro\\\/#organization\",\"name\":\"SHOPATOA\",\"url\":\"https:\\\/\\\/shopatoa.com\\\/ro\\\/\",\"logo\":{\"@type\":\"ImageObject\",\"inLanguage\":\"ro-RO\",\"@id\":\"https:\\\/\\\/shopatoa.com\\\/ro\\\/#\\\/schema\\\/logo\\\/image\\\/\",\"url\":\"https:\\\/\\\/storage.googleapis.com\\\/cz-shopatoa-img\\\/ro\\\/b4dac915-shopatoa_logo.png\",\"contentUrl\":\"https:\\\/\\\/storage.googleapis.com\\\/cz-shopatoa-img\\\/ro\\\/b4dac915-shopatoa_logo.png\",\"width\":416,\"height\":63,\"caption\":\"SHOPATOA\"},\"image\":{\"@id\":\"https:\\\/\\\/shopatoa.com\\\/ro\\\/#\\\/schema\\\/logo\\\/image\\\/\"}}]}<\/script>\n<!-- \/ Yoast SEO plugin. -->","yoast_head_json":{"title":"Dr. Hauschka Emulsie Tonifianta (Translucent Bronzing Tint) 18 ml - SHOPATOA.COM","robots":{"index":"index","follow":"follow","max-snippet":"max-snippet:-1","max-image-preview":"max-image-preview:large","max-video-preview":"max-video-preview:-1"},"canonical":"https:\/\/shopatoa.com\/ro\/dr-hauschka-emulsie-tonifianta-translucent-bronzing-tint-18-ml\/","og_locale":"ro_RO","og_type":"article","og_title":"Dr. Hauschka Emulsie Tonifianta (Translucent Bronzing Tint) 18 ml - SHOPATOA.COM","og_description":"Aditivul natural de culoare revigoreaz\u0103 tonul pielii \u0219i echilibreaz\u0103 mici neregularit\u0103\u021bi ale pielii. Con\u021bine ulei de m\u0103sline, pumn, protejeaz\u0103 \u0219i netezeste. Potrivit pentru fiecare manifestare a pielii, chiar \u0219i gras, cu excep\u021bia pielii cu pete pronun\u021bate de pigment \u0219i fulgi \u0219i manifest\u0103ri acute de acnee. Pentru un aspect t\u0103iat, ideal \u00eenainte \u0219i dup\u0103 vacan\u021be de...","og_url":"https:\/\/shopatoa.com\/ro\/dr-hauschka-emulsie-tonifianta-translucent-bronzing-tint-18-ml\/","og_site_name":"SHOPATOA","article_modified_time":"2025-12-10T12:46:23+00:00","og_image":[{"width":800,"height":800,"url":"https:\/\/storage.googleapis.com\/cz-shopatoa-img\/ro\/0ccf3d6f-unnamed-file.webp","type":"image\/webp"}],"twitter_card":"summary_large_image","schema":{"@context":"https:\/\/schema.org","@graph":[{"@type":"WebPage","@id":"https:\/\/shopatoa.com\/ro\/dr-hauschka-emulsie-tonifianta-translucent-bronzing-tint-18-ml\/","url":"https:\/\/shopatoa.com\/ro\/dr-hauschka-emulsie-tonifianta-translucent-bronzing-tint-18-ml\/","name":"Dr. Hauschka Emulsie Tonifianta (Translucent Bronzing Tint) 18 ml - SHOPATOA.COM","isPartOf":{"@id":"https:\/\/shopatoa.com\/ro\/#website"},"primaryImageOfPage":{"@id":"https:\/\/shopatoa.com\/ro\/dr-hauschka-emulsie-tonifianta-translucent-bronzing-tint-18-ml\/#primaryimage"},"image":{"@id":"https:\/\/shopatoa.com\/ro\/dr-hauschka-emulsie-tonifianta-translucent-bronzing-tint-18-ml\/#primaryimage"},"thumbnailUrl":"https:\/\/storage.googleapis.com\/cz-shopatoa-img\/ro\/0ccf3d6f-unnamed-file.webp","datePublished":"2025-05-06T03:16:22+00:00","dateModified":"2025-12-10T12:46:23+00:00","breadcrumb":{"@id":"https:\/\/shopatoa.com\/ro\/dr-hauschka-emulsie-tonifianta-translucent-bronzing-tint-18-ml\/#breadcrumb"},"inLanguage":"ro-RO","potentialAction":[{"@type":"ReadAction","target":["https:\/\/shopatoa.com\/ro\/dr-hauschka-emulsie-tonifianta-translucent-bronzing-tint-18-ml\/"]}]},{"@type":"ImageObject","inLanguage":"ro-RO","@id":"https:\/\/shopatoa.com\/ro\/dr-hauschka-emulsie-tonifianta-translucent-bronzing-tint-18-ml\/#primaryimage","url":"https:\/\/storage.googleapis.com\/cz-shopatoa-img\/ro\/0ccf3d6f-unnamed-file.webp","contentUrl":"https:\/\/storage.googleapis.com\/cz-shopatoa-img\/ro\/0ccf3d6f-unnamed-file.webp","width":800,"height":800},{"@type":"BreadcrumbList","@id":"https:\/\/shopatoa.com\/ro\/dr-hauschka-emulsie-tonifianta-translucent-bronzing-tint-18-ml\/#breadcrumb","itemListElement":[{"@type":"ListItem","position":1,"name":"Dom\u016f","item":"https:\/\/shopatoa.com\/ro\/"},{"@type":"ListItem","position":2,"name":"Shop","item":"https:\/\/shopatoa.com\/ro\/shop\/"},{"@type":"ListItem","position":3,"name":"Cosmetice","item":"https:\/\/shopatoa.com\/ro\/cosmetice\/"},{"@type":"ListItem","position":4,"name":"Produse cosmetice pentru piele","item":"https:\/\/shopatoa.com\/ro\/produse-cosmetice-pentru-piele\/"},{"@type":"ListItem","position":5,"name":"Produse cosmetice de \u00eengrijire a pielii","item":"https:\/\/shopatoa.com\/ro\/produse-cosmetice-de-ingrijire-a-pielii\/"},{"@type":"ListItem","position":6,"name":"Cur\u0103\u021barea, demachierea fe\u021bei","item":"https:\/\/shopatoa.com\/ro\/curatarea-demachierea-fetei\/"},{"@type":"ListItem","position":7,"name":"Dr. Hauschka Emulsie Tonifianta (Translucent Bronzing Tint) 18 ml"}]},{"@type":"WebSite","@id":"https:\/\/shopatoa.com\/ro\/#website","url":"https:\/\/shopatoa.com\/ro\/","name":"SHOPATOA","description":"","publisher":{"@id":"https:\/\/shopatoa.com\/ro\/#organization"},"potentialAction":[{"@type":"SearchAction","target":{"@type":"EntryPoint","urlTemplate":"https:\/\/shopatoa.com\/ro\/?s={search_term_string}"},"query-input":{"@type":"PropertyValueSpecification","valueRequired":true,"valueName":"search_term_string"}}],"inLanguage":"ro-RO"},{"@type":"Organization","@id":"https:\/\/shopatoa.com\/ro\/#organization","name":"SHOPATOA","url":"https:\/\/shopatoa.com\/ro\/","logo":{"@type":"ImageObject","inLanguage":"ro-RO","@id":"https:\/\/shopatoa.com\/ro\/#\/schema\/logo\/image\/","url":"https:\/\/storage.googleapis.com\/cz-shopatoa-img\/ro\/b4dac915-shopatoa_logo.png","contentUrl":"https:\/\/storage.googleapis.com\/cz-shopatoa-img\/ro\/b4dac915-shopatoa_logo.png","width":416,"height":63,"caption":"SHOPATOA"},"image":{"@id":"https:\/\/shopatoa.com\/ro\/#\/schema\/logo\/image\/"}}]}},"_links":{"self":[{"href":"https:\/\/shopatoa.com\/ro\/wp-json\/wp\/v2\/product\/324171","targetHints":{"allow":["GET"]}}],"collection":[{"href":"https:\/\/shopatoa.com\/ro\/wp-json\/wp\/v2\/product"}],"about":[{"href":"https:\/\/shopatoa.com\/ro\/wp-json\/wp\/v2\/types\/product"}],"replies":[{"embeddable":true,"href":"https:\/\/shopatoa.com\/ro\/wp-json\/wp\/v2\/comments?post=324171"}],"wp:featuredmedia":[{"embeddable":true,"href":"https:\/\/shopatoa.com\/ro\/wp-json\/wp\/v2\/media\/324172"}],"wp:attachment":[{"href":"https:\/\/shopatoa.com\/ro\/wp-json\/wp\/v2\/media?parent=324171"}],"wp:term":[{"taxonomy":"product_brand","embeddable":true,"href":"https:\/\/shopatoa.com\/ro\/wp-json\/wp\/v2\/product_brand?post=324171"},{"taxonomy":"product_cat","embeddable":true,"href":"https:\/\/shopatoa.com\/ro\/wp-json\/wp\/v2\/product_cat?post=324171"},{"taxonomy":"product_tag","embeddable":true,"href":"https:\/\/shopatoa.com\/ro\/wp-json\/wp\/v2\/product_tag?post=324171"}],"curies":[{"name":"wp","href":"https:\/\/api.w.org\/{rel}","templated":true}]}}