{"id":324990,"date":"2025-05-06T07:11:35","date_gmt":"2025-05-06T05:11:35","guid":{"rendered":"https:\/\/shopatoa.com\/ro\/foreo-issa-mini-3-periuta-de-dinti-sonica-ultraigienica-4-in-1-mango-tango\/"},"modified":"2025-09-26T19:39:45","modified_gmt":"2025-09-26T17:39:45","slug":"foreo-issa-mini-3-periuta-de-dinti-sonica-ultraigienica-4-in-1-mango-tango","status":"publish","type":"product","link":"https:\/\/shopatoa.com\/ro\/foreo-issa-mini-3-periuta-de-dinti-sonica-ultraigienica-4-in-1-mango-tango\/","title":{"rendered":"Foreo ISSA MINI 3 Periu\u021b\u0103 de din\u021bi sonic\u0103 ultraigienic\u0103 4 \u00een 1 Mango Tango"},"content":{"rendered":"<p>\u00cembun\u0103t\u0103\u021bi\u021bi-v\u0103 z\u00e2mbetul cu periu\u021ba de din\u021bi sonic\u0103 inovatoare ISSA mini\u21223, care cur\u0103\u021b\u0103 din\u021bii, gingiile, limba \u0219i obrajii \u0219i este ideal\u0103 pentru cei care prefer\u0103 un cap de periere mai mic. Capul de periere hibrid rezist\u0103 p\u00e2n\u0103 la 6 luni \u0219i ofer\u0103 o combina\u021bie de peri din silicon, care sunt de 10.000 de ori mai igienici dec\u00e2t cei din nailon, pentru un masaj delicat al gingiilor, cu peri mai puternici din polimer PBT care distrug eficient placa bacterian\u0103 \u0219i tartrul acumulat. Propulsat de tehnologia Sonic Pulse, care rezist\u0103 p\u00e2n\u0103 la 265 de zile cu o singur\u0103 \u00eenc\u0103rcare USB, ISSA\u2122 mini 3 are, de asemenea, un nou m\u00e2ner anti-alunecare \u0219i un cronometru \u00eencorporat care indic\u0103 c\u00e2nd ar trebui s\u0103 trece\u021bi la urm\u0103torul cadran al gurii. Ad\u0103uga\u021bi pu\u021bin\u0103 distrac\u021bie rutinei dvs. zilnice cu Smile Helpers, care se va asigura c\u0103 ve\u021bi cur\u0103\u021bi din\u021bii timp de 2 minute, a\u0219a cum recomand\u0103 medicul dentist, \u0219i v\u0103 va alerta atunci c\u00e2nd nu v-a\u021bi cu\u0103\u021bat din\u021bii timp de mai mult de 12 ore &#8211; cre\u00e2nd obiceiuri de igien\u0103 oral\u0103 intuitive pe termen lung.<\/p>\n","protected":false},"excerpt":{"rendered":"<p>\u00cembun\u0103t\u0103\u021bi\u021bi-v\u0103 z\u00e2mbetul cu periu\u021ba de din\u021bi sonic\u0103 inovatoare ISSA mini\u21223, care cur\u0103\u021b\u0103 din\u021bii, gingiile, limba \u0219i obrajii \u0219i este ideal\u0103 pentru cei care prefer\u0103 un cap de periere mai mic. Capul de periere hibrid rezist\u0103 p\u00e2n\u0103 la 6 luni \u0219i ofer\u0103 o combina\u021bie de peri din silicon, care sunt de 10.000 de ori mai igienici&#8230;<\/p>\n","protected":false},"featured_media":324992,"comment_status":"closed","ping_status":"open","template":"","meta":{"_acf_changed":false,"_kadence_starter_templates_imported_post":false,"_kad_post_transparent":"","_kad_post_title":"","_kad_post_layout":"","_kad_post_sidebar_id":"","_kad_post_content_style":"","_kad_post_vertical_padding":"","_kad_post_feature":"","_kad_post_feature_position":"","_kad_post_header":false,"_kad_post_footer":false,"_kad_post_classname":""},"product_brand":[289],"product_cat":[246,709,761],"product_tag":[],"class_list":{"0":"post-324990","1":"product","2":"type-product","3":"status-publish","4":"has-post-thumbnail","6":"product_brand-foreo","7":"product_cat-cosmetice","8":"product_cat-ingrijirea-dentara","9":"product_cat-periute-de-dinti-sonice","11":"first","12":"instock","13":"sale","14":"product-type-external","15":"entry","16":"content-bg","17":"loop-entry"},"acf":[],"yoast_head":"<!-- This site is optimized with the Yoast SEO plugin v27.4 - https:\/\/yoast.com\/product\/yoast-seo-wordpress\/ -->\n<title>Foreo ISSA MINI 3 Periu\u021b\u0103 de din\u021bi sonic\u0103 ultraigienic\u0103 4 \u00een 1 Mango Tango - SHOPATOA.COM<\/title>\n<meta name=\"robots\" content=\"index, follow, max-snippet:-1, max-image-preview:large, max-video-preview:-1\" \/>\n<link rel=\"canonical\" href=\"https:\/\/shopatoa.com\/ro\/foreo-issa-mini-3-periuta-de-dinti-sonica-ultraigienica-4-in-1-mango-tango\/\" \/>\n<meta property=\"og:locale\" content=\"ro_RO\" \/>\n<meta property=\"og:type\" content=\"article\" \/>\n<meta property=\"og:title\" content=\"Foreo ISSA MINI 3 Periu\u021b\u0103 de din\u021bi sonic\u0103 ultraigienic\u0103 4 \u00een 1 Mango Tango - SHOPATOA.COM\" \/>\n<meta property=\"og:description\" content=\"\u00cembun\u0103t\u0103\u021bi\u021bi-v\u0103 z\u00e2mbetul cu periu\u021ba de din\u021bi sonic\u0103 inovatoare ISSA mini\u21223, care cur\u0103\u021b\u0103 din\u021bii, gingiile, limba \u0219i obrajii \u0219i este ideal\u0103 pentru cei care prefer\u0103 un cap de periere mai mic. Capul de periere hibrid rezist\u0103 p\u00e2n\u0103 la 6 luni \u0219i ofer\u0103 o combina\u021bie de peri din silicon, care sunt de 10.000 de ori mai igienici...\" \/>\n<meta property=\"og:url\" content=\"https:\/\/shopatoa.com\/ro\/foreo-issa-mini-3-periuta-de-dinti-sonica-ultraigienica-4-in-1-mango-tango\/\" \/>\n<meta property=\"og:site_name\" content=\"SHOPATOA\" \/>\n<meta property=\"article:modified_time\" content=\"2025-09-26T17:39:45+00:00\" \/>\n<meta property=\"og:image\" content=\"https:\/\/storage.googleapis.com\/cz-shopatoa-img\/ro\/bd06722d-unnamed-file.webp\" \/>\n\t<meta property=\"og:image:width\" content=\"800\" \/>\n\t<meta property=\"og:image:height\" content=\"800\" \/>\n\t<meta property=\"og:image:type\" content=\"image\/webp\" \/>\n<meta name=\"twitter:card\" content=\"summary_large_image\" \/>\n<meta name=\"twitter:label1\" content=\"Timp estimat pentru citire\" \/>\n\t<meta name=\"twitter:data1\" content=\"1 minut\" \/>\n<script type=\"application\/ld+json\" class=\"yoast-schema-graph\">{\"@context\":\"https:\\\/\\\/schema.org\",\"@graph\":[{\"@type\":\"WebPage\",\"@id\":\"https:\\\/\\\/shopatoa.com\\\/ro\\\/foreo-issa-mini-3-periuta-de-dinti-sonica-ultraigienica-4-in-1-mango-tango\\\/\",\"url\":\"https:\\\/\\\/shopatoa.com\\\/ro\\\/foreo-issa-mini-3-periuta-de-dinti-sonica-ultraigienica-4-in-1-mango-tango\\\/\",\"name\":\"Foreo ISSA MINI 3 Periu\u021b\u0103 de din\u021bi sonic\u0103 ultraigienic\u0103 4 \u00een 1 Mango Tango - SHOPATOA.COM\",\"isPartOf\":{\"@id\":\"https:\\\/\\\/shopatoa.com\\\/ro\\\/#website\"},\"primaryImageOfPage\":{\"@id\":\"https:\\\/\\\/shopatoa.com\\\/ro\\\/foreo-issa-mini-3-periuta-de-dinti-sonica-ultraigienica-4-in-1-mango-tango\\\/#primaryimage\"},\"image\":{\"@id\":\"https:\\\/\\\/shopatoa.com\\\/ro\\\/foreo-issa-mini-3-periuta-de-dinti-sonica-ultraigienica-4-in-1-mango-tango\\\/#primaryimage\"},\"thumbnailUrl\":\"https:\\\/\\\/storage.googleapis.com\\\/cz-shopatoa-img\\\/ro\\\/bd06722d-unnamed-file.webp\",\"datePublished\":\"2025-05-06T05:11:35+00:00\",\"dateModified\":\"2025-09-26T17:39:45+00:00\",\"breadcrumb\":{\"@id\":\"https:\\\/\\\/shopatoa.com\\\/ro\\\/foreo-issa-mini-3-periuta-de-dinti-sonica-ultraigienica-4-in-1-mango-tango\\\/#breadcrumb\"},\"inLanguage\":\"ro-RO\",\"potentialAction\":[{\"@type\":\"ReadAction\",\"target\":[\"https:\\\/\\\/shopatoa.com\\\/ro\\\/foreo-issa-mini-3-periuta-de-dinti-sonica-ultraigienica-4-in-1-mango-tango\\\/\"]}]},{\"@type\":\"ImageObject\",\"inLanguage\":\"ro-RO\",\"@id\":\"https:\\\/\\\/shopatoa.com\\\/ro\\\/foreo-issa-mini-3-periuta-de-dinti-sonica-ultraigienica-4-in-1-mango-tango\\\/#primaryimage\",\"url\":\"https:\\\/\\\/storage.googleapis.com\\\/cz-shopatoa-img\\\/ro\\\/bd06722d-unnamed-file.webp\",\"contentUrl\":\"https:\\\/\\\/storage.googleapis.com\\\/cz-shopatoa-img\\\/ro\\\/bd06722d-unnamed-file.webp\",\"width\":800,\"height\":800},{\"@type\":\"BreadcrumbList\",\"@id\":\"https:\\\/\\\/shopatoa.com\\\/ro\\\/foreo-issa-mini-3-periuta-de-dinti-sonica-ultraigienica-4-in-1-mango-tango\\\/#breadcrumb\",\"itemListElement\":[{\"@type\":\"ListItem\",\"position\":1,\"name\":\"Dom\u016f\",\"item\":\"https:\\\/\\\/shopatoa.com\\\/ro\\\/\"},{\"@type\":\"ListItem\",\"position\":2,\"name\":\"Shop\",\"item\":\"https:\\\/\\\/shopatoa.com\\\/ro\\\/shop\\\/\"},{\"@type\":\"ListItem\",\"position\":3,\"name\":\"Cosmetice\",\"item\":\"https:\\\/\\\/shopatoa.com\\\/ro\\\/cosmetice\\\/\"},{\"@type\":\"ListItem\",\"position\":4,\"name\":\"\u00cengrijirea dentar\u0103\",\"item\":\"https:\\\/\\\/shopatoa.com\\\/ro\\\/ingrijirea-dentara\\\/\"},{\"@type\":\"ListItem\",\"position\":5,\"name\":\"Periu\u021be de din\u021bi sonice\",\"item\":\"https:\\\/\\\/shopatoa.com\\\/ro\\\/periute-de-dinti-sonice\\\/\"},{\"@type\":\"ListItem\",\"position\":6,\"name\":\"Foreo ISSA MINI 3 Periu\u021b\u0103 de din\u021bi sonic\u0103 ultraigienic\u0103 4 \u00een 1 Mango Tango\"}]},{\"@type\":\"WebSite\",\"@id\":\"https:\\\/\\\/shopatoa.com\\\/ro\\\/#website\",\"url\":\"https:\\\/\\\/shopatoa.com\\\/ro\\\/\",\"name\":\"SHOPATOA\",\"description\":\"\",\"publisher\":{\"@id\":\"https:\\\/\\\/shopatoa.com\\\/ro\\\/#organization\"},\"potentialAction\":[{\"@type\":\"SearchAction\",\"target\":{\"@type\":\"EntryPoint\",\"urlTemplate\":\"https:\\\/\\\/shopatoa.com\\\/ro\\\/?s={search_term_string}\"},\"query-input\":{\"@type\":\"PropertyValueSpecification\",\"valueRequired\":true,\"valueName\":\"search_term_string\"}}],\"inLanguage\":\"ro-RO\"},{\"@type\":\"Organization\",\"@id\":\"https:\\\/\\\/shopatoa.com\\\/ro\\\/#organization\",\"name\":\"SHOPATOA\",\"url\":\"https:\\\/\\\/shopatoa.com\\\/ro\\\/\",\"logo\":{\"@type\":\"ImageObject\",\"inLanguage\":\"ro-RO\",\"@id\":\"https:\\\/\\\/shopatoa.com\\\/ro\\\/#\\\/schema\\\/logo\\\/image\\\/\",\"url\":\"https:\\\/\\\/storage.googleapis.com\\\/cz-shopatoa-img\\\/ro\\\/b4dac915-shopatoa_logo.png\",\"contentUrl\":\"https:\\\/\\\/storage.googleapis.com\\\/cz-shopatoa-img\\\/ro\\\/b4dac915-shopatoa_logo.png\",\"width\":416,\"height\":63,\"caption\":\"SHOPATOA\"},\"image\":{\"@id\":\"https:\\\/\\\/shopatoa.com\\\/ro\\\/#\\\/schema\\\/logo\\\/image\\\/\"}}]}<\/script>\n<!-- \/ Yoast SEO plugin. -->","yoast_head_json":{"title":"Foreo ISSA MINI 3 Periu\u021b\u0103 de din\u021bi sonic\u0103 ultraigienic\u0103 4 \u00een 1 Mango Tango - SHOPATOA.COM","robots":{"index":"index","follow":"follow","max-snippet":"max-snippet:-1","max-image-preview":"max-image-preview:large","max-video-preview":"max-video-preview:-1"},"canonical":"https:\/\/shopatoa.com\/ro\/foreo-issa-mini-3-periuta-de-dinti-sonica-ultraigienica-4-in-1-mango-tango\/","og_locale":"ro_RO","og_type":"article","og_title":"Foreo ISSA MINI 3 Periu\u021b\u0103 de din\u021bi sonic\u0103 ultraigienic\u0103 4 \u00een 1 Mango Tango - SHOPATOA.COM","og_description":"\u00cembun\u0103t\u0103\u021bi\u021bi-v\u0103 z\u00e2mbetul cu periu\u021ba de din\u021bi sonic\u0103 inovatoare ISSA mini\u21223, care cur\u0103\u021b\u0103 din\u021bii, gingiile, limba \u0219i obrajii \u0219i este ideal\u0103 pentru cei care prefer\u0103 un cap de periere mai mic. Capul de periere hibrid rezist\u0103 p\u00e2n\u0103 la 6 luni \u0219i ofer\u0103 o combina\u021bie de peri din silicon, care sunt de 10.000 de ori mai igienici...","og_url":"https:\/\/shopatoa.com\/ro\/foreo-issa-mini-3-periuta-de-dinti-sonica-ultraigienica-4-in-1-mango-tango\/","og_site_name":"SHOPATOA","article_modified_time":"2025-09-26T17:39:45+00:00","og_image":[{"width":800,"height":800,"url":"https:\/\/storage.googleapis.com\/cz-shopatoa-img\/ro\/bd06722d-unnamed-file.webp","type":"image\/webp"}],"twitter_card":"summary_large_image","twitter_misc":{"Timp estimat pentru citire":"1 minut"},"schema":{"@context":"https:\/\/schema.org","@graph":[{"@type":"WebPage","@id":"https:\/\/shopatoa.com\/ro\/foreo-issa-mini-3-periuta-de-dinti-sonica-ultraigienica-4-in-1-mango-tango\/","url":"https:\/\/shopatoa.com\/ro\/foreo-issa-mini-3-periuta-de-dinti-sonica-ultraigienica-4-in-1-mango-tango\/","name":"Foreo ISSA MINI 3 Periu\u021b\u0103 de din\u021bi sonic\u0103 ultraigienic\u0103 4 \u00een 1 Mango Tango - SHOPATOA.COM","isPartOf":{"@id":"https:\/\/shopatoa.com\/ro\/#website"},"primaryImageOfPage":{"@id":"https:\/\/shopatoa.com\/ro\/foreo-issa-mini-3-periuta-de-dinti-sonica-ultraigienica-4-in-1-mango-tango\/#primaryimage"},"image":{"@id":"https:\/\/shopatoa.com\/ro\/foreo-issa-mini-3-periuta-de-dinti-sonica-ultraigienica-4-in-1-mango-tango\/#primaryimage"},"thumbnailUrl":"https:\/\/storage.googleapis.com\/cz-shopatoa-img\/ro\/bd06722d-unnamed-file.webp","datePublished":"2025-05-06T05:11:35+00:00","dateModified":"2025-09-26T17:39:45+00:00","breadcrumb":{"@id":"https:\/\/shopatoa.com\/ro\/foreo-issa-mini-3-periuta-de-dinti-sonica-ultraigienica-4-in-1-mango-tango\/#breadcrumb"},"inLanguage":"ro-RO","potentialAction":[{"@type":"ReadAction","target":["https:\/\/shopatoa.com\/ro\/foreo-issa-mini-3-periuta-de-dinti-sonica-ultraigienica-4-in-1-mango-tango\/"]}]},{"@type":"ImageObject","inLanguage":"ro-RO","@id":"https:\/\/shopatoa.com\/ro\/foreo-issa-mini-3-periuta-de-dinti-sonica-ultraigienica-4-in-1-mango-tango\/#primaryimage","url":"https:\/\/storage.googleapis.com\/cz-shopatoa-img\/ro\/bd06722d-unnamed-file.webp","contentUrl":"https:\/\/storage.googleapis.com\/cz-shopatoa-img\/ro\/bd06722d-unnamed-file.webp","width":800,"height":800},{"@type":"BreadcrumbList","@id":"https:\/\/shopatoa.com\/ro\/foreo-issa-mini-3-periuta-de-dinti-sonica-ultraigienica-4-in-1-mango-tango\/#breadcrumb","itemListElement":[{"@type":"ListItem","position":1,"name":"Dom\u016f","item":"https:\/\/shopatoa.com\/ro\/"},{"@type":"ListItem","position":2,"name":"Shop","item":"https:\/\/shopatoa.com\/ro\/shop\/"},{"@type":"ListItem","position":3,"name":"Cosmetice","item":"https:\/\/shopatoa.com\/ro\/cosmetice\/"},{"@type":"ListItem","position":4,"name":"\u00cengrijirea dentar\u0103","item":"https:\/\/shopatoa.com\/ro\/ingrijirea-dentara\/"},{"@type":"ListItem","position":5,"name":"Periu\u021be de din\u021bi sonice","item":"https:\/\/shopatoa.com\/ro\/periute-de-dinti-sonice\/"},{"@type":"ListItem","position":6,"name":"Foreo ISSA MINI 3 Periu\u021b\u0103 de din\u021bi sonic\u0103 ultraigienic\u0103 4 \u00een 1 Mango Tango"}]},{"@type":"WebSite","@id":"https:\/\/shopatoa.com\/ro\/#website","url":"https:\/\/shopatoa.com\/ro\/","name":"SHOPATOA","description":"","publisher":{"@id":"https:\/\/shopatoa.com\/ro\/#organization"},"potentialAction":[{"@type":"SearchAction","target":{"@type":"EntryPoint","urlTemplate":"https:\/\/shopatoa.com\/ro\/?s={search_term_string}"},"query-input":{"@type":"PropertyValueSpecification","valueRequired":true,"valueName":"search_term_string"}}],"inLanguage":"ro-RO"},{"@type":"Organization","@id":"https:\/\/shopatoa.com\/ro\/#organization","name":"SHOPATOA","url":"https:\/\/shopatoa.com\/ro\/","logo":{"@type":"ImageObject","inLanguage":"ro-RO","@id":"https:\/\/shopatoa.com\/ro\/#\/schema\/logo\/image\/","url":"https:\/\/storage.googleapis.com\/cz-shopatoa-img\/ro\/b4dac915-shopatoa_logo.png","contentUrl":"https:\/\/storage.googleapis.com\/cz-shopatoa-img\/ro\/b4dac915-shopatoa_logo.png","width":416,"height":63,"caption":"SHOPATOA"},"image":{"@id":"https:\/\/shopatoa.com\/ro\/#\/schema\/logo\/image\/"}}]}},"_links":{"self":[{"href":"https:\/\/shopatoa.com\/ro\/wp-json\/wp\/v2\/product\/324990","targetHints":{"allow":["GET"]}}],"collection":[{"href":"https:\/\/shopatoa.com\/ro\/wp-json\/wp\/v2\/product"}],"about":[{"href":"https:\/\/shopatoa.com\/ro\/wp-json\/wp\/v2\/types\/product"}],"replies":[{"embeddable":true,"href":"https:\/\/shopatoa.com\/ro\/wp-json\/wp\/v2\/comments?post=324990"}],"wp:featuredmedia":[{"embeddable":true,"href":"https:\/\/shopatoa.com\/ro\/wp-json\/wp\/v2\/media\/324992"}],"wp:attachment":[{"href":"https:\/\/shopatoa.com\/ro\/wp-json\/wp\/v2\/media?parent=324990"}],"wp:term":[{"taxonomy":"product_brand","embeddable":true,"href":"https:\/\/shopatoa.com\/ro\/wp-json\/wp\/v2\/product_brand?post=324990"},{"taxonomy":"product_cat","embeddable":true,"href":"https:\/\/shopatoa.com\/ro\/wp-json\/wp\/v2\/product_cat?post=324990"},{"taxonomy":"product_tag","embeddable":true,"href":"https:\/\/shopatoa.com\/ro\/wp-json\/wp\/v2\/product_tag?post=324990"}],"curies":[{"name":"wp","href":"https:\/\/api.w.org\/{rel}","templated":true}]}}