{"id":324999,"date":"2025-05-06T07:15:07","date_gmt":"2025-05-06T05:15:07","guid":{"rendered":"https:\/\/shopatoa.com\/ro\/foreo-foreo-espada-2-plus-directionarea-precisa-a-tratamentului-acneei-cu-lumina-led-albastra-pistachio\/"},"modified":"2025-12-10T12:24:40","modified_gmt":"2025-12-10T11:24:40","slug":"foreo-foreo-espada-2-plus-directionarea-precisa-a-tratamentului-acneei-cu-lumina-led-albastra-pistachio","status":"publish","type":"product","link":"https:\/\/shopatoa.com\/ro\/foreo-foreo-espada-2-plus-directionarea-precisa-a-tratamentului-acneei-cu-lumina-led-albastra-pistachio\/","title":{"rendered":"Foreo FOREO ESPADA\u2122 2 Plus Direc\u021bionarea precis\u0103 a tratamentului acneei cu lumin\u0103 LED albastr\u0103 Pistachio"},"content":{"rendered":"<p>Cel mai rapid, simplu \u0219i eficient mod de a combate inflama\u021bia cronic\u0103. ESPADA\u2122 2 plus utilizeaz\u0103 tehnologia medical\u0103 aprobat\u0103 de FDA pentru a pune cap\u0103t acneei \u00eenc\u0103p\u0103\u021b\u00e2nate \u0219i inflama\u021biilor care reapar \u00een anumite zone. Cu ghidare precis\u0103 a luminii, precum \u0219i cu lumin\u0103 LED albastr\u0103 cu putere dubl\u0103 \u0219i pulsa\u021bii T-Sonic\u2122 patentate, s-a dovedit clinic c\u0103 trateaz\u0103 \u0219i vindec\u0103 rapid \u0219i eficient erup\u021biile cronice. Lumina LED albastr\u0103 ultraconcentrat\u0103 p\u0103trunde sub piele \u0219i ucide bacteriile care cauzeaz\u0103 acnee la surs\u0103, prevenind inflama\u021biile viitoare \u0219i regl\u00e2nd produc\u021bia natural\u0103 de ulei a pielii, rezult\u00e2nd pori minimiza\u021bi \u0219i o piele mai fin\u0103. Ghidarea precis\u0103 a luminii direc\u021bioneaz\u0103 LED-ul albastru de 415nm direct c\u0103tre fiecare punct pentru a pune cap\u0103t \u00een mod eficient acneei \u0219i inflama\u021biei existente pe suprafa\u021ba pielii. De asemenea, pulsa\u021biile T-Sonic\u2122 stimuleaz\u0103 microcircula\u021bia, facilit\u00e2nd re\u00eennoirea pielii pentru a vindeca imperfec\u021biunile existente \u0219i pentru a \u00eendep\u0103rta cicatricile l\u0103sate pe piele de acneea anterioar\u0103, cresc\u00e2nd \u00een acela\u0219i timp absorb\u021bia produselor de tratare a imperfec\u021biunilor, precum ESPADA\u2122 BHA+PHA Blemish Solution Gel. Dispozitivul din silicon precis, elegant \u0219i ultraigienic, certificat FDA, este mai puternic dec\u00e2t alte dispozitive cu LED albastru de pe pia\u021b\u0103 &#8211; oferind 170 mW\/cm\u00b2 &#8211; pentru tratamentul non-invaziv al zonelor cu acnee. \u00cendep\u0103rteaz\u0103 co\u0219urile \u0219i inflama\u021biile existente f\u0103r\u0103 a usca excesiv, regl\u00e2nd \u00een acela\u0219i timp produc\u021bia de sebum \u0219i minimiz\u00e2nd porii dilata\u021bi pentru a preveni apari\u021bia altora noi. Cur\u0103\u021b\u0103 co\u0219urile \u0219i inflama\u021biile f\u0103r\u0103 a usca excesiv, regleaz\u0103 produc\u021bia de sebum \u0219i minimizeaz\u0103 porii pentru a preveni formarea altora noi. Concentra\u021bi-v\u0103, trata\u021bi \u0219i termina\u021bi \u00een 30 de secunde.<\/p>\n","protected":false},"excerpt":{"rendered":"<p>Cel mai rapid, simplu \u0219i eficient mod de a combate inflama\u021bia cronic\u0103. ESPADA\u2122 2 plus utilizeaz\u0103 tehnologia medical\u0103 aprobat\u0103 de FDA pentru a pune cap\u0103t acneei \u00eenc\u0103p\u0103\u021b\u00e2nate \u0219i inflama\u021biilor care reapar \u00een anumite zone. Cu ghidare precis\u0103 a luminii, precum \u0219i cu lumin\u0103 LED albastr\u0103 cu putere dubl\u0103 \u0219i pulsa\u021bii T-Sonic\u2122 patentate, s-a dovedit clinic&#8230;<\/p>\n","protected":false},"featured_media":325002,"comment_status":"closed","ping_status":"open","template":"","meta":{"_acf_changed":false,"_kadence_starter_templates_imported_post":false,"_kad_post_transparent":"","_kad_post_title":"","_kad_post_layout":"","_kad_post_sidebar_id":"","_kad_post_content_style":"","_kad_post_vertical_padding":"","_kad_post_feature":"","_kad_post_feature_position":"","_kad_post_header":false,"_kad_post_footer":false,"_kad_post_classname":""},"product_brand":[289],"product_cat":[246,660,634,633],"product_tag":[],"class_list":{"0":"post-324999","1":"product","2":"type-product","3":"status-publish","4":"has-post-thumbnail","6":"product_brand-foreo","7":"product_cat-cosmetice","8":"product_cat-curatarea-demachierea-fetei","9":"product_cat-produse-cosmetice-de-ingrijire-a-pielii","10":"product_cat-produse-cosmetice-pentru-piele","12":"first","13":"instock","14":"sale","15":"product-type-external","16":"entry","17":"content-bg","18":"loop-entry"},"acf":[],"yoast_head":"<!-- This site is optimized with the Yoast SEO plugin v27.3 - https:\/\/yoast.com\/product\/yoast-seo-wordpress\/ -->\n<title>Foreo FOREO ESPADA\u2122 2 Plus Direc\u021bionarea precis\u0103 a tratamentului acneei cu lumin\u0103 LED albastr\u0103 Pistachio - SHOPATOA.COM<\/title>\n<meta name=\"robots\" content=\"index, follow, max-snippet:-1, max-image-preview:large, max-video-preview:-1\" \/>\n<link rel=\"canonical\" href=\"https:\/\/shopatoa.com\/ro\/foreo-foreo-espada-2-plus-directionarea-precisa-a-tratamentului-acneei-cu-lumina-led-albastra-pistachio\/\" \/>\n<meta property=\"og:locale\" content=\"ro_RO\" \/>\n<meta property=\"og:type\" content=\"article\" \/>\n<meta property=\"og:title\" content=\"Foreo FOREO ESPADA\u2122 2 Plus Direc\u021bionarea precis\u0103 a tratamentului acneei cu lumin\u0103 LED albastr\u0103 Pistachio - SHOPATOA.COM\" \/>\n<meta property=\"og:description\" content=\"Cel mai rapid, simplu \u0219i eficient mod de a combate inflama\u021bia cronic\u0103. ESPADA\u2122 2 plus utilizeaz\u0103 tehnologia medical\u0103 aprobat\u0103 de FDA pentru a pune cap\u0103t acneei \u00eenc\u0103p\u0103\u021b\u00e2nate \u0219i inflama\u021biilor care reapar \u00een anumite zone. Cu ghidare precis\u0103 a luminii, precum \u0219i cu lumin\u0103 LED albastr\u0103 cu putere dubl\u0103 \u0219i pulsa\u021bii T-Sonic\u2122 patentate, s-a dovedit clinic...\" \/>\n<meta property=\"og:url\" content=\"https:\/\/shopatoa.com\/ro\/foreo-foreo-espada-2-plus-directionarea-precisa-a-tratamentului-acneei-cu-lumina-led-albastra-pistachio\/\" \/>\n<meta property=\"og:site_name\" content=\"SHOPATOA\" \/>\n<meta property=\"article:modified_time\" content=\"2025-12-10T11:24:40+00:00\" \/>\n<meta property=\"og:image\" content=\"https:\/\/storage.googleapis.com\/cz-shopatoa-img\/ro\/8824a8bf-unnamed-file.webp\" \/>\n\t<meta property=\"og:image:width\" content=\"800\" \/>\n\t<meta property=\"og:image:height\" content=\"800\" \/>\n\t<meta property=\"og:image:type\" content=\"image\/webp\" \/>\n<meta name=\"twitter:card\" content=\"summary_large_image\" \/>\n<meta name=\"twitter:label1\" content=\"Timp estimat pentru citire\" \/>\n\t<meta name=\"twitter:data1\" content=\"2 minute\" \/>\n<script type=\"application\/ld+json\" class=\"yoast-schema-graph\">{\"@context\":\"https:\\\/\\\/schema.org\",\"@graph\":[{\"@type\":\"WebPage\",\"@id\":\"https:\\\/\\\/shopatoa.com\\\/ro\\\/foreo-foreo-espada-2-plus-directionarea-precisa-a-tratamentului-acneei-cu-lumina-led-albastra-pistachio\\\/\",\"url\":\"https:\\\/\\\/shopatoa.com\\\/ro\\\/foreo-foreo-espada-2-plus-directionarea-precisa-a-tratamentului-acneei-cu-lumina-led-albastra-pistachio\\\/\",\"name\":\"Foreo FOREO ESPADA\u2122 2 Plus Direc\u021bionarea precis\u0103 a tratamentului acneei cu lumin\u0103 LED albastr\u0103 Pistachio - SHOPATOA.COM\",\"isPartOf\":{\"@id\":\"https:\\\/\\\/shopatoa.com\\\/ro\\\/#website\"},\"primaryImageOfPage\":{\"@id\":\"https:\\\/\\\/shopatoa.com\\\/ro\\\/foreo-foreo-espada-2-plus-directionarea-precisa-a-tratamentului-acneei-cu-lumina-led-albastra-pistachio\\\/#primaryimage\"},\"image\":{\"@id\":\"https:\\\/\\\/shopatoa.com\\\/ro\\\/foreo-foreo-espada-2-plus-directionarea-precisa-a-tratamentului-acneei-cu-lumina-led-albastra-pistachio\\\/#primaryimage\"},\"thumbnailUrl\":\"https:\\\/\\\/storage.googleapis.com\\\/cz-shopatoa-img\\\/ro\\\/8824a8bf-unnamed-file.webp\",\"datePublished\":\"2025-05-06T05:15:07+00:00\",\"dateModified\":\"2025-12-10T11:24:40+00:00\",\"breadcrumb\":{\"@id\":\"https:\\\/\\\/shopatoa.com\\\/ro\\\/foreo-foreo-espada-2-plus-directionarea-precisa-a-tratamentului-acneei-cu-lumina-led-albastra-pistachio\\\/#breadcrumb\"},\"inLanguage\":\"ro-RO\",\"potentialAction\":[{\"@type\":\"ReadAction\",\"target\":[\"https:\\\/\\\/shopatoa.com\\\/ro\\\/foreo-foreo-espada-2-plus-directionarea-precisa-a-tratamentului-acneei-cu-lumina-led-albastra-pistachio\\\/\"]}]},{\"@type\":\"ImageObject\",\"inLanguage\":\"ro-RO\",\"@id\":\"https:\\\/\\\/shopatoa.com\\\/ro\\\/foreo-foreo-espada-2-plus-directionarea-precisa-a-tratamentului-acneei-cu-lumina-led-albastra-pistachio\\\/#primaryimage\",\"url\":\"https:\\\/\\\/storage.googleapis.com\\\/cz-shopatoa-img\\\/ro\\\/8824a8bf-unnamed-file.webp\",\"contentUrl\":\"https:\\\/\\\/storage.googleapis.com\\\/cz-shopatoa-img\\\/ro\\\/8824a8bf-unnamed-file.webp\",\"width\":800,\"height\":800},{\"@type\":\"BreadcrumbList\",\"@id\":\"https:\\\/\\\/shopatoa.com\\\/ro\\\/foreo-foreo-espada-2-plus-directionarea-precisa-a-tratamentului-acneei-cu-lumina-led-albastra-pistachio\\\/#breadcrumb\",\"itemListElement\":[{\"@type\":\"ListItem\",\"position\":1,\"name\":\"Dom\u016f\",\"item\":\"https:\\\/\\\/shopatoa.com\\\/ro\\\/\"},{\"@type\":\"ListItem\",\"position\":2,\"name\":\"Shop\",\"item\":\"https:\\\/\\\/shopatoa.com\\\/ro\\\/shop\\\/\"},{\"@type\":\"ListItem\",\"position\":3,\"name\":\"Cosmetice\",\"item\":\"https:\\\/\\\/shopatoa.com\\\/ro\\\/cosmetice\\\/\"},{\"@type\":\"ListItem\",\"position\":4,\"name\":\"Produse cosmetice pentru piele\",\"item\":\"https:\\\/\\\/shopatoa.com\\\/ro\\\/produse-cosmetice-pentru-piele\\\/\"},{\"@type\":\"ListItem\",\"position\":5,\"name\":\"Produse cosmetice de \u00eengrijire a pielii\",\"item\":\"https:\\\/\\\/shopatoa.com\\\/ro\\\/produse-cosmetice-de-ingrijire-a-pielii\\\/\"},{\"@type\":\"ListItem\",\"position\":6,\"name\":\"Cur\u0103\u021barea, demachierea fe\u021bei\",\"item\":\"https:\\\/\\\/shopatoa.com\\\/ro\\\/curatarea-demachierea-fetei\\\/\"},{\"@type\":\"ListItem\",\"position\":7,\"name\":\"Foreo FOREO ESPADA\u2122 2 Plus Direc\u021bionarea precis\u0103 a tratamentului acneei cu lumin\u0103 LED albastr\u0103 Pistachio\"}]},{\"@type\":\"WebSite\",\"@id\":\"https:\\\/\\\/shopatoa.com\\\/ro\\\/#website\",\"url\":\"https:\\\/\\\/shopatoa.com\\\/ro\\\/\",\"name\":\"SHOPATOA\",\"description\":\"\",\"publisher\":{\"@id\":\"https:\\\/\\\/shopatoa.com\\\/ro\\\/#organization\"},\"potentialAction\":[{\"@type\":\"SearchAction\",\"target\":{\"@type\":\"EntryPoint\",\"urlTemplate\":\"https:\\\/\\\/shopatoa.com\\\/ro\\\/?s={search_term_string}\"},\"query-input\":{\"@type\":\"PropertyValueSpecification\",\"valueRequired\":true,\"valueName\":\"search_term_string\"}}],\"inLanguage\":\"ro-RO\"},{\"@type\":\"Organization\",\"@id\":\"https:\\\/\\\/shopatoa.com\\\/ro\\\/#organization\",\"name\":\"SHOPATOA\",\"url\":\"https:\\\/\\\/shopatoa.com\\\/ro\\\/\",\"logo\":{\"@type\":\"ImageObject\",\"inLanguage\":\"ro-RO\",\"@id\":\"https:\\\/\\\/shopatoa.com\\\/ro\\\/#\\\/schema\\\/logo\\\/image\\\/\",\"url\":\"https:\\\/\\\/storage.googleapis.com\\\/cz-shopatoa-img\\\/ro\\\/b4dac915-shopatoa_logo.png\",\"contentUrl\":\"https:\\\/\\\/storage.googleapis.com\\\/cz-shopatoa-img\\\/ro\\\/b4dac915-shopatoa_logo.png\",\"width\":416,\"height\":63,\"caption\":\"SHOPATOA\"},\"image\":{\"@id\":\"https:\\\/\\\/shopatoa.com\\\/ro\\\/#\\\/schema\\\/logo\\\/image\\\/\"}}]}<\/script>\n<!-- \/ Yoast SEO plugin. -->","yoast_head_json":{"title":"Foreo FOREO ESPADA\u2122 2 Plus Direc\u021bionarea precis\u0103 a tratamentului acneei cu lumin\u0103 LED albastr\u0103 Pistachio - SHOPATOA.COM","robots":{"index":"index","follow":"follow","max-snippet":"max-snippet:-1","max-image-preview":"max-image-preview:large","max-video-preview":"max-video-preview:-1"},"canonical":"https:\/\/shopatoa.com\/ro\/foreo-foreo-espada-2-plus-directionarea-precisa-a-tratamentului-acneei-cu-lumina-led-albastra-pistachio\/","og_locale":"ro_RO","og_type":"article","og_title":"Foreo FOREO ESPADA\u2122 2 Plus Direc\u021bionarea precis\u0103 a tratamentului acneei cu lumin\u0103 LED albastr\u0103 Pistachio - SHOPATOA.COM","og_description":"Cel mai rapid, simplu \u0219i eficient mod de a combate inflama\u021bia cronic\u0103. ESPADA\u2122 2 plus utilizeaz\u0103 tehnologia medical\u0103 aprobat\u0103 de FDA pentru a pune cap\u0103t acneei \u00eenc\u0103p\u0103\u021b\u00e2nate \u0219i inflama\u021biilor care reapar \u00een anumite zone. Cu ghidare precis\u0103 a luminii, precum \u0219i cu lumin\u0103 LED albastr\u0103 cu putere dubl\u0103 \u0219i pulsa\u021bii T-Sonic\u2122 patentate, s-a dovedit clinic...","og_url":"https:\/\/shopatoa.com\/ro\/foreo-foreo-espada-2-plus-directionarea-precisa-a-tratamentului-acneei-cu-lumina-led-albastra-pistachio\/","og_site_name":"SHOPATOA","article_modified_time":"2025-12-10T11:24:40+00:00","og_image":[{"width":800,"height":800,"url":"https:\/\/storage.googleapis.com\/cz-shopatoa-img\/ro\/8824a8bf-unnamed-file.webp","type":"image\/webp"}],"twitter_card":"summary_large_image","twitter_misc":{"Timp estimat pentru citire":"2 minute"},"schema":{"@context":"https:\/\/schema.org","@graph":[{"@type":"WebPage","@id":"https:\/\/shopatoa.com\/ro\/foreo-foreo-espada-2-plus-directionarea-precisa-a-tratamentului-acneei-cu-lumina-led-albastra-pistachio\/","url":"https:\/\/shopatoa.com\/ro\/foreo-foreo-espada-2-plus-directionarea-precisa-a-tratamentului-acneei-cu-lumina-led-albastra-pistachio\/","name":"Foreo FOREO ESPADA\u2122 2 Plus Direc\u021bionarea precis\u0103 a tratamentului acneei cu lumin\u0103 LED albastr\u0103 Pistachio - SHOPATOA.COM","isPartOf":{"@id":"https:\/\/shopatoa.com\/ro\/#website"},"primaryImageOfPage":{"@id":"https:\/\/shopatoa.com\/ro\/foreo-foreo-espada-2-plus-directionarea-precisa-a-tratamentului-acneei-cu-lumina-led-albastra-pistachio\/#primaryimage"},"image":{"@id":"https:\/\/shopatoa.com\/ro\/foreo-foreo-espada-2-plus-directionarea-precisa-a-tratamentului-acneei-cu-lumina-led-albastra-pistachio\/#primaryimage"},"thumbnailUrl":"https:\/\/storage.googleapis.com\/cz-shopatoa-img\/ro\/8824a8bf-unnamed-file.webp","datePublished":"2025-05-06T05:15:07+00:00","dateModified":"2025-12-10T11:24:40+00:00","breadcrumb":{"@id":"https:\/\/shopatoa.com\/ro\/foreo-foreo-espada-2-plus-directionarea-precisa-a-tratamentului-acneei-cu-lumina-led-albastra-pistachio\/#breadcrumb"},"inLanguage":"ro-RO","potentialAction":[{"@type":"ReadAction","target":["https:\/\/shopatoa.com\/ro\/foreo-foreo-espada-2-plus-directionarea-precisa-a-tratamentului-acneei-cu-lumina-led-albastra-pistachio\/"]}]},{"@type":"ImageObject","inLanguage":"ro-RO","@id":"https:\/\/shopatoa.com\/ro\/foreo-foreo-espada-2-plus-directionarea-precisa-a-tratamentului-acneei-cu-lumina-led-albastra-pistachio\/#primaryimage","url":"https:\/\/storage.googleapis.com\/cz-shopatoa-img\/ro\/8824a8bf-unnamed-file.webp","contentUrl":"https:\/\/storage.googleapis.com\/cz-shopatoa-img\/ro\/8824a8bf-unnamed-file.webp","width":800,"height":800},{"@type":"BreadcrumbList","@id":"https:\/\/shopatoa.com\/ro\/foreo-foreo-espada-2-plus-directionarea-precisa-a-tratamentului-acneei-cu-lumina-led-albastra-pistachio\/#breadcrumb","itemListElement":[{"@type":"ListItem","position":1,"name":"Dom\u016f","item":"https:\/\/shopatoa.com\/ro\/"},{"@type":"ListItem","position":2,"name":"Shop","item":"https:\/\/shopatoa.com\/ro\/shop\/"},{"@type":"ListItem","position":3,"name":"Cosmetice","item":"https:\/\/shopatoa.com\/ro\/cosmetice\/"},{"@type":"ListItem","position":4,"name":"Produse cosmetice pentru piele","item":"https:\/\/shopatoa.com\/ro\/produse-cosmetice-pentru-piele\/"},{"@type":"ListItem","position":5,"name":"Produse cosmetice de \u00eengrijire a pielii","item":"https:\/\/shopatoa.com\/ro\/produse-cosmetice-de-ingrijire-a-pielii\/"},{"@type":"ListItem","position":6,"name":"Cur\u0103\u021barea, demachierea fe\u021bei","item":"https:\/\/shopatoa.com\/ro\/curatarea-demachierea-fetei\/"},{"@type":"ListItem","position":7,"name":"Foreo FOREO ESPADA\u2122 2 Plus Direc\u021bionarea precis\u0103 a tratamentului acneei cu lumin\u0103 LED albastr\u0103 Pistachio"}]},{"@type":"WebSite","@id":"https:\/\/shopatoa.com\/ro\/#website","url":"https:\/\/shopatoa.com\/ro\/","name":"SHOPATOA","description":"","publisher":{"@id":"https:\/\/shopatoa.com\/ro\/#organization"},"potentialAction":[{"@type":"SearchAction","target":{"@type":"EntryPoint","urlTemplate":"https:\/\/shopatoa.com\/ro\/?s={search_term_string}"},"query-input":{"@type":"PropertyValueSpecification","valueRequired":true,"valueName":"search_term_string"}}],"inLanguage":"ro-RO"},{"@type":"Organization","@id":"https:\/\/shopatoa.com\/ro\/#organization","name":"SHOPATOA","url":"https:\/\/shopatoa.com\/ro\/","logo":{"@type":"ImageObject","inLanguage":"ro-RO","@id":"https:\/\/shopatoa.com\/ro\/#\/schema\/logo\/image\/","url":"https:\/\/storage.googleapis.com\/cz-shopatoa-img\/ro\/b4dac915-shopatoa_logo.png","contentUrl":"https:\/\/storage.googleapis.com\/cz-shopatoa-img\/ro\/b4dac915-shopatoa_logo.png","width":416,"height":63,"caption":"SHOPATOA"},"image":{"@id":"https:\/\/shopatoa.com\/ro\/#\/schema\/logo\/image\/"}}]}},"_links":{"self":[{"href":"https:\/\/shopatoa.com\/ro\/wp-json\/wp\/v2\/product\/324999","targetHints":{"allow":["GET"]}}],"collection":[{"href":"https:\/\/shopatoa.com\/ro\/wp-json\/wp\/v2\/product"}],"about":[{"href":"https:\/\/shopatoa.com\/ro\/wp-json\/wp\/v2\/types\/product"}],"replies":[{"embeddable":true,"href":"https:\/\/shopatoa.com\/ro\/wp-json\/wp\/v2\/comments?post=324999"}],"wp:featuredmedia":[{"embeddable":true,"href":"https:\/\/shopatoa.com\/ro\/wp-json\/wp\/v2\/media\/325002"}],"wp:attachment":[{"href":"https:\/\/shopatoa.com\/ro\/wp-json\/wp\/v2\/media?parent=324999"}],"wp:term":[{"taxonomy":"product_brand","embeddable":true,"href":"https:\/\/shopatoa.com\/ro\/wp-json\/wp\/v2\/product_brand?post=324999"},{"taxonomy":"product_cat","embeddable":true,"href":"https:\/\/shopatoa.com\/ro\/wp-json\/wp\/v2\/product_cat?post=324999"},{"taxonomy":"product_tag","embeddable":true,"href":"https:\/\/shopatoa.com\/ro\/wp-json\/wp\/v2\/product_tag?post=324999"}],"curies":[{"name":"wp","href":"https:\/\/api.w.org\/{rel}","templated":true}]}}