{"id":326251,"date":"2025-05-06T10:11:09","date_gmt":"2025-05-06T08:11:09","guid":{"rendered":"https:\/\/shopatoa.com\/ro\/silkn-uscator-de-par-cu-motor-fara-perii-silkyairpro\/"},"modified":"2025-12-10T10:56:07","modified_gmt":"2025-12-10T09:56:07","slug":"silkn-uscator-de-par-cu-motor-fara-perii-silkyairpro","status":"publish","type":"product","link":"https:\/\/shopatoa.com\/ro\/silkn-uscator-de-par-cu-motor-fara-perii-silkyairpro\/","title":{"rendered":"Silk&#8217;n Usc\u0103tor de p\u0103r cu motor f\u0103r\u0103 perii SilkyAirPro"},"content":{"rendered":"<p>SilkyAir Pro este cea mai recent\u0103 genera\u021bie de usc\u0103tor de p\u0103r care combin\u0103 performan\u021ba puternic\u0103 cu cea mai bun\u0103 \u00eengrijire delicat\u0103 a p\u0103rului. Datorit\u0103 tehnologiei premium cu ioni de ap\u0103, v\u0103 pute\u021bi usca p\u0103rul rapid, f\u0103r\u0103 temperaturi ridicate \u0219i cu rezultate care v\u0103 las\u0103 p\u0103rul mai neted, mai str\u0103lucitor \u0219i f\u0103r\u0103 despicare. Motorul puternic f\u0103r\u0103 perii cu 1600 W atinge p\u00e2n\u0103 la 110.000 rpm \u0219i produce un flux de aer concentrat de p\u00e2n\u0103 la 76 km\/h. Acest lucru permite uscarea instantanee cu volum natural, f\u0103r\u0103 riscul de a deteriora p\u0103rul. Usc\u0103torul de p\u0103r monitorizeaz\u0103 constant temperatura aerului &#8211; m\u0103sur\u00e2nd-o de p\u00e2n\u0103 la 50 de ori pe secund\u0103 &#8211; \u0219i o ajusteaz\u0103 automat pentru a preveni supra\u00eenc\u0103lzirea. Tehnologia Premium Water Ion asigur\u0103, de asemenea, hidratarea profund\u0103 a p\u0103rului cu microparticule de ap\u0103 care penetreaz\u0103 cuticulele p\u0103rului, \u00eent\u0103rindu-le \u0219i prevenind v\u00e2rfurile despicate \u0219i \u00eencre\u021birea. P\u0103rul r\u0103m\u00e2ne mai s\u0103n\u0103tos, mai puternic \u0219i mai radiant.<\/p>\n","protected":false},"excerpt":{"rendered":"<p>SilkyAir Pro este cea mai recent\u0103 genera\u021bie de usc\u0103tor de p\u0103r care combin\u0103 performan\u021ba puternic\u0103 cu cea mai bun\u0103 \u00eengrijire delicat\u0103 a p\u0103rului. Datorit\u0103 tehnologiei premium cu ioni de ap\u0103, v\u0103 pute\u021bi usca p\u0103rul rapid, f\u0103r\u0103 temperaturi ridicate \u0219i cu rezultate care v\u0103 las\u0103 p\u0103rul mai neted, mai str\u0103lucitor \u0219i f\u0103r\u0103 despicare. Motorul puternic f\u0103r\u0103&#8230;<\/p>\n","protected":false},"featured_media":326254,"comment_status":"closed","ping_status":"open","template":"","meta":{"_acf_changed":false,"_kadence_starter_templates_imported_post":false,"_kad_post_transparent":"","_kad_post_title":"","_kad_post_layout":"","_kad_post_sidebar_id":"","_kad_post_content_style":"","_kad_post_vertical_padding":"","_kad_post_feature":"","_kad_post_feature_position":"","_kad_post_header":false,"_kad_post_footer":false,"_kad_post_classname":""},"product_brand":[959],"product_cat":[246,623,624,762],"product_tag":[],"class_list":{"0":"post-326251","1":"product","2":"type-product","3":"status-publish","4":"has-post-thumbnail","6":"product_brand-silkn","7":"product_cat-cosmetice","8":"product_cat-produse-cosmetice-pentru-par","9":"product_cat-produse-aparate-si-accesorii-pentru-par","10":"product_cat-uscatoare-de-par-fenuri","12":"first","13":"instock","14":"sale","15":"product-type-external","16":"entry","17":"content-bg","18":"loop-entry"},"acf":[],"yoast_head":"<!-- This site is optimized with the Yoast SEO plugin v27.4 - https:\/\/yoast.com\/product\/yoast-seo-wordpress\/ -->\n<title>Silk&#039;n Usc\u0103tor de p\u0103r cu motor f\u0103r\u0103 perii SilkyAirPro - SHOPATOA.COM<\/title>\n<meta name=\"robots\" content=\"index, follow, max-snippet:-1, max-image-preview:large, max-video-preview:-1\" \/>\n<link rel=\"canonical\" href=\"https:\/\/shopatoa.com\/ro\/silkn-uscator-de-par-cu-motor-fara-perii-silkyairpro\/\" \/>\n<meta property=\"og:locale\" content=\"ro_RO\" \/>\n<meta property=\"og:type\" content=\"article\" \/>\n<meta property=\"og:title\" content=\"Silk&#039;n Usc\u0103tor de p\u0103r cu motor f\u0103r\u0103 perii SilkyAirPro - SHOPATOA.COM\" \/>\n<meta property=\"og:description\" content=\"SilkyAir Pro este cea mai recent\u0103 genera\u021bie de usc\u0103tor de p\u0103r care combin\u0103 performan\u021ba puternic\u0103 cu cea mai bun\u0103 \u00eengrijire delicat\u0103 a p\u0103rului. Datorit\u0103 tehnologiei premium cu ioni de ap\u0103, v\u0103 pute\u021bi usca p\u0103rul rapid, f\u0103r\u0103 temperaturi ridicate \u0219i cu rezultate care v\u0103 las\u0103 p\u0103rul mai neted, mai str\u0103lucitor \u0219i f\u0103r\u0103 despicare. Motorul puternic f\u0103r\u0103...\" \/>\n<meta property=\"og:url\" content=\"https:\/\/shopatoa.com\/ro\/silkn-uscator-de-par-cu-motor-fara-perii-silkyairpro\/\" \/>\n<meta property=\"og:site_name\" content=\"SHOPATOA\" \/>\n<meta property=\"article:modified_time\" content=\"2025-12-10T09:56:07+00:00\" \/>\n<meta property=\"og:image\" content=\"https:\/\/storage.googleapis.com\/cz-shopatoa-img\/ro\/7f9cab1c-unnamed-file.webp\" \/>\n\t<meta property=\"og:image:width\" content=\"800\" \/>\n\t<meta property=\"og:image:height\" content=\"800\" \/>\n\t<meta property=\"og:image:type\" content=\"image\/webp\" \/>\n<meta name=\"twitter:card\" content=\"summary_large_image\" \/>\n<meta name=\"twitter:label1\" content=\"Timp estimat pentru citire\" \/>\n\t<meta name=\"twitter:data1\" content=\"1 minut\" \/>\n<script type=\"application\/ld+json\" class=\"yoast-schema-graph\">{\"@context\":\"https:\\\/\\\/schema.org\",\"@graph\":[{\"@type\":\"WebPage\",\"@id\":\"https:\\\/\\\/shopatoa.com\\\/ro\\\/silkn-uscator-de-par-cu-motor-fara-perii-silkyairpro\\\/\",\"url\":\"https:\\\/\\\/shopatoa.com\\\/ro\\\/silkn-uscator-de-par-cu-motor-fara-perii-silkyairpro\\\/\",\"name\":\"Silk'n Usc\u0103tor de p\u0103r cu motor f\u0103r\u0103 perii SilkyAirPro - SHOPATOA.COM\",\"isPartOf\":{\"@id\":\"https:\\\/\\\/shopatoa.com\\\/ro\\\/#website\"},\"primaryImageOfPage\":{\"@id\":\"https:\\\/\\\/shopatoa.com\\\/ro\\\/silkn-uscator-de-par-cu-motor-fara-perii-silkyairpro\\\/#primaryimage\"},\"image\":{\"@id\":\"https:\\\/\\\/shopatoa.com\\\/ro\\\/silkn-uscator-de-par-cu-motor-fara-perii-silkyairpro\\\/#primaryimage\"},\"thumbnailUrl\":\"https:\\\/\\\/storage.googleapis.com\\\/cz-shopatoa-img\\\/ro\\\/7f9cab1c-unnamed-file.webp\",\"datePublished\":\"2025-05-06T08:11:09+00:00\",\"dateModified\":\"2025-12-10T09:56:07+00:00\",\"breadcrumb\":{\"@id\":\"https:\\\/\\\/shopatoa.com\\\/ro\\\/silkn-uscator-de-par-cu-motor-fara-perii-silkyairpro\\\/#breadcrumb\"},\"inLanguage\":\"ro-RO\",\"potentialAction\":[{\"@type\":\"ReadAction\",\"target\":[\"https:\\\/\\\/shopatoa.com\\\/ro\\\/silkn-uscator-de-par-cu-motor-fara-perii-silkyairpro\\\/\"]}]},{\"@type\":\"ImageObject\",\"inLanguage\":\"ro-RO\",\"@id\":\"https:\\\/\\\/shopatoa.com\\\/ro\\\/silkn-uscator-de-par-cu-motor-fara-perii-silkyairpro\\\/#primaryimage\",\"url\":\"https:\\\/\\\/storage.googleapis.com\\\/cz-shopatoa-img\\\/ro\\\/7f9cab1c-unnamed-file.webp\",\"contentUrl\":\"https:\\\/\\\/storage.googleapis.com\\\/cz-shopatoa-img\\\/ro\\\/7f9cab1c-unnamed-file.webp\",\"width\":800,\"height\":800},{\"@type\":\"BreadcrumbList\",\"@id\":\"https:\\\/\\\/shopatoa.com\\\/ro\\\/silkn-uscator-de-par-cu-motor-fara-perii-silkyairpro\\\/#breadcrumb\",\"itemListElement\":[{\"@type\":\"ListItem\",\"position\":1,\"name\":\"Dom\u016f\",\"item\":\"https:\\\/\\\/shopatoa.com\\\/ro\\\/\"},{\"@type\":\"ListItem\",\"position\":2,\"name\":\"Shop\",\"item\":\"https:\\\/\\\/shopatoa.com\\\/ro\\\/shop\\\/\"},{\"@type\":\"ListItem\",\"position\":3,\"name\":\"Cosmetice\",\"item\":\"https:\\\/\\\/shopatoa.com\\\/ro\\\/cosmetice\\\/\"},{\"@type\":\"ListItem\",\"position\":4,\"name\":\"Produse cosmetice pentru p\u0103r\",\"item\":\"https:\\\/\\\/shopatoa.com\\\/ro\\\/produse-cosmetice-pentru-par\\\/\"},{\"@type\":\"ListItem\",\"position\":5,\"name\":\"Produse, aparate \u0219i accesorii pentru p\u0103r\",\"item\":\"https:\\\/\\\/shopatoa.com\\\/ro\\\/produse-aparate-si-accesorii-pentru-par\\\/\"},{\"@type\":\"ListItem\",\"position\":6,\"name\":\"Usc\u0103toare de p\u0103r, fenuri\",\"item\":\"https:\\\/\\\/shopatoa.com\\\/ro\\\/uscatoare-de-par-fenuri\\\/\"},{\"@type\":\"ListItem\",\"position\":7,\"name\":\"Silk&#8217;n Usc\u0103tor de p\u0103r cu motor f\u0103r\u0103 perii SilkyAirPro\"}]},{\"@type\":\"WebSite\",\"@id\":\"https:\\\/\\\/shopatoa.com\\\/ro\\\/#website\",\"url\":\"https:\\\/\\\/shopatoa.com\\\/ro\\\/\",\"name\":\"SHOPATOA\",\"description\":\"\",\"publisher\":{\"@id\":\"https:\\\/\\\/shopatoa.com\\\/ro\\\/#organization\"},\"potentialAction\":[{\"@type\":\"SearchAction\",\"target\":{\"@type\":\"EntryPoint\",\"urlTemplate\":\"https:\\\/\\\/shopatoa.com\\\/ro\\\/?s={search_term_string}\"},\"query-input\":{\"@type\":\"PropertyValueSpecification\",\"valueRequired\":true,\"valueName\":\"search_term_string\"}}],\"inLanguage\":\"ro-RO\"},{\"@type\":\"Organization\",\"@id\":\"https:\\\/\\\/shopatoa.com\\\/ro\\\/#organization\",\"name\":\"SHOPATOA\",\"url\":\"https:\\\/\\\/shopatoa.com\\\/ro\\\/\",\"logo\":{\"@type\":\"ImageObject\",\"inLanguage\":\"ro-RO\",\"@id\":\"https:\\\/\\\/shopatoa.com\\\/ro\\\/#\\\/schema\\\/logo\\\/image\\\/\",\"url\":\"https:\\\/\\\/storage.googleapis.com\\\/cz-shopatoa-img\\\/ro\\\/b4dac915-shopatoa_logo.png\",\"contentUrl\":\"https:\\\/\\\/storage.googleapis.com\\\/cz-shopatoa-img\\\/ro\\\/b4dac915-shopatoa_logo.png\",\"width\":416,\"height\":63,\"caption\":\"SHOPATOA\"},\"image\":{\"@id\":\"https:\\\/\\\/shopatoa.com\\\/ro\\\/#\\\/schema\\\/logo\\\/image\\\/\"}}]}<\/script>\n<!-- \/ Yoast SEO plugin. -->","yoast_head_json":{"title":"Silk'n Usc\u0103tor de p\u0103r cu motor f\u0103r\u0103 perii SilkyAirPro - SHOPATOA.COM","robots":{"index":"index","follow":"follow","max-snippet":"max-snippet:-1","max-image-preview":"max-image-preview:large","max-video-preview":"max-video-preview:-1"},"canonical":"https:\/\/shopatoa.com\/ro\/silkn-uscator-de-par-cu-motor-fara-perii-silkyairpro\/","og_locale":"ro_RO","og_type":"article","og_title":"Silk'n Usc\u0103tor de p\u0103r cu motor f\u0103r\u0103 perii SilkyAirPro - SHOPATOA.COM","og_description":"SilkyAir Pro este cea mai recent\u0103 genera\u021bie de usc\u0103tor de p\u0103r care combin\u0103 performan\u021ba puternic\u0103 cu cea mai bun\u0103 \u00eengrijire delicat\u0103 a p\u0103rului. Datorit\u0103 tehnologiei premium cu ioni de ap\u0103, v\u0103 pute\u021bi usca p\u0103rul rapid, f\u0103r\u0103 temperaturi ridicate \u0219i cu rezultate care v\u0103 las\u0103 p\u0103rul mai neted, mai str\u0103lucitor \u0219i f\u0103r\u0103 despicare. Motorul puternic f\u0103r\u0103...","og_url":"https:\/\/shopatoa.com\/ro\/silkn-uscator-de-par-cu-motor-fara-perii-silkyairpro\/","og_site_name":"SHOPATOA","article_modified_time":"2025-12-10T09:56:07+00:00","og_image":[{"width":800,"height":800,"url":"https:\/\/storage.googleapis.com\/cz-shopatoa-img\/ro\/7f9cab1c-unnamed-file.webp","type":"image\/webp"}],"twitter_card":"summary_large_image","twitter_misc":{"Timp estimat pentru citire":"1 minut"},"schema":{"@context":"https:\/\/schema.org","@graph":[{"@type":"WebPage","@id":"https:\/\/shopatoa.com\/ro\/silkn-uscator-de-par-cu-motor-fara-perii-silkyairpro\/","url":"https:\/\/shopatoa.com\/ro\/silkn-uscator-de-par-cu-motor-fara-perii-silkyairpro\/","name":"Silk'n Usc\u0103tor de p\u0103r cu motor f\u0103r\u0103 perii SilkyAirPro - SHOPATOA.COM","isPartOf":{"@id":"https:\/\/shopatoa.com\/ro\/#website"},"primaryImageOfPage":{"@id":"https:\/\/shopatoa.com\/ro\/silkn-uscator-de-par-cu-motor-fara-perii-silkyairpro\/#primaryimage"},"image":{"@id":"https:\/\/shopatoa.com\/ro\/silkn-uscator-de-par-cu-motor-fara-perii-silkyairpro\/#primaryimage"},"thumbnailUrl":"https:\/\/storage.googleapis.com\/cz-shopatoa-img\/ro\/7f9cab1c-unnamed-file.webp","datePublished":"2025-05-06T08:11:09+00:00","dateModified":"2025-12-10T09:56:07+00:00","breadcrumb":{"@id":"https:\/\/shopatoa.com\/ro\/silkn-uscator-de-par-cu-motor-fara-perii-silkyairpro\/#breadcrumb"},"inLanguage":"ro-RO","potentialAction":[{"@type":"ReadAction","target":["https:\/\/shopatoa.com\/ro\/silkn-uscator-de-par-cu-motor-fara-perii-silkyairpro\/"]}]},{"@type":"ImageObject","inLanguage":"ro-RO","@id":"https:\/\/shopatoa.com\/ro\/silkn-uscator-de-par-cu-motor-fara-perii-silkyairpro\/#primaryimage","url":"https:\/\/storage.googleapis.com\/cz-shopatoa-img\/ro\/7f9cab1c-unnamed-file.webp","contentUrl":"https:\/\/storage.googleapis.com\/cz-shopatoa-img\/ro\/7f9cab1c-unnamed-file.webp","width":800,"height":800},{"@type":"BreadcrumbList","@id":"https:\/\/shopatoa.com\/ro\/silkn-uscator-de-par-cu-motor-fara-perii-silkyairpro\/#breadcrumb","itemListElement":[{"@type":"ListItem","position":1,"name":"Dom\u016f","item":"https:\/\/shopatoa.com\/ro\/"},{"@type":"ListItem","position":2,"name":"Shop","item":"https:\/\/shopatoa.com\/ro\/shop\/"},{"@type":"ListItem","position":3,"name":"Cosmetice","item":"https:\/\/shopatoa.com\/ro\/cosmetice\/"},{"@type":"ListItem","position":4,"name":"Produse cosmetice pentru p\u0103r","item":"https:\/\/shopatoa.com\/ro\/produse-cosmetice-pentru-par\/"},{"@type":"ListItem","position":5,"name":"Produse, aparate \u0219i accesorii pentru p\u0103r","item":"https:\/\/shopatoa.com\/ro\/produse-aparate-si-accesorii-pentru-par\/"},{"@type":"ListItem","position":6,"name":"Usc\u0103toare de p\u0103r, fenuri","item":"https:\/\/shopatoa.com\/ro\/uscatoare-de-par-fenuri\/"},{"@type":"ListItem","position":7,"name":"Silk&#8217;n Usc\u0103tor de p\u0103r cu motor f\u0103r\u0103 perii SilkyAirPro"}]},{"@type":"WebSite","@id":"https:\/\/shopatoa.com\/ro\/#website","url":"https:\/\/shopatoa.com\/ro\/","name":"SHOPATOA","description":"","publisher":{"@id":"https:\/\/shopatoa.com\/ro\/#organization"},"potentialAction":[{"@type":"SearchAction","target":{"@type":"EntryPoint","urlTemplate":"https:\/\/shopatoa.com\/ro\/?s={search_term_string}"},"query-input":{"@type":"PropertyValueSpecification","valueRequired":true,"valueName":"search_term_string"}}],"inLanguage":"ro-RO"},{"@type":"Organization","@id":"https:\/\/shopatoa.com\/ro\/#organization","name":"SHOPATOA","url":"https:\/\/shopatoa.com\/ro\/","logo":{"@type":"ImageObject","inLanguage":"ro-RO","@id":"https:\/\/shopatoa.com\/ro\/#\/schema\/logo\/image\/","url":"https:\/\/storage.googleapis.com\/cz-shopatoa-img\/ro\/b4dac915-shopatoa_logo.png","contentUrl":"https:\/\/storage.googleapis.com\/cz-shopatoa-img\/ro\/b4dac915-shopatoa_logo.png","width":416,"height":63,"caption":"SHOPATOA"},"image":{"@id":"https:\/\/shopatoa.com\/ro\/#\/schema\/logo\/image\/"}}]}},"_links":{"self":[{"href":"https:\/\/shopatoa.com\/ro\/wp-json\/wp\/v2\/product\/326251","targetHints":{"allow":["GET"]}}],"collection":[{"href":"https:\/\/shopatoa.com\/ro\/wp-json\/wp\/v2\/product"}],"about":[{"href":"https:\/\/shopatoa.com\/ro\/wp-json\/wp\/v2\/types\/product"}],"replies":[{"embeddable":true,"href":"https:\/\/shopatoa.com\/ro\/wp-json\/wp\/v2\/comments?post=326251"}],"wp:featuredmedia":[{"embeddable":true,"href":"https:\/\/shopatoa.com\/ro\/wp-json\/wp\/v2\/media\/326254"}],"wp:attachment":[{"href":"https:\/\/shopatoa.com\/ro\/wp-json\/wp\/v2\/media?parent=326251"}],"wp:term":[{"taxonomy":"product_brand","embeddable":true,"href":"https:\/\/shopatoa.com\/ro\/wp-json\/wp\/v2\/product_brand?post=326251"},{"taxonomy":"product_cat","embeddable":true,"href":"https:\/\/shopatoa.com\/ro\/wp-json\/wp\/v2\/product_cat?post=326251"},{"taxonomy":"product_tag","embeddable":true,"href":"https:\/\/shopatoa.com\/ro\/wp-json\/wp\/v2\/product_tag?post=326251"}],"curies":[{"name":"wp","href":"https:\/\/api.w.org\/{rel}","templated":true}]}}