{"id":326498,"date":"2025-05-06T10:50:10","date_gmt":"2025-05-06T08:50:10","guid":{"rendered":"https:\/\/shopatoa.com\/ro\/dolce-gabbana-fond-de-ten-de-lunga-durata-everlast-primer-28-ml\/"},"modified":"2025-12-10T10:43:47","modified_gmt":"2025-12-10T09:43:47","slug":"dolce-gabbana-fond-de-ten-de-lunga-durata-everlast-primer-28-ml","status":"publish","type":"product","link":"https:\/\/shopatoa.com\/ro\/dolce-gabbana-fond-de-ten-de-lunga-durata-everlast-primer-28-ml\/","title":{"rendered":"Dolce &amp; Gabbana Fond de ten de lung\u0103 durat\u0103 (Everlast Primer) 28 ml"},"content":{"rendered":"<p>Fond de ten, care minimizeaz\u0103 instantaneu porii \u0219i preg\u0103te\u0219te perfect pielea pentru aplicarea machiajului. Are un efect matifiant \u0219i de netezire timp de 24 de ore. Aceast\u0103 formul\u0103 excep\u021bional\u0103 controleaz\u0103 str\u0103lucirea \u0219i las\u0103 un finisaj mat moale care rezist\u0103 toat\u0103 ziua \u00een timp ce \u00eembun\u0103t\u0103\u021be\u0219te nuan\u021ba pielii cu un efect de tonifiere universal potrivit pentru toate tonurile de piele.<\/p>\n","protected":false},"excerpt":{"rendered":"<p>Fond de ten, care minimizeaz\u0103 instantaneu porii \u0219i preg\u0103te\u0219te perfect pielea pentru aplicarea machiajului. Are un efect matifiant \u0219i de netezire timp de 24 de ore. Aceast\u0103 formul\u0103 excep\u021bional\u0103 controleaz\u0103 str\u0103lucirea \u0219i las\u0103 un finisaj mat moale care rezist\u0103 toat\u0103 ziua \u00een timp ce \u00eembun\u0103t\u0103\u021be\u0219te nuan\u021ba pielii cu un efect de tonifiere universal potrivit pentru&#8230;<\/p>\n","protected":false},"featured_media":326499,"comment_status":"closed","ping_status":"open","template":"","meta":{"_acf_changed":false,"_kadence_starter_templates_imported_post":false,"_kad_post_transparent":"","_kad_post_title":"","_kad_post_layout":"","_kad_post_sidebar_id":"","_kad_post_content_style":"","_kad_post_vertical_padding":"","_kad_post_feature":"","_kad_post_feature_position":"","_kad_post_header":false,"_kad_post_footer":false,"_kad_post_classname":""},"product_brand":[84],"product_cat":[649,246,609,616],"product_tag":[],"class_list":{"0":"post-326498","1":"product","2":"type-product","3":"status-publish","4":"has-post-thumbnail","6":"product_brand-dolce-gabbana","7":"product_cat-baza-de-machiaj-pentru-fata","8":"product_cat-cosmetice","9":"product_cat-cosmetice-decorative","10":"product_cat-machiaj-pentru-fata","12":"first","13":"instock","14":"product-type-external","15":"entry","16":"content-bg","17":"loop-entry"},"acf":[],"yoast_head":"<!-- This site is optimized with the Yoast SEO plugin v27.3 - https:\/\/yoast.com\/product\/yoast-seo-wordpress\/ -->\n<title>Dolce &amp; Gabbana Fond de ten de lung\u0103 durat\u0103 (Everlast Primer) 28 ml - SHOPATOA.COM<\/title>\n<meta name=\"robots\" content=\"index, follow, max-snippet:-1, max-image-preview:large, max-video-preview:-1\" \/>\n<link rel=\"canonical\" href=\"https:\/\/shopatoa.com\/ro\/dolce-gabbana-fond-de-ten-de-lunga-durata-everlast-primer-28-ml\/\" \/>\n<meta property=\"og:locale\" content=\"ro_RO\" \/>\n<meta property=\"og:type\" content=\"article\" \/>\n<meta property=\"og:title\" content=\"Dolce &amp; Gabbana Fond de ten de lung\u0103 durat\u0103 (Everlast Primer) 28 ml - SHOPATOA.COM\" \/>\n<meta property=\"og:description\" content=\"Fond de ten, care minimizeaz\u0103 instantaneu porii \u0219i preg\u0103te\u0219te perfect pielea pentru aplicarea machiajului. Are un efect matifiant \u0219i de netezire timp de 24 de ore. Aceast\u0103 formul\u0103 excep\u021bional\u0103 controleaz\u0103 str\u0103lucirea \u0219i las\u0103 un finisaj mat moale care rezist\u0103 toat\u0103 ziua \u00een timp ce \u00eembun\u0103t\u0103\u021be\u0219te nuan\u021ba pielii cu un efect de tonifiere universal potrivit pentru...\" \/>\n<meta property=\"og:url\" content=\"https:\/\/shopatoa.com\/ro\/dolce-gabbana-fond-de-ten-de-lunga-durata-everlast-primer-28-ml\/\" \/>\n<meta property=\"og:site_name\" content=\"SHOPATOA\" \/>\n<meta property=\"article:modified_time\" content=\"2025-12-10T09:43:47+00:00\" \/>\n<meta property=\"og:image\" content=\"https:\/\/storage.googleapis.com\/cz-shopatoa-img\/ro\/9000def3-unnamed-file.webp\" \/>\n\t<meta property=\"og:image:width\" content=\"800\" \/>\n\t<meta property=\"og:image:height\" content=\"800\" \/>\n\t<meta property=\"og:image:type\" content=\"image\/webp\" \/>\n<meta name=\"twitter:card\" content=\"summary_large_image\" \/>\n<script type=\"application\/ld+json\" class=\"yoast-schema-graph\">{\"@context\":\"https:\\\/\\\/schema.org\",\"@graph\":[{\"@type\":\"WebPage\",\"@id\":\"https:\\\/\\\/shopatoa.com\\\/ro\\\/dolce-gabbana-fond-de-ten-de-lunga-durata-everlast-primer-28-ml\\\/\",\"url\":\"https:\\\/\\\/shopatoa.com\\\/ro\\\/dolce-gabbana-fond-de-ten-de-lunga-durata-everlast-primer-28-ml\\\/\",\"name\":\"Dolce & Gabbana Fond de ten de lung\u0103 durat\u0103 (Everlast Primer) 28 ml - SHOPATOA.COM\",\"isPartOf\":{\"@id\":\"https:\\\/\\\/shopatoa.com\\\/ro\\\/#website\"},\"primaryImageOfPage\":{\"@id\":\"https:\\\/\\\/shopatoa.com\\\/ro\\\/dolce-gabbana-fond-de-ten-de-lunga-durata-everlast-primer-28-ml\\\/#primaryimage\"},\"image\":{\"@id\":\"https:\\\/\\\/shopatoa.com\\\/ro\\\/dolce-gabbana-fond-de-ten-de-lunga-durata-everlast-primer-28-ml\\\/#primaryimage\"},\"thumbnailUrl\":\"https:\\\/\\\/storage.googleapis.com\\\/cz-shopatoa-img\\\/ro\\\/9000def3-unnamed-file.webp\",\"datePublished\":\"2025-05-06T08:50:10+00:00\",\"dateModified\":\"2025-12-10T09:43:47+00:00\",\"breadcrumb\":{\"@id\":\"https:\\\/\\\/shopatoa.com\\\/ro\\\/dolce-gabbana-fond-de-ten-de-lunga-durata-everlast-primer-28-ml\\\/#breadcrumb\"},\"inLanguage\":\"ro-RO\",\"potentialAction\":[{\"@type\":\"ReadAction\",\"target\":[\"https:\\\/\\\/shopatoa.com\\\/ro\\\/dolce-gabbana-fond-de-ten-de-lunga-durata-everlast-primer-28-ml\\\/\"]}]},{\"@type\":\"ImageObject\",\"inLanguage\":\"ro-RO\",\"@id\":\"https:\\\/\\\/shopatoa.com\\\/ro\\\/dolce-gabbana-fond-de-ten-de-lunga-durata-everlast-primer-28-ml\\\/#primaryimage\",\"url\":\"https:\\\/\\\/storage.googleapis.com\\\/cz-shopatoa-img\\\/ro\\\/9000def3-unnamed-file.webp\",\"contentUrl\":\"https:\\\/\\\/storage.googleapis.com\\\/cz-shopatoa-img\\\/ro\\\/9000def3-unnamed-file.webp\",\"width\":800,\"height\":800},{\"@type\":\"BreadcrumbList\",\"@id\":\"https:\\\/\\\/shopatoa.com\\\/ro\\\/dolce-gabbana-fond-de-ten-de-lunga-durata-everlast-primer-28-ml\\\/#breadcrumb\",\"itemListElement\":[{\"@type\":\"ListItem\",\"position\":1,\"name\":\"Dom\u016f\",\"item\":\"https:\\\/\\\/shopatoa.com\\\/ro\\\/\"},{\"@type\":\"ListItem\",\"position\":2,\"name\":\"Shop\",\"item\":\"https:\\\/\\\/shopatoa.com\\\/ro\\\/shop\\\/\"},{\"@type\":\"ListItem\",\"position\":3,\"name\":\"Cosmetice\",\"item\":\"https:\\\/\\\/shopatoa.com\\\/ro\\\/cosmetice\\\/\"},{\"@type\":\"ListItem\",\"position\":4,\"name\":\"Cosmetice decorative\",\"item\":\"https:\\\/\\\/shopatoa.com\\\/ro\\\/cosmetice-decorative\\\/\"},{\"@type\":\"ListItem\",\"position\":5,\"name\":\"Machiaj pentru fa\u021ba\",\"item\":\"https:\\\/\\\/shopatoa.com\\\/ro\\\/machiaj-pentru-fata\\\/\"},{\"@type\":\"ListItem\",\"position\":6,\"name\":\"Baz\u0103 de machiaj pentru fa\u021b\u0103\",\"item\":\"https:\\\/\\\/shopatoa.com\\\/ro\\\/baza-de-machiaj-pentru-fata\\\/\"},{\"@type\":\"ListItem\",\"position\":7,\"name\":\"Dolce &amp; Gabbana Fond de ten de lung\u0103 durat\u0103 (Everlast Primer) 28 ml\"}]},{\"@type\":\"WebSite\",\"@id\":\"https:\\\/\\\/shopatoa.com\\\/ro\\\/#website\",\"url\":\"https:\\\/\\\/shopatoa.com\\\/ro\\\/\",\"name\":\"SHOPATOA\",\"description\":\"\",\"publisher\":{\"@id\":\"https:\\\/\\\/shopatoa.com\\\/ro\\\/#organization\"},\"potentialAction\":[{\"@type\":\"SearchAction\",\"target\":{\"@type\":\"EntryPoint\",\"urlTemplate\":\"https:\\\/\\\/shopatoa.com\\\/ro\\\/?s={search_term_string}\"},\"query-input\":{\"@type\":\"PropertyValueSpecification\",\"valueRequired\":true,\"valueName\":\"search_term_string\"}}],\"inLanguage\":\"ro-RO\"},{\"@type\":\"Organization\",\"@id\":\"https:\\\/\\\/shopatoa.com\\\/ro\\\/#organization\",\"name\":\"SHOPATOA\",\"url\":\"https:\\\/\\\/shopatoa.com\\\/ro\\\/\",\"logo\":{\"@type\":\"ImageObject\",\"inLanguage\":\"ro-RO\",\"@id\":\"https:\\\/\\\/shopatoa.com\\\/ro\\\/#\\\/schema\\\/logo\\\/image\\\/\",\"url\":\"https:\\\/\\\/storage.googleapis.com\\\/cz-shopatoa-img\\\/ro\\\/b4dac915-shopatoa_logo.png\",\"contentUrl\":\"https:\\\/\\\/storage.googleapis.com\\\/cz-shopatoa-img\\\/ro\\\/b4dac915-shopatoa_logo.png\",\"width\":416,\"height\":63,\"caption\":\"SHOPATOA\"},\"image\":{\"@id\":\"https:\\\/\\\/shopatoa.com\\\/ro\\\/#\\\/schema\\\/logo\\\/image\\\/\"}}]}<\/script>\n<!-- \/ Yoast SEO plugin. -->","yoast_head_json":{"title":"Dolce & Gabbana Fond de ten de lung\u0103 durat\u0103 (Everlast Primer) 28 ml - SHOPATOA.COM","robots":{"index":"index","follow":"follow","max-snippet":"max-snippet:-1","max-image-preview":"max-image-preview:large","max-video-preview":"max-video-preview:-1"},"canonical":"https:\/\/shopatoa.com\/ro\/dolce-gabbana-fond-de-ten-de-lunga-durata-everlast-primer-28-ml\/","og_locale":"ro_RO","og_type":"article","og_title":"Dolce & Gabbana Fond de ten de lung\u0103 durat\u0103 (Everlast Primer) 28 ml - SHOPATOA.COM","og_description":"Fond de ten, care minimizeaz\u0103 instantaneu porii \u0219i preg\u0103te\u0219te perfect pielea pentru aplicarea machiajului. Are un efect matifiant \u0219i de netezire timp de 24 de ore. Aceast\u0103 formul\u0103 excep\u021bional\u0103 controleaz\u0103 str\u0103lucirea \u0219i las\u0103 un finisaj mat moale care rezist\u0103 toat\u0103 ziua \u00een timp ce \u00eembun\u0103t\u0103\u021be\u0219te nuan\u021ba pielii cu un efect de tonifiere universal potrivit pentru...","og_url":"https:\/\/shopatoa.com\/ro\/dolce-gabbana-fond-de-ten-de-lunga-durata-everlast-primer-28-ml\/","og_site_name":"SHOPATOA","article_modified_time":"2025-12-10T09:43:47+00:00","og_image":[{"width":800,"height":800,"url":"https:\/\/storage.googleapis.com\/cz-shopatoa-img\/ro\/9000def3-unnamed-file.webp","type":"image\/webp"}],"twitter_card":"summary_large_image","schema":{"@context":"https:\/\/schema.org","@graph":[{"@type":"WebPage","@id":"https:\/\/shopatoa.com\/ro\/dolce-gabbana-fond-de-ten-de-lunga-durata-everlast-primer-28-ml\/","url":"https:\/\/shopatoa.com\/ro\/dolce-gabbana-fond-de-ten-de-lunga-durata-everlast-primer-28-ml\/","name":"Dolce & Gabbana Fond de ten de lung\u0103 durat\u0103 (Everlast Primer) 28 ml - SHOPATOA.COM","isPartOf":{"@id":"https:\/\/shopatoa.com\/ro\/#website"},"primaryImageOfPage":{"@id":"https:\/\/shopatoa.com\/ro\/dolce-gabbana-fond-de-ten-de-lunga-durata-everlast-primer-28-ml\/#primaryimage"},"image":{"@id":"https:\/\/shopatoa.com\/ro\/dolce-gabbana-fond-de-ten-de-lunga-durata-everlast-primer-28-ml\/#primaryimage"},"thumbnailUrl":"https:\/\/storage.googleapis.com\/cz-shopatoa-img\/ro\/9000def3-unnamed-file.webp","datePublished":"2025-05-06T08:50:10+00:00","dateModified":"2025-12-10T09:43:47+00:00","breadcrumb":{"@id":"https:\/\/shopatoa.com\/ro\/dolce-gabbana-fond-de-ten-de-lunga-durata-everlast-primer-28-ml\/#breadcrumb"},"inLanguage":"ro-RO","potentialAction":[{"@type":"ReadAction","target":["https:\/\/shopatoa.com\/ro\/dolce-gabbana-fond-de-ten-de-lunga-durata-everlast-primer-28-ml\/"]}]},{"@type":"ImageObject","inLanguage":"ro-RO","@id":"https:\/\/shopatoa.com\/ro\/dolce-gabbana-fond-de-ten-de-lunga-durata-everlast-primer-28-ml\/#primaryimage","url":"https:\/\/storage.googleapis.com\/cz-shopatoa-img\/ro\/9000def3-unnamed-file.webp","contentUrl":"https:\/\/storage.googleapis.com\/cz-shopatoa-img\/ro\/9000def3-unnamed-file.webp","width":800,"height":800},{"@type":"BreadcrumbList","@id":"https:\/\/shopatoa.com\/ro\/dolce-gabbana-fond-de-ten-de-lunga-durata-everlast-primer-28-ml\/#breadcrumb","itemListElement":[{"@type":"ListItem","position":1,"name":"Dom\u016f","item":"https:\/\/shopatoa.com\/ro\/"},{"@type":"ListItem","position":2,"name":"Shop","item":"https:\/\/shopatoa.com\/ro\/shop\/"},{"@type":"ListItem","position":3,"name":"Cosmetice","item":"https:\/\/shopatoa.com\/ro\/cosmetice\/"},{"@type":"ListItem","position":4,"name":"Cosmetice decorative","item":"https:\/\/shopatoa.com\/ro\/cosmetice-decorative\/"},{"@type":"ListItem","position":5,"name":"Machiaj pentru fa\u021ba","item":"https:\/\/shopatoa.com\/ro\/machiaj-pentru-fata\/"},{"@type":"ListItem","position":6,"name":"Baz\u0103 de machiaj pentru fa\u021b\u0103","item":"https:\/\/shopatoa.com\/ro\/baza-de-machiaj-pentru-fata\/"},{"@type":"ListItem","position":7,"name":"Dolce &amp; Gabbana Fond de ten de lung\u0103 durat\u0103 (Everlast Primer) 28 ml"}]},{"@type":"WebSite","@id":"https:\/\/shopatoa.com\/ro\/#website","url":"https:\/\/shopatoa.com\/ro\/","name":"SHOPATOA","description":"","publisher":{"@id":"https:\/\/shopatoa.com\/ro\/#organization"},"potentialAction":[{"@type":"SearchAction","target":{"@type":"EntryPoint","urlTemplate":"https:\/\/shopatoa.com\/ro\/?s={search_term_string}"},"query-input":{"@type":"PropertyValueSpecification","valueRequired":true,"valueName":"search_term_string"}}],"inLanguage":"ro-RO"},{"@type":"Organization","@id":"https:\/\/shopatoa.com\/ro\/#organization","name":"SHOPATOA","url":"https:\/\/shopatoa.com\/ro\/","logo":{"@type":"ImageObject","inLanguage":"ro-RO","@id":"https:\/\/shopatoa.com\/ro\/#\/schema\/logo\/image\/","url":"https:\/\/storage.googleapis.com\/cz-shopatoa-img\/ro\/b4dac915-shopatoa_logo.png","contentUrl":"https:\/\/storage.googleapis.com\/cz-shopatoa-img\/ro\/b4dac915-shopatoa_logo.png","width":416,"height":63,"caption":"SHOPATOA"},"image":{"@id":"https:\/\/shopatoa.com\/ro\/#\/schema\/logo\/image\/"}}]}},"_links":{"self":[{"href":"https:\/\/shopatoa.com\/ro\/wp-json\/wp\/v2\/product\/326498","targetHints":{"allow":["GET"]}}],"collection":[{"href":"https:\/\/shopatoa.com\/ro\/wp-json\/wp\/v2\/product"}],"about":[{"href":"https:\/\/shopatoa.com\/ro\/wp-json\/wp\/v2\/types\/product"}],"replies":[{"embeddable":true,"href":"https:\/\/shopatoa.com\/ro\/wp-json\/wp\/v2\/comments?post=326498"}],"wp:featuredmedia":[{"embeddable":true,"href":"https:\/\/shopatoa.com\/ro\/wp-json\/wp\/v2\/media\/326499"}],"wp:attachment":[{"href":"https:\/\/shopatoa.com\/ro\/wp-json\/wp\/v2\/media?parent=326498"}],"wp:term":[{"taxonomy":"product_brand","embeddable":true,"href":"https:\/\/shopatoa.com\/ro\/wp-json\/wp\/v2\/product_brand?post=326498"},{"taxonomy":"product_cat","embeddable":true,"href":"https:\/\/shopatoa.com\/ro\/wp-json\/wp\/v2\/product_cat?post=326498"},{"taxonomy":"product_tag","embeddable":true,"href":"https:\/\/shopatoa.com\/ro\/wp-json\/wp\/v2\/product_tag?post=326498"}],"curies":[{"name":"wp","href":"https:\/\/api.w.org\/{rel}","templated":true}]}}