{"id":327129,"date":"2025-05-06T12:26:08","date_gmt":"2025-05-06T10:26:08","guid":{"rendered":"https:\/\/shopatoa.com\/ro\/make-up-for-ever-pudra-fina-de-fixare-hd-skin-setting-powder-18-g-4-1-deep-sienna\/"},"modified":"2025-12-10T09:53:09","modified_gmt":"2025-12-10T08:53:09","slug":"make-up-for-ever-pudra-fina-de-fixare-hd-skin-setting-powder-18-g-4-1-deep-sienna","status":"publish","type":"product","link":"https:\/\/shopatoa.com\/ro\/make-up-for-ever-pudra-fina-de-fixare-hd-skin-setting-powder-18-g-4-1-deep-sienna\/","title":{"rendered":"Make Up For Ever Pudr\u0103 fin\u0103 de fixare HD Skin (Setting Powder) 18 g 4.1 Deep Sienna"},"content":{"rendered":"<p>O pudr\u0103 de fixare ultra fin\u0103 care reduce str\u0103lucirea \u0219i las\u0103 pielea cu un finisaj mat \u0219i moale timp de p\u00e2n\u0103 la 24 de ore. Pudra inovatoare estompeaz\u0103 instant porii, liniile fine \u0219i textura, l\u0103s\u00e2nd un aspect natural. Ambalajul practic asigur\u0103 o dozare u\u0219oar\u0103 \u0219i o depozitare sigur\u0103, include un aplicator pentru o aplicare u\u0219oar\u0103.<\/p>\n","protected":false},"excerpt":{"rendered":"<p>O pudr\u0103 de fixare ultra fin\u0103 care reduce str\u0103lucirea \u0219i las\u0103 pielea cu un finisaj mat \u0219i moale timp de p\u00e2n\u0103 la 24 de ore. Pudra inovatoare estompeaz\u0103 instant porii, liniile fine \u0219i textura, l\u0103s\u00e2nd un aspect natural. Ambalajul practic asigur\u0103 o dozare u\u0219oar\u0103 \u0219i o depozitare sigur\u0103, include un aplicator pentru o aplicare u\u0219oar\u0103.<\/p>\n","protected":false},"featured_media":327131,"comment_status":"closed","ping_status":"open","template":"","meta":{"_acf_changed":false,"_kadence_starter_templates_imported_post":false,"_kad_post_transparent":"","_kad_post_title":"","_kad_post_layout":"","_kad_post_sidebar_id":"","_kad_post_content_style":"","_kad_post_vertical_padding":"","_kad_post_feature":"","_kad_post_feature_position":"","_kad_post_header":false,"_kad_post_footer":false,"_kad_post_classname":""},"product_brand":[807],"product_cat":[246,609,616,683],"product_tag":[],"class_list":{"0":"post-327129","1":"product","2":"type-product","3":"status-publish","4":"has-post-thumbnail","6":"product_brand-make-up-for-ever","7":"product_cat-cosmetice","8":"product_cat-cosmetice-decorative","9":"product_cat-machiaj-pentru-fata","10":"product_cat-pudra","12":"first","13":"instock","14":"product-type-external","15":"entry","16":"content-bg","17":"loop-entry"},"acf":[],"yoast_head":"<!-- This site is optimized with the Yoast SEO plugin v27.3 - https:\/\/yoast.com\/product\/yoast-seo-wordpress\/ -->\n<title>Make Up For Ever Pudr\u0103 fin\u0103 de fixare HD Skin (Setting Powder) 18 g 4.1 Deep Sienna - SHOPATOA.COM<\/title>\n<meta name=\"robots\" content=\"index, follow, max-snippet:-1, max-image-preview:large, max-video-preview:-1\" \/>\n<link rel=\"canonical\" href=\"https:\/\/shopatoa.com\/ro\/make-up-for-ever-pudra-fina-de-fixare-hd-skin-setting-powder-18-g-4-1-deep-sienna\/\" \/>\n<meta property=\"og:locale\" content=\"ro_RO\" \/>\n<meta property=\"og:type\" content=\"article\" \/>\n<meta property=\"og:title\" content=\"Make Up For Ever Pudr\u0103 fin\u0103 de fixare HD Skin (Setting Powder) 18 g 4.1 Deep Sienna - SHOPATOA.COM\" \/>\n<meta property=\"og:description\" content=\"O pudr\u0103 de fixare ultra fin\u0103 care reduce str\u0103lucirea \u0219i las\u0103 pielea cu un finisaj mat \u0219i moale timp de p\u00e2n\u0103 la 24 de ore. Pudra inovatoare estompeaz\u0103 instant porii, liniile fine \u0219i textura, l\u0103s\u00e2nd un aspect natural. Ambalajul practic asigur\u0103 o dozare u\u0219oar\u0103 \u0219i o depozitare sigur\u0103, include un aplicator pentru o aplicare u\u0219oar\u0103.\" \/>\n<meta property=\"og:url\" content=\"https:\/\/shopatoa.com\/ro\/make-up-for-ever-pudra-fina-de-fixare-hd-skin-setting-powder-18-g-4-1-deep-sienna\/\" \/>\n<meta property=\"og:site_name\" content=\"SHOPATOA\" \/>\n<meta property=\"article:modified_time\" content=\"2025-12-10T08:53:09+00:00\" \/>\n<meta property=\"og:image\" content=\"https:\/\/storage.googleapis.com\/cz-shopatoa-img\/ro\/6e138820-unnamed-file.webp\" \/>\n\t<meta property=\"og:image:width\" content=\"800\" \/>\n\t<meta property=\"og:image:height\" content=\"800\" \/>\n\t<meta property=\"og:image:type\" content=\"image\/webp\" \/>\n<meta name=\"twitter:card\" content=\"summary_large_image\" \/>\n<script type=\"application\/ld+json\" class=\"yoast-schema-graph\">{\"@context\":\"https:\\\/\\\/schema.org\",\"@graph\":[{\"@type\":\"WebPage\",\"@id\":\"https:\\\/\\\/shopatoa.com\\\/ro\\\/make-up-for-ever-pudra-fina-de-fixare-hd-skin-setting-powder-18-g-4-1-deep-sienna\\\/\",\"url\":\"https:\\\/\\\/shopatoa.com\\\/ro\\\/make-up-for-ever-pudra-fina-de-fixare-hd-skin-setting-powder-18-g-4-1-deep-sienna\\\/\",\"name\":\"Make Up For Ever Pudr\u0103 fin\u0103 de fixare HD Skin (Setting Powder) 18 g 4.1 Deep Sienna - SHOPATOA.COM\",\"isPartOf\":{\"@id\":\"https:\\\/\\\/shopatoa.com\\\/ro\\\/#website\"},\"primaryImageOfPage\":{\"@id\":\"https:\\\/\\\/shopatoa.com\\\/ro\\\/make-up-for-ever-pudra-fina-de-fixare-hd-skin-setting-powder-18-g-4-1-deep-sienna\\\/#primaryimage\"},\"image\":{\"@id\":\"https:\\\/\\\/shopatoa.com\\\/ro\\\/make-up-for-ever-pudra-fina-de-fixare-hd-skin-setting-powder-18-g-4-1-deep-sienna\\\/#primaryimage\"},\"thumbnailUrl\":\"https:\\\/\\\/storage.googleapis.com\\\/cz-shopatoa-img\\\/ro\\\/6e138820-unnamed-file.webp\",\"datePublished\":\"2025-05-06T10:26:08+00:00\",\"dateModified\":\"2025-12-10T08:53:09+00:00\",\"breadcrumb\":{\"@id\":\"https:\\\/\\\/shopatoa.com\\\/ro\\\/make-up-for-ever-pudra-fina-de-fixare-hd-skin-setting-powder-18-g-4-1-deep-sienna\\\/#breadcrumb\"},\"inLanguage\":\"ro-RO\",\"potentialAction\":[{\"@type\":\"ReadAction\",\"target\":[\"https:\\\/\\\/shopatoa.com\\\/ro\\\/make-up-for-ever-pudra-fina-de-fixare-hd-skin-setting-powder-18-g-4-1-deep-sienna\\\/\"]}]},{\"@type\":\"ImageObject\",\"inLanguage\":\"ro-RO\",\"@id\":\"https:\\\/\\\/shopatoa.com\\\/ro\\\/make-up-for-ever-pudra-fina-de-fixare-hd-skin-setting-powder-18-g-4-1-deep-sienna\\\/#primaryimage\",\"url\":\"https:\\\/\\\/storage.googleapis.com\\\/cz-shopatoa-img\\\/ro\\\/6e138820-unnamed-file.webp\",\"contentUrl\":\"https:\\\/\\\/storage.googleapis.com\\\/cz-shopatoa-img\\\/ro\\\/6e138820-unnamed-file.webp\",\"width\":800,\"height\":800},{\"@type\":\"BreadcrumbList\",\"@id\":\"https:\\\/\\\/shopatoa.com\\\/ro\\\/make-up-for-ever-pudra-fina-de-fixare-hd-skin-setting-powder-18-g-4-1-deep-sienna\\\/#breadcrumb\",\"itemListElement\":[{\"@type\":\"ListItem\",\"position\":1,\"name\":\"Dom\u016f\",\"item\":\"https:\\\/\\\/shopatoa.com\\\/ro\\\/\"},{\"@type\":\"ListItem\",\"position\":2,\"name\":\"Shop\",\"item\":\"https:\\\/\\\/shopatoa.com\\\/ro\\\/shop\\\/\"},{\"@type\":\"ListItem\",\"position\":3,\"name\":\"Cosmetice\",\"item\":\"https:\\\/\\\/shopatoa.com\\\/ro\\\/cosmetice\\\/\"},{\"@type\":\"ListItem\",\"position\":4,\"name\":\"Cosmetice decorative\",\"item\":\"https:\\\/\\\/shopatoa.com\\\/ro\\\/cosmetice-decorative\\\/\"},{\"@type\":\"ListItem\",\"position\":5,\"name\":\"Machiaj pentru fa\u021ba\",\"item\":\"https:\\\/\\\/shopatoa.com\\\/ro\\\/machiaj-pentru-fata\\\/\"},{\"@type\":\"ListItem\",\"position\":6,\"name\":\"Pudr\u0103\",\"item\":\"https:\\\/\\\/shopatoa.com\\\/ro\\\/pudra\\\/\"},{\"@type\":\"ListItem\",\"position\":7,\"name\":\"Make Up For Ever Pudr\u0103 fin\u0103 de fixare HD Skin (Setting Powder) 18 g 4.1 Deep Sienna\"}]},{\"@type\":\"WebSite\",\"@id\":\"https:\\\/\\\/shopatoa.com\\\/ro\\\/#website\",\"url\":\"https:\\\/\\\/shopatoa.com\\\/ro\\\/\",\"name\":\"SHOPATOA\",\"description\":\"\",\"publisher\":{\"@id\":\"https:\\\/\\\/shopatoa.com\\\/ro\\\/#organization\"},\"potentialAction\":[{\"@type\":\"SearchAction\",\"target\":{\"@type\":\"EntryPoint\",\"urlTemplate\":\"https:\\\/\\\/shopatoa.com\\\/ro\\\/?s={search_term_string}\"},\"query-input\":{\"@type\":\"PropertyValueSpecification\",\"valueRequired\":true,\"valueName\":\"search_term_string\"}}],\"inLanguage\":\"ro-RO\"},{\"@type\":\"Organization\",\"@id\":\"https:\\\/\\\/shopatoa.com\\\/ro\\\/#organization\",\"name\":\"SHOPATOA\",\"url\":\"https:\\\/\\\/shopatoa.com\\\/ro\\\/\",\"logo\":{\"@type\":\"ImageObject\",\"inLanguage\":\"ro-RO\",\"@id\":\"https:\\\/\\\/shopatoa.com\\\/ro\\\/#\\\/schema\\\/logo\\\/image\\\/\",\"url\":\"https:\\\/\\\/storage.googleapis.com\\\/cz-shopatoa-img\\\/ro\\\/b4dac915-shopatoa_logo.png\",\"contentUrl\":\"https:\\\/\\\/storage.googleapis.com\\\/cz-shopatoa-img\\\/ro\\\/b4dac915-shopatoa_logo.png\",\"width\":416,\"height\":63,\"caption\":\"SHOPATOA\"},\"image\":{\"@id\":\"https:\\\/\\\/shopatoa.com\\\/ro\\\/#\\\/schema\\\/logo\\\/image\\\/\"}}]}<\/script>\n<!-- \/ Yoast SEO plugin. -->","yoast_head_json":{"title":"Make Up For Ever Pudr\u0103 fin\u0103 de fixare HD Skin (Setting Powder) 18 g 4.1 Deep Sienna - SHOPATOA.COM","robots":{"index":"index","follow":"follow","max-snippet":"max-snippet:-1","max-image-preview":"max-image-preview:large","max-video-preview":"max-video-preview:-1"},"canonical":"https:\/\/shopatoa.com\/ro\/make-up-for-ever-pudra-fina-de-fixare-hd-skin-setting-powder-18-g-4-1-deep-sienna\/","og_locale":"ro_RO","og_type":"article","og_title":"Make Up For Ever Pudr\u0103 fin\u0103 de fixare HD Skin (Setting Powder) 18 g 4.1 Deep Sienna - SHOPATOA.COM","og_description":"O pudr\u0103 de fixare ultra fin\u0103 care reduce str\u0103lucirea \u0219i las\u0103 pielea cu un finisaj mat \u0219i moale timp de p\u00e2n\u0103 la 24 de ore. Pudra inovatoare estompeaz\u0103 instant porii, liniile fine \u0219i textura, l\u0103s\u00e2nd un aspect natural. Ambalajul practic asigur\u0103 o dozare u\u0219oar\u0103 \u0219i o depozitare sigur\u0103, include un aplicator pentru o aplicare u\u0219oar\u0103.","og_url":"https:\/\/shopatoa.com\/ro\/make-up-for-ever-pudra-fina-de-fixare-hd-skin-setting-powder-18-g-4-1-deep-sienna\/","og_site_name":"SHOPATOA","article_modified_time":"2025-12-10T08:53:09+00:00","og_image":[{"width":800,"height":800,"url":"https:\/\/storage.googleapis.com\/cz-shopatoa-img\/ro\/6e138820-unnamed-file.webp","type":"image\/webp"}],"twitter_card":"summary_large_image","schema":{"@context":"https:\/\/schema.org","@graph":[{"@type":"WebPage","@id":"https:\/\/shopatoa.com\/ro\/make-up-for-ever-pudra-fina-de-fixare-hd-skin-setting-powder-18-g-4-1-deep-sienna\/","url":"https:\/\/shopatoa.com\/ro\/make-up-for-ever-pudra-fina-de-fixare-hd-skin-setting-powder-18-g-4-1-deep-sienna\/","name":"Make Up For Ever Pudr\u0103 fin\u0103 de fixare HD Skin (Setting Powder) 18 g 4.1 Deep Sienna - SHOPATOA.COM","isPartOf":{"@id":"https:\/\/shopatoa.com\/ro\/#website"},"primaryImageOfPage":{"@id":"https:\/\/shopatoa.com\/ro\/make-up-for-ever-pudra-fina-de-fixare-hd-skin-setting-powder-18-g-4-1-deep-sienna\/#primaryimage"},"image":{"@id":"https:\/\/shopatoa.com\/ro\/make-up-for-ever-pudra-fina-de-fixare-hd-skin-setting-powder-18-g-4-1-deep-sienna\/#primaryimage"},"thumbnailUrl":"https:\/\/storage.googleapis.com\/cz-shopatoa-img\/ro\/6e138820-unnamed-file.webp","datePublished":"2025-05-06T10:26:08+00:00","dateModified":"2025-12-10T08:53:09+00:00","breadcrumb":{"@id":"https:\/\/shopatoa.com\/ro\/make-up-for-ever-pudra-fina-de-fixare-hd-skin-setting-powder-18-g-4-1-deep-sienna\/#breadcrumb"},"inLanguage":"ro-RO","potentialAction":[{"@type":"ReadAction","target":["https:\/\/shopatoa.com\/ro\/make-up-for-ever-pudra-fina-de-fixare-hd-skin-setting-powder-18-g-4-1-deep-sienna\/"]}]},{"@type":"ImageObject","inLanguage":"ro-RO","@id":"https:\/\/shopatoa.com\/ro\/make-up-for-ever-pudra-fina-de-fixare-hd-skin-setting-powder-18-g-4-1-deep-sienna\/#primaryimage","url":"https:\/\/storage.googleapis.com\/cz-shopatoa-img\/ro\/6e138820-unnamed-file.webp","contentUrl":"https:\/\/storage.googleapis.com\/cz-shopatoa-img\/ro\/6e138820-unnamed-file.webp","width":800,"height":800},{"@type":"BreadcrumbList","@id":"https:\/\/shopatoa.com\/ro\/make-up-for-ever-pudra-fina-de-fixare-hd-skin-setting-powder-18-g-4-1-deep-sienna\/#breadcrumb","itemListElement":[{"@type":"ListItem","position":1,"name":"Dom\u016f","item":"https:\/\/shopatoa.com\/ro\/"},{"@type":"ListItem","position":2,"name":"Shop","item":"https:\/\/shopatoa.com\/ro\/shop\/"},{"@type":"ListItem","position":3,"name":"Cosmetice","item":"https:\/\/shopatoa.com\/ro\/cosmetice\/"},{"@type":"ListItem","position":4,"name":"Cosmetice decorative","item":"https:\/\/shopatoa.com\/ro\/cosmetice-decorative\/"},{"@type":"ListItem","position":5,"name":"Machiaj pentru fa\u021ba","item":"https:\/\/shopatoa.com\/ro\/machiaj-pentru-fata\/"},{"@type":"ListItem","position":6,"name":"Pudr\u0103","item":"https:\/\/shopatoa.com\/ro\/pudra\/"},{"@type":"ListItem","position":7,"name":"Make Up For Ever Pudr\u0103 fin\u0103 de fixare HD Skin (Setting Powder) 18 g 4.1 Deep Sienna"}]},{"@type":"WebSite","@id":"https:\/\/shopatoa.com\/ro\/#website","url":"https:\/\/shopatoa.com\/ro\/","name":"SHOPATOA","description":"","publisher":{"@id":"https:\/\/shopatoa.com\/ro\/#organization"},"potentialAction":[{"@type":"SearchAction","target":{"@type":"EntryPoint","urlTemplate":"https:\/\/shopatoa.com\/ro\/?s={search_term_string}"},"query-input":{"@type":"PropertyValueSpecification","valueRequired":true,"valueName":"search_term_string"}}],"inLanguage":"ro-RO"},{"@type":"Organization","@id":"https:\/\/shopatoa.com\/ro\/#organization","name":"SHOPATOA","url":"https:\/\/shopatoa.com\/ro\/","logo":{"@type":"ImageObject","inLanguage":"ro-RO","@id":"https:\/\/shopatoa.com\/ro\/#\/schema\/logo\/image\/","url":"https:\/\/storage.googleapis.com\/cz-shopatoa-img\/ro\/b4dac915-shopatoa_logo.png","contentUrl":"https:\/\/storage.googleapis.com\/cz-shopatoa-img\/ro\/b4dac915-shopatoa_logo.png","width":416,"height":63,"caption":"SHOPATOA"},"image":{"@id":"https:\/\/shopatoa.com\/ro\/#\/schema\/logo\/image\/"}}]}},"_links":{"self":[{"href":"https:\/\/shopatoa.com\/ro\/wp-json\/wp\/v2\/product\/327129","targetHints":{"allow":["GET"]}}],"collection":[{"href":"https:\/\/shopatoa.com\/ro\/wp-json\/wp\/v2\/product"}],"about":[{"href":"https:\/\/shopatoa.com\/ro\/wp-json\/wp\/v2\/types\/product"}],"replies":[{"embeddable":true,"href":"https:\/\/shopatoa.com\/ro\/wp-json\/wp\/v2\/comments?post=327129"}],"wp:featuredmedia":[{"embeddable":true,"href":"https:\/\/shopatoa.com\/ro\/wp-json\/wp\/v2\/media\/327131"}],"wp:attachment":[{"href":"https:\/\/shopatoa.com\/ro\/wp-json\/wp\/v2\/media?parent=327129"}],"wp:term":[{"taxonomy":"product_brand","embeddable":true,"href":"https:\/\/shopatoa.com\/ro\/wp-json\/wp\/v2\/product_brand?post=327129"},{"taxonomy":"product_cat","embeddable":true,"href":"https:\/\/shopatoa.com\/ro\/wp-json\/wp\/v2\/product_cat?post=327129"},{"taxonomy":"product_tag","embeddable":true,"href":"https:\/\/shopatoa.com\/ro\/wp-json\/wp\/v2\/product_tag?post=327129"}],"curies":[{"name":"wp","href":"https:\/\/api.w.org\/{rel}","templated":true}]}}