{"id":327536,"date":"2025-05-06T13:30:07","date_gmt":"2025-05-06T11:30:07","guid":{"rendered":"https:\/\/shopatoa.com\/ro\/elmex-pasta-de-dinti-cu-efect-de-albire-pentru-dintii-sensibili-sensitive-whitening-duopack-2x-75-ml\/"},"modified":"2025-12-10T09:32:27","modified_gmt":"2025-12-10T08:32:27","slug":"elmex-pasta-de-dinti-cu-efect-de-albire-pentru-dintii-sensibili-sensitive-whitening-duopack-2x-75-ml","status":"publish","type":"product","link":"https:\/\/shopatoa.com\/ro\/elmex-pasta-de-dinti-cu-efect-de-albire-pentru-dintii-sensibili-sensitive-whitening-duopack-2x-75-ml\/","title":{"rendered":"Elmex Past\u0103 de dinti cu efect de albire pentru dintii sensibili Sensitive Whitening Duopack 2x 75 ml"},"content":{"rendered":"<p>Pasta de dinti protejeaz\u0103 si int\u0103reste dintii sensibili. Formula sa special\u0103 \u00eendep\u0103rteaz\u0103 eficient petele de pe din\u021bi \u0219i sprijin\u0103 albirea lor natural\u0103. Aminfluoridul inclus produce un strat de protec\u021bie de lung\u0103 durat\u0103 \u00een jurul g\u00e2tului gol, evit\u00e2ndu-se astfel cre\u0219terea sensibilit\u0103\u021bii dentare \u0219i aparitiei cariilor la radacina dintelui.<\/p>\n","protected":false},"excerpt":{"rendered":"<p>Pasta de dinti protejeaz\u0103 si int\u0103reste dintii sensibili. Formula sa special\u0103 \u00eendep\u0103rteaz\u0103 eficient petele de pe din\u021bi \u0219i sprijin\u0103 albirea lor natural\u0103. Aminfluoridul inclus produce un strat de protec\u021bie de lung\u0103 durat\u0103 \u00een jurul g\u00e2tului gol, evit\u00e2ndu-se astfel cre\u0219terea sensibilit\u0103\u021bii dentare \u0219i aparitiei cariilor la radacina dintelui.<\/p>\n","protected":false},"featured_media":327538,"comment_status":"closed","ping_status":"open","template":"","meta":{"_acf_changed":false,"_kadence_starter_templates_imported_post":false,"_kad_post_transparent":"","_kad_post_title":"","_kad_post_layout":"","_kad_post_sidebar_id":"","_kad_post_content_style":"","_kad_post_vertical_padding":"","_kad_post_feature":"","_kad_post_feature_position":"","_kad_post_header":false,"_kad_post_footer":false,"_kad_post_classname":""},"product_brand":[852],"product_cat":[246,853,828,709],"product_tag":[],"class_list":{"0":"post-327536","1":"product","2":"type-product","3":"status-publish","4":"has-post-thumbnail","6":"product_brand-elmex","7":"product_cat-cosmetice","8":"product_cat-imbunatatirea-smaltului-dentar","9":"product_cat-ingrijire-speciala-orala","10":"product_cat-ingrijirea-dentara","12":"first","13":"instock","14":"sale","15":"product-type-external","16":"entry","17":"content-bg","18":"loop-entry"},"acf":[],"yoast_head":"<!-- This site is optimized with the Yoast SEO plugin v27.4 - https:\/\/yoast.com\/product\/yoast-seo-wordpress\/ -->\n<title>Elmex Past\u0103 de dinti cu efect de albire pentru dintii sensibili Sensitive Whitening Duopack 2x 75 ml - SHOPATOA.COM<\/title>\n<meta name=\"robots\" content=\"index, follow, max-snippet:-1, max-image-preview:large, max-video-preview:-1\" \/>\n<link rel=\"canonical\" href=\"https:\/\/shopatoa.com\/ro\/elmex-pasta-de-dinti-cu-efect-de-albire-pentru-dintii-sensibili-sensitive-whitening-duopack-2x-75-ml\/\" \/>\n<meta property=\"og:locale\" content=\"ro_RO\" \/>\n<meta property=\"og:type\" content=\"article\" \/>\n<meta property=\"og:title\" content=\"Elmex Past\u0103 de dinti cu efect de albire pentru dintii sensibili Sensitive Whitening Duopack 2x 75 ml - SHOPATOA.COM\" \/>\n<meta property=\"og:description\" content=\"Pasta de dinti protejeaz\u0103 si int\u0103reste dintii sensibili. Formula sa special\u0103 \u00eendep\u0103rteaz\u0103 eficient petele de pe din\u021bi \u0219i sprijin\u0103 albirea lor natural\u0103. Aminfluoridul inclus produce un strat de protec\u021bie de lung\u0103 durat\u0103 \u00een jurul g\u00e2tului gol, evit\u00e2ndu-se astfel cre\u0219terea sensibilit\u0103\u021bii dentare \u0219i aparitiei cariilor la radacina dintelui.\" \/>\n<meta property=\"og:url\" content=\"https:\/\/shopatoa.com\/ro\/elmex-pasta-de-dinti-cu-efect-de-albire-pentru-dintii-sensibili-sensitive-whitening-duopack-2x-75-ml\/\" \/>\n<meta property=\"og:site_name\" content=\"SHOPATOA\" \/>\n<meta property=\"article:modified_time\" content=\"2025-12-10T08:32:27+00:00\" \/>\n<meta property=\"og:image\" content=\"https:\/\/storage.googleapis.com\/cz-shopatoa-img\/ro\/d4237987-unnamed-file.webp\" \/>\n\t<meta property=\"og:image:width\" content=\"800\" \/>\n\t<meta property=\"og:image:height\" content=\"800\" \/>\n\t<meta property=\"og:image:type\" content=\"image\/webp\" \/>\n<meta name=\"twitter:card\" content=\"summary_large_image\" \/>\n<script type=\"application\/ld+json\" class=\"yoast-schema-graph\">{\"@context\":\"https:\\\/\\\/schema.org\",\"@graph\":[{\"@type\":\"WebPage\",\"@id\":\"https:\\\/\\\/shopatoa.com\\\/ro\\\/elmex-pasta-de-dinti-cu-efect-de-albire-pentru-dintii-sensibili-sensitive-whitening-duopack-2x-75-ml\\\/\",\"url\":\"https:\\\/\\\/shopatoa.com\\\/ro\\\/elmex-pasta-de-dinti-cu-efect-de-albire-pentru-dintii-sensibili-sensitive-whitening-duopack-2x-75-ml\\\/\",\"name\":\"Elmex Past\u0103 de dinti cu efect de albire pentru dintii sensibili Sensitive Whitening Duopack 2x 75 ml - SHOPATOA.COM\",\"isPartOf\":{\"@id\":\"https:\\\/\\\/shopatoa.com\\\/ro\\\/#website\"},\"primaryImageOfPage\":{\"@id\":\"https:\\\/\\\/shopatoa.com\\\/ro\\\/elmex-pasta-de-dinti-cu-efect-de-albire-pentru-dintii-sensibili-sensitive-whitening-duopack-2x-75-ml\\\/#primaryimage\"},\"image\":{\"@id\":\"https:\\\/\\\/shopatoa.com\\\/ro\\\/elmex-pasta-de-dinti-cu-efect-de-albire-pentru-dintii-sensibili-sensitive-whitening-duopack-2x-75-ml\\\/#primaryimage\"},\"thumbnailUrl\":\"https:\\\/\\\/storage.googleapis.com\\\/cz-shopatoa-img\\\/ro\\\/d4237987-unnamed-file.webp\",\"datePublished\":\"2025-05-06T11:30:07+00:00\",\"dateModified\":\"2025-12-10T08:32:27+00:00\",\"breadcrumb\":{\"@id\":\"https:\\\/\\\/shopatoa.com\\\/ro\\\/elmex-pasta-de-dinti-cu-efect-de-albire-pentru-dintii-sensibili-sensitive-whitening-duopack-2x-75-ml\\\/#breadcrumb\"},\"inLanguage\":\"ro-RO\",\"potentialAction\":[{\"@type\":\"ReadAction\",\"target\":[\"https:\\\/\\\/shopatoa.com\\\/ro\\\/elmex-pasta-de-dinti-cu-efect-de-albire-pentru-dintii-sensibili-sensitive-whitening-duopack-2x-75-ml\\\/\"]}]},{\"@type\":\"ImageObject\",\"inLanguage\":\"ro-RO\",\"@id\":\"https:\\\/\\\/shopatoa.com\\\/ro\\\/elmex-pasta-de-dinti-cu-efect-de-albire-pentru-dintii-sensibili-sensitive-whitening-duopack-2x-75-ml\\\/#primaryimage\",\"url\":\"https:\\\/\\\/storage.googleapis.com\\\/cz-shopatoa-img\\\/ro\\\/d4237987-unnamed-file.webp\",\"contentUrl\":\"https:\\\/\\\/storage.googleapis.com\\\/cz-shopatoa-img\\\/ro\\\/d4237987-unnamed-file.webp\",\"width\":800,\"height\":800},{\"@type\":\"BreadcrumbList\",\"@id\":\"https:\\\/\\\/shopatoa.com\\\/ro\\\/elmex-pasta-de-dinti-cu-efect-de-albire-pentru-dintii-sensibili-sensitive-whitening-duopack-2x-75-ml\\\/#breadcrumb\",\"itemListElement\":[{\"@type\":\"ListItem\",\"position\":1,\"name\":\"Dom\u016f\",\"item\":\"https:\\\/\\\/shopatoa.com\\\/ro\\\/\"},{\"@type\":\"ListItem\",\"position\":2,\"name\":\"Shop\",\"item\":\"https:\\\/\\\/shopatoa.com\\\/ro\\\/shop\\\/\"},{\"@type\":\"ListItem\",\"position\":3,\"name\":\"Cosmetice\",\"item\":\"https:\\\/\\\/shopatoa.com\\\/ro\\\/cosmetice\\\/\"},{\"@type\":\"ListItem\",\"position\":4,\"name\":\"\u00cengrijirea dentar\u0103\",\"item\":\"https:\\\/\\\/shopatoa.com\\\/ro\\\/ingrijirea-dentara\\\/\"},{\"@type\":\"ListItem\",\"position\":5,\"name\":\"\u00cengrijire special\u0103 oral\u0103\",\"item\":\"https:\\\/\\\/shopatoa.com\\\/ro\\\/ingrijire-speciala-orala\\\/\"},{\"@type\":\"ListItem\",\"position\":6,\"name\":\"\u00cembun\u0103t\u0103\u021birea smal\u021bului dentar\",\"item\":\"https:\\\/\\\/shopatoa.com\\\/ro\\\/imbunatatirea-smaltului-dentar\\\/\"},{\"@type\":\"ListItem\",\"position\":7,\"name\":\"Elmex Past\u0103 de dinti cu efect de albire pentru dintii sensibili Sensitive Whitening Duopack 2x 75 ml\"}]},{\"@type\":\"WebSite\",\"@id\":\"https:\\\/\\\/shopatoa.com\\\/ro\\\/#website\",\"url\":\"https:\\\/\\\/shopatoa.com\\\/ro\\\/\",\"name\":\"SHOPATOA\",\"description\":\"\",\"publisher\":{\"@id\":\"https:\\\/\\\/shopatoa.com\\\/ro\\\/#organization\"},\"potentialAction\":[{\"@type\":\"SearchAction\",\"target\":{\"@type\":\"EntryPoint\",\"urlTemplate\":\"https:\\\/\\\/shopatoa.com\\\/ro\\\/?s={search_term_string}\"},\"query-input\":{\"@type\":\"PropertyValueSpecification\",\"valueRequired\":true,\"valueName\":\"search_term_string\"}}],\"inLanguage\":\"ro-RO\"},{\"@type\":\"Organization\",\"@id\":\"https:\\\/\\\/shopatoa.com\\\/ro\\\/#organization\",\"name\":\"SHOPATOA\",\"url\":\"https:\\\/\\\/shopatoa.com\\\/ro\\\/\",\"logo\":{\"@type\":\"ImageObject\",\"inLanguage\":\"ro-RO\",\"@id\":\"https:\\\/\\\/shopatoa.com\\\/ro\\\/#\\\/schema\\\/logo\\\/image\\\/\",\"url\":\"https:\\\/\\\/storage.googleapis.com\\\/cz-shopatoa-img\\\/ro\\\/b4dac915-shopatoa_logo.png\",\"contentUrl\":\"https:\\\/\\\/storage.googleapis.com\\\/cz-shopatoa-img\\\/ro\\\/b4dac915-shopatoa_logo.png\",\"width\":416,\"height\":63,\"caption\":\"SHOPATOA\"},\"image\":{\"@id\":\"https:\\\/\\\/shopatoa.com\\\/ro\\\/#\\\/schema\\\/logo\\\/image\\\/\"}}]}<\/script>\n<!-- \/ Yoast SEO plugin. -->","yoast_head_json":{"title":"Elmex Past\u0103 de dinti cu efect de albire pentru dintii sensibili Sensitive Whitening Duopack 2x 75 ml - SHOPATOA.COM","robots":{"index":"index","follow":"follow","max-snippet":"max-snippet:-1","max-image-preview":"max-image-preview:large","max-video-preview":"max-video-preview:-1"},"canonical":"https:\/\/shopatoa.com\/ro\/elmex-pasta-de-dinti-cu-efect-de-albire-pentru-dintii-sensibili-sensitive-whitening-duopack-2x-75-ml\/","og_locale":"ro_RO","og_type":"article","og_title":"Elmex Past\u0103 de dinti cu efect de albire pentru dintii sensibili Sensitive Whitening Duopack 2x 75 ml - SHOPATOA.COM","og_description":"Pasta de dinti protejeaz\u0103 si int\u0103reste dintii sensibili. Formula sa special\u0103 \u00eendep\u0103rteaz\u0103 eficient petele de pe din\u021bi \u0219i sprijin\u0103 albirea lor natural\u0103. Aminfluoridul inclus produce un strat de protec\u021bie de lung\u0103 durat\u0103 \u00een jurul g\u00e2tului gol, evit\u00e2ndu-se astfel cre\u0219terea sensibilit\u0103\u021bii dentare \u0219i aparitiei cariilor la radacina dintelui.","og_url":"https:\/\/shopatoa.com\/ro\/elmex-pasta-de-dinti-cu-efect-de-albire-pentru-dintii-sensibili-sensitive-whitening-duopack-2x-75-ml\/","og_site_name":"SHOPATOA","article_modified_time":"2025-12-10T08:32:27+00:00","og_image":[{"width":800,"height":800,"url":"https:\/\/storage.googleapis.com\/cz-shopatoa-img\/ro\/d4237987-unnamed-file.webp","type":"image\/webp"}],"twitter_card":"summary_large_image","schema":{"@context":"https:\/\/schema.org","@graph":[{"@type":"WebPage","@id":"https:\/\/shopatoa.com\/ro\/elmex-pasta-de-dinti-cu-efect-de-albire-pentru-dintii-sensibili-sensitive-whitening-duopack-2x-75-ml\/","url":"https:\/\/shopatoa.com\/ro\/elmex-pasta-de-dinti-cu-efect-de-albire-pentru-dintii-sensibili-sensitive-whitening-duopack-2x-75-ml\/","name":"Elmex Past\u0103 de dinti cu efect de albire pentru dintii sensibili Sensitive Whitening Duopack 2x 75 ml - SHOPATOA.COM","isPartOf":{"@id":"https:\/\/shopatoa.com\/ro\/#website"},"primaryImageOfPage":{"@id":"https:\/\/shopatoa.com\/ro\/elmex-pasta-de-dinti-cu-efect-de-albire-pentru-dintii-sensibili-sensitive-whitening-duopack-2x-75-ml\/#primaryimage"},"image":{"@id":"https:\/\/shopatoa.com\/ro\/elmex-pasta-de-dinti-cu-efect-de-albire-pentru-dintii-sensibili-sensitive-whitening-duopack-2x-75-ml\/#primaryimage"},"thumbnailUrl":"https:\/\/storage.googleapis.com\/cz-shopatoa-img\/ro\/d4237987-unnamed-file.webp","datePublished":"2025-05-06T11:30:07+00:00","dateModified":"2025-12-10T08:32:27+00:00","breadcrumb":{"@id":"https:\/\/shopatoa.com\/ro\/elmex-pasta-de-dinti-cu-efect-de-albire-pentru-dintii-sensibili-sensitive-whitening-duopack-2x-75-ml\/#breadcrumb"},"inLanguage":"ro-RO","potentialAction":[{"@type":"ReadAction","target":["https:\/\/shopatoa.com\/ro\/elmex-pasta-de-dinti-cu-efect-de-albire-pentru-dintii-sensibili-sensitive-whitening-duopack-2x-75-ml\/"]}]},{"@type":"ImageObject","inLanguage":"ro-RO","@id":"https:\/\/shopatoa.com\/ro\/elmex-pasta-de-dinti-cu-efect-de-albire-pentru-dintii-sensibili-sensitive-whitening-duopack-2x-75-ml\/#primaryimage","url":"https:\/\/storage.googleapis.com\/cz-shopatoa-img\/ro\/d4237987-unnamed-file.webp","contentUrl":"https:\/\/storage.googleapis.com\/cz-shopatoa-img\/ro\/d4237987-unnamed-file.webp","width":800,"height":800},{"@type":"BreadcrumbList","@id":"https:\/\/shopatoa.com\/ro\/elmex-pasta-de-dinti-cu-efect-de-albire-pentru-dintii-sensibili-sensitive-whitening-duopack-2x-75-ml\/#breadcrumb","itemListElement":[{"@type":"ListItem","position":1,"name":"Dom\u016f","item":"https:\/\/shopatoa.com\/ro\/"},{"@type":"ListItem","position":2,"name":"Shop","item":"https:\/\/shopatoa.com\/ro\/shop\/"},{"@type":"ListItem","position":3,"name":"Cosmetice","item":"https:\/\/shopatoa.com\/ro\/cosmetice\/"},{"@type":"ListItem","position":4,"name":"\u00cengrijirea dentar\u0103","item":"https:\/\/shopatoa.com\/ro\/ingrijirea-dentara\/"},{"@type":"ListItem","position":5,"name":"\u00cengrijire special\u0103 oral\u0103","item":"https:\/\/shopatoa.com\/ro\/ingrijire-speciala-orala\/"},{"@type":"ListItem","position":6,"name":"\u00cembun\u0103t\u0103\u021birea smal\u021bului dentar","item":"https:\/\/shopatoa.com\/ro\/imbunatatirea-smaltului-dentar\/"},{"@type":"ListItem","position":7,"name":"Elmex Past\u0103 de dinti cu efect de albire pentru dintii sensibili Sensitive Whitening Duopack 2x 75 ml"}]},{"@type":"WebSite","@id":"https:\/\/shopatoa.com\/ro\/#website","url":"https:\/\/shopatoa.com\/ro\/","name":"SHOPATOA","description":"","publisher":{"@id":"https:\/\/shopatoa.com\/ro\/#organization"},"potentialAction":[{"@type":"SearchAction","target":{"@type":"EntryPoint","urlTemplate":"https:\/\/shopatoa.com\/ro\/?s={search_term_string}"},"query-input":{"@type":"PropertyValueSpecification","valueRequired":true,"valueName":"search_term_string"}}],"inLanguage":"ro-RO"},{"@type":"Organization","@id":"https:\/\/shopatoa.com\/ro\/#organization","name":"SHOPATOA","url":"https:\/\/shopatoa.com\/ro\/","logo":{"@type":"ImageObject","inLanguage":"ro-RO","@id":"https:\/\/shopatoa.com\/ro\/#\/schema\/logo\/image\/","url":"https:\/\/storage.googleapis.com\/cz-shopatoa-img\/ro\/b4dac915-shopatoa_logo.png","contentUrl":"https:\/\/storage.googleapis.com\/cz-shopatoa-img\/ro\/b4dac915-shopatoa_logo.png","width":416,"height":63,"caption":"SHOPATOA"},"image":{"@id":"https:\/\/shopatoa.com\/ro\/#\/schema\/logo\/image\/"}}]}},"_links":{"self":[{"href":"https:\/\/shopatoa.com\/ro\/wp-json\/wp\/v2\/product\/327536","targetHints":{"allow":["GET"]}}],"collection":[{"href":"https:\/\/shopatoa.com\/ro\/wp-json\/wp\/v2\/product"}],"about":[{"href":"https:\/\/shopatoa.com\/ro\/wp-json\/wp\/v2\/types\/product"}],"replies":[{"embeddable":true,"href":"https:\/\/shopatoa.com\/ro\/wp-json\/wp\/v2\/comments?post=327536"}],"wp:featuredmedia":[{"embeddable":true,"href":"https:\/\/shopatoa.com\/ro\/wp-json\/wp\/v2\/media\/327538"}],"wp:attachment":[{"href":"https:\/\/shopatoa.com\/ro\/wp-json\/wp\/v2\/media?parent=327536"}],"wp:term":[{"taxonomy":"product_brand","embeddable":true,"href":"https:\/\/shopatoa.com\/ro\/wp-json\/wp\/v2\/product_brand?post=327536"},{"taxonomy":"product_cat","embeddable":true,"href":"https:\/\/shopatoa.com\/ro\/wp-json\/wp\/v2\/product_cat?post=327536"},{"taxonomy":"product_tag","embeddable":true,"href":"https:\/\/shopatoa.com\/ro\/wp-json\/wp\/v2\/product_tag?post=327536"}],"curies":[{"name":"wp","href":"https:\/\/api.w.org\/{rel}","templated":true}]}}