{"id":328011,"date":"2025-05-06T14:46:39","date_gmt":"2025-05-06T12:46:39","guid":{"rendered":"https:\/\/shopatoa.com\/ro\/millefiori-milano-rezerva-de-umplere-pentru-difuzorul-de-aroma-selected-cedar-250-ml\/"},"modified":"2025-12-10T09:04:49","modified_gmt":"2025-12-10T08:04:49","slug":"millefiori-milano-rezerva-de-umplere-pentru-difuzorul-de-aroma-selected-cedar-250-ml","status":"publish","type":"product","link":"https:\/\/shopatoa.com\/ro\/millefiori-milano-rezerva-de-umplere-pentru-difuzorul-de-aroma-selected-cedar-250-ml\/","title":{"rendered":"Millefiori Milano Rezerv\u0103 de umplere pentru difuzorul de arom\u0103 Selected Cedar 250 ml"},"content":{"rendered":"<p>Rezerv\u0103 de umplere pentru difuzorul de arom\u0103 Selected Cedru are aroma pre\u021bioas\u0103 a lemnului de cedru, care \u00een culturile orientale serve\u0219te de mult timp pentru \u00eent\u0103rirea for\u021bei interioare \u0219i vitalit\u0103\u021bii. Aroma are un caracter mai dulce, intens\u0103 \u0219i seduc\u0103toare, eviden\u021biind puterea momentului. Compozi\u021bia parfumului: cap: flori de portocal, ylang ylang, inima: frunze de cedru, piersici galbene, elemi, prune din Damasc, semin\u021be de morcov, busuioc, mu\u0219e\u021bel albastru, baz\u0103: p\u0103st\u0103i de vanilie de Madagascar, Opoponax, paciuli, lemn de cedru marocan, lemn de guaiac.<\/p>\n","protected":false},"excerpt":{"rendered":"<p>Rezerv\u0103 de umplere pentru difuzorul de arom\u0103 Selected Cedru are aroma pre\u021bioas\u0103 a lemnului de cedru, care \u00een culturile orientale serve\u0219te de mult timp pentru \u00eent\u0103rirea for\u021bei interioare \u0219i vitalit\u0103\u021bii. Aroma are un caracter mai dulce, intens\u0103 \u0219i seduc\u0103toare, eviden\u021biind puterea momentului. Compozi\u021bia parfumului: cap: flori de portocal, ylang ylang, inima: frunze de cedru, piersici&#8230;<\/p>\n","protected":false},"featured_media":328013,"comment_status":"closed","ping_status":"open","template":"","meta":{"_acf_changed":false,"_kadence_starter_templates_imported_post":false,"_kad_post_transparent":"","_kad_post_title":"","_kad_post_layout":"","_kad_post_sidebar_id":"","_kad_post_content_style":"","_kad_post_vertical_padding":"","_kad_post_feature":"","_kad_post_feature_position":"","_kad_post_header":false,"_kad_post_footer":false,"_kad_post_classname":""},"product_brand":[254],"product_cat":[246,692,693,654],"product_tag":[],"class_list":{"0":"post-328011","1":"product","2":"type-product","3":"status-publish","4":"has-post-thumbnail","6":"product_brand-millefiori-milano","7":"product_cat-cosmetice","8":"product_cat-difuzoare-de-parfum","9":"product_cat-difuzor-de-aroma-tije","10":"product_cat-lumanari-parfumate-si-arome","12":"first","13":"instock","14":"product-type-external","15":"entry","16":"content-bg","17":"loop-entry"},"acf":[],"yoast_head":"<!-- This site is optimized with the Yoast SEO plugin v27.4 - https:\/\/yoast.com\/product\/yoast-seo-wordpress\/ -->\n<title>Millefiori Milano Rezerv\u0103 de umplere pentru difuzorul de arom\u0103 Selected Cedar 250 ml - SHOPATOA.COM<\/title>\n<meta name=\"robots\" content=\"index, follow, max-snippet:-1, max-image-preview:large, max-video-preview:-1\" \/>\n<link rel=\"canonical\" href=\"https:\/\/shopatoa.com\/ro\/millefiori-milano-rezerva-de-umplere-pentru-difuzorul-de-aroma-selected-cedar-250-ml\/\" \/>\n<meta property=\"og:locale\" content=\"ro_RO\" \/>\n<meta property=\"og:type\" content=\"article\" \/>\n<meta property=\"og:title\" content=\"Millefiori Milano Rezerv\u0103 de umplere pentru difuzorul de arom\u0103 Selected Cedar 250 ml - SHOPATOA.COM\" \/>\n<meta property=\"og:description\" content=\"Rezerv\u0103 de umplere pentru difuzorul de arom\u0103 Selected Cedru are aroma pre\u021bioas\u0103 a lemnului de cedru, care \u00een culturile orientale serve\u0219te de mult timp pentru \u00eent\u0103rirea for\u021bei interioare \u0219i vitalit\u0103\u021bii. Aroma are un caracter mai dulce, intens\u0103 \u0219i seduc\u0103toare, eviden\u021biind puterea momentului. Compozi\u021bia parfumului: cap: flori de portocal, ylang ylang, inima: frunze de cedru, piersici...\" \/>\n<meta property=\"og:url\" content=\"https:\/\/shopatoa.com\/ro\/millefiori-milano-rezerva-de-umplere-pentru-difuzorul-de-aroma-selected-cedar-250-ml\/\" \/>\n<meta property=\"og:site_name\" content=\"SHOPATOA\" \/>\n<meta property=\"article:modified_time\" content=\"2025-12-10T08:04:49+00:00\" \/>\n<meta property=\"og:image\" content=\"https:\/\/storage.googleapis.com\/cz-shopatoa-img\/ro\/0caa83bf-unnamed-file.webp\" \/>\n\t<meta property=\"og:image:width\" content=\"800\" \/>\n\t<meta property=\"og:image:height\" content=\"800\" \/>\n\t<meta property=\"og:image:type\" content=\"image\/webp\" \/>\n<meta name=\"twitter:card\" content=\"summary_large_image\" \/>\n<script type=\"application\/ld+json\" class=\"yoast-schema-graph\">{\"@context\":\"https:\\\/\\\/schema.org\",\"@graph\":[{\"@type\":\"WebPage\",\"@id\":\"https:\\\/\\\/shopatoa.com\\\/ro\\\/millefiori-milano-rezerva-de-umplere-pentru-difuzorul-de-aroma-selected-cedar-250-ml\\\/\",\"url\":\"https:\\\/\\\/shopatoa.com\\\/ro\\\/millefiori-milano-rezerva-de-umplere-pentru-difuzorul-de-aroma-selected-cedar-250-ml\\\/\",\"name\":\"Millefiori Milano Rezerv\u0103 de umplere pentru difuzorul de arom\u0103 Selected Cedar 250 ml - SHOPATOA.COM\",\"isPartOf\":{\"@id\":\"https:\\\/\\\/shopatoa.com\\\/ro\\\/#website\"},\"primaryImageOfPage\":{\"@id\":\"https:\\\/\\\/shopatoa.com\\\/ro\\\/millefiori-milano-rezerva-de-umplere-pentru-difuzorul-de-aroma-selected-cedar-250-ml\\\/#primaryimage\"},\"image\":{\"@id\":\"https:\\\/\\\/shopatoa.com\\\/ro\\\/millefiori-milano-rezerva-de-umplere-pentru-difuzorul-de-aroma-selected-cedar-250-ml\\\/#primaryimage\"},\"thumbnailUrl\":\"https:\\\/\\\/storage.googleapis.com\\\/cz-shopatoa-img\\\/ro\\\/0caa83bf-unnamed-file.webp\",\"datePublished\":\"2025-05-06T12:46:39+00:00\",\"dateModified\":\"2025-12-10T08:04:49+00:00\",\"breadcrumb\":{\"@id\":\"https:\\\/\\\/shopatoa.com\\\/ro\\\/millefiori-milano-rezerva-de-umplere-pentru-difuzorul-de-aroma-selected-cedar-250-ml\\\/#breadcrumb\"},\"inLanguage\":\"ro-RO\",\"potentialAction\":[{\"@type\":\"ReadAction\",\"target\":[\"https:\\\/\\\/shopatoa.com\\\/ro\\\/millefiori-milano-rezerva-de-umplere-pentru-difuzorul-de-aroma-selected-cedar-250-ml\\\/\"]}]},{\"@type\":\"ImageObject\",\"inLanguage\":\"ro-RO\",\"@id\":\"https:\\\/\\\/shopatoa.com\\\/ro\\\/millefiori-milano-rezerva-de-umplere-pentru-difuzorul-de-aroma-selected-cedar-250-ml\\\/#primaryimage\",\"url\":\"https:\\\/\\\/storage.googleapis.com\\\/cz-shopatoa-img\\\/ro\\\/0caa83bf-unnamed-file.webp\",\"contentUrl\":\"https:\\\/\\\/storage.googleapis.com\\\/cz-shopatoa-img\\\/ro\\\/0caa83bf-unnamed-file.webp\",\"width\":800,\"height\":800},{\"@type\":\"BreadcrumbList\",\"@id\":\"https:\\\/\\\/shopatoa.com\\\/ro\\\/millefiori-milano-rezerva-de-umplere-pentru-difuzorul-de-aroma-selected-cedar-250-ml\\\/#breadcrumb\",\"itemListElement\":[{\"@type\":\"ListItem\",\"position\":1,\"name\":\"Dom\u016f\",\"item\":\"https:\\\/\\\/shopatoa.com\\\/ro\\\/\"},{\"@type\":\"ListItem\",\"position\":2,\"name\":\"Shop\",\"item\":\"https:\\\/\\\/shopatoa.com\\\/ro\\\/shop\\\/\"},{\"@type\":\"ListItem\",\"position\":3,\"name\":\"Cosmetice\",\"item\":\"https:\\\/\\\/shopatoa.com\\\/ro\\\/cosmetice\\\/\"},{\"@type\":\"ListItem\",\"position\":4,\"name\":\"Lum\u00e2n\u0103ri parfumate \u0219i arome\",\"item\":\"https:\\\/\\\/shopatoa.com\\\/ro\\\/lumanari-parfumate-si-arome\\\/\"},{\"@type\":\"ListItem\",\"position\":5,\"name\":\"Difuzoare de parfum\",\"item\":\"https:\\\/\\\/shopatoa.com\\\/ro\\\/difuzoare-de-parfum\\\/\"},{\"@type\":\"ListItem\",\"position\":6,\"name\":\"Difuzor de aroma Tije\",\"item\":\"https:\\\/\\\/shopatoa.com\\\/ro\\\/difuzor-de-aroma-tije\\\/\"},{\"@type\":\"ListItem\",\"position\":7,\"name\":\"Millefiori Milano Rezerv\u0103 de umplere pentru difuzorul de arom\u0103 Selected Cedar 250 ml\"}]},{\"@type\":\"WebSite\",\"@id\":\"https:\\\/\\\/shopatoa.com\\\/ro\\\/#website\",\"url\":\"https:\\\/\\\/shopatoa.com\\\/ro\\\/\",\"name\":\"SHOPATOA\",\"description\":\"\",\"publisher\":{\"@id\":\"https:\\\/\\\/shopatoa.com\\\/ro\\\/#organization\"},\"potentialAction\":[{\"@type\":\"SearchAction\",\"target\":{\"@type\":\"EntryPoint\",\"urlTemplate\":\"https:\\\/\\\/shopatoa.com\\\/ro\\\/?s={search_term_string}\"},\"query-input\":{\"@type\":\"PropertyValueSpecification\",\"valueRequired\":true,\"valueName\":\"search_term_string\"}}],\"inLanguage\":\"ro-RO\"},{\"@type\":\"Organization\",\"@id\":\"https:\\\/\\\/shopatoa.com\\\/ro\\\/#organization\",\"name\":\"SHOPATOA\",\"url\":\"https:\\\/\\\/shopatoa.com\\\/ro\\\/\",\"logo\":{\"@type\":\"ImageObject\",\"inLanguage\":\"ro-RO\",\"@id\":\"https:\\\/\\\/shopatoa.com\\\/ro\\\/#\\\/schema\\\/logo\\\/image\\\/\",\"url\":\"https:\\\/\\\/storage.googleapis.com\\\/cz-shopatoa-img\\\/ro\\\/b4dac915-shopatoa_logo.png\",\"contentUrl\":\"https:\\\/\\\/storage.googleapis.com\\\/cz-shopatoa-img\\\/ro\\\/b4dac915-shopatoa_logo.png\",\"width\":416,\"height\":63,\"caption\":\"SHOPATOA\"},\"image\":{\"@id\":\"https:\\\/\\\/shopatoa.com\\\/ro\\\/#\\\/schema\\\/logo\\\/image\\\/\"}}]}<\/script>\n<!-- \/ Yoast SEO plugin. -->","yoast_head_json":{"title":"Millefiori Milano Rezerv\u0103 de umplere pentru difuzorul de arom\u0103 Selected Cedar 250 ml - SHOPATOA.COM","robots":{"index":"index","follow":"follow","max-snippet":"max-snippet:-1","max-image-preview":"max-image-preview:large","max-video-preview":"max-video-preview:-1"},"canonical":"https:\/\/shopatoa.com\/ro\/millefiori-milano-rezerva-de-umplere-pentru-difuzorul-de-aroma-selected-cedar-250-ml\/","og_locale":"ro_RO","og_type":"article","og_title":"Millefiori Milano Rezerv\u0103 de umplere pentru difuzorul de arom\u0103 Selected Cedar 250 ml - SHOPATOA.COM","og_description":"Rezerv\u0103 de umplere pentru difuzorul de arom\u0103 Selected Cedru are aroma pre\u021bioas\u0103 a lemnului de cedru, care \u00een culturile orientale serve\u0219te de mult timp pentru \u00eent\u0103rirea for\u021bei interioare \u0219i vitalit\u0103\u021bii. Aroma are un caracter mai dulce, intens\u0103 \u0219i seduc\u0103toare, eviden\u021biind puterea momentului. Compozi\u021bia parfumului: cap: flori de portocal, ylang ylang, inima: frunze de cedru, piersici...","og_url":"https:\/\/shopatoa.com\/ro\/millefiori-milano-rezerva-de-umplere-pentru-difuzorul-de-aroma-selected-cedar-250-ml\/","og_site_name":"SHOPATOA","article_modified_time":"2025-12-10T08:04:49+00:00","og_image":[{"width":800,"height":800,"url":"https:\/\/storage.googleapis.com\/cz-shopatoa-img\/ro\/0caa83bf-unnamed-file.webp","type":"image\/webp"}],"twitter_card":"summary_large_image","schema":{"@context":"https:\/\/schema.org","@graph":[{"@type":"WebPage","@id":"https:\/\/shopatoa.com\/ro\/millefiori-milano-rezerva-de-umplere-pentru-difuzorul-de-aroma-selected-cedar-250-ml\/","url":"https:\/\/shopatoa.com\/ro\/millefiori-milano-rezerva-de-umplere-pentru-difuzorul-de-aroma-selected-cedar-250-ml\/","name":"Millefiori Milano Rezerv\u0103 de umplere pentru difuzorul de arom\u0103 Selected Cedar 250 ml - SHOPATOA.COM","isPartOf":{"@id":"https:\/\/shopatoa.com\/ro\/#website"},"primaryImageOfPage":{"@id":"https:\/\/shopatoa.com\/ro\/millefiori-milano-rezerva-de-umplere-pentru-difuzorul-de-aroma-selected-cedar-250-ml\/#primaryimage"},"image":{"@id":"https:\/\/shopatoa.com\/ro\/millefiori-milano-rezerva-de-umplere-pentru-difuzorul-de-aroma-selected-cedar-250-ml\/#primaryimage"},"thumbnailUrl":"https:\/\/storage.googleapis.com\/cz-shopatoa-img\/ro\/0caa83bf-unnamed-file.webp","datePublished":"2025-05-06T12:46:39+00:00","dateModified":"2025-12-10T08:04:49+00:00","breadcrumb":{"@id":"https:\/\/shopatoa.com\/ro\/millefiori-milano-rezerva-de-umplere-pentru-difuzorul-de-aroma-selected-cedar-250-ml\/#breadcrumb"},"inLanguage":"ro-RO","potentialAction":[{"@type":"ReadAction","target":["https:\/\/shopatoa.com\/ro\/millefiori-milano-rezerva-de-umplere-pentru-difuzorul-de-aroma-selected-cedar-250-ml\/"]}]},{"@type":"ImageObject","inLanguage":"ro-RO","@id":"https:\/\/shopatoa.com\/ro\/millefiori-milano-rezerva-de-umplere-pentru-difuzorul-de-aroma-selected-cedar-250-ml\/#primaryimage","url":"https:\/\/storage.googleapis.com\/cz-shopatoa-img\/ro\/0caa83bf-unnamed-file.webp","contentUrl":"https:\/\/storage.googleapis.com\/cz-shopatoa-img\/ro\/0caa83bf-unnamed-file.webp","width":800,"height":800},{"@type":"BreadcrumbList","@id":"https:\/\/shopatoa.com\/ro\/millefiori-milano-rezerva-de-umplere-pentru-difuzorul-de-aroma-selected-cedar-250-ml\/#breadcrumb","itemListElement":[{"@type":"ListItem","position":1,"name":"Dom\u016f","item":"https:\/\/shopatoa.com\/ro\/"},{"@type":"ListItem","position":2,"name":"Shop","item":"https:\/\/shopatoa.com\/ro\/shop\/"},{"@type":"ListItem","position":3,"name":"Cosmetice","item":"https:\/\/shopatoa.com\/ro\/cosmetice\/"},{"@type":"ListItem","position":4,"name":"Lum\u00e2n\u0103ri parfumate \u0219i arome","item":"https:\/\/shopatoa.com\/ro\/lumanari-parfumate-si-arome\/"},{"@type":"ListItem","position":5,"name":"Difuzoare de parfum","item":"https:\/\/shopatoa.com\/ro\/difuzoare-de-parfum\/"},{"@type":"ListItem","position":6,"name":"Difuzor de aroma Tije","item":"https:\/\/shopatoa.com\/ro\/difuzor-de-aroma-tije\/"},{"@type":"ListItem","position":7,"name":"Millefiori Milano Rezerv\u0103 de umplere pentru difuzorul de arom\u0103 Selected Cedar 250 ml"}]},{"@type":"WebSite","@id":"https:\/\/shopatoa.com\/ro\/#website","url":"https:\/\/shopatoa.com\/ro\/","name":"SHOPATOA","description":"","publisher":{"@id":"https:\/\/shopatoa.com\/ro\/#organization"},"potentialAction":[{"@type":"SearchAction","target":{"@type":"EntryPoint","urlTemplate":"https:\/\/shopatoa.com\/ro\/?s={search_term_string}"},"query-input":{"@type":"PropertyValueSpecification","valueRequired":true,"valueName":"search_term_string"}}],"inLanguage":"ro-RO"},{"@type":"Organization","@id":"https:\/\/shopatoa.com\/ro\/#organization","name":"SHOPATOA","url":"https:\/\/shopatoa.com\/ro\/","logo":{"@type":"ImageObject","inLanguage":"ro-RO","@id":"https:\/\/shopatoa.com\/ro\/#\/schema\/logo\/image\/","url":"https:\/\/storage.googleapis.com\/cz-shopatoa-img\/ro\/b4dac915-shopatoa_logo.png","contentUrl":"https:\/\/storage.googleapis.com\/cz-shopatoa-img\/ro\/b4dac915-shopatoa_logo.png","width":416,"height":63,"caption":"SHOPATOA"},"image":{"@id":"https:\/\/shopatoa.com\/ro\/#\/schema\/logo\/image\/"}}]}},"_links":{"self":[{"href":"https:\/\/shopatoa.com\/ro\/wp-json\/wp\/v2\/product\/328011","targetHints":{"allow":["GET"]}}],"collection":[{"href":"https:\/\/shopatoa.com\/ro\/wp-json\/wp\/v2\/product"}],"about":[{"href":"https:\/\/shopatoa.com\/ro\/wp-json\/wp\/v2\/types\/product"}],"replies":[{"embeddable":true,"href":"https:\/\/shopatoa.com\/ro\/wp-json\/wp\/v2\/comments?post=328011"}],"wp:featuredmedia":[{"embeddable":true,"href":"https:\/\/shopatoa.com\/ro\/wp-json\/wp\/v2\/media\/328013"}],"wp:attachment":[{"href":"https:\/\/shopatoa.com\/ro\/wp-json\/wp\/v2\/media?parent=328011"}],"wp:term":[{"taxonomy":"product_brand","embeddable":true,"href":"https:\/\/shopatoa.com\/ro\/wp-json\/wp\/v2\/product_brand?post=328011"},{"taxonomy":"product_cat","embeddable":true,"href":"https:\/\/shopatoa.com\/ro\/wp-json\/wp\/v2\/product_cat?post=328011"},{"taxonomy":"product_tag","embeddable":true,"href":"https:\/\/shopatoa.com\/ro\/wp-json\/wp\/v2\/product_tag?post=328011"}],"curies":[{"name":"wp","href":"https:\/\/api.w.org\/{rel}","templated":true}]}}