{"id":328091,"date":"2025-05-06T15:01:17","date_gmt":"2025-05-06T13:01:17","guid":{"rendered":"https:\/\/shopatoa.com\/ro\/gillette-aparat-de-ras-manual-11-capete\/"},"modified":"2025-12-10T08:55:37","modified_gmt":"2025-12-10T07:55:37","slug":"gillette-aparat-de-ras-manual-11-capete","status":"publish","type":"product","link":"https:\/\/shopatoa.com\/ro\/gillette-aparat-de-ras-manual-11-capete\/","title":{"rendered":"Gillette Aparat de ras manual + 11 capete"},"content":{"rendered":"<p>Aparatul de ras GILLETTE Fusion asigur\u0103 un b\u0103rbierit neted \u0219i perfect, f\u0103r\u0103 iritare. Capul pivotant este echipat cu cinci lame amplasate mai aproape pentru un b\u0103rbierit perfect chiar \u0219i \u00een locuri greu accesibile. Banda hidratant\u0103 de pe capul aparatului Fusion \u00eenmoaie pielea \u0219i previne astfel ro\u0219ea\u021ba acesteia \u0219i, \u00een plus, prin decolorarea sa, v\u0103 avertizeaz\u0103 de faptul c\u0103 este timpul s\u0103 \u00eenlocui\u021bi capul cu unul nou. Suprafa\u021ba capului de b\u0103rbierit GILLETTE Fusion cu 15 micro-lame ajut\u0103 la \u00eentinderea pielii la ras, astfel \u00eenc\u00e2t s\u0103 pute\u021bi ob\u021bine cu u\u0219urin\u021b\u0103 cel mai bun aspect \u00een fiecare zi.<\/p>\n","protected":false},"excerpt":{"rendered":"<p>Aparatul de ras GILLETTE Fusion asigur\u0103 un b\u0103rbierit neted \u0219i perfect, f\u0103r\u0103 iritare. Capul pivotant este echipat cu cinci lame amplasate mai aproape pentru un b\u0103rbierit perfect chiar \u0219i \u00een locuri greu accesibile. Banda hidratant\u0103 de pe capul aparatului Fusion \u00eenmoaie pielea \u0219i previne astfel ro\u0219ea\u021ba acesteia \u0219i, \u00een plus, prin decolorarea sa, v\u0103 avertizeaz\u0103&#8230;<\/p>\n","protected":false},"featured_media":328093,"comment_status":"closed","ping_status":"open","template":"","meta":{"_acf_changed":false,"_kadence_starter_templates_imported_post":false,"_kad_post_transparent":"","_kad_post_title":"","_kad_post_layout":"","_kad_post_sidebar_id":"","_kad_post_content_style":"","_kad_post_vertical_padding":"","_kad_post_feature":"","_kad_post_feature_position":"","_kad_post_header":false,"_kad_post_footer":false,"_kad_post_classname":""},"product_brand":[184],"product_cat":[670,671,246],"product_tag":[],"class_list":{"0":"post-328091","1":"product","2":"type-product","3":"status-publish","4":"has-post-thumbnail","6":"product_brand-gillette","7":"product_cat-barber-shop","8":"product_cat-barber-shop-barbierit","9":"product_cat-cosmetice","11":"first","12":"instock","13":"sale","14":"product-type-external","15":"entry","16":"content-bg","17":"loop-entry"},"acf":[],"yoast_head":"<!-- This site is optimized with the Yoast SEO plugin v27.4 - https:\/\/yoast.com\/product\/yoast-seo-wordpress\/ -->\n<title>Gillette Aparat de ras manual + 11 capete - SHOPATOA.COM<\/title>\n<meta name=\"robots\" content=\"index, follow, max-snippet:-1, max-image-preview:large, max-video-preview:-1\" \/>\n<link rel=\"canonical\" href=\"https:\/\/shopatoa.com\/ro\/gillette-aparat-de-ras-manual-11-capete\/\" \/>\n<meta property=\"og:locale\" content=\"ro_RO\" \/>\n<meta property=\"og:type\" content=\"article\" \/>\n<meta property=\"og:title\" content=\"Gillette Aparat de ras manual + 11 capete - SHOPATOA.COM\" \/>\n<meta property=\"og:description\" content=\"Aparatul de ras GILLETTE Fusion asigur\u0103 un b\u0103rbierit neted \u0219i perfect, f\u0103r\u0103 iritare. Capul pivotant este echipat cu cinci lame amplasate mai aproape pentru un b\u0103rbierit perfect chiar \u0219i \u00een locuri greu accesibile. Banda hidratant\u0103 de pe capul aparatului Fusion \u00eenmoaie pielea \u0219i previne astfel ro\u0219ea\u021ba acesteia \u0219i, \u00een plus, prin decolorarea sa, v\u0103 avertizeaz\u0103...\" \/>\n<meta property=\"og:url\" content=\"https:\/\/shopatoa.com\/ro\/gillette-aparat-de-ras-manual-11-capete\/\" \/>\n<meta property=\"og:site_name\" content=\"SHOPATOA\" \/>\n<meta property=\"article:modified_time\" content=\"2025-12-10T07:55:37+00:00\" \/>\n<meta property=\"og:image\" content=\"https:\/\/storage.googleapis.com\/cz-shopatoa-img\/ro\/3fc2bac6-unnamed-file.webp\" \/>\n\t<meta property=\"og:image:width\" content=\"800\" \/>\n\t<meta property=\"og:image:height\" content=\"800\" \/>\n\t<meta property=\"og:image:type\" content=\"image\/webp\" \/>\n<meta name=\"twitter:card\" content=\"summary_large_image\" \/>\n<meta name=\"twitter:label1\" content=\"Timp estimat pentru citire\" \/>\n\t<meta name=\"twitter:data1\" content=\"1 minut\" \/>\n<script type=\"application\/ld+json\" class=\"yoast-schema-graph\">{\"@context\":\"https:\\\/\\\/schema.org\",\"@graph\":[{\"@type\":\"WebPage\",\"@id\":\"https:\\\/\\\/shopatoa.com\\\/ro\\\/gillette-aparat-de-ras-manual-11-capete\\\/\",\"url\":\"https:\\\/\\\/shopatoa.com\\\/ro\\\/gillette-aparat-de-ras-manual-11-capete\\\/\",\"name\":\"Gillette Aparat de ras manual + 11 capete - SHOPATOA.COM\",\"isPartOf\":{\"@id\":\"https:\\\/\\\/shopatoa.com\\\/ro\\\/#website\"},\"primaryImageOfPage\":{\"@id\":\"https:\\\/\\\/shopatoa.com\\\/ro\\\/gillette-aparat-de-ras-manual-11-capete\\\/#primaryimage\"},\"image\":{\"@id\":\"https:\\\/\\\/shopatoa.com\\\/ro\\\/gillette-aparat-de-ras-manual-11-capete\\\/#primaryimage\"},\"thumbnailUrl\":\"https:\\\/\\\/storage.googleapis.com\\\/cz-shopatoa-img\\\/ro\\\/3fc2bac6-unnamed-file.webp\",\"datePublished\":\"2025-05-06T13:01:17+00:00\",\"dateModified\":\"2025-12-10T07:55:37+00:00\",\"breadcrumb\":{\"@id\":\"https:\\\/\\\/shopatoa.com\\\/ro\\\/gillette-aparat-de-ras-manual-11-capete\\\/#breadcrumb\"},\"inLanguage\":\"ro-RO\",\"potentialAction\":[{\"@type\":\"ReadAction\",\"target\":[\"https:\\\/\\\/shopatoa.com\\\/ro\\\/gillette-aparat-de-ras-manual-11-capete\\\/\"]}]},{\"@type\":\"ImageObject\",\"inLanguage\":\"ro-RO\",\"@id\":\"https:\\\/\\\/shopatoa.com\\\/ro\\\/gillette-aparat-de-ras-manual-11-capete\\\/#primaryimage\",\"url\":\"https:\\\/\\\/storage.googleapis.com\\\/cz-shopatoa-img\\\/ro\\\/3fc2bac6-unnamed-file.webp\",\"contentUrl\":\"https:\\\/\\\/storage.googleapis.com\\\/cz-shopatoa-img\\\/ro\\\/3fc2bac6-unnamed-file.webp\",\"width\":800,\"height\":800},{\"@type\":\"BreadcrumbList\",\"@id\":\"https:\\\/\\\/shopatoa.com\\\/ro\\\/gillette-aparat-de-ras-manual-11-capete\\\/#breadcrumb\",\"itemListElement\":[{\"@type\":\"ListItem\",\"position\":1,\"name\":\"Dom\u016f\",\"item\":\"https:\\\/\\\/shopatoa.com\\\/ro\\\/\"},{\"@type\":\"ListItem\",\"position\":2,\"name\":\"Shop\",\"item\":\"https:\\\/\\\/shopatoa.com\\\/ro\\\/shop\\\/\"},{\"@type\":\"ListItem\",\"position\":3,\"name\":\"Cosmetice\",\"item\":\"https:\\\/\\\/shopatoa.com\\\/ro\\\/cosmetice\\\/\"},{\"@type\":\"ListItem\",\"position\":4,\"name\":\"Barber Shop\",\"item\":\"https:\\\/\\\/shopatoa.com\\\/ro\\\/barber-shop\\\/\"},{\"@type\":\"ListItem\",\"position\":5,\"name\":\"Barber Shop \u2013 b\u0103rbierit\",\"item\":\"https:\\\/\\\/shopatoa.com\\\/ro\\\/barber-shop-barbierit\\\/\"},{\"@type\":\"ListItem\",\"position\":6,\"name\":\"Gillette Aparat de ras manual + 11 capete\"}]},{\"@type\":\"WebSite\",\"@id\":\"https:\\\/\\\/shopatoa.com\\\/ro\\\/#website\",\"url\":\"https:\\\/\\\/shopatoa.com\\\/ro\\\/\",\"name\":\"SHOPATOA\",\"description\":\"\",\"publisher\":{\"@id\":\"https:\\\/\\\/shopatoa.com\\\/ro\\\/#organization\"},\"potentialAction\":[{\"@type\":\"SearchAction\",\"target\":{\"@type\":\"EntryPoint\",\"urlTemplate\":\"https:\\\/\\\/shopatoa.com\\\/ro\\\/?s={search_term_string}\"},\"query-input\":{\"@type\":\"PropertyValueSpecification\",\"valueRequired\":true,\"valueName\":\"search_term_string\"}}],\"inLanguage\":\"ro-RO\"},{\"@type\":\"Organization\",\"@id\":\"https:\\\/\\\/shopatoa.com\\\/ro\\\/#organization\",\"name\":\"SHOPATOA\",\"url\":\"https:\\\/\\\/shopatoa.com\\\/ro\\\/\",\"logo\":{\"@type\":\"ImageObject\",\"inLanguage\":\"ro-RO\",\"@id\":\"https:\\\/\\\/shopatoa.com\\\/ro\\\/#\\\/schema\\\/logo\\\/image\\\/\",\"url\":\"https:\\\/\\\/storage.googleapis.com\\\/cz-shopatoa-img\\\/ro\\\/b4dac915-shopatoa_logo.png\",\"contentUrl\":\"https:\\\/\\\/storage.googleapis.com\\\/cz-shopatoa-img\\\/ro\\\/b4dac915-shopatoa_logo.png\",\"width\":416,\"height\":63,\"caption\":\"SHOPATOA\"},\"image\":{\"@id\":\"https:\\\/\\\/shopatoa.com\\\/ro\\\/#\\\/schema\\\/logo\\\/image\\\/\"}}]}<\/script>\n<!-- \/ Yoast SEO plugin. -->","yoast_head_json":{"title":"Gillette Aparat de ras manual + 11 capete - SHOPATOA.COM","robots":{"index":"index","follow":"follow","max-snippet":"max-snippet:-1","max-image-preview":"max-image-preview:large","max-video-preview":"max-video-preview:-1"},"canonical":"https:\/\/shopatoa.com\/ro\/gillette-aparat-de-ras-manual-11-capete\/","og_locale":"ro_RO","og_type":"article","og_title":"Gillette Aparat de ras manual + 11 capete - SHOPATOA.COM","og_description":"Aparatul de ras GILLETTE Fusion asigur\u0103 un b\u0103rbierit neted \u0219i perfect, f\u0103r\u0103 iritare. Capul pivotant este echipat cu cinci lame amplasate mai aproape pentru un b\u0103rbierit perfect chiar \u0219i \u00een locuri greu accesibile. Banda hidratant\u0103 de pe capul aparatului Fusion \u00eenmoaie pielea \u0219i previne astfel ro\u0219ea\u021ba acesteia \u0219i, \u00een plus, prin decolorarea sa, v\u0103 avertizeaz\u0103...","og_url":"https:\/\/shopatoa.com\/ro\/gillette-aparat-de-ras-manual-11-capete\/","og_site_name":"SHOPATOA","article_modified_time":"2025-12-10T07:55:37+00:00","og_image":[{"width":800,"height":800,"url":"https:\/\/storage.googleapis.com\/cz-shopatoa-img\/ro\/3fc2bac6-unnamed-file.webp","type":"image\/webp"}],"twitter_card":"summary_large_image","twitter_misc":{"Timp estimat pentru citire":"1 minut"},"schema":{"@context":"https:\/\/schema.org","@graph":[{"@type":"WebPage","@id":"https:\/\/shopatoa.com\/ro\/gillette-aparat-de-ras-manual-11-capete\/","url":"https:\/\/shopatoa.com\/ro\/gillette-aparat-de-ras-manual-11-capete\/","name":"Gillette Aparat de ras manual + 11 capete - SHOPATOA.COM","isPartOf":{"@id":"https:\/\/shopatoa.com\/ro\/#website"},"primaryImageOfPage":{"@id":"https:\/\/shopatoa.com\/ro\/gillette-aparat-de-ras-manual-11-capete\/#primaryimage"},"image":{"@id":"https:\/\/shopatoa.com\/ro\/gillette-aparat-de-ras-manual-11-capete\/#primaryimage"},"thumbnailUrl":"https:\/\/storage.googleapis.com\/cz-shopatoa-img\/ro\/3fc2bac6-unnamed-file.webp","datePublished":"2025-05-06T13:01:17+00:00","dateModified":"2025-12-10T07:55:37+00:00","breadcrumb":{"@id":"https:\/\/shopatoa.com\/ro\/gillette-aparat-de-ras-manual-11-capete\/#breadcrumb"},"inLanguage":"ro-RO","potentialAction":[{"@type":"ReadAction","target":["https:\/\/shopatoa.com\/ro\/gillette-aparat-de-ras-manual-11-capete\/"]}]},{"@type":"ImageObject","inLanguage":"ro-RO","@id":"https:\/\/shopatoa.com\/ro\/gillette-aparat-de-ras-manual-11-capete\/#primaryimage","url":"https:\/\/storage.googleapis.com\/cz-shopatoa-img\/ro\/3fc2bac6-unnamed-file.webp","contentUrl":"https:\/\/storage.googleapis.com\/cz-shopatoa-img\/ro\/3fc2bac6-unnamed-file.webp","width":800,"height":800},{"@type":"BreadcrumbList","@id":"https:\/\/shopatoa.com\/ro\/gillette-aparat-de-ras-manual-11-capete\/#breadcrumb","itemListElement":[{"@type":"ListItem","position":1,"name":"Dom\u016f","item":"https:\/\/shopatoa.com\/ro\/"},{"@type":"ListItem","position":2,"name":"Shop","item":"https:\/\/shopatoa.com\/ro\/shop\/"},{"@type":"ListItem","position":3,"name":"Cosmetice","item":"https:\/\/shopatoa.com\/ro\/cosmetice\/"},{"@type":"ListItem","position":4,"name":"Barber Shop","item":"https:\/\/shopatoa.com\/ro\/barber-shop\/"},{"@type":"ListItem","position":5,"name":"Barber Shop \u2013 b\u0103rbierit","item":"https:\/\/shopatoa.com\/ro\/barber-shop-barbierit\/"},{"@type":"ListItem","position":6,"name":"Gillette Aparat de ras manual + 11 capete"}]},{"@type":"WebSite","@id":"https:\/\/shopatoa.com\/ro\/#website","url":"https:\/\/shopatoa.com\/ro\/","name":"SHOPATOA","description":"","publisher":{"@id":"https:\/\/shopatoa.com\/ro\/#organization"},"potentialAction":[{"@type":"SearchAction","target":{"@type":"EntryPoint","urlTemplate":"https:\/\/shopatoa.com\/ro\/?s={search_term_string}"},"query-input":{"@type":"PropertyValueSpecification","valueRequired":true,"valueName":"search_term_string"}}],"inLanguage":"ro-RO"},{"@type":"Organization","@id":"https:\/\/shopatoa.com\/ro\/#organization","name":"SHOPATOA","url":"https:\/\/shopatoa.com\/ro\/","logo":{"@type":"ImageObject","inLanguage":"ro-RO","@id":"https:\/\/shopatoa.com\/ro\/#\/schema\/logo\/image\/","url":"https:\/\/storage.googleapis.com\/cz-shopatoa-img\/ro\/b4dac915-shopatoa_logo.png","contentUrl":"https:\/\/storage.googleapis.com\/cz-shopatoa-img\/ro\/b4dac915-shopatoa_logo.png","width":416,"height":63,"caption":"SHOPATOA"},"image":{"@id":"https:\/\/shopatoa.com\/ro\/#\/schema\/logo\/image\/"}}]}},"_links":{"self":[{"href":"https:\/\/shopatoa.com\/ro\/wp-json\/wp\/v2\/product\/328091","targetHints":{"allow":["GET"]}}],"collection":[{"href":"https:\/\/shopatoa.com\/ro\/wp-json\/wp\/v2\/product"}],"about":[{"href":"https:\/\/shopatoa.com\/ro\/wp-json\/wp\/v2\/types\/product"}],"replies":[{"embeddable":true,"href":"https:\/\/shopatoa.com\/ro\/wp-json\/wp\/v2\/comments?post=328091"}],"wp:featuredmedia":[{"embeddable":true,"href":"https:\/\/shopatoa.com\/ro\/wp-json\/wp\/v2\/media\/328093"}],"wp:attachment":[{"href":"https:\/\/shopatoa.com\/ro\/wp-json\/wp\/v2\/media?parent=328091"}],"wp:term":[{"taxonomy":"product_brand","embeddable":true,"href":"https:\/\/shopatoa.com\/ro\/wp-json\/wp\/v2\/product_brand?post=328091"},{"taxonomy":"product_cat","embeddable":true,"href":"https:\/\/shopatoa.com\/ro\/wp-json\/wp\/v2\/product_cat?post=328091"},{"taxonomy":"product_tag","embeddable":true,"href":"https:\/\/shopatoa.com\/ro\/wp-json\/wp\/v2\/product_tag?post=328091"}],"curies":[{"name":"wp","href":"https:\/\/api.w.org\/{rel}","templated":true}]}}